{"id":53361,"date":"2021-09-02T17:51:44","date_gmt":"2021-09-02T15:51:44","guid":{"rendered":"https:\/\/svetslik.si\/nem-kategorizalt\/hope-i\/"},"modified":"2026-03-22T21:31:43","modified_gmt":"2026-03-22T20:31:43","slug":"hope-i","status":"publish","type":"product","link":"https:\/\/svetslik.si\/hu\/gustav-klimt-hu\/hope-i\/","title":{"rendered":"Gustav Klimt &#8211; Hope I"},"content":{"rendered":"<h1>Gustav Klimt \u2013 Rem\u00e9ny I<\/h1>\n<p>&nbsp;<\/p>\n<table id=\"imageinfo\" border=\"0\" width=\"96%\" cellpadding=\"2\">\n<tbody>\n<tr>\n<td width=\"120\">L\u00e9trehoz\u00e1s \u00e9ve:<\/td>\n<td> 1903<\/td>\n<\/tr>\n<tr>\n<td>Eredeti m\u00e9ret:<\/td>\n<td>\u00a067 cm x 189 cm<\/td>\n<\/tr>\n<tr>\n<td>Fest\u00e9si st\u00edlus:<\/td>\n<td>Szecesszi\u00f3<\/td>\n<\/tr>\n<tr>\n<td>Eredeti technika:<\/td>\n<td>Olaj, v\u00e1szon<\/td>\n<\/tr>\n<tr>\n<td>Helysz\u00edn:<\/td>\n<td>\u00a0Ottawai Nemzeti Gal\u00e9ria, Kanada<\/td>\n<\/tr>\n<\/tbody>\n<\/table>\n<p>Az olaj, v\u00e1szon <em>Rem\u00e9ny I<\/em> egy terhes n\u0151 intenz\u00edven l\u00edrai \u00e1br\u00e1zol\u00e1sa, \u00e1larcos alakok, hal\u00e1lfejek \u00e9s allegorikus sz\u00f6rnyek, p\u00e9ld\u00e1ul b\u0171n, betegs\u00e9g, szeg\u00e9nys\u00e9g \u00e9s hal\u00e1l kontextus\u00e1ba helyezve. viszont fenyegeti az elj\u00f6vend\u0151 \u00faj \u00e9letet. A festm\u00e9ny c\u00edme \u00e9s a terhes n\u0151 test\u00e9nek szem\u00e9rmetlen \u00e1br\u00e1zol\u00e1sa a fest\u0151 \u00e9let \u00e9s test ir\u00e1nti h\u00f3dolat\u00e1r\u00f3l tan\u00faskodik.<\/p>\n<p>Gustav Klimt &#8220;Rem\u00e9ny I&#8221; festm\u00e9nye a szecesszi\u00f3s mozgalom remeke, \u00e9s az osztr\u00e1k fest\u0151 egyik legh\u00edresebb \u00e9s legismertebb alkot\u00e1sa. A festm\u00e9ny az emberi \u00e1llapotot \u00e9s a benne rejl\u0151 rem\u00e9nyt \u00e1br\u00e1zolja.<\/p>\n<p>A &#8220;Rem\u00e9ny I&#8221; egy olajfestm\u00e9ny v\u00e1szonra, k\u00f6r\u00fclbel\u00fcl 100 cm x 100 cm m\u00e9ret\u0171. Egy terhes n\u0151 \u00fcl egy padon, csukott szemmel, \u00e9s egy nagy aranytoj\u00e1st tart a kez\u00e9ben. A festm\u00e9nyt mer\u00e9sz sz\u00ednhaszn\u00e1lat, egyedi mozg\u00e1s- \u00e9s \u00e9rzelem\u00e9rz\u00e9k jellemzi. A n\u0151t feh\u00e9r, arany \u00e9s ez\u00fcst \u00e1rnyalataival, m\u00edg a h\u00e1tt\u00e9r k\u00e9k \u00e9s lila \u00e1rnyalataival festett\u00e9k, \u00edgy a festm\u00e9ny m\u00e9lys\u00e9g\u00e9t \u00e9s mozg\u00e1s\u00e1t kelti. Ezen a festm\u00e9nyen aranylev\u00e9l is szerepel, amelyet Klimt sok munk\u00e1j\u00e1ban haszn\u00e1lt.<\/p>\n<p>A festm\u00e9ny az emberi \u00e1llapotot \u00e9s a benne rejl\u0151 rem\u00e9nyt \u00e1br\u00e1zolja. A terhes n\u0151 az \u00faj \u00e9let lehet\u0151s\u00e9g\u00e9t \u00e9s az ezzel j\u00e1r\u00f3 rem\u00e9nyt szimboliz\u00e1lja. A kez\u00e9ben l\u00e9v\u0151 aranytoj\u00e1s az \u00faj kezdetek lehet\u0151s\u00e9g\u00e9t szimboliz\u00e1lja, a bonyolult geometriai mint\u00e1zat\u00fa h\u00e1tt\u00e9r pedig a harm\u00f3ni\u00e1t \u00e9s a rendet k\u00e9pviseli az univerzumban. A festm\u00e9ny a rem\u00e9ny \u00e9s a potenci\u00e1l \u00e9rz\u00e9s\u00e9t id\u00e9zi, amely Klimt m\u0171v\u00e9szet\u00e9re jellemz\u0151.<\/p>\n<p>Klimt &#8220;Rem\u00e9ny I&#8221; c\u00edm\u0171 festm\u00e9nye a szecesszi\u00f3s mozgalom remekm\u0171ve, \u00e9s a m\u0171v\u00e9sz egyik legikonikusabb alkot\u00e1sak\u00e9nt tartj\u00e1k sz\u00e1mon. Az emberi \u00e1llapotot \u00e9s a benne rejl\u0151 rem\u00e9nyt k\u00e9pviseli. A festm\u00e9ny k\u00f6telez\u0151 a m\u0171v\u00e9szet szerelmeseinek, \u00e9s nagyszer\u0171 kieg\u00e9sz\u00edt\u0151je b\u00e1rmely m\u0171v\u00e9szeti gy\u0171jtem\u00e9nynek.<\/p>\n<p>R\u00f6viden, Gustav Klimt &#8220;Rem\u00e9ny I&#8221; festm\u00e9nye a szecesszi\u00f3s mozgalom remeke, \u00e9s az osztr\u00e1k fest\u0151 egyik legh\u00edresebb \u00e9s legismertebb alkot\u00e1sa. Ez az emberi \u00e1llapot \u00e9s a benne rejl\u0151 rem\u00e9ny \u00e1br\u00e1zol\u00e1sa. A festm\u00e9ny a rem\u00e9ny, a lehet\u0151s\u00e9gek \u00e9s az \u00faj kezdetek \u00e9rz\u00e9s\u00e9t kelti, \u00edgy remek kieg\u00e9sz\u00edt\u0151je lehet minden olyan t\u00e9rnek, amelyhez egy kis inspir\u00e1ci\u00f3ra van sz\u00fcks\u00e9g. Az aranylev\u00e9l haszn\u00e1lata \u00e9s a h\u00e1tt\u00e9rben tal\u00e1lhat\u00f3 bonyolult geometriai mint\u00e1k egyedi \u00e9s felt\u0171n\u0151 elemet adnak a k\u00e9pnek, \u00edgy igaz\u00e1n kiemelkednek. Ez egy nagyszer\u0171 m\u00f3dja annak, hogy egy csipetnyi rem\u00e9nyt \u00e9s inspir\u00e1ci\u00f3t adjon b\u00e1rmely helyis\u00e9ghez.<\/p>\n","protected":false},"excerpt":{"rendered":"<p>Gustav Klimt \u2013 Rem\u00e9ny I &nbsp; L\u00e9trehoz\u00e1s \u00e9ve: 1903 Eredeti m\u00e9ret: \u00a067 cm x 189 cm Fest\u00e9si st\u00edlus: Szecesszi\u00f3 Eredeti technika: Olaj, v\u00e1szon Helysz\u00edn: \u00a0Ottawai Nemzeti Gal\u00e9ria, Kanada Az olaj, v\u00e1szon Rem\u00e9ny I egy terhes n\u0151 intenz\u00edven l\u00edrai \u00e1br\u00e1zol\u00e1sa, \u00e1larcos alakok, hal\u00e1lfejek \u00e9s allegorikus sz\u00f6rnyek, p\u00e9ld\u00e1ul b\u0171n, betegs\u00e9g, szeg\u00e9nys\u00e9g \u00e9s [&hellip;]<\/p>\n","protected":false},"featured_media":49638,"template":"","meta":{"_acf_changed":false},"product_brand":[],"product_cat":[7143],"product_tag":[7170,7174,11885,11886,11887],"class_list":{"0":"post-53361","1":"product","2":"type-product","3":"status-publish","4":"has-post-thumbnail","6":"product_cat-gustav-klimt-hu","7":"product_tag-gustav-klimt-hu","8":"product_tag-klimt-hu","9":"product_tag-painter-hu","10":"product_tag-reproduction","11":"product_tag-reproductions-hu","12":"pa_dimenzija-100-x-280-cm-hu","13":"pa_dimenzija-30-x-80-cm-hu","14":"pa_dimenzija-40-x-110-cm-hu","15":"pa_dimenzija-50-x-140-cm-hu","16":"pa_dimenzija-60-x-170-cm-hu","17":"pa_dimenzija-67-x-189-cm-hu","18":"pa_dimenzija-80-x-220-cm-hu","19":"pa_oblika-fuggoleges","20":"pa_okvir-nincs-keret","21":"pa_podokvir-igen","22":"pa_podokvir-nem","24":"first","25":"onbackorder","26":"purchasable","27":"product-type-variable","28":"has-default-attributes"},"acf":[],"yoast_head":"<!-- This site is optimized with the Yoast SEO Premium plugin v26.0 (Yoast SEO v27.2) - https:\/\/yoast.com\/product\/yoast-seo-premium-wordpress\/ -->\n<title>Gustav Klimt - Hope I - SVETSLIK.SI - 100% k\u00e9zzel festett<\/title>\n<meta name=\"description\" content=\"Gustav Klimt - Hope I - 100% k\u00e9zzel festett h\u00edres festm\u00e9nyek reprodukci\u00f3i. Festm\u00e9nyek keretez\u00e9se, elad\u00e1sa \u00e9s egyedi rendel\u00e9sre t\u00f6rt\u00e9n\u0151 v\u00e1szonk\u00e9pek k\u00e9sz\u00edt\u00e9se.\" \/>\n<meta name=\"robots\" content=\"index, follow, max-snippet:-1, max-image-preview:large, max-video-preview:-1\" \/>\n<link rel=\"canonical\" href=\"https:\/\/svetslik.si\/hu\/gustav-klimt-hu\/hope-i\/\" \/>\n<meta property=\"og:locale\" content=\"hu_HU\" \/>\n<meta property=\"og:type\" content=\"article\" \/>\n<meta property=\"og:title\" content=\"Gustav Klimt - Hope I\" \/>\n<meta property=\"og:description\" content=\"100% ro\u010dno naslikane slike na platnu, reprodukcije znanih slikarjev in umetni\u0161ke slike po naro\u010dilu.\" \/>\n<meta property=\"og:url\" content=\"https:\/\/svetslik.si\/hu\/gustav-klimt-hu\/hope-i\/\" \/>\n<meta property=\"og:site_name\" content=\"SVETSLIK.SI\" \/>\n<meta property=\"article:publisher\" content=\"https:\/\/www.facebook.com\/svetslik.si\" \/>\n<meta property=\"article:modified_time\" content=\"2026-03-22T20:31:43+00:00\" \/>\n<meta property=\"og:image\" content=\"https:\/\/svetslik.si\/wp-content\/uploads\/2021\/08\/image_Hope-I-Gustav-Klimt_680.jpg\" \/>\n\t<meta property=\"og:image:width\" content=\"242\" \/>\n\t<meta property=\"og:image:height\" content=\"680\" \/>\n\t<meta property=\"og:image:type\" content=\"image\/jpeg\" \/>\n<meta name=\"twitter:card\" content=\"summary_large_image\" \/>\n<meta name=\"twitter:site\" content=\"@svetslik\" \/>\n<meta name=\"twitter:label1\" content=\"El\u00e9rhet\u0151s\u00e9g\" \/>\n\t<meta name=\"twitter:data1\" content=\"Beszerz\u00e9s alatt\" \/>\n<script type=\"application\/ld+json\" class=\"yoast-schema-graph\">{\"@context\":\"https:\/\/schema.org\",\"@graph\":[{\"@type\":[\"WebPage\",\"ItemPage\"],\"@id\":\"https:\/\/svetslik.si\/hu\/gustav-klimt-hu\/hope-i\/\",\"url\":\"https:\/\/svetslik.si\/hu\/gustav-klimt-hu\/hope-i\/\",\"name\":\"Gustav Klimt - Hope I - SVETSLIK.SI - 100% k\u00e9zzel festett\",\"isPartOf\":{\"@id\":\"https:\/\/svetslik.si\/hu\/#website\"},\"primaryImageOfPage\":{\"@id\":\"https:\/\/svetslik.si\/hu\/gustav-klimt-hu\/hope-i\/#primaryimage\"},\"image\":{\"@id\":\"https:\/\/svetslik.si\/hu\/gustav-klimt-hu\/hope-i\/#primaryimage\"},\"thumbnailUrl\":\"https:\/\/svetslik.si\/wp-content\/uploads\/2021\/08\/image_Hope-I-Gustav-Klimt_680.jpg\",\"datePublished\":\"2021-09-02T15:51:44+00:00\",\"dateModified\":\"2026-03-22T20:31:43+00:00\",\"description\":\"Gustav Klimt - Hope I - 100% k\u00e9zzel festett h\u00edres festm\u00e9nyek reprodukci\u00f3i. Festm\u00e9nyek keretez\u00e9se, elad\u00e1sa \u00e9s egyedi rendel\u00e9sre t\u00f6rt\u00e9n\u0151 v\u00e1szonk\u00e9pek k\u00e9sz\u00edt\u00e9se.\",\"breadcrumb\":{\"@id\":\"https:\/\/svetslik.si\/hu\/gustav-klimt-hu\/hope-i\/#breadcrumb\"},\"inLanguage\":\"hu\",\"potentialAction\":[{\"@type\":\"ReadAction\",\"target\":[\"https:\/\/svetslik.si\/hu\/gustav-klimt-hu\/hope-i\/\"]}]},{\"@type\":\"ImageObject\",\"inLanguage\":\"hu\",\"@id\":\"https:\/\/svetslik.si\/hu\/gustav-klimt-hu\/hope-i\/#primaryimage\",\"url\":\"https:\/\/svetslik.si\/wp-content\/uploads\/2021\/08\/image_Hope-I-Gustav-Klimt_680.jpg\",\"contentUrl\":\"https:\/\/svetslik.si\/wp-content\/uploads\/2021\/08\/image_Hope-I-Gustav-Klimt_680.jpg\",\"width\":242,\"height\":680,\"caption\":\"Gustav Klimt - Hope I - Rem\u00e9ny I - REPRODUKCI\u00d3I - V\u00e1szonk\u00e9p - Festm\u00e9nyek reprodukci\u00f3i - Absztrakt Festm\u00e9ny - Modern Festm\u00e9ny - Realisztikus Festm\u00e9ny - Olajfestm\u00e9ny - Falik\u00e9p\"},{\"@type\":\"BreadcrumbList\",\"@id\":\"https:\/\/svetslik.si\/hu\/gustav-klimt-hu\/hope-i\/#breadcrumb\",\"itemListElement\":[{\"@type\":\"ListItem\",\"position\":1,\"name\":\"Wall art and paintings on canvas\",\"item\":\"https:\/\/svetslik.si\/hu\/\"},{\"@type\":\"ListItem\",\"position\":2,\"name\":\"Festm\u00e9nyek elad\u00e1sa\",\"item\":\"https:\/\/svetslik.si\/prodaja-slik\/\"},{\"@type\":\"ListItem\",\"position\":3,\"name\":\"Gustav Klimt &#8211; Hope I\"}]},{\"@type\":\"WebSite\",\"@id\":\"https:\/\/svetslik.si\/hu\/#website\",\"url\":\"https:\/\/svetslik.si\/hu\/\",\"name\":\"SVETSLIK.SI\",\"description\":\"100%-ban k\u00e9zzel festett reprodukci\u00f3k h\u00edres fest\u0151k festm\u00e9nyeir\u0151l \u00e9s festm\u00e9nyekr\u0151l v\u00e1szonra.\",\"publisher\":{\"@id\":\"https:\/\/svetslik.si\/hu\/#organization\"},\"potentialAction\":[{\"@type\":\"SearchAction\",\"target\":{\"@type\":\"EntryPoint\",\"urlTemplate\":\"https:\/\/svetslik.si\/hu\/?s={search_term_string}\"},\"query-input\":{\"@type\":\"PropertyValueSpecification\",\"valueRequired\":true,\"valueName\":\"search_term_string\"}}],\"inLanguage\":\"hu\"},{\"@type\":\"Organization\",\"@id\":\"https:\/\/svetslik.si\/hu\/#organization\",\"name\":\"SvetSlik.si\",\"url\":\"https:\/\/svetslik.si\/hu\/\",\"logo\":{\"@type\":\"ImageObject\",\"inLanguage\":\"hu\",\"@id\":\"https:\/\/svetslik.si\/hu\/#\/schema\/logo\/image\/\",\"url\":\"https:\/\/svetslik.si\/wp-content\/uploads\/2020\/12\/logo-512.png\",\"contentUrl\":\"https:\/\/svetslik.si\/wp-content\/uploads\/2020\/12\/logo-512.png\",\"width\":512,\"height\":512,\"caption\":\"SvetSlik.si\"},\"image\":{\"@id\":\"https:\/\/svetslik.si\/hu\/#\/schema\/logo\/image\/\"},\"sameAs\":[\"https:\/\/www.facebook.com\/svetslik.si\",\"https:\/\/x.com\/svetslik\",\"https:\/\/www.instagram.com\/svetslik.si\/\",\"https:\/\/www.linkedin.com\/company\/svetslik-si\"]}]}<\/script>\n<meta property=\"og:availability\" content=\"backorder\" \/>\n<meta property=\"product:availability\" content=\"available for order\" \/>\n<meta property=\"product:retailer_item_id\" content=\"240__\" \/>\n<meta property=\"product:condition\" content=\"new\" \/>\n<!-- \/ Yoast SEO Premium plugin. -->","yoast_head_json":{"title":"Gustav Klimt - Hope I - SVETSLIK.SI - 100% k\u00e9zzel festett","description":"Gustav Klimt - Hope I - 100% k\u00e9zzel festett h\u00edres festm\u00e9nyek reprodukci\u00f3i. Festm\u00e9nyek keretez\u00e9se, elad\u00e1sa \u00e9s egyedi rendel\u00e9sre t\u00f6rt\u00e9n\u0151 v\u00e1szonk\u00e9pek k\u00e9sz\u00edt\u00e9se.","robots":{"index":"index","follow":"follow","max-snippet":"max-snippet:-1","max-image-preview":"max-image-preview:large","max-video-preview":"max-video-preview:-1"},"canonical":"https:\/\/svetslik.si\/hu\/gustav-klimt-hu\/hope-i\/","og_locale":"hu_HU","og_type":"article","og_title":"Gustav Klimt - Hope I","og_description":"100% ro\u010dno naslikane slike na platnu, reprodukcije znanih slikarjev in umetni\u0161ke slike po naro\u010dilu.","og_url":"https:\/\/svetslik.si\/hu\/gustav-klimt-hu\/hope-i\/","og_site_name":"SVETSLIK.SI","article_publisher":"https:\/\/www.facebook.com\/svetslik.si","article_modified_time":"2026-03-22T20:31:43+00:00","og_image":[{"width":242,"height":680,"url":"https:\/\/svetslik.si\/wp-content\/uploads\/2021\/08\/image_Hope-I-Gustav-Klimt_680.jpg","type":"image\/jpeg"}],"twitter_card":"summary_large_image","twitter_site":"@svetslik","twitter_misc":{"El\u00e9rhet\u0151s\u00e9g":"Beszerz\u00e9s alatt"},"schema":{"@context":"https:\/\/schema.org","@graph":[{"@type":["WebPage","ItemPage"],"@id":"https:\/\/svetslik.si\/hu\/gustav-klimt-hu\/hope-i\/","url":"https:\/\/svetslik.si\/hu\/gustav-klimt-hu\/hope-i\/","name":"Gustav Klimt - Hope I - SVETSLIK.SI - 100% k\u00e9zzel festett","isPartOf":{"@id":"https:\/\/svetslik.si\/hu\/#website"},"primaryImageOfPage":{"@id":"https:\/\/svetslik.si\/hu\/gustav-klimt-hu\/hope-i\/#primaryimage"},"image":{"@id":"https:\/\/svetslik.si\/hu\/gustav-klimt-hu\/hope-i\/#primaryimage"},"thumbnailUrl":"https:\/\/svetslik.si\/wp-content\/uploads\/2021\/08\/image_Hope-I-Gustav-Klimt_680.jpg","datePublished":"2021-09-02T15:51:44+00:00","dateModified":"2026-03-22T20:31:43+00:00","description":"Gustav Klimt - Hope I - 100% k\u00e9zzel festett h\u00edres festm\u00e9nyek reprodukci\u00f3i. Festm\u00e9nyek keretez\u00e9se, elad\u00e1sa \u00e9s egyedi rendel\u00e9sre t\u00f6rt\u00e9n\u0151 v\u00e1szonk\u00e9pek k\u00e9sz\u00edt\u00e9se.","breadcrumb":{"@id":"https:\/\/svetslik.si\/hu\/gustav-klimt-hu\/hope-i\/#breadcrumb"},"inLanguage":"hu","potentialAction":[{"@type":"ReadAction","target":["https:\/\/svetslik.si\/hu\/gustav-klimt-hu\/hope-i\/"]}]},{"@type":"ImageObject","inLanguage":"hu","@id":"https:\/\/svetslik.si\/hu\/gustav-klimt-hu\/hope-i\/#primaryimage","url":"https:\/\/svetslik.si\/wp-content\/uploads\/2021\/08\/image_Hope-I-Gustav-Klimt_680.jpg","contentUrl":"https:\/\/svetslik.si\/wp-content\/uploads\/2021\/08\/image_Hope-I-Gustav-Klimt_680.jpg","width":242,"height":680,"caption":"Gustav Klimt - Hope I - Rem\u00e9ny I - REPRODUKCI\u00d3I - V\u00e1szonk\u00e9p - Festm\u00e9nyek reprodukci\u00f3i - Absztrakt Festm\u00e9ny - Modern Festm\u00e9ny - Realisztikus Festm\u00e9ny - Olajfestm\u00e9ny - Falik\u00e9p"},{"@type":"BreadcrumbList","@id":"https:\/\/svetslik.si\/hu\/gustav-klimt-hu\/hope-i\/#breadcrumb","itemListElement":[{"@type":"ListItem","position":1,"name":"Wall art and paintings on canvas","item":"https:\/\/svetslik.si\/hu\/"},{"@type":"ListItem","position":2,"name":"Festm\u00e9nyek elad\u00e1sa","item":"https:\/\/svetslik.si\/prodaja-slik\/"},{"@type":"ListItem","position":3,"name":"Gustav Klimt &#8211; Hope I"}]},{"@type":"WebSite","@id":"https:\/\/svetslik.si\/hu\/#website","url":"https:\/\/svetslik.si\/hu\/","name":"SVETSLIK.SI","description":"100%-ban k\u00e9zzel festett reprodukci\u00f3k h\u00edres fest\u0151k festm\u00e9nyeir\u0151l \u00e9s festm\u00e9nyekr\u0151l v\u00e1szonra.","publisher":{"@id":"https:\/\/svetslik.si\/hu\/#organization"},"potentialAction":[{"@type":"SearchAction","target":{"@type":"EntryPoint","urlTemplate":"https:\/\/svetslik.si\/hu\/?s={search_term_string}"},"query-input":{"@type":"PropertyValueSpecification","valueRequired":true,"valueName":"search_term_string"}}],"inLanguage":"hu"},{"@type":"Organization","@id":"https:\/\/svetslik.si\/hu\/#organization","name":"SvetSlik.si","url":"https:\/\/svetslik.si\/hu\/","logo":{"@type":"ImageObject","inLanguage":"hu","@id":"https:\/\/svetslik.si\/hu\/#\/schema\/logo\/image\/","url":"https:\/\/svetslik.si\/wp-content\/uploads\/2020\/12\/logo-512.png","contentUrl":"https:\/\/svetslik.si\/wp-content\/uploads\/2020\/12\/logo-512.png","width":512,"height":512,"caption":"SvetSlik.si"},"image":{"@id":"https:\/\/svetslik.si\/hu\/#\/schema\/logo\/image\/"},"sameAs":["https:\/\/www.facebook.com\/svetslik.si","https:\/\/x.com\/svetslik","https:\/\/www.instagram.com\/svetslik.si\/","https:\/\/www.linkedin.com\/company\/svetslik-si"]}]},"og_availability":"backorder","product_availability":"available for order","product_retailer_item_id":"240__","product_condition":"new"},"jetpack_sharing_enabled":true,"_links":{"self":[{"href":"https:\/\/svetslik.si\/hu\/wp-json\/wp\/v2\/product\/53361","targetHints":{"allow":["GET"]}}],"collection":[{"href":"https:\/\/svetslik.si\/hu\/wp-json\/wp\/v2\/product"}],"about":[{"href":"https:\/\/svetslik.si\/hu\/wp-json\/wp\/v2\/types\/product"}],"wp:featuredmedia":[{"embeddable":true,"href":"https:\/\/svetslik.si\/hu\/wp-json\/wp\/v2\/media\/49638"}],"wp:attachment":[{"href":"https:\/\/svetslik.si\/hu\/wp-json\/wp\/v2\/media?parent=53361"}],"wp:term":[{"taxonomy":"product_brand","embeddable":true,"href":"https:\/\/svetslik.si\/hu\/wp-json\/wp\/v2\/product_brand?post=53361"},{"taxonomy":"product_cat","embeddable":true,"href":"https:\/\/svetslik.si\/hu\/wp-json\/wp\/v2\/product_cat?post=53361"},{"taxonomy":"product_tag","embeddable":true,"href":"https:\/\/svetslik.si\/hu\/wp-json\/wp\/v2\/product_tag?post=53361"}],"curies":[{"name":"wp","href":"https:\/\/api.w.org\/{rel}","templated":true}]}}