{"id":53379,"date":"2021-09-02T17:51:54","date_gmt":"2021-09-02T15:51:54","guid":{"rendered":"https:\/\/svetslik.si\/nem-kategorizalt\/a-self-portrait-with-a-bandaged-ear\/"},"modified":"2026-03-22T21:32:26","modified_gmt":"2026-03-22T20:32:26","slug":"a-self-portrait-with-a-bandaged-ear","status":"publish","type":"product","link":"https:\/\/svetslik.si\/hu\/vincent-van-gogh-hu\/a-self-portrait-with-a-bandaged-ear\/","title":{"rendered":"Vincent van Gogh &#8211; A self-portrait with a bandaged ear"},"content":{"rendered":"<h1>Vincent Van Gogh \u2013 \u00d6narck\u00e9p bek\u00f6t\u00f6z\u00f6tt f\u00fcllel<\/h1>\n<p>\n&nbsp;<\/p>\n<table border=\"0\" cellpadding=\"2\" id=\"imageinfo\" width=\"96%\">\n<tbody>\n<tr>\n<td width=\"120\">\nL\u00e9trehoz\u00e1s \u00e9ve:<\/td>\n<td>\n1888<\/td>\n<\/tr>\n<tr>\n<td>\nEredeti m\u00e9ret:<\/td>\n<td>\n49&nbsp;x&nbsp;60 cm<\/td>\n<\/tr>\n<tr>\n<td>\nFest\u00e9si st\u00edlus:<\/td>\n<td>\nPosztimpresszionizmus<\/td>\n<\/tr>\n<tr>\n<td>\nEredeti technika:<\/td>\n<td>\nOlaj, v\u00e1szon<\/td>\n<\/tr>\n<tr>\n<td>\nHelysz\u00edn:<\/td>\n<td>\n<div>\nA londoni Courtauld Institute of Art gal\u00e9ri\u00e1i<\/div>\n<\/td>\n<\/tr>\n<\/tbody>\n<\/table>\n<p>\n&nbsp;<\/p>\n<div>\n1889 december\u00e9ben Van Gogh egy peng\u00e9vel megfenyegette Gauguin vend\u00e9gfest\u0151t, majd lev\u00e1gta bal f\u00fcle alj\u00e1t, \u00fajs\u00e1gpap\u00edrba csomagolta, \u00e9s egy Rachel nev\u0171 prostitu\u00e1ltnak adta egy helyi bord\u00e9lyh\u00e1zban, megk\u00e9rve, hogy gondosan \u0151rizze a t\u00e1rgyat. Gauguin azonnal elhagyta Arles-t, \u00e9s soha t\u00f6bb\u00e9 nem t\u00e9rt vissza.<\/div>\n<div>\nVan Gogh k\u00e9t \u00f6narck\u00e9pet festett az eset ut\u00e1n. \u00c9rdekess\u00e9g, hogy a fest\u0151 arckifejez\u00e9se nyugodtabb \u00e9s b\u00e9k\u00e9sebb, mint a t\u00f6bbi \u00f6narck\u00e9pen \u2013 tal\u00e1n a fest\u0151 portr\u00e9j\u00e1ban tal\u00e1lta meg a megv\u00e1lt\u00e1st. \u00c9rdekes az \u00f6narck\u00e9p jap\u00e1n pecs\u00e9tje is. Van Gogh testv\u00e9r\u00e9nek, The\u00f3nak \u00edrt level\u00e9ben azt \u00edrta, hogy irigyeli a jap\u00e1n fest\u0151ket st\u00edlusuk miatt, amely olyan egyszer\u0171nek t\u0171nt, mint a leveg\u0151v\u00e9tel.<\/div>\n<div>\n&nbsp;<\/div>\n","protected":false},"excerpt":{"rendered":"<p>Vincent Van Gogh \u2013 \u00d6narck\u00e9p bek\u00f6t\u00f6z\u00f6tt f\u00fcllel &nbsp; L\u00e9trehoz\u00e1s \u00e9ve: 1888 Eredeti m\u00e9ret: 49&nbsp;x&nbsp;60 cm Fest\u00e9si st\u00edlus: Posztimpresszionizmus Eredeti technika: Olaj, v\u00e1szon Helysz\u00edn: A londoni Courtauld Institute of Art gal\u00e9ri\u00e1i &nbsp; 1889 december\u00e9ben Van Gogh egy peng\u00e9vel megfenyegette Gauguin vend\u00e9gfest\u0151t, majd lev\u00e1gta bal f\u00fcle alj\u00e1t, \u00fajs\u00e1gpap\u00edrba csomagolta, \u00e9s egy Rachel [&hellip;]<\/p>\n","protected":false},"featured_media":50309,"template":"","meta":{"_acf_changed":false},"product_brand":[],"product_cat":[7150],"product_tag":[11885,11886,11887,7215],"class_list":{"0":"post-53379","1":"product","2":"type-product","3":"status-publish","4":"has-post-thumbnail","6":"product_cat-vincent-van-gogh-hu","7":"product_tag-painter-hu","8":"product_tag-reproduction","9":"product_tag-reproductions-hu","10":"product_tag-van-gogh-hu","11":"pa_dimenzija-100-x-120-cm-hu","12":"pa_dimenzija-120-x-150-cm-hu","13":"pa_dimenzija-40-x-50-cm-hu","14":"pa_dimenzija-49-x-60-cm-hu","15":"pa_dimenzija-60-x-70-cm-hu","16":"pa_dimenzija-70-x-90-cm-hu","17":"pa_dimenzija-80-x-100-cm-hu","18":"pa_dimenzija-90-x-110-cm-hu","19":"pa_oblika-fuggoleges","20":"pa_okvir-nincs-keret","21":"pa_podokvir-igen","22":"pa_podokvir-nem","24":"first","25":"onbackorder","26":"purchasable","27":"product-type-variable","28":"has-default-attributes"},"acf":[],"yoast_head":"<!-- This site is optimized with the Yoast SEO Premium plugin v26.0 (Yoast SEO v27.2) - https:\/\/yoast.com\/product\/yoast-seo-premium-wordpress\/ -->\n<title>Vincent van Gogh - A self-portrait with a bandaged ear - SVETSLIK.SI - 100% k\u00e9zzel festett<\/title>\n<meta name=\"description\" content=\"Vincent van Gogh - A self-portrait with a bandaged ear - 100% k\u00e9zzel festett h\u00edres festm\u00e9nyek reprodukci\u00f3i. Festm\u00e9nyek keretez\u00e9se, elad\u00e1sa \u00e9s egyedi rendel\u00e9sre t\u00f6rt\u00e9n\u0151 v\u00e1szonk\u00e9pek k\u00e9sz\u00edt\u00e9se.\" \/>\n<meta name=\"robots\" content=\"index, follow, max-snippet:-1, max-image-preview:large, max-video-preview:-1\" \/>\n<link rel=\"canonical\" href=\"https:\/\/svetslik.si\/hu\/vincent-van-gogh-hu\/a-self-portrait-with-a-bandaged-ear\/\" \/>\n<meta property=\"og:locale\" content=\"hu_HU\" \/>\n<meta property=\"og:type\" content=\"article\" \/>\n<meta property=\"og:title\" content=\"Vincent van Gogh - A self-portrait with a bandaged ear\" \/>\n<meta property=\"og:description\" content=\"100% ro\u010dno naslikane slike na platnu, reprodukcije znanih slikarjev in umetni\u0161ke slike po naro\u010dilu.\" \/>\n<meta property=\"og:url\" content=\"https:\/\/svetslik.si\/hu\/vincent-van-gogh-hu\/a-self-portrait-with-a-bandaged-ear\/\" \/>\n<meta property=\"og:site_name\" content=\"SVETSLIK.SI\" \/>\n<meta property=\"article:publisher\" content=\"https:\/\/www.facebook.com\/svetslik.si\" \/>\n<meta property=\"article:modified_time\" content=\"2026-03-22T20:32:26+00:00\" \/>\n<meta property=\"og:image\" content=\"https:\/\/svetslik.si\/wp-content\/uploads\/2021\/08\/image_Vincent-Van-Gogh-reprodukcija-slike-A-self-portrait-with-a-bandaged-ear_680.jpg\" \/>\n\t<meta property=\"og:image:width\" content=\"800\" \/>\n\t<meta property=\"og:image:height\" content=\"973\" \/>\n\t<meta property=\"og:image:type\" content=\"image\/jpeg\" \/>\n<meta name=\"twitter:card\" content=\"summary_large_image\" \/>\n<meta name=\"twitter:site\" content=\"@svetslik\" \/>\n<meta name=\"twitter:label1\" content=\"El\u00e9rhet\u0151s\u00e9g\" \/>\n\t<meta name=\"twitter:data1\" content=\"Beszerz\u00e9s alatt\" \/>\n<script type=\"application\/ld+json\" class=\"yoast-schema-graph\">{\"@context\":\"https:\/\/schema.org\",\"@graph\":[{\"@type\":[\"WebPage\",\"ItemPage\"],\"@id\":\"https:\/\/svetslik.si\/hu\/vincent-van-gogh-hu\/a-self-portrait-with-a-bandaged-ear\/\",\"url\":\"https:\/\/svetslik.si\/hu\/vincent-van-gogh-hu\/a-self-portrait-with-a-bandaged-ear\/\",\"name\":\"Vincent van Gogh - A self-portrait with a bandaged ear - SVETSLIK.SI - 100% k\u00e9zzel festett\",\"isPartOf\":{\"@id\":\"https:\/\/svetslik.si\/hu\/#website\"},\"primaryImageOfPage\":{\"@id\":\"https:\/\/svetslik.si\/hu\/vincent-van-gogh-hu\/a-self-portrait-with-a-bandaged-ear\/#primaryimage\"},\"image\":{\"@id\":\"https:\/\/svetslik.si\/hu\/vincent-van-gogh-hu\/a-self-portrait-with-a-bandaged-ear\/#primaryimage\"},\"thumbnailUrl\":\"https:\/\/svetslik.si\/wp-content\/uploads\/2021\/08\/image_Vincent-Van-Gogh-reprodukcija-slike-A-self-portrait-with-a-bandaged-ear_680.jpg\",\"datePublished\":\"2021-09-02T15:51:54+00:00\",\"dateModified\":\"2026-03-22T20:32:26+00:00\",\"description\":\"Vincent van Gogh - A self-portrait with a bandaged ear - 100% k\u00e9zzel festett h\u00edres festm\u00e9nyek reprodukci\u00f3i. Festm\u00e9nyek keretez\u00e9se, elad\u00e1sa \u00e9s egyedi rendel\u00e9sre t\u00f6rt\u00e9n\u0151 v\u00e1szonk\u00e9pek k\u00e9sz\u00edt\u00e9se.\",\"breadcrumb\":{\"@id\":\"https:\/\/svetslik.si\/hu\/vincent-van-gogh-hu\/a-self-portrait-with-a-bandaged-ear\/#breadcrumb\"},\"inLanguage\":\"hu\",\"potentialAction\":[{\"@type\":\"ReadAction\",\"target\":[\"https:\/\/svetslik.si\/hu\/vincent-van-gogh-hu\/a-self-portrait-with-a-bandaged-ear\/\"]}]},{\"@type\":\"ImageObject\",\"inLanguage\":\"hu\",\"@id\":\"https:\/\/svetslik.si\/hu\/vincent-van-gogh-hu\/a-self-portrait-with-a-bandaged-ear\/#primaryimage\",\"url\":\"https:\/\/svetslik.si\/wp-content\/uploads\/2021\/08\/image_Vincent-Van-Gogh-reprodukcija-slike-A-self-portrait-with-a-bandaged-ear_680.jpg\",\"contentUrl\":\"https:\/\/svetslik.si\/wp-content\/uploads\/2021\/08\/image_Vincent-Van-Gogh-reprodukcija-slike-A-self-portrait-with-a-bandaged-ear_680.jpg\",\"width\":800,\"height\":973,\"caption\":\"Vincent-Van-Gogh-reprodukcija-slike-A-self-portrait-with-a-bandaged-ear K\u00e9zzel festett h\u00edres fest\u0151k reprodukci\u00f3i, modern fali k\u00e9pek, m\u0171v\u00e9szeti festm\u00e9nyek falra\"},{\"@type\":\"BreadcrumbList\",\"@id\":\"https:\/\/svetslik.si\/hu\/vincent-van-gogh-hu\/a-self-portrait-with-a-bandaged-ear\/#breadcrumb\",\"itemListElement\":[{\"@type\":\"ListItem\",\"position\":1,\"name\":\"Wall art and paintings on canvas\",\"item\":\"https:\/\/svetslik.si\/hu\/\"},{\"@type\":\"ListItem\",\"position\":2,\"name\":\"Festm\u00e9nyek elad\u00e1sa\",\"item\":\"https:\/\/svetslik.si\/prodaja-slik\/\"},{\"@type\":\"ListItem\",\"position\":3,\"name\":\"Vincent van Gogh &#8211; A self-portrait with a bandaged ear\"}]},{\"@type\":\"WebSite\",\"@id\":\"https:\/\/svetslik.si\/hu\/#website\",\"url\":\"https:\/\/svetslik.si\/hu\/\",\"name\":\"SVETSLIK.SI\",\"description\":\"100%-ban k\u00e9zzel festett reprodukci\u00f3k h\u00edres fest\u0151k festm\u00e9nyeir\u0151l \u00e9s festm\u00e9nyekr\u0151l v\u00e1szonra.\",\"publisher\":{\"@id\":\"https:\/\/svetslik.si\/hu\/#organization\"},\"potentialAction\":[{\"@type\":\"SearchAction\",\"target\":{\"@type\":\"EntryPoint\",\"urlTemplate\":\"https:\/\/svetslik.si\/hu\/?s={search_term_string}\"},\"query-input\":{\"@type\":\"PropertyValueSpecification\",\"valueRequired\":true,\"valueName\":\"search_term_string\"}}],\"inLanguage\":\"hu\"},{\"@type\":\"Organization\",\"@id\":\"https:\/\/svetslik.si\/hu\/#organization\",\"name\":\"SvetSlik.si\",\"url\":\"https:\/\/svetslik.si\/hu\/\",\"logo\":{\"@type\":\"ImageObject\",\"inLanguage\":\"hu\",\"@id\":\"https:\/\/svetslik.si\/hu\/#\/schema\/logo\/image\/\",\"url\":\"https:\/\/svetslik.si\/wp-content\/uploads\/2020\/12\/logo-512.png\",\"contentUrl\":\"https:\/\/svetslik.si\/wp-content\/uploads\/2020\/12\/logo-512.png\",\"width\":512,\"height\":512,\"caption\":\"SvetSlik.si\"},\"image\":{\"@id\":\"https:\/\/svetslik.si\/hu\/#\/schema\/logo\/image\/\"},\"sameAs\":[\"https:\/\/www.facebook.com\/svetslik.si\",\"https:\/\/x.com\/svetslik\",\"https:\/\/www.instagram.com\/svetslik.si\/\",\"https:\/\/www.linkedin.com\/company\/svetslik-si\"]}]}<\/script>\n<meta property=\"og:availability\" content=\"backorder\" \/>\n<meta property=\"product:availability\" content=\"available for order\" \/>\n<meta property=\"product:retailer_item_id\" content=\"242__\" \/>\n<meta property=\"product:condition\" content=\"new\" \/>\n<!-- \/ Yoast SEO Premium plugin. -->","yoast_head_json":{"title":"Vincent van Gogh - A self-portrait with a bandaged ear - SVETSLIK.SI - 100% k\u00e9zzel festett","description":"Vincent van Gogh - A self-portrait with a bandaged ear - 100% k\u00e9zzel festett h\u00edres festm\u00e9nyek reprodukci\u00f3i. Festm\u00e9nyek keretez\u00e9se, elad\u00e1sa \u00e9s egyedi rendel\u00e9sre t\u00f6rt\u00e9n\u0151 v\u00e1szonk\u00e9pek k\u00e9sz\u00edt\u00e9se.","robots":{"index":"index","follow":"follow","max-snippet":"max-snippet:-1","max-image-preview":"max-image-preview:large","max-video-preview":"max-video-preview:-1"},"canonical":"https:\/\/svetslik.si\/hu\/vincent-van-gogh-hu\/a-self-portrait-with-a-bandaged-ear\/","og_locale":"hu_HU","og_type":"article","og_title":"Vincent van Gogh - A self-portrait with a bandaged ear","og_description":"100% ro\u010dno naslikane slike na platnu, reprodukcije znanih slikarjev in umetni\u0161ke slike po naro\u010dilu.","og_url":"https:\/\/svetslik.si\/hu\/vincent-van-gogh-hu\/a-self-portrait-with-a-bandaged-ear\/","og_site_name":"SVETSLIK.SI","article_publisher":"https:\/\/www.facebook.com\/svetslik.si","article_modified_time":"2026-03-22T20:32:26+00:00","og_image":[{"width":800,"height":973,"url":"https:\/\/svetslik.si\/wp-content\/uploads\/2021\/08\/image_Vincent-Van-Gogh-reprodukcija-slike-A-self-portrait-with-a-bandaged-ear_680.jpg","type":"image\/jpeg"}],"twitter_card":"summary_large_image","twitter_site":"@svetslik","twitter_misc":{"El\u00e9rhet\u0151s\u00e9g":"Beszerz\u00e9s alatt"},"schema":{"@context":"https:\/\/schema.org","@graph":[{"@type":["WebPage","ItemPage"],"@id":"https:\/\/svetslik.si\/hu\/vincent-van-gogh-hu\/a-self-portrait-with-a-bandaged-ear\/","url":"https:\/\/svetslik.si\/hu\/vincent-van-gogh-hu\/a-self-portrait-with-a-bandaged-ear\/","name":"Vincent van Gogh - A self-portrait with a bandaged ear - SVETSLIK.SI - 100% k\u00e9zzel festett","isPartOf":{"@id":"https:\/\/svetslik.si\/hu\/#website"},"primaryImageOfPage":{"@id":"https:\/\/svetslik.si\/hu\/vincent-van-gogh-hu\/a-self-portrait-with-a-bandaged-ear\/#primaryimage"},"image":{"@id":"https:\/\/svetslik.si\/hu\/vincent-van-gogh-hu\/a-self-portrait-with-a-bandaged-ear\/#primaryimage"},"thumbnailUrl":"https:\/\/svetslik.si\/wp-content\/uploads\/2021\/08\/image_Vincent-Van-Gogh-reprodukcija-slike-A-self-portrait-with-a-bandaged-ear_680.jpg","datePublished":"2021-09-02T15:51:54+00:00","dateModified":"2026-03-22T20:32:26+00:00","description":"Vincent van Gogh - A self-portrait with a bandaged ear - 100% k\u00e9zzel festett h\u00edres festm\u00e9nyek reprodukci\u00f3i. Festm\u00e9nyek keretez\u00e9se, elad\u00e1sa \u00e9s egyedi rendel\u00e9sre t\u00f6rt\u00e9n\u0151 v\u00e1szonk\u00e9pek k\u00e9sz\u00edt\u00e9se.","breadcrumb":{"@id":"https:\/\/svetslik.si\/hu\/vincent-van-gogh-hu\/a-self-portrait-with-a-bandaged-ear\/#breadcrumb"},"inLanguage":"hu","potentialAction":[{"@type":"ReadAction","target":["https:\/\/svetslik.si\/hu\/vincent-van-gogh-hu\/a-self-portrait-with-a-bandaged-ear\/"]}]},{"@type":"ImageObject","inLanguage":"hu","@id":"https:\/\/svetslik.si\/hu\/vincent-van-gogh-hu\/a-self-portrait-with-a-bandaged-ear\/#primaryimage","url":"https:\/\/svetslik.si\/wp-content\/uploads\/2021\/08\/image_Vincent-Van-Gogh-reprodukcija-slike-A-self-portrait-with-a-bandaged-ear_680.jpg","contentUrl":"https:\/\/svetslik.si\/wp-content\/uploads\/2021\/08\/image_Vincent-Van-Gogh-reprodukcija-slike-A-self-portrait-with-a-bandaged-ear_680.jpg","width":800,"height":973,"caption":"Vincent-Van-Gogh-reprodukcija-slike-A-self-portrait-with-a-bandaged-ear K\u00e9zzel festett h\u00edres fest\u0151k reprodukci\u00f3i, modern fali k\u00e9pek, m\u0171v\u00e9szeti festm\u00e9nyek falra"},{"@type":"BreadcrumbList","@id":"https:\/\/svetslik.si\/hu\/vincent-van-gogh-hu\/a-self-portrait-with-a-bandaged-ear\/#breadcrumb","itemListElement":[{"@type":"ListItem","position":1,"name":"Wall art and paintings on canvas","item":"https:\/\/svetslik.si\/hu\/"},{"@type":"ListItem","position":2,"name":"Festm\u00e9nyek elad\u00e1sa","item":"https:\/\/svetslik.si\/prodaja-slik\/"},{"@type":"ListItem","position":3,"name":"Vincent van Gogh &#8211; A self-portrait with a bandaged ear"}]},{"@type":"WebSite","@id":"https:\/\/svetslik.si\/hu\/#website","url":"https:\/\/svetslik.si\/hu\/","name":"SVETSLIK.SI","description":"100%-ban k\u00e9zzel festett reprodukci\u00f3k h\u00edres fest\u0151k festm\u00e9nyeir\u0151l \u00e9s festm\u00e9nyekr\u0151l v\u00e1szonra.","publisher":{"@id":"https:\/\/svetslik.si\/hu\/#organization"},"potentialAction":[{"@type":"SearchAction","target":{"@type":"EntryPoint","urlTemplate":"https:\/\/svetslik.si\/hu\/?s={search_term_string}"},"query-input":{"@type":"PropertyValueSpecification","valueRequired":true,"valueName":"search_term_string"}}],"inLanguage":"hu"},{"@type":"Organization","@id":"https:\/\/svetslik.si\/hu\/#organization","name":"SvetSlik.si","url":"https:\/\/svetslik.si\/hu\/","logo":{"@type":"ImageObject","inLanguage":"hu","@id":"https:\/\/svetslik.si\/hu\/#\/schema\/logo\/image\/","url":"https:\/\/svetslik.si\/wp-content\/uploads\/2020\/12\/logo-512.png","contentUrl":"https:\/\/svetslik.si\/wp-content\/uploads\/2020\/12\/logo-512.png","width":512,"height":512,"caption":"SvetSlik.si"},"image":{"@id":"https:\/\/svetslik.si\/hu\/#\/schema\/logo\/image\/"},"sameAs":["https:\/\/www.facebook.com\/svetslik.si","https:\/\/x.com\/svetslik","https:\/\/www.instagram.com\/svetslik.si\/","https:\/\/www.linkedin.com\/company\/svetslik-si"]}]},"og_availability":"backorder","product_availability":"available for order","product_retailer_item_id":"242__","product_condition":"new"},"jetpack_sharing_enabled":true,"_links":{"self":[{"href":"https:\/\/svetslik.si\/hu\/wp-json\/wp\/v2\/product\/53379","targetHints":{"allow":["GET"]}}],"collection":[{"href":"https:\/\/svetslik.si\/hu\/wp-json\/wp\/v2\/product"}],"about":[{"href":"https:\/\/svetslik.si\/hu\/wp-json\/wp\/v2\/types\/product"}],"wp:featuredmedia":[{"embeddable":true,"href":"https:\/\/svetslik.si\/hu\/wp-json\/wp\/v2\/media\/50309"}],"wp:attachment":[{"href":"https:\/\/svetslik.si\/hu\/wp-json\/wp\/v2\/media?parent=53379"}],"wp:term":[{"taxonomy":"product_brand","embeddable":true,"href":"https:\/\/svetslik.si\/hu\/wp-json\/wp\/v2\/product_brand?post=53379"},{"taxonomy":"product_cat","embeddable":true,"href":"https:\/\/svetslik.si\/hu\/wp-json\/wp\/v2\/product_cat?post=53379"},{"taxonomy":"product_tag","embeddable":true,"href":"https:\/\/svetslik.si\/hu\/wp-json\/wp\/v2\/product_tag?post=53379"}],"curies":[{"name":"wp","href":"https:\/\/api.w.org\/{rel}","templated":true}]}}