{"id":53405,"date":"2021-09-02T17:52:15","date_gmt":"2021-09-02T15:52:15","guid":{"rendered":"https:\/\/svetslik.si\/nem-kategorizalt\/wheat-field-with-crows\/"},"modified":"2026-03-22T21:32:26","modified_gmt":"2026-03-22T20:32:26","slug":"wheat-field-with-crows","status":"publish","type":"product","link":"https:\/\/svetslik.si\/hu\/vincent-van-gogh-hu\/wheat-field-with-crows\/","title":{"rendered":"Vincent van Gogh &#8211; Wheat Field with Crows"},"content":{"rendered":"<h1>Vincent Van Gogh \u2013 B\u00fazamez\u0151 varjakkal<\/h1>\n<table id=\"imageinfo\" border=\"0\" width=\"96%\" cellpadding=\"2\">\n<tbody>\n<tr>\n<td width=\"120\">L\u00e9trehoz\u00e1s \u00e9ve:<\/td>\n<td>1890<\/td>\n<\/tr>\n<tr>\n<td>Eredeti m\u00e9ret:<\/td>\n<td>51 x 103 cm<\/td>\n<\/tr>\n<tr>\n<td>Fest\u00e9si st\u00edlus:<\/td>\n<td>Posztimpresszionizmus<\/td>\n<\/tr>\n<tr>\n<td>Eredeti technika:<\/td>\n<td>Olaj, v\u00e1szon<\/td>\n<\/tr>\n<tr>\n<td>Helysz\u00edn:<\/td>\n<td>Van Gogh M\u00fazeum, Hollandia<\/td>\n<\/tr>\n<\/tbody>\n<\/table>\n<p>Olaj, v\u00e1szon A <em>B\u00fazamez\u0151 varjakkal<\/em> Van Gogh egyik utols\u00f3 munk\u00e1ja. A festm\u00e9nyen l\u00e1that\u00f3 s\u00f6t\u00e9t, fenyeget\u0151 \u00e9gbolt Van Gogh akkori lelki\u00e1llapot\u00e1t mutatja; h\u00e1rom k\u00fcl\u00f6nb\u00f6z\u0151 ir\u00e1nyba vezet\u0151 \u00fat \u00e9s a mez\u0151 feletti fekete varjak szerencs\u00e9tlens\u00e9get vagy ak\u00e1r hal\u00e1lt jelentenek.<\/p>\n<p>Van Gogh azt \u00edrta, hogy az Auversben h\u00e1rom olajat festett v\u00e1szonra, melynek t\u00e9m\u00e1ja egy b\u00fazamez\u0151 a viharos \u00e9g alatt.<\/p>\n<p>A holland m\u0171v\u00e9sz, Vincent van Gogh 1890-ben festett &#8220;B\u00fazamez\u0151 varjakkal&#8221; c\u00edm\u0171 festm\u00e9nye er\u0151teljes \u00e9s megind\u00edt\u00f3 k\u00e9p, amely a m\u0171v\u00e9sz term\u00e9szet \u00e9s az emberi \u00e1llapot ir\u00e1nti szenved\u00e9ly\u00e9t mutatja be. A festm\u00e9ny egy b\u00fazamez\u0151t \u00e1br\u00e1zol, s\u00f6t\u00e9t varjakkal, amelyek b\u00fazak\u00f6vein \u00fclnek, \u00e9s a fej\u00fck felett rep\u00fclnek a ragyog\u00f3 k\u00e9k \u00e9gen. A festm\u00e9ny sz\u00e9les k\u00f6rben elismert mer\u00e9sz ecsetvon\u00e1sair\u00f3l, \u00e9rzelmess\u00e9g\u00e9r\u0151l \u00e9s er\u0151s szimbolik\u00e1j\u00e1r\u00f3l.<\/p>\n<p>A B\u00fazamez\u0151 varjakkal kiv\u00e1l\u00f3 p\u00e9ld\u00e1ja Van Gogh posztimpresszionista st\u00edlus\u00e1nak, amelyet s\u0171r\u0171 \u00e9s j\u00f3l l\u00e1that\u00f3 ecsetvon\u00e1sok, \u00e9l\u00e9nk sz\u00ednek \u00e9s mer\u00e9sz kontrasztok jellemeztek. A mer\u00e9sz ecsetvon\u00e1sok \u00e9s az \u00e9l\u00e9nk sz\u00ednek a festm\u00e9nyen a mozg\u00e1s \u00e9s az energia \u00e9rzet\u00e9t keltik, m\u00edg a k\u00e9k \u00e9g a b\u00e9ke \u00e9s a nyugalom \u00e9rzet\u00e9t kelti. A feket\u00e9vel \u00e1br\u00e1zolt s\u00f6t\u00e9t varjak kiemelkednek a vibr\u00e1l\u00f3 \u00e9gboltb\u00f3l \u00e9s az aranysz\u00edn\u0171 b\u00faz\u00e1b\u00f3l, felt\u0171n\u0151 kontrasztot teremtve.<\/p>\n<p>A &#8220;B\u00fazamez\u0151 varjakkal&#8221; c\u00edm\u0171 festm\u00e9ny egyik legszembet\u0171n\u0151bb tulajdons\u00e1ga a sz\u00ednhaszn\u00e1lat. Van Gogh mer\u00e9sz, kontrasztos sz\u00ednek haszn\u00e1lata mozg\u00e1s- \u00e9s energia\u00e9rzetet kelt a festm\u00e9nyen, a k\u00e9k eget pedig k\u00e9k sz\u00ednek sokas\u00e1g\u00e1ban \u00e1br\u00e1zolj\u00e1k, ami a m\u00e9lys\u00e9g \u00e9s a dimenzi\u00f3 \u00e9rzet\u00e9t kelti. Az aranysz\u00edn\u0171 b\u00faza meleg \u00e9s h\u00edvogat\u00f3 kontrasztot teremt a s\u00f6t\u00e9t varjakkal szemben. Figyelemre m\u00e9lt\u00f3ak az ecsetvon\u00e1sok is, vastag, l\u00e1that\u00f3 von\u00e1sokkal, amelyek mozg\u00e1s- \u00e9s energia\u00e9rzetet adnak a festm\u00e9nynek.<\/p>\n<p>A festm\u00e9ny szimbolik\u00e1ja is gazdag. A varjakat gyakran a hal\u00e1l \u00e9s az \u00e9let m\u00faland\u00f3s\u00e1g\u00e1nak szimb\u00f3lumainak tekintik. A b\u00fazamez\u0151 az \u00e9let k\u00f6rforg\u00e1s\u00e1t, a n\u00f6veked\u00e9s \u00e9s meg\u00fajul\u00e1s lehet\u0151s\u00e9g\u00e9t szimboliz\u00e1lhatja. A festm\u00e9ny \u00e1ll\u00edt\u00f3lag Van Gogh akkori \u00e9rzelmi \u00e1llapot\u00e1t \u00e1br\u00e1zolja. \u00dagy gondolj\u00e1k, hogy a festm\u00e9ny akkor k\u00e9sz\u00fclt, amikor Van Gogh nagyon nyugtalan \u00e9s \u00e9rzelmileg zaklatott volt, \u00e9s a festm\u00e9ny \u00e1ll\u00edt\u00f3lag az \u0151 bels\u0151 z\u0171rzavar\u00e1t t\u00fckr\u00f6zi. A b\u00fazak\u00f6v\u00f6n \u00fcl\u0151 \u00e9s a fej\u00fcnk f\u00f6l\u00f6tt rep\u00fcl\u0151 s\u00f6t\u00e9t varjak olyan el\u0151\u00e9rzetet keltenek, amely ellent\u00e9tes a k\u00e9k \u00e9gbolt \u00e9s az aranyl\u00f3 b\u00fazamez\u0151 nyugalm\u00e1val. \u00dagy gondolj\u00e1k, hogy Van Gogh a varjakat metaforak\u00e9nt haszn\u00e1lta azoknak a negat\u00edv gondolatoknak \u00e9s \u00e9rz\u00e9seknek, amelyekkel akkoriban foglalkozott.<\/p>\n<p>&#8220;A B\u00fazamez\u0151 varjakkal Van Gogh egyik legikonikusabb \u00e9s leger\u0151sebb alkot\u00e1sa, amely az amszterdami Van Gogh M\u00fazeumban tal\u00e1lhat\u00f3, Hollandi\u00e1ban. Ez egy fontos posztimpresszionista alkot\u00e1s, amelyet m\u00e1ig csod\u00e1lnak \u00e9s tanulm\u00e1nyoznak amat\u0151r\u00f6k \u00e9s szak\u00e9rt\u0151k egyar\u00e1nt. A festm\u00e9ny er\u0151teljes, \u00e9rzelmes \u00e9s szimbolik\u00e1ban gazdag k\u00e9pvil\u00e1ga minden m\u0171v\u00e9szetkedvel\u0151 vagy Vincent van Gogh munk\u00e1i ir\u00e1nt \u00e9rdekl\u0151d\u0151 sz\u00e1m\u00e1ra k\u00f6telez\u0151.<\/p>\n<p>A Wheatfield with Crows egy er\u0151teljes \u00e9s felt\u0171n\u0151 festm\u00e9ny, amely megmutatja a Vincent van Gogh posztimpresszionista st\u00edlus\u00e1t jellemz\u0151 mer\u00e9sz ecsetvon\u00e1sokat, \u00e9rzelmess\u00e9get \u00e9s er\u0151s szimbolik\u00e1t. A festm\u00e9nyen a sz\u00ednek \u00e9s ecsetvon\u00e1sok mozg\u00e1s- \u00e9s energia\u00e9rzetet keltenek, a s\u00f6t\u00e9t varjak pedig a hal\u00e1lt \u00e9s az \u00e9let muland\u00f3s\u00e1g\u00e1t szimboliz\u00e1lj\u00e1k. A festm\u00e9nyt Van Gogh egyik legikonikusabb \u00e9s leger\u0151sebb alkot\u00e1s\u00e1nak tartj\u00e1k. A Van Gogh M\u00fazeumban tal\u00e1lhat\u00f3 Amszterdamban, Hollandi\u00e1ban. M\u00e9g mindig csod\u00e1lj\u00e1k \u00e9s tanulm\u00e1nyozz\u00e1k amat\u0151r\u00f6k \u00e9s szak\u00e9rt\u0151k egyar\u00e1nt. Az er\u0151teljes k\u00e9palkot\u00e1s, az \u00e9rzelmess\u00e9g \u00e9s a gazdag szimbolika a festm\u00e9nyt minden m\u0171v\u00e9szetkedvel\u0151 vagy Vincent van Gogh munk\u00e1i ir\u00e1nt \u00e9rdekl\u0151d\u0151 sz\u00e1m\u00e1ra k\u00f6telez\u0151v\u00e9 teszi.<\/p>\n","protected":false},"excerpt":{"rendered":"<p>Vincent Van Gogh \u2013 B\u00fazamez\u0151 varjakkal L\u00e9trehoz\u00e1s \u00e9ve: 1890 Eredeti m\u00e9ret: 51 x 103 cm Fest\u00e9si st\u00edlus: Posztimpresszionizmus Eredeti technika: Olaj, v\u00e1szon Helysz\u00edn: Van Gogh M\u00fazeum, Hollandia Olaj, v\u00e1szon A B\u00fazamez\u0151 varjakkal Van Gogh egyik utols\u00f3 munk\u00e1ja. A festm\u00e9nyen l\u00e1that\u00f3 s\u00f6t\u00e9t, fenyeget\u0151 \u00e9gbolt Van Gogh akkori lelki\u00e1llapot\u00e1t mutatja; h\u00e1rom k\u00fcl\u00f6nb\u00f6z\u0151 [&hellip;]<\/p>\n","protected":false},"featured_media":50325,"template":"","meta":{"_acf_changed":false},"product_brand":[],"product_cat":[7150],"product_tag":[11885,11886,11887,7215],"class_list":{"0":"post-53405","1":"product","2":"type-product","3":"status-publish","4":"has-post-thumbnail","6":"product_cat-vincent-van-gogh-hu","7":"product_tag-painter-hu","8":"product_tag-reproduction","9":"product_tag-reproductions-hu","10":"product_tag-van-gogh-hu","11":"pa_dimenzija-103-x-50-cm","12":"pa_dimenzija-120-x-60-cm","13":"pa_dimenzija-150-x-70-cm","14":"pa_dimenzija-180-x-90-cm","15":"pa_dimenzija-80-x-40-cm","16":"pa_dimenzija-90-x-45-cm","17":"pa_oblika-vizszintes","18":"pa_okvir-nincs-keret","19":"pa_podokvir-igen","20":"pa_podokvir-nem","22":"first","23":"onbackorder","24":"purchasable","25":"product-type-variable","26":"has-default-attributes"},"acf":[],"yoast_head":"<!-- This site is optimized with the Yoast SEO Premium plugin v26.0 (Yoast SEO v27.2) - https:\/\/yoast.com\/product\/yoast-seo-premium-wordpress\/ -->\n<title>Vincent van Gogh - Wheat Field with Crows - SVETSLIK.SI - 100% k\u00e9zzel festett<\/title>\n<meta name=\"description\" content=\"Vincent van Gogh - Wheat Field with Crows - 100% k\u00e9zzel festett h\u00edres festm\u00e9nyek reprodukci\u00f3i. Festm\u00e9nyek keretez\u00e9se, elad\u00e1sa \u00e9s egyedi rendel\u00e9sre t\u00f6rt\u00e9n\u0151 v\u00e1szonk\u00e9pek k\u00e9sz\u00edt\u00e9se.\" \/>\n<meta name=\"robots\" content=\"index, follow, max-snippet:-1, max-image-preview:large, max-video-preview:-1\" \/>\n<link rel=\"canonical\" href=\"https:\/\/svetslik.si\/hu\/vincent-van-gogh-hu\/wheat-field-with-crows\/\" \/>\n<meta property=\"og:locale\" content=\"hu_HU\" \/>\n<meta property=\"og:type\" content=\"article\" \/>\n<meta property=\"og:title\" content=\"Vincent van Gogh - Wheat Field with Crows\" \/>\n<meta property=\"og:description\" content=\"100% ro\u010dno naslikane slike na platnu, reprodukcije znanih slikarjev in umetni\u0161ke slike po naro\u010dilu.\" \/>\n<meta property=\"og:url\" content=\"https:\/\/svetslik.si\/hu\/vincent-van-gogh-hu\/wheat-field-with-crows\/\" \/>\n<meta property=\"og:site_name\" content=\"SVETSLIK.SI\" \/>\n<meta property=\"article:publisher\" content=\"https:\/\/www.facebook.com\/svetslik.si\" \/>\n<meta property=\"article:modified_time\" content=\"2026-03-22T20:32:26+00:00\" \/>\n<meta property=\"og:image\" content=\"https:\/\/svetslik.si\/wp-content\/uploads\/2021\/08\/image_Wheat-Field-with-Crows-Van-Gogh_680-scaled.jpg\" \/>\n\t<meta property=\"og:image:width\" content=\"2560\" \/>\n\t<meta property=\"og:image:height\" content=\"1198\" \/>\n\t<meta property=\"og:image:type\" content=\"image\/jpeg\" \/>\n<meta name=\"twitter:card\" content=\"summary_large_image\" \/>\n<meta name=\"twitter:site\" content=\"@svetslik\" \/>\n<meta name=\"twitter:label1\" content=\"El\u00e9rhet\u0151s\u00e9g\" \/>\n\t<meta name=\"twitter:data1\" content=\"Beszerz\u00e9s alatt\" \/>\n<script type=\"application\/ld+json\" class=\"yoast-schema-graph\">{\"@context\":\"https:\/\/schema.org\",\"@graph\":[{\"@type\":[\"WebPage\",\"ItemPage\"],\"@id\":\"https:\/\/svetslik.si\/hu\/vincent-van-gogh-hu\/wheat-field-with-crows\/\",\"url\":\"https:\/\/svetslik.si\/hu\/vincent-van-gogh-hu\/wheat-field-with-crows\/\",\"name\":\"Vincent van Gogh - Wheat Field with Crows - SVETSLIK.SI - 100% k\u00e9zzel festett\",\"isPartOf\":{\"@id\":\"https:\/\/svetslik.si\/hu\/#website\"},\"primaryImageOfPage\":{\"@id\":\"https:\/\/svetslik.si\/hu\/vincent-van-gogh-hu\/wheat-field-with-crows\/#primaryimage\"},\"image\":{\"@id\":\"https:\/\/svetslik.si\/hu\/vincent-van-gogh-hu\/wheat-field-with-crows\/#primaryimage\"},\"thumbnailUrl\":\"https:\/\/svetslik.si\/wp-content\/uploads\/2021\/08\/image_Wheat-Field-with-Crows-Van-Gogh_680-scaled.jpg\",\"datePublished\":\"2021-09-02T15:52:15+00:00\",\"dateModified\":\"2026-03-22T20:32:26+00:00\",\"description\":\"Vincent van Gogh - Wheat Field with Crows - 100% k\u00e9zzel festett h\u00edres festm\u00e9nyek reprodukci\u00f3i. Festm\u00e9nyek keretez\u00e9se, elad\u00e1sa \u00e9s egyedi rendel\u00e9sre t\u00f6rt\u00e9n\u0151 v\u00e1szonk\u00e9pek k\u00e9sz\u00edt\u00e9se.\",\"breadcrumb\":{\"@id\":\"https:\/\/svetslik.si\/hu\/vincent-van-gogh-hu\/wheat-field-with-crows\/#breadcrumb\"},\"inLanguage\":\"hu\",\"potentialAction\":[{\"@type\":\"ReadAction\",\"target\":[\"https:\/\/svetslik.si\/hu\/vincent-van-gogh-hu\/wheat-field-with-crows\/\"]}]},{\"@type\":\"ImageObject\",\"inLanguage\":\"hu\",\"@id\":\"https:\/\/svetslik.si\/hu\/vincent-van-gogh-hu\/wheat-field-with-crows\/#primaryimage\",\"url\":\"https:\/\/svetslik.si\/wp-content\/uploads\/2021\/08\/image_Wheat-Field-with-Crows-Van-Gogh_680-scaled.jpg\",\"contentUrl\":\"https:\/\/svetslik.si\/wp-content\/uploads\/2021\/08\/image_Wheat-Field-with-Crows-Van-Gogh_680-scaled.jpg\",\"width\":2560,\"height\":1198,\"caption\":\"Van Gogh-b\u00fazamez\u0151-varjakkal-Van-Gogh-H\u00edres fest\u0151k reprodukci\u00f3i, modern falm\u0171v\u00e9szet, falm\u0171v\u00e9szet\"},{\"@type\":\"BreadcrumbList\",\"@id\":\"https:\/\/svetslik.si\/hu\/vincent-van-gogh-hu\/wheat-field-with-crows\/#breadcrumb\",\"itemListElement\":[{\"@type\":\"ListItem\",\"position\":1,\"name\":\"Wall art and paintings on canvas\",\"item\":\"https:\/\/svetslik.si\/hu\/\"},{\"@type\":\"ListItem\",\"position\":2,\"name\":\"Festm\u00e9nyek elad\u00e1sa\",\"item\":\"https:\/\/svetslik.si\/prodaja-slik\/\"},{\"@type\":\"ListItem\",\"position\":3,\"name\":\"Vincent van Gogh &#8211; Wheat Field with Crows\"}]},{\"@type\":\"WebSite\",\"@id\":\"https:\/\/svetslik.si\/hu\/#website\",\"url\":\"https:\/\/svetslik.si\/hu\/\",\"name\":\"SVETSLIK.SI\",\"description\":\"100%-ban k\u00e9zzel festett reprodukci\u00f3k h\u00edres fest\u0151k festm\u00e9nyeir\u0151l \u00e9s festm\u00e9nyekr\u0151l v\u00e1szonra.\",\"publisher\":{\"@id\":\"https:\/\/svetslik.si\/hu\/#organization\"},\"potentialAction\":[{\"@type\":\"SearchAction\",\"target\":{\"@type\":\"EntryPoint\",\"urlTemplate\":\"https:\/\/svetslik.si\/hu\/?s={search_term_string}\"},\"query-input\":{\"@type\":\"PropertyValueSpecification\",\"valueRequired\":true,\"valueName\":\"search_term_string\"}}],\"inLanguage\":\"hu\"},{\"@type\":\"Organization\",\"@id\":\"https:\/\/svetslik.si\/hu\/#organization\",\"name\":\"SvetSlik.si\",\"url\":\"https:\/\/svetslik.si\/hu\/\",\"logo\":{\"@type\":\"ImageObject\",\"inLanguage\":\"hu\",\"@id\":\"https:\/\/svetslik.si\/hu\/#\/schema\/logo\/image\/\",\"url\":\"https:\/\/svetslik.si\/wp-content\/uploads\/2020\/12\/logo-512.png\",\"contentUrl\":\"https:\/\/svetslik.si\/wp-content\/uploads\/2020\/12\/logo-512.png\",\"width\":512,\"height\":512,\"caption\":\"SvetSlik.si\"},\"image\":{\"@id\":\"https:\/\/svetslik.si\/hu\/#\/schema\/logo\/image\/\"},\"sameAs\":[\"https:\/\/www.facebook.com\/svetslik.si\",\"https:\/\/x.com\/svetslik\",\"https:\/\/www.instagram.com\/svetslik.si\/\",\"https:\/\/www.linkedin.com\/company\/svetslik-si\"]}]}<\/script>\n<meta property=\"og:availability\" content=\"backorder\" \/>\n<meta property=\"product:availability\" content=\"available for order\" \/>\n<meta property=\"product:retailer_item_id\" content=\"245__\" \/>\n<meta property=\"product:condition\" content=\"new\" \/>\n<!-- \/ Yoast SEO Premium plugin. -->","yoast_head_json":{"title":"Vincent van Gogh - Wheat Field with Crows - SVETSLIK.SI - 100% k\u00e9zzel festett","description":"Vincent van Gogh - Wheat Field with Crows - 100% k\u00e9zzel festett h\u00edres festm\u00e9nyek reprodukci\u00f3i. Festm\u00e9nyek keretez\u00e9se, elad\u00e1sa \u00e9s egyedi rendel\u00e9sre t\u00f6rt\u00e9n\u0151 v\u00e1szonk\u00e9pek k\u00e9sz\u00edt\u00e9se.","robots":{"index":"index","follow":"follow","max-snippet":"max-snippet:-1","max-image-preview":"max-image-preview:large","max-video-preview":"max-video-preview:-1"},"canonical":"https:\/\/svetslik.si\/hu\/vincent-van-gogh-hu\/wheat-field-with-crows\/","og_locale":"hu_HU","og_type":"article","og_title":"Vincent van Gogh - Wheat Field with Crows","og_description":"100% ro\u010dno naslikane slike na platnu, reprodukcije znanih slikarjev in umetni\u0161ke slike po naro\u010dilu.","og_url":"https:\/\/svetslik.si\/hu\/vincent-van-gogh-hu\/wheat-field-with-crows\/","og_site_name":"SVETSLIK.SI","article_publisher":"https:\/\/www.facebook.com\/svetslik.si","article_modified_time":"2026-03-22T20:32:26+00:00","og_image":[{"width":2560,"height":1198,"url":"https:\/\/svetslik.si\/wp-content\/uploads\/2021\/08\/image_Wheat-Field-with-Crows-Van-Gogh_680-scaled.jpg","type":"image\/jpeg"}],"twitter_card":"summary_large_image","twitter_site":"@svetslik","twitter_misc":{"El\u00e9rhet\u0151s\u00e9g":"Beszerz\u00e9s alatt"},"schema":{"@context":"https:\/\/schema.org","@graph":[{"@type":["WebPage","ItemPage"],"@id":"https:\/\/svetslik.si\/hu\/vincent-van-gogh-hu\/wheat-field-with-crows\/","url":"https:\/\/svetslik.si\/hu\/vincent-van-gogh-hu\/wheat-field-with-crows\/","name":"Vincent van Gogh - Wheat Field with Crows - SVETSLIK.SI - 100% k\u00e9zzel festett","isPartOf":{"@id":"https:\/\/svetslik.si\/hu\/#website"},"primaryImageOfPage":{"@id":"https:\/\/svetslik.si\/hu\/vincent-van-gogh-hu\/wheat-field-with-crows\/#primaryimage"},"image":{"@id":"https:\/\/svetslik.si\/hu\/vincent-van-gogh-hu\/wheat-field-with-crows\/#primaryimage"},"thumbnailUrl":"https:\/\/svetslik.si\/wp-content\/uploads\/2021\/08\/image_Wheat-Field-with-Crows-Van-Gogh_680-scaled.jpg","datePublished":"2021-09-02T15:52:15+00:00","dateModified":"2026-03-22T20:32:26+00:00","description":"Vincent van Gogh - Wheat Field with Crows - 100% k\u00e9zzel festett h\u00edres festm\u00e9nyek reprodukci\u00f3i. Festm\u00e9nyek keretez\u00e9se, elad\u00e1sa \u00e9s egyedi rendel\u00e9sre t\u00f6rt\u00e9n\u0151 v\u00e1szonk\u00e9pek k\u00e9sz\u00edt\u00e9se.","breadcrumb":{"@id":"https:\/\/svetslik.si\/hu\/vincent-van-gogh-hu\/wheat-field-with-crows\/#breadcrumb"},"inLanguage":"hu","potentialAction":[{"@type":"ReadAction","target":["https:\/\/svetslik.si\/hu\/vincent-van-gogh-hu\/wheat-field-with-crows\/"]}]},{"@type":"ImageObject","inLanguage":"hu","@id":"https:\/\/svetslik.si\/hu\/vincent-van-gogh-hu\/wheat-field-with-crows\/#primaryimage","url":"https:\/\/svetslik.si\/wp-content\/uploads\/2021\/08\/image_Wheat-Field-with-Crows-Van-Gogh_680-scaled.jpg","contentUrl":"https:\/\/svetslik.si\/wp-content\/uploads\/2021\/08\/image_Wheat-Field-with-Crows-Van-Gogh_680-scaled.jpg","width":2560,"height":1198,"caption":"Van Gogh-b\u00fazamez\u0151-varjakkal-Van-Gogh-H\u00edres fest\u0151k reprodukci\u00f3i, modern falm\u0171v\u00e9szet, falm\u0171v\u00e9szet"},{"@type":"BreadcrumbList","@id":"https:\/\/svetslik.si\/hu\/vincent-van-gogh-hu\/wheat-field-with-crows\/#breadcrumb","itemListElement":[{"@type":"ListItem","position":1,"name":"Wall art and paintings on canvas","item":"https:\/\/svetslik.si\/hu\/"},{"@type":"ListItem","position":2,"name":"Festm\u00e9nyek elad\u00e1sa","item":"https:\/\/svetslik.si\/prodaja-slik\/"},{"@type":"ListItem","position":3,"name":"Vincent van Gogh &#8211; Wheat Field with Crows"}]},{"@type":"WebSite","@id":"https:\/\/svetslik.si\/hu\/#website","url":"https:\/\/svetslik.si\/hu\/","name":"SVETSLIK.SI","description":"100%-ban k\u00e9zzel festett reprodukci\u00f3k h\u00edres fest\u0151k festm\u00e9nyeir\u0151l \u00e9s festm\u00e9nyekr\u0151l v\u00e1szonra.","publisher":{"@id":"https:\/\/svetslik.si\/hu\/#organization"},"potentialAction":[{"@type":"SearchAction","target":{"@type":"EntryPoint","urlTemplate":"https:\/\/svetslik.si\/hu\/?s={search_term_string}"},"query-input":{"@type":"PropertyValueSpecification","valueRequired":true,"valueName":"search_term_string"}}],"inLanguage":"hu"},{"@type":"Organization","@id":"https:\/\/svetslik.si\/hu\/#organization","name":"SvetSlik.si","url":"https:\/\/svetslik.si\/hu\/","logo":{"@type":"ImageObject","inLanguage":"hu","@id":"https:\/\/svetslik.si\/hu\/#\/schema\/logo\/image\/","url":"https:\/\/svetslik.si\/wp-content\/uploads\/2020\/12\/logo-512.png","contentUrl":"https:\/\/svetslik.si\/wp-content\/uploads\/2020\/12\/logo-512.png","width":512,"height":512,"caption":"SvetSlik.si"},"image":{"@id":"https:\/\/svetslik.si\/hu\/#\/schema\/logo\/image\/"},"sameAs":["https:\/\/www.facebook.com\/svetslik.si","https:\/\/x.com\/svetslik","https:\/\/www.instagram.com\/svetslik.si\/","https:\/\/www.linkedin.com\/company\/svetslik-si"]}]},"og_availability":"backorder","product_availability":"available for order","product_retailer_item_id":"245__","product_condition":"new"},"jetpack_sharing_enabled":true,"_links":{"self":[{"href":"https:\/\/svetslik.si\/hu\/wp-json\/wp\/v2\/product\/53405","targetHints":{"allow":["GET"]}}],"collection":[{"href":"https:\/\/svetslik.si\/hu\/wp-json\/wp\/v2\/product"}],"about":[{"href":"https:\/\/svetslik.si\/hu\/wp-json\/wp\/v2\/types\/product"}],"wp:featuredmedia":[{"embeddable":true,"href":"https:\/\/svetslik.si\/hu\/wp-json\/wp\/v2\/media\/50325"}],"wp:attachment":[{"href":"https:\/\/svetslik.si\/hu\/wp-json\/wp\/v2\/media?parent=53405"}],"wp:term":[{"taxonomy":"product_brand","embeddable":true,"href":"https:\/\/svetslik.si\/hu\/wp-json\/wp\/v2\/product_brand?post=53405"},{"taxonomy":"product_cat","embeddable":true,"href":"https:\/\/svetslik.si\/hu\/wp-json\/wp\/v2\/product_cat?post=53405"},{"taxonomy":"product_tag","embeddable":true,"href":"https:\/\/svetslik.si\/hu\/wp-json\/wp\/v2\/product_tag?post=53405"}],"curies":[{"name":"wp","href":"https:\/\/api.w.org\/{rel}","templated":true}]}}