{"id":53456,"date":"2021-09-02T17:52:34","date_gmt":"2021-09-02T15:52:34","guid":{"rendered":"https:\/\/svetslik.si\/nem-kategorizalt\/weeping-willow\/"},"modified":"2026-03-22T21:33:43","modified_gmt":"2026-03-22T20:33:43","slug":"weeping-willow","status":"publish","type":"product","link":"https:\/\/svetslik.si\/hu\/claude-monet-hu\/weeping-willow\/","title":{"rendered":"Claude Monet &#8211; Weeping Willow"},"content":{"rendered":"<div class=\"wpb-content-wrapper\">[vc_row][vc_column][vc_column_text]\n<h1>Claude Monet \u2013 S\u00edr\u00f3 f\u0171z<\/h1>\n<p>&nbsp;<\/p>\n<p>&nbsp;<\/p>\n<table style=\"width: 632px;\" border=\"0\" width=\"632\" cellpadding=\"0\">\n<tbody>\n<tr>\n<td style=\"width: 180px; height: 21px;\" height=\"21\">L\u00e9trehoz\u00e1s \u00e9ve:<\/td>\n<td style=\"width: 452px;\">1918<\/td>\n<\/tr>\n<tr>\n<td style=\"width: 180px; height: 21px;\" height=\"21\">Eredeti m\u00e9ret:<\/td>\n<td style=\"width: 452px;\">110,3 cm x 131 cm<\/td>\n<\/tr>\n<tr>\n<td style=\"width: 180px; height: 21px;\" height=\"21\">Fest\u00e9si st\u00edlus:<\/td>\n<td style=\"width: 452px;\">Impresszionizmus<\/td>\n<\/tr>\n<tr>\n<td style=\"width: 180px; height: 21px;\" height=\"21\">Eredeti technika:<\/td>\n<td>Olaj, v\u00e1szon<\/td>\n<\/tr>\n<tr>\n<td style=\"width: 180px; height: 21px;\" height=\"21\">Helysz\u00edn:<\/td>\n<td style=\"width: 452px;\">Columbus M\u0171v\u00e9szeti M\u00fazeum, Ohio, USA<\/td>\n<\/tr>\n<\/tbody>\n<colgroup>\n<col \/>\n<col \/> <\/colgroup>\n<\/table>\n<p>&nbsp;<\/p>\n<p>Monet korl\u00e1tozott sz\u00ednv\u00e1laszt\u00e9kot haszn\u00e1lt ehhez az olajhoz, v\u00e1szonra, \u00e9s a narancss\u00e1rga, piros \u00e9s s\u00e1rga \u00e1rnyalatokat v\u00e1lasztotta a szok\u00e1sos sz\u00ednpalett\u00e1ja helyett a <em>S\u00edr\u00f3f\u0171z<\/em>hez. Az olajat v\u00e1szonra Monet a m\u00e1sodik vil\u00e1gh\u00e1bor\u00fa idej\u00e9n festette, \u00edgy a szerz\u0151 szomor\u00fas\u00e1g\u00e1t t\u00fckr\u00f6zi a h\u00e1bor\u00fa borzalmai miatt. Az ecsetvon\u00e1sok hangs\u00falyosak \u00e9s vastagon vannak felhordva, \u00edgy az olaj a v\u00e1sznon m\u00e9lys\u00e9g\u00e9rzetet ad.<\/p>\n<p>Claude Monet &#8211; Az impresszionizmus mestere: A s\u00edr\u00f3 f\u0171z fest\u00e9se<\/p>\n<p>Claude Monet francia impresszionista fest\u0151 volt, akit e m\u0171faj egyik \u00fatt\u00f6r\u0151jek\u00e9nt tartanak sz\u00e1mon. Egyed\u00fcl\u00e1ll\u00f3 st\u00edlusa \u00e9s innovat\u00edv fest\u00e9szeti megk\u00f6zel\u00edt\u00e9se minden id\u0151k egyik legh\u00edresebb m\u0171v\u00e9sz\u00e9v\u00e9 tette. Egyik legh\u00edresebb alkot\u00e1sa a S\u00edr\u00f3 f\u0171z c\u00edm\u0171 festm\u00e9ny, amelyet az impresszionizmus remekm\u0171v\u00e9nek tartanak.<\/p>\n<p>A S\u00edr\u00f3 f\u0171z c\u00edm\u0171 festm\u00e9nyt Monet 1918-ban, \u00e9lete utols\u00f3 \u00e9veiben k\u00e9sz\u00edtette. A k\u00e9pen egy f\u0171zfa l\u00e1that\u00f3 egy nyugodt t\u00f3 mellett, buja n\u00f6v\u00e9nyzettel k\u00f6r\u00fclv\u00e9ve. A f\u00e1t s\u00edrva \u00e1br\u00e1zolj\u00e1k, \u00e1gai szomor\u00faan lel\u00f3gnak. Ezt a gy\u00e1szf\u00e1t \u00e1br\u00e1zol\u00f3 k\u00e9pet Monet saj\u00e1t gy\u00e1sz\u00e9rzete ihlette, mik\u00f6zben rossz eg\u00e9szs\u00e9gi \u00e1llapot\u00e1val, valamint sok k\u00f6zeli bar\u00e1t \u00e9s csal\u00e1dtag elveszt\u00e9s\u00e9vel k\u00fczd\u00f6tt.<\/p>\n<p>A S\u00edr\u00f3 f\u0171z festm\u00e9ny kiv\u00e1l\u00f3 p\u00e9ld\u00e1ja Monet jellegzetes st\u00edlus\u00e1nak. Monet f\u00e9ny- \u00e9s sz\u00ednhaszn\u00e1lat\u00e1r\u00f3l volt ismert, valamint arr\u00f3l, hogy k\u00e9pes volt megfelelni a term\u00e9szet m\u00fal\u00f3 sz\u00e9ps\u00e9g\u00e9nek. Ezen a festm\u00e9nyen l\u00e1gy \u00e9s gyeng\u00e9d ecsetvon\u00e1sokkal olyan \u00e1lomszer\u0171 k\u00e9pet alkotott, amely az impresszionista festm\u00e9nyekre jellemz\u0151. Mesterien haszn\u00e1lta a f\u00e9nyt is, amely a f\u00e1k \u00e9s a v\u00edz k\u00f6z\u00f6tt \u00e1ramlik \u00e9s vil\u00e1g\u00edt, mozg\u00e1s- \u00e9s energia\u00e9rzetet keltve.<\/p>\n<p>A S\u00edr\u00f3 f\u0171z c\u00edm\u0171 festm\u00e9nyt t\u00f6bb okb\u00f3l is az impresszionizmus remekm\u0171v\u00e9nek tartj\u00e1k. El\u0151sz\u00f6r is bemutatja Monet rendk\u00edv\u00fcli fest\u0151i k\u00e9pess\u00e9geit, k\u00fcl\u00f6n\u00f6sen a f\u00e9ny- \u00e9s sz\u00ednhaszn\u00e1latban. M\u00e1sodszor, a gy\u00e1sz \u00e9s a vesztes\u00e9g er\u0151teljes szimb\u00f3luma, amelyek egyetemes emberi tapasztalatok. V\u00e9g\u00fcl egy gy\u00f6ny\u00f6r\u0171 term\u00e9szet\u00e1br\u00e1zol\u00e1s, amely megragadja a term\u00e9szet sz\u00e9ps\u00e9g\u00e9t \u00e9s nyugalm\u00e1t.<\/p>\n<p>Claude Monet S\u00edr\u00f3 f\u0171z c\u00edm\u0171 festm\u00e9nye az impresszionista m\u0171v\u00e9szet leny\u0171g\u00f6z\u0151 p\u00e9ld\u00e1ja \u00e9s igazi remekm\u0171. Bemutatja Monet rendk\u00edv\u00fcli fest\u0151i k\u00e9pess\u00e9geit, innovat\u00edv megk\u00f6zel\u00edt\u00e9s\u00e9t a f\u00e9ny \u00e9s sz\u00edn meg\u00f6r\u00f6k\u00edt\u00e9s\u00e9hez, valamint azt a k\u00e9pess\u00e9g\u00e9t, hogy er\u0151teljes \u00e9s \u00e9rzelmes k\u00e9peket hozzon l\u00e9tre. Ak\u00e1r a m\u0171v\u00e9szet, a t\u00f6rt\u00e9nelem rajong\u00f3ja vagy egyszer\u0171en csak \u00e9rt\u00e9keli a sz\u00e9ps\u00e9get, ezt a festm\u00e9nyt \u00e9rdemes megn\u00e9zni.<\/p>\n[\/vc_column_text][\/vc_column][\/vc_row][vc_row css=&#8221;.vc_custom_1675010547948{margin-bottom: 10px !important;}&#8221;][vc_column]\t<div class=\"et-image-330 et-image     et_image_link\">\n\t\t<div class=\"et-image-inner \">\n\t\t\t\t\t\t\t<div class=\"et-image-thumb \">\n\t\t\t\t\t<img decoding=\"async\" width=\"2560\" height=\"1944\" src=\"https:\/\/svetslik.si\/wp-content\/uploads\/2021\/09\/Claude-Monet-\u2013-Weeping-Willow-scaled.jpg\" class=\"attachment-full\" alt=\"Claude Monet \u2013 Weeping Willow - Claude Monet - S\u00edr\u00f3 f\u0171z festm\u00e9nyek\" title=\"Claude Monet \u2013 Weeping Willow - Claude Monet - S\u00edr\u00f3 f\u0171z festm\u00e9nyek\" srcset=\"https:\/\/svetslik.si\/wp-content\/uploads\/2021\/09\/Claude-Monet-\u2013-Weeping-Willow-scaled.jpg 2560w, https:\/\/svetslik.si\/wp-content\/uploads\/2021\/09\/Claude-Monet-\u2013-Weeping-Willow-scaled-600x456.jpg 600w, https:\/\/svetslik.si\/wp-content\/uploads\/2021\/09\/Claude-Monet-\u2013-Weeping-Willow-scaled-1200x911.jpg 1200w, https:\/\/svetslik.si\/wp-content\/uploads\/2021\/09\/Claude-Monet-\u2013-Weeping-Willow-300x228.jpg 300w, https:\/\/svetslik.si\/wp-content\/uploads\/2021\/09\/Claude-Monet-\u2013-Weeping-Willow-1024x778.jpg 1024w, https:\/\/svetslik.si\/wp-content\/uploads\/2021\/09\/Claude-Monet-\u2013-Weeping-Willow-768x583.jpg 768w, https:\/\/svetslik.si\/wp-content\/uploads\/2021\/09\/Claude-Monet-\u2013-Weeping-Willow-1536x1166.jpg 1536w, https:\/\/svetslik.si\/wp-content\/uploads\/2021\/09\/Claude-Monet-\u2013-Weeping-Willow-2048x1555.jpg 2048w, https:\/\/svetslik.si\/wp-content\/uploads\/2021\/09\/Claude-Monet-\u2013-Weeping-Willow-16x12.jpg 16w, https:\/\/svetslik.si\/wp-content\/uploads\/2021\/09\/Claude-Monet-\u2013-Weeping-Willow-150x114.jpg 150w, https:\/\/svetslik.si\/wp-content\/uploads\/2021\/09\/Claude-Monet-\u2013-Weeping-Willow-1320x1002.jpg 1320w\" sizes=\"(max-width: 2560px) 100vw, 2560px\" \/>\t\t\t\t<\/div>\n\t\t\t\t\t\t\t\t\t\t\t<\/div>\n\t<\/div>\n  [\/vc_column][\/vc_row][vc_row css=&#8221;.vc_custom_1675010547948{margin-bottom: 10px !important;}&#8221;][vc_column]\t<div class=\"et-image-133 et-image     et_image_link\">\n\t\t<div class=\"et-image-inner \">\n\t\t\t\t\t\t\t<div class=\"et-image-thumb \">\n\t\t\t\t\t<img decoding=\"async\" width=\"1816\" height=\"2252\" src=\"https:\/\/svetslik.si\/wp-content\/uploads\/2021\/09\/Claude-Monet-\u2013-Weeping-Willow-1.jpg\" class=\"attachment-full\" alt=\"Claude Monet \u2013 Weeping Willow - Claude Monet - S\u00edr\u00f3 f\u0171z festm\u00e9nyek\" title=\"Claude Monet \u2013 Weeping Willow - Claude Monet - S\u00edr\u00f3 f\u0171z festm\u00e9nyek\" srcset=\"https:\/\/svetslik.si\/wp-content\/uploads\/2021\/09\/Claude-Monet-\u2013-Weeping-Willow-1.jpg 1816w, https:\/\/svetslik.si\/wp-content\/uploads\/2021\/09\/Claude-Monet-\u2013-Weeping-Willow-1-600x744.jpg 600w, https:\/\/svetslik.si\/wp-content\/uploads\/2021\/09\/Claude-Monet-\u2013-Weeping-Willow-1-1200x1488.jpg 1200w, https:\/\/svetslik.si\/wp-content\/uploads\/2021\/09\/Claude-Monet-\u2013-Weeping-Willow-1-242x300.jpg 242w, https:\/\/svetslik.si\/wp-content\/uploads\/2021\/09\/Claude-Monet-\u2013-Weeping-Willow-1-826x1024.jpg 826w, https:\/\/svetslik.si\/wp-content\/uploads\/2021\/09\/Claude-Monet-\u2013-Weeping-Willow-1-768x952.jpg 768w, https:\/\/svetslik.si\/wp-content\/uploads\/2021\/09\/Claude-Monet-\u2013-Weeping-Willow-1-1239x1536.jpg 1239w, https:\/\/svetslik.si\/wp-content\/uploads\/2021\/09\/Claude-Monet-\u2013-Weeping-Willow-1-1651x2048.jpg 1651w, https:\/\/svetslik.si\/wp-content\/uploads\/2021\/09\/Claude-Monet-\u2013-Weeping-Willow-1-10x12.jpg 10w, https:\/\/svetslik.si\/wp-content\/uploads\/2021\/09\/Claude-Monet-\u2013-Weeping-Willow-1-121x150.jpg 121w, https:\/\/svetslik.si\/wp-content\/uploads\/2021\/09\/Claude-Monet-\u2013-Weeping-Willow-1-1320x1637.jpg 1320w\" sizes=\"(max-width: 1816px) 100vw, 1816px\" \/>\t\t\t\t<\/div>\n\t\t\t\t\t\t\t\t\t\t\t<\/div>\n\t<\/div>\n  [\/vc_column][\/vc_row][vc_row css=&#8221;.vc_custom_1675010547948{margin-bottom: 10px !important;}&#8221;][vc_column]\t<div class=\"et-image-818 et-image     et_image_link\">\n\t\t<div class=\"et-image-inner \">\n\t\t\t\t\t\t\t<div class=\"et-image-thumb \">\n\t\t\t\t\t<img decoding=\"async\" width=\"1800\" height=\"2252\" src=\"https:\/\/svetslik.si\/wp-content\/uploads\/2021\/09\/Claude-Monet-\u2013-Weeping-Willow-2.jpg\" class=\"attachment-full\" alt=\"Claude Monet \u2013 Weeping Willow - Claude Monet - S\u00edr\u00f3 f\u0171z festm\u00e9nyek\" title=\"Claude Monet \u2013 Weeping Willow - Claude Monet - S\u00edr\u00f3 f\u0171z festm\u00e9nyek\" srcset=\"https:\/\/svetslik.si\/wp-content\/uploads\/2021\/09\/Claude-Monet-\u2013-Weeping-Willow-2.jpg 1800w, https:\/\/svetslik.si\/wp-content\/uploads\/2021\/09\/Claude-Monet-\u2013-Weeping-Willow-2-600x751.jpg 600w, https:\/\/svetslik.si\/wp-content\/uploads\/2021\/09\/Claude-Monet-\u2013-Weeping-Willow-2-1200x1501.jpg 1200w, https:\/\/svetslik.si\/wp-content\/uploads\/2021\/09\/Claude-Monet-\u2013-Weeping-Willow-2-240x300.jpg 240w, https:\/\/svetslik.si\/wp-content\/uploads\/2021\/09\/Claude-Monet-\u2013-Weeping-Willow-2-818x1024.jpg 818w, https:\/\/svetslik.si\/wp-content\/uploads\/2021\/09\/Claude-Monet-\u2013-Weeping-Willow-2-768x961.jpg 768w, https:\/\/svetslik.si\/wp-content\/uploads\/2021\/09\/Claude-Monet-\u2013-Weeping-Willow-2-1228x1536.jpg 1228w, https:\/\/svetslik.si\/wp-content\/uploads\/2021\/09\/Claude-Monet-\u2013-Weeping-Willow-2-1637x2048.jpg 1637w, https:\/\/svetslik.si\/wp-content\/uploads\/2021\/09\/Claude-Monet-\u2013-Weeping-Willow-2-10x12.jpg 10w, https:\/\/svetslik.si\/wp-content\/uploads\/2021\/09\/Claude-Monet-\u2013-Weeping-Willow-2-120x150.jpg 120w, https:\/\/svetslik.si\/wp-content\/uploads\/2021\/09\/Claude-Monet-\u2013-Weeping-Willow-2-1320x1651.jpg 1320w\" sizes=\"(max-width: 1800px) 100vw, 1800px\" \/>\t\t\t\t<\/div>\n\t\t\t\t\t\t\t\t\t\t\t<\/div>\n\t<\/div>\n  [\/vc_column][\/vc_row][vc_row css=&#8221;.vc_custom_1675010547948{margin-bottom: 10px !important;}&#8221;][vc_column]\t<div class=\"et-image-404 et-image     et_image_link\">\n\t\t<div class=\"et-image-inner \">\n\t\t\t\t\t\t\t<div class=\"et-image-thumb \">\n\t\t\t\t\t<img decoding=\"async\" width=\"2560\" height=\"1441\" src=\"https:\/\/svetslik.si\/wp-content\/uploads\/2021\/09\/Claude-Monet-\u2013-Weeping-Willow-3-scaled.jpg\" class=\"attachment-full\" alt=\"Claude-Monet-\u2013-Weeping-Willow-3 - Claude Monet - S\u00edr\u00f3 f\u0171z 3. festm\u00e9nyek\" title=\"Claude-Monet-\u2013-Weeping-Willow-3 - Claude Monet - S\u00edr\u00f3 f\u0171z 3. festm\u00e9nyek\" srcset=\"https:\/\/svetslik.si\/wp-content\/uploads\/2021\/09\/Claude-Monet-\u2013-Weeping-Willow-3-scaled.jpg 2560w, https:\/\/svetslik.si\/wp-content\/uploads\/2021\/09\/Claude-Monet-\u2013-Weeping-Willow-3-scaled-600x338.jpg 600w, https:\/\/svetslik.si\/wp-content\/uploads\/2021\/09\/Claude-Monet-\u2013-Weeping-Willow-3-scaled-1200x675.jpg 1200w, https:\/\/svetslik.si\/wp-content\/uploads\/2021\/09\/Claude-Monet-\u2013-Weeping-Willow-3-300x169.jpg 300w, https:\/\/svetslik.si\/wp-content\/uploads\/2021\/09\/Claude-Monet-\u2013-Weeping-Willow-3-1024x577.jpg 1024w, https:\/\/svetslik.si\/wp-content\/uploads\/2021\/09\/Claude-Monet-\u2013-Weeping-Willow-3-768x432.jpg 768w, https:\/\/svetslik.si\/wp-content\/uploads\/2021\/09\/Claude-Monet-\u2013-Weeping-Willow-3-1536x865.jpg 1536w, https:\/\/svetslik.si\/wp-content\/uploads\/2021\/09\/Claude-Monet-\u2013-Weeping-Willow-3-2048x1153.jpg 2048w, https:\/\/svetslik.si\/wp-content\/uploads\/2021\/09\/Claude-Monet-\u2013-Weeping-Willow-3-18x10.jpg 18w, https:\/\/svetslik.si\/wp-content\/uploads\/2021\/09\/Claude-Monet-\u2013-Weeping-Willow-3-150x84.jpg 150w, https:\/\/svetslik.si\/wp-content\/uploads\/2021\/09\/Claude-Monet-\u2013-Weeping-Willow-3-1320x743.jpg 1320w\" sizes=\"(max-width: 2560px) 100vw, 2560px\" \/>\t\t\t\t<\/div>\n\t\t\t\t\t\t\t\t\t\t\t<\/div>\n\t<\/div>\n  [\/vc_column][\/vc_row]\n<\/div>","protected":false},"excerpt":{"rendered":"<p>[vc_row][vc_column][vc_column_text] Claude Monet \u2013 S\u00edr\u00f3 f\u0171z &nbsp; &nbsp; L\u00e9trehoz\u00e1s \u00e9ve: 1918 Eredeti m\u00e9ret: 110,3 cm x 131 cm Fest\u00e9si st\u00edlus: Impresszionizmus Eredeti technika: Olaj, v\u00e1szon Helysz\u00edn: Columbus M\u0171v\u00e9szeti M\u00fazeum, Ohio, USA &nbsp; Monet korl\u00e1tozott sz\u00ednv\u00e1laszt\u00e9kot haszn\u00e1lt ehhez az olajhoz, v\u00e1szonra, \u00e9s a narancss\u00e1rga, piros \u00e9s s\u00e1rga \u00e1rnyalatokat v\u00e1lasztotta a szok\u00e1sos [&hellip;]<\/p>\n","protected":false},"featured_media":50323,"template":"","meta":{"_acf_changed":false},"product_brand":[],"product_cat":[7138],"product_tag":[7182,11885,11886,11887],"class_list":{"0":"post-53456","1":"product","2":"type-product","3":"status-publish","4":"has-post-thumbnail","6":"product_cat-claude-monet-hu","7":"product_tag-monet-hu","8":"product_tag-painter-hu","9":"product_tag-reproduction","10":"product_tag-reproductions-hu","11":"pa_dimenzija-100-x-120-cm","12":"pa_dimenzija-110-x-131-cm","13":"pa_dimenzija-120-x-140-cm","14":"pa_dimenzija-150-x-180-cm","15":"pa_dimenzija-60-x-70-cm","16":"pa_dimenzija-70-x-80-cm","17":"pa_dimenzija-80-x-100-cm","18":"pa_dimenzija-90-x-110-cm","19":"pa_oblika-vizszintes","20":"pa_okvir-nincs-keret","21":"pa_podokvir-igen","22":"pa_podokvir-nem","24":"first","25":"onbackorder","26":"purchasable","27":"product-type-variable","28":"has-default-attributes"},"acf":[],"yoast_head":"<!-- This site is optimized with the Yoast SEO Premium plugin v26.0 (Yoast SEO v27.2) - https:\/\/yoast.com\/product\/yoast-seo-premium-wordpress\/ -->\n<title>Claude Monet - Weeping Willow - SVETSLIK.SI - 100% k\u00e9zzel festett<\/title>\n<meta name=\"description\" content=\"Claude Monet - Weeping Willow - 100% k\u00e9zzel festett h\u00edres festm\u00e9nyek reprodukci\u00f3i. Festm\u00e9nyek keretez\u00e9se, elad\u00e1sa \u00e9s egyedi rendel\u00e9sre t\u00f6rt\u00e9n\u0151 v\u00e1szonk\u00e9pek k\u00e9sz\u00edt\u00e9se.\" \/>\n<meta name=\"robots\" content=\"index, follow, max-snippet:-1, max-image-preview:large, max-video-preview:-1\" \/>\n<link rel=\"canonical\" href=\"https:\/\/svetslik.si\/hu\/claude-monet-hu\/weeping-willow\/\" \/>\n<meta property=\"og:locale\" content=\"hu_HU\" \/>\n<meta property=\"og:type\" content=\"article\" \/>\n<meta property=\"og:title\" content=\"Claude Monet - Weeping Willow\" \/>\n<meta property=\"og:description\" content=\"100% ro\u010dno naslikane slike na platnu, reprodukcije znanih slikarjev in umetni\u0161ke slike po naro\u010dilu.\" \/>\n<meta property=\"og:url\" content=\"https:\/\/svetslik.si\/hu\/claude-monet-hu\/weeping-willow\/\" \/>\n<meta property=\"og:site_name\" content=\"SVETSLIK.SI\" \/>\n<meta property=\"article:publisher\" content=\"https:\/\/www.facebook.com\/svetslik.si\" \/>\n<meta property=\"article:modified_time\" content=\"2026-03-22T20:33:43+00:00\" \/>\n<meta property=\"og:image\" content=\"https:\/\/svetslik.si\/wp-content\/uploads\/2021\/08\/image_Weeping-Willow-Claude-Monet_680.jpg\" \/>\n\t<meta property=\"og:image:width\" content=\"1000\" \/>\n\t<meta property=\"og:image:height\" content=\"832\" \/>\n\t<meta property=\"og:image:type\" content=\"image\/jpeg\" \/>\n<meta name=\"twitter:card\" content=\"summary_large_image\" \/>\n<meta name=\"twitter:site\" content=\"@svetslik\" \/>\n<meta name=\"twitter:label1\" content=\"El\u00e9rhet\u0151s\u00e9g\" \/>\n\t<meta name=\"twitter:data1\" content=\"Beszerz\u00e9s alatt\" \/>\n<script type=\"application\/ld+json\" class=\"yoast-schema-graph\">{\"@context\":\"https:\/\/schema.org\",\"@graph\":[{\"@type\":[\"WebPage\",\"ItemPage\"],\"@id\":\"https:\/\/svetslik.si\/hu\/claude-monet-hu\/weeping-willow\/\",\"url\":\"https:\/\/svetslik.si\/hu\/claude-monet-hu\/weeping-willow\/\",\"name\":\"Claude Monet - Weeping Willow - SVETSLIK.SI - 100% k\u00e9zzel festett\",\"isPartOf\":{\"@id\":\"https:\/\/svetslik.si\/hu\/#website\"},\"primaryImageOfPage\":{\"@id\":\"https:\/\/svetslik.si\/hu\/claude-monet-hu\/weeping-willow\/#primaryimage\"},\"image\":{\"@id\":\"https:\/\/svetslik.si\/hu\/claude-monet-hu\/weeping-willow\/#primaryimage\"},\"thumbnailUrl\":\"https:\/\/svetslik.si\/wp-content\/uploads\/2021\/08\/image_Weeping-Willow-Claude-Monet_680.jpg\",\"datePublished\":\"2021-09-02T15:52:34+00:00\",\"dateModified\":\"2026-03-22T20:33:43+00:00\",\"description\":\"Claude Monet - Weeping Willow - 100% k\u00e9zzel festett h\u00edres festm\u00e9nyek reprodukci\u00f3i. Festm\u00e9nyek keretez\u00e9se, elad\u00e1sa \u00e9s egyedi rendel\u00e9sre t\u00f6rt\u00e9n\u0151 v\u00e1szonk\u00e9pek k\u00e9sz\u00edt\u00e9se.\",\"breadcrumb\":{\"@id\":\"https:\/\/svetslik.si\/hu\/claude-monet-hu\/weeping-willow\/#breadcrumb\"},\"inLanguage\":\"hu\",\"potentialAction\":[{\"@type\":\"ReadAction\",\"target\":[\"https:\/\/svetslik.si\/hu\/claude-monet-hu\/weeping-willow\/\"]}]},{\"@type\":\"ImageObject\",\"inLanguage\":\"hu\",\"@id\":\"https:\/\/svetslik.si\/hu\/claude-monet-hu\/weeping-willow\/#primaryimage\",\"url\":\"https:\/\/svetslik.si\/wp-content\/uploads\/2021\/08\/image_Weeping-Willow-Claude-Monet_680.jpg\",\"contentUrl\":\"https:\/\/svetslik.si\/wp-content\/uploads\/2021\/08\/image_Weeping-Willow-Claude-Monet_680.jpg\",\"width\":1000,\"height\":832,\"caption\":\"Weeping-Willow-Claude-Monet H\u00edres fest\u0151k reprodukci\u00f3i, modern falm\u0171v\u00e9szet, falm\u0171v\u00e9szet\"},{\"@type\":\"BreadcrumbList\",\"@id\":\"https:\/\/svetslik.si\/hu\/claude-monet-hu\/weeping-willow\/#breadcrumb\",\"itemListElement\":[{\"@type\":\"ListItem\",\"position\":1,\"name\":\"Wall art and paintings on canvas\",\"item\":\"https:\/\/svetslik.si\/hu\/\"},{\"@type\":\"ListItem\",\"position\":2,\"name\":\"Festm\u00e9nyek elad\u00e1sa\",\"item\":\"https:\/\/svetslik.si\/prodaja-slik\/\"},{\"@type\":\"ListItem\",\"position\":3,\"name\":\"Claude Monet &#8211; Weeping Willow\"}]},{\"@type\":\"WebSite\",\"@id\":\"https:\/\/svetslik.si\/hu\/#website\",\"url\":\"https:\/\/svetslik.si\/hu\/\",\"name\":\"SVETSLIK.SI\",\"description\":\"100%-ban k\u00e9zzel festett reprodukci\u00f3k h\u00edres fest\u0151k festm\u00e9nyeir\u0151l \u00e9s festm\u00e9nyekr\u0151l v\u00e1szonra.\",\"publisher\":{\"@id\":\"https:\/\/svetslik.si\/hu\/#organization\"},\"potentialAction\":[{\"@type\":\"SearchAction\",\"target\":{\"@type\":\"EntryPoint\",\"urlTemplate\":\"https:\/\/svetslik.si\/hu\/?s={search_term_string}\"},\"query-input\":{\"@type\":\"PropertyValueSpecification\",\"valueRequired\":true,\"valueName\":\"search_term_string\"}}],\"inLanguage\":\"hu\"},{\"@type\":\"Organization\",\"@id\":\"https:\/\/svetslik.si\/hu\/#organization\",\"name\":\"SvetSlik.si\",\"url\":\"https:\/\/svetslik.si\/hu\/\",\"logo\":{\"@type\":\"ImageObject\",\"inLanguage\":\"hu\",\"@id\":\"https:\/\/svetslik.si\/hu\/#\/schema\/logo\/image\/\",\"url\":\"https:\/\/svetslik.si\/wp-content\/uploads\/2020\/12\/logo-512.png\",\"contentUrl\":\"https:\/\/svetslik.si\/wp-content\/uploads\/2020\/12\/logo-512.png\",\"width\":512,\"height\":512,\"caption\":\"SvetSlik.si\"},\"image\":{\"@id\":\"https:\/\/svetslik.si\/hu\/#\/schema\/logo\/image\/\"},\"sameAs\":[\"https:\/\/www.facebook.com\/svetslik.si\",\"https:\/\/x.com\/svetslik\",\"https:\/\/www.instagram.com\/svetslik.si\/\",\"https:\/\/www.linkedin.com\/company\/svetslik-si\"]}]}<\/script>\n<meta property=\"og:availability\" content=\"backorder\" \/>\n<meta property=\"product:availability\" content=\"available for order\" \/>\n<meta property=\"product:retailer_item_id\" content=\"251__\" \/>\n<meta property=\"product:condition\" content=\"new\" \/>\n<!-- \/ Yoast SEO Premium plugin. -->","yoast_head_json":{"title":"Claude Monet - Weeping Willow - SVETSLIK.SI - 100% k\u00e9zzel festett","description":"Claude Monet - Weeping Willow - 100% k\u00e9zzel festett h\u00edres festm\u00e9nyek reprodukci\u00f3i. Festm\u00e9nyek keretez\u00e9se, elad\u00e1sa \u00e9s egyedi rendel\u00e9sre t\u00f6rt\u00e9n\u0151 v\u00e1szonk\u00e9pek k\u00e9sz\u00edt\u00e9se.","robots":{"index":"index","follow":"follow","max-snippet":"max-snippet:-1","max-image-preview":"max-image-preview:large","max-video-preview":"max-video-preview:-1"},"canonical":"https:\/\/svetslik.si\/hu\/claude-monet-hu\/weeping-willow\/","og_locale":"hu_HU","og_type":"article","og_title":"Claude Monet - Weeping Willow","og_description":"100% ro\u010dno naslikane slike na platnu, reprodukcije znanih slikarjev in umetni\u0161ke slike po naro\u010dilu.","og_url":"https:\/\/svetslik.si\/hu\/claude-monet-hu\/weeping-willow\/","og_site_name":"SVETSLIK.SI","article_publisher":"https:\/\/www.facebook.com\/svetslik.si","article_modified_time":"2026-03-22T20:33:43+00:00","og_image":[{"width":1000,"height":832,"url":"https:\/\/svetslik.si\/wp-content\/uploads\/2021\/08\/image_Weeping-Willow-Claude-Monet_680.jpg","type":"image\/jpeg"}],"twitter_card":"summary_large_image","twitter_site":"@svetslik","twitter_misc":{"El\u00e9rhet\u0151s\u00e9g":"Beszerz\u00e9s alatt"},"schema":{"@context":"https:\/\/schema.org","@graph":[{"@type":["WebPage","ItemPage"],"@id":"https:\/\/svetslik.si\/hu\/claude-monet-hu\/weeping-willow\/","url":"https:\/\/svetslik.si\/hu\/claude-monet-hu\/weeping-willow\/","name":"Claude Monet - Weeping Willow - SVETSLIK.SI - 100% k\u00e9zzel festett","isPartOf":{"@id":"https:\/\/svetslik.si\/hu\/#website"},"primaryImageOfPage":{"@id":"https:\/\/svetslik.si\/hu\/claude-monet-hu\/weeping-willow\/#primaryimage"},"image":{"@id":"https:\/\/svetslik.si\/hu\/claude-monet-hu\/weeping-willow\/#primaryimage"},"thumbnailUrl":"https:\/\/svetslik.si\/wp-content\/uploads\/2021\/08\/image_Weeping-Willow-Claude-Monet_680.jpg","datePublished":"2021-09-02T15:52:34+00:00","dateModified":"2026-03-22T20:33:43+00:00","description":"Claude Monet - Weeping Willow - 100% k\u00e9zzel festett h\u00edres festm\u00e9nyek reprodukci\u00f3i. Festm\u00e9nyek keretez\u00e9se, elad\u00e1sa \u00e9s egyedi rendel\u00e9sre t\u00f6rt\u00e9n\u0151 v\u00e1szonk\u00e9pek k\u00e9sz\u00edt\u00e9se.","breadcrumb":{"@id":"https:\/\/svetslik.si\/hu\/claude-monet-hu\/weeping-willow\/#breadcrumb"},"inLanguage":"hu","potentialAction":[{"@type":"ReadAction","target":["https:\/\/svetslik.si\/hu\/claude-monet-hu\/weeping-willow\/"]}]},{"@type":"ImageObject","inLanguage":"hu","@id":"https:\/\/svetslik.si\/hu\/claude-monet-hu\/weeping-willow\/#primaryimage","url":"https:\/\/svetslik.si\/wp-content\/uploads\/2021\/08\/image_Weeping-Willow-Claude-Monet_680.jpg","contentUrl":"https:\/\/svetslik.si\/wp-content\/uploads\/2021\/08\/image_Weeping-Willow-Claude-Monet_680.jpg","width":1000,"height":832,"caption":"Weeping-Willow-Claude-Monet H\u00edres fest\u0151k reprodukci\u00f3i, modern falm\u0171v\u00e9szet, falm\u0171v\u00e9szet"},{"@type":"BreadcrumbList","@id":"https:\/\/svetslik.si\/hu\/claude-monet-hu\/weeping-willow\/#breadcrumb","itemListElement":[{"@type":"ListItem","position":1,"name":"Wall art and paintings on canvas","item":"https:\/\/svetslik.si\/hu\/"},{"@type":"ListItem","position":2,"name":"Festm\u00e9nyek elad\u00e1sa","item":"https:\/\/svetslik.si\/prodaja-slik\/"},{"@type":"ListItem","position":3,"name":"Claude Monet &#8211; Weeping Willow"}]},{"@type":"WebSite","@id":"https:\/\/svetslik.si\/hu\/#website","url":"https:\/\/svetslik.si\/hu\/","name":"SVETSLIK.SI","description":"100%-ban k\u00e9zzel festett reprodukci\u00f3k h\u00edres fest\u0151k festm\u00e9nyeir\u0151l \u00e9s festm\u00e9nyekr\u0151l v\u00e1szonra.","publisher":{"@id":"https:\/\/svetslik.si\/hu\/#organization"},"potentialAction":[{"@type":"SearchAction","target":{"@type":"EntryPoint","urlTemplate":"https:\/\/svetslik.si\/hu\/?s={search_term_string}"},"query-input":{"@type":"PropertyValueSpecification","valueRequired":true,"valueName":"search_term_string"}}],"inLanguage":"hu"},{"@type":"Organization","@id":"https:\/\/svetslik.si\/hu\/#organization","name":"SvetSlik.si","url":"https:\/\/svetslik.si\/hu\/","logo":{"@type":"ImageObject","inLanguage":"hu","@id":"https:\/\/svetslik.si\/hu\/#\/schema\/logo\/image\/","url":"https:\/\/svetslik.si\/wp-content\/uploads\/2020\/12\/logo-512.png","contentUrl":"https:\/\/svetslik.si\/wp-content\/uploads\/2020\/12\/logo-512.png","width":512,"height":512,"caption":"SvetSlik.si"},"image":{"@id":"https:\/\/svetslik.si\/hu\/#\/schema\/logo\/image\/"},"sameAs":["https:\/\/www.facebook.com\/svetslik.si","https:\/\/x.com\/svetslik","https:\/\/www.instagram.com\/svetslik.si\/","https:\/\/www.linkedin.com\/company\/svetslik-si"]}]},"og_availability":"backorder","product_availability":"available for order","product_retailer_item_id":"251__","product_condition":"new"},"jetpack_sharing_enabled":true,"_links":{"self":[{"href":"https:\/\/svetslik.si\/hu\/wp-json\/wp\/v2\/product\/53456","targetHints":{"allow":["GET"]}}],"collection":[{"href":"https:\/\/svetslik.si\/hu\/wp-json\/wp\/v2\/product"}],"about":[{"href":"https:\/\/svetslik.si\/hu\/wp-json\/wp\/v2\/types\/product"}],"wp:featuredmedia":[{"embeddable":true,"href":"https:\/\/svetslik.si\/hu\/wp-json\/wp\/v2\/media\/50323"}],"wp:attachment":[{"href":"https:\/\/svetslik.si\/hu\/wp-json\/wp\/v2\/media?parent=53456"}],"wp:term":[{"taxonomy":"product_brand","embeddable":true,"href":"https:\/\/svetslik.si\/hu\/wp-json\/wp\/v2\/product_brand?post=53456"},{"taxonomy":"product_cat","embeddable":true,"href":"https:\/\/svetslik.si\/hu\/wp-json\/wp\/v2\/product_cat?post=53456"},{"taxonomy":"product_tag","embeddable":true,"href":"https:\/\/svetslik.si\/hu\/wp-json\/wp\/v2\/product_tag?post=53456"}],"curies":[{"name":"wp","href":"https:\/\/api.w.org\/{rel}","templated":true}]}}