{"id":53465,"date":"2021-09-02T17:52:45","date_gmt":"2021-09-02T15:52:45","guid":{"rendered":"https:\/\/svetslik.si\/nem-kategorizalt\/woman-with-a-parasol-facing-left\/"},"modified":"2026-03-22T21:33:43","modified_gmt":"2026-03-22T20:33:43","slug":"woman-with-a-parasol-facing-left","status":"publish","type":"product","link":"https:\/\/svetslik.si\/hu\/claude-monet-hu\/woman-with-a-parasol-facing-left\/","title":{"rendered":"Claude Monet &#8211; Woman with a Parasol (Facing Left)"},"content":{"rendered":"<div class=\"wpb-content-wrapper\">[vc_row][vc_column][vc_column_text css=&#8221;&#8221;]\n<p data-pm-slice=\"1 1 []\"><div class=\"yt-lazy-video ratio-square\" data-id=\"rISrYEhFMBM\"><\/div>\n[\/vc_column][\/vc_row][vc_row css=&#8221;.vc_custom_1694784331630{margin-bottom: 10px !important;}&#8221;][vc_column]\t<div class=\"et-image-36 et-image     et_image_link\">\n\t\t<div class=\"et-image-inner \">\n\t\t\t\t\t\t\t<div class=\"et-image-thumb \">\n\t\t\t\t\t<img decoding=\"async\" width=\"1000\" height=\"1381\" src=\"https:\/\/svetslik.si\/wp-content\/uploads\/2021\/09\/Claude-Monet-\u2013-Woman-with-a-Parasol-Facing-Left-5.jpg\" class=\"attachment-full\" alt=\"Claude Monet \u2013 Woman with a Parasol (Facing Left)\" title=\"Claude-Monet-\u2013-Woman-with-a-Parasol-(Facing-Left)-5\" srcset=\"https:\/\/svetslik.si\/wp-content\/uploads\/2021\/09\/Claude-Monet-\u2013-Woman-with-a-Parasol-Facing-Left-5.jpg 1000w, https:\/\/svetslik.si\/wp-content\/uploads\/2021\/09\/Claude-Monet-\u2013-Woman-with-a-Parasol-Facing-Left-5-600x829.jpg 600w, https:\/\/svetslik.si\/wp-content\/uploads\/2021\/09\/Claude-Monet-\u2013-Woman-with-a-Parasol-Facing-Left-5-217x300.jpg 217w, https:\/\/svetslik.si\/wp-content\/uploads\/2021\/09\/Claude-Monet-\u2013-Woman-with-a-Parasol-Facing-Left-5-741x1024.jpg 741w, https:\/\/svetslik.si\/wp-content\/uploads\/2021\/09\/Claude-Monet-\u2013-Woman-with-a-Parasol-Facing-Left-5-768x1061.jpg 768w, https:\/\/svetslik.si\/wp-content\/uploads\/2021\/09\/Claude-Monet-\u2013-Woman-with-a-Parasol-Facing-Left-5-109x150.jpg 109w, https:\/\/svetslik.si\/wp-content\/uploads\/2021\/09\/Claude-Monet-\u2013-Woman-with-a-Parasol-Facing-Left-5-900x1243.jpg 900w\" sizes=\"(max-width: 1000px) 100vw, 1000px\" \/>\t\t\t\t<\/div>\n\t\t\t\t\t\t\t\t\t\t\t<\/div>\n\t<\/div>\n  [\/vc_column][\/vc_row][vc_row css=&#8221;.vc_custom_1694784331630{margin-bottom: 10px !important;}&#8221;][vc_column]\t<div class=\"et-image-209 et-image     et_image_link\">\n\t\t<div class=\"et-image-inner \">\n\t\t\t\t\t\t\t<div class=\"et-image-thumb \">\n\t\t\t\t\t<img decoding=\"async\" width=\"1000\" height=\"1570\" src=\"https:\/\/svetslik.si\/wp-content\/uploads\/2021\/09\/Claude-Monet-\u2013-Woman-with-a-Parasol-Facing-Left-1.jpg\" class=\"attachment-full\" alt=\"\" title=\"Claude-Monet-\u2013-Woman-with-a-Parasol-(Facing-Left)-1\" srcset=\"https:\/\/svetslik.si\/wp-content\/uploads\/2021\/09\/Claude-Monet-\u2013-Woman-with-a-Parasol-Facing-Left-1.jpg 1000w, https:\/\/svetslik.si\/wp-content\/uploads\/2021\/09\/Claude-Monet-\u2013-Woman-with-a-Parasol-Facing-Left-1-600x942.jpg 600w, https:\/\/svetslik.si\/wp-content\/uploads\/2021\/09\/Claude-Monet-\u2013-Woman-with-a-Parasol-Facing-Left-1-191x300.jpg 191w, https:\/\/svetslik.si\/wp-content\/uploads\/2021\/09\/Claude-Monet-\u2013-Woman-with-a-Parasol-Facing-Left-1-652x1024.jpg 652w, https:\/\/svetslik.si\/wp-content\/uploads\/2021\/09\/Claude-Monet-\u2013-Woman-with-a-Parasol-Facing-Left-1-768x1206.jpg 768w, https:\/\/svetslik.si\/wp-content\/uploads\/2021\/09\/Claude-Monet-\u2013-Woman-with-a-Parasol-Facing-Left-1-978x1536.jpg 978w, https:\/\/svetslik.si\/wp-content\/uploads\/2021\/09\/Claude-Monet-\u2013-Woman-with-a-Parasol-Facing-Left-1-96x150.jpg 96w, https:\/\/svetslik.si\/wp-content\/uploads\/2021\/09\/Claude-Monet-\u2013-Woman-with-a-Parasol-Facing-Left-1-900x1413.jpg 900w\" sizes=\"(max-width: 1000px) 100vw, 1000px\" \/>\t\t\t\t<\/div>\n\t\t\t\t\t\t\t\t\t\t\t<\/div>\n\t<\/div>\n  [\/vc_column][\/vc_row][vc_row css=&#8221;.vc_custom_1694784331630{margin-bottom: 10px !important;}&#8221;][vc_column]\t<div class=\"et-image-876 et-image     et_image_link\">\n\t\t<div class=\"et-image-inner \">\n\t\t\t\t\t\t\t<div class=\"et-image-thumb \">\n\t\t\t\t\t<img decoding=\"async\" width=\"1000\" height=\"1433\" src=\"https:\/\/svetslik.si\/wp-content\/uploads\/2021\/09\/Claude-Monet-\u2013-Woman-with-a-Parasol-Facing-Left-2.jpg\" class=\"attachment-full\" alt=\"https:\/\/svetslik.si\/wp-content\/uploads\/2021\/09\/Claude-Monet-\u2013-Woman-with-a-Parasol-Facing-Left-3.jpg\" title=\"Claude-Monet-\u2013-Woman-with-a-Parasol-(Facing-Left)-2\" srcset=\"https:\/\/svetslik.si\/wp-content\/uploads\/2021\/09\/Claude-Monet-\u2013-Woman-with-a-Parasol-Facing-Left-2.jpg 1000w, https:\/\/svetslik.si\/wp-content\/uploads\/2021\/09\/Claude-Monet-\u2013-Woman-with-a-Parasol-Facing-Left-2-600x860.jpg 600w, https:\/\/svetslik.si\/wp-content\/uploads\/2021\/09\/Claude-Monet-\u2013-Woman-with-a-Parasol-Facing-Left-2-209x300.jpg 209w, https:\/\/svetslik.si\/wp-content\/uploads\/2021\/09\/Claude-Monet-\u2013-Woman-with-a-Parasol-Facing-Left-2-715x1024.jpg 715w, https:\/\/svetslik.si\/wp-content\/uploads\/2021\/09\/Claude-Monet-\u2013-Woman-with-a-Parasol-Facing-Left-2-768x1101.jpg 768w, https:\/\/svetslik.si\/wp-content\/uploads\/2021\/09\/Claude-Monet-\u2013-Woman-with-a-Parasol-Facing-Left-2-105x150.jpg 105w, https:\/\/svetslik.si\/wp-content\/uploads\/2021\/09\/Claude-Monet-\u2013-Woman-with-a-Parasol-Facing-Left-2-900x1290.jpg 900w\" sizes=\"(max-width: 1000px) 100vw, 1000px\" \/>\t\t\t\t<\/div>\n\t\t\t\t\t\t\t\t\t\t\t<\/div>\n\t<\/div>\n  [\/vc_column][\/vc_row][vc_row css=&#8221;.vc_custom_1694784331630{margin-bottom: 10px !important;}&#8221;][vc_column]\t<div class=\"et-image-812 et-image     et_image_link\">\n\t\t<div class=\"et-image-inner \">\n\t\t\t\t\t\t\t<div class=\"et-image-thumb \">\n\t\t\t\t\t<img decoding=\"async\" width=\"1000\" height=\"563\" src=\"https:\/\/svetslik.si\/wp-content\/uploads\/2021\/09\/Claude-Monet-\u2013-Woman-with-a-Parasol-Facing-Left-3.jpg\" class=\"attachment-full\" alt=\"Claude Monet \u2013 Woman with a Parasol (Facing Left)\" title=\"Claude-Monet-\u2013-Woman-with-a-Parasol-(Facing-Left)-3\" srcset=\"https:\/\/svetslik.si\/wp-content\/uploads\/2021\/09\/Claude-Monet-\u2013-Woman-with-a-Parasol-Facing-Left-3.jpg 1000w, https:\/\/svetslik.si\/wp-content\/uploads\/2021\/09\/Claude-Monet-\u2013-Woman-with-a-Parasol-Facing-Left-3-600x338.jpg 600w, https:\/\/svetslik.si\/wp-content\/uploads\/2021\/09\/Claude-Monet-\u2013-Woman-with-a-Parasol-Facing-Left-3-300x169.jpg 300w, https:\/\/svetslik.si\/wp-content\/uploads\/2021\/09\/Claude-Monet-\u2013-Woman-with-a-Parasol-Facing-Left-3-768x432.jpg 768w, https:\/\/svetslik.si\/wp-content\/uploads\/2021\/09\/Claude-Monet-\u2013-Woman-with-a-Parasol-Facing-Left-3-150x84.jpg 150w, https:\/\/svetslik.si\/wp-content\/uploads\/2021\/09\/Claude-Monet-\u2013-Woman-with-a-Parasol-Facing-Left-3-900x507.jpg 900w\" sizes=\"(max-width: 1000px) 100vw, 1000px\" \/>\t\t\t\t<\/div>\n\t\t\t\t\t\t\t\t\t\t\t<\/div>\n\t<\/div>\n  [\/vc_column][\/vc_row][vc_row][vc_column][vc_column_text]\n<h1>Claude Monet \u2013 N\u0151 naperny\u0151s (balra n\u00e9z\u0151)<\/h1>\n<p>&nbsp;<\/p>\n<div>\n<table style=\"width: 632px;\" border=\"0\" width=\"632\" cellpadding=\"0\">\n<tbody>\n<tr>\n<td style=\"width: 180px; height: 21px;\" height=\"21\">L\u00e9trehoz\u00e1s \u00e9ve:<\/td>\n<td style=\"width: 452px;\">1886<\/td>\n<\/tr>\n<tr>\n<td style=\"width: 180px; height: 21px;\" height=\"21\">Eredeti m\u00e9ret:<\/td>\n<td style=\"width: 452px;\">88 cm x 131 cm<\/td>\n<\/tr>\n<tr>\n<td style=\"width: 180px; height: 21px;\" height=\"21\">Fest\u00e9si st\u00edlus:<\/td>\n<td style=\"width: 452px;\">Impresszionizmus<\/td>\n<\/tr>\n<tr>\n<td style=\"width: 180px; height: 21px;\" height=\"21\">Eredeti technika:<\/td>\n<td>Olaj, v\u00e1szon<\/td>\n<\/tr>\n<tr>\n<td style=\"width: 180px; height: 21px;\" height=\"21\">Helysz\u00edn:<\/td>\n<td style=\"width: 452px;\">Orsey M\u00fazeum, P\u00e1rizs<\/td>\n<\/tr>\n<\/tbody>\n<colgroup>\n<col \/>\n<col \/> <\/colgroup>\n<\/table>\n<\/div>\n<div><\/div>\n<div>Monet feles\u00e9ge, Camille hal\u00e1la ut\u00e1n elvesz\u00edtette \u00e9rdekl\u0151d\u00e9s\u00e9t a figurafest\u00e9szet ir\u00e1nt, k\u00e9s\u0151bb azonban sz\u00edvesen \u00e1br\u00e1zolta t\u00e1rsa, Alice Hosched\u00e9 l\u00e1nyait Givernyben. A <em>N\u0151 naperny\u0151s (balra n\u00e9z\u0151)<\/em> c\u00edm\u0171 olajfestm\u00e9nyen a fest\u0151 Suzanne-t feh\u00e9r ny\u00e1ri ruh\u00e1ban, z\u00f6ld eserny\u0151vel a kez\u00e9ben \u00e1br\u00e1zolta. Az olaj a v\u00e1szonon hasonl\u00edt a m\u0171v\u00e9sz kor\u00e1bbi, 1875-\u00f6s, <em>N\u0151 naperny\u0151vel<\/em> c\u00edm\u0171 alkot\u00e1s\u00e1hoz, amelyen feles\u00e9g\u00e9t \u00e9s fi\u00e1t \u00e1br\u00e1zolta.<\/div>\n<p>&nbsp;<\/p>\n<\/div>","protected":false},"excerpt":{"rendered":"<p>[vc_row][vc_column][vc_column_text css=&#8221;&#8221;] [\/vc_column][\/vc_row][vc_row css=&#8221;.vc_custom_1694784331630{margin-bottom: 10px !important;}&#8221;][vc_column][\/vc_column][\/vc_row][vc_row css=&#8221;.vc_custom_1694784331630{margin-bottom: 10px !important;}&#8221;][vc_column][\/vc_column][\/vc_row][vc_row css=&#8221;.vc_custom_1694784331630{margin-bottom: 10px !important;}&#8221;][vc_column][\/vc_column][\/vc_row][vc_row css=&#8221;.vc_custom_1694784331630{margin-bottom: 10px !important;}&#8221;][vc_column][\/vc_column][\/vc_row][vc_row][vc_column][vc_column_text] Claude Monet \u2013 N\u0151 naperny\u0151s (balra n\u00e9z\u0151) &nbsp; L\u00e9trehoz\u00e1s \u00e9ve: 1886 Eredeti m\u00e9ret: 88 cm x 131 cm Fest\u00e9si st\u00edlus: Impresszionizmus Eredeti technika: Olaj, v\u00e1szon Helysz\u00edn: Orsey M\u00fazeum, P\u00e1rizs Monet feles\u00e9ge, Camille hal\u00e1la ut\u00e1n elvesz\u00edtette [&hellip;]<\/p>\n","protected":false},"featured_media":49269,"template":"","meta":{"_acf_changed":false},"product_brand":[],"product_cat":[7138],"product_tag":[7182,11885,11886,11887],"class_list":{"0":"post-53465","1":"product","2":"type-product","3":"status-publish","4":"has-post-thumbnail","6":"product_cat-claude-monet-hu","7":"product_tag-monet-hu","8":"product_tag-painter-hu","9":"product_tag-reproduction","10":"product_tag-reproductions-hu","11":"pa_dimenzija-100-x-150-cm","12":"pa_dimenzija-120-x-180-cm","13":"pa_dimenzija-50-x-75-cm","14":"pa_dimenzija-60-x-40-cm","15":"pa_dimenzija-60-x-90-cm","16":"pa_dimenzija-70-x-100-cm","17":"pa_dimenzija-80-x-120-cm","18":"pa_dimenzija-88-x-131-cm","19":"pa_oblika-fuggoleges","20":"pa_okvir-nincs-keret","21":"pa_podokvir-igen","22":"pa_podokvir-nem","24":"first","25":"onbackorder","26":"purchasable","27":"product-type-variable","28":"has-default-attributes"},"acf":[],"yoast_head":"<!-- This site is optimized with the Yoast SEO Premium plugin v26.0 (Yoast SEO v27.2) - https:\/\/yoast.com\/product\/yoast-seo-premium-wordpress\/ -->\n<title>Claude Monet - Woman with a Parasol (Facing Left) - SVETSLIK.SI - 100% k\u00e9zzel festett<\/title>\n<meta name=\"description\" content=\"Claude Monet - Woman with a Parasol (Facing Left) - 100% k\u00e9zzel festett h\u00edres festm\u00e9nyek reprodukci\u00f3i. Festm\u00e9nyek keretez\u00e9se, elad\u00e1sa \u00e9s egyedi rendel\u00e9sre t\u00f6rt\u00e9n\u0151 v\u00e1szonk\u00e9pek k\u00e9sz\u00edt\u00e9se.\" \/>\n<meta name=\"robots\" content=\"index, follow, max-snippet:-1, max-image-preview:large, max-video-preview:-1\" \/>\n<link rel=\"canonical\" href=\"https:\/\/svetslik.si\/hu\/claude-monet-hu\/woman-with-a-parasol-facing-left\/\" \/>\n<meta property=\"og:locale\" content=\"hu_HU\" \/>\n<meta property=\"og:type\" content=\"article\" \/>\n<meta property=\"og:title\" content=\"Claude Monet - Woman with a Parasol (Facing Left)\" \/>\n<meta property=\"og:description\" content=\"100% ro\u010dno naslikane slike na platnu, reprodukcije znanih slikarjev in umetni\u0161ke slike po naro\u010dilu.\" \/>\n<meta property=\"og:url\" content=\"https:\/\/svetslik.si\/hu\/claude-monet-hu\/woman-with-a-parasol-facing-left\/\" \/>\n<meta property=\"og:site_name\" content=\"SVETSLIK.SI\" \/>\n<meta property=\"article:publisher\" content=\"https:\/\/www.facebook.com\/svetslik.si\" \/>\n<meta property=\"article:modified_time\" content=\"2026-03-22T20:33:43+00:00\" \/>\n<meta property=\"og:image\" content=\"https:\/\/svetslik.si\/wp-content\/uploads\/2021\/08\/image_Woman-with-a-Parasol-facing-left-Claude-Monet_680.jpg\" \/>\n\t<meta property=\"og:image:width\" content=\"1811\" \/>\n\t<meta property=\"og:image:height\" content=\"2560\" \/>\n\t<meta property=\"og:image:type\" content=\"image\/jpeg\" \/>\n<meta name=\"twitter:card\" content=\"summary_large_image\" \/>\n<meta name=\"twitter:site\" content=\"@svetslik\" \/>\n<meta name=\"twitter:label1\" content=\"El\u00e9rhet\u0151s\u00e9g\" \/>\n\t<meta name=\"twitter:data1\" content=\"Beszerz\u00e9s alatt\" \/>\n<script type=\"application\/ld+json\" class=\"yoast-schema-graph\">{\"@context\":\"https:\/\/schema.org\",\"@graph\":[{\"@type\":[\"WebPage\",\"ItemPage\"],\"@id\":\"https:\/\/svetslik.si\/hu\/claude-monet-hu\/woman-with-a-parasol-facing-left\/\",\"url\":\"https:\/\/svetslik.si\/hu\/claude-monet-hu\/woman-with-a-parasol-facing-left\/\",\"name\":\"Claude Monet - Woman with a Parasol (Facing Left) - SVETSLIK.SI - 100% k\u00e9zzel festett\",\"isPartOf\":{\"@id\":\"https:\/\/svetslik.si\/hu\/#website\"},\"primaryImageOfPage\":{\"@id\":\"https:\/\/svetslik.si\/hu\/claude-monet-hu\/woman-with-a-parasol-facing-left\/#primaryimage\"},\"image\":{\"@id\":\"https:\/\/svetslik.si\/hu\/claude-monet-hu\/woman-with-a-parasol-facing-left\/#primaryimage\"},\"thumbnailUrl\":\"https:\/\/svetslik.si\/wp-content\/uploads\/2021\/08\/image_Woman-with-a-Parasol-facing-left-Claude-Monet_680.jpg\",\"datePublished\":\"2021-09-02T15:52:45+00:00\",\"dateModified\":\"2026-03-22T20:33:43+00:00\",\"description\":\"Claude Monet - Woman with a Parasol (Facing Left) - 100% k\u00e9zzel festett h\u00edres festm\u00e9nyek reprodukci\u00f3i. Festm\u00e9nyek keretez\u00e9se, elad\u00e1sa \u00e9s egyedi rendel\u00e9sre t\u00f6rt\u00e9n\u0151 v\u00e1szonk\u00e9pek k\u00e9sz\u00edt\u00e9se.\",\"breadcrumb\":{\"@id\":\"https:\/\/svetslik.si\/hu\/claude-monet-hu\/woman-with-a-parasol-facing-left\/#breadcrumb\"},\"inLanguage\":\"hu\",\"potentialAction\":[{\"@type\":\"ReadAction\",\"target\":[\"https:\/\/svetslik.si\/hu\/claude-monet-hu\/woman-with-a-parasol-facing-left\/\"]}]},{\"@type\":\"ImageObject\",\"inLanguage\":\"hu\",\"@id\":\"https:\/\/svetslik.si\/hu\/claude-monet-hu\/woman-with-a-parasol-facing-left\/#primaryimage\",\"url\":\"https:\/\/svetslik.si\/wp-content\/uploads\/2021\/08\/image_Woman-with-a-Parasol-facing-left-Claude-Monet_680.jpg\",\"contentUrl\":\"https:\/\/svetslik.si\/wp-content\/uploads\/2021\/08\/image_Woman-with-a-Parasol-facing-left-Claude-Monet_680.jpg\",\"width\":1811,\"height\":2560,\"caption\":\"Claude Monet - Woman with a Parasol (Facing Left) - N\u0151 erny\u0151vel (balra n\u00e9zve) - Claude Monet - Woman with a Parasol (Facing Left) - Festm\u00e9nyek reprodukci\u00f3i - V\u00e1szonk\u00e9p - Festm\u00e9nyek reprodukci\u00f3i - Absztrakt Festm\u00e9ny - Modern Festm\u00e9ny - Realisztikus Festm\u00e9ny - Olajfestm\u00e9ny - Falik\u00e9p\"},{\"@type\":\"BreadcrumbList\",\"@id\":\"https:\/\/svetslik.si\/hu\/claude-monet-hu\/woman-with-a-parasol-facing-left\/#breadcrumb\",\"itemListElement\":[{\"@type\":\"ListItem\",\"position\":1,\"name\":\"Wall art and paintings on canvas\",\"item\":\"https:\/\/svetslik.si\/hu\/\"},{\"@type\":\"ListItem\",\"position\":2,\"name\":\"Festm\u00e9nyek elad\u00e1sa\",\"item\":\"https:\/\/svetslik.si\/prodaja-slik\/\"},{\"@type\":\"ListItem\",\"position\":3,\"name\":\"Claude Monet &#8211; Woman with a Parasol (Facing Left)\"}]},{\"@type\":\"WebSite\",\"@id\":\"https:\/\/svetslik.si\/hu\/#website\",\"url\":\"https:\/\/svetslik.si\/hu\/\",\"name\":\"SVETSLIK.SI\",\"description\":\"100%-ban k\u00e9zzel festett reprodukci\u00f3k h\u00edres fest\u0151k festm\u00e9nyeir\u0151l \u00e9s festm\u00e9nyekr\u0151l v\u00e1szonra.\",\"publisher\":{\"@id\":\"https:\/\/svetslik.si\/hu\/#organization\"},\"potentialAction\":[{\"@type\":\"SearchAction\",\"target\":{\"@type\":\"EntryPoint\",\"urlTemplate\":\"https:\/\/svetslik.si\/hu\/?s={search_term_string}\"},\"query-input\":{\"@type\":\"PropertyValueSpecification\",\"valueRequired\":true,\"valueName\":\"search_term_string\"}}],\"inLanguage\":\"hu\"},{\"@type\":\"Organization\",\"@id\":\"https:\/\/svetslik.si\/hu\/#organization\",\"name\":\"SvetSlik.si\",\"url\":\"https:\/\/svetslik.si\/hu\/\",\"logo\":{\"@type\":\"ImageObject\",\"inLanguage\":\"hu\",\"@id\":\"https:\/\/svetslik.si\/hu\/#\/schema\/logo\/image\/\",\"url\":\"https:\/\/svetslik.si\/wp-content\/uploads\/2020\/12\/logo-512.png\",\"contentUrl\":\"https:\/\/svetslik.si\/wp-content\/uploads\/2020\/12\/logo-512.png\",\"width\":512,\"height\":512,\"caption\":\"SvetSlik.si\"},\"image\":{\"@id\":\"https:\/\/svetslik.si\/hu\/#\/schema\/logo\/image\/\"},\"sameAs\":[\"https:\/\/www.facebook.com\/svetslik.si\",\"https:\/\/x.com\/svetslik\",\"https:\/\/www.instagram.com\/svetslik.si\/\",\"https:\/\/www.linkedin.com\/company\/svetslik-si\"]}]}<\/script>\n<meta property=\"og:availability\" content=\"backorder\" \/>\n<meta property=\"product:availability\" content=\"available for order\" \/>\n<meta property=\"product:retailer_item_id\" content=\"252__\" \/>\n<meta property=\"product:condition\" content=\"new\" \/>\n<!-- \/ Yoast SEO Premium plugin. -->","yoast_head_json":{"title":"Claude Monet - Woman with a Parasol (Facing Left) - SVETSLIK.SI - 100% k\u00e9zzel festett","description":"Claude Monet - Woman with a Parasol (Facing Left) - 100% k\u00e9zzel festett h\u00edres festm\u00e9nyek reprodukci\u00f3i. Festm\u00e9nyek keretez\u00e9se, elad\u00e1sa \u00e9s egyedi rendel\u00e9sre t\u00f6rt\u00e9n\u0151 v\u00e1szonk\u00e9pek k\u00e9sz\u00edt\u00e9se.","robots":{"index":"index","follow":"follow","max-snippet":"max-snippet:-1","max-image-preview":"max-image-preview:large","max-video-preview":"max-video-preview:-1"},"canonical":"https:\/\/svetslik.si\/hu\/claude-monet-hu\/woman-with-a-parasol-facing-left\/","og_locale":"hu_HU","og_type":"article","og_title":"Claude Monet - Woman with a Parasol (Facing Left)","og_description":"100% ro\u010dno naslikane slike na platnu, reprodukcije znanih slikarjev in umetni\u0161ke slike po naro\u010dilu.","og_url":"https:\/\/svetslik.si\/hu\/claude-monet-hu\/woman-with-a-parasol-facing-left\/","og_site_name":"SVETSLIK.SI","article_publisher":"https:\/\/www.facebook.com\/svetslik.si","article_modified_time":"2026-03-22T20:33:43+00:00","og_image":[{"width":1811,"height":2560,"url":"https:\/\/svetslik.si\/wp-content\/uploads\/2021\/08\/image_Woman-with-a-Parasol-facing-left-Claude-Monet_680.jpg","type":"image\/jpeg"}],"twitter_card":"summary_large_image","twitter_site":"@svetslik","twitter_misc":{"El\u00e9rhet\u0151s\u00e9g":"Beszerz\u00e9s alatt"},"schema":{"@context":"https:\/\/schema.org","@graph":[{"@type":["WebPage","ItemPage"],"@id":"https:\/\/svetslik.si\/hu\/claude-monet-hu\/woman-with-a-parasol-facing-left\/","url":"https:\/\/svetslik.si\/hu\/claude-monet-hu\/woman-with-a-parasol-facing-left\/","name":"Claude Monet - Woman with a Parasol (Facing Left) - SVETSLIK.SI - 100% k\u00e9zzel festett","isPartOf":{"@id":"https:\/\/svetslik.si\/hu\/#website"},"primaryImageOfPage":{"@id":"https:\/\/svetslik.si\/hu\/claude-monet-hu\/woman-with-a-parasol-facing-left\/#primaryimage"},"image":{"@id":"https:\/\/svetslik.si\/hu\/claude-monet-hu\/woman-with-a-parasol-facing-left\/#primaryimage"},"thumbnailUrl":"https:\/\/svetslik.si\/wp-content\/uploads\/2021\/08\/image_Woman-with-a-Parasol-facing-left-Claude-Monet_680.jpg","datePublished":"2021-09-02T15:52:45+00:00","dateModified":"2026-03-22T20:33:43+00:00","description":"Claude Monet - Woman with a Parasol (Facing Left) - 100% k\u00e9zzel festett h\u00edres festm\u00e9nyek reprodukci\u00f3i. Festm\u00e9nyek keretez\u00e9se, elad\u00e1sa \u00e9s egyedi rendel\u00e9sre t\u00f6rt\u00e9n\u0151 v\u00e1szonk\u00e9pek k\u00e9sz\u00edt\u00e9se.","breadcrumb":{"@id":"https:\/\/svetslik.si\/hu\/claude-monet-hu\/woman-with-a-parasol-facing-left\/#breadcrumb"},"inLanguage":"hu","potentialAction":[{"@type":"ReadAction","target":["https:\/\/svetslik.si\/hu\/claude-monet-hu\/woman-with-a-parasol-facing-left\/"]}]},{"@type":"ImageObject","inLanguage":"hu","@id":"https:\/\/svetslik.si\/hu\/claude-monet-hu\/woman-with-a-parasol-facing-left\/#primaryimage","url":"https:\/\/svetslik.si\/wp-content\/uploads\/2021\/08\/image_Woman-with-a-Parasol-facing-left-Claude-Monet_680.jpg","contentUrl":"https:\/\/svetslik.si\/wp-content\/uploads\/2021\/08\/image_Woman-with-a-Parasol-facing-left-Claude-Monet_680.jpg","width":1811,"height":2560,"caption":"Claude Monet - Woman with a Parasol (Facing Left) - N\u0151 erny\u0151vel (balra n\u00e9zve) - Claude Monet - Woman with a Parasol (Facing Left) - Festm\u00e9nyek reprodukci\u00f3i - V\u00e1szonk\u00e9p - Festm\u00e9nyek reprodukci\u00f3i - Absztrakt Festm\u00e9ny - Modern Festm\u00e9ny - Realisztikus Festm\u00e9ny - Olajfestm\u00e9ny - Falik\u00e9p"},{"@type":"BreadcrumbList","@id":"https:\/\/svetslik.si\/hu\/claude-monet-hu\/woman-with-a-parasol-facing-left\/#breadcrumb","itemListElement":[{"@type":"ListItem","position":1,"name":"Wall art and paintings on canvas","item":"https:\/\/svetslik.si\/hu\/"},{"@type":"ListItem","position":2,"name":"Festm\u00e9nyek elad\u00e1sa","item":"https:\/\/svetslik.si\/prodaja-slik\/"},{"@type":"ListItem","position":3,"name":"Claude Monet &#8211; Woman with a Parasol (Facing Left)"}]},{"@type":"WebSite","@id":"https:\/\/svetslik.si\/hu\/#website","url":"https:\/\/svetslik.si\/hu\/","name":"SVETSLIK.SI","description":"100%-ban k\u00e9zzel festett reprodukci\u00f3k h\u00edres fest\u0151k festm\u00e9nyeir\u0151l \u00e9s festm\u00e9nyekr\u0151l v\u00e1szonra.","publisher":{"@id":"https:\/\/svetslik.si\/hu\/#organization"},"potentialAction":[{"@type":"SearchAction","target":{"@type":"EntryPoint","urlTemplate":"https:\/\/svetslik.si\/hu\/?s={search_term_string}"},"query-input":{"@type":"PropertyValueSpecification","valueRequired":true,"valueName":"search_term_string"}}],"inLanguage":"hu"},{"@type":"Organization","@id":"https:\/\/svetslik.si\/hu\/#organization","name":"SvetSlik.si","url":"https:\/\/svetslik.si\/hu\/","logo":{"@type":"ImageObject","inLanguage":"hu","@id":"https:\/\/svetslik.si\/hu\/#\/schema\/logo\/image\/","url":"https:\/\/svetslik.si\/wp-content\/uploads\/2020\/12\/logo-512.png","contentUrl":"https:\/\/svetslik.si\/wp-content\/uploads\/2020\/12\/logo-512.png","width":512,"height":512,"caption":"SvetSlik.si"},"image":{"@id":"https:\/\/svetslik.si\/hu\/#\/schema\/logo\/image\/"},"sameAs":["https:\/\/www.facebook.com\/svetslik.si","https:\/\/x.com\/svetslik","https:\/\/www.instagram.com\/svetslik.si\/","https:\/\/www.linkedin.com\/company\/svetslik-si"]}]},"og_availability":"backorder","product_availability":"available for order","product_retailer_item_id":"252__","product_condition":"new"},"jetpack_sharing_enabled":true,"_links":{"self":[{"href":"https:\/\/svetslik.si\/hu\/wp-json\/wp\/v2\/product\/53465","targetHints":{"allow":["GET"]}}],"collection":[{"href":"https:\/\/svetslik.si\/hu\/wp-json\/wp\/v2\/product"}],"about":[{"href":"https:\/\/svetslik.si\/hu\/wp-json\/wp\/v2\/types\/product"}],"wp:featuredmedia":[{"embeddable":true,"href":"https:\/\/svetslik.si\/hu\/wp-json\/wp\/v2\/media\/49269"}],"wp:attachment":[{"href":"https:\/\/svetslik.si\/hu\/wp-json\/wp\/v2\/media?parent=53465"}],"wp:term":[{"taxonomy":"product_brand","embeddable":true,"href":"https:\/\/svetslik.si\/hu\/wp-json\/wp\/v2\/product_brand?post=53465"},{"taxonomy":"product_cat","embeddable":true,"href":"https:\/\/svetslik.si\/hu\/wp-json\/wp\/v2\/product_cat?post=53465"},{"taxonomy":"product_tag","embeddable":true,"href":"https:\/\/svetslik.si\/hu\/wp-json\/wp\/v2\/product_tag?post=53465"}],"curies":[{"name":"wp","href":"https:\/\/api.w.org\/{rel}","templated":true}]}}