{"id":53534,"date":"2021-09-02T17:53:16","date_gmt":"2021-09-02T15:53:16","guid":{"rendered":"https:\/\/svetslik.si\/nem-kategorizalt\/black-and-violet-1923\/"},"modified":"2026-03-22T21:35:11","modified_gmt":"2026-03-22T20:35:11","slug":"black-and-violet-1923","status":"publish","type":"product","link":"https:\/\/svetslik.si\/hu\/vasilij-kandinski-hu\/black-and-violet-1923\/","title":{"rendered":"Vasilij Kandinski &#8211; Black and Violet  1923"},"content":{"rendered":"<h1>Vaszilij Kandinszkij \u2013 Fekete \u00e9s lila 1923<\/h1>\n<table border=\"0\" width=\"673\" cellpadding=\"0\">\n<colgroup>\n<col style=\"width: 135pt\" width=\"180\" \/>\n<col style=\"width: 370pt\" width=\"493\" \/> <\/colgroup>\n<tbody>\n<tr style=\"height: 15.75pt\">\n<td class=\"xl24\" style=\"height: 15.75pt;width: 135pt\" width=\"180\" height=\"21\">L\u00e9trehoz\u00e1s \u00e9ve:<\/td>\n<td class=\"xl25\" style=\"width: 370pt\" width=\"493\">1923<\/td>\n<\/tr>\n<tr style=\"height: 15.75pt\">\n<td class=\"xl24\" style=\"height: 15.75pt;width: 135pt\" width=\"180\" height=\"21\">Eredeti m\u00e9ret:<\/td>\n<td class=\"xl24\" style=\"width: 370pt\" width=\"493\">100 cm x 78,2 cm<\/td>\n<\/tr>\n<tr style=\"height: 15.75pt\">\n<td class=\"xl24\" style=\"height: 15.75pt;width: 135pt\" width=\"180\" height=\"21\">Fest\u00e9si st\u00edlus:<\/td>\n<td class=\"xl24\" style=\"width: 370pt\" width=\"493\">Absztrakt m\u0171v\u00e9szet<\/td>\n<\/tr>\n<tr style=\"height: 15.75pt\">\n<td class=\"xl24\" style=\"height: 15.75pt;width: 135pt\" width=\"180\" height=\"21\">Eredeti technika:<\/td>\n<td>Olaj, v\u00e1szon<\/td>\n<\/tr>\n<tr style=\"height: 15.75pt\">\n<td class=\"xl24\" style=\"height: 15.75pt;width: 135pt\" width=\"180\" height=\"21\">Helysz\u00edn:<\/td>\n<td>Mag\u00e1ngy\u0171jtem\u00e9ny<\/td>\n<\/tr>\n<\/tbody>\n<\/table>\n<p>Wassily Kandinsky a 20. sz\u00e1zad egyik legh\u00edresebb \u00e9s legbefoly\u00e1sosabb m\u0171v\u00e9sze, aki az absztrakt m\u0171v\u00e9szet fejleszt\u00e9s\u00e9ben j\u00e1tszott \u00fatt\u00f6r\u0151 szerep\u00e9r\u0151l ismert. Egyik legh\u00edresebb munk\u00e1ja a &#8220;Fekete \u00e9s lila 1923&#8221; c\u00edm\u0171 festm\u00e9ny, amely egyedi st\u00edlus\u00e1t, sz\u00edn- \u00e9s kompoz\u00edci\u00f3szeml\u00e9let\u00e9t mutatja be.<\/p>\n<p>A &#8220;Black and Violet 1923&#8221; c\u00edm\u0171 festm\u00e9nyen Kandinsky korl\u00e1tozott fekete, feh\u00e9r \u00e9s lila \u00e1rnyalat\u00fa sz\u00ednpalett\u00e1t haszn\u00e1l, hogy er\u0151s \u00e9s dinamikus kompoz\u00edci\u00f3t hozzon l\u00e9tre. A k\u00e9pet a nagy fekete ter\u00fcletek uralj\u00e1k, amelyek m\u00e9lys\u00e9g \u00e9s mozg\u00e1s \u00e9rzetet keltenek. A festm\u00e9nyen sz\u00e9tsz\u00f3rt feh\u00e9r \u00e9s lila form\u00e1k kontrasztban \u00e1llnak a fekete sz\u00ednnel, \u00e9s l\u00e1tsz\u00f3lag rajta lebegnek, \u00e9teri \u00e9s \u00e1lomszer\u0171 min\u0151s\u00e9get adva a munk\u00e1nak.<\/p>\n<p>A festm\u00e9ny egyik legszembet\u0171n\u0151bb tulajdons\u00e1ga a lila haszn\u00e1lata. Kandinsky arr\u00f3l volt ismert, hogy ezt a sz\u00ednt haszn\u00e1lta, amir\u0151l \u00fagy v\u00e9lte, hogy spiritu\u00e1lis jelent\u0151s\u00e9ge van. Azt mondta, hogy &#8220;a lila sz\u00edn a l\u00e9lek legm\u00e9lyebb t\u00f6rekv\u00e9s\u00e9nek sz\u00edne, k\u00f6vetkez\u00e9sk\u00e9ppen az \u00e1ldozat sz\u00edne&#8221;. A \u201eBlack and Violet 1923\u201d c\u00edm\u0171 festm\u00e9ny lila sz\u00edn\u00e9nek haszn\u00e1lata a festm\u00e9ny titokzatoss\u00e1g\u00e1nak \u00e9s spiritualit\u00e1s\u00e1nak \u00e9rzet\u00e9t kelti, ami megk\u00fcl\u00f6nb\u00f6zteti a korabeli t\u00f6bbi absztrakt alkot\u00e1st\u00f3l.<\/p>\n<p>Eml\u00edt\u00e9st \u00e9rdemel a k\u00e9p kompoz\u00edci\u00f3ja is. A nagy fekete fel\u00fcletek mozg\u00e1s- \u00e9s energia\u00e9rzetet keltenek, m\u00edg a feh\u00e9r \u00e9s lila form\u00e1k \u00e1lland\u00f3 mozg\u00e1sban vannak, mintha a v\u00e1sznon t\u00e1ncoln\u00e1nak. A festm\u00e9ny \u00edgy ritmus- \u00e9s harm\u00f3nia\u00e9rz\u00e9kre tesz szert, \u00edgy rendk\u00edv\u00fcl dinamikus \u00e9s \u00e9rdekes m\u0171alkot\u00e1ss\u00e1 v\u00e1lik.<\/p>\n<p>\u00d6sszess\u00e9g\u00e9ben a &#8220;Black and Violet 1923&#8221; az absztrakt m\u0171v\u00e9szet remeke, \u00e9s Kandinszkij egyedi l\u00e1t\u00e1sm\u00f3dj\u00e1r\u00f3l \u00e9s m\u0171v\u00e9szi tehets\u00e9g\u00e9r\u0151l tan\u00faskodik. Az egyik legfontosabb alkot\u00e1sak\u00e9nt tartj\u00e1k sz\u00e1mon, \u00e9s gyakran ki\u00e1ll\u00edtott\u00e1k m\u00fazeumokban \u00e9s gal\u00e9ri\u00e1kban szerte a vil\u00e1gon. Ha t\u00f6bbet szeretne megtudni Wassily Kandinskyr\u0151l \u00e9s munk\u00e1ss\u00e1g\u00e1r\u00f3l, sz\u00e1mos online forr\u00e1s \u00e9rhet\u0151 el, k\u00f6zt\u00fck a Kandinszkij Alap\u00edtv\u00e1ny hivatalos webhelye.<\/p>\n","protected":false},"excerpt":{"rendered":"<p>Vaszilij Kandinszkij \u2013 Fekete \u00e9s lila 1923 L\u00e9trehoz\u00e1s \u00e9ve: 1923 Eredeti m\u00e9ret: 100 cm x 78,2 cm Fest\u00e9si st\u00edlus: Absztrakt m\u0171v\u00e9szet Eredeti technika: Olaj, v\u00e1szon Helysz\u00edn: Mag\u00e1ngy\u0171jtem\u00e9ny Wassily Kandinsky a 20. sz\u00e1zad egyik legh\u00edresebb \u00e9s legbefoly\u00e1sosabb m\u0171v\u00e9sze, aki az absztrakt m\u0171v\u00e9szet fejleszt\u00e9s\u00e9ben j\u00e1tszott \u00fatt\u00f6r\u0151 szerep\u00e9r\u0151l ismert. Egyik legh\u00edresebb munk\u00e1ja a [&hellip;]<\/p>\n","protected":false},"featured_media":49380,"template":"","meta":{"_acf_changed":false},"product_brand":[],"product_cat":[7149],"product_tag":[7172,7173,11885,11886,11887],"class_list":{"0":"post-53534","1":"product","2":"type-product","3":"status-publish","4":"has-post-thumbnail","6":"product_cat-vasilij-kandinski-hu","7":"product_tag-kandinski-hu","8":"product_tag-kandinsky-hu","9":"product_tag-painter-hu","10":"product_tag-reproduction","11":"product_tag-reproductions-hu","12":"pa_dimenzija-100-x-78-cm","13":"pa_dimenzija-120-x-90-cm","14":"pa_dimenzija-150-x-120-cm","15":"pa_dimenzija-180-x-140-cm","16":"pa_dimenzija-60-x-50-cm","17":"pa_dimenzija-70-x-55-cm","18":"pa_dimenzija-80-x-60-cm","19":"pa_dimenzija-90-x-70-cm","20":"pa_oblika-vizszintes","21":"pa_okvir-nincs-keret","22":"pa_podokvir-igen","23":"pa_podokvir-nem","25":"first","26":"onbackorder","27":"purchasable","28":"product-type-variable","29":"has-default-attributes"},"acf":[],"yoast_head":"<!-- This site is optimized with the Yoast SEO Premium plugin v26.0 (Yoast SEO v27.2) - https:\/\/yoast.com\/product\/yoast-seo-premium-wordpress\/ -->\n<title>Vasilij Kandinski - Black and Violet 1923 - SVETSLIK.SI - 100% k\u00e9zzel festett<\/title>\n<meta name=\"description\" content=\"Vasilij Kandinski - Black and Violet 1923 - 100% k\u00e9zzel festett h\u00edres festm\u00e9nyek reprodukci\u00f3i. Festm\u00e9nyek keretez\u00e9se, elad\u00e1sa \u00e9s egyedi rendel\u00e9sre t\u00f6rt\u00e9n\u0151 v\u00e1szonk\u00e9pek k\u00e9sz\u00edt\u00e9se.\" \/>\n<meta name=\"robots\" content=\"index, follow, max-snippet:-1, max-image-preview:large, max-video-preview:-1\" \/>\n<link rel=\"canonical\" href=\"https:\/\/svetslik.si\/hu\/vasilij-kandinski-hu\/black-and-violet-1923\/\" \/>\n<meta property=\"og:locale\" content=\"hu_HU\" \/>\n<meta property=\"og:type\" content=\"article\" \/>\n<meta property=\"og:title\" content=\"Vasilij Kandinski - Black and Violet 1923\" \/>\n<meta property=\"og:description\" content=\"100% ro\u010dno naslikane slike na platnu, reprodukcije znanih slikarjev in umetni\u0161ke slike po naro\u010dilu.\" \/>\n<meta property=\"og:url\" content=\"https:\/\/svetslik.si\/hu\/vasilij-kandinski-hu\/black-and-violet-1923\/\" \/>\n<meta property=\"og:site_name\" content=\"SVETSLIK.SI\" \/>\n<meta property=\"article:publisher\" content=\"https:\/\/www.facebook.com\/svetslik.si\" \/>\n<meta property=\"article:modified_time\" content=\"2026-03-22T20:35:11+00:00\" \/>\n<meta property=\"og:image\" content=\"https:\/\/svetslik.si\/wp-content\/uploads\/2021\/08\/image_Black-and-Violet-1923_680.jpg\" \/>\n\t<meta property=\"og:image:width\" content=\"956\" \/>\n\t<meta property=\"og:image:height\" content=\"743\" \/>\n\t<meta property=\"og:image:type\" content=\"image\/jpeg\" \/>\n<meta name=\"twitter:card\" content=\"summary_large_image\" \/>\n<meta name=\"twitter:site\" content=\"@svetslik\" \/>\n<meta name=\"twitter:label1\" content=\"El\u00e9rhet\u0151s\u00e9g\" \/>\n\t<meta name=\"twitter:data1\" content=\"Beszerz\u00e9s alatt\" \/>\n<script type=\"application\/ld+json\" class=\"yoast-schema-graph\">{\"@context\":\"https:\/\/schema.org\",\"@graph\":[{\"@type\":[\"WebPage\",\"ItemPage\"],\"@id\":\"https:\/\/svetslik.si\/hu\/vasilij-kandinski-hu\/black-and-violet-1923\/\",\"url\":\"https:\/\/svetslik.si\/hu\/vasilij-kandinski-hu\/black-and-violet-1923\/\",\"name\":\"Vasilij Kandinski - Black and Violet 1923 - SVETSLIK.SI - 100% k\u00e9zzel festett\",\"isPartOf\":{\"@id\":\"https:\/\/svetslik.si\/hu\/#website\"},\"primaryImageOfPage\":{\"@id\":\"https:\/\/svetslik.si\/hu\/vasilij-kandinski-hu\/black-and-violet-1923\/#primaryimage\"},\"image\":{\"@id\":\"https:\/\/svetslik.si\/hu\/vasilij-kandinski-hu\/black-and-violet-1923\/#primaryimage\"},\"thumbnailUrl\":\"https:\/\/svetslik.si\/wp-content\/uploads\/2021\/08\/image_Black-and-Violet-1923_680.jpg\",\"datePublished\":\"2021-09-02T15:53:16+00:00\",\"dateModified\":\"2026-03-22T20:35:11+00:00\",\"description\":\"Vasilij Kandinski - Black and Violet 1923 - 100% k\u00e9zzel festett h\u00edres festm\u00e9nyek reprodukci\u00f3i. Festm\u00e9nyek keretez\u00e9se, elad\u00e1sa \u00e9s egyedi rendel\u00e9sre t\u00f6rt\u00e9n\u0151 v\u00e1szonk\u00e9pek k\u00e9sz\u00edt\u00e9se.\",\"breadcrumb\":{\"@id\":\"https:\/\/svetslik.si\/hu\/vasilij-kandinski-hu\/black-and-violet-1923\/#breadcrumb\"},\"inLanguage\":\"hu\",\"potentialAction\":[{\"@type\":\"ReadAction\",\"target\":[\"https:\/\/svetslik.si\/hu\/vasilij-kandinski-hu\/black-and-violet-1923\/\"]}]},{\"@type\":\"ImageObject\",\"inLanguage\":\"hu\",\"@id\":\"https:\/\/svetslik.si\/hu\/vasilij-kandinski-hu\/black-and-violet-1923\/#primaryimage\",\"url\":\"https:\/\/svetslik.si\/wp-content\/uploads\/2021\/08\/image_Black-and-Violet-1923_680.jpg\",\"contentUrl\":\"https:\/\/svetslik.si\/wp-content\/uploads\/2021\/08\/image_Black-and-Violet-1923_680.jpg\",\"width\":956,\"height\":743,\"caption\":\"Vasilij Kandinski - Black and Violet 1923 - Fekete \u00e9s ibolya 1923 - Vasilij Kandinski - Black and Violet 1923 - Festm\u00e9nyek reprodukci\u00f3i - V\u00e1szonk\u00e9p - Festm\u00e9nyek reprodukci\u00f3i - Absztrakt Festm\u00e9ny - Modern Festm\u00e9ny - Realisztikus Festm\u00e9ny - Olajfestm\u00e9ny - Falik\u00e9p\"},{\"@type\":\"BreadcrumbList\",\"@id\":\"https:\/\/svetslik.si\/hu\/vasilij-kandinski-hu\/black-and-violet-1923\/#breadcrumb\",\"itemListElement\":[{\"@type\":\"ListItem\",\"position\":1,\"name\":\"Wall art and paintings on canvas\",\"item\":\"https:\/\/svetslik.si\/hu\/\"},{\"@type\":\"ListItem\",\"position\":2,\"name\":\"Festm\u00e9nyek elad\u00e1sa\",\"item\":\"https:\/\/svetslik.si\/prodaja-slik\/\"},{\"@type\":\"ListItem\",\"position\":3,\"name\":\"Vasilij Kandinski &#8211; Black and Violet 1923\"}]},{\"@type\":\"WebSite\",\"@id\":\"https:\/\/svetslik.si\/hu\/#website\",\"url\":\"https:\/\/svetslik.si\/hu\/\",\"name\":\"SVETSLIK.SI\",\"description\":\"100%-ban k\u00e9zzel festett reprodukci\u00f3k h\u00edres fest\u0151k festm\u00e9nyeir\u0151l \u00e9s festm\u00e9nyekr\u0151l v\u00e1szonra.\",\"publisher\":{\"@id\":\"https:\/\/svetslik.si\/hu\/#organization\"},\"potentialAction\":[{\"@type\":\"SearchAction\",\"target\":{\"@type\":\"EntryPoint\",\"urlTemplate\":\"https:\/\/svetslik.si\/hu\/?s={search_term_string}\"},\"query-input\":{\"@type\":\"PropertyValueSpecification\",\"valueRequired\":true,\"valueName\":\"search_term_string\"}}],\"inLanguage\":\"hu\"},{\"@type\":\"Organization\",\"@id\":\"https:\/\/svetslik.si\/hu\/#organization\",\"name\":\"SvetSlik.si\",\"url\":\"https:\/\/svetslik.si\/hu\/\",\"logo\":{\"@type\":\"ImageObject\",\"inLanguage\":\"hu\",\"@id\":\"https:\/\/svetslik.si\/hu\/#\/schema\/logo\/image\/\",\"url\":\"https:\/\/svetslik.si\/wp-content\/uploads\/2020\/12\/logo-512.png\",\"contentUrl\":\"https:\/\/svetslik.si\/wp-content\/uploads\/2020\/12\/logo-512.png\",\"width\":512,\"height\":512,\"caption\":\"SvetSlik.si\"},\"image\":{\"@id\":\"https:\/\/svetslik.si\/hu\/#\/schema\/logo\/image\/\"},\"sameAs\":[\"https:\/\/www.facebook.com\/svetslik.si\",\"https:\/\/x.com\/svetslik\",\"https:\/\/www.instagram.com\/svetslik.si\/\",\"https:\/\/www.linkedin.com\/company\/svetslik-si\"]}]}<\/script>\n<meta property=\"og:availability\" content=\"backorder\" \/>\n<meta property=\"product:availability\" content=\"available for order\" \/>\n<meta property=\"product:retailer_item_id\" content=\"261__\" \/>\n<meta property=\"product:condition\" content=\"new\" \/>\n<!-- \/ Yoast SEO Premium plugin. -->","yoast_head_json":{"title":"Vasilij Kandinski - Black and Violet 1923 - SVETSLIK.SI - 100% k\u00e9zzel festett","description":"Vasilij Kandinski - Black and Violet 1923 - 100% k\u00e9zzel festett h\u00edres festm\u00e9nyek reprodukci\u00f3i. Festm\u00e9nyek keretez\u00e9se, elad\u00e1sa \u00e9s egyedi rendel\u00e9sre t\u00f6rt\u00e9n\u0151 v\u00e1szonk\u00e9pek k\u00e9sz\u00edt\u00e9se.","robots":{"index":"index","follow":"follow","max-snippet":"max-snippet:-1","max-image-preview":"max-image-preview:large","max-video-preview":"max-video-preview:-1"},"canonical":"https:\/\/svetslik.si\/hu\/vasilij-kandinski-hu\/black-and-violet-1923\/","og_locale":"hu_HU","og_type":"article","og_title":"Vasilij Kandinski - Black and Violet 1923","og_description":"100% ro\u010dno naslikane slike na platnu, reprodukcije znanih slikarjev in umetni\u0161ke slike po naro\u010dilu.","og_url":"https:\/\/svetslik.si\/hu\/vasilij-kandinski-hu\/black-and-violet-1923\/","og_site_name":"SVETSLIK.SI","article_publisher":"https:\/\/www.facebook.com\/svetslik.si","article_modified_time":"2026-03-22T20:35:11+00:00","og_image":[{"width":956,"height":743,"url":"https:\/\/svetslik.si\/wp-content\/uploads\/2021\/08\/image_Black-and-Violet-1923_680.jpg","type":"image\/jpeg"}],"twitter_card":"summary_large_image","twitter_site":"@svetslik","twitter_misc":{"El\u00e9rhet\u0151s\u00e9g":"Beszerz\u00e9s alatt"},"schema":{"@context":"https:\/\/schema.org","@graph":[{"@type":["WebPage","ItemPage"],"@id":"https:\/\/svetslik.si\/hu\/vasilij-kandinski-hu\/black-and-violet-1923\/","url":"https:\/\/svetslik.si\/hu\/vasilij-kandinski-hu\/black-and-violet-1923\/","name":"Vasilij Kandinski - Black and Violet 1923 - SVETSLIK.SI - 100% k\u00e9zzel festett","isPartOf":{"@id":"https:\/\/svetslik.si\/hu\/#website"},"primaryImageOfPage":{"@id":"https:\/\/svetslik.si\/hu\/vasilij-kandinski-hu\/black-and-violet-1923\/#primaryimage"},"image":{"@id":"https:\/\/svetslik.si\/hu\/vasilij-kandinski-hu\/black-and-violet-1923\/#primaryimage"},"thumbnailUrl":"https:\/\/svetslik.si\/wp-content\/uploads\/2021\/08\/image_Black-and-Violet-1923_680.jpg","datePublished":"2021-09-02T15:53:16+00:00","dateModified":"2026-03-22T20:35:11+00:00","description":"Vasilij Kandinski - Black and Violet 1923 - 100% k\u00e9zzel festett h\u00edres festm\u00e9nyek reprodukci\u00f3i. Festm\u00e9nyek keretez\u00e9se, elad\u00e1sa \u00e9s egyedi rendel\u00e9sre t\u00f6rt\u00e9n\u0151 v\u00e1szonk\u00e9pek k\u00e9sz\u00edt\u00e9se.","breadcrumb":{"@id":"https:\/\/svetslik.si\/hu\/vasilij-kandinski-hu\/black-and-violet-1923\/#breadcrumb"},"inLanguage":"hu","potentialAction":[{"@type":"ReadAction","target":["https:\/\/svetslik.si\/hu\/vasilij-kandinski-hu\/black-and-violet-1923\/"]}]},{"@type":"ImageObject","inLanguage":"hu","@id":"https:\/\/svetslik.si\/hu\/vasilij-kandinski-hu\/black-and-violet-1923\/#primaryimage","url":"https:\/\/svetslik.si\/wp-content\/uploads\/2021\/08\/image_Black-and-Violet-1923_680.jpg","contentUrl":"https:\/\/svetslik.si\/wp-content\/uploads\/2021\/08\/image_Black-and-Violet-1923_680.jpg","width":956,"height":743,"caption":"Vasilij Kandinski - Black and Violet 1923 - Fekete \u00e9s ibolya 1923 - Vasilij Kandinski - Black and Violet 1923 - Festm\u00e9nyek reprodukci\u00f3i - V\u00e1szonk\u00e9p - Festm\u00e9nyek reprodukci\u00f3i - Absztrakt Festm\u00e9ny - Modern Festm\u00e9ny - Realisztikus Festm\u00e9ny - Olajfestm\u00e9ny - Falik\u00e9p"},{"@type":"BreadcrumbList","@id":"https:\/\/svetslik.si\/hu\/vasilij-kandinski-hu\/black-and-violet-1923\/#breadcrumb","itemListElement":[{"@type":"ListItem","position":1,"name":"Wall art and paintings on canvas","item":"https:\/\/svetslik.si\/hu\/"},{"@type":"ListItem","position":2,"name":"Festm\u00e9nyek elad\u00e1sa","item":"https:\/\/svetslik.si\/prodaja-slik\/"},{"@type":"ListItem","position":3,"name":"Vasilij Kandinski &#8211; Black and Violet 1923"}]},{"@type":"WebSite","@id":"https:\/\/svetslik.si\/hu\/#website","url":"https:\/\/svetslik.si\/hu\/","name":"SVETSLIK.SI","description":"100%-ban k\u00e9zzel festett reprodukci\u00f3k h\u00edres fest\u0151k festm\u00e9nyeir\u0151l \u00e9s festm\u00e9nyekr\u0151l v\u00e1szonra.","publisher":{"@id":"https:\/\/svetslik.si\/hu\/#organization"},"potentialAction":[{"@type":"SearchAction","target":{"@type":"EntryPoint","urlTemplate":"https:\/\/svetslik.si\/hu\/?s={search_term_string}"},"query-input":{"@type":"PropertyValueSpecification","valueRequired":true,"valueName":"search_term_string"}}],"inLanguage":"hu"},{"@type":"Organization","@id":"https:\/\/svetslik.si\/hu\/#organization","name":"SvetSlik.si","url":"https:\/\/svetslik.si\/hu\/","logo":{"@type":"ImageObject","inLanguage":"hu","@id":"https:\/\/svetslik.si\/hu\/#\/schema\/logo\/image\/","url":"https:\/\/svetslik.si\/wp-content\/uploads\/2020\/12\/logo-512.png","contentUrl":"https:\/\/svetslik.si\/wp-content\/uploads\/2020\/12\/logo-512.png","width":512,"height":512,"caption":"SvetSlik.si"},"image":{"@id":"https:\/\/svetslik.si\/hu\/#\/schema\/logo\/image\/"},"sameAs":["https:\/\/www.facebook.com\/svetslik.si","https:\/\/x.com\/svetslik","https:\/\/www.instagram.com\/svetslik.si\/","https:\/\/www.linkedin.com\/company\/svetslik-si"]}]},"og_availability":"backorder","product_availability":"available for order","product_retailer_item_id":"261__","product_condition":"new"},"jetpack_sharing_enabled":true,"_links":{"self":[{"href":"https:\/\/svetslik.si\/hu\/wp-json\/wp\/v2\/product\/53534","targetHints":{"allow":["GET"]}}],"collection":[{"href":"https:\/\/svetslik.si\/hu\/wp-json\/wp\/v2\/product"}],"about":[{"href":"https:\/\/svetslik.si\/hu\/wp-json\/wp\/v2\/types\/product"}],"wp:featuredmedia":[{"embeddable":true,"href":"https:\/\/svetslik.si\/hu\/wp-json\/wp\/v2\/media\/49380"}],"wp:attachment":[{"href":"https:\/\/svetslik.si\/hu\/wp-json\/wp\/v2\/media?parent=53534"}],"wp:term":[{"taxonomy":"product_brand","embeddable":true,"href":"https:\/\/svetslik.si\/hu\/wp-json\/wp\/v2\/product_brand?post=53534"},{"taxonomy":"product_cat","embeddable":true,"href":"https:\/\/svetslik.si\/hu\/wp-json\/wp\/v2\/product_cat?post=53534"},{"taxonomy":"product_tag","embeddable":true,"href":"https:\/\/svetslik.si\/hu\/wp-json\/wp\/v2\/product_tag?post=53534"}],"curies":[{"name":"wp","href":"https:\/\/api.w.org\/{rel}","templated":true}]}}