{"id":53552,"date":"2021-09-02T17:53:26","date_gmt":"2021-09-02T15:53:26","guid":{"rendered":"https:\/\/svetslik.si\/nem-kategorizalt\/moscow-i\/"},"modified":"2026-03-22T21:35:54","modified_gmt":"2026-03-22T20:35:54","slug":"moscow-i","status":"publish","type":"product","link":"https:\/\/svetslik.si\/hu\/vasilij-kandinski-hu\/moscow-i\/","title":{"rendered":"Vasilij Kandinski &#8211; Moscow I"},"content":{"rendered":"<div class=\"wpb-content-wrapper\">[vc_row][vc_column][vc_column_text]\n<h1>Vaszilij Kandinszkij \u2013 Moszkva I.<\/h1>\n<table border=\"0\" width=\"673\" cellpadding=\"0\">\n<colgroup>\n<col style=\"width: 135pt\" width=\"180\" \/>\n<col style=\"width: 370pt\" width=\"493\" \/> <\/colgroup>\n<tbody>\n<tr style=\"height: 15.75pt\">\n<td class=\"xl24\" style=\"height: 15.75pt;width: 135pt\" width=\"180\" height=\"21\">L\u00e9trehoz\u00e1s \u00e9ve:<\/td>\n<td class=\"xl25\" style=\"width: 370pt\" width=\"493\">1916<\/td>\n<\/tr>\n<tr style=\"height: 15.75pt\">\n<td class=\"xl24\" style=\"height: 15.75pt;width: 135pt\" width=\"180\" height=\"21\">Eredeti m\u00e9ret:<\/td>\n<td class=\"xl24\" style=\"width: 370pt\" width=\"493\">49,5 cm x 51,5 cm<\/td>\n<\/tr>\n<tr style=\"height: 15.75pt\">\n<td class=\"xl24\" style=\"height: 15.75pt;width: 135pt\" width=\"180\" height=\"21\">Fest\u00e9si st\u00edlus:<\/td>\n<td class=\"xl24\" style=\"width: 370pt\" width=\"493\">Absztrakt m\u0171v\u00e9szet<\/td>\n<\/tr>\n<tr style=\"height: 15.75pt\">\n<td class=\"xl24\" style=\"height: 15.75pt;width: 135pt\" width=\"180\" height=\"21\">Eredeti technika:<\/td>\n<td>Olaj, v\u00e1szon<\/td>\n<\/tr>\n<tr style=\"height: 15.75pt\">\n<td class=\"xl24\" style=\"height: 15.75pt;width: 135pt\" width=\"180\" height=\"21\">Helysz\u00edn:<\/td>\n<td>Tretyakov Gal\u00e9ria, Moszkva<\/td>\n<\/tr>\n<\/tbody>\n<\/table>\n[\/vc_column_text][\/vc_column][\/vc_row][vc_row css=&#8221;.vc_custom_1640128826126&#8243; &#8220;][\/et_image][\/vc_column][\/vc_row][vc_row css=&#8221;.vc_custom_1640128826126{margin-bottom: 20px !important;}&#8221;][vc_column]\t<div class=\"et-image-854 et-image  full   et_image_link\">\n\t\t<div class=\"et-image-inner \">\n\t\t\t\t\t\t\t<div class=\"et-image-thumb \">\n\t\t\t\t\t\t\t\t\t<\/div>\n\t\t\t\t\t\t\t\t\t\t\t<\/div>\n\t<\/div>\n  [\/vc_column][\/vc_row][vc_row][vc_column][vc_column_text]Wassily Kandinsky Moszkva I. alkot\u00e1sa egy nagyon keresett m\u0171alkot\u00e1s, amely felt\u0171n\u0151 kompoz\u00edci\u00f3j\u00e1r\u00f3l \u00e9s mer\u00e9sz sz\u00ednhaszn\u00e1lat\u00e1r\u00f3l ismert. 1911-ben festett\u00e9k, \u00e9s a m\u0171v\u00e9sz korai id\u0151szak\u00e1nak egyik legfontosabb alkot\u00e1sak\u00e9nt tartj\u00e1k sz\u00e1mon.<\/p>\n<p>A Moszkva I. festm\u00e9ny egyik legszembet\u0171n\u0151bb eleme a sz\u00ednhaszn\u00e1lat. Kandinskyt nagym\u00e9rt\u00e9kben befoly\u00e1solta az a gondolat, hogy a sz\u00edneket \u00e9rzelmek kiv\u00e1lt\u00e1s\u00e1ra haszn\u00e1lj\u00e1k, \u00e9s ez a munka kiv\u00e1l\u00f3 p\u00e9ld\u00e1ja ennek az elvnek. A k\u00e9p domin\u00e1ns k\u00e9k sz\u00edne a nyugalom \u00e9s a nyugalom \u00e9rzet\u00e9t kelti, m\u00edg a kontrasztos v\u00f6r\u00f6s \u00e9s s\u00e1rga form\u00e1k mozg\u00e1st \u00e9s energi\u00e1t adnak.<\/p>\n<p>Eml\u00edt\u00e9st \u00e9rdemel a \u201eMoszkva I\u201d festm\u00e9ny kompoz\u00edci\u00f3ja is. A k\u00e9p k\u00e9t f\u0151 r\u00e9szre oszlik: egy nagy k\u00e9k szegmensre a bal oldalon \u00e9s egy sor kisebb absztrakt alakzatra a jobb oldalon. Ez a feloszt\u00e1s egyens\u00falyt \u00e9s harm\u00f3ni\u00e1t teremt a m\u0171ben, a nagy k\u00e9k forma a jobb oldali dinamikusabb elemek alapj\u00e1ul szolg\u00e1l.<\/p>\n<p>A \u201eMoszkva I\u201d m\u00e1sik aspektusa, amely kiemeli, az a kapcsolat Kandinszkij spiritualit\u00e1s ir\u00e1nti \u00e9rdekl\u0151d\u00e9s\u00e9vel. A m\u0171v\u00e9sz \u00fagy gondolta, hogy a m\u0171v\u00e9szetnek a spiritu\u00e1lis megvil\u00e1gosod\u00e1s fel\u00e9 vezet\u0151 \u00fatnak kell lennie, \u00e9s sok m\u0171v\u00e9r\u0151l, k\u00f6zt\u00fck az I. Moszkv\u00e1r\u00f3l is azt mondt\u00e1k, hogy ennek az elk\u00e9pzel\u00e9snek a vizu\u00e1lis medit\u00e1ci\u00f3ja. A festm\u00e9nyen l\u00e1that\u00f3 absztrakt form\u00e1k a m\u0171v\u00e9sz bels\u0151 gondolatait \u00e9s \u00e9rz\u00e9seit k\u00e9pviselik, m\u00edg a k\u00e9k szegmens a spiritu\u00e1lis birodalom szimb\u00f3luma.<\/p>\n<p>\u00d6sszess\u00e9g\u00e9ben a &#8220;Moszkva I&#8221; egy er\u0151teljes \u00e9s hangulatos festm\u00e9ny, amely bemutatja Kandinszkij kolorista \u00e9s zeneszerz\u0151 tehets\u00e9g\u00e9t. A m\u0171v\u00e9sz korai id\u0151szak\u00e1nak remekm\u0171vek\u00e9nt tartj\u00e1k sz\u00e1mon, \u00e9s minden, az absztrakt m\u0171v\u00e9szet fejl\u0151d\u00e9se ir\u00e1nt \u00e9rdekl\u0151d\u0151 sz\u00e1m\u00e1ra k\u00f6telez\u0151 megn\u00e9zni. Kandinszkij munk\u00e1inak tov\u00e1bbi megtekint\u00e9s\u00e9hez sz\u00e1mos festm\u00e9nye megtal\u00e1lhat\u00f3 a New York-i Guggenheim M\u00fazeumban \u00e9s a p\u00e1rizsi Georges Pompidou K\u00f6zpontban.[\/vc_column_text][\/vc_column][\/vc_row]\n<\/div>","protected":false},"excerpt":{"rendered":"<p>[vc_row][vc_column][vc_column_text] Vaszilij Kandinszkij \u2013 Moszkva I. L\u00e9trehoz\u00e1s \u00e9ve: 1916 Eredeti m\u00e9ret: 49,5 cm x 51,5 cm Fest\u00e9si st\u00edlus: Absztrakt m\u0171v\u00e9szet Eredeti technika: Olaj, v\u00e1szon Helysz\u00edn: Tretyakov Gal\u00e9ria, Moszkva [\/vc_column_text][\/vc_column][\/vc_row][vc_row css=&#8221;.vc_custom_1640128826126&#8243; &#8220;][\/et_image][\/vc_column][\/vc_row][vc_row css=&#8221;.vc_custom_1640128826126{margin-bottom: 20px !important;}&#8221;][vc_column][\/vc_column][\/vc_row][vc_row][vc_column][vc_column_text]Wassily Kandinsky Moszkva I. alkot\u00e1sa egy nagyon keresett m\u0171alkot\u00e1s, amely felt\u0171n\u0151 kompoz\u00edci\u00f3j\u00e1r\u00f3l \u00e9s mer\u00e9sz sz\u00ednhaszn\u00e1lat\u00e1r\u00f3l ismert. 1911-ben [&hellip;]<\/p>\n","protected":false},"featured_media":49819,"template":"","meta":{"_acf_changed":false},"product_brand":[],"product_cat":[7149],"product_tag":[7172,7173,11885,11886,11887],"class_list":{"0":"post-53552","1":"product","2":"type-product","3":"status-publish","4":"has-post-thumbnail","6":"product_cat-vasilij-kandinski-hu","7":"product_tag-kandinski-hu","8":"product_tag-kandinsky-hu","9":"product_tag-painter-hu","10":"product_tag-reproduction","11":"product_tag-reproductions-hu","12":"pa_dimenzija-110-x-110-cm","13":"pa_dimenzija-150-x-150-cm","14":"pa_dimenzija-40-x-40-cm","15":"pa_dimenzija-50-x-52-cm","16":"pa_dimenzija-60-x-60-cm","17":"pa_dimenzija-70-x-70-cm","18":"pa_dimenzija-80-x-80-cm","19":"pa_dimenzija-90-x-90-cm","20":"pa_oblika-negyzet","21":"pa_okvir-nincs-keret","22":"pa_podokvir-igen","23":"pa_podokvir-nem","25":"first","26":"onbackorder","27":"purchasable","28":"product-type-variable","29":"has-default-attributes"},"acf":[],"yoast_head":"<!-- This site is optimized with the Yoast SEO Premium plugin v26.0 (Yoast SEO v27.2) - https:\/\/yoast.com\/product\/yoast-seo-premium-wordpress\/ -->\n<title>Vasilij Kandinski - Moscow I - SVETSLIK.SI - 100% k\u00e9zzel festett<\/title>\n<meta name=\"description\" content=\"Vasilij Kandinski - Moscow I - 100% k\u00e9zzel festett h\u00edres festm\u00e9nyek reprodukci\u00f3i. Festm\u00e9nyek keretez\u00e9se, elad\u00e1sa \u00e9s egyedi rendel\u00e9sre t\u00f6rt\u00e9n\u0151 v\u00e1szonk\u00e9pek k\u00e9sz\u00edt\u00e9se.\" \/>\n<meta name=\"robots\" content=\"index, follow, max-snippet:-1, max-image-preview:large, max-video-preview:-1\" \/>\n<link rel=\"canonical\" href=\"https:\/\/svetslik.si\/hu\/vasilij-kandinski-hu\/moscow-i\/\" \/>\n<meta property=\"og:locale\" content=\"hu_HU\" \/>\n<meta property=\"og:type\" content=\"article\" \/>\n<meta property=\"og:title\" content=\"Vasilij Kandinski - Moscow I\" \/>\n<meta property=\"og:description\" content=\"100% ro\u010dno naslikane slike na platnu, reprodukcije znanih slikarjev in umetni\u0161ke slike po naro\u010dilu.\" \/>\n<meta property=\"og:url\" content=\"https:\/\/svetslik.si\/hu\/vasilij-kandinski-hu\/moscow-i\/\" \/>\n<meta property=\"og:site_name\" content=\"SVETSLIK.SI\" \/>\n<meta property=\"article:publisher\" content=\"https:\/\/www.facebook.com\/svetslik.si\" \/>\n<meta property=\"article:modified_time\" content=\"2026-03-22T20:35:54+00:00\" \/>\n<meta property=\"og:image\" content=\"https:\/\/svetslik.si\/wp-content\/uploads\/2021\/08\/image_Moscow-I_680.jpg\" \/>\n\t<meta property=\"og:image:width\" content=\"2230\" \/>\n\t<meta property=\"og:image:height\" content=\"2337\" \/>\n\t<meta property=\"og:image:type\" content=\"image\/jpeg\" \/>\n<meta name=\"twitter:card\" content=\"summary_large_image\" \/>\n<meta name=\"twitter:site\" content=\"@svetslik\" \/>\n<meta name=\"twitter:label1\" content=\"El\u00e9rhet\u0151s\u00e9g\" \/>\n\t<meta name=\"twitter:data1\" content=\"Beszerz\u00e9s alatt\" \/>\n<script type=\"application\/ld+json\" class=\"yoast-schema-graph\">{\"@context\":\"https:\/\/schema.org\",\"@graph\":[{\"@type\":[\"WebPage\",\"ItemPage\"],\"@id\":\"https:\/\/svetslik.si\/hu\/vasilij-kandinski-hu\/moscow-i\/\",\"url\":\"https:\/\/svetslik.si\/hu\/vasilij-kandinski-hu\/moscow-i\/\",\"name\":\"Vasilij Kandinski - Moscow I - SVETSLIK.SI - 100% k\u00e9zzel festett\",\"isPartOf\":{\"@id\":\"https:\/\/svetslik.si\/hu\/#website\"},\"primaryImageOfPage\":{\"@id\":\"https:\/\/svetslik.si\/hu\/vasilij-kandinski-hu\/moscow-i\/#primaryimage\"},\"image\":{\"@id\":\"https:\/\/svetslik.si\/hu\/vasilij-kandinski-hu\/moscow-i\/#primaryimage\"},\"thumbnailUrl\":\"https:\/\/svetslik.si\/wp-content\/uploads\/2021\/08\/image_Moscow-I_680.jpg\",\"datePublished\":\"2021-09-02T15:53:26+00:00\",\"dateModified\":\"2026-03-22T20:35:54+00:00\",\"description\":\"Vasilij Kandinski - Moscow I - 100% k\u00e9zzel festett h\u00edres festm\u00e9nyek reprodukci\u00f3i. Festm\u00e9nyek keretez\u00e9se, elad\u00e1sa \u00e9s egyedi rendel\u00e9sre t\u00f6rt\u00e9n\u0151 v\u00e1szonk\u00e9pek k\u00e9sz\u00edt\u00e9se.\",\"breadcrumb\":{\"@id\":\"https:\/\/svetslik.si\/hu\/vasilij-kandinski-hu\/moscow-i\/#breadcrumb\"},\"inLanguage\":\"hu\",\"potentialAction\":[{\"@type\":\"ReadAction\",\"target\":[\"https:\/\/svetslik.si\/hu\/vasilij-kandinski-hu\/moscow-i\/\"]}]},{\"@type\":\"ImageObject\",\"inLanguage\":\"hu\",\"@id\":\"https:\/\/svetslik.si\/hu\/vasilij-kandinski-hu\/moscow-i\/#primaryimage\",\"url\":\"https:\/\/svetslik.si\/wp-content\/uploads\/2021\/08\/image_Moscow-I_680.jpg\",\"contentUrl\":\"https:\/\/svetslik.si\/wp-content\/uploads\/2021\/08\/image_Moscow-I_680.jpg\",\"width\":2230,\"height\":2337,\"caption\":\"Vasilij Kandinski - Moscow I - Vaszilij Kandinszkij - Moszkva I - REPRODUKCI\u00d3I - V\u00e1szonk\u00e9p - Festm\u00e9nyek reprodukci\u00f3i - Absztrakt Festm\u00e9ny - Modern Festm\u00e9ny - Realisztikus Festm\u00e9ny - Olajfestm\u00e9ny - Falik\u00e9p\"},{\"@type\":\"BreadcrumbList\",\"@id\":\"https:\/\/svetslik.si\/hu\/vasilij-kandinski-hu\/moscow-i\/#breadcrumb\",\"itemListElement\":[{\"@type\":\"ListItem\",\"position\":1,\"name\":\"Wall art and paintings on canvas\",\"item\":\"https:\/\/svetslik.si\/hu\/\"},{\"@type\":\"ListItem\",\"position\":2,\"name\":\"Festm\u00e9nyek elad\u00e1sa\",\"item\":\"https:\/\/svetslik.si\/prodaja-slik\/\"},{\"@type\":\"ListItem\",\"position\":3,\"name\":\"Vasilij Kandinski &#8211; Moscow I\"}]},{\"@type\":\"WebSite\",\"@id\":\"https:\/\/svetslik.si\/hu\/#website\",\"url\":\"https:\/\/svetslik.si\/hu\/\",\"name\":\"SVETSLIK.SI\",\"description\":\"100%-ban k\u00e9zzel festett reprodukci\u00f3k h\u00edres fest\u0151k festm\u00e9nyeir\u0151l \u00e9s festm\u00e9nyekr\u0151l v\u00e1szonra.\",\"publisher\":{\"@id\":\"https:\/\/svetslik.si\/hu\/#organization\"},\"potentialAction\":[{\"@type\":\"SearchAction\",\"target\":{\"@type\":\"EntryPoint\",\"urlTemplate\":\"https:\/\/svetslik.si\/hu\/?s={search_term_string}\"},\"query-input\":{\"@type\":\"PropertyValueSpecification\",\"valueRequired\":true,\"valueName\":\"search_term_string\"}}],\"inLanguage\":\"hu\"},{\"@type\":\"Organization\",\"@id\":\"https:\/\/svetslik.si\/hu\/#organization\",\"name\":\"SvetSlik.si\",\"url\":\"https:\/\/svetslik.si\/hu\/\",\"logo\":{\"@type\":\"ImageObject\",\"inLanguage\":\"hu\",\"@id\":\"https:\/\/svetslik.si\/hu\/#\/schema\/logo\/image\/\",\"url\":\"https:\/\/svetslik.si\/wp-content\/uploads\/2020\/12\/logo-512.png\",\"contentUrl\":\"https:\/\/svetslik.si\/wp-content\/uploads\/2020\/12\/logo-512.png\",\"width\":512,\"height\":512,\"caption\":\"SvetSlik.si\"},\"image\":{\"@id\":\"https:\/\/svetslik.si\/hu\/#\/schema\/logo\/image\/\"},\"sameAs\":[\"https:\/\/www.facebook.com\/svetslik.si\",\"https:\/\/x.com\/svetslik\",\"https:\/\/www.instagram.com\/svetslik.si\/\",\"https:\/\/www.linkedin.com\/company\/svetslik-si\"]}]}<\/script>\n<meta property=\"og:availability\" content=\"backorder\" \/>\n<meta property=\"product:availability\" content=\"available for order\" \/>\n<meta property=\"product:retailer_item_id\" content=\"263__\" \/>\n<meta property=\"product:condition\" content=\"new\" \/>\n<!-- \/ Yoast SEO Premium plugin. -->","yoast_head_json":{"title":"Vasilij Kandinski - Moscow I - SVETSLIK.SI - 100% k\u00e9zzel festett","description":"Vasilij Kandinski - Moscow I - 100% k\u00e9zzel festett h\u00edres festm\u00e9nyek reprodukci\u00f3i. Festm\u00e9nyek keretez\u00e9se, elad\u00e1sa \u00e9s egyedi rendel\u00e9sre t\u00f6rt\u00e9n\u0151 v\u00e1szonk\u00e9pek k\u00e9sz\u00edt\u00e9se.","robots":{"index":"index","follow":"follow","max-snippet":"max-snippet:-1","max-image-preview":"max-image-preview:large","max-video-preview":"max-video-preview:-1"},"canonical":"https:\/\/svetslik.si\/hu\/vasilij-kandinski-hu\/moscow-i\/","og_locale":"hu_HU","og_type":"article","og_title":"Vasilij Kandinski - Moscow I","og_description":"100% ro\u010dno naslikane slike na platnu, reprodukcije znanih slikarjev in umetni\u0161ke slike po naro\u010dilu.","og_url":"https:\/\/svetslik.si\/hu\/vasilij-kandinski-hu\/moscow-i\/","og_site_name":"SVETSLIK.SI","article_publisher":"https:\/\/www.facebook.com\/svetslik.si","article_modified_time":"2026-03-22T20:35:54+00:00","og_image":[{"width":2230,"height":2337,"url":"https:\/\/svetslik.si\/wp-content\/uploads\/2021\/08\/image_Moscow-I_680.jpg","type":"image\/jpeg"}],"twitter_card":"summary_large_image","twitter_site":"@svetslik","twitter_misc":{"El\u00e9rhet\u0151s\u00e9g":"Beszerz\u00e9s alatt"},"schema":{"@context":"https:\/\/schema.org","@graph":[{"@type":["WebPage","ItemPage"],"@id":"https:\/\/svetslik.si\/hu\/vasilij-kandinski-hu\/moscow-i\/","url":"https:\/\/svetslik.si\/hu\/vasilij-kandinski-hu\/moscow-i\/","name":"Vasilij Kandinski - Moscow I - SVETSLIK.SI - 100% k\u00e9zzel festett","isPartOf":{"@id":"https:\/\/svetslik.si\/hu\/#website"},"primaryImageOfPage":{"@id":"https:\/\/svetslik.si\/hu\/vasilij-kandinski-hu\/moscow-i\/#primaryimage"},"image":{"@id":"https:\/\/svetslik.si\/hu\/vasilij-kandinski-hu\/moscow-i\/#primaryimage"},"thumbnailUrl":"https:\/\/svetslik.si\/wp-content\/uploads\/2021\/08\/image_Moscow-I_680.jpg","datePublished":"2021-09-02T15:53:26+00:00","dateModified":"2026-03-22T20:35:54+00:00","description":"Vasilij Kandinski - Moscow I - 100% k\u00e9zzel festett h\u00edres festm\u00e9nyek reprodukci\u00f3i. Festm\u00e9nyek keretez\u00e9se, elad\u00e1sa \u00e9s egyedi rendel\u00e9sre t\u00f6rt\u00e9n\u0151 v\u00e1szonk\u00e9pek k\u00e9sz\u00edt\u00e9se.","breadcrumb":{"@id":"https:\/\/svetslik.si\/hu\/vasilij-kandinski-hu\/moscow-i\/#breadcrumb"},"inLanguage":"hu","potentialAction":[{"@type":"ReadAction","target":["https:\/\/svetslik.si\/hu\/vasilij-kandinski-hu\/moscow-i\/"]}]},{"@type":"ImageObject","inLanguage":"hu","@id":"https:\/\/svetslik.si\/hu\/vasilij-kandinski-hu\/moscow-i\/#primaryimage","url":"https:\/\/svetslik.si\/wp-content\/uploads\/2021\/08\/image_Moscow-I_680.jpg","contentUrl":"https:\/\/svetslik.si\/wp-content\/uploads\/2021\/08\/image_Moscow-I_680.jpg","width":2230,"height":2337,"caption":"Vasilij Kandinski - Moscow I - Vaszilij Kandinszkij - Moszkva I - REPRODUKCI\u00d3I - V\u00e1szonk\u00e9p - Festm\u00e9nyek reprodukci\u00f3i - Absztrakt Festm\u00e9ny - Modern Festm\u00e9ny - Realisztikus Festm\u00e9ny - Olajfestm\u00e9ny - Falik\u00e9p"},{"@type":"BreadcrumbList","@id":"https:\/\/svetslik.si\/hu\/vasilij-kandinski-hu\/moscow-i\/#breadcrumb","itemListElement":[{"@type":"ListItem","position":1,"name":"Wall art and paintings on canvas","item":"https:\/\/svetslik.si\/hu\/"},{"@type":"ListItem","position":2,"name":"Festm\u00e9nyek elad\u00e1sa","item":"https:\/\/svetslik.si\/prodaja-slik\/"},{"@type":"ListItem","position":3,"name":"Vasilij Kandinski &#8211; Moscow I"}]},{"@type":"WebSite","@id":"https:\/\/svetslik.si\/hu\/#website","url":"https:\/\/svetslik.si\/hu\/","name":"SVETSLIK.SI","description":"100%-ban k\u00e9zzel festett reprodukci\u00f3k h\u00edres fest\u0151k festm\u00e9nyeir\u0151l \u00e9s festm\u00e9nyekr\u0151l v\u00e1szonra.","publisher":{"@id":"https:\/\/svetslik.si\/hu\/#organization"},"potentialAction":[{"@type":"SearchAction","target":{"@type":"EntryPoint","urlTemplate":"https:\/\/svetslik.si\/hu\/?s={search_term_string}"},"query-input":{"@type":"PropertyValueSpecification","valueRequired":true,"valueName":"search_term_string"}}],"inLanguage":"hu"},{"@type":"Organization","@id":"https:\/\/svetslik.si\/hu\/#organization","name":"SvetSlik.si","url":"https:\/\/svetslik.si\/hu\/","logo":{"@type":"ImageObject","inLanguage":"hu","@id":"https:\/\/svetslik.si\/hu\/#\/schema\/logo\/image\/","url":"https:\/\/svetslik.si\/wp-content\/uploads\/2020\/12\/logo-512.png","contentUrl":"https:\/\/svetslik.si\/wp-content\/uploads\/2020\/12\/logo-512.png","width":512,"height":512,"caption":"SvetSlik.si"},"image":{"@id":"https:\/\/svetslik.si\/hu\/#\/schema\/logo\/image\/"},"sameAs":["https:\/\/www.facebook.com\/svetslik.si","https:\/\/x.com\/svetslik","https:\/\/www.instagram.com\/svetslik.si\/","https:\/\/www.linkedin.com\/company\/svetslik-si"]}]},"og_availability":"backorder","product_availability":"available for order","product_retailer_item_id":"263__","product_condition":"new"},"jetpack_sharing_enabled":true,"_links":{"self":[{"href":"https:\/\/svetslik.si\/hu\/wp-json\/wp\/v2\/product\/53552","targetHints":{"allow":["GET"]}}],"collection":[{"href":"https:\/\/svetslik.si\/hu\/wp-json\/wp\/v2\/product"}],"about":[{"href":"https:\/\/svetslik.si\/hu\/wp-json\/wp\/v2\/types\/product"}],"wp:featuredmedia":[{"embeddable":true,"href":"https:\/\/svetslik.si\/hu\/wp-json\/wp\/v2\/media\/49819"}],"wp:attachment":[{"href":"https:\/\/svetslik.si\/hu\/wp-json\/wp\/v2\/media?parent=53552"}],"wp:term":[{"taxonomy":"product_brand","embeddable":true,"href":"https:\/\/svetslik.si\/hu\/wp-json\/wp\/v2\/product_brand?post=53552"},{"taxonomy":"product_cat","embeddable":true,"href":"https:\/\/svetslik.si\/hu\/wp-json\/wp\/v2\/product_cat?post=53552"},{"taxonomy":"product_tag","embeddable":true,"href":"https:\/\/svetslik.si\/hu\/wp-json\/wp\/v2\/product_tag?post=53552"}],"curies":[{"name":"wp","href":"https:\/\/api.w.org\/{rel}","templated":true}]}}