{"id":53718,"date":"2021-09-02T17:54:57","date_gmt":"2021-09-02T15:54:57","guid":{"rendered":"https:\/\/svetslik.si\/nem-kategorizalt\/im-grau\/"},"modified":"2026-03-22T21:39:05","modified_gmt":"2026-03-22T20:39:05","slug":"im-grau","status":"publish","type":"product","link":"https:\/\/svetslik.si\/hu\/vasilij-kandinski-hu\/im-grau\/","title":{"rendered":"Vasilij Kandinski &#8211; Im Grau"},"content":{"rendered":"<div class=\"wpb-content-wrapper\">[vc_row css=&#8221;.vc_custom_1691768432963{margin-bottom: 10px !important;}&#8221;][vc_column]\t<div class=\"et-image-171 et-image     et_image_link\">\n\t\t<div class=\"et-image-inner \">\n\t\t\t\t\t\t\t<div class=\"et-image-thumb \">\n\t\t\t\t\t<img decoding=\"async\" width=\"1000\" height=\"751\" src=\"https:\/\/svetslik.si\/wp-content\/uploads\/2021\/09\/Vasilij-Kandinski-\u2013-Im-Grau.jpg\" class=\"attachment-full\" alt=\"Vasilij Kandinski \u2013 Im Grau REPRODUKCIJA SLIKE\" title=\"Vasilij-Kandinski-\u2013-Im-Grau\" srcset=\"https:\/\/svetslik.si\/wp-content\/uploads\/2021\/09\/Vasilij-Kandinski-\u2013-Im-Grau.jpg 1000w, https:\/\/svetslik.si\/wp-content\/uploads\/2021\/09\/Vasilij-Kandinski-\u2013-Im-Grau-600x451.jpg 600w, https:\/\/svetslik.si\/wp-content\/uploads\/2021\/09\/Vasilij-Kandinski-\u2013-Im-Grau-300x225.jpg 300w, https:\/\/svetslik.si\/wp-content\/uploads\/2021\/09\/Vasilij-Kandinski-\u2013-Im-Grau-768x577.jpg 768w, https:\/\/svetslik.si\/wp-content\/uploads\/2021\/09\/Vasilij-Kandinski-\u2013-Im-Grau-150x113.jpg 150w, https:\/\/svetslik.si\/wp-content\/uploads\/2021\/09\/Vasilij-Kandinski-\u2013-Im-Grau-900x676.jpg 900w\" sizes=\"(max-width: 1000px) 100vw, 1000px\" \/>\t\t\t\t<\/div>\n\t\t\t\t\t\t\t\t\t\t\t<\/div>\n\t<\/div>\n  [\/vc_column][\/vc_row][vc_row][vc_column][vc_column_text]\n<h1>Wassily Kandinsky \u2013 Im Grau<\/h1>\n<table border=\"0\" width=\"673\" cellpadding=\"0\">\n<colgroup>\n<col style=\"width: 135pt;\" width=\"180\" \/>\n<col style=\"width: 370pt;\" width=\"493\" \/> <\/colgroup>\n<tbody>\n<tr style=\"height: 15.75pt;\">\n<td class=\"xl24\" style=\"height: 15.75pt; width: 135pt;\" width=\"180\" height=\"21\">L\u00e9trehoz\u00e1s \u00e9ve:<\/td>\n<td class=\"xl25\" style=\"width: 370pt;\" width=\"493\">1919<\/td>\n<\/tr>\n<tr style=\"height: 15.75pt;\">\n<td class=\"xl24\" style=\"height: 15.75pt; width: 135pt;\" width=\"180\" height=\"21\">Eredeti m\u00e9ret:<\/td>\n<td class=\"xl24\" style=\"width: 370pt;\" width=\"493\">176 cm x 129 cm<\/td>\n<\/tr>\n<tr style=\"height: 15.75pt;\">\n<td class=\"xl24\" style=\"height: 15.75pt; width: 135pt;\" width=\"180\" height=\"21\">Fest\u00e9si st\u00edlus:<\/td>\n<td class=\"xl24\" style=\"width: 370pt;\" width=\"493\">Absztrakt m\u0171v\u00e9szet<\/td>\n<\/tr>\n<tr style=\"height: 15.75pt;\">\n<td class=\"xl24\" style=\"height: 15.75pt; width: 135pt;\" width=\"180\" height=\"21\">Eredeti technika:<\/td>\n<td>Olaj, v\u00e1szon<\/td>\n<\/tr>\n<tr style=\"height: 15.75pt;\">\n<td class=\"xl24\" style=\"height: 15.75pt; width: 135pt;\" width=\"180\" height=\"21\">Helysz\u00edn:<\/td>\n<td>P\u00e1rizsi Modern M\u0171v\u00e9szetek M\u00fazeuma<\/td>\n<\/tr>\n<\/tbody>\n<\/table>\n<p>&nbsp;<\/p>\n<p>Wassily Kandinsky orosz fest\u0151 \u00e9s m\u0171v\u00e9szeti teoretikus volt, akit az absztrakt m\u0171v\u00e9szet egyik \u00fatt\u00f6r\u0151jek\u00e9nt tartanak sz\u00e1mon. Legink\u00e1bb nagyszab\u00e1s\u00fa absztrakt kompoz\u00edci\u00f3ir\u00f3l ismert, amelyek gyakran mer\u00e9sz, \u00e9l\u00e9nk sz\u00edneket haszn\u00e1lnak. Egyik m\u0171ve az &#8220;Im Grau&#8221; (Sz\u00fcrk\u00e9ben), amely nem annyira ismert, mint m\u00e1s kompoz\u00edci\u00f3i, de m\u00e9gis fontos alkot\u00e1s az \u00e9letm\u0171v\u00e9ben.<\/p>\n<p>Az &#8220;Im Grau&#8221; festm\u00e9ny absztrakt form\u00e1k \u00e9s form\u00e1k kompoz\u00edci\u00f3ja. A k\u00e9pet a sz\u00fcrke\u00e1rnyalatok haszn\u00e1lata jellemzi, ahol a sz\u00fcrke k\u00fcl\u00f6nb\u00f6z\u0151 \u00e1rnyalatai \u00e9s t\u00f3nusai a k\u00e9p m\u00e9lys\u00e9g\u00e9nek \u00e9s mozg\u00e1s\u00e1nak \u00e9rzet\u00e9t keltik. A form\u00e1k \u00e9s form\u00e1k dinamikus \u00e9s foly\u00f3 kompoz\u00edci\u00f3ba rendez\u0151dnek, mozg\u00e1s- \u00e9s energia\u00e9rzetet keltve. Ezt a festm\u00e9nyt Kandinszkij egyik legfinomabb \u00e9s legvisszafogottabb alkot\u00e1s\u00e1nak tartj\u00e1k, mivel elt\u00e9r az \u00e9l\u00e9nk sz\u00ednek szok\u00e1sos haszn\u00e1lat\u00e1t\u00f3l.<\/p>\n<p>Kandinsky m\u0171vei arr\u00f3l ismertek, hogy k\u00e9pesek \u00e9rzelmeket \u00e9s \u00e9rz\u00e9seket kiv\u00e1ltani sz\u00ednek \u00e9s form\u00e1k haszn\u00e1lat\u00e1val. Ez al\u00f3l az &#8220;Im Grau&#8221; festm\u00e9ny sem kiv\u00e9tel, mivel a sz\u00fcrke k\u00fcl\u00f6nb\u00f6z\u0151 \u00e1rnyalatainak \u00e9s t\u00f3nusainak haszn\u00e1lata m\u00e9lys\u00e9g- \u00e9s mozg\u00e1s\u00e9rz\u00e9ket kelt a festm\u00e9nyen. T\u00f6k\u00e9letes p\u00e9ld\u00e1ja Kandinsky azon k\u00e9pess\u00e9g\u00e9nek, hogy er\u0151teljes kompoz\u00edci\u00f3kat hozzon l\u00e9tre an\u00e9lk\u00fcl, hogy az \u00e9l\u00e9nk sz\u00ednekre hagyatkozna.<\/p>\n<p>Az &#8220;Im Grau&#8221; festm\u00e9ny 1911-ben k\u00e9sz\u00fclt, jelenleg egy mag\u00e1ngy\u0171jtem\u00e9nyben tal\u00e1lhat\u00f3, \u00e9s Kandinsky korai id\u0151szak\u00e1nak egyik legfontosabb alkot\u00e1sak\u00e9nt tartj\u00e1k sz\u00e1mon. A m\u0171kedvel\u0151k \u00e9s a kritikusok ma is csod\u00e1lj\u00e1k, \u00e9letm\u0171v\u00e9nek fontos alkot\u00e1sak\u00e9nt tartj\u00e1k sz\u00e1mon.<\/p>\n<p>V\u00e9g\u00fcl mondjuk el, hogy az &#8220;Im Grau&#8221; Wassily Kandinsky festm\u00e9nye, egy orosz fest\u0151 \u00e9s m\u0171v\u00e9szetteoretikus, akit az absztrakt m\u0171v\u00e9szet egyik \u00fatt\u00f6r\u0151jek\u00e9nt tartanak sz\u00e1mon. Nem annyira ismert, mint m\u00e1s kompoz\u00edci\u00f3i, de \u00e9letm\u0171v\u00e9nek tov\u00e1bbra is fontos alkot\u00e1sa. A k\u00e9pet a sz\u00fcrke\u00e1rnyalatok haszn\u00e1lata jellemzi, ahol a sz\u00fcrke k\u00fcl\u00f6nb\u00f6z\u0151 \u00e1rnyalatai \u00e9s t\u00f3nusai a k\u00e9p m\u00e9lys\u00e9g\u00e9nek \u00e9s mozg\u00e1s\u00e1nak \u00e9rzet\u00e9t keltik. A festm\u00e9ny kiv\u00e1l\u00f3 p\u00e9ld\u00e1ja Kandinsky azon k\u00e9pess\u00e9g\u00e9nek, hogy er\u0151teljes kompoz\u00edci\u00f3kat hozzon l\u00e9tre an\u00e9lk\u00fcl, hogy az \u00e9l\u00e9nk sz\u00ednekre hagyatkozna; m\u00e1ig csod\u00e1lj\u00e1k a m\u0171kedvel\u0151k \u00e9s a kritikusok, \u00e9s \u00e9letm\u0171v\u00e9nek fontos alkot\u00e1sak\u00e9nt tartj\u00e1k sz\u00e1mon.<\/p>\n<\/div>","protected":false},"excerpt":{"rendered":"<p>[vc_row css=&#8221;.vc_custom_1691768432963{margin-bottom: 10px !important;}&#8221;][vc_column][\/vc_column][\/vc_row][vc_row][vc_column][vc_column_text] Wassily Kandinsky \u2013 Im Grau L\u00e9trehoz\u00e1s \u00e9ve: 1919 Eredeti m\u00e9ret: 176 cm x 129 cm Fest\u00e9si st\u00edlus: Absztrakt m\u0171v\u00e9szet Eredeti technika: Olaj, v\u00e1szon Helysz\u00edn: P\u00e1rizsi Modern M\u0171v\u00e9szetek M\u00fazeuma &nbsp; Wassily Kandinsky orosz fest\u0151 \u00e9s m\u0171v\u00e9szeti teoretikus volt, akit az absztrakt m\u0171v\u00e9szet egyik \u00fatt\u00f6r\u0151jek\u00e9nt tartanak sz\u00e1mon. Legink\u00e1bb [&hellip;]<\/p>\n","protected":false},"featured_media":49649,"template":"","meta":{"_acf_changed":false},"product_brand":[],"product_cat":[7149],"product_tag":[7172,7173,11885,11886,11887],"class_list":{"0":"post-53718","1":"product","2":"type-product","3":"status-publish","4":"has-post-thumbnail","6":"product_cat-vasilij-kandinski-hu","7":"product_tag-kandinski-hu","8":"product_tag-kandinsky-hu","9":"product_tag-painter-hu","10":"product_tag-reproduction","11":"product_tag-reproductions-hu","12":"pa_dimenzija-110-x-80-cm","13":"pa_dimenzija-130-x-100-cm","14":"pa_dimenzija-150-x-110-cm","15":"pa_dimenzija-176-x-129-cm","16":"pa_dimenzija-60-x-45-cm","17":"pa_dimenzija-70-x-50-cm","18":"pa_dimenzija-80-x-60-cm","19":"pa_dimenzija-90-x-70-cm","20":"pa_oblika-vizszintes","21":"pa_okvir-nincs-keret","22":"pa_podokvir-igen","23":"pa_podokvir-nem","25":"first","26":"onbackorder","27":"purchasable","28":"product-type-variable","29":"has-default-attributes"},"acf":[],"yoast_head":"<!-- This site is optimized with the Yoast SEO Premium plugin v27.5 (Yoast SEO v27.6) - https:\/\/yoast.com\/product\/yoast-seo-premium-wordpress\/ -->\n<title>Vasilij Kandinski - Im Grau - SVETSLIK.SI - 100% k\u00e9zzel festett<\/title>\n<meta name=\"description\" content=\"Vasilij Kandinski - Im Grau - 100% k\u00e9zzel festett h\u00edres festm\u00e9nyek reprodukci\u00f3i. Festm\u00e9nyek keretez\u00e9se, elad\u00e1sa \u00e9s egyedi rendel\u00e9sre t\u00f6rt\u00e9n\u0151 v\u00e1szonk\u00e9pek k\u00e9sz\u00edt\u00e9se.\" \/>\n<meta name=\"robots\" content=\"index, follow, max-snippet:-1, max-image-preview:large, max-video-preview:-1\" \/>\n<link rel=\"canonical\" href=\"https:\/\/svetslik.si\/hu\/vasilij-kandinski-hu\/im-grau\/\" \/>\n<meta property=\"og:locale\" content=\"hu_HU\" \/>\n<meta property=\"og:type\" content=\"article\" \/>\n<meta property=\"og:title\" content=\"Vasilij Kandinski - Im Grau\" \/>\n<meta property=\"og:description\" content=\"100% ro\u010dno naslikane slike na platnu, reprodukcije znanih slikarjev in umetni\u0161ke slike po naro\u010dilu.\" \/>\n<meta property=\"og:url\" content=\"https:\/\/svetslik.si\/hu\/vasilij-kandinski-hu\/im-grau\/\" \/>\n<meta property=\"og:site_name\" content=\"SVETSLIK.SI\" \/>\n<meta property=\"article:publisher\" content=\"https:\/\/www.facebook.com\/svetslik.si\" \/>\n<meta property=\"article:modified_time\" content=\"2026-03-22T20:39:05+00:00\" \/>\n<meta property=\"og:image\" content=\"https:\/\/svetslik.si\/wp-content\/uploads\/2021\/08\/image_Im-Grau_680.jpg\" \/>\n\t<meta property=\"og:image:width\" content=\"1200\" \/>\n\t<meta property=\"og:image:height\" content=\"872\" \/>\n\t<meta property=\"og:image:type\" content=\"image\/jpeg\" \/>\n<meta name=\"twitter:card\" content=\"summary_large_image\" \/>\n<meta name=\"twitter:site\" content=\"@svetslik\" \/>\n<meta name=\"twitter:label1\" content=\"El\u00e9rhet\u0151s\u00e9g\" \/>\n\t<meta name=\"twitter:data1\" content=\"Beszerz\u00e9s alatt\" \/>\n<script type=\"application\/ld+json\" class=\"yoast-schema-graph\">{\"@context\":\"https:\\\/\\\/schema.org\",\"@graph\":[{\"@type\":[\"WebPage\",\"ItemPage\"],\"@id\":\"https:\\\/\\\/svetslik.si\\\/hu\\\/vasilij-kandinski-hu\\\/im-grau\\\/\",\"url\":\"https:\\\/\\\/svetslik.si\\\/hu\\\/vasilij-kandinski-hu\\\/im-grau\\\/\",\"name\":\"Vasilij Kandinski - Im Grau - SVETSLIK.SI - 100% k\u00e9zzel festett\",\"isPartOf\":{\"@id\":\"https:\\\/\\\/svetslik.si\\\/hu\\\/#website\"},\"primaryImageOfPage\":{\"@id\":\"https:\\\/\\\/svetslik.si\\\/hu\\\/vasilij-kandinski-hu\\\/im-grau\\\/#primaryimage\"},\"image\":{\"@id\":\"https:\\\/\\\/svetslik.si\\\/hu\\\/vasilij-kandinski-hu\\\/im-grau\\\/#primaryimage\"},\"thumbnailUrl\":\"https:\\\/\\\/svetslik.si\\\/wp-content\\\/uploads\\\/2021\\\/08\\\/image_Im-Grau_680.jpg\",\"datePublished\":\"2021-09-02T15:54:57+00:00\",\"dateModified\":\"2026-03-22T20:39:05+00:00\",\"description\":\"Vasilij Kandinski - Im Grau - 100% k\u00e9zzel festett h\u00edres festm\u00e9nyek reprodukci\u00f3i. Festm\u00e9nyek keretez\u00e9se, elad\u00e1sa \u00e9s egyedi rendel\u00e9sre t\u00f6rt\u00e9n\u0151 v\u00e1szonk\u00e9pek k\u00e9sz\u00edt\u00e9se.\",\"breadcrumb\":{\"@id\":\"https:\\\/\\\/svetslik.si\\\/hu\\\/vasilij-kandinski-hu\\\/im-grau\\\/#breadcrumb\"},\"inLanguage\":\"hu\",\"potentialAction\":[{\"@type\":\"ReadAction\",\"target\":[\"https:\\\/\\\/svetslik.si\\\/hu\\\/vasilij-kandinski-hu\\\/im-grau\\\/\"]}]},{\"@type\":\"ImageObject\",\"inLanguage\":\"hu\",\"@id\":\"https:\\\/\\\/svetslik.si\\\/hu\\\/vasilij-kandinski-hu\\\/im-grau\\\/#primaryimage\",\"url\":\"https:\\\/\\\/svetslik.si\\\/wp-content\\\/uploads\\\/2021\\\/08\\\/image_Im-Grau_680.jpg\",\"contentUrl\":\"https:\\\/\\\/svetslik.si\\\/wp-content\\\/uploads\\\/2021\\\/08\\\/image_Im-Grau_680.jpg\",\"width\":1200,\"height\":872,\"caption\":\"Vasilij Kandinski - Im Grau (Concert) (Impression III [Konzert]) - A sz\u00fcrk\u00e9ben (Koncert) - REPRODUKCI\u00d3I - V\u00e1szonk\u00e9p - Festm\u00e9nyek reprodukci\u00f3i - Absztrakt Festm\u00e9ny - Modern Festm\u00e9ny - Realisztikus Festm\u00e9ny - Olajfestm\u00e9ny - Falik\u00e9p\"},{\"@type\":\"BreadcrumbList\",\"@id\":\"https:\\\/\\\/svetslik.si\\\/hu\\\/vasilij-kandinski-hu\\\/im-grau\\\/#breadcrumb\",\"itemListElement\":[{\"@type\":\"ListItem\",\"position\":1,\"name\":\"Umjetni\u010dke zidne slike na platnu\",\"item\":\"https:\\\/\\\/svetslik.si\\\/hu\\\/\"},{\"@type\":\"ListItem\",\"position\":2,\"name\":\"Festm\u00e9nyek elad\u00e1sa\",\"item\":\"https:\\\/\\\/svetslik.si\\\/prodaja-slik\\\/\"},{\"@type\":\"ListItem\",\"position\":3,\"name\":\"Vasilij Kandinski &#8211; Im Grau\"}]},{\"@type\":\"WebSite\",\"@id\":\"https:\\\/\\\/svetslik.si\\\/hu\\\/#website\",\"url\":\"https:\\\/\\\/svetslik.si\\\/hu\\\/\",\"name\":\"SVETSLIK.SI\",\"description\":\"100%-ban k\u00e9zzel festett reprodukci\u00f3k h\u00edres fest\u0151k festm\u00e9nyeir\u0151l \u00e9s festm\u00e9nyekr\u0151l v\u00e1szonra.\",\"publisher\":{\"@id\":\"https:\\\/\\\/svetslik.si\\\/hu\\\/#organization\"},\"potentialAction\":[{\"@type\":\"SearchAction\",\"target\":{\"@type\":\"EntryPoint\",\"urlTemplate\":\"https:\\\/\\\/svetslik.si\\\/hu\\\/?s={search_term_string}\"},\"query-input\":{\"@type\":\"PropertyValueSpecification\",\"valueRequired\":true,\"valueName\":\"search_term_string\"}}],\"inLanguage\":\"hu\"},{\"@type\":\"Organization\",\"@id\":\"https:\\\/\\\/svetslik.si\\\/hu\\\/#organization\",\"name\":\"SvetSlik.si\",\"url\":\"https:\\\/\\\/svetslik.si\\\/hu\\\/\",\"logo\":{\"@type\":\"ImageObject\",\"inLanguage\":\"hu\",\"@id\":\"https:\\\/\\\/svetslik.si\\\/hu\\\/#\\\/schema\\\/logo\\\/image\\\/\",\"url\":\"https:\\\/\\\/svetslik.si\\\/wp-content\\\/uploads\\\/2020\\\/12\\\/logo-512.png\",\"contentUrl\":\"https:\\\/\\\/svetslik.si\\\/wp-content\\\/uploads\\\/2020\\\/12\\\/logo-512.png\",\"width\":512,\"height\":512,\"caption\":\"SvetSlik.si\"},\"image\":{\"@id\":\"https:\\\/\\\/svetslik.si\\\/hu\\\/#\\\/schema\\\/logo\\\/image\\\/\"},\"sameAs\":[\"https:\\\/\\\/www.facebook.com\\\/svetslik.si\",\"https:\\\/\\\/x.com\\\/svetslik\",\"https:\\\/\\\/www.instagram.com\\\/svetslik.si\\\/\",\"https:\\\/\\\/www.linkedin.com\\\/company\\\/svetslik-si\"]}]}<\/script>\n<meta property=\"og:availability\" content=\"backorder\" \/>\n<meta property=\"product:availability\" content=\"available for order\" \/>\n<meta property=\"product:retailer_item_id\" content=\"292__\" \/>\n<meta property=\"product:condition\" content=\"new\" \/>\n<!-- \/ Yoast SEO Premium plugin. -->","yoast_head_json":{"title":"Vasilij Kandinski - Im Grau - SVETSLIK.SI - 100% k\u00e9zzel festett","description":"Vasilij Kandinski - Im Grau - 100% k\u00e9zzel festett h\u00edres festm\u00e9nyek reprodukci\u00f3i. Festm\u00e9nyek keretez\u00e9se, elad\u00e1sa \u00e9s egyedi rendel\u00e9sre t\u00f6rt\u00e9n\u0151 v\u00e1szonk\u00e9pek k\u00e9sz\u00edt\u00e9se.","robots":{"index":"index","follow":"follow","max-snippet":"max-snippet:-1","max-image-preview":"max-image-preview:large","max-video-preview":"max-video-preview:-1"},"canonical":"https:\/\/svetslik.si\/hu\/vasilij-kandinski-hu\/im-grau\/","og_locale":"hu_HU","og_type":"article","og_title":"Vasilij Kandinski - Im Grau","og_description":"100% ro\u010dno naslikane slike na platnu, reprodukcije znanih slikarjev in umetni\u0161ke slike po naro\u010dilu.","og_url":"https:\/\/svetslik.si\/hu\/vasilij-kandinski-hu\/im-grau\/","og_site_name":"SVETSLIK.SI","article_publisher":"https:\/\/www.facebook.com\/svetslik.si","article_modified_time":"2026-03-22T20:39:05+00:00","og_image":[{"width":1200,"height":872,"url":"https:\/\/svetslik.si\/wp-content\/uploads\/2021\/08\/image_Im-Grau_680.jpg","type":"image\/jpeg"}],"twitter_card":"summary_large_image","twitter_site":"@svetslik","twitter_misc":{"El\u00e9rhet\u0151s\u00e9g":"Beszerz\u00e9s alatt"},"schema":{"@context":"https:\/\/schema.org","@graph":[{"@type":["WebPage","ItemPage"],"@id":"https:\/\/svetslik.si\/hu\/vasilij-kandinski-hu\/im-grau\/","url":"https:\/\/svetslik.si\/hu\/vasilij-kandinski-hu\/im-grau\/","name":"Vasilij Kandinski - Im Grau - SVETSLIK.SI - 100% k\u00e9zzel festett","isPartOf":{"@id":"https:\/\/svetslik.si\/hu\/#website"},"primaryImageOfPage":{"@id":"https:\/\/svetslik.si\/hu\/vasilij-kandinski-hu\/im-grau\/#primaryimage"},"image":{"@id":"https:\/\/svetslik.si\/hu\/vasilij-kandinski-hu\/im-grau\/#primaryimage"},"thumbnailUrl":"https:\/\/svetslik.si\/wp-content\/uploads\/2021\/08\/image_Im-Grau_680.jpg","datePublished":"2021-09-02T15:54:57+00:00","dateModified":"2026-03-22T20:39:05+00:00","description":"Vasilij Kandinski - Im Grau - 100% k\u00e9zzel festett h\u00edres festm\u00e9nyek reprodukci\u00f3i. Festm\u00e9nyek keretez\u00e9se, elad\u00e1sa \u00e9s egyedi rendel\u00e9sre t\u00f6rt\u00e9n\u0151 v\u00e1szonk\u00e9pek k\u00e9sz\u00edt\u00e9se.","breadcrumb":{"@id":"https:\/\/svetslik.si\/hu\/vasilij-kandinski-hu\/im-grau\/#breadcrumb"},"inLanguage":"hu","potentialAction":[{"@type":"ReadAction","target":["https:\/\/svetslik.si\/hu\/vasilij-kandinski-hu\/im-grau\/"]}]},{"@type":"ImageObject","inLanguage":"hu","@id":"https:\/\/svetslik.si\/hu\/vasilij-kandinski-hu\/im-grau\/#primaryimage","url":"https:\/\/svetslik.si\/wp-content\/uploads\/2021\/08\/image_Im-Grau_680.jpg","contentUrl":"https:\/\/svetslik.si\/wp-content\/uploads\/2021\/08\/image_Im-Grau_680.jpg","width":1200,"height":872,"caption":"Vasilij Kandinski - Im Grau (Concert) (Impression III [Konzert]) - A sz\u00fcrk\u00e9ben (Koncert) - REPRODUKCI\u00d3I - V\u00e1szonk\u00e9p - Festm\u00e9nyek reprodukci\u00f3i - Absztrakt Festm\u00e9ny - Modern Festm\u00e9ny - Realisztikus Festm\u00e9ny - Olajfestm\u00e9ny - Falik\u00e9p"},{"@type":"BreadcrumbList","@id":"https:\/\/svetslik.si\/hu\/vasilij-kandinski-hu\/im-grau\/#breadcrumb","itemListElement":[{"@type":"ListItem","position":1,"name":"Umjetni\u010dke zidne slike na platnu","item":"https:\/\/svetslik.si\/hu\/"},{"@type":"ListItem","position":2,"name":"Festm\u00e9nyek elad\u00e1sa","item":"https:\/\/svetslik.si\/prodaja-slik\/"},{"@type":"ListItem","position":3,"name":"Vasilij Kandinski &#8211; Im Grau"}]},{"@type":"WebSite","@id":"https:\/\/svetslik.si\/hu\/#website","url":"https:\/\/svetslik.si\/hu\/","name":"SVETSLIK.SI","description":"100%-ban k\u00e9zzel festett reprodukci\u00f3k h\u00edres fest\u0151k festm\u00e9nyeir\u0151l \u00e9s festm\u00e9nyekr\u0151l v\u00e1szonra.","publisher":{"@id":"https:\/\/svetslik.si\/hu\/#organization"},"potentialAction":[{"@type":"SearchAction","target":{"@type":"EntryPoint","urlTemplate":"https:\/\/svetslik.si\/hu\/?s={search_term_string}"},"query-input":{"@type":"PropertyValueSpecification","valueRequired":true,"valueName":"search_term_string"}}],"inLanguage":"hu"},{"@type":"Organization","@id":"https:\/\/svetslik.si\/hu\/#organization","name":"SvetSlik.si","url":"https:\/\/svetslik.si\/hu\/","logo":{"@type":"ImageObject","inLanguage":"hu","@id":"https:\/\/svetslik.si\/hu\/#\/schema\/logo\/image\/","url":"https:\/\/svetslik.si\/wp-content\/uploads\/2020\/12\/logo-512.png","contentUrl":"https:\/\/svetslik.si\/wp-content\/uploads\/2020\/12\/logo-512.png","width":512,"height":512,"caption":"SvetSlik.si"},"image":{"@id":"https:\/\/svetslik.si\/hu\/#\/schema\/logo\/image\/"},"sameAs":["https:\/\/www.facebook.com\/svetslik.si","https:\/\/x.com\/svetslik","https:\/\/www.instagram.com\/svetslik.si\/","https:\/\/www.linkedin.com\/company\/svetslik-si"]}]},"og_availability":"backorder","product_availability":"available for order","product_retailer_item_id":"292__","product_condition":"new"},"jetpack_sharing_enabled":true,"_links":{"self":[{"href":"https:\/\/svetslik.si\/hu\/wp-json\/wp\/v2\/product\/53718","targetHints":{"allow":["GET"]}}],"collection":[{"href":"https:\/\/svetslik.si\/hu\/wp-json\/wp\/v2\/product"}],"about":[{"href":"https:\/\/svetslik.si\/hu\/wp-json\/wp\/v2\/types\/product"}],"wp:featuredmedia":[{"embeddable":true,"href":"https:\/\/svetslik.si\/hu\/wp-json\/wp\/v2\/media\/49649"}],"wp:attachment":[{"href":"https:\/\/svetslik.si\/hu\/wp-json\/wp\/v2\/media?parent=53718"}],"wp:term":[{"taxonomy":"product_brand","embeddable":true,"href":"https:\/\/svetslik.si\/hu\/wp-json\/wp\/v2\/product_brand?post=53718"},{"taxonomy":"product_cat","embeddable":true,"href":"https:\/\/svetslik.si\/hu\/wp-json\/wp\/v2\/product_cat?post=53718"},{"taxonomy":"product_tag","embeddable":true,"href":"https:\/\/svetslik.si\/hu\/wp-json\/wp\/v2\/product_tag?post=53718"}],"curies":[{"name":"wp","href":"https:\/\/api.w.org\/{rel}","templated":true}]}}