{"id":53727,"date":"2021-09-02T17:55:09","date_gmt":"2021-09-02T15:55:09","guid":{"rendered":"https:\/\/svetslik.si\/nem-kategorizalt\/red-spot-ii-roter-fleck-ii\/"},"modified":"2026-03-22T21:39:45","modified_gmt":"2026-03-22T20:39:45","slug":"red-spot-ii-roter-fleck-ii","status":"publish","type":"product","link":"https:\/\/svetslik.si\/hu\/vasilij-kandinski-hu\/red-spot-ii-roter-fleck-ii\/","title":{"rendered":"Vasilij Kandinski &#8211; Red Spot II (Roter Fleck II)"},"content":{"rendered":"<h1>Wassily Kandinsky \u2013 Red Spot II (Roter Fleck II)<\/h1>\n<table border=\"0\" width=\"673\" cellpadding=\"0\">\n<colgroup>\n<col style=\"width: 135pt\" width=\"180\" \/>\n<col style=\"width: 370pt\" width=\"493\" \/> <\/colgroup>\n<tbody>\n<tr style=\"height: 15.75pt\">\n<td class=\"xl24\" style=\"height: 15.75pt;width: 135pt\" width=\"180\" height=\"21\">L\u00e9trehoz\u00e1s \u00e9ve:<\/td>\n<td class=\"xl25\" style=\"width: 370pt\" width=\"493\">1921<\/td>\n<\/tr>\n<tr style=\"height: 15.75pt\">\n<td class=\"xl24\" style=\"height: 15.75pt;width: 135pt\" width=\"180\" height=\"21\">Eredeti m\u00e9ret:<\/td>\n<td class=\"xl24\" style=\"width: 370pt\" width=\"493\">181 cm x 131 cm<\/td>\n<\/tr>\n<tr style=\"height: 15.75pt\">\n<td class=\"xl24\" style=\"height: 15.75pt;width: 135pt\" width=\"180\" height=\"21\">Fest\u00e9si st\u00edlus:<\/td>\n<td class=\"xl24\" style=\"width: 370pt\" width=\"493\">Absztrakt m\u0171v\u00e9szet<\/td>\n<\/tr>\n<tr style=\"height: 15.75pt\">\n<td class=\"xl24\" style=\"height: 15.75pt;width: 135pt\" width=\"180\" height=\"21\">Eredeti technika:<\/td>\n<td>Olaj, v\u00e1szon<\/td>\n<\/tr>\n<tr style=\"height: 15.75pt\">\n<td class=\"xl24\" style=\"height: 15.75pt;width: 135pt\" width=\"180\" height=\"21\">Helysz\u00edn:<\/td>\n<td>City Gallery Lenbachhaus, M\u00fcnchen<\/td>\n<\/tr>\n<\/tbody>\n<\/table>\n<p>Wassily Kandinsky neves orosz m\u0171v\u00e9sz, aki legink\u00e1bb az absztrakt m\u0171v\u00e9szet fejleszt\u00e9s\u00e9hez val\u00f3 hozz\u00e1j\u00e1rul\u00e1s\u00e1r\u00f3l ismert. &#8220;Red Dot II (Roter Fleck II)&#8221; festm\u00e9nye kiv\u00e1l\u00f3 p\u00e9ld\u00e1ja annak, hogy dinamikus \u00e9s \u00e9rzelmes kompoz\u00edci\u00f3kat hoz l\u00e9tre a sz\u00ednek \u00e9s form\u00e1k felt\u00e1r\u00e1s\u00e1ra.<\/p>\n<p>A &#8220;Red Spot II&#8221; festm\u00e9ny 1913-ban k\u00e9sz\u00fclt, \u00e9s Kandinsky &#8220;Improviz\u00e1ci\u00f3k&#8221; \u00e9s &#8220;Kompoz\u00edci\u00f3k&#8221; sorozat\u00e1nak r\u00e9sze. A festm\u00e9nyen egy k\u00f6zponti v\u00f6r\u00f6s folt tal\u00e1lhat\u00f3 a k\u00e9k, s\u00e1rga \u00e9s feh\u00e9r \u00e1rnyalat\u00fa, mer\u00e9sz, els\u00f6pr\u0151 ecsetvon\u00e1sok h\u00e1tter\u00e9ben. A kompoz\u00edci\u00f3 dinamikus \u00e9s szuggeszt\u00edv, hiszen a k\u00f6zponti piros pont vonzza a n\u00e9z\u0151 tekintet\u00e9t, m\u00edg a k\u00f6rnyez\u0151 ecsetvon\u00e1sok mozg\u00e1s- \u00e9s energia\u00e9rzetet keltenek.<\/p>\n<p>Kandinsky sz\u00ednhaszn\u00e1lata a \u201eRed Dot II\u201d c\u00edm\u0171 m\u0171v\u00e9ben k\u00fcl\u00f6n\u00f6sen szembet\u0171n\u0151. A k\u00f6zponti folt \u00e9l\u00e9nkv\u00f6r\u00f6s sz\u00edne kiemelkedik a h\u00e1tt\u00e9r hidegebb t\u00f3nusai k\u00f6z\u00fcl, \u00e9s felt\u0171n\u0151 kontrasztot teremt. A m\u0171v\u00e9sz sz\u00ednhaszn\u00e1lata nem puszt\u00e1n dekorat\u00edv, hanem saj\u00e1tos \u00e9rzelmi vagy pszichol\u00f3giai hat\u00e1s kifejez\u00e9s\u00e9re szolg\u00e1l. A piros pont felfoghat\u00f3 a szenved\u00e9ly, az \u00e9rzelmek \u00e9s az energia szimb\u00f3lumak\u00e9nt, m\u00edg a k\u00f6rnyez\u0151 k\u00e9k-feh\u00e9r ecsetvon\u00e1sok a nyugalom \u00e9s a b\u00e9ke \u00e9rz\u00e9s\u00e9t id\u00e9zik.<\/p>\n<p>Kandinsky \u201eRed Dot II\u201d c\u00edm\u0171 m\u0171v\u00e9t a korai absztrakt m\u0171v\u00e9szet remekm\u0171v\u00e9nek tekintik, amelyet a m\u0171kritikusok \u00e9s a gy\u0171jt\u0151k m\u00e9g mindig csod\u00e1ltak. A festm\u00e9ny a m\u00fcncheni St\u00e4dtische Galerie im Lenbachhaus gy\u0171jtem\u00e9ny\u00e9ben tal\u00e1lhat\u00f3. Ha t\u00f6bbet szeretne megtudni Kandinszkijr\u00f3l \u00e9s munk\u00e1ss\u00e1g\u00e1r\u00f3l, a Lenbachhaus kiterjedt gy\u0171jtem\u00e9ny\u00e9vel rendelkezik m\u0171alkot\u00e1saib\u00f3l, \u00e9s online forr\u00e1sokat is k\u00edn\u00e1l, p\u00e9ld\u00e1ul virtu\u00e1lis t\u00far\u00e1kat \u00e9s el\u0151ad\u00e1sokat.<\/p>\n<p>\u00d6sszess\u00e9g\u00e9ben a \u201eRed Spot II\u201d szembet\u0171n\u0151 p\u00e9ld\u00e1ja Kandinsky hozz\u00e1j\u00e1rul\u00e1s\u00e1nak az absztrakt m\u0171v\u00e9szet fejl\u0151d\u00e9s\u00e9hez. A dinamikus kompoz\u00edci\u00f3 \u00e9s a sz\u00ednek \u00e9rzelmi haszn\u00e1lata er\u0151teljes \u00e9s maradand\u00f3 m\u0171alkot\u00e1ss\u00e1 teszi a festm\u00e9nyt.<\/p>\n","protected":false},"excerpt":{"rendered":"<p>Wassily Kandinsky \u2013 Red Spot II (Roter Fleck II) L\u00e9trehoz\u00e1s \u00e9ve: 1921 Eredeti m\u00e9ret: 181 cm x 131 cm Fest\u00e9si st\u00edlus: Absztrakt m\u0171v\u00e9szet Eredeti technika: Olaj, v\u00e1szon Helysz\u00edn: City Gallery Lenbachhaus, M\u00fcnchen Wassily Kandinsky neves orosz m\u0171v\u00e9sz, aki legink\u00e1bb az absztrakt m\u0171v\u00e9szet fejleszt\u00e9s\u00e9hez val\u00f3 hozz\u00e1j\u00e1rul\u00e1s\u00e1r\u00f3l ismert. &#8220;Red Dot II (Roter [&hellip;]<\/p>\n","protected":false},"featured_media":49948,"template":"","meta":{"_acf_changed":false},"product_brand":[],"product_cat":[7149],"product_tag":[7172,7173,11885,11886,11887],"class_list":{"0":"post-53727","1":"product","2":"type-product","3":"status-publish","4":"has-post-thumbnail","6":"product_cat-vasilij-kandinski-hu","7":"product_tag-kandinski-hu","8":"product_tag-kandinsky-hu","9":"product_tag-painter-hu","10":"product_tag-reproduction","11":"product_tag-reproductions-hu","12":"pa_dimenzija-120-x-90-cm-hu","13":"pa_dimenzija-140-x-100-cm-hu","14":"pa_dimenzija-160-x-120-cm-hu","15":"pa_dimenzija-181-x-131-cm-hu","16":"pa_dimenzija-50-x-55-cm-hu","17":"pa_dimenzija-60-x-40-cm-hu","18":"pa_dimenzija-70-x-50-cm-hu","19":"pa_dimenzija-80-x-60-cm-hu","20":"pa_oblika-vizszintes","21":"pa_okvir-nincs-keret","22":"pa_podokvir-igen","23":"pa_podokvir-nem","25":"first","26":"onbackorder","27":"purchasable","28":"product-type-variable","29":"has-default-attributes"},"acf":[],"yoast_head":"<!-- This site is optimized with the Yoast SEO Premium plugin v26.0 (Yoast SEO v27.2) - https:\/\/yoast.com\/product\/yoast-seo-premium-wordpress\/ -->\n<title>Vasilij Kandinski - Red Spot II (Roter Fleck II) - SVETSLIK.SI - 100% k\u00e9zzel festett<\/title>\n<meta name=\"description\" content=\"Vasilij Kandinski - Red Spot II (Roter Fleck II) - 100% k\u00e9zzel festett h\u00edres festm\u00e9nyek reprodukci\u00f3i. Festm\u00e9nyek keretez\u00e9se, elad\u00e1sa \u00e9s egyedi rendel\u00e9sre t\u00f6rt\u00e9n\u0151 v\u00e1szonk\u00e9pek k\u00e9sz\u00edt\u00e9se.\" \/>\n<meta name=\"robots\" content=\"index, follow, max-snippet:-1, max-image-preview:large, max-video-preview:-1\" \/>\n<link rel=\"canonical\" href=\"https:\/\/svetslik.si\/hu\/vasilij-kandinski-hu\/red-spot-ii-roter-fleck-ii\/\" \/>\n<meta property=\"og:locale\" content=\"hu_HU\" \/>\n<meta property=\"og:type\" content=\"article\" \/>\n<meta property=\"og:title\" content=\"Vasilij Kandinski - Red Spot II (Roter Fleck II)\" \/>\n<meta property=\"og:description\" content=\"100% ro\u010dno naslikane slike na platnu, reprodukcije znanih slikarjev in umetni\u0161ke slike po naro\u010dilu.\" \/>\n<meta property=\"og:url\" content=\"https:\/\/svetslik.si\/hu\/vasilij-kandinski-hu\/red-spot-ii-roter-fleck-ii\/\" \/>\n<meta property=\"og:site_name\" content=\"SVETSLIK.SI\" \/>\n<meta property=\"article:publisher\" content=\"https:\/\/www.facebook.com\/svetslik.si\" \/>\n<meta property=\"article:modified_time\" content=\"2026-03-22T20:39:45+00:00\" \/>\n<meta property=\"og:image\" content=\"https:\/\/svetslik.si\/wp-content\/uploads\/2021\/08\/image_Red-Spot-II-Roter-Fleck-II_680.jpg\" \/>\n\t<meta property=\"og:image:width\" content=\"1800\" \/>\n\t<meta property=\"og:image:height\" content=\"1371\" \/>\n\t<meta property=\"og:image:type\" content=\"image\/jpeg\" \/>\n<meta name=\"twitter:card\" content=\"summary_large_image\" \/>\n<meta name=\"twitter:site\" content=\"@svetslik\" \/>\n<meta name=\"twitter:label1\" content=\"El\u00e9rhet\u0151s\u00e9g\" \/>\n\t<meta name=\"twitter:data1\" content=\"Beszerz\u00e9s alatt\" \/>\n<script type=\"application\/ld+json\" class=\"yoast-schema-graph\">{\"@context\":\"https:\/\/schema.org\",\"@graph\":[{\"@type\":[\"WebPage\",\"ItemPage\"],\"@id\":\"https:\/\/svetslik.si\/hu\/vasilij-kandinski-hu\/red-spot-ii-roter-fleck-ii\/\",\"url\":\"https:\/\/svetslik.si\/hu\/vasilij-kandinski-hu\/red-spot-ii-roter-fleck-ii\/\",\"name\":\"Vasilij Kandinski - Red Spot II (Roter Fleck II) - SVETSLIK.SI - 100% k\u00e9zzel festett\",\"isPartOf\":{\"@id\":\"https:\/\/svetslik.si\/hu\/#website\"},\"primaryImageOfPage\":{\"@id\":\"https:\/\/svetslik.si\/hu\/vasilij-kandinski-hu\/red-spot-ii-roter-fleck-ii\/#primaryimage\"},\"image\":{\"@id\":\"https:\/\/svetslik.si\/hu\/vasilij-kandinski-hu\/red-spot-ii-roter-fleck-ii\/#primaryimage\"},\"thumbnailUrl\":\"https:\/\/svetslik.si\/wp-content\/uploads\/2021\/08\/image_Red-Spot-II-Roter-Fleck-II_680.jpg\",\"datePublished\":\"2021-09-02T15:55:09+00:00\",\"dateModified\":\"2026-03-22T20:39:45+00:00\",\"description\":\"Vasilij Kandinski - Red Spot II (Roter Fleck II) - 100% k\u00e9zzel festett h\u00edres festm\u00e9nyek reprodukci\u00f3i. Festm\u00e9nyek keretez\u00e9se, elad\u00e1sa \u00e9s egyedi rendel\u00e9sre t\u00f6rt\u00e9n\u0151 v\u00e1szonk\u00e9pek k\u00e9sz\u00edt\u00e9se.\",\"breadcrumb\":{\"@id\":\"https:\/\/svetslik.si\/hu\/vasilij-kandinski-hu\/red-spot-ii-roter-fleck-ii\/#breadcrumb\"},\"inLanguage\":\"hu\",\"potentialAction\":[{\"@type\":\"ReadAction\",\"target\":[\"https:\/\/svetslik.si\/hu\/vasilij-kandinski-hu\/red-spot-ii-roter-fleck-ii\/\"]}]},{\"@type\":\"ImageObject\",\"inLanguage\":\"hu\",\"@id\":\"https:\/\/svetslik.si\/hu\/vasilij-kandinski-hu\/red-spot-ii-roter-fleck-ii\/#primaryimage\",\"url\":\"https:\/\/svetslik.si\/wp-content\/uploads\/2021\/08\/image_Red-Spot-II-Roter-Fleck-II_680.jpg\",\"contentUrl\":\"https:\/\/svetslik.si\/wp-content\/uploads\/2021\/08\/image_Red-Spot-II-Roter-Fleck-II_680.jpg\",\"width\":1800,\"height\":1371,\"caption\":\"Vasilij Kandinski - Red Spot II (Roter Fleck II) - Vasilij Kandinski - V\u00f6r\u00f6s folt II (Roter Fleck II) - REPRODUKCI\u00d3I - V\u00e1szonk\u00e9p - Festm\u00e9nyek reprodukci\u00f3i - Absztrakt Festm\u00e9ny - Modern Festm\u00e9ny - Realisztikus Festm\u00e9ny - Olajfestm\u00e9ny - Falik\u00e9p\"},{\"@type\":\"BreadcrumbList\",\"@id\":\"https:\/\/svetslik.si\/hu\/vasilij-kandinski-hu\/red-spot-ii-roter-fleck-ii\/#breadcrumb\",\"itemListElement\":[{\"@type\":\"ListItem\",\"position\":1,\"name\":\"Wall art and paintings on canvas\",\"item\":\"https:\/\/svetslik.si\/hu\/\"},{\"@type\":\"ListItem\",\"position\":2,\"name\":\"Festm\u00e9nyek elad\u00e1sa\",\"item\":\"https:\/\/svetslik.si\/prodaja-slik\/\"},{\"@type\":\"ListItem\",\"position\":3,\"name\":\"Vasilij Kandinski &#8211; Red Spot II (Roter Fleck II)\"}]},{\"@type\":\"WebSite\",\"@id\":\"https:\/\/svetslik.si\/hu\/#website\",\"url\":\"https:\/\/svetslik.si\/hu\/\",\"name\":\"SVETSLIK.SI\",\"description\":\"100%-ban k\u00e9zzel festett reprodukci\u00f3k h\u00edres fest\u0151k festm\u00e9nyeir\u0151l \u00e9s festm\u00e9nyekr\u0151l v\u00e1szonra.\",\"publisher\":{\"@id\":\"https:\/\/svetslik.si\/hu\/#organization\"},\"potentialAction\":[{\"@type\":\"SearchAction\",\"target\":{\"@type\":\"EntryPoint\",\"urlTemplate\":\"https:\/\/svetslik.si\/hu\/?s={search_term_string}\"},\"query-input\":{\"@type\":\"PropertyValueSpecification\",\"valueRequired\":true,\"valueName\":\"search_term_string\"}}],\"inLanguage\":\"hu\"},{\"@type\":\"Organization\",\"@id\":\"https:\/\/svetslik.si\/hu\/#organization\",\"name\":\"SvetSlik.si\",\"url\":\"https:\/\/svetslik.si\/hu\/\",\"logo\":{\"@type\":\"ImageObject\",\"inLanguage\":\"hu\",\"@id\":\"https:\/\/svetslik.si\/hu\/#\/schema\/logo\/image\/\",\"url\":\"https:\/\/svetslik.si\/wp-content\/uploads\/2020\/12\/logo-512.png\",\"contentUrl\":\"https:\/\/svetslik.si\/wp-content\/uploads\/2020\/12\/logo-512.png\",\"width\":512,\"height\":512,\"caption\":\"SvetSlik.si\"},\"image\":{\"@id\":\"https:\/\/svetslik.si\/hu\/#\/schema\/logo\/image\/\"},\"sameAs\":[\"https:\/\/www.facebook.com\/svetslik.si\",\"https:\/\/x.com\/svetslik\",\"https:\/\/www.instagram.com\/svetslik.si\/\",\"https:\/\/www.linkedin.com\/company\/svetslik-si\"]}]}<\/script>\n<meta property=\"og:availability\" content=\"backorder\" \/>\n<meta property=\"product:availability\" content=\"available for order\" \/>\n<meta property=\"product:retailer_item_id\" content=\"293__\" \/>\n<meta property=\"product:condition\" content=\"new\" \/>\n<!-- \/ Yoast SEO Premium plugin. -->","yoast_head_json":{"title":"Vasilij Kandinski - Red Spot II (Roter Fleck II) - SVETSLIK.SI - 100% k\u00e9zzel festett","description":"Vasilij Kandinski - Red Spot II (Roter Fleck II) - 100% k\u00e9zzel festett h\u00edres festm\u00e9nyek reprodukci\u00f3i. Festm\u00e9nyek keretez\u00e9se, elad\u00e1sa \u00e9s egyedi rendel\u00e9sre t\u00f6rt\u00e9n\u0151 v\u00e1szonk\u00e9pek k\u00e9sz\u00edt\u00e9se.","robots":{"index":"index","follow":"follow","max-snippet":"max-snippet:-1","max-image-preview":"max-image-preview:large","max-video-preview":"max-video-preview:-1"},"canonical":"https:\/\/svetslik.si\/hu\/vasilij-kandinski-hu\/red-spot-ii-roter-fleck-ii\/","og_locale":"hu_HU","og_type":"article","og_title":"Vasilij Kandinski - Red Spot II (Roter Fleck II)","og_description":"100% ro\u010dno naslikane slike na platnu, reprodukcije znanih slikarjev in umetni\u0161ke slike po naro\u010dilu.","og_url":"https:\/\/svetslik.si\/hu\/vasilij-kandinski-hu\/red-spot-ii-roter-fleck-ii\/","og_site_name":"SVETSLIK.SI","article_publisher":"https:\/\/www.facebook.com\/svetslik.si","article_modified_time":"2026-03-22T20:39:45+00:00","og_image":[{"width":1800,"height":1371,"url":"https:\/\/svetslik.si\/wp-content\/uploads\/2021\/08\/image_Red-Spot-II-Roter-Fleck-II_680.jpg","type":"image\/jpeg"}],"twitter_card":"summary_large_image","twitter_site":"@svetslik","twitter_misc":{"El\u00e9rhet\u0151s\u00e9g":"Beszerz\u00e9s alatt"},"schema":{"@context":"https:\/\/schema.org","@graph":[{"@type":["WebPage","ItemPage"],"@id":"https:\/\/svetslik.si\/hu\/vasilij-kandinski-hu\/red-spot-ii-roter-fleck-ii\/","url":"https:\/\/svetslik.si\/hu\/vasilij-kandinski-hu\/red-spot-ii-roter-fleck-ii\/","name":"Vasilij Kandinski - Red Spot II (Roter Fleck II) - SVETSLIK.SI - 100% k\u00e9zzel festett","isPartOf":{"@id":"https:\/\/svetslik.si\/hu\/#website"},"primaryImageOfPage":{"@id":"https:\/\/svetslik.si\/hu\/vasilij-kandinski-hu\/red-spot-ii-roter-fleck-ii\/#primaryimage"},"image":{"@id":"https:\/\/svetslik.si\/hu\/vasilij-kandinski-hu\/red-spot-ii-roter-fleck-ii\/#primaryimage"},"thumbnailUrl":"https:\/\/svetslik.si\/wp-content\/uploads\/2021\/08\/image_Red-Spot-II-Roter-Fleck-II_680.jpg","datePublished":"2021-09-02T15:55:09+00:00","dateModified":"2026-03-22T20:39:45+00:00","description":"Vasilij Kandinski - Red Spot II (Roter Fleck II) - 100% k\u00e9zzel festett h\u00edres festm\u00e9nyek reprodukci\u00f3i. Festm\u00e9nyek keretez\u00e9se, elad\u00e1sa \u00e9s egyedi rendel\u00e9sre t\u00f6rt\u00e9n\u0151 v\u00e1szonk\u00e9pek k\u00e9sz\u00edt\u00e9se.","breadcrumb":{"@id":"https:\/\/svetslik.si\/hu\/vasilij-kandinski-hu\/red-spot-ii-roter-fleck-ii\/#breadcrumb"},"inLanguage":"hu","potentialAction":[{"@type":"ReadAction","target":["https:\/\/svetslik.si\/hu\/vasilij-kandinski-hu\/red-spot-ii-roter-fleck-ii\/"]}]},{"@type":"ImageObject","inLanguage":"hu","@id":"https:\/\/svetslik.si\/hu\/vasilij-kandinski-hu\/red-spot-ii-roter-fleck-ii\/#primaryimage","url":"https:\/\/svetslik.si\/wp-content\/uploads\/2021\/08\/image_Red-Spot-II-Roter-Fleck-II_680.jpg","contentUrl":"https:\/\/svetslik.si\/wp-content\/uploads\/2021\/08\/image_Red-Spot-II-Roter-Fleck-II_680.jpg","width":1800,"height":1371,"caption":"Vasilij Kandinski - Red Spot II (Roter Fleck II) - Vasilij Kandinski - V\u00f6r\u00f6s folt II (Roter Fleck II) - REPRODUKCI\u00d3I - V\u00e1szonk\u00e9p - Festm\u00e9nyek reprodukci\u00f3i - Absztrakt Festm\u00e9ny - Modern Festm\u00e9ny - Realisztikus Festm\u00e9ny - Olajfestm\u00e9ny - Falik\u00e9p"},{"@type":"BreadcrumbList","@id":"https:\/\/svetslik.si\/hu\/vasilij-kandinski-hu\/red-spot-ii-roter-fleck-ii\/#breadcrumb","itemListElement":[{"@type":"ListItem","position":1,"name":"Wall art and paintings on canvas","item":"https:\/\/svetslik.si\/hu\/"},{"@type":"ListItem","position":2,"name":"Festm\u00e9nyek elad\u00e1sa","item":"https:\/\/svetslik.si\/prodaja-slik\/"},{"@type":"ListItem","position":3,"name":"Vasilij Kandinski &#8211; Red Spot II (Roter Fleck II)"}]},{"@type":"WebSite","@id":"https:\/\/svetslik.si\/hu\/#website","url":"https:\/\/svetslik.si\/hu\/","name":"SVETSLIK.SI","description":"100%-ban k\u00e9zzel festett reprodukci\u00f3k h\u00edres fest\u0151k festm\u00e9nyeir\u0151l \u00e9s festm\u00e9nyekr\u0151l v\u00e1szonra.","publisher":{"@id":"https:\/\/svetslik.si\/hu\/#organization"},"potentialAction":[{"@type":"SearchAction","target":{"@type":"EntryPoint","urlTemplate":"https:\/\/svetslik.si\/hu\/?s={search_term_string}"},"query-input":{"@type":"PropertyValueSpecification","valueRequired":true,"valueName":"search_term_string"}}],"inLanguage":"hu"},{"@type":"Organization","@id":"https:\/\/svetslik.si\/hu\/#organization","name":"SvetSlik.si","url":"https:\/\/svetslik.si\/hu\/","logo":{"@type":"ImageObject","inLanguage":"hu","@id":"https:\/\/svetslik.si\/hu\/#\/schema\/logo\/image\/","url":"https:\/\/svetslik.si\/wp-content\/uploads\/2020\/12\/logo-512.png","contentUrl":"https:\/\/svetslik.si\/wp-content\/uploads\/2020\/12\/logo-512.png","width":512,"height":512,"caption":"SvetSlik.si"},"image":{"@id":"https:\/\/svetslik.si\/hu\/#\/schema\/logo\/image\/"},"sameAs":["https:\/\/www.facebook.com\/svetslik.si","https:\/\/x.com\/svetslik","https:\/\/www.instagram.com\/svetslik.si\/","https:\/\/www.linkedin.com\/company\/svetslik-si"]}]},"og_availability":"backorder","product_availability":"available for order","product_retailer_item_id":"293__","product_condition":"new"},"jetpack_sharing_enabled":true,"_links":{"self":[{"href":"https:\/\/svetslik.si\/hu\/wp-json\/wp\/v2\/product\/53727","targetHints":{"allow":["GET"]}}],"collection":[{"href":"https:\/\/svetslik.si\/hu\/wp-json\/wp\/v2\/product"}],"about":[{"href":"https:\/\/svetslik.si\/hu\/wp-json\/wp\/v2\/types\/product"}],"wp:featuredmedia":[{"embeddable":true,"href":"https:\/\/svetslik.si\/hu\/wp-json\/wp\/v2\/media\/49948"}],"wp:attachment":[{"href":"https:\/\/svetslik.si\/hu\/wp-json\/wp\/v2\/media?parent=53727"}],"wp:term":[{"taxonomy":"product_brand","embeddable":true,"href":"https:\/\/svetslik.si\/hu\/wp-json\/wp\/v2\/product_brand?post=53727"},{"taxonomy":"product_cat","embeddable":true,"href":"https:\/\/svetslik.si\/hu\/wp-json\/wp\/v2\/product_cat?post=53727"},{"taxonomy":"product_tag","embeddable":true,"href":"https:\/\/svetslik.si\/hu\/wp-json\/wp\/v2\/product_tag?post=53727"}],"curies":[{"name":"wp","href":"https:\/\/api.w.org\/{rel}","templated":true}]}}