{"id":53745,"date":"2021-09-02T17:55:20","date_gmt":"2021-09-02T15:55:20","guid":{"rendered":"https:\/\/svetslik.si\/nem-kategorizalt\/black-grid-schwarzer-raster\/"},"modified":"2026-03-22T21:39:45","modified_gmt":"2026-03-22T20:39:45","slug":"black-grid-schwarzer-raster","status":"publish","type":"product","link":"https:\/\/svetslik.si\/hu\/vasilij-kandinski-hu\/black-grid-schwarzer-raster\/","title":{"rendered":"Vasilij Kandinski &#8211; Black Grid (Schwarzer Raster)"},"content":{"rendered":"<h1>Wassily Kandinsky \u2013 Fekete r\u00e1cs (Schwarzer Raster)<\/h1>\n<table border=\"0\" width=\"673\" cellpadding=\"0\">\n<colgroup>\n<col style=\"width: 135pt\" width=\"180\" \/>\n<col style=\"width: 370pt\" width=\"493\" \/> <\/colgroup>\n<tbody>\n<tr style=\"height: 15.75pt\">\n<td class=\"xl24\" style=\"height: 15.75pt;width: 135pt\" width=\"180\" height=\"21\">L\u00e9trehoz\u00e1s \u00e9ve:<\/td>\n<td class=\"xl25\" style=\"width: 370pt\" width=\"493\">1922<\/td>\n<\/tr>\n<tr style=\"height: 15.75pt\">\n<td class=\"xl24\" style=\"height: 15.75pt;width: 135pt\" width=\"180\" height=\"21\">Eredeti m\u00e9ret:<\/td>\n<td class=\"xl24\" style=\"width: 370pt\" width=\"493\">106 cm x 96 cm<\/td>\n<\/tr>\n<tr style=\"height: 15.75pt\">\n<td class=\"xl24\" style=\"height: 15.75pt;width: 135pt\" width=\"180\" height=\"21\">Fest\u00e9si st\u00edlus:<\/td>\n<td class=\"xl24\" style=\"width: 370pt\" width=\"493\">Absztrakt m\u0171v\u00e9szet<\/td>\n<\/tr>\n<tr style=\"height: 15.75pt\">\n<td class=\"xl24\" style=\"height: 15.75pt;width: 135pt\" width=\"180\" height=\"21\">Eredeti technika:<\/td>\n<td>Olaj, v\u00e1szon<\/td>\n<\/tr>\n<tr style=\"height: 15.75pt\">\n<td class=\"xl24\" style=\"height: 15.75pt;width: 135pt\" width=\"180\" height=\"21\">Helysz\u00edn:<\/td>\n<td>P\u00e1rizsi Modern M\u0171v\u00e9szetek M\u00fazeuma<\/td>\n<\/tr>\n<\/tbody>\n<\/table>\n<p>Wassily Kandinsky Black Gridje egy felt\u0171n\u0151 \u00e9s mer\u00e9sz absztrakt m\u0171v\u00e9szeti alkot\u00e1s, amely bemutatja a m\u0171v\u00e9sz egyedi st\u00edlus\u00e1t \u00e9s innovat\u00edv sz\u00edn- \u00e9s formahaszn\u00e1lat\u00e1t. Az 1913-ban k\u00e9sz\u00fclt festm\u00e9ny Kandinszkij korai korszak\u00e1nak remekm\u0171v\u00e9nek sz\u00e1m\u00edt, \u00e9s a fekete-feh\u00e9r mer\u00e9sz haszn\u00e1lata \u00e9s a dinamikus kompoz\u00edci\u00f3 jellemzi.<\/p>\n<p>A &#8220;Black Grid&#8221; c\u00edm\u0171 festm\u00e9ny egyik legfontosabb jellemz\u0151je a fekete-feh\u00e9r felt\u0171n\u0151 haszn\u00e1lata, amely er\u0151s kontrasztot hoz l\u00e9tre, amely azonnal megragadja a n\u00e9z\u0151 figyelm\u00e9t. A k\u00e9p egym\u00e1st metsz\u0151 vonalak \u00e9s form\u00e1k sorozat\u00e1ra oszlik, a fekete vonalak mozg\u00e1s- \u00e9s energia\u00e9rzetet keltenek, m\u00edg a feh\u00e9r h\u00e1tt\u00e9r nyugalmat \u00e9s egyens\u00falyt kelt.<\/p>\n<p>Kandinsky sz\u00edn- \u00e9s formahaszn\u00e1lata ezen a festm\u00e9nyen is figyelemre m\u00e9lt\u00f3, mivel sz\u00e1mos form\u00e1t, k\u00f6zt\u00fck k\u00f6r\u00f6ket, n\u00e9gyzeteket \u00e9s h\u00e1romsz\u00f6geket haszn\u00e1l a mozg\u00e1s \u00e9s a foly\u00e9konys\u00e1g \u00e9rzet\u00e9nek megteremt\u00e9s\u00e9re. A kompoz\u00edci\u00f3 is kiegyens\u00falyozott, mivel a fekete vonalak \u00e9s form\u00e1k \u00fagy vannak elrendezve, hogy a harm\u00f3nia \u00e9s az egyens\u00faly \u00e9rzet\u00e9t kelts\u00e9k.<\/p>\n<p>A fekete h\u00e1l\u00f3zat m\u00e1sik fontos aspektusa a korabeli t\u00e1gabb m\u0171v\u00e9szeti mozgalmakhoz val\u00f3 kapcsol\u00f3d\u00e1sa. A festm\u00e9nyt az expresszionista mozgalom kulcsalkot\u00e1s\u00e1nak tekintik, amely az \u00e9rzelmek \u00e9s \u00e9rz\u00e9sek kifejez\u00e9s\u00e9re t\u00f6rekedett a m\u0171v\u00e9szeten kereszt\u00fcl. A mer\u00e9sz sz\u00ednek \u00e9s a dinamikus form\u00e1k ezen a festm\u00e9nyen felid\u00e9zik ennek a mozgalomnak az alapvet\u0151 \u00e9rt\u00e9keit, amelyek az emberi tapasztalat nyers, \u00e9rzelmi erej\u00e9t igyekeztek megragadni.<\/p>\n<p>\u00d6sszess\u00e9g\u00e9ben a &#8220;The Black Grid&#8221; egy er\u0151teljes \u00e9s felt\u0171n\u0151 festm\u00e9ny, amely Wassily Kandinsky egyedi st\u00edlus\u00e1t \u00e9s tehets\u00e9g\u00e9t mutatja be. A festm\u00e9ny tov\u00e1bbra is a modern m\u0171v\u00e9szet fontos alkot\u00e1sa, \u00e9s tov\u00e1bbra is csod\u00e1latot kelt b\u00e1tor sz\u00edn- \u00e9s formahaszn\u00e1lata, valamint az expresszionista mozgalomhoz val\u00f3 kapcsol\u00f3d\u00e1sa miatt. A festm\u00e9nyt Kandinsky korai id\u0151szak\u00e1nak egyik legfontosabb alkot\u00e1sak\u00e9nt tartj\u00e1k sz\u00e1mon, \u00e9s a m\u0171v\u00e9szet szerelmeseinek \u00e9s a modern m\u0171v\u00e9szet t\u00f6rt\u00e9nete ir\u00e1nt \u00e9rdekl\u0151d\u0151knek k\u00f6telez\u0151 megn\u00e9zni.<\/p>\n","protected":false},"excerpt":{"rendered":"<p>Wassily Kandinsky \u2013 Fekete r\u00e1cs (Schwarzer Raster) L\u00e9trehoz\u00e1s \u00e9ve: 1922 Eredeti m\u00e9ret: 106 cm x 96 cm Fest\u00e9si st\u00edlus: Absztrakt m\u0171v\u00e9szet Eredeti technika: Olaj, v\u00e1szon Helysz\u00edn: P\u00e1rizsi Modern M\u0171v\u00e9szetek M\u00fazeuma Wassily Kandinsky Black Gridje egy felt\u0171n\u0151 \u00e9s mer\u00e9sz absztrakt m\u0171v\u00e9szeti alkot\u00e1s, amely bemutatja a m\u0171v\u00e9sz egyedi st\u00edlus\u00e1t \u00e9s innovat\u00edv sz\u00edn- [&hellip;]<\/p>\n","protected":false},"featured_media":49381,"template":"","meta":{"_acf_changed":false},"product_brand":[],"product_cat":[7149],"product_tag":[7172,7173,11885,11886,11887],"class_list":{"0":"post-53745","1":"product","2":"type-product","3":"status-publish","4":"has-post-thumbnail","6":"product_cat-vasilij-kandinski-hu","7":"product_tag-kandinski-hu","8":"product_tag-kandinsky-hu","9":"product_tag-painter-hu","10":"product_tag-reproduction","11":"product_tag-reproductions-hu","12":"pa_dimenzija-106-x-96-cm","13":"pa_dimenzija-130-x-120-cm","14":"pa_dimenzija-150-x-140-cm","15":"pa_dimenzija-50-x-40-cm","16":"pa_dimenzija-60-x-50-cm","17":"pa_dimenzija-70-x-60-cm","18":"pa_dimenzija-80-x-70-cm","19":"pa_dimenzija-90-x-80-cm","20":"pa_oblika-vizszintes","21":"pa_okvir-nincs-keret","22":"pa_podokvir-igen","23":"pa_podokvir-nem","25":"first","26":"onbackorder","27":"purchasable","28":"product-type-variable","29":"has-default-attributes"},"acf":[],"yoast_head":"<!-- This site is optimized with the Yoast SEO Premium plugin v26.0 (Yoast SEO v27.2) - https:\/\/yoast.com\/product\/yoast-seo-premium-wordpress\/ -->\n<title>Vasilij Kandinski - Black Grid (Schwarzer Raster) - SVETSLIK.SI - 100% k\u00e9zzel festett<\/title>\n<meta name=\"description\" content=\"Vasilij Kandinski - Black Grid (Schwarzer Raster) - 100% k\u00e9zzel festett h\u00edres festm\u00e9nyek reprodukci\u00f3i. Festm\u00e9nyek keretez\u00e9se, elad\u00e1sa \u00e9s egyedi rendel\u00e9sre t\u00f6rt\u00e9n\u0151 v\u00e1szonk\u00e9pek k\u00e9sz\u00edt\u00e9se.\" \/>\n<meta name=\"robots\" content=\"index, follow, max-snippet:-1, max-image-preview:large, max-video-preview:-1\" \/>\n<link rel=\"canonical\" href=\"https:\/\/svetslik.si\/hu\/vasilij-kandinski-hu\/black-grid-schwarzer-raster\/\" \/>\n<meta property=\"og:locale\" content=\"hu_HU\" \/>\n<meta property=\"og:type\" content=\"article\" \/>\n<meta property=\"og:title\" content=\"Vasilij Kandinski - Black Grid (Schwarzer Raster)\" \/>\n<meta property=\"og:description\" content=\"100% ro\u010dno naslikane slike na platnu, reprodukcije znanih slikarjev in umetni\u0161ke slike po naro\u010dilu.\" \/>\n<meta property=\"og:url\" content=\"https:\/\/svetslik.si\/hu\/vasilij-kandinski-hu\/black-grid-schwarzer-raster\/\" \/>\n<meta property=\"og:site_name\" content=\"SVETSLIK.SI\" \/>\n<meta property=\"article:publisher\" content=\"https:\/\/www.facebook.com\/svetslik.si\" \/>\n<meta property=\"article:modified_time\" content=\"2026-03-22T20:39:45+00:00\" \/>\n<meta property=\"og:image\" content=\"https:\/\/svetslik.si\/wp-content\/uploads\/2021\/08\/image_Black-Grid-Schwarzer-Raster_680.jpg\" \/>\n\t<meta property=\"og:image:width\" content=\"1800\" \/>\n\t<meta property=\"og:image:height\" content=\"1636\" \/>\n\t<meta property=\"og:image:type\" content=\"image\/jpeg\" \/>\n<meta name=\"twitter:card\" content=\"summary_large_image\" \/>\n<meta name=\"twitter:site\" content=\"@svetslik\" \/>\n<meta name=\"twitter:label1\" content=\"El\u00e9rhet\u0151s\u00e9g\" \/>\n\t<meta name=\"twitter:data1\" content=\"Beszerz\u00e9s alatt\" \/>\n<script type=\"application\/ld+json\" class=\"yoast-schema-graph\">{\"@context\":\"https:\/\/schema.org\",\"@graph\":[{\"@type\":[\"WebPage\",\"ItemPage\"],\"@id\":\"https:\/\/svetslik.si\/hu\/vasilij-kandinski-hu\/black-grid-schwarzer-raster\/\",\"url\":\"https:\/\/svetslik.si\/hu\/vasilij-kandinski-hu\/black-grid-schwarzer-raster\/\",\"name\":\"Vasilij Kandinski - Black Grid (Schwarzer Raster) - SVETSLIK.SI - 100% k\u00e9zzel festett\",\"isPartOf\":{\"@id\":\"https:\/\/svetslik.si\/hu\/#website\"},\"primaryImageOfPage\":{\"@id\":\"https:\/\/svetslik.si\/hu\/vasilij-kandinski-hu\/black-grid-schwarzer-raster\/#primaryimage\"},\"image\":{\"@id\":\"https:\/\/svetslik.si\/hu\/vasilij-kandinski-hu\/black-grid-schwarzer-raster\/#primaryimage\"},\"thumbnailUrl\":\"https:\/\/svetslik.si\/wp-content\/uploads\/2021\/08\/image_Black-Grid-Schwarzer-Raster_680.jpg\",\"datePublished\":\"2021-09-02T15:55:20+00:00\",\"dateModified\":\"2026-03-22T20:39:45+00:00\",\"description\":\"Vasilij Kandinski - Black Grid (Schwarzer Raster) - 100% k\u00e9zzel festett h\u00edres festm\u00e9nyek reprodukci\u00f3i. Festm\u00e9nyek keretez\u00e9se, elad\u00e1sa \u00e9s egyedi rendel\u00e9sre t\u00f6rt\u00e9n\u0151 v\u00e1szonk\u00e9pek k\u00e9sz\u00edt\u00e9se.\",\"breadcrumb\":{\"@id\":\"https:\/\/svetslik.si\/hu\/vasilij-kandinski-hu\/black-grid-schwarzer-raster\/#breadcrumb\"},\"inLanguage\":\"hu\",\"potentialAction\":[{\"@type\":\"ReadAction\",\"target\":[\"https:\/\/svetslik.si\/hu\/vasilij-kandinski-hu\/black-grid-schwarzer-raster\/\"]}]},{\"@type\":\"ImageObject\",\"inLanguage\":\"hu\",\"@id\":\"https:\/\/svetslik.si\/hu\/vasilij-kandinski-hu\/black-grid-schwarzer-raster\/#primaryimage\",\"url\":\"https:\/\/svetslik.si\/wp-content\/uploads\/2021\/08\/image_Black-Grid-Schwarzer-Raster_680.jpg\",\"contentUrl\":\"https:\/\/svetslik.si\/wp-content\/uploads\/2021\/08\/image_Black-Grid-Schwarzer-Raster_680.jpg\",\"width\":1800,\"height\":1636,\"caption\":\"Vasilij Kandinski - Black Grid (Schwarzer Raster) - Fekete r\u00e1cs (Schwarzer Raster) - Vasilij Kandinski - Black Grid (Schwarzer Raster) - Festm\u00e9nyek reprodukci\u00f3i - V\u00e1szonk\u00e9p - Festm\u00e9nyek reprodukci\u00f3i - Absztrakt Festm\u00e9ny - Modern Festm\u00e9ny - Realisztikus Festm\u00e9ny - Olajfestm\u00e9ny - Falik\u00e9p\"},{\"@type\":\"BreadcrumbList\",\"@id\":\"https:\/\/svetslik.si\/hu\/vasilij-kandinski-hu\/black-grid-schwarzer-raster\/#breadcrumb\",\"itemListElement\":[{\"@type\":\"ListItem\",\"position\":1,\"name\":\"Wall art and paintings on canvas\",\"item\":\"https:\/\/svetslik.si\/hu\/\"},{\"@type\":\"ListItem\",\"position\":2,\"name\":\"Festm\u00e9nyek elad\u00e1sa\",\"item\":\"https:\/\/svetslik.si\/prodaja-slik\/\"},{\"@type\":\"ListItem\",\"position\":3,\"name\":\"Vasilij Kandinski &#8211; Black Grid (Schwarzer Raster)\"}]},{\"@type\":\"WebSite\",\"@id\":\"https:\/\/svetslik.si\/hu\/#website\",\"url\":\"https:\/\/svetslik.si\/hu\/\",\"name\":\"SVETSLIK.SI\",\"description\":\"100%-ban k\u00e9zzel festett reprodukci\u00f3k h\u00edres fest\u0151k festm\u00e9nyeir\u0151l \u00e9s festm\u00e9nyekr\u0151l v\u00e1szonra.\",\"publisher\":{\"@id\":\"https:\/\/svetslik.si\/hu\/#organization\"},\"potentialAction\":[{\"@type\":\"SearchAction\",\"target\":{\"@type\":\"EntryPoint\",\"urlTemplate\":\"https:\/\/svetslik.si\/hu\/?s={search_term_string}\"},\"query-input\":{\"@type\":\"PropertyValueSpecification\",\"valueRequired\":true,\"valueName\":\"search_term_string\"}}],\"inLanguage\":\"hu\"},{\"@type\":\"Organization\",\"@id\":\"https:\/\/svetslik.si\/hu\/#organization\",\"name\":\"SvetSlik.si\",\"url\":\"https:\/\/svetslik.si\/hu\/\",\"logo\":{\"@type\":\"ImageObject\",\"inLanguage\":\"hu\",\"@id\":\"https:\/\/svetslik.si\/hu\/#\/schema\/logo\/image\/\",\"url\":\"https:\/\/svetslik.si\/wp-content\/uploads\/2020\/12\/logo-512.png\",\"contentUrl\":\"https:\/\/svetslik.si\/wp-content\/uploads\/2020\/12\/logo-512.png\",\"width\":512,\"height\":512,\"caption\":\"SvetSlik.si\"},\"image\":{\"@id\":\"https:\/\/svetslik.si\/hu\/#\/schema\/logo\/image\/\"},\"sameAs\":[\"https:\/\/www.facebook.com\/svetslik.si\",\"https:\/\/x.com\/svetslik\",\"https:\/\/www.instagram.com\/svetslik.si\/\",\"https:\/\/www.linkedin.com\/company\/svetslik-si\"]}]}<\/script>\n<meta property=\"og:availability\" content=\"backorder\" \/>\n<meta property=\"product:availability\" content=\"available for order\" \/>\n<meta property=\"product:retailer_item_id\" content=\"295__\" \/>\n<meta property=\"product:condition\" content=\"new\" \/>\n<!-- \/ Yoast SEO Premium plugin. -->","yoast_head_json":{"title":"Vasilij Kandinski - Black Grid (Schwarzer Raster) - SVETSLIK.SI - 100% k\u00e9zzel festett","description":"Vasilij Kandinski - Black Grid (Schwarzer Raster) - 100% k\u00e9zzel festett h\u00edres festm\u00e9nyek reprodukci\u00f3i. Festm\u00e9nyek keretez\u00e9se, elad\u00e1sa \u00e9s egyedi rendel\u00e9sre t\u00f6rt\u00e9n\u0151 v\u00e1szonk\u00e9pek k\u00e9sz\u00edt\u00e9se.","robots":{"index":"index","follow":"follow","max-snippet":"max-snippet:-1","max-image-preview":"max-image-preview:large","max-video-preview":"max-video-preview:-1"},"canonical":"https:\/\/svetslik.si\/hu\/vasilij-kandinski-hu\/black-grid-schwarzer-raster\/","og_locale":"hu_HU","og_type":"article","og_title":"Vasilij Kandinski - Black Grid (Schwarzer Raster)","og_description":"100% ro\u010dno naslikane slike na platnu, reprodukcije znanih slikarjev in umetni\u0161ke slike po naro\u010dilu.","og_url":"https:\/\/svetslik.si\/hu\/vasilij-kandinski-hu\/black-grid-schwarzer-raster\/","og_site_name":"SVETSLIK.SI","article_publisher":"https:\/\/www.facebook.com\/svetslik.si","article_modified_time":"2026-03-22T20:39:45+00:00","og_image":[{"width":1800,"height":1636,"url":"https:\/\/svetslik.si\/wp-content\/uploads\/2021\/08\/image_Black-Grid-Schwarzer-Raster_680.jpg","type":"image\/jpeg"}],"twitter_card":"summary_large_image","twitter_site":"@svetslik","twitter_misc":{"El\u00e9rhet\u0151s\u00e9g":"Beszerz\u00e9s alatt"},"schema":{"@context":"https:\/\/schema.org","@graph":[{"@type":["WebPage","ItemPage"],"@id":"https:\/\/svetslik.si\/hu\/vasilij-kandinski-hu\/black-grid-schwarzer-raster\/","url":"https:\/\/svetslik.si\/hu\/vasilij-kandinski-hu\/black-grid-schwarzer-raster\/","name":"Vasilij Kandinski - Black Grid (Schwarzer Raster) - SVETSLIK.SI - 100% k\u00e9zzel festett","isPartOf":{"@id":"https:\/\/svetslik.si\/hu\/#website"},"primaryImageOfPage":{"@id":"https:\/\/svetslik.si\/hu\/vasilij-kandinski-hu\/black-grid-schwarzer-raster\/#primaryimage"},"image":{"@id":"https:\/\/svetslik.si\/hu\/vasilij-kandinski-hu\/black-grid-schwarzer-raster\/#primaryimage"},"thumbnailUrl":"https:\/\/svetslik.si\/wp-content\/uploads\/2021\/08\/image_Black-Grid-Schwarzer-Raster_680.jpg","datePublished":"2021-09-02T15:55:20+00:00","dateModified":"2026-03-22T20:39:45+00:00","description":"Vasilij Kandinski - Black Grid (Schwarzer Raster) - 100% k\u00e9zzel festett h\u00edres festm\u00e9nyek reprodukci\u00f3i. Festm\u00e9nyek keretez\u00e9se, elad\u00e1sa \u00e9s egyedi rendel\u00e9sre t\u00f6rt\u00e9n\u0151 v\u00e1szonk\u00e9pek k\u00e9sz\u00edt\u00e9se.","breadcrumb":{"@id":"https:\/\/svetslik.si\/hu\/vasilij-kandinski-hu\/black-grid-schwarzer-raster\/#breadcrumb"},"inLanguage":"hu","potentialAction":[{"@type":"ReadAction","target":["https:\/\/svetslik.si\/hu\/vasilij-kandinski-hu\/black-grid-schwarzer-raster\/"]}]},{"@type":"ImageObject","inLanguage":"hu","@id":"https:\/\/svetslik.si\/hu\/vasilij-kandinski-hu\/black-grid-schwarzer-raster\/#primaryimage","url":"https:\/\/svetslik.si\/wp-content\/uploads\/2021\/08\/image_Black-Grid-Schwarzer-Raster_680.jpg","contentUrl":"https:\/\/svetslik.si\/wp-content\/uploads\/2021\/08\/image_Black-Grid-Schwarzer-Raster_680.jpg","width":1800,"height":1636,"caption":"Vasilij Kandinski - Black Grid (Schwarzer Raster) - Fekete r\u00e1cs (Schwarzer Raster) - Vasilij Kandinski - Black Grid (Schwarzer Raster) - Festm\u00e9nyek reprodukci\u00f3i - V\u00e1szonk\u00e9p - Festm\u00e9nyek reprodukci\u00f3i - Absztrakt Festm\u00e9ny - Modern Festm\u00e9ny - Realisztikus Festm\u00e9ny - Olajfestm\u00e9ny - Falik\u00e9p"},{"@type":"BreadcrumbList","@id":"https:\/\/svetslik.si\/hu\/vasilij-kandinski-hu\/black-grid-schwarzer-raster\/#breadcrumb","itemListElement":[{"@type":"ListItem","position":1,"name":"Wall art and paintings on canvas","item":"https:\/\/svetslik.si\/hu\/"},{"@type":"ListItem","position":2,"name":"Festm\u00e9nyek elad\u00e1sa","item":"https:\/\/svetslik.si\/prodaja-slik\/"},{"@type":"ListItem","position":3,"name":"Vasilij Kandinski &#8211; Black Grid (Schwarzer Raster)"}]},{"@type":"WebSite","@id":"https:\/\/svetslik.si\/hu\/#website","url":"https:\/\/svetslik.si\/hu\/","name":"SVETSLIK.SI","description":"100%-ban k\u00e9zzel festett reprodukci\u00f3k h\u00edres fest\u0151k festm\u00e9nyeir\u0151l \u00e9s festm\u00e9nyekr\u0151l v\u00e1szonra.","publisher":{"@id":"https:\/\/svetslik.si\/hu\/#organization"},"potentialAction":[{"@type":"SearchAction","target":{"@type":"EntryPoint","urlTemplate":"https:\/\/svetslik.si\/hu\/?s={search_term_string}"},"query-input":{"@type":"PropertyValueSpecification","valueRequired":true,"valueName":"search_term_string"}}],"inLanguage":"hu"},{"@type":"Organization","@id":"https:\/\/svetslik.si\/hu\/#organization","name":"SvetSlik.si","url":"https:\/\/svetslik.si\/hu\/","logo":{"@type":"ImageObject","inLanguage":"hu","@id":"https:\/\/svetslik.si\/hu\/#\/schema\/logo\/image\/","url":"https:\/\/svetslik.si\/wp-content\/uploads\/2020\/12\/logo-512.png","contentUrl":"https:\/\/svetslik.si\/wp-content\/uploads\/2020\/12\/logo-512.png","width":512,"height":512,"caption":"SvetSlik.si"},"image":{"@id":"https:\/\/svetslik.si\/hu\/#\/schema\/logo\/image\/"},"sameAs":["https:\/\/www.facebook.com\/svetslik.si","https:\/\/x.com\/svetslik","https:\/\/www.instagram.com\/svetslik.si\/","https:\/\/www.linkedin.com\/company\/svetslik-si"]}]},"og_availability":"backorder","product_availability":"available for order","product_retailer_item_id":"295__","product_condition":"new"},"jetpack_sharing_enabled":true,"_links":{"self":[{"href":"https:\/\/svetslik.si\/hu\/wp-json\/wp\/v2\/product\/53745","targetHints":{"allow":["GET"]}}],"collection":[{"href":"https:\/\/svetslik.si\/hu\/wp-json\/wp\/v2\/product"}],"about":[{"href":"https:\/\/svetslik.si\/hu\/wp-json\/wp\/v2\/types\/product"}],"wp:featuredmedia":[{"embeddable":true,"href":"https:\/\/svetslik.si\/hu\/wp-json\/wp\/v2\/media\/49381"}],"wp:attachment":[{"href":"https:\/\/svetslik.si\/hu\/wp-json\/wp\/v2\/media?parent=53745"}],"wp:term":[{"taxonomy":"product_brand","embeddable":true,"href":"https:\/\/svetslik.si\/hu\/wp-json\/wp\/v2\/product_brand?post=53745"},{"taxonomy":"product_cat","embeddable":true,"href":"https:\/\/svetslik.si\/hu\/wp-json\/wp\/v2\/product_cat?post=53745"},{"taxonomy":"product_tag","embeddable":true,"href":"https:\/\/svetslik.si\/hu\/wp-json\/wp\/v2\/product_tag?post=53745"}],"curies":[{"name":"wp","href":"https:\/\/api.w.org\/{rel}","templated":true}]}}