{"id":53763,"date":"2021-09-02T17:55:20","date_gmt":"2021-09-02T15:55:20","guid":{"rendered":"https:\/\/svetslik.si\/nem-kategorizalt\/in-the-black-square-im-schwarzen-viereck\/"},"modified":"2026-03-22T21:40:30","modified_gmt":"2026-03-22T20:40:30","slug":"in-the-black-square-im-schwarzen-viereck","status":"publish","type":"product","link":"https:\/\/svetslik.si\/hu\/vasilij-kandinski-hu\/in-the-black-square-im-schwarzen-viereck\/","title":{"rendered":"Vasilij Kandinski &#8211; In the Black Square (Im schwarzen Viereck)"},"content":{"rendered":"<h1>Wassily Kandinsky \u2013 A Fekete n\u00e9gyzetben (Im schwarzen Viereck)<\/h1>\n<table border=\"0\" width=\"673\" cellpadding=\"0\">\n<colgroup>\n<col style=\"width: 135pt\" width=\"180\" \/>\n<col style=\"width: 370pt\" width=\"493\" \/> <\/colgroup>\n<tbody>\n<tr style=\"height: 15.75pt\">\n<td class=\"xl24\" style=\"height: 15.75pt;width: 135pt\" width=\"180\" height=\"21\">L\u00e9trehoz\u00e1s \u00e9ve:<\/td>\n<td class=\"xl25\" style=\"width: 370pt\" width=\"493\">1923<\/td>\n<\/tr>\n<tr style=\"height: 15.75pt\">\n<td class=\"xl24\" style=\"height: 15.75pt;width: 135pt\" width=\"180\" height=\"21\">Eredeti m\u00e9ret:<\/td>\n<td class=\"xl24\" style=\"width: 370pt\" width=\"493\">93 cm x 97,5 cm<\/td>\n<\/tr>\n<tr style=\"height: 15.75pt\">\n<td class=\"xl24\" style=\"height: 15.75pt;width: 135pt\" width=\"180\" height=\"21\">Fest\u00e9si st\u00edlus:<\/td>\n<td class=\"xl24\" style=\"width: 370pt\" width=\"493\">Absztrakt m\u0171v\u00e9szet<\/td>\n<\/tr>\n<tr style=\"height: 15.75pt\">\n<td class=\"xl24\" style=\"height: 15.75pt;width: 135pt\" width=\"180\" height=\"21\">Eredeti technika:<\/td>\n<td>Olaj, v\u00e1szon<\/td>\n<\/tr>\n<tr style=\"height: 15.75pt\">\n<td class=\"xl24\" style=\"height: 15.75pt;width: 135pt\" width=\"180\" height=\"21\">Helysz\u00edn:<\/td>\n<td>Guggenheim M\u00fazeum New York<\/td>\n<\/tr>\n<\/tbody>\n<\/table>\n<p>Wassily Kandinsky &#8220;A fekete n\u00e9gyzeten&#8221; c\u00edm\u0171 festm\u00e9nye felt\u0171n\u0151 \u00e9s er\u0151teljes festm\u00e9ny, amelyet az egyik legfontosabb alkot\u00e1sak\u00e9nt tartanak sz\u00e1mon. A festm\u00e9ny a m\u0171v\u00e9sz absztrakt m\u0171v\u00e9szet felfedez\u00e9s\u00e9t \u00e9s a form\u00e1ra, sz\u00ednre \u00e9s mozg\u00e1sra val\u00f3 \u00f6sszpontos\u00edt\u00e1s\u00e1t mutatja be.<\/p>\n<p>A festm\u00e9nyen a v\u00e1szon k\u00f6zep\u00e9n egy fekete n\u00e9gyzet tal\u00e1lhat\u00f3, amelyet egy sor koncentrikus k\u00f6r veszi k\u00f6r\u00fcl a k\u00e9k, piros \u00e9s s\u00e1rga k\u00fcl\u00f6nb\u00f6z\u0151 \u00e1rnyalataiban. \u00dagy t\u0171nik, hogy a k\u00f6r\u00f6k kisug\u00e1roznak a t\u00e9rb\u0151l, mozg\u00e1s\u00e9rzetet \u00e9s dinamikus energi\u00e1t keltenek. A kontrasztos sz\u00ednek \u00e9s form\u00e1k haszn\u00e1lata m\u00e9lys\u00e9get \u00e9s \u00f6sszetetts\u00e9get ad a festm\u00e9nynek, \u00edgy a festm\u00e9ny hipnotiz\u00e1l\u00f3 \u00e9s \u00f6szt\u00f6nz\u0151 m\u0171alkot\u00e1ss\u00e1 v\u00e1lik.<\/p>\n<p>Ennek a festm\u00e9nynek az egyik legszembet\u0171n\u0151bb aspektusa az, ahogy Kandinsky a fekete n\u00e9gyzetet haszn\u00e1lja f\u00f3kuszpontk\u00e9nt. A t\u00e9r egy er\u0151teljes szimb\u00f3lum, amelyet a m\u0171v\u00e9szett\u00f6rt\u00e9net sor\u00e1n haszn\u00e1ltak, \u00e9s Kandinsky ezen a festm\u00e9nyen haszn\u00e1lja, hogy titokzatoss\u00e1got \u00e9s intrik\u00e1t keltsen. A teret k\u00f6r\u00f6k veszik k\u00f6r\u00fcl, amelyek mintha mozogn\u00e1nak k\u00f6r\u00fcl\u00f6tte, mozg\u00e1s \u00e9s dinamizmus \u00e9rzet\u00e9t keltve.<\/p>\n<p>A fekete n\u00e9gyzetben c\u00edm\u0171 festm\u00e9nyen is \u00e9szrevehet\u0151 a sz\u00ednhaszn\u00e1lat. Kandinsky mer\u00e9sz \u00e9s kontrasztos sz\u00edneket haszn\u00e1lt, amelyek m\u00e9lys\u00e9get \u00e9s dimenzi\u00f3t adnak a festm\u00e9nynek, \u00e9s mozg\u00e1s- \u00e9s energia\u00e9rzetet keltenek. A k\u00f6r\u00f6kben haszn\u00e1lt k\u00e9k, piros \u00e9s s\u00e1rga k\u00fcl\u00f6nb\u00f6z\u0151 \u00e1rnyalatai mintha k\u00f6lcs\u00f6nhat\u00e1sba l\u00e9pnek egym\u00e1ssal, megteremtve a harm\u00f3nia \u00e9s az egyens\u00faly \u00e9rzet\u00e9t.<\/p>\n<p>\u00d6sszess\u00e9g\u00e9ben a &#8220;Fekete n\u00e9gyzetben&#8221; egy er\u0151teljes \u00e9s \u00f6szt\u00f6nz\u0151 festm\u00e9ny, amely bemutatja Kandinsky mesters\u00e9g\u00e9t az absztrakt m\u0171v\u00e9szetben. A festm\u00e9ny nagyszer\u0171 p\u00e9ld\u00e1ja annak, hogy egy m\u0171v\u00e9sz hogyan tud form\u00e1t, sz\u00ednt \u00e9s mozg\u00e1st haszn\u00e1lni egy er\u0151teljes \u00e9s tartalmas m\u0171alkot\u00e1s l\u00e9trehoz\u00e1s\u00e1hoz. Ha \u00e9rdekli Kandinszkij munk\u00e1ja, akkor ezt a festm\u00e9nyt felt\u00e9tlen\u00fcl l\u00e1tnia kell, mivel az egyik legfontosabb munk\u00e1jak\u00e9nt tartj\u00e1k sz\u00e1mon.<\/p>\n","protected":false},"excerpt":{"rendered":"<p>Wassily Kandinsky \u2013 A Fekete n\u00e9gyzetben (Im schwarzen Viereck) L\u00e9trehoz\u00e1s \u00e9ve: 1923 Eredeti m\u00e9ret: 93 cm x 97,5 cm Fest\u00e9si st\u00edlus: Absztrakt m\u0171v\u00e9szet Eredeti technika: Olaj, v\u00e1szon Helysz\u00edn: Guggenheim M\u00fazeum New York Wassily Kandinsky &#8220;A fekete n\u00e9gyzeten&#8221; c\u00edm\u0171 festm\u00e9nye felt\u0171n\u0151 \u00e9s er\u0151teljes festm\u00e9ny, amelyet az egyik legfontosabb alkot\u00e1sak\u00e9nt tartanak sz\u00e1mon. [&hellip;]<\/p>\n","protected":false},"featured_media":49657,"template":"","meta":{"_acf_changed":false},"product_brand":[],"product_cat":[7149],"product_tag":[7172,7173,11885,11886,11887],"class_list":{"0":"post-53763","1":"product","2":"type-product","3":"status-publish","4":"has-post-thumbnail","6":"product_cat-vasilij-kandinski-hu","7":"product_tag-kandinski-hu","8":"product_tag-kandinsky-hu","9":"product_tag-painter-hu","10":"product_tag-reproduction","11":"product_tag-reproductions-hu","12":"pa_dimenzija-110-x-120-cm-hu","13":"pa_dimenzija-130-x-140-cm-hu","14":"pa_dimenzija-150-x-160-cm-hu","15":"pa_dimenzija-50-x-50-cm-hu","16":"pa_dimenzija-60-x-60-cm-hu","17":"pa_dimenzija-70-x-70-cm-hu","18":"pa_dimenzija-80-x-80-cm-hu","19":"pa_dimenzija-93-x-98-cm-hu","20":"pa_oblika-fuggoleges","21":"pa_okvir-nincs-keret","22":"pa_podokvir-igen","23":"pa_podokvir-nem","25":"first","26":"onbackorder","27":"purchasable","28":"product-type-variable","29":"has-default-attributes"},"acf":[],"yoast_head":"<!-- This site is optimized with the Yoast SEO Premium plugin v26.0 (Yoast SEO v27.2) - https:\/\/yoast.com\/product\/yoast-seo-premium-wordpress\/ -->\n<title>Vasilij Kandinski - In the Black Square (Im schwarzen Viereck) - SVETSLIK.SI - 100% k\u00e9zzel festett<\/title>\n<meta name=\"description\" content=\"Vasilij Kandinski - In the Black Square (Im schwarzen Viereck) - 100% k\u00e9zzel festett h\u00edres festm\u00e9nyek reprodukci\u00f3i. Festm\u00e9nyek keretez\u00e9se, elad\u00e1sa \u00e9s egyedi rendel\u00e9sre t\u00f6rt\u00e9n\u0151 v\u00e1szonk\u00e9pek k\u00e9sz\u00edt\u00e9se.\" \/>\n<meta name=\"robots\" content=\"index, follow, max-snippet:-1, max-image-preview:large, max-video-preview:-1\" \/>\n<link rel=\"canonical\" href=\"https:\/\/svetslik.si\/hu\/vasilij-kandinski-hu\/in-the-black-square-im-schwarzen-viereck\/\" \/>\n<meta property=\"og:locale\" content=\"hu_HU\" \/>\n<meta property=\"og:type\" content=\"article\" \/>\n<meta property=\"og:title\" content=\"Vasilij Kandinski - In the Black Square (Im schwarzen Viereck)\" \/>\n<meta property=\"og:description\" content=\"100% ro\u010dno naslikane slike na platnu, reprodukcije znanih slikarjev in umetni\u0161ke slike po naro\u010dilu.\" \/>\n<meta property=\"og:url\" content=\"https:\/\/svetslik.si\/hu\/vasilij-kandinski-hu\/in-the-black-square-im-schwarzen-viereck\/\" \/>\n<meta property=\"og:site_name\" content=\"SVETSLIK.SI\" \/>\n<meta property=\"article:publisher\" content=\"https:\/\/www.facebook.com\/svetslik.si\" \/>\n<meta property=\"article:modified_time\" content=\"2026-03-22T20:40:30+00:00\" \/>\n<meta property=\"og:image\" content=\"https:\/\/svetslik.si\/wp-content\/uploads\/2021\/08\/image_In-the-Black-Square-Im-schwarzen-Viereck_680.jpg\" \/>\n\t<meta property=\"og:image:width\" content=\"1200\" \/>\n\t<meta property=\"og:image:height\" content=\"1277\" \/>\n\t<meta property=\"og:image:type\" content=\"image\/jpeg\" \/>\n<meta name=\"twitter:card\" content=\"summary_large_image\" \/>\n<meta name=\"twitter:site\" content=\"@svetslik\" \/>\n<meta name=\"twitter:label1\" content=\"El\u00e9rhet\u0151s\u00e9g\" \/>\n\t<meta name=\"twitter:data1\" content=\"Beszerz\u00e9s alatt\" \/>\n<script type=\"application\/ld+json\" class=\"yoast-schema-graph\">{\"@context\":\"https:\/\/schema.org\",\"@graph\":[{\"@type\":[\"WebPage\",\"ItemPage\"],\"@id\":\"https:\/\/svetslik.si\/hu\/vasilij-kandinski-hu\/in-the-black-square-im-schwarzen-viereck\/\",\"url\":\"https:\/\/svetslik.si\/hu\/vasilij-kandinski-hu\/in-the-black-square-im-schwarzen-viereck\/\",\"name\":\"Vasilij Kandinski - In the Black Square (Im schwarzen Viereck) - SVETSLIK.SI - 100% k\u00e9zzel festett\",\"isPartOf\":{\"@id\":\"https:\/\/svetslik.si\/hu\/#website\"},\"primaryImageOfPage\":{\"@id\":\"https:\/\/svetslik.si\/hu\/vasilij-kandinski-hu\/in-the-black-square-im-schwarzen-viereck\/#primaryimage\"},\"image\":{\"@id\":\"https:\/\/svetslik.si\/hu\/vasilij-kandinski-hu\/in-the-black-square-im-schwarzen-viereck\/#primaryimage\"},\"thumbnailUrl\":\"https:\/\/svetslik.si\/wp-content\/uploads\/2021\/08\/image_In-the-Black-Square-Im-schwarzen-Viereck_680.jpg\",\"datePublished\":\"2021-09-02T15:55:20+00:00\",\"dateModified\":\"2026-03-22T20:40:30+00:00\",\"description\":\"Vasilij Kandinski - In the Black Square (Im schwarzen Viereck) - 100% k\u00e9zzel festett h\u00edres festm\u00e9nyek reprodukci\u00f3i. Festm\u00e9nyek keretez\u00e9se, elad\u00e1sa \u00e9s egyedi rendel\u00e9sre t\u00f6rt\u00e9n\u0151 v\u00e1szonk\u00e9pek k\u00e9sz\u00edt\u00e9se.\",\"breadcrumb\":{\"@id\":\"https:\/\/svetslik.si\/hu\/vasilij-kandinski-hu\/in-the-black-square-im-schwarzen-viereck\/#breadcrumb\"},\"inLanguage\":\"hu\",\"potentialAction\":[{\"@type\":\"ReadAction\",\"target\":[\"https:\/\/svetslik.si\/hu\/vasilij-kandinski-hu\/in-the-black-square-im-schwarzen-viereck\/\"]}]},{\"@type\":\"ImageObject\",\"inLanguage\":\"hu\",\"@id\":\"https:\/\/svetslik.si\/hu\/vasilij-kandinski-hu\/in-the-black-square-im-schwarzen-viereck\/#primaryimage\",\"url\":\"https:\/\/svetslik.si\/wp-content\/uploads\/2021\/08\/image_In-the-Black-Square-Im-schwarzen-Viereck_680.jpg\",\"contentUrl\":\"https:\/\/svetslik.si\/wp-content\/uploads\/2021\/08\/image_In-the-Black-Square-Im-schwarzen-Viereck_680.jpg\",\"width\":1200,\"height\":1277,\"caption\":\"Vasilij Kandinski - In the Black Square (Im schwarzen Viereck) - A fekete n\u00e9gyzetben - REPRODUKCI\u00d3I - V\u00e1szonk\u00e9p - Festm\u00e9nyek reprodukci\u00f3i - Absztrakt Festm\u00e9ny - Modern Festm\u00e9ny - Realisztikus Festm\u00e9ny - Olajfestm\u00e9ny - Falik\u00e9p\"},{\"@type\":\"BreadcrumbList\",\"@id\":\"https:\/\/svetslik.si\/hu\/vasilij-kandinski-hu\/in-the-black-square-im-schwarzen-viereck\/#breadcrumb\",\"itemListElement\":[{\"@type\":\"ListItem\",\"position\":1,\"name\":\"Wall art and paintings on canvas\",\"item\":\"https:\/\/svetslik.si\/hu\/\"},{\"@type\":\"ListItem\",\"position\":2,\"name\":\"Festm\u00e9nyek elad\u00e1sa\",\"item\":\"https:\/\/svetslik.si\/prodaja-slik\/\"},{\"@type\":\"ListItem\",\"position\":3,\"name\":\"Vasilij Kandinski &#8211; In the Black Square (Im schwarzen Viereck)\"}]},{\"@type\":\"WebSite\",\"@id\":\"https:\/\/svetslik.si\/hu\/#website\",\"url\":\"https:\/\/svetslik.si\/hu\/\",\"name\":\"SVETSLIK.SI\",\"description\":\"100%-ban k\u00e9zzel festett reprodukci\u00f3k h\u00edres fest\u0151k festm\u00e9nyeir\u0151l \u00e9s festm\u00e9nyekr\u0151l v\u00e1szonra.\",\"publisher\":{\"@id\":\"https:\/\/svetslik.si\/hu\/#organization\"},\"potentialAction\":[{\"@type\":\"SearchAction\",\"target\":{\"@type\":\"EntryPoint\",\"urlTemplate\":\"https:\/\/svetslik.si\/hu\/?s={search_term_string}\"},\"query-input\":{\"@type\":\"PropertyValueSpecification\",\"valueRequired\":true,\"valueName\":\"search_term_string\"}}],\"inLanguage\":\"hu\"},{\"@type\":\"Organization\",\"@id\":\"https:\/\/svetslik.si\/hu\/#organization\",\"name\":\"SvetSlik.si\",\"url\":\"https:\/\/svetslik.si\/hu\/\",\"logo\":{\"@type\":\"ImageObject\",\"inLanguage\":\"hu\",\"@id\":\"https:\/\/svetslik.si\/hu\/#\/schema\/logo\/image\/\",\"url\":\"https:\/\/svetslik.si\/wp-content\/uploads\/2020\/12\/logo-512.png\",\"contentUrl\":\"https:\/\/svetslik.si\/wp-content\/uploads\/2020\/12\/logo-512.png\",\"width\":512,\"height\":512,\"caption\":\"SvetSlik.si\"},\"image\":{\"@id\":\"https:\/\/svetslik.si\/hu\/#\/schema\/logo\/image\/\"},\"sameAs\":[\"https:\/\/www.facebook.com\/svetslik.si\",\"https:\/\/x.com\/svetslik\",\"https:\/\/www.instagram.com\/svetslik.si\/\",\"https:\/\/www.linkedin.com\/company\/svetslik-si\"]}]}<\/script>\n<meta property=\"og:availability\" content=\"backorder\" \/>\n<meta property=\"product:availability\" content=\"available for order\" \/>\n<meta property=\"product:retailer_item_id\" content=\"297__\" \/>\n<meta property=\"product:condition\" content=\"new\" \/>\n<!-- \/ Yoast SEO Premium plugin. -->","yoast_head_json":{"title":"Vasilij Kandinski - In the Black Square (Im schwarzen Viereck) - SVETSLIK.SI - 100% k\u00e9zzel festett","description":"Vasilij Kandinski - In the Black Square (Im schwarzen Viereck) - 100% k\u00e9zzel festett h\u00edres festm\u00e9nyek reprodukci\u00f3i. Festm\u00e9nyek keretez\u00e9se, elad\u00e1sa \u00e9s egyedi rendel\u00e9sre t\u00f6rt\u00e9n\u0151 v\u00e1szonk\u00e9pek k\u00e9sz\u00edt\u00e9se.","robots":{"index":"index","follow":"follow","max-snippet":"max-snippet:-1","max-image-preview":"max-image-preview:large","max-video-preview":"max-video-preview:-1"},"canonical":"https:\/\/svetslik.si\/hu\/vasilij-kandinski-hu\/in-the-black-square-im-schwarzen-viereck\/","og_locale":"hu_HU","og_type":"article","og_title":"Vasilij Kandinski - In the Black Square (Im schwarzen Viereck)","og_description":"100% ro\u010dno naslikane slike na platnu, reprodukcije znanih slikarjev in umetni\u0161ke slike po naro\u010dilu.","og_url":"https:\/\/svetslik.si\/hu\/vasilij-kandinski-hu\/in-the-black-square-im-schwarzen-viereck\/","og_site_name":"SVETSLIK.SI","article_publisher":"https:\/\/www.facebook.com\/svetslik.si","article_modified_time":"2026-03-22T20:40:30+00:00","og_image":[{"width":1200,"height":1277,"url":"https:\/\/svetslik.si\/wp-content\/uploads\/2021\/08\/image_In-the-Black-Square-Im-schwarzen-Viereck_680.jpg","type":"image\/jpeg"}],"twitter_card":"summary_large_image","twitter_site":"@svetslik","twitter_misc":{"El\u00e9rhet\u0151s\u00e9g":"Beszerz\u00e9s alatt"},"schema":{"@context":"https:\/\/schema.org","@graph":[{"@type":["WebPage","ItemPage"],"@id":"https:\/\/svetslik.si\/hu\/vasilij-kandinski-hu\/in-the-black-square-im-schwarzen-viereck\/","url":"https:\/\/svetslik.si\/hu\/vasilij-kandinski-hu\/in-the-black-square-im-schwarzen-viereck\/","name":"Vasilij Kandinski - In the Black Square (Im schwarzen Viereck) - SVETSLIK.SI - 100% k\u00e9zzel festett","isPartOf":{"@id":"https:\/\/svetslik.si\/hu\/#website"},"primaryImageOfPage":{"@id":"https:\/\/svetslik.si\/hu\/vasilij-kandinski-hu\/in-the-black-square-im-schwarzen-viereck\/#primaryimage"},"image":{"@id":"https:\/\/svetslik.si\/hu\/vasilij-kandinski-hu\/in-the-black-square-im-schwarzen-viereck\/#primaryimage"},"thumbnailUrl":"https:\/\/svetslik.si\/wp-content\/uploads\/2021\/08\/image_In-the-Black-Square-Im-schwarzen-Viereck_680.jpg","datePublished":"2021-09-02T15:55:20+00:00","dateModified":"2026-03-22T20:40:30+00:00","description":"Vasilij Kandinski - In the Black Square (Im schwarzen Viereck) - 100% k\u00e9zzel festett h\u00edres festm\u00e9nyek reprodukci\u00f3i. Festm\u00e9nyek keretez\u00e9se, elad\u00e1sa \u00e9s egyedi rendel\u00e9sre t\u00f6rt\u00e9n\u0151 v\u00e1szonk\u00e9pek k\u00e9sz\u00edt\u00e9se.","breadcrumb":{"@id":"https:\/\/svetslik.si\/hu\/vasilij-kandinski-hu\/in-the-black-square-im-schwarzen-viereck\/#breadcrumb"},"inLanguage":"hu","potentialAction":[{"@type":"ReadAction","target":["https:\/\/svetslik.si\/hu\/vasilij-kandinski-hu\/in-the-black-square-im-schwarzen-viereck\/"]}]},{"@type":"ImageObject","inLanguage":"hu","@id":"https:\/\/svetslik.si\/hu\/vasilij-kandinski-hu\/in-the-black-square-im-schwarzen-viereck\/#primaryimage","url":"https:\/\/svetslik.si\/wp-content\/uploads\/2021\/08\/image_In-the-Black-Square-Im-schwarzen-Viereck_680.jpg","contentUrl":"https:\/\/svetslik.si\/wp-content\/uploads\/2021\/08\/image_In-the-Black-Square-Im-schwarzen-Viereck_680.jpg","width":1200,"height":1277,"caption":"Vasilij Kandinski - In the Black Square (Im schwarzen Viereck) - A fekete n\u00e9gyzetben - REPRODUKCI\u00d3I - V\u00e1szonk\u00e9p - Festm\u00e9nyek reprodukci\u00f3i - Absztrakt Festm\u00e9ny - Modern Festm\u00e9ny - Realisztikus Festm\u00e9ny - Olajfestm\u00e9ny - Falik\u00e9p"},{"@type":"BreadcrumbList","@id":"https:\/\/svetslik.si\/hu\/vasilij-kandinski-hu\/in-the-black-square-im-schwarzen-viereck\/#breadcrumb","itemListElement":[{"@type":"ListItem","position":1,"name":"Wall art and paintings on canvas","item":"https:\/\/svetslik.si\/hu\/"},{"@type":"ListItem","position":2,"name":"Festm\u00e9nyek elad\u00e1sa","item":"https:\/\/svetslik.si\/prodaja-slik\/"},{"@type":"ListItem","position":3,"name":"Vasilij Kandinski &#8211; In the Black Square (Im schwarzen Viereck)"}]},{"@type":"WebSite","@id":"https:\/\/svetslik.si\/hu\/#website","url":"https:\/\/svetslik.si\/hu\/","name":"SVETSLIK.SI","description":"100%-ban k\u00e9zzel festett reprodukci\u00f3k h\u00edres fest\u0151k festm\u00e9nyeir\u0151l \u00e9s festm\u00e9nyekr\u0151l v\u00e1szonra.","publisher":{"@id":"https:\/\/svetslik.si\/hu\/#organization"},"potentialAction":[{"@type":"SearchAction","target":{"@type":"EntryPoint","urlTemplate":"https:\/\/svetslik.si\/hu\/?s={search_term_string}"},"query-input":{"@type":"PropertyValueSpecification","valueRequired":true,"valueName":"search_term_string"}}],"inLanguage":"hu"},{"@type":"Organization","@id":"https:\/\/svetslik.si\/hu\/#organization","name":"SvetSlik.si","url":"https:\/\/svetslik.si\/hu\/","logo":{"@type":"ImageObject","inLanguage":"hu","@id":"https:\/\/svetslik.si\/hu\/#\/schema\/logo\/image\/","url":"https:\/\/svetslik.si\/wp-content\/uploads\/2020\/12\/logo-512.png","contentUrl":"https:\/\/svetslik.si\/wp-content\/uploads\/2020\/12\/logo-512.png","width":512,"height":512,"caption":"SvetSlik.si"},"image":{"@id":"https:\/\/svetslik.si\/hu\/#\/schema\/logo\/image\/"},"sameAs":["https:\/\/www.facebook.com\/svetslik.si","https:\/\/x.com\/svetslik","https:\/\/www.instagram.com\/svetslik.si\/","https:\/\/www.linkedin.com\/company\/svetslik-si"]}]},"og_availability":"backorder","product_availability":"available for order","product_retailer_item_id":"297__","product_condition":"new"},"jetpack_sharing_enabled":true,"_links":{"self":[{"href":"https:\/\/svetslik.si\/hu\/wp-json\/wp\/v2\/product\/53763","targetHints":{"allow":["GET"]}}],"collection":[{"href":"https:\/\/svetslik.si\/hu\/wp-json\/wp\/v2\/product"}],"about":[{"href":"https:\/\/svetslik.si\/hu\/wp-json\/wp\/v2\/types\/product"}],"wp:featuredmedia":[{"embeddable":true,"href":"https:\/\/svetslik.si\/hu\/wp-json\/wp\/v2\/media\/49657"}],"wp:attachment":[{"href":"https:\/\/svetslik.si\/hu\/wp-json\/wp\/v2\/media?parent=53763"}],"wp:term":[{"taxonomy":"product_brand","embeddable":true,"href":"https:\/\/svetslik.si\/hu\/wp-json\/wp\/v2\/product_brand?post=53763"},{"taxonomy":"product_cat","embeddable":true,"href":"https:\/\/svetslik.si\/hu\/wp-json\/wp\/v2\/product_cat?post=53763"},{"taxonomy":"product_tag","embeddable":true,"href":"https:\/\/svetslik.si\/hu\/wp-json\/wp\/v2\/product_tag?post=53763"}],"curies":[{"name":"wp","href":"https:\/\/api.w.org\/{rel}","templated":true}]}}