{"id":53781,"date":"2021-09-02T17:55:32","date_gmt":"2021-09-02T15:55:32","guid":{"rendered":"https:\/\/svetslik.si\/nem-kategorizalt\/succession\/"},"modified":"2026-03-22T21:40:30","modified_gmt":"2026-03-22T20:40:30","slug":"succession","status":"publish","type":"product","link":"https:\/\/svetslik.si\/hu\/vasilij-kandinski-hu\/succession\/","title":{"rendered":"Vasilij Kandinski &#8211; Succession"},"content":{"rendered":"<h1>Vaszilij Kandinszkij \u2013 Ut\u00f3dl\u00e1s<\/h1>\n<table border=\"0\" width=\"673\" cellpadding=\"0\">\n<colgroup>\n<col style=\"width: 135pt\" width=\"180\" \/>\n<col style=\"width: 370pt\" width=\"493\" \/> <\/colgroup>\n<tbody>\n<tr style=\"height: 15.75pt\">\n<td class=\"xl24\" style=\"height: 15.75pt;width: 135pt\" width=\"180\" height=\"21\">L\u00e9trehoz\u00e1s \u00e9ve:<\/td>\n<td class=\"xl25\" style=\"width: 370pt\" width=\"493\">1935<\/td>\n<\/tr>\n<tr style=\"height: 15.75pt\">\n<td class=\"xl24\" style=\"height: 15.75pt;width: 135pt\" width=\"180\" height=\"21\">Eredeti m\u00e9ret:<\/td>\n<td class=\"xl24\" style=\"width: 370pt\" width=\"493\">100 cm x 81 cm<\/td>\n<\/tr>\n<tr style=\"height: 15.75pt\">\n<td class=\"xl24\" style=\"height: 15.75pt;width: 135pt\" width=\"180\" height=\"21\">Fest\u00e9si st\u00edlus:<\/td>\n<td class=\"xl24\" style=\"width: 370pt\" width=\"493\">Absztrakt m\u0171v\u00e9szet<\/td>\n<\/tr>\n<tr style=\"height: 15.75pt\">\n<td class=\"xl24\" style=\"height: 15.75pt;width: 135pt\" width=\"180\" height=\"21\">Eredeti technika:<\/td>\n<td>Olaj, v\u00e1szon<\/td>\n<\/tr>\n<tr style=\"height: 15.75pt\">\n<td class=\"xl24\" style=\"height: 15.75pt;width: 135pt\" width=\"180\" height=\"21\">Helysz\u00edn:<\/td>\n<td>Mag\u00e1ngy\u0171jtem\u00e9ny, USA<\/td>\n<\/tr>\n<\/tbody>\n<\/table>\n<p>Wassily Kandinsky, m\u00e1s n\u00e9ven Wassily Kandinsky, az absztrakt m\u0171v\u00e9szet \u00fatt\u00f6r\u0151je \u00e9s a Blue Rider mozgalom alap\u00edt\u00f3 tagja volt. Egyik legh\u00edresebb alkot\u00e1sa az &#8220;\u00d6r\u00f6kl\u00e9s&#8221; c\u00edm\u0171 festm\u00e9ny, amely egyedi st\u00edlus\u00e1t \u00e9s sz\u00ednhaszn\u00e1lat\u00e1t mutatja be.<\/p>\n<p>Az &#8220;Az \u00f6r\u00f6ks\u00e9g&#8221; c\u00edm\u0171 festm\u00e9nyen Kandinsky mer\u00e9sz, kontrasztos sz\u00edneket haszn\u00e1l a mozg\u00e1s \u00e9s az energia \u00e9rzet\u00e9nek megteremt\u00e9s\u00e9re. A m\u0171 egy sor egym\u00e1st \u00e1tfed\u0151 k\u00f6rb\u0151l \u00e1ll, mindegyiknek megvan a maga egyedi sz\u00edne \u00e9s text\u00far\u00e1ja. \u00dagy t\u0171nik, hogy a k\u00f6r\u00f6k mozg\u00e1sban vannak, mintha kavarogn\u00e1nak a v\u00e1sznon. A sz\u00ednek haszn\u00e1lata az &#8220;\u00d6r\u00f6kl\u00e9s&#8221; c\u00edm\u0171 m\u0171ben k\u00fcl\u00f6n\u00f6sen szembet\u0171n\u0151, mivel kontrasztban van a k\u00e9k, s\u00e1rga \u00e9s piros \u00e9l\u00e9nk \u00e1rnyalataival.<\/p>\n<p>Kandinsky \u00fagy v\u00e9lte, hogy a sz\u00ednek az \u00e9rzelmek \u00e9s \u00f6tletek kifejez\u00e9s\u00e9nek hat\u00e9kony eszk\u00f6zei, amint az az &#8220;Az \u00f6r\u00f6ks\u00e9g&#8221; c\u00edm\u0171 festm\u00e9nyen is l\u00e1that\u00f3. A m\u0171 \u00e9l\u00e9nk sz\u00ednei \u00e9s dinamikus kompoz\u00edci\u00f3i mozg\u00e1s- \u00e9s energia\u00e9rzetet keltenek, izgalmat \u00e9s mozg\u00e1st keltenek. Ezt a mozg\u00e1s\u00e9rz\u00e9ket az is seg\u00edti, ha k\u00f6r\u00f6ket haszn\u00e1lnak, amelyek mintha \u00f6rv\u00e9nyl\u0151dn\u00e9nek \u00e9s t\u00e1ncoln\u00e1nak a v\u00e1sznon.<\/p>\n<p>Az \u00d6r\u00f6kl\u0151d\u00e9s c\u00edm\u0171 m\u0171 egyik legfontosabb jellemz\u0151je a prezent\u00e1ci\u00f3s elemek hi\u00e1nya. A festm\u00e9nyen nincsenek felismerhet\u0151 t\u00e1rgyak vagy figur\u00e1k, a kompoz\u00edci\u00f3 a mozg\u00e1s- \u00e9s energia\u00e9rzetet kelt\u0151 forma- \u00e9s sz\u00ednhaszn\u00e1laton alapul. Ez \u00f6sszhangban van Kandinsky azon meggy\u0151z\u0151d\u00e9s\u00e9vel, hogy a m\u0171v\u00e9szetnek \u00e9rzelmeket \u00e9s gondolatokat kell kifejeznie, nem csup\u00e1n a fizikai vil\u00e1got kell \u00e1br\u00e1zolnia.<\/p>\n<p>Az &#8220;\u00f6r\u00f6kl\u00e9s&#8221; kiv\u00e1l\u00f3 p\u00e9ld\u00e1ja Kandinsky egyedi st\u00edlus\u00e1nak \u00e9s sz\u00ednhaszn\u00e1lat\u00e1nak. Azt mutatja, hogy k\u00e9pes absztrakt form\u00e1kat \u00e9s \u00e9l\u00e9nk \u00e1rnyalatokat haszn\u00e1lni \u00e9rzelmek kiv\u00e1lt\u00e1s\u00e1ra \u00e9s \u00f6tletek k\u00f6zvet\u00edt\u00e9s\u00e9re. A festm\u00e9nyt mindenkinek l\u00e1tnia kell, aki \u00e9rdekl\u0151dik az absztrakt m\u0171v\u00e9szet fejl\u0151d\u00e9se \u00e9s Wassily Kandinsky munk\u00e1ss\u00e1ga ir\u00e1nt.<\/p>\n","protected":false},"excerpt":{"rendered":"<p>Vaszilij Kandinszkij \u2013 Ut\u00f3dl\u00e1s L\u00e9trehoz\u00e1s \u00e9ve: 1935 Eredeti m\u00e9ret: 100 cm x 81 cm Fest\u00e9si st\u00edlus: Absztrakt m\u0171v\u00e9szet Eredeti technika: Olaj, v\u00e1szon Helysz\u00edn: Mag\u00e1ngy\u0171jtem\u00e9ny, USA Wassily Kandinsky, m\u00e1s n\u00e9ven Wassily Kandinsky, az absztrakt m\u0171v\u00e9szet \u00fatt\u00f6r\u0151je \u00e9s a Blue Rider mozgalom alap\u00edt\u00f3 tagja volt. Egyik legh\u00edresebb alkot\u00e1sa az &#8220;\u00d6r\u00f6kl\u00e9s&#8221; c\u00edm\u0171 festm\u00e9ny, [&hellip;]<\/p>\n","protected":false},"featured_media":50078,"template":"","meta":{"_acf_changed":false},"product_brand":[],"product_cat":[7149],"product_tag":[7172,7173,11885,11886,11887],"class_list":{"0":"post-53781","1":"product","2":"type-product","3":"status-publish","4":"has-post-thumbnail","6":"product_cat-vasilij-kandinski-hu","7":"product_tag-kandinski-hu","8":"product_tag-kandinsky-hu","9":"product_tag-painter-hu","10":"product_tag-reproduction","11":"product_tag-reproductions-hu","12":"pa_dimenzija-100-x-81-cm-hu","13":"pa_dimenzija-110-x-90-cm-hu","14":"pa_dimenzija-130-x-110-cm-hu","15":"pa_dimenzija-150-x-120-cm-hu","16":"pa_dimenzija-50-x-40-cm-hu","17":"pa_dimenzija-60-x-50-cm-hu","18":"pa_dimenzija-70-x-60-cm-hu","19":"pa_dimenzija-90-x-70-cm-hu","20":"pa_oblika-vizszintes","21":"pa_okvir-nincs-keret","22":"pa_podokvir-igen","23":"pa_podokvir-nem","25":"first","26":"onbackorder","27":"purchasable","28":"product-type-variable","29":"has-default-attributes"},"acf":[],"yoast_head":"<!-- This site is optimized with the Yoast SEO Premium plugin v26.0 (Yoast SEO v27.2) - https:\/\/yoast.com\/product\/yoast-seo-premium-wordpress\/ -->\n<title>Vasilij Kandinski - Succession - SVETSLIK.SI - 100% k\u00e9zzel festett<\/title>\n<meta name=\"description\" content=\"Vasilij Kandinski - Succession - 100% k\u00e9zzel festett h\u00edres festm\u00e9nyek reprodukci\u00f3i. Festm\u00e9nyek keretez\u00e9se, elad\u00e1sa \u00e9s egyedi rendel\u00e9sre t\u00f6rt\u00e9n\u0151 v\u00e1szonk\u00e9pek k\u00e9sz\u00edt\u00e9se.\" \/>\n<meta name=\"robots\" content=\"index, follow, max-snippet:-1, max-image-preview:large, max-video-preview:-1\" \/>\n<link rel=\"canonical\" href=\"https:\/\/svetslik.si\/hu\/vasilij-kandinski-hu\/succession\/\" \/>\n<meta property=\"og:locale\" content=\"hu_HU\" \/>\n<meta property=\"og:type\" content=\"article\" \/>\n<meta property=\"og:title\" content=\"Vasilij Kandinski - Succession\" \/>\n<meta property=\"og:description\" content=\"100% ro\u010dno naslikane slike na platnu, reprodukcije znanih slikarjev in umetni\u0161ke slike po naro\u010dilu.\" \/>\n<meta property=\"og:url\" content=\"https:\/\/svetslik.si\/hu\/vasilij-kandinski-hu\/succession\/\" \/>\n<meta property=\"og:site_name\" content=\"SVETSLIK.SI\" \/>\n<meta property=\"article:publisher\" content=\"https:\/\/www.facebook.com\/svetslik.si\" \/>\n<meta property=\"article:modified_time\" content=\"2026-03-22T20:40:30+00:00\" \/>\n<meta property=\"og:image\" content=\"https:\/\/svetslik.si\/wp-content\/uploads\/2021\/08\/image_Succession_680.jpg\" \/>\n\t<meta property=\"og:image:width\" content=\"1200\" \/>\n\t<meta property=\"og:image:height\" content=\"967\" \/>\n\t<meta property=\"og:image:type\" content=\"image\/jpeg\" \/>\n<meta name=\"twitter:card\" content=\"summary_large_image\" \/>\n<meta name=\"twitter:site\" content=\"@svetslik\" \/>\n<meta name=\"twitter:label1\" content=\"El\u00e9rhet\u0151s\u00e9g\" \/>\n\t<meta name=\"twitter:data1\" content=\"Beszerz\u00e9s alatt\" \/>\n<script type=\"application\/ld+json\" class=\"yoast-schema-graph\">{\"@context\":\"https:\/\/schema.org\",\"@graph\":[{\"@type\":[\"WebPage\",\"ItemPage\"],\"@id\":\"https:\/\/svetslik.si\/hu\/vasilij-kandinski-hu\/succession\/\",\"url\":\"https:\/\/svetslik.si\/hu\/vasilij-kandinski-hu\/succession\/\",\"name\":\"Vasilij Kandinski - Succession - SVETSLIK.SI - 100% k\u00e9zzel festett\",\"isPartOf\":{\"@id\":\"https:\/\/svetslik.si\/hu\/#website\"},\"primaryImageOfPage\":{\"@id\":\"https:\/\/svetslik.si\/hu\/vasilij-kandinski-hu\/succession\/#primaryimage\"},\"image\":{\"@id\":\"https:\/\/svetslik.si\/hu\/vasilij-kandinski-hu\/succession\/#primaryimage\"},\"thumbnailUrl\":\"https:\/\/svetslik.si\/wp-content\/uploads\/2021\/08\/image_Succession_680.jpg\",\"datePublished\":\"2021-09-02T15:55:32+00:00\",\"dateModified\":\"2026-03-22T20:40:30+00:00\",\"description\":\"Vasilij Kandinski - Succession - 100% k\u00e9zzel festett h\u00edres festm\u00e9nyek reprodukci\u00f3i. Festm\u00e9nyek keretez\u00e9se, elad\u00e1sa \u00e9s egyedi rendel\u00e9sre t\u00f6rt\u00e9n\u0151 v\u00e1szonk\u00e9pek k\u00e9sz\u00edt\u00e9se.\",\"breadcrumb\":{\"@id\":\"https:\/\/svetslik.si\/hu\/vasilij-kandinski-hu\/succession\/#breadcrumb\"},\"inLanguage\":\"hu\",\"potentialAction\":[{\"@type\":\"ReadAction\",\"target\":[\"https:\/\/svetslik.si\/hu\/vasilij-kandinski-hu\/succession\/\"]}]},{\"@type\":\"ImageObject\",\"inLanguage\":\"hu\",\"@id\":\"https:\/\/svetslik.si\/hu\/vasilij-kandinski-hu\/succession\/#primaryimage\",\"url\":\"https:\/\/svetslik.si\/wp-content\/uploads\/2021\/08\/image_Succession_680.jpg\",\"contentUrl\":\"https:\/\/svetslik.si\/wp-content\/uploads\/2021\/08\/image_Succession_680.jpg\",\"width\":1200,\"height\":967,\"caption\":\"Vasilij Kandinski - Succession (Ut\u00f3dl\u00e1s) - Vazonk\u00e9p, festm\u00e9nyek, reprodukci\u00f3\"},{\"@type\":\"BreadcrumbList\",\"@id\":\"https:\/\/svetslik.si\/hu\/vasilij-kandinski-hu\/succession\/#breadcrumb\",\"itemListElement\":[{\"@type\":\"ListItem\",\"position\":1,\"name\":\"Wall art and paintings on canvas\",\"item\":\"https:\/\/svetslik.si\/hu\/\"},{\"@type\":\"ListItem\",\"position\":2,\"name\":\"Festm\u00e9nyek elad\u00e1sa\",\"item\":\"https:\/\/svetslik.si\/prodaja-slik\/\"},{\"@type\":\"ListItem\",\"position\":3,\"name\":\"Vasilij Kandinski &#8211; Succession\"}]},{\"@type\":\"WebSite\",\"@id\":\"https:\/\/svetslik.si\/hu\/#website\",\"url\":\"https:\/\/svetslik.si\/hu\/\",\"name\":\"SVETSLIK.SI\",\"description\":\"100%-ban k\u00e9zzel festett reprodukci\u00f3k h\u00edres fest\u0151k festm\u00e9nyeir\u0151l \u00e9s festm\u00e9nyekr\u0151l v\u00e1szonra.\",\"publisher\":{\"@id\":\"https:\/\/svetslik.si\/hu\/#organization\"},\"potentialAction\":[{\"@type\":\"SearchAction\",\"target\":{\"@type\":\"EntryPoint\",\"urlTemplate\":\"https:\/\/svetslik.si\/hu\/?s={search_term_string}\"},\"query-input\":{\"@type\":\"PropertyValueSpecification\",\"valueRequired\":true,\"valueName\":\"search_term_string\"}}],\"inLanguage\":\"hu\"},{\"@type\":\"Organization\",\"@id\":\"https:\/\/svetslik.si\/hu\/#organization\",\"name\":\"SvetSlik.si\",\"url\":\"https:\/\/svetslik.si\/hu\/\",\"logo\":{\"@type\":\"ImageObject\",\"inLanguage\":\"hu\",\"@id\":\"https:\/\/svetslik.si\/hu\/#\/schema\/logo\/image\/\",\"url\":\"https:\/\/svetslik.si\/wp-content\/uploads\/2020\/12\/logo-512.png\",\"contentUrl\":\"https:\/\/svetslik.si\/wp-content\/uploads\/2020\/12\/logo-512.png\",\"width\":512,\"height\":512,\"caption\":\"SvetSlik.si\"},\"image\":{\"@id\":\"https:\/\/svetslik.si\/hu\/#\/schema\/logo\/image\/\"},\"sameAs\":[\"https:\/\/www.facebook.com\/svetslik.si\",\"https:\/\/x.com\/svetslik\",\"https:\/\/www.instagram.com\/svetslik.si\/\",\"https:\/\/www.linkedin.com\/company\/svetslik-si\"]}]}<\/script>\n<meta property=\"og:availability\" content=\"backorder\" \/>\n<meta property=\"product:availability\" content=\"available for order\" \/>\n<meta property=\"product:retailer_item_id\" content=\"299__\" \/>\n<meta property=\"product:condition\" content=\"new\" \/>\n<!-- \/ Yoast SEO Premium plugin. -->","yoast_head_json":{"title":"Vasilij Kandinski - Succession - SVETSLIK.SI - 100% k\u00e9zzel festett","description":"Vasilij Kandinski - Succession - 100% k\u00e9zzel festett h\u00edres festm\u00e9nyek reprodukci\u00f3i. Festm\u00e9nyek keretez\u00e9se, elad\u00e1sa \u00e9s egyedi rendel\u00e9sre t\u00f6rt\u00e9n\u0151 v\u00e1szonk\u00e9pek k\u00e9sz\u00edt\u00e9se.","robots":{"index":"index","follow":"follow","max-snippet":"max-snippet:-1","max-image-preview":"max-image-preview:large","max-video-preview":"max-video-preview:-1"},"canonical":"https:\/\/svetslik.si\/hu\/vasilij-kandinski-hu\/succession\/","og_locale":"hu_HU","og_type":"article","og_title":"Vasilij Kandinski - Succession","og_description":"100% ro\u010dno naslikane slike na platnu, reprodukcije znanih slikarjev in umetni\u0161ke slike po naro\u010dilu.","og_url":"https:\/\/svetslik.si\/hu\/vasilij-kandinski-hu\/succession\/","og_site_name":"SVETSLIK.SI","article_publisher":"https:\/\/www.facebook.com\/svetslik.si","article_modified_time":"2026-03-22T20:40:30+00:00","og_image":[{"width":1200,"height":967,"url":"https:\/\/svetslik.si\/wp-content\/uploads\/2021\/08\/image_Succession_680.jpg","type":"image\/jpeg"}],"twitter_card":"summary_large_image","twitter_site":"@svetslik","twitter_misc":{"El\u00e9rhet\u0151s\u00e9g":"Beszerz\u00e9s alatt"},"schema":{"@context":"https:\/\/schema.org","@graph":[{"@type":["WebPage","ItemPage"],"@id":"https:\/\/svetslik.si\/hu\/vasilij-kandinski-hu\/succession\/","url":"https:\/\/svetslik.si\/hu\/vasilij-kandinski-hu\/succession\/","name":"Vasilij Kandinski - Succession - SVETSLIK.SI - 100% k\u00e9zzel festett","isPartOf":{"@id":"https:\/\/svetslik.si\/hu\/#website"},"primaryImageOfPage":{"@id":"https:\/\/svetslik.si\/hu\/vasilij-kandinski-hu\/succession\/#primaryimage"},"image":{"@id":"https:\/\/svetslik.si\/hu\/vasilij-kandinski-hu\/succession\/#primaryimage"},"thumbnailUrl":"https:\/\/svetslik.si\/wp-content\/uploads\/2021\/08\/image_Succession_680.jpg","datePublished":"2021-09-02T15:55:32+00:00","dateModified":"2026-03-22T20:40:30+00:00","description":"Vasilij Kandinski - Succession - 100% k\u00e9zzel festett h\u00edres festm\u00e9nyek reprodukci\u00f3i. Festm\u00e9nyek keretez\u00e9se, elad\u00e1sa \u00e9s egyedi rendel\u00e9sre t\u00f6rt\u00e9n\u0151 v\u00e1szonk\u00e9pek k\u00e9sz\u00edt\u00e9se.","breadcrumb":{"@id":"https:\/\/svetslik.si\/hu\/vasilij-kandinski-hu\/succession\/#breadcrumb"},"inLanguage":"hu","potentialAction":[{"@type":"ReadAction","target":["https:\/\/svetslik.si\/hu\/vasilij-kandinski-hu\/succession\/"]}]},{"@type":"ImageObject","inLanguage":"hu","@id":"https:\/\/svetslik.si\/hu\/vasilij-kandinski-hu\/succession\/#primaryimage","url":"https:\/\/svetslik.si\/wp-content\/uploads\/2021\/08\/image_Succession_680.jpg","contentUrl":"https:\/\/svetslik.si\/wp-content\/uploads\/2021\/08\/image_Succession_680.jpg","width":1200,"height":967,"caption":"Vasilij Kandinski - Succession (Ut\u00f3dl\u00e1s) - Vazonk\u00e9p, festm\u00e9nyek, reprodukci\u00f3"},{"@type":"BreadcrumbList","@id":"https:\/\/svetslik.si\/hu\/vasilij-kandinski-hu\/succession\/#breadcrumb","itemListElement":[{"@type":"ListItem","position":1,"name":"Wall art and paintings on canvas","item":"https:\/\/svetslik.si\/hu\/"},{"@type":"ListItem","position":2,"name":"Festm\u00e9nyek elad\u00e1sa","item":"https:\/\/svetslik.si\/prodaja-slik\/"},{"@type":"ListItem","position":3,"name":"Vasilij Kandinski &#8211; Succession"}]},{"@type":"WebSite","@id":"https:\/\/svetslik.si\/hu\/#website","url":"https:\/\/svetslik.si\/hu\/","name":"SVETSLIK.SI","description":"100%-ban k\u00e9zzel festett reprodukci\u00f3k h\u00edres fest\u0151k festm\u00e9nyeir\u0151l \u00e9s festm\u00e9nyekr\u0151l v\u00e1szonra.","publisher":{"@id":"https:\/\/svetslik.si\/hu\/#organization"},"potentialAction":[{"@type":"SearchAction","target":{"@type":"EntryPoint","urlTemplate":"https:\/\/svetslik.si\/hu\/?s={search_term_string}"},"query-input":{"@type":"PropertyValueSpecification","valueRequired":true,"valueName":"search_term_string"}}],"inLanguage":"hu"},{"@type":"Organization","@id":"https:\/\/svetslik.si\/hu\/#organization","name":"SvetSlik.si","url":"https:\/\/svetslik.si\/hu\/","logo":{"@type":"ImageObject","inLanguage":"hu","@id":"https:\/\/svetslik.si\/hu\/#\/schema\/logo\/image\/","url":"https:\/\/svetslik.si\/wp-content\/uploads\/2020\/12\/logo-512.png","contentUrl":"https:\/\/svetslik.si\/wp-content\/uploads\/2020\/12\/logo-512.png","width":512,"height":512,"caption":"SvetSlik.si"},"image":{"@id":"https:\/\/svetslik.si\/hu\/#\/schema\/logo\/image\/"},"sameAs":["https:\/\/www.facebook.com\/svetslik.si","https:\/\/x.com\/svetslik","https:\/\/www.instagram.com\/svetslik.si\/","https:\/\/www.linkedin.com\/company\/svetslik-si"]}]},"og_availability":"backorder","product_availability":"available for order","product_retailer_item_id":"299__","product_condition":"new"},"jetpack_sharing_enabled":true,"_links":{"self":[{"href":"https:\/\/svetslik.si\/hu\/wp-json\/wp\/v2\/product\/53781","targetHints":{"allow":["GET"]}}],"collection":[{"href":"https:\/\/svetslik.si\/hu\/wp-json\/wp\/v2\/product"}],"about":[{"href":"https:\/\/svetslik.si\/hu\/wp-json\/wp\/v2\/types\/product"}],"wp:featuredmedia":[{"embeddable":true,"href":"https:\/\/svetslik.si\/hu\/wp-json\/wp\/v2\/media\/50078"}],"wp:attachment":[{"href":"https:\/\/svetslik.si\/hu\/wp-json\/wp\/v2\/media?parent=53781"}],"wp:term":[{"taxonomy":"product_brand","embeddable":true,"href":"https:\/\/svetslik.si\/hu\/wp-json\/wp\/v2\/product_brand?post=53781"},{"taxonomy":"product_cat","embeddable":true,"href":"https:\/\/svetslik.si\/hu\/wp-json\/wp\/v2\/product_cat?post=53781"},{"taxonomy":"product_tag","embeddable":true,"href":"https:\/\/svetslik.si\/hu\/wp-json\/wp\/v2\/product_tag?post=53781"}],"curies":[{"name":"wp","href":"https:\/\/api.w.org\/{rel}","templated":true}]}}