{"id":53808,"date":"2021-09-02T17:55:55","date_gmt":"2021-09-02T15:55:55","guid":{"rendered":"https:\/\/svetslik.si\/nem-kategorizalt\/thirty-trente\/"},"modified":"2026-03-22T21:41:20","modified_gmt":"2026-03-22T20:41:20","slug":"thirty-trente","status":"publish","type":"product","link":"https:\/\/svetslik.si\/hu\/vasilij-kandinski-hu\/thirty-trente\/","title":{"rendered":"Vasilij Kandinski &#8211; Thirty (Trente)"},"content":{"rendered":"<h1>Vaszilij Kandinszkij \u2013 harminc (Trente)<\/h1>\n<table border=\"0\" width=\"673\" cellpadding=\"0\">\n<colgroup>\n<col style=\"width: 135pt\" width=\"180\" \/>\n<col style=\"width: 370pt\" width=\"493\" \/> <\/colgroup>\n<tbody>\n<tr style=\"height: 15.75pt\">\n<td class=\"xl24\" style=\"height: 15.75pt;width: 135pt\" width=\"180\" height=\"21\">L\u00e9trehoz\u00e1s \u00e9ve:<\/td>\n<td class=\"xl25\" style=\"width: 370pt\" width=\"493\">1937<\/td>\n<\/tr>\n<tr style=\"height: 15.75pt\">\n<td class=\"xl24\" style=\"height: 15.75pt;width: 135pt\" width=\"180\" height=\"21\">Eredeti m\u00e9ret:<\/td>\n<td class=\"xl24\" style=\"width: 370pt\" width=\"493\">100 cm x 81 cm<\/td>\n<\/tr>\n<tr style=\"height: 15.75pt\">\n<td class=\"xl24\" style=\"height: 15.75pt;width: 135pt\" width=\"180\" height=\"21\">Fest\u00e9si st\u00edlus:<\/td>\n<td class=\"xl24\" style=\"width: 370pt\" width=\"493\">Absztrakt m\u0171v\u00e9szet<\/td>\n<\/tr>\n<tr style=\"height: 15.75pt\">\n<td class=\"xl24\" style=\"height: 15.75pt;width: 135pt\" width=\"180\" height=\"21\">Eredeti technika:<\/td>\n<td>Olaj, v\u00e1szon<\/td>\n<\/tr>\n<tr style=\"height: 15.75pt\">\n<td class=\"xl24\" style=\"height: 15.75pt;width: 135pt\" width=\"180\" height=\"21\">Helysz\u00edn:<\/td>\n<td>P\u00e1rizsi Modern M\u0171v\u00e9szetek M\u00fazeuma<\/td>\n<\/tr>\n<\/tbody>\n<\/table>\n<p>Wassily Kandinsky, a 20. sz\u00e1zad \u00fatt\u00f6r\u0151 m\u0171v\u00e9sze az absztrakt m\u0171v\u00e9szet fejleszt\u00e9s\u00e9hez val\u00f3 hozz\u00e1j\u00e1rul\u00e1s\u00e1r\u00f3l ismert. Egyik h\u00edres festm\u00e9nye a &#8220;Harminc&#8221; (Trente), egy leny\u0171g\u00f6z\u0151 alkot\u00e1s, amely megmutatja egyedi st\u00edlus\u00e1t, valamint sz\u00edn- \u00e9s formamesters\u00e9g\u00e9t.<\/p>\n<p>A \u201eHarminc\u201d nagyszer\u0171 p\u00e9lda arra, hogy Kandinsky \u00e9l\u00e9nk, kontrasztos sz\u00edneket haszn\u00e1l a mozg\u00e1s \u00e9s az \u00e9rzelmek \u00e9rzet\u00e9nek megteremt\u00e9s\u00e9re. A festm\u00e9nyen mer\u00e9sz, els\u00f6pr\u0151 ecsetvon\u00e1sok l\u00e1that\u00f3k s\u00f6t\u00e9tk\u00e9kben \u00e9s feket\u00e9ben az \u00e9l\u00e9nk s\u00e1rga \u00e9s narancss\u00e1rga h\u00e1tt\u00e9r el\u0151tt. Ez a szembet\u0171n\u0151 kontraszt a sz\u00ednek dinamikus \u00f6sszj\u00e1t\u00e9k\u00e1t hozza l\u00e9tre, amely a n\u00e9z\u0151t a v\u00e1szonra vonja.<\/p>\n<p>Kandinsky forma- \u00e9s formahaszn\u00e1lata a \u201eHarminc\u201d c\u00edm\u0171 festm\u00e9nyen is \u00e9szrevehet\u0151. A kiterjesztett ecsetvon\u00e1s \u00edvelt, organikus form\u00e1t hoz l\u00e9tre, amely \u00fagy t\u0171nik, mintha egy \u00e9l\u0151l\u00e9ny lenne. Ez energi\u00e1t \u00e9s mozg\u00e1st k\u00f6lcs\u00f6n\u00f6z a festm\u00e9nynek, \u00e9s n\u00f6veli a m\u0171 \u00f6sszhat\u00e1s\u00e1t.<\/p>\n<p>A &#8220;Harminc&#8221; c\u00edm utalhat a festm\u00e9nyen haszn\u00e1lt k\u00fcl\u00f6nb\u00f6z\u0151 sz\u00ednek \u00e9s form\u00e1k sz\u00e1m\u00e1ra, amelyek Kandinsky szerint jelent\u0151s hat\u00e1ssal vannak a n\u00e9z\u0151 \u00e9rzelmi reakci\u00f3ira. \u00dagy gondolta, hogy bizonyos sz\u00ednek haszn\u00e1lata bizonyos \u00e9rzelmeket v\u00e1lthat ki, ez\u00e9rt gondosan v\u00e1lasztotta meg azokat, hogy festm\u00e9nyein egy bizonyos hangulatot vagy hangulatot teremtsen.<\/p>\n<p>Kandinsky \u201eHarminc\u201d c\u00edm\u0171 festm\u00e9nye er\u0151teljes \u00e9s hangulatos festm\u00e9ny, amely bemutatja a m\u0171v\u00e9sz egyedi st\u00edlus\u00e1t, valamint sz\u00edn-, forma- \u00e9s mozg\u00e1smesters\u00e9g\u00e9t. Ezt a festm\u00e9nyt mindenkinek l\u00e1tnia kell, aki \u00e9rdekl\u0151dik az absztrakt m\u0171v\u00e9szet fejl\u0151d\u00e9se \u00e9s Wassily Kandinsky munk\u00e1ss\u00e1ga ir\u00e1nt.<\/p>\n<p>Ez a Google keres\u0151motorra optimaliz\u00e1lt cikk Wassily Kandinsky, az absztrakt m\u0171v\u00e9szet fejleszt\u00e9s\u00e9ben befoly\u00e1sos m\u0171v\u00e9sz &#8220;Harminc&#8221; c\u00edm\u0171 festm\u00e9ny\u00e9r\u0151l tartalmaz inform\u00e1ci\u00f3kat. \u00c9l\u00e9nk \u00e9s kontrasztos sz\u00ednek, form\u00e1k \u00e9s form\u00e1k haszn\u00e1lat\u00e1r\u00f3l, valamint a k\u00e9p \u00e9rzelmi hat\u00e1s\u00e1r\u00f3l sz\u00f3l. A cikk hasznos lesz a m\u0171v\u00e9szet szerelmeseinek \u00e9s a m\u0171v\u00e9szett\u00f6rt\u00e9net hallgat\u00f3inak, akik \u00e9rdekl\u0151dnek Kandinsky munk\u00e1i ir\u00e1nt.<\/p>\n","protected":false},"excerpt":{"rendered":"<p>Vaszilij Kandinszkij \u2013 harminc (Trente) L\u00e9trehoz\u00e1s \u00e9ve: 1937 Eredeti m\u00e9ret: 100 cm x 81 cm Fest\u00e9si st\u00edlus: Absztrakt m\u0171v\u00e9szet Eredeti technika: Olaj, v\u00e1szon Helysz\u00edn: P\u00e1rizsi Modern M\u0171v\u00e9szetek M\u00fazeuma Wassily Kandinsky, a 20. sz\u00e1zad \u00fatt\u00f6r\u0151 m\u0171v\u00e9sze az absztrakt m\u0171v\u00e9szet fejleszt\u00e9s\u00e9hez val\u00f3 hozz\u00e1j\u00e1rul\u00e1s\u00e1r\u00f3l ismert. Egyik h\u00edres festm\u00e9nye a &#8220;Harminc&#8221; (Trente), egy leny\u0171g\u00f6z\u0151 [&hellip;]<\/p>\n","protected":false},"featured_media":50363,"template":"","meta":{"_acf_changed":false},"product_brand":[],"product_cat":[7149],"product_tag":[7172,7173,11885,11886,11887],"class_list":{"0":"post-53808","1":"product","2":"type-product","3":"status-publish","4":"has-post-thumbnail","6":"product_cat-vasilij-kandinski-hu","7":"product_tag-kandinski-hu","8":"product_tag-kandinsky-hu","9":"product_tag-painter-hu","10":"product_tag-reproduction","11":"product_tag-reproductions-hu","12":"pa_dimenzija-100-x-81-cm","13":"pa_dimenzija-110-x-90-cm","14":"pa_dimenzija-130-x-110-cm","15":"pa_dimenzija-150-x-120-cm","16":"pa_dimenzija-50-x-40-cm","17":"pa_dimenzija-60-x-50-cm","18":"pa_dimenzija-70-x-60-cm","19":"pa_dimenzija-90-x-70-cm","20":"pa_oblika-vizszintes","21":"pa_okvir-nincs-keret","22":"pa_podokvir-igen","23":"pa_podokvir-nem","25":"first","26":"onbackorder","27":"purchasable","28":"product-type-variable","29":"has-default-attributes"},"acf":[],"yoast_head":"<!-- This site is optimized with the Yoast SEO Premium plugin v26.0 (Yoast SEO v27.2) - https:\/\/yoast.com\/product\/yoast-seo-premium-wordpress\/ -->\n<title>Vasilij Kandinski - Thirty (Trente) - SVETSLIK.SI - 100% k\u00e9zzel festett<\/title>\n<meta name=\"description\" content=\"Vasilij Kandinski - Thirty (Trente) - 100% k\u00e9zzel festett h\u00edres festm\u00e9nyek reprodukci\u00f3i. Festm\u00e9nyek keretez\u00e9se, elad\u00e1sa \u00e9s egyedi rendel\u00e9sre t\u00f6rt\u00e9n\u0151 v\u00e1szonk\u00e9pek k\u00e9sz\u00edt\u00e9se.\" \/>\n<meta name=\"robots\" content=\"index, follow, max-snippet:-1, max-image-preview:large, max-video-preview:-1\" \/>\n<link rel=\"canonical\" href=\"https:\/\/svetslik.si\/hu\/vasilij-kandinski-hu\/thirty-trente\/\" \/>\n<meta property=\"og:locale\" content=\"hu_HU\" \/>\n<meta property=\"og:type\" content=\"article\" \/>\n<meta property=\"og:title\" content=\"Vasilij Kandinski - Thirty (Trente)\" \/>\n<meta property=\"og:description\" content=\"100% ro\u010dno naslikane slike na platnu, reprodukcije znanih slikarjev in umetni\u0161ke slike po naro\u010dilu.\" \/>\n<meta property=\"og:url\" content=\"https:\/\/svetslik.si\/hu\/vasilij-kandinski-hu\/thirty-trente\/\" \/>\n<meta property=\"og:site_name\" content=\"SVETSLIK.SI\" \/>\n<meta property=\"article:publisher\" content=\"https:\/\/www.facebook.com\/svetslik.si\" \/>\n<meta property=\"article:modified_time\" content=\"2026-03-22T20:41:20+00:00\" \/>\n<meta property=\"og:image\" content=\"https:\/\/svetslik.si\/wp-content\/uploads\/2021\/09\/Trente_Kandinsky_1937-scaled.jpg\" \/>\n\t<meta property=\"og:image:width\" content=\"2560\" \/>\n\t<meta property=\"og:image:height\" content=\"2066\" \/>\n\t<meta property=\"og:image:type\" content=\"image\/jpeg\" \/>\n<meta name=\"twitter:card\" content=\"summary_large_image\" \/>\n<meta name=\"twitter:site\" content=\"@svetslik\" \/>\n<meta name=\"twitter:label1\" content=\"El\u00e9rhet\u0151s\u00e9g\" \/>\n\t<meta name=\"twitter:data1\" content=\"Beszerz\u00e9s alatt\" \/>\n<script type=\"application\/ld+json\" class=\"yoast-schema-graph\">{\"@context\":\"https:\/\/schema.org\",\"@graph\":[{\"@type\":[\"WebPage\",\"ItemPage\"],\"@id\":\"https:\/\/svetslik.si\/hu\/vasilij-kandinski-hu\/thirty-trente\/\",\"url\":\"https:\/\/svetslik.si\/hu\/vasilij-kandinski-hu\/thirty-trente\/\",\"name\":\"Vasilij Kandinski - Thirty (Trente) - SVETSLIK.SI - 100% k\u00e9zzel festett\",\"isPartOf\":{\"@id\":\"https:\/\/svetslik.si\/hu\/#website\"},\"primaryImageOfPage\":{\"@id\":\"https:\/\/svetslik.si\/hu\/vasilij-kandinski-hu\/thirty-trente\/#primaryimage\"},\"image\":{\"@id\":\"https:\/\/svetslik.si\/hu\/vasilij-kandinski-hu\/thirty-trente\/#primaryimage\"},\"thumbnailUrl\":\"https:\/\/svetslik.si\/wp-content\/uploads\/2021\/09\/Trente_Kandinsky_1937-scaled.jpg\",\"datePublished\":\"2021-09-02T15:55:55+00:00\",\"dateModified\":\"2026-03-22T20:41:20+00:00\",\"description\":\"Vasilij Kandinski - Thirty (Trente) - 100% k\u00e9zzel festett h\u00edres festm\u00e9nyek reprodukci\u00f3i. Festm\u00e9nyek keretez\u00e9se, elad\u00e1sa \u00e9s egyedi rendel\u00e9sre t\u00f6rt\u00e9n\u0151 v\u00e1szonk\u00e9pek k\u00e9sz\u00edt\u00e9se.\",\"breadcrumb\":{\"@id\":\"https:\/\/svetslik.si\/hu\/vasilij-kandinski-hu\/thirty-trente\/#breadcrumb\"},\"inLanguage\":\"hu\",\"potentialAction\":[{\"@type\":\"ReadAction\",\"target\":[\"https:\/\/svetslik.si\/hu\/vasilij-kandinski-hu\/thirty-trente\/\"]}]},{\"@type\":\"ImageObject\",\"inLanguage\":\"hu\",\"@id\":\"https:\/\/svetslik.si\/hu\/vasilij-kandinski-hu\/thirty-trente\/#primaryimage\",\"url\":\"https:\/\/svetslik.si\/wp-content\/uploads\/2021\/09\/Trente_Kandinsky_1937-scaled.jpg\",\"contentUrl\":\"https:\/\/svetslik.si\/wp-content\/uploads\/2021\/09\/Trente_Kandinsky_1937-scaled.jpg\",\"width\":2560,\"height\":2066,\"caption\":\"H\u00edres fest\u0151k reprodukci\u00f3i, modern falfestm\u00e9nyek, falfestm\u00e9nyek Trente_Kandinsky_1937\"},{\"@type\":\"BreadcrumbList\",\"@id\":\"https:\/\/svetslik.si\/hu\/vasilij-kandinski-hu\/thirty-trente\/#breadcrumb\",\"itemListElement\":[{\"@type\":\"ListItem\",\"position\":1,\"name\":\"Wall art and paintings on canvas\",\"item\":\"https:\/\/svetslik.si\/hu\/\"},{\"@type\":\"ListItem\",\"position\":2,\"name\":\"Festm\u00e9nyek elad\u00e1sa\",\"item\":\"https:\/\/svetslik.si\/prodaja-slik\/\"},{\"@type\":\"ListItem\",\"position\":3,\"name\":\"Vasilij Kandinski &#8211; Thirty (Trente)\"}]},{\"@type\":\"WebSite\",\"@id\":\"https:\/\/svetslik.si\/hu\/#website\",\"url\":\"https:\/\/svetslik.si\/hu\/\",\"name\":\"SVETSLIK.SI\",\"description\":\"100%-ban k\u00e9zzel festett reprodukci\u00f3k h\u00edres fest\u0151k festm\u00e9nyeir\u0151l \u00e9s festm\u00e9nyekr\u0151l v\u00e1szonra.\",\"publisher\":{\"@id\":\"https:\/\/svetslik.si\/hu\/#organization\"},\"potentialAction\":[{\"@type\":\"SearchAction\",\"target\":{\"@type\":\"EntryPoint\",\"urlTemplate\":\"https:\/\/svetslik.si\/hu\/?s={search_term_string}\"},\"query-input\":{\"@type\":\"PropertyValueSpecification\",\"valueRequired\":true,\"valueName\":\"search_term_string\"}}],\"inLanguage\":\"hu\"},{\"@type\":\"Organization\",\"@id\":\"https:\/\/svetslik.si\/hu\/#organization\",\"name\":\"SvetSlik.si\",\"url\":\"https:\/\/svetslik.si\/hu\/\",\"logo\":{\"@type\":\"ImageObject\",\"inLanguage\":\"hu\",\"@id\":\"https:\/\/svetslik.si\/hu\/#\/schema\/logo\/image\/\",\"url\":\"https:\/\/svetslik.si\/wp-content\/uploads\/2020\/12\/logo-512.png\",\"contentUrl\":\"https:\/\/svetslik.si\/wp-content\/uploads\/2020\/12\/logo-512.png\",\"width\":512,\"height\":512,\"caption\":\"SvetSlik.si\"},\"image\":{\"@id\":\"https:\/\/svetslik.si\/hu\/#\/schema\/logo\/image\/\"},\"sameAs\":[\"https:\/\/www.facebook.com\/svetslik.si\",\"https:\/\/x.com\/svetslik\",\"https:\/\/www.instagram.com\/svetslik.si\/\",\"https:\/\/www.linkedin.com\/company\/svetslik-si\"]}]}<\/script>\n<meta property=\"og:availability\" content=\"backorder\" \/>\n<meta property=\"product:availability\" content=\"available for order\" \/>\n<meta property=\"product:retailer_item_id\" content=\"302__\" \/>\n<meta property=\"product:condition\" content=\"new\" \/>\n<!-- \/ Yoast SEO Premium plugin. -->","yoast_head_json":{"title":"Vasilij Kandinski - Thirty (Trente) - SVETSLIK.SI - 100% k\u00e9zzel festett","description":"Vasilij Kandinski - Thirty (Trente) - 100% k\u00e9zzel festett h\u00edres festm\u00e9nyek reprodukci\u00f3i. Festm\u00e9nyek keretez\u00e9se, elad\u00e1sa \u00e9s egyedi rendel\u00e9sre t\u00f6rt\u00e9n\u0151 v\u00e1szonk\u00e9pek k\u00e9sz\u00edt\u00e9se.","robots":{"index":"index","follow":"follow","max-snippet":"max-snippet:-1","max-image-preview":"max-image-preview:large","max-video-preview":"max-video-preview:-1"},"canonical":"https:\/\/svetslik.si\/hu\/vasilij-kandinski-hu\/thirty-trente\/","og_locale":"hu_HU","og_type":"article","og_title":"Vasilij Kandinski - Thirty (Trente)","og_description":"100% ro\u010dno naslikane slike na platnu, reprodukcije znanih slikarjev in umetni\u0161ke slike po naro\u010dilu.","og_url":"https:\/\/svetslik.si\/hu\/vasilij-kandinski-hu\/thirty-trente\/","og_site_name":"SVETSLIK.SI","article_publisher":"https:\/\/www.facebook.com\/svetslik.si","article_modified_time":"2026-03-22T20:41:20+00:00","og_image":[{"width":2560,"height":2066,"url":"https:\/\/svetslik.si\/wp-content\/uploads\/2021\/09\/Trente_Kandinsky_1937-scaled.jpg","type":"image\/jpeg"}],"twitter_card":"summary_large_image","twitter_site":"@svetslik","twitter_misc":{"El\u00e9rhet\u0151s\u00e9g":"Beszerz\u00e9s alatt"},"schema":{"@context":"https:\/\/schema.org","@graph":[{"@type":["WebPage","ItemPage"],"@id":"https:\/\/svetslik.si\/hu\/vasilij-kandinski-hu\/thirty-trente\/","url":"https:\/\/svetslik.si\/hu\/vasilij-kandinski-hu\/thirty-trente\/","name":"Vasilij Kandinski - Thirty (Trente) - SVETSLIK.SI - 100% k\u00e9zzel festett","isPartOf":{"@id":"https:\/\/svetslik.si\/hu\/#website"},"primaryImageOfPage":{"@id":"https:\/\/svetslik.si\/hu\/vasilij-kandinski-hu\/thirty-trente\/#primaryimage"},"image":{"@id":"https:\/\/svetslik.si\/hu\/vasilij-kandinski-hu\/thirty-trente\/#primaryimage"},"thumbnailUrl":"https:\/\/svetslik.si\/wp-content\/uploads\/2021\/09\/Trente_Kandinsky_1937-scaled.jpg","datePublished":"2021-09-02T15:55:55+00:00","dateModified":"2026-03-22T20:41:20+00:00","description":"Vasilij Kandinski - Thirty (Trente) - 100% k\u00e9zzel festett h\u00edres festm\u00e9nyek reprodukci\u00f3i. Festm\u00e9nyek keretez\u00e9se, elad\u00e1sa \u00e9s egyedi rendel\u00e9sre t\u00f6rt\u00e9n\u0151 v\u00e1szonk\u00e9pek k\u00e9sz\u00edt\u00e9se.","breadcrumb":{"@id":"https:\/\/svetslik.si\/hu\/vasilij-kandinski-hu\/thirty-trente\/#breadcrumb"},"inLanguage":"hu","potentialAction":[{"@type":"ReadAction","target":["https:\/\/svetslik.si\/hu\/vasilij-kandinski-hu\/thirty-trente\/"]}]},{"@type":"ImageObject","inLanguage":"hu","@id":"https:\/\/svetslik.si\/hu\/vasilij-kandinski-hu\/thirty-trente\/#primaryimage","url":"https:\/\/svetslik.si\/wp-content\/uploads\/2021\/09\/Trente_Kandinsky_1937-scaled.jpg","contentUrl":"https:\/\/svetslik.si\/wp-content\/uploads\/2021\/09\/Trente_Kandinsky_1937-scaled.jpg","width":2560,"height":2066,"caption":"H\u00edres fest\u0151k reprodukci\u00f3i, modern falfestm\u00e9nyek, falfestm\u00e9nyek Trente_Kandinsky_1937"},{"@type":"BreadcrumbList","@id":"https:\/\/svetslik.si\/hu\/vasilij-kandinski-hu\/thirty-trente\/#breadcrumb","itemListElement":[{"@type":"ListItem","position":1,"name":"Wall art and paintings on canvas","item":"https:\/\/svetslik.si\/hu\/"},{"@type":"ListItem","position":2,"name":"Festm\u00e9nyek elad\u00e1sa","item":"https:\/\/svetslik.si\/prodaja-slik\/"},{"@type":"ListItem","position":3,"name":"Vasilij Kandinski &#8211; Thirty (Trente)"}]},{"@type":"WebSite","@id":"https:\/\/svetslik.si\/hu\/#website","url":"https:\/\/svetslik.si\/hu\/","name":"SVETSLIK.SI","description":"100%-ban k\u00e9zzel festett reprodukci\u00f3k h\u00edres fest\u0151k festm\u00e9nyeir\u0151l \u00e9s festm\u00e9nyekr\u0151l v\u00e1szonra.","publisher":{"@id":"https:\/\/svetslik.si\/hu\/#organization"},"potentialAction":[{"@type":"SearchAction","target":{"@type":"EntryPoint","urlTemplate":"https:\/\/svetslik.si\/hu\/?s={search_term_string}"},"query-input":{"@type":"PropertyValueSpecification","valueRequired":true,"valueName":"search_term_string"}}],"inLanguage":"hu"},{"@type":"Organization","@id":"https:\/\/svetslik.si\/hu\/#organization","name":"SvetSlik.si","url":"https:\/\/svetslik.si\/hu\/","logo":{"@type":"ImageObject","inLanguage":"hu","@id":"https:\/\/svetslik.si\/hu\/#\/schema\/logo\/image\/","url":"https:\/\/svetslik.si\/wp-content\/uploads\/2020\/12\/logo-512.png","contentUrl":"https:\/\/svetslik.si\/wp-content\/uploads\/2020\/12\/logo-512.png","width":512,"height":512,"caption":"SvetSlik.si"},"image":{"@id":"https:\/\/svetslik.si\/hu\/#\/schema\/logo\/image\/"},"sameAs":["https:\/\/www.facebook.com\/svetslik.si","https:\/\/x.com\/svetslik","https:\/\/www.instagram.com\/svetslik.si\/","https:\/\/www.linkedin.com\/company\/svetslik-si"]}]},"og_availability":"backorder","product_availability":"available for order","product_retailer_item_id":"302__","product_condition":"new"},"jetpack_sharing_enabled":true,"_links":{"self":[{"href":"https:\/\/svetslik.si\/hu\/wp-json\/wp\/v2\/product\/53808","targetHints":{"allow":["GET"]}}],"collection":[{"href":"https:\/\/svetslik.si\/hu\/wp-json\/wp\/v2\/product"}],"about":[{"href":"https:\/\/svetslik.si\/hu\/wp-json\/wp\/v2\/types\/product"}],"wp:featuredmedia":[{"embeddable":true,"href":"https:\/\/svetslik.si\/hu\/wp-json\/wp\/v2\/media\/50363"}],"wp:attachment":[{"href":"https:\/\/svetslik.si\/hu\/wp-json\/wp\/v2\/media?parent=53808"}],"wp:term":[{"taxonomy":"product_brand","embeddable":true,"href":"https:\/\/svetslik.si\/hu\/wp-json\/wp\/v2\/product_brand?post=53808"},{"taxonomy":"product_cat","embeddable":true,"href":"https:\/\/svetslik.si\/hu\/wp-json\/wp\/v2\/product_cat?post=53808"},{"taxonomy":"product_tag","embeddable":true,"href":"https:\/\/svetslik.si\/hu\/wp-json\/wp\/v2\/product_tag?post=53808"}],"curies":[{"name":"wp","href":"https:\/\/api.w.org\/{rel}","templated":true}]}}