{"id":53826,"date":"2021-09-02T17:56:07","date_gmt":"2021-09-02T15:56:07","guid":{"rendered":"https:\/\/svetslik.si\/nem-kategorizalt\/various-parts-parties-diverses\/"},"modified":"2026-03-22T21:41:20","modified_gmt":"2026-03-22T20:41:20","slug":"various-parts-parties-diverses","status":"publish","type":"product","link":"https:\/\/svetslik.si\/hu\/vasilij-kandinski-hu\/various-parts-parties-diverses\/","title":{"rendered":"Vasilij Kandinski &#8211; Various Parts (Parties diverses)"},"content":{"rendered":"<h1>Vaszilij Kandinszkij \u2013 K\u00fcl\u00f6nf\u00e9le r\u00e9szek (k\u00fcl\u00f6nb\u00f6z\u0151 felek)<\/h1>\n<table border=\"0\" width=\"673\" cellpadding=\"0\">\n<colgroup>\n<col style=\"width: 135pt\" width=\"180\" \/>\n<col style=\"width: 370pt\" width=\"493\" \/> <\/colgroup>\n<tbody>\n<tr style=\"height: 15.75pt\">\n<td class=\"xl24\" style=\"height: 15.75pt;width: 135pt\" width=\"180\" height=\"21\">L\u00e9trehoz\u00e1s \u00e9ve:<\/td>\n<td class=\"xl25\" style=\"width: 370pt\" width=\"493\">1940<\/td>\n<\/tr>\n<tr style=\"height: 15.75pt\">\n<td class=\"xl24\" style=\"height: 15.75pt;width: 135pt\" width=\"180\" height=\"21\">Eredeti m\u00e9ret:<\/td>\n<td class=\"xl24\" style=\"width: 370pt\" width=\"493\">116 cm x 89 cm<\/td>\n<\/tr>\n<tr style=\"height: 15.75pt\">\n<td class=\"xl24\" style=\"height: 15.75pt;width: 135pt\" width=\"180\" height=\"21\">Fest\u00e9si st\u00edlus:<\/td>\n<td class=\"xl24\" style=\"width: 370pt\" width=\"493\">Absztrakt m\u0171v\u00e9szet<\/td>\n<\/tr>\n<tr style=\"height: 15.75pt\">\n<td class=\"xl24\" style=\"height: 15.75pt;width: 135pt\" width=\"180\" height=\"21\">Eredeti technika:<\/td>\n<td>Olaj, v\u00e1szon<\/td>\n<\/tr>\n<tr style=\"height: 15.75pt\">\n<td class=\"xl24\" style=\"height: 15.75pt;width: 135pt\" width=\"180\" height=\"21\">Helysz\u00edn:<\/td>\n<td>St\u00e4dtische Galerie im Lenbachhaus, M\u00fcnchen.<\/td>\n<\/tr>\n<\/tbody>\n<\/table>\n<p>Wassily Kandinsky, m\u00e1s n\u00e9ven Wassily Kandinsky, orosz fest\u0151 \u00e9s m\u0171v\u00e9szetelm\u00e9leti szakember volt, akit az absztrakt m\u0171v\u00e9szet egyik \u00fatt\u00f6r\u0151jek\u00e9nt tartanak sz\u00e1mon. A &#8220;Party diverses&#8221; c\u00edm\u0171 festm\u00e9nye kiv\u00e1l\u00f3 p\u00e9ld\u00e1ja absztrakt st\u00edlus\u00e1nak, amely a sz\u00ednek, form\u00e1k \u00e9s form\u00e1k haszn\u00e1lat\u00e1t hangs\u00falyozta az \u00e9rzelmek \u00e9s a mozg\u00e1s kifejez\u00e9s\u00e9re.<\/p>\n<p>A &#8220;Diverses Diverses&#8221; festm\u00e9ny dinamikus \u00e9s meglep\u0151, gazdag sz\u00ednekben \u00e9s mozg\u00e1sokban. A festm\u00e9ny k\u00fcl\u00f6nf\u00e9le geometriai form\u00e1kb\u00f3l \u00e1ll, k\u00f6zt\u00fck k\u00f6r\u00f6kb\u0151l, n\u00e9gyzetekb\u0151l \u00e9s t\u00e9glalapokb\u00f3l, amelyek l\u00e1tsz\u00f3lag v\u00e9letlenszer\u0171en, de harmonikusan vannak elrendezve. A form\u00e1kat mer\u00e9sz \u00e9s \u00e9l\u00e9nk sz\u00ednpaletta \u00e1br\u00e1zolja, ahol a piros, k\u00e9k, s\u00e1rga \u00e9s z\u00f6ld \u00e1rnyalatai kiemelkednek a fekete alapon.<\/p>\n<p>Kandinsky \u00fagy gondolta, hogy a sz\u00ednek \u00e9s a form\u00e1k \u00e9rzelmeket v\u00e1lthatnak ki, \u00e9s mozg\u00e1s\u00e9rz\u00e9st kelthetnek egy festm\u00e9nyen. A \u201eK\u00fcl\u00f6nb\u00f6z\u0151 r\u00e9szek\u201d c\u00edm\u0171 festm\u00e9nyen a mer\u00e9sz \u00e9s kontrasztos sz\u00ednek \u00e9s a dinamikus kompoz\u00edci\u00f3 olyan mozg\u00e1s- \u00e9s energia\u00e9rzetet kelt, amely mag\u00e1val ragadja a n\u00e9z\u0151t.<\/p>\n<p>A festm\u00e9ny kiv\u00e1l\u00f3 p\u00e9ld\u00e1ja Kandinszkijnek az absztrakci\u00f3 erej\u00e9be vetett hit\u00e9nek is. \u00dagy v\u00e9lte, az absztrakci\u00f3 k\u00f6zvetlenebb \u00e9s \u00e9rzelmesebb kapcsolatot tesz lehet\u0151v\u00e9 a m\u0171alkot\u00e1s \u00e9s a n\u00e9z\u0151 k\u00f6z\u00f6tt, mivel az absztrakt form\u00e1k \u00e9s sz\u00ednek nincsenek konkr\u00e9t t\u00e1rgyakhoz vagy \u00e1br\u00e1zol\u00e1sokhoz k\u00f6tve.<\/p>\n<p>A &#8220;K\u00fcl\u00f6nb\u00f6z\u0151 r\u00e9szek&#8221; c\u00edm\u0171 festm\u00e9ny egy er\u0151teljes \u00e9s felt\u0171n\u0151 festm\u00e9ny, amely Kandinsky mesteri sz\u00edn-, forma- \u00e9s absztrakci\u00f3j\u00e1t mutatja be. Ez a festm\u00e9ny k\u00f6telez\u0151 mindenkinek, aki \u00e9rdekl\u0151dik az absztrakt m\u0171v\u00e9szet t\u00f6rt\u00e9nete \u00e9s Wassily Kandinsky munk\u00e1ss\u00e1ga ir\u00e1nt. A festm\u00e9ny jelenleg a p\u00e1rizsi Georges Pompidou K\u00f6zpont gy\u0171jtem\u00e9ny\u00e9ben tal\u00e1lhat\u00f3.<\/p>\n<p>Tov\u00e1bbi megjegyz\u00e9sk\u00e9nt Kandinsky volt az egyik els\u0151 m\u0171v\u00e9sz, aki az &#8220;absztrakt&#8221; kifejez\u00e9st haszn\u00e1lta m\u0171veire, de v\u00e9g\u00fcl minden nem reprezentat\u00edv m\u0171v\u00e9szetre alkalmazt\u00e1k. Munk\u00e1ja azonban nemcsak az absztrakci\u00f3r\u00f3l sz\u00f3lt, hanem arr\u00f3l is, hogy a m\u0171v\u00e9szet hogyan k\u00e9pes mozg\u00e1s- \u00e9s \u00e9rzelem\u00e9rzetet kelteni. \u00dagy v\u00e9lte, hogy a n\u00e9z\u0151nek m\u00e9lyebb szinten kell kapcsol\u00f3dnia a festm\u00e9nyhez, \u00e9s ez a gondolat t\u00fckr\u00f6z\u0151dik a \u201eK\u00fcl\u00f6nb\u00f6z\u0151 r\u00e9szek\u201d c\u00edm\u0171 m\u0171ben.<\/p>\n","protected":false},"excerpt":{"rendered":"<p>Vaszilij Kandinszkij \u2013 K\u00fcl\u00f6nf\u00e9le r\u00e9szek (k\u00fcl\u00f6nb\u00f6z\u0151 felek) L\u00e9trehoz\u00e1s \u00e9ve: 1940 Eredeti m\u00e9ret: 116 cm x 89 cm Fest\u00e9si st\u00edlus: Absztrakt m\u0171v\u00e9szet Eredeti technika: Olaj, v\u00e1szon Helysz\u00edn: St\u00e4dtische Galerie im Lenbachhaus, M\u00fcnchen. Wassily Kandinsky, m\u00e1s n\u00e9ven Wassily Kandinsky, orosz fest\u0151 \u00e9s m\u0171v\u00e9szetelm\u00e9leti szakember volt, akit az absztrakt m\u0171v\u00e9szet egyik \u00fatt\u00f6r\u0151jek\u00e9nt tartanak [&hellip;]<\/p>\n","protected":false},"featured_media":50274,"template":"","meta":{"_acf_changed":false},"product_brand":[],"product_cat":[7149],"product_tag":[7172,7173,11885,11886,11887],"class_list":{"0":"post-53826","1":"product","2":"type-product","3":"status-publish","4":"has-post-thumbnail","6":"product_cat-vasilij-kandinski-hu","7":"product_tag-kandinski-hu","8":"product_tag-kandinsky-hu","9":"product_tag-painter-hu","10":"product_tag-reproduction","11":"product_tag-reproductions-hu","12":"pa_dimenzija-100-x-80-cm-hu","13":"pa_dimenzija-116-x-89-cm-hu","14":"pa_dimenzija-130-x-100-cm-hu","15":"pa_dimenzija-150-x-120-cm-hu","16":"pa_dimenzija-50-x-40-cm-hu","17":"pa_dimenzija-70-x-50-cm-hu","18":"pa_dimenzija-80-x-60-cm-hu","19":"pa_dimenzija-90-x-70-cm-hu","20":"pa_oblika-vizszintes","21":"pa_okvir-nincs-keret","22":"pa_podokvir-igen","23":"pa_podokvir-nem","25":"first","26":"onbackorder","27":"purchasable","28":"product-type-variable","29":"has-default-attributes"},"acf":[],"yoast_head":"<!-- This site is optimized with the Yoast SEO Premium plugin v26.0 (Yoast SEO v27.2) - https:\/\/yoast.com\/product\/yoast-seo-premium-wordpress\/ -->\n<title>Vasilij Kandinski - Various Parts (Parties diverses) - SVETSLIK.SI - 100% k\u00e9zzel festett<\/title>\n<meta name=\"description\" content=\"Vasilij Kandinski - Various Parts (Parties diverses) - 100% k\u00e9zzel festett h\u00edres festm\u00e9nyek reprodukci\u00f3i. Festm\u00e9nyek keretez\u00e9se, elad\u00e1sa \u00e9s egyedi rendel\u00e9sre t\u00f6rt\u00e9n\u0151 v\u00e1szonk\u00e9pek k\u00e9sz\u00edt\u00e9se.\" \/>\n<meta name=\"robots\" content=\"index, follow, max-snippet:-1, max-image-preview:large, max-video-preview:-1\" \/>\n<link rel=\"canonical\" href=\"https:\/\/svetslik.si\/hu\/vasilij-kandinski-hu\/various-parts-parties-diverses\/\" \/>\n<meta property=\"og:locale\" content=\"hu_HU\" \/>\n<meta property=\"og:type\" content=\"article\" \/>\n<meta property=\"og:title\" content=\"Vasilij Kandinski - Various Parts (Parties diverses)\" \/>\n<meta property=\"og:description\" content=\"100% ro\u010dno naslikane slike na platnu, reprodukcije znanih slikarjev in umetni\u0161ke slike po naro\u010dilu.\" \/>\n<meta property=\"og:url\" content=\"https:\/\/svetslik.si\/hu\/vasilij-kandinski-hu\/various-parts-parties-diverses\/\" \/>\n<meta property=\"og:site_name\" content=\"SVETSLIK.SI\" \/>\n<meta property=\"article:publisher\" content=\"https:\/\/www.facebook.com\/svetslik.si\" \/>\n<meta property=\"article:modified_time\" content=\"2026-03-22T20:41:20+00:00\" \/>\n<meta property=\"og:image\" content=\"https:\/\/svetslik.si\/wp-content\/uploads\/2021\/08\/image_Various-Parts-Parties-diverses_680.jpg\" \/>\n\t<meta property=\"og:image:width\" content=\"1797\" \/>\n\t<meta property=\"og:image:height\" content=\"1359\" \/>\n\t<meta property=\"og:image:type\" content=\"image\/jpeg\" \/>\n<meta name=\"twitter:card\" content=\"summary_large_image\" \/>\n<meta name=\"twitter:site\" content=\"@svetslik\" \/>\n<meta name=\"twitter:label1\" content=\"El\u00e9rhet\u0151s\u00e9g\" \/>\n\t<meta name=\"twitter:data1\" content=\"Beszerz\u00e9s alatt\" \/>\n<script type=\"application\/ld+json\" class=\"yoast-schema-graph\">{\"@context\":\"https:\/\/schema.org\",\"@graph\":[{\"@type\":[\"WebPage\",\"ItemPage\"],\"@id\":\"https:\/\/svetslik.si\/hu\/vasilij-kandinski-hu\/various-parts-parties-diverses\/\",\"url\":\"https:\/\/svetslik.si\/hu\/vasilij-kandinski-hu\/various-parts-parties-diverses\/\",\"name\":\"Vasilij Kandinski - Various Parts (Parties diverses) - SVETSLIK.SI - 100% k\u00e9zzel festett\",\"isPartOf\":{\"@id\":\"https:\/\/svetslik.si\/hu\/#website\"},\"primaryImageOfPage\":{\"@id\":\"https:\/\/svetslik.si\/hu\/vasilij-kandinski-hu\/various-parts-parties-diverses\/#primaryimage\"},\"image\":{\"@id\":\"https:\/\/svetslik.si\/hu\/vasilij-kandinski-hu\/various-parts-parties-diverses\/#primaryimage\"},\"thumbnailUrl\":\"https:\/\/svetslik.si\/wp-content\/uploads\/2021\/08\/image_Various-Parts-Parties-diverses_680.jpg\",\"datePublished\":\"2021-09-02T15:56:07+00:00\",\"dateModified\":\"2026-03-22T20:41:20+00:00\",\"description\":\"Vasilij Kandinski - Various Parts (Parties diverses) - 100% k\u00e9zzel festett h\u00edres festm\u00e9nyek reprodukci\u00f3i. Festm\u00e9nyek keretez\u00e9se, elad\u00e1sa \u00e9s egyedi rendel\u00e9sre t\u00f6rt\u00e9n\u0151 v\u00e1szonk\u00e9pek k\u00e9sz\u00edt\u00e9se.\",\"breadcrumb\":{\"@id\":\"https:\/\/svetslik.si\/hu\/vasilij-kandinski-hu\/various-parts-parties-diverses\/#breadcrumb\"},\"inLanguage\":\"hu\",\"potentialAction\":[{\"@type\":\"ReadAction\",\"target\":[\"https:\/\/svetslik.si\/hu\/vasilij-kandinski-hu\/various-parts-parties-diverses\/\"]}]},{\"@type\":\"ImageObject\",\"inLanguage\":\"hu\",\"@id\":\"https:\/\/svetslik.si\/hu\/vasilij-kandinski-hu\/various-parts-parties-diverses\/#primaryimage\",\"url\":\"https:\/\/svetslik.si\/wp-content\/uploads\/2021\/08\/image_Various-Parts-Parties-diverses_680.jpg\",\"contentUrl\":\"https:\/\/svetslik.si\/wp-content\/uploads\/2021\/08\/image_Various-Parts-Parties-diverses_680.jpg\",\"width\":1797,\"height\":1359,\"caption\":\"K\u00fcl\u00f6nf\u00e9le-alkatr\u00e9szek-partik-v\u00e1ltozatos h\u00edres fest\u0151k k\u00e9zzel festett reprodukci\u00f3i, modern falm\u0171v\u00e9szet, falm\u0171v\u00e9szet\"},{\"@type\":\"BreadcrumbList\",\"@id\":\"https:\/\/svetslik.si\/hu\/vasilij-kandinski-hu\/various-parts-parties-diverses\/#breadcrumb\",\"itemListElement\":[{\"@type\":\"ListItem\",\"position\":1,\"name\":\"Wall art and paintings on canvas\",\"item\":\"https:\/\/svetslik.si\/hu\/\"},{\"@type\":\"ListItem\",\"position\":2,\"name\":\"Festm\u00e9nyek elad\u00e1sa\",\"item\":\"https:\/\/svetslik.si\/prodaja-slik\/\"},{\"@type\":\"ListItem\",\"position\":3,\"name\":\"Vasilij Kandinski &#8211; Various Parts (Parties diverses)\"}]},{\"@type\":\"WebSite\",\"@id\":\"https:\/\/svetslik.si\/hu\/#website\",\"url\":\"https:\/\/svetslik.si\/hu\/\",\"name\":\"SVETSLIK.SI\",\"description\":\"100%-ban k\u00e9zzel festett reprodukci\u00f3k h\u00edres fest\u0151k festm\u00e9nyeir\u0151l \u00e9s festm\u00e9nyekr\u0151l v\u00e1szonra.\",\"publisher\":{\"@id\":\"https:\/\/svetslik.si\/hu\/#organization\"},\"potentialAction\":[{\"@type\":\"SearchAction\",\"target\":{\"@type\":\"EntryPoint\",\"urlTemplate\":\"https:\/\/svetslik.si\/hu\/?s={search_term_string}\"},\"query-input\":{\"@type\":\"PropertyValueSpecification\",\"valueRequired\":true,\"valueName\":\"search_term_string\"}}],\"inLanguage\":\"hu\"},{\"@type\":\"Organization\",\"@id\":\"https:\/\/svetslik.si\/hu\/#organization\",\"name\":\"SvetSlik.si\",\"url\":\"https:\/\/svetslik.si\/hu\/\",\"logo\":{\"@type\":\"ImageObject\",\"inLanguage\":\"hu\",\"@id\":\"https:\/\/svetslik.si\/hu\/#\/schema\/logo\/image\/\",\"url\":\"https:\/\/svetslik.si\/wp-content\/uploads\/2020\/12\/logo-512.png\",\"contentUrl\":\"https:\/\/svetslik.si\/wp-content\/uploads\/2020\/12\/logo-512.png\",\"width\":512,\"height\":512,\"caption\":\"SvetSlik.si\"},\"image\":{\"@id\":\"https:\/\/svetslik.si\/hu\/#\/schema\/logo\/image\/\"},\"sameAs\":[\"https:\/\/www.facebook.com\/svetslik.si\",\"https:\/\/x.com\/svetslik\",\"https:\/\/www.instagram.com\/svetslik.si\/\",\"https:\/\/www.linkedin.com\/company\/svetslik-si\"]}]}<\/script>\n<meta property=\"og:availability\" content=\"backorder\" \/>\n<meta property=\"product:availability\" content=\"available for order\" \/>\n<meta property=\"product:retailer_item_id\" content=\"304__\" \/>\n<meta property=\"product:condition\" content=\"new\" \/>\n<!-- \/ Yoast SEO Premium plugin. -->","yoast_head_json":{"title":"Vasilij Kandinski - Various Parts (Parties diverses) - SVETSLIK.SI - 100% k\u00e9zzel festett","description":"Vasilij Kandinski - Various Parts (Parties diverses) - 100% k\u00e9zzel festett h\u00edres festm\u00e9nyek reprodukci\u00f3i. Festm\u00e9nyek keretez\u00e9se, elad\u00e1sa \u00e9s egyedi rendel\u00e9sre t\u00f6rt\u00e9n\u0151 v\u00e1szonk\u00e9pek k\u00e9sz\u00edt\u00e9se.","robots":{"index":"index","follow":"follow","max-snippet":"max-snippet:-1","max-image-preview":"max-image-preview:large","max-video-preview":"max-video-preview:-1"},"canonical":"https:\/\/svetslik.si\/hu\/vasilij-kandinski-hu\/various-parts-parties-diverses\/","og_locale":"hu_HU","og_type":"article","og_title":"Vasilij Kandinski - Various Parts (Parties diverses)","og_description":"100% ro\u010dno naslikane slike na platnu, reprodukcije znanih slikarjev in umetni\u0161ke slike po naro\u010dilu.","og_url":"https:\/\/svetslik.si\/hu\/vasilij-kandinski-hu\/various-parts-parties-diverses\/","og_site_name":"SVETSLIK.SI","article_publisher":"https:\/\/www.facebook.com\/svetslik.si","article_modified_time":"2026-03-22T20:41:20+00:00","og_image":[{"width":1797,"height":1359,"url":"https:\/\/svetslik.si\/wp-content\/uploads\/2021\/08\/image_Various-Parts-Parties-diverses_680.jpg","type":"image\/jpeg"}],"twitter_card":"summary_large_image","twitter_site":"@svetslik","twitter_misc":{"El\u00e9rhet\u0151s\u00e9g":"Beszerz\u00e9s alatt"},"schema":{"@context":"https:\/\/schema.org","@graph":[{"@type":["WebPage","ItemPage"],"@id":"https:\/\/svetslik.si\/hu\/vasilij-kandinski-hu\/various-parts-parties-diverses\/","url":"https:\/\/svetslik.si\/hu\/vasilij-kandinski-hu\/various-parts-parties-diverses\/","name":"Vasilij Kandinski - Various Parts (Parties diverses) - SVETSLIK.SI - 100% k\u00e9zzel festett","isPartOf":{"@id":"https:\/\/svetslik.si\/hu\/#website"},"primaryImageOfPage":{"@id":"https:\/\/svetslik.si\/hu\/vasilij-kandinski-hu\/various-parts-parties-diverses\/#primaryimage"},"image":{"@id":"https:\/\/svetslik.si\/hu\/vasilij-kandinski-hu\/various-parts-parties-diverses\/#primaryimage"},"thumbnailUrl":"https:\/\/svetslik.si\/wp-content\/uploads\/2021\/08\/image_Various-Parts-Parties-diverses_680.jpg","datePublished":"2021-09-02T15:56:07+00:00","dateModified":"2026-03-22T20:41:20+00:00","description":"Vasilij Kandinski - Various Parts (Parties diverses) - 100% k\u00e9zzel festett h\u00edres festm\u00e9nyek reprodukci\u00f3i. Festm\u00e9nyek keretez\u00e9se, elad\u00e1sa \u00e9s egyedi rendel\u00e9sre t\u00f6rt\u00e9n\u0151 v\u00e1szonk\u00e9pek k\u00e9sz\u00edt\u00e9se.","breadcrumb":{"@id":"https:\/\/svetslik.si\/hu\/vasilij-kandinski-hu\/various-parts-parties-diverses\/#breadcrumb"},"inLanguage":"hu","potentialAction":[{"@type":"ReadAction","target":["https:\/\/svetslik.si\/hu\/vasilij-kandinski-hu\/various-parts-parties-diverses\/"]}]},{"@type":"ImageObject","inLanguage":"hu","@id":"https:\/\/svetslik.si\/hu\/vasilij-kandinski-hu\/various-parts-parties-diverses\/#primaryimage","url":"https:\/\/svetslik.si\/wp-content\/uploads\/2021\/08\/image_Various-Parts-Parties-diverses_680.jpg","contentUrl":"https:\/\/svetslik.si\/wp-content\/uploads\/2021\/08\/image_Various-Parts-Parties-diverses_680.jpg","width":1797,"height":1359,"caption":"K\u00fcl\u00f6nf\u00e9le-alkatr\u00e9szek-partik-v\u00e1ltozatos h\u00edres fest\u0151k k\u00e9zzel festett reprodukci\u00f3i, modern falm\u0171v\u00e9szet, falm\u0171v\u00e9szet"},{"@type":"BreadcrumbList","@id":"https:\/\/svetslik.si\/hu\/vasilij-kandinski-hu\/various-parts-parties-diverses\/#breadcrumb","itemListElement":[{"@type":"ListItem","position":1,"name":"Wall art and paintings on canvas","item":"https:\/\/svetslik.si\/hu\/"},{"@type":"ListItem","position":2,"name":"Festm\u00e9nyek elad\u00e1sa","item":"https:\/\/svetslik.si\/prodaja-slik\/"},{"@type":"ListItem","position":3,"name":"Vasilij Kandinski &#8211; Various Parts (Parties diverses)"}]},{"@type":"WebSite","@id":"https:\/\/svetslik.si\/hu\/#website","url":"https:\/\/svetslik.si\/hu\/","name":"SVETSLIK.SI","description":"100%-ban k\u00e9zzel festett reprodukci\u00f3k h\u00edres fest\u0151k festm\u00e9nyeir\u0151l \u00e9s festm\u00e9nyekr\u0151l v\u00e1szonra.","publisher":{"@id":"https:\/\/svetslik.si\/hu\/#organization"},"potentialAction":[{"@type":"SearchAction","target":{"@type":"EntryPoint","urlTemplate":"https:\/\/svetslik.si\/hu\/?s={search_term_string}"},"query-input":{"@type":"PropertyValueSpecification","valueRequired":true,"valueName":"search_term_string"}}],"inLanguage":"hu"},{"@type":"Organization","@id":"https:\/\/svetslik.si\/hu\/#organization","name":"SvetSlik.si","url":"https:\/\/svetslik.si\/hu\/","logo":{"@type":"ImageObject","inLanguage":"hu","@id":"https:\/\/svetslik.si\/hu\/#\/schema\/logo\/image\/","url":"https:\/\/svetslik.si\/wp-content\/uploads\/2020\/12\/logo-512.png","contentUrl":"https:\/\/svetslik.si\/wp-content\/uploads\/2020\/12\/logo-512.png","width":512,"height":512,"caption":"SvetSlik.si"},"image":{"@id":"https:\/\/svetslik.si\/hu\/#\/schema\/logo\/image\/"},"sameAs":["https:\/\/www.facebook.com\/svetslik.si","https:\/\/x.com\/svetslik","https:\/\/www.instagram.com\/svetslik.si\/","https:\/\/www.linkedin.com\/company\/svetslik-si"]}]},"og_availability":"backorder","product_availability":"available for order","product_retailer_item_id":"304__","product_condition":"new"},"jetpack_sharing_enabled":true,"_links":{"self":[{"href":"https:\/\/svetslik.si\/hu\/wp-json\/wp\/v2\/product\/53826","targetHints":{"allow":["GET"]}}],"collection":[{"href":"https:\/\/svetslik.si\/hu\/wp-json\/wp\/v2\/product"}],"about":[{"href":"https:\/\/svetslik.si\/hu\/wp-json\/wp\/v2\/types\/product"}],"wp:featuredmedia":[{"embeddable":true,"href":"https:\/\/svetslik.si\/hu\/wp-json\/wp\/v2\/media\/50274"}],"wp:attachment":[{"href":"https:\/\/svetslik.si\/hu\/wp-json\/wp\/v2\/media?parent=53826"}],"wp:term":[{"taxonomy":"product_brand","embeddable":true,"href":"https:\/\/svetslik.si\/hu\/wp-json\/wp\/v2\/product_brand?post=53826"},{"taxonomy":"product_cat","embeddable":true,"href":"https:\/\/svetslik.si\/hu\/wp-json\/wp\/v2\/product_cat?post=53826"},{"taxonomy":"product_tag","embeddable":true,"href":"https:\/\/svetslik.si\/hu\/wp-json\/wp\/v2\/product_tag?post=53826"}],"curies":[{"name":"wp","href":"https:\/\/api.w.org\/{rel}","templated":true}]}}