{"id":53853,"date":"2021-09-02T17:56:19","date_gmt":"2021-09-02T15:56:19","guid":{"rendered":"https:\/\/svetslik.si\/nem-kategorizalt\/a-motley-life-das-bunte-leben\/"},"modified":"2026-03-22T21:42:12","modified_gmt":"2026-03-22T20:42:12","slug":"a-motley-life-das-bunte-leben","status":"publish","type":"product","link":"https:\/\/svetslik.si\/hu\/vasilij-kandinski-hu\/a-motley-life-das-bunte-leben\/","title":{"rendered":"Vasilij Kandinski &#8211; A Motley Life (Das Bunte Leben)"},"content":{"rendered":"<h1>Wassily Kandinsky \u2013 Egy tarka \u00e9let (Das Bunte Leben)<\/h1>\n<p>&nbsp;<\/p>\n<table border=\"0\" width=\"673\" cellpadding=\"0\">\n<colgroup>\n<col style=\"width: 135pt\" width=\"180\" \/>\n<col style=\"width: 370pt\" width=\"493\" \/> <\/colgroup>\n<tbody>\n<tr style=\"height: 15.75pt\">\n<td class=\"xl24\" style=\"height: 15.75pt;width: 135pt\" width=\"180\" height=\"21\">L\u00e9trehoz\u00e1s \u00e9ve:<\/td>\n<td class=\"xl25\" style=\"width: 370pt\" width=\"493\">1907<\/td>\n<\/tr>\n<tr style=\"height: 15.75pt\">\n<td class=\"xl24\" style=\"height: 15.75pt;width: 135pt\" width=\"180\" height=\"21\">Eredeti m\u00e9ret:<\/td>\n<td class=\"xl24\" style=\"width: 370pt\" width=\"493\">162,5 cm x 130 cm<\/td>\n<\/tr>\n<tr style=\"height: 15.75pt\">\n<td class=\"xl24\" style=\"height: 15.75pt;width: 135pt\" width=\"180\" height=\"21\">Fest\u00e9si st\u00edlus:<\/td>\n<td class=\"xl24\" style=\"width: 370pt\" width=\"493\">Expresszionizmus<\/td>\n<\/tr>\n<tr style=\"height: 15.75pt\">\n<td class=\"xl24\" style=\"height: 15.75pt;width: 135pt\" width=\"180\" height=\"21\">Eredeti technika:<\/td>\n<td>Olaj, v\u00e1szon<\/td>\n<\/tr>\n<tr style=\"height: 15.75pt\">\n<td class=\"xl24\" style=\"height: 15.75pt;width: 135pt\" width=\"180\" height=\"21\">Helysz\u00edn:<\/td>\n<td>City Gallery Lenbachhaus, M\u00fcnchen<\/td>\n<\/tr>\n<\/tbody>\n<\/table>\n<p>Wassily Kandinsky &#8220;K\u00fcl\u00f6nf\u00e9le \u00e9let&#8221; c\u00edm\u0171 festm\u00e9nye leny\u0171g\u00f6z\u0151 p\u00e9ld\u00e1ja annak, hogy a m\u0171v\u00e9sz k\u00e9pes \u00e9rzelmeket \u00e9s mozg\u00e1st kiv\u00e1ltani sz\u00edneken \u00e9s form\u00e1kon kereszt\u00fcl. Ezt az 1911-ben festett m\u0171vet Kandinszkij egyik els\u0151 absztrakt kompoz\u00edci\u00f3jak\u00e9nt tartj\u00e1k sz\u00e1mon.<\/p>\n<p>A k\u00e9p a form\u00e1k \u00e9s sz\u00ednek kaotikus \u00f6sszefon\u00f3d\u00e1sa, a kompoz\u00edci\u00f3ban a mer\u00e9sz, kavarg\u00f3 vonalak \u00e9s az \u00e9l\u00e9nk \u00e1rnyalatok domin\u00e1lnak. A festm\u00e9ny kaotikus jellege a modern \u00e9let gyors temp\u00f3j\u00e1t \u00e9s hektikus jelleg\u00e9t hivatott t\u00fckr\u00f6zni. A \u201eSz\u00ednes \u00e9let\u201d c\u00edm is ehhez kapcsol\u00f3dik, hiszen a \u201esz\u00ednes\u201d annyit jelent, hogy \u201esok sz\u00ednnel vagy r\u00e9sszel\u201d.<\/p>\n<p>Kandinsky sz\u00ednhaszn\u00e1lata ezen a festm\u00e9nyen k\u00fcl\u00f6n\u00f6sen felt\u0171n\u0151. A vil\u00e1gos, mer\u00e9sz \u00e1rnyalatok mozg\u00e1s \u00e9s energia \u00e9rzet\u00e9t keltik, a sz\u00ednek pedig \u00fagy \u00e1ramlanak \u00e9s fedik egym\u00e1st, hogy a mindennapi \u00e9let ny\u00fczsg\u00e9s\u00e9t sugallj\u00e1k. A kontrasztos sz\u00ednek, p\u00e9ld\u00e1ul a s\u00f6t\u00e9tk\u00e9k \u00e9s a vil\u00e1goss\u00e1rga haszn\u00e1lata szint\u00e9n fesz\u00fclts\u00e9get \u00e9s dr\u00e1mai \u00e9rzetet kelt a k\u00e9pen.<\/p>\n<p>A V\u00e1ltozatos \u00e9let c\u00edm\u0171 festm\u00e9ny egyik legszembet\u0171n\u0151bb eleme az, ahogy Kandinsky a form\u00e1t \u00e9s a form\u00e1t haszn\u00e1lta a mozg\u00e1s \u00e9s a dinamizmus \u00e9rzet\u00e9nek megteremt\u00e9s\u00e9re. Az \u00f6rv\u00e9nyl\u0151 vonalak \u00e9s szab\u00e1lytalan form\u00e1k mintha \u00e1lland\u00f3 mozg\u00e1sban vannak, ami mozg\u00e1s- \u00e9s energia\u00e9rzetet kelt, ami egyszerre izgalmas \u00e9s zavar\u00f3.<\/p>\n<p>\u00d6sszefoglalva, az &#8220;A Colorful Life&#8221; egy er\u0151teljes \u00e9s hangulatos festm\u00e9ny, amely bemutatja Kandino k\u00e9pess\u00e9g\u00e9t, hogy sz\u00edneket, form\u00e1kat \u00e9s mozg\u00e1sokat haszn\u00e1ljon a modern \u00e9let k\u00e1osz\u00e1nak \u00e9s energi\u00e1j\u00e1nak \u00e9rzet\u00e9re. A festm\u00e9ny kiv\u00e1l\u00f3 p\u00e9ld\u00e1ja Kandinszkij korai absztrakt munk\u00e1inak, \u00e9s egyik legfontosabb \u00e9s legbefoly\u00e1sosabb alkot\u00e1sak\u00e9nt tartj\u00e1k sz\u00e1mon.<\/p>\n","protected":false},"excerpt":{"rendered":"<p>Wassily Kandinsky \u2013 Egy tarka \u00e9let (Das Bunte Leben) &nbsp; L\u00e9trehoz\u00e1s \u00e9ve: 1907 Eredeti m\u00e9ret: 162,5 cm x 130 cm Fest\u00e9si st\u00edlus: Expresszionizmus Eredeti technika: Olaj, v\u00e1szon Helysz\u00edn: City Gallery Lenbachhaus, M\u00fcnchen Wassily Kandinsky &#8220;K\u00fcl\u00f6nf\u00e9le \u00e9let&#8221; c\u00edm\u0171 festm\u00e9nye leny\u0171g\u00f6z\u0151 p\u00e9ld\u00e1ja annak, hogy a m\u0171v\u00e9sz k\u00e9pes \u00e9rzelmeket \u00e9s mozg\u00e1st kiv\u00e1ltani sz\u00edneken [&hellip;]<\/p>\n","protected":false},"featured_media":49346,"template":"","meta":{"_acf_changed":false},"product_brand":[],"product_cat":[7149],"product_tag":[7172,7173,11885,11886,11887],"class_list":{"0":"post-53853","1":"product","2":"type-product","3":"status-publish","4":"has-post-thumbnail","6":"product_cat-vasilij-kandinski-hu","7":"product_tag-kandinski-hu","8":"product_tag-kandinsky-hu","9":"product_tag-painter-hu","10":"product_tag-reproduction","11":"product_tag-reproductions-hu","12":"pa_dimenzija-100-x-80-cm","13":"pa_dimenzija-110-x-90-cm","14":"pa_dimenzija-120-x-100-cm","15":"pa_dimenzija-140-x-110-cm","16":"pa_dimenzija-163-x-130-cm","17":"pa_dimenzija-50-x-40-cm","18":"pa_dimenzija-80-x-60-cm","19":"pa_dimenzija-90-x-70-cm","20":"pa_oblika-vizszintes","21":"pa_okvir-nincs-keret","22":"pa_podokvir-igen","23":"pa_podokvir-nem","25":"first","26":"onbackorder","27":"purchasable","28":"product-type-variable","29":"has-default-attributes"},"acf":[],"yoast_head":"<!-- This site is optimized with the Yoast SEO Premium plugin v26.0 (Yoast SEO v27.2) - https:\/\/yoast.com\/product\/yoast-seo-premium-wordpress\/ -->\n<title>Vasilij Kandinski - A Motley Life (Das Bunte Leben) - SVETSLIK.SI - 100% k\u00e9zzel festett<\/title>\n<meta name=\"description\" content=\"Vasilij Kandinski - A Motley Life (Das Bunte Leben) - 100% k\u00e9zzel festett h\u00edres festm\u00e9nyek reprodukci\u00f3i. Festm\u00e9nyek keretez\u00e9se, elad\u00e1sa \u00e9s egyedi rendel\u00e9sre t\u00f6rt\u00e9n\u0151 v\u00e1szonk\u00e9pek k\u00e9sz\u00edt\u00e9se.\" \/>\n<meta name=\"robots\" content=\"index, follow, max-snippet:-1, max-image-preview:large, max-video-preview:-1\" \/>\n<link rel=\"canonical\" href=\"https:\/\/svetslik.si\/hu\/vasilij-kandinski-hu\/a-motley-life-das-bunte-leben\/\" \/>\n<meta property=\"og:locale\" content=\"hu_HU\" \/>\n<meta property=\"og:type\" content=\"article\" \/>\n<meta property=\"og:title\" content=\"Vasilij Kandinski - A Motley Life (Das Bunte Leben)\" \/>\n<meta property=\"og:description\" content=\"100% ro\u010dno naslikane slike na platnu, reprodukcije znanih slikarjev in umetni\u0161ke slike po naro\u010dilu.\" \/>\n<meta property=\"og:url\" content=\"https:\/\/svetslik.si\/hu\/vasilij-kandinski-hu\/a-motley-life-das-bunte-leben\/\" \/>\n<meta property=\"og:site_name\" content=\"SVETSLIK.SI\" \/>\n<meta property=\"article:publisher\" content=\"https:\/\/www.facebook.com\/svetslik.si\" \/>\n<meta property=\"article:modified_time\" content=\"2026-03-22T20:42:12+00:00\" \/>\n<meta property=\"og:image\" content=\"https:\/\/svetslik.si\/wp-content\/uploads\/2021\/08\/image_A-Motley-Life-Das-Bunte-Leben_680.jpg\" \/>\n\t<meta property=\"og:image:width\" content=\"995\" \/>\n\t<meta property=\"og:image:height\" content=\"800\" \/>\n\t<meta property=\"og:image:type\" content=\"image\/jpeg\" \/>\n<meta name=\"twitter:card\" content=\"summary_large_image\" \/>\n<meta name=\"twitter:site\" content=\"@svetslik\" \/>\n<meta name=\"twitter:label1\" content=\"El\u00e9rhet\u0151s\u00e9g\" \/>\n\t<meta name=\"twitter:data1\" content=\"Beszerz\u00e9s alatt\" \/>\n<script type=\"application\/ld+json\" class=\"yoast-schema-graph\">{\"@context\":\"https:\/\/schema.org\",\"@graph\":[{\"@type\":[\"WebPage\",\"ItemPage\"],\"@id\":\"https:\/\/svetslik.si\/hu\/vasilij-kandinski-hu\/a-motley-life-das-bunte-leben\/\",\"url\":\"https:\/\/svetslik.si\/hu\/vasilij-kandinski-hu\/a-motley-life-das-bunte-leben\/\",\"name\":\"Vasilij Kandinski - A Motley Life (Das Bunte Leben) - SVETSLIK.SI - 100% k\u00e9zzel festett\",\"isPartOf\":{\"@id\":\"https:\/\/svetslik.si\/hu\/#website\"},\"primaryImageOfPage\":{\"@id\":\"https:\/\/svetslik.si\/hu\/vasilij-kandinski-hu\/a-motley-life-das-bunte-leben\/#primaryimage\"},\"image\":{\"@id\":\"https:\/\/svetslik.si\/hu\/vasilij-kandinski-hu\/a-motley-life-das-bunte-leben\/#primaryimage\"},\"thumbnailUrl\":\"https:\/\/svetslik.si\/wp-content\/uploads\/2021\/08\/image_A-Motley-Life-Das-Bunte-Leben_680.jpg\",\"datePublished\":\"2021-09-02T15:56:19+00:00\",\"dateModified\":\"2026-03-22T20:42:12+00:00\",\"description\":\"Vasilij Kandinski - A Motley Life (Das Bunte Leben) - 100% k\u00e9zzel festett h\u00edres festm\u00e9nyek reprodukci\u00f3i. Festm\u00e9nyek keretez\u00e9se, elad\u00e1sa \u00e9s egyedi rendel\u00e9sre t\u00f6rt\u00e9n\u0151 v\u00e1szonk\u00e9pek k\u00e9sz\u00edt\u00e9se.\",\"breadcrumb\":{\"@id\":\"https:\/\/svetslik.si\/hu\/vasilij-kandinski-hu\/a-motley-life-das-bunte-leben\/#breadcrumb\"},\"inLanguage\":\"hu\",\"potentialAction\":[{\"@type\":\"ReadAction\",\"target\":[\"https:\/\/svetslik.si\/hu\/vasilij-kandinski-hu\/a-motley-life-das-bunte-leben\/\"]}]},{\"@type\":\"ImageObject\",\"inLanguage\":\"hu\",\"@id\":\"https:\/\/svetslik.si\/hu\/vasilij-kandinski-hu\/a-motley-life-das-bunte-leben\/#primaryimage\",\"url\":\"https:\/\/svetslik.si\/wp-content\/uploads\/2021\/08\/image_A-Motley-Life-Das-Bunte-Leben_680.jpg\",\"contentUrl\":\"https:\/\/svetslik.si\/wp-content\/uploads\/2021\/08\/image_A-Motley-Life-Das-Bunte-Leben_680.jpg\",\"width\":995,\"height\":800,\"caption\":\"Vasilij Kandinski - A Motley Life (Das Bunte Leben) - Egy tarka \u00e9let - Vasilij Kandinski - A Motley Life (Das Bunte Leben) - Festm\u00e9nyek reprodukci\u00f3i - V\u00e1szonk\u00e9p - Festm\u00e9nyek reprodukci\u00f3i - Absztrakt Festm\u00e9ny - Modern Festm\u00e9ny - Realisztikus Festm\u00e9ny - Olajfestm\u00e9ny - Falik\u00e9p\"},{\"@type\":\"BreadcrumbList\",\"@id\":\"https:\/\/svetslik.si\/hu\/vasilij-kandinski-hu\/a-motley-life-das-bunte-leben\/#breadcrumb\",\"itemListElement\":[{\"@type\":\"ListItem\",\"position\":1,\"name\":\"Wall art and paintings on canvas\",\"item\":\"https:\/\/svetslik.si\/hu\/\"},{\"@type\":\"ListItem\",\"position\":2,\"name\":\"Festm\u00e9nyek elad\u00e1sa\",\"item\":\"https:\/\/svetslik.si\/prodaja-slik\/\"},{\"@type\":\"ListItem\",\"position\":3,\"name\":\"Vasilij Kandinski &#8211; A Motley Life (Das Bunte Leben)\"}]},{\"@type\":\"WebSite\",\"@id\":\"https:\/\/svetslik.si\/hu\/#website\",\"url\":\"https:\/\/svetslik.si\/hu\/\",\"name\":\"SVETSLIK.SI\",\"description\":\"100%-ban k\u00e9zzel festett reprodukci\u00f3k h\u00edres fest\u0151k festm\u00e9nyeir\u0151l \u00e9s festm\u00e9nyekr\u0151l v\u00e1szonra.\",\"publisher\":{\"@id\":\"https:\/\/svetslik.si\/hu\/#organization\"},\"potentialAction\":[{\"@type\":\"SearchAction\",\"target\":{\"@type\":\"EntryPoint\",\"urlTemplate\":\"https:\/\/svetslik.si\/hu\/?s={search_term_string}\"},\"query-input\":{\"@type\":\"PropertyValueSpecification\",\"valueRequired\":true,\"valueName\":\"search_term_string\"}}],\"inLanguage\":\"hu\"},{\"@type\":\"Organization\",\"@id\":\"https:\/\/svetslik.si\/hu\/#organization\",\"name\":\"SvetSlik.si\",\"url\":\"https:\/\/svetslik.si\/hu\/\",\"logo\":{\"@type\":\"ImageObject\",\"inLanguage\":\"hu\",\"@id\":\"https:\/\/svetslik.si\/hu\/#\/schema\/logo\/image\/\",\"url\":\"https:\/\/svetslik.si\/wp-content\/uploads\/2020\/12\/logo-512.png\",\"contentUrl\":\"https:\/\/svetslik.si\/wp-content\/uploads\/2020\/12\/logo-512.png\",\"width\":512,\"height\":512,\"caption\":\"SvetSlik.si\"},\"image\":{\"@id\":\"https:\/\/svetslik.si\/hu\/#\/schema\/logo\/image\/\"},\"sameAs\":[\"https:\/\/www.facebook.com\/svetslik.si\",\"https:\/\/x.com\/svetslik\",\"https:\/\/www.instagram.com\/svetslik.si\/\",\"https:\/\/www.linkedin.com\/company\/svetslik-si\"]}]}<\/script>\n<meta property=\"og:availability\" content=\"backorder\" \/>\n<meta property=\"product:availability\" content=\"available for order\" \/>\n<meta property=\"product:retailer_item_id\" content=\"307__\" \/>\n<meta property=\"product:condition\" content=\"new\" \/>\n<!-- \/ Yoast SEO Premium plugin. -->","yoast_head_json":{"title":"Vasilij Kandinski - A Motley Life (Das Bunte Leben) - SVETSLIK.SI - 100% k\u00e9zzel festett","description":"Vasilij Kandinski - A Motley Life (Das Bunte Leben) - 100% k\u00e9zzel festett h\u00edres festm\u00e9nyek reprodukci\u00f3i. Festm\u00e9nyek keretez\u00e9se, elad\u00e1sa \u00e9s egyedi rendel\u00e9sre t\u00f6rt\u00e9n\u0151 v\u00e1szonk\u00e9pek k\u00e9sz\u00edt\u00e9se.","robots":{"index":"index","follow":"follow","max-snippet":"max-snippet:-1","max-image-preview":"max-image-preview:large","max-video-preview":"max-video-preview:-1"},"canonical":"https:\/\/svetslik.si\/hu\/vasilij-kandinski-hu\/a-motley-life-das-bunte-leben\/","og_locale":"hu_HU","og_type":"article","og_title":"Vasilij Kandinski - A Motley Life (Das Bunte Leben)","og_description":"100% ro\u010dno naslikane slike na platnu, reprodukcije znanih slikarjev in umetni\u0161ke slike po naro\u010dilu.","og_url":"https:\/\/svetslik.si\/hu\/vasilij-kandinski-hu\/a-motley-life-das-bunte-leben\/","og_site_name":"SVETSLIK.SI","article_publisher":"https:\/\/www.facebook.com\/svetslik.si","article_modified_time":"2026-03-22T20:42:12+00:00","og_image":[{"width":995,"height":800,"url":"https:\/\/svetslik.si\/wp-content\/uploads\/2021\/08\/image_A-Motley-Life-Das-Bunte-Leben_680.jpg","type":"image\/jpeg"}],"twitter_card":"summary_large_image","twitter_site":"@svetslik","twitter_misc":{"El\u00e9rhet\u0151s\u00e9g":"Beszerz\u00e9s alatt"},"schema":{"@context":"https:\/\/schema.org","@graph":[{"@type":["WebPage","ItemPage"],"@id":"https:\/\/svetslik.si\/hu\/vasilij-kandinski-hu\/a-motley-life-das-bunte-leben\/","url":"https:\/\/svetslik.si\/hu\/vasilij-kandinski-hu\/a-motley-life-das-bunte-leben\/","name":"Vasilij Kandinski - A Motley Life (Das Bunte Leben) - SVETSLIK.SI - 100% k\u00e9zzel festett","isPartOf":{"@id":"https:\/\/svetslik.si\/hu\/#website"},"primaryImageOfPage":{"@id":"https:\/\/svetslik.si\/hu\/vasilij-kandinski-hu\/a-motley-life-das-bunte-leben\/#primaryimage"},"image":{"@id":"https:\/\/svetslik.si\/hu\/vasilij-kandinski-hu\/a-motley-life-das-bunte-leben\/#primaryimage"},"thumbnailUrl":"https:\/\/svetslik.si\/wp-content\/uploads\/2021\/08\/image_A-Motley-Life-Das-Bunte-Leben_680.jpg","datePublished":"2021-09-02T15:56:19+00:00","dateModified":"2026-03-22T20:42:12+00:00","description":"Vasilij Kandinski - A Motley Life (Das Bunte Leben) - 100% k\u00e9zzel festett h\u00edres festm\u00e9nyek reprodukci\u00f3i. Festm\u00e9nyek keretez\u00e9se, elad\u00e1sa \u00e9s egyedi rendel\u00e9sre t\u00f6rt\u00e9n\u0151 v\u00e1szonk\u00e9pek k\u00e9sz\u00edt\u00e9se.","breadcrumb":{"@id":"https:\/\/svetslik.si\/hu\/vasilij-kandinski-hu\/a-motley-life-das-bunte-leben\/#breadcrumb"},"inLanguage":"hu","potentialAction":[{"@type":"ReadAction","target":["https:\/\/svetslik.si\/hu\/vasilij-kandinski-hu\/a-motley-life-das-bunte-leben\/"]}]},{"@type":"ImageObject","inLanguage":"hu","@id":"https:\/\/svetslik.si\/hu\/vasilij-kandinski-hu\/a-motley-life-das-bunte-leben\/#primaryimage","url":"https:\/\/svetslik.si\/wp-content\/uploads\/2021\/08\/image_A-Motley-Life-Das-Bunte-Leben_680.jpg","contentUrl":"https:\/\/svetslik.si\/wp-content\/uploads\/2021\/08\/image_A-Motley-Life-Das-Bunte-Leben_680.jpg","width":995,"height":800,"caption":"Vasilij Kandinski - A Motley Life (Das Bunte Leben) - Egy tarka \u00e9let - Vasilij Kandinski - A Motley Life (Das Bunte Leben) - Festm\u00e9nyek reprodukci\u00f3i - V\u00e1szonk\u00e9p - Festm\u00e9nyek reprodukci\u00f3i - Absztrakt Festm\u00e9ny - Modern Festm\u00e9ny - Realisztikus Festm\u00e9ny - Olajfestm\u00e9ny - Falik\u00e9p"},{"@type":"BreadcrumbList","@id":"https:\/\/svetslik.si\/hu\/vasilij-kandinski-hu\/a-motley-life-das-bunte-leben\/#breadcrumb","itemListElement":[{"@type":"ListItem","position":1,"name":"Wall art and paintings on canvas","item":"https:\/\/svetslik.si\/hu\/"},{"@type":"ListItem","position":2,"name":"Festm\u00e9nyek elad\u00e1sa","item":"https:\/\/svetslik.si\/prodaja-slik\/"},{"@type":"ListItem","position":3,"name":"Vasilij Kandinski &#8211; A Motley Life (Das Bunte Leben)"}]},{"@type":"WebSite","@id":"https:\/\/svetslik.si\/hu\/#website","url":"https:\/\/svetslik.si\/hu\/","name":"SVETSLIK.SI","description":"100%-ban k\u00e9zzel festett reprodukci\u00f3k h\u00edres fest\u0151k festm\u00e9nyeir\u0151l \u00e9s festm\u00e9nyekr\u0151l v\u00e1szonra.","publisher":{"@id":"https:\/\/svetslik.si\/hu\/#organization"},"potentialAction":[{"@type":"SearchAction","target":{"@type":"EntryPoint","urlTemplate":"https:\/\/svetslik.si\/hu\/?s={search_term_string}"},"query-input":{"@type":"PropertyValueSpecification","valueRequired":true,"valueName":"search_term_string"}}],"inLanguage":"hu"},{"@type":"Organization","@id":"https:\/\/svetslik.si\/hu\/#organization","name":"SvetSlik.si","url":"https:\/\/svetslik.si\/hu\/","logo":{"@type":"ImageObject","inLanguage":"hu","@id":"https:\/\/svetslik.si\/hu\/#\/schema\/logo\/image\/","url":"https:\/\/svetslik.si\/wp-content\/uploads\/2020\/12\/logo-512.png","contentUrl":"https:\/\/svetslik.si\/wp-content\/uploads\/2020\/12\/logo-512.png","width":512,"height":512,"caption":"SvetSlik.si"},"image":{"@id":"https:\/\/svetslik.si\/hu\/#\/schema\/logo\/image\/"},"sameAs":["https:\/\/www.facebook.com\/svetslik.si","https:\/\/x.com\/svetslik","https:\/\/www.instagram.com\/svetslik.si\/","https:\/\/www.linkedin.com\/company\/svetslik-si"]}]},"og_availability":"backorder","product_availability":"available for order","product_retailer_item_id":"307__","product_condition":"new"},"jetpack_sharing_enabled":true,"_links":{"self":[{"href":"https:\/\/svetslik.si\/hu\/wp-json\/wp\/v2\/product\/53853","targetHints":{"allow":["GET"]}}],"collection":[{"href":"https:\/\/svetslik.si\/hu\/wp-json\/wp\/v2\/product"}],"about":[{"href":"https:\/\/svetslik.si\/hu\/wp-json\/wp\/v2\/types\/product"}],"wp:featuredmedia":[{"embeddable":true,"href":"https:\/\/svetslik.si\/hu\/wp-json\/wp\/v2\/media\/49346"}],"wp:attachment":[{"href":"https:\/\/svetslik.si\/hu\/wp-json\/wp\/v2\/media?parent=53853"}],"wp:term":[{"taxonomy":"product_brand","embeddable":true,"href":"https:\/\/svetslik.si\/hu\/wp-json\/wp\/v2\/product_brand?post=53853"},{"taxonomy":"product_cat","embeddable":true,"href":"https:\/\/svetslik.si\/hu\/wp-json\/wp\/v2\/product_cat?post=53853"},{"taxonomy":"product_tag","embeddable":true,"href":"https:\/\/svetslik.si\/hu\/wp-json\/wp\/v2\/product_tag?post=53853"}],"curies":[{"name":"wp","href":"https:\/\/api.w.org\/{rel}","templated":true}]}}