{"id":53871,"date":"2021-09-02T17:56:32","date_gmt":"2021-09-02T15:56:32","guid":{"rendered":"https:\/\/svetslik.si\/nem-kategorizalt\/improvisation-3\/"},"modified":"2026-03-22T21:43:06","modified_gmt":"2026-03-22T20:43:06","slug":"improvisation-3","status":"publish","type":"product","link":"https:\/\/svetslik.si\/hu\/vasilij-kandinski-hu\/improvisation-3\/","title":{"rendered":"Vasilij Kandinski &#8211; Improvisation 3"},"content":{"rendered":"<h1>Vaszilij Kandinszkij \u2013 Improviz\u00e1ci\u00f3 3<\/h1>\n<table border=\"0\" width=\"673\" cellpadding=\"0\">\n<colgroup>\n<col style=\"width: 135pt\" width=\"180\" \/>\n<col style=\"width: 370pt\" width=\"493\" \/> <\/colgroup>\n<tbody>\n<tr style=\"height: 15.75pt\">\n<td class=\"xl24\" style=\"height: 15.75pt;width: 135pt\" width=\"180\" height=\"21\">L\u00e9trehoz\u00e1s \u00e9ve:<\/td>\n<td class=\"xl25\" style=\"width: 370pt\" width=\"493\">1909<\/td>\n<\/tr>\n<tr style=\"height: 15.75pt\">\n<td class=\"xl24\" style=\"height: 15.75pt;width: 135pt\" width=\"180\" height=\"21\">Eredeti m\u00e9ret:<\/td>\n<td class=\"xl24\" style=\"width: 370pt\" width=\"493\">130 cm x 94 cm<\/td>\n<\/tr>\n<tr style=\"height: 15.75pt\">\n<td class=\"xl24\" style=\"height: 15.75pt;width: 135pt\" width=\"180\" height=\"21\">Fest\u00e9si st\u00edlus:<\/td>\n<td class=\"xl24\" style=\"width: 370pt\" width=\"493\">Absztrakt m\u0171v\u00e9szet<\/td>\n<\/tr>\n<tr style=\"height: 15.75pt\">\n<td class=\"xl24\" style=\"height: 15.75pt;width: 135pt\" width=\"180\" height=\"21\">Eredeti technika:<\/td>\n<td>Olaj, v\u00e1szon<\/td>\n<\/tr>\n<tr style=\"height: 15.75pt\">\n<td class=\"xl24\" style=\"height: 15.75pt;width: 135pt\" width=\"180\" height=\"21\">Helysz\u00edn:<\/td>\n<td>P\u00e1rizsi Modern M\u0171v\u00e9szetek M\u00fazeuma<\/td>\n<\/tr>\n<\/tbody>\n<\/table>\n<p>Wassily Kandinsky orosz fest\u0151 \u00e9s m\u0171v\u00e9szeti teoretikus volt, akit az absztrakt m\u0171v\u00e9szet egyik \u00fatt\u00f6r\u0151jek\u00e9nt tartanak sz\u00e1mon. Egyik legh\u00edresebb alkot\u00e1sa az &#8220;Improviz\u00e1ci\u00f3 3&#8221;, m\u00e1s n\u00e9ven &#8220;Composition III&#8221;. A festm\u00e9ny 1911-ben k\u00e9sz\u00fclt, \u00e9s kiv\u00e1l\u00f3 p\u00e9ld\u00e1ja Kandinsky sz\u00edn-, vonal- \u00e9s formahaszn\u00e1lat\u00e1nak \u00e9rzelmes \u00e9s dinamikus kompoz\u00edci\u00f3 l\u00e9trehoz\u00e1s\u00e1ra.<\/p>\n<p>A k\u00e9p \u00e9l\u00e9nk sz\u00ednpalett\u00e1b\u00f3l \u00e1ll, bele\u00e9rtve a m\u00e9lyk\u00e9keket, az \u00e9l\u00e9nks\u00e1rg\u00e1kat \u00e9s a gazdag v\u00f6r\u00f6seket. Kandinsky mer\u00e9szen \u00e9s kifejez\u0151en haszn\u00e1lja ezeket a sz\u00edneket, kiterjesztett ecsetvon\u00e1sokkal, amelyek mintha v\u00e9gigt\u00e1ncoln\u00e1nak a v\u00e1sznon. Eml\u00edt\u00e9st \u00e9rdemel m\u00e9g a k\u00e9p kompoz\u00edci\u00f3ja mozg\u00e1s\u00e9rz\u00e9kkel \u00e9s energi\u00e1val, amely a n\u00e9z\u0151 tekintet\u00e9t a v\u00e1sznon kereszt\u00fcl vonzza.<\/p>\n<p>Az &#8220;Improviz\u00e1ci\u00f3 3&#8221; k\u00e9p egyik legszembet\u0171n\u0151bb eleme a vonal haszn\u00e1lata. Kandinsky s\u0171r\u0171, gesztusos ecsetvon\u00e1sokat haszn\u00e1l, amelyek mozg\u00e1s- \u00e9s energia\u00e9rzetet keltenek. Ezeket a vonalakat nem val\u00f3s\u00e1gh\u0171 form\u00e1k \u00e1br\u00e1zol\u00e1s\u00e1ra haszn\u00e1lj\u00e1k, hanem \u00e9rzelmi reakci\u00f3t keltenek a n\u00e9z\u0151ben. Ez Kandinszkij st\u00edlus\u00e1nak saj\u00e1toss\u00e1ga, mivel \u00fagy v\u00e9lte, hogy a m\u0171v\u00e9szetnek a m\u0171v\u00e9sz bels\u0151 \u00e9rz\u00e9seinek \u00e9s \u00e9rzelmeinek kifejez\u00e9se kell legyen, nem pedig a k\u00fclvil\u00e1g reprezent\u00e1ci\u00f3ja.<\/p>\n<p>Az absztrakt m\u0171v\u00e9szet remekm\u0171v\u00e9nek tartott &#8220;Improviz\u00e1ci\u00f3 3&#8221; kiv\u00e1l\u00f3 p\u00e9ld\u00e1ja Kandinsky k\u00e9pess\u00e9g\u00e9nek, hogy sz\u00edneket, vonalakat \u00e9s form\u00e1kat haszn\u00e1ljon er\u0151teljes \u00e9s hangulatos kompoz\u00edci\u00f3k l\u00e9trehoz\u00e1s\u00e1hoz. Ezt a festm\u00e9nyt m\u00e1ig az absztrakt m\u0171v\u00e9szet t\u00f6rt\u00e9net\u00e9nek fontos alkot\u00e1sak\u00e9nt \u00fcnneplik a m\u0171v\u00e9szet szerelmesei, hallgat\u00f3i \u00e9s tud\u00f3sai egyar\u00e1nt.<\/p>\n<p>Az Improvisation 3 egy er\u0151teljes \u00e9s leny\u0171g\u00f6z\u0151 festm\u00e9ny, amely bemutatja Kandinsky k\u00e9pess\u00e9g\u00e9t, hogy sz\u00edneket, vonalakat \u00e9s form\u00e1kat haszn\u00e1ljon \u00e9rzelmes \u00e9s dinamikus kompoz\u00edci\u00f3 l\u00e9trehoz\u00e1s\u00e1ra. Ez egy olyan festm\u00e9ny, amely ma is inspir\u00e1lja \u00e9s leny\u0171g\u00f6zi a k\u00f6z\u00f6ns\u00e9get, \u00e9s az absztrakt m\u0171v\u00e9szet remekm\u0171v\u00e9nek tekintik. Ha t\u00f6bbet szeretne megtudni az absztrakt m\u0171v\u00e9szet t\u00f6rt\u00e9net\u00e9r\u0151l, akkor l\u00e1tnia kell Kandinszkij munk\u00e1it \u00e9s k\u00fcl\u00f6n\u00f6sen ezt a festm\u00e9nyt.<\/p>\n","protected":false},"excerpt":{"rendered":"<p>Vaszilij Kandinszkij \u2013 Improviz\u00e1ci\u00f3 3 L\u00e9trehoz\u00e1s \u00e9ve: 1909 Eredeti m\u00e9ret: 130 cm x 94 cm Fest\u00e9si st\u00edlus: Absztrakt m\u0171v\u00e9szet Eredeti technika: Olaj, v\u00e1szon Helysz\u00edn: P\u00e1rizsi Modern M\u0171v\u00e9szetek M\u00fazeuma Wassily Kandinsky orosz fest\u0151 \u00e9s m\u0171v\u00e9szeti teoretikus volt, akit az absztrakt m\u0171v\u00e9szet egyik \u00fatt\u00f6r\u0151jek\u00e9nt tartanak sz\u00e1mon. Egyik legh\u00edresebb alkot\u00e1sa az &#8220;Improviz\u00e1ci\u00f3 3&#8221;, [&hellip;]<\/p>\n","protected":false},"featured_media":49652,"template":"","meta":{"_acf_changed":false},"product_brand":[],"product_cat":[7149],"product_tag":[7172,7173,11885,11886,11887],"class_list":{"0":"post-53871","1":"product","2":"type-product","3":"status-publish","4":"has-post-thumbnail","6":"product_cat-vasilij-kandinski-hu","7":"product_tag-kandinski-hu","8":"product_tag-kandinsky-hu","9":"product_tag-painter-hu","10":"product_tag-reproduction","11":"product_tag-reproductions-hu","12":"pa_dimenzija-110-x-80-cm","13":"pa_dimenzija-130-x-94-cm","14":"pa_dimenzija-150-x-110-cm","15":"pa_dimenzija-200-x-150-cm","16":"pa_dimenzija-60-x-40-cm","17":"pa_dimenzija-70-x-50-cm","18":"pa_dimenzija-80-x-60-cm","19":"pa_dimenzija-90-x-70-cm","20":"pa_oblika-vizszintes","21":"pa_okvir-nincs-keret","22":"pa_podokvir-igen","23":"pa_podokvir-nem","25":"first","26":"onbackorder","27":"purchasable","28":"product-type-variable","29":"has-default-attributes"},"acf":[],"yoast_head":"<!-- This site is optimized with the Yoast SEO Premium plugin v26.0 (Yoast SEO v27.2) - https:\/\/yoast.com\/product\/yoast-seo-premium-wordpress\/ -->\n<title>Vasilij Kandinski - Improvisation 3 - SVETSLIK.SI - 100% k\u00e9zzel festett<\/title>\n<meta name=\"description\" content=\"Vasilij Kandinski - Improvisation 3 - 100% k\u00e9zzel festett h\u00edres festm\u00e9nyek reprodukci\u00f3i. Festm\u00e9nyek keretez\u00e9se, elad\u00e1sa \u00e9s egyedi rendel\u00e9sre t\u00f6rt\u00e9n\u0151 v\u00e1szonk\u00e9pek k\u00e9sz\u00edt\u00e9se.\" \/>\n<meta name=\"robots\" content=\"index, follow, max-snippet:-1, max-image-preview:large, max-video-preview:-1\" \/>\n<link rel=\"canonical\" href=\"https:\/\/svetslik.si\/hu\/vasilij-kandinski-hu\/improvisation-3\/\" \/>\n<meta property=\"og:locale\" content=\"hu_HU\" \/>\n<meta property=\"og:type\" content=\"article\" \/>\n<meta property=\"og:title\" content=\"Vasilij Kandinski - Improvisation 3\" \/>\n<meta property=\"og:description\" content=\"100% ro\u010dno naslikane slike na platnu, reprodukcije znanih slikarjev in umetni\u0161ke slike po naro\u010dilu.\" \/>\n<meta property=\"og:url\" content=\"https:\/\/svetslik.si\/hu\/vasilij-kandinski-hu\/improvisation-3\/\" \/>\n<meta property=\"og:site_name\" content=\"SVETSLIK.SI\" \/>\n<meta property=\"article:publisher\" content=\"https:\/\/www.facebook.com\/svetslik.si\" \/>\n<meta property=\"article:modified_time\" content=\"2026-03-22T20:43:06+00:00\" \/>\n<meta property=\"og:image\" content=\"https:\/\/svetslik.si\/wp-content\/uploads\/2021\/08\/image_Improvisation-3_680.jpg\" \/>\n\t<meta property=\"og:image:width\" content=\"1800\" \/>\n\t<meta property=\"og:image:height\" content=\"1302\" \/>\n\t<meta property=\"og:image:type\" content=\"image\/jpeg\" \/>\n<meta name=\"twitter:card\" content=\"summary_large_image\" \/>\n<meta name=\"twitter:site\" content=\"@svetslik\" \/>\n<meta name=\"twitter:label1\" content=\"El\u00e9rhet\u0151s\u00e9g\" \/>\n\t<meta name=\"twitter:data1\" content=\"Beszerz\u00e9s alatt\" \/>\n<script type=\"application\/ld+json\" class=\"yoast-schema-graph\">{\"@context\":\"https:\/\/schema.org\",\"@graph\":[{\"@type\":[\"WebPage\",\"ItemPage\"],\"@id\":\"https:\/\/svetslik.si\/hu\/vasilij-kandinski-hu\/improvisation-3\/\",\"url\":\"https:\/\/svetslik.si\/hu\/vasilij-kandinski-hu\/improvisation-3\/\",\"name\":\"Vasilij Kandinski - Improvisation 3 - SVETSLIK.SI - 100% k\u00e9zzel festett\",\"isPartOf\":{\"@id\":\"https:\/\/svetslik.si\/hu\/#website\"},\"primaryImageOfPage\":{\"@id\":\"https:\/\/svetslik.si\/hu\/vasilij-kandinski-hu\/improvisation-3\/#primaryimage\"},\"image\":{\"@id\":\"https:\/\/svetslik.si\/hu\/vasilij-kandinski-hu\/improvisation-3\/#primaryimage\"},\"thumbnailUrl\":\"https:\/\/svetslik.si\/wp-content\/uploads\/2021\/08\/image_Improvisation-3_680.jpg\",\"datePublished\":\"2021-09-02T15:56:32+00:00\",\"dateModified\":\"2026-03-22T20:43:06+00:00\",\"description\":\"Vasilij Kandinski - Improvisation 3 - 100% k\u00e9zzel festett h\u00edres festm\u00e9nyek reprodukci\u00f3i. Festm\u00e9nyek keretez\u00e9se, elad\u00e1sa \u00e9s egyedi rendel\u00e9sre t\u00f6rt\u00e9n\u0151 v\u00e1szonk\u00e9pek k\u00e9sz\u00edt\u00e9se.\",\"breadcrumb\":{\"@id\":\"https:\/\/svetslik.si\/hu\/vasilij-kandinski-hu\/improvisation-3\/#breadcrumb\"},\"inLanguage\":\"hu\",\"potentialAction\":[{\"@type\":\"ReadAction\",\"target\":[\"https:\/\/svetslik.si\/hu\/vasilij-kandinski-hu\/improvisation-3\/\"]}]},{\"@type\":\"ImageObject\",\"inLanguage\":\"hu\",\"@id\":\"https:\/\/svetslik.si\/hu\/vasilij-kandinski-hu\/improvisation-3\/#primaryimage\",\"url\":\"https:\/\/svetslik.si\/wp-content\/uploads\/2021\/08\/image_Improvisation-3_680.jpg\",\"contentUrl\":\"https:\/\/svetslik.si\/wp-content\/uploads\/2021\/08\/image_Improvisation-3_680.jpg\",\"width\":1800,\"height\":1302,\"caption\":\"Vasilij Kandinski - Improvisation 3 - Improviz\u00e1ci\u00f3 3 - REPRODUKCI\u00d3I - V\u00e1szonk\u00e9p - Festm\u00e9nyek reprodukci\u00f3i - Absztrakt Festm\u00e9ny - Modern Festm\u00e9ny - Realisztikus Festm\u00e9ny - Olajfestm\u00e9ny - Falik\u00e9p\"},{\"@type\":\"BreadcrumbList\",\"@id\":\"https:\/\/svetslik.si\/hu\/vasilij-kandinski-hu\/improvisation-3\/#breadcrumb\",\"itemListElement\":[{\"@type\":\"ListItem\",\"position\":1,\"name\":\"Wall art and paintings on canvas\",\"item\":\"https:\/\/svetslik.si\/hu\/\"},{\"@type\":\"ListItem\",\"position\":2,\"name\":\"Festm\u00e9nyek elad\u00e1sa\",\"item\":\"https:\/\/svetslik.si\/prodaja-slik\/\"},{\"@type\":\"ListItem\",\"position\":3,\"name\":\"Vasilij Kandinski &#8211; Improvisation 3\"}]},{\"@type\":\"WebSite\",\"@id\":\"https:\/\/svetslik.si\/hu\/#website\",\"url\":\"https:\/\/svetslik.si\/hu\/\",\"name\":\"SVETSLIK.SI\",\"description\":\"100%-ban k\u00e9zzel festett reprodukci\u00f3k h\u00edres fest\u0151k festm\u00e9nyeir\u0151l \u00e9s festm\u00e9nyekr\u0151l v\u00e1szonra.\",\"publisher\":{\"@id\":\"https:\/\/svetslik.si\/hu\/#organization\"},\"potentialAction\":[{\"@type\":\"SearchAction\",\"target\":{\"@type\":\"EntryPoint\",\"urlTemplate\":\"https:\/\/svetslik.si\/hu\/?s={search_term_string}\"},\"query-input\":{\"@type\":\"PropertyValueSpecification\",\"valueRequired\":true,\"valueName\":\"search_term_string\"}}],\"inLanguage\":\"hu\"},{\"@type\":\"Organization\",\"@id\":\"https:\/\/svetslik.si\/hu\/#organization\",\"name\":\"SvetSlik.si\",\"url\":\"https:\/\/svetslik.si\/hu\/\",\"logo\":{\"@type\":\"ImageObject\",\"inLanguage\":\"hu\",\"@id\":\"https:\/\/svetslik.si\/hu\/#\/schema\/logo\/image\/\",\"url\":\"https:\/\/svetslik.si\/wp-content\/uploads\/2020\/12\/logo-512.png\",\"contentUrl\":\"https:\/\/svetslik.si\/wp-content\/uploads\/2020\/12\/logo-512.png\",\"width\":512,\"height\":512,\"caption\":\"SvetSlik.si\"},\"image\":{\"@id\":\"https:\/\/svetslik.si\/hu\/#\/schema\/logo\/image\/\"},\"sameAs\":[\"https:\/\/www.facebook.com\/svetslik.si\",\"https:\/\/x.com\/svetslik\",\"https:\/\/www.instagram.com\/svetslik.si\/\",\"https:\/\/www.linkedin.com\/company\/svetslik-si\"]}]}<\/script>\n<meta property=\"og:availability\" content=\"backorder\" \/>\n<meta property=\"product:availability\" content=\"available for order\" \/>\n<meta property=\"product:retailer_item_id\" content=\"309__\" \/>\n<meta property=\"product:condition\" content=\"new\" \/>\n<!-- \/ Yoast SEO Premium plugin. -->","yoast_head_json":{"title":"Vasilij Kandinski - Improvisation 3 - SVETSLIK.SI - 100% k\u00e9zzel festett","description":"Vasilij Kandinski - Improvisation 3 - 100% k\u00e9zzel festett h\u00edres festm\u00e9nyek reprodukci\u00f3i. Festm\u00e9nyek keretez\u00e9se, elad\u00e1sa \u00e9s egyedi rendel\u00e9sre t\u00f6rt\u00e9n\u0151 v\u00e1szonk\u00e9pek k\u00e9sz\u00edt\u00e9se.","robots":{"index":"index","follow":"follow","max-snippet":"max-snippet:-1","max-image-preview":"max-image-preview:large","max-video-preview":"max-video-preview:-1"},"canonical":"https:\/\/svetslik.si\/hu\/vasilij-kandinski-hu\/improvisation-3\/","og_locale":"hu_HU","og_type":"article","og_title":"Vasilij Kandinski - Improvisation 3","og_description":"100% ro\u010dno naslikane slike na platnu, reprodukcije znanih slikarjev in umetni\u0161ke slike po naro\u010dilu.","og_url":"https:\/\/svetslik.si\/hu\/vasilij-kandinski-hu\/improvisation-3\/","og_site_name":"SVETSLIK.SI","article_publisher":"https:\/\/www.facebook.com\/svetslik.si","article_modified_time":"2026-03-22T20:43:06+00:00","og_image":[{"width":1800,"height":1302,"url":"https:\/\/svetslik.si\/wp-content\/uploads\/2021\/08\/image_Improvisation-3_680.jpg","type":"image\/jpeg"}],"twitter_card":"summary_large_image","twitter_site":"@svetslik","twitter_misc":{"El\u00e9rhet\u0151s\u00e9g":"Beszerz\u00e9s alatt"},"schema":{"@context":"https:\/\/schema.org","@graph":[{"@type":["WebPage","ItemPage"],"@id":"https:\/\/svetslik.si\/hu\/vasilij-kandinski-hu\/improvisation-3\/","url":"https:\/\/svetslik.si\/hu\/vasilij-kandinski-hu\/improvisation-3\/","name":"Vasilij Kandinski - Improvisation 3 - SVETSLIK.SI - 100% k\u00e9zzel festett","isPartOf":{"@id":"https:\/\/svetslik.si\/hu\/#website"},"primaryImageOfPage":{"@id":"https:\/\/svetslik.si\/hu\/vasilij-kandinski-hu\/improvisation-3\/#primaryimage"},"image":{"@id":"https:\/\/svetslik.si\/hu\/vasilij-kandinski-hu\/improvisation-3\/#primaryimage"},"thumbnailUrl":"https:\/\/svetslik.si\/wp-content\/uploads\/2021\/08\/image_Improvisation-3_680.jpg","datePublished":"2021-09-02T15:56:32+00:00","dateModified":"2026-03-22T20:43:06+00:00","description":"Vasilij Kandinski - Improvisation 3 - 100% k\u00e9zzel festett h\u00edres festm\u00e9nyek reprodukci\u00f3i. Festm\u00e9nyek keretez\u00e9se, elad\u00e1sa \u00e9s egyedi rendel\u00e9sre t\u00f6rt\u00e9n\u0151 v\u00e1szonk\u00e9pek k\u00e9sz\u00edt\u00e9se.","breadcrumb":{"@id":"https:\/\/svetslik.si\/hu\/vasilij-kandinski-hu\/improvisation-3\/#breadcrumb"},"inLanguage":"hu","potentialAction":[{"@type":"ReadAction","target":["https:\/\/svetslik.si\/hu\/vasilij-kandinski-hu\/improvisation-3\/"]}]},{"@type":"ImageObject","inLanguage":"hu","@id":"https:\/\/svetslik.si\/hu\/vasilij-kandinski-hu\/improvisation-3\/#primaryimage","url":"https:\/\/svetslik.si\/wp-content\/uploads\/2021\/08\/image_Improvisation-3_680.jpg","contentUrl":"https:\/\/svetslik.si\/wp-content\/uploads\/2021\/08\/image_Improvisation-3_680.jpg","width":1800,"height":1302,"caption":"Vasilij Kandinski - Improvisation 3 - Improviz\u00e1ci\u00f3 3 - REPRODUKCI\u00d3I - V\u00e1szonk\u00e9p - Festm\u00e9nyek reprodukci\u00f3i - Absztrakt Festm\u00e9ny - Modern Festm\u00e9ny - Realisztikus Festm\u00e9ny - Olajfestm\u00e9ny - Falik\u00e9p"},{"@type":"BreadcrumbList","@id":"https:\/\/svetslik.si\/hu\/vasilij-kandinski-hu\/improvisation-3\/#breadcrumb","itemListElement":[{"@type":"ListItem","position":1,"name":"Wall art and paintings on canvas","item":"https:\/\/svetslik.si\/hu\/"},{"@type":"ListItem","position":2,"name":"Festm\u00e9nyek elad\u00e1sa","item":"https:\/\/svetslik.si\/prodaja-slik\/"},{"@type":"ListItem","position":3,"name":"Vasilij Kandinski &#8211; Improvisation 3"}]},{"@type":"WebSite","@id":"https:\/\/svetslik.si\/hu\/#website","url":"https:\/\/svetslik.si\/hu\/","name":"SVETSLIK.SI","description":"100%-ban k\u00e9zzel festett reprodukci\u00f3k h\u00edres fest\u0151k festm\u00e9nyeir\u0151l \u00e9s festm\u00e9nyekr\u0151l v\u00e1szonra.","publisher":{"@id":"https:\/\/svetslik.si\/hu\/#organization"},"potentialAction":[{"@type":"SearchAction","target":{"@type":"EntryPoint","urlTemplate":"https:\/\/svetslik.si\/hu\/?s={search_term_string}"},"query-input":{"@type":"PropertyValueSpecification","valueRequired":true,"valueName":"search_term_string"}}],"inLanguage":"hu"},{"@type":"Organization","@id":"https:\/\/svetslik.si\/hu\/#organization","name":"SvetSlik.si","url":"https:\/\/svetslik.si\/hu\/","logo":{"@type":"ImageObject","inLanguage":"hu","@id":"https:\/\/svetslik.si\/hu\/#\/schema\/logo\/image\/","url":"https:\/\/svetslik.si\/wp-content\/uploads\/2020\/12\/logo-512.png","contentUrl":"https:\/\/svetslik.si\/wp-content\/uploads\/2020\/12\/logo-512.png","width":512,"height":512,"caption":"SvetSlik.si"},"image":{"@id":"https:\/\/svetslik.si\/hu\/#\/schema\/logo\/image\/"},"sameAs":["https:\/\/www.facebook.com\/svetslik.si","https:\/\/x.com\/svetslik","https:\/\/www.instagram.com\/svetslik.si\/","https:\/\/www.linkedin.com\/company\/svetslik-si"]}]},"og_availability":"backorder","product_availability":"available for order","product_retailer_item_id":"309__","product_condition":"new"},"jetpack_sharing_enabled":true,"_links":{"self":[{"href":"https:\/\/svetslik.si\/hu\/wp-json\/wp\/v2\/product\/53871","targetHints":{"allow":["GET"]}}],"collection":[{"href":"https:\/\/svetslik.si\/hu\/wp-json\/wp\/v2\/product"}],"about":[{"href":"https:\/\/svetslik.si\/hu\/wp-json\/wp\/v2\/types\/product"}],"wp:featuredmedia":[{"embeddable":true,"href":"https:\/\/svetslik.si\/hu\/wp-json\/wp\/v2\/media\/49652"}],"wp:attachment":[{"href":"https:\/\/svetslik.si\/hu\/wp-json\/wp\/v2\/media?parent=53871"}],"wp:term":[{"taxonomy":"product_brand","embeddable":true,"href":"https:\/\/svetslik.si\/hu\/wp-json\/wp\/v2\/product_brand?post=53871"},{"taxonomy":"product_cat","embeddable":true,"href":"https:\/\/svetslik.si\/hu\/wp-json\/wp\/v2\/product_cat?post=53871"},{"taxonomy":"product_tag","embeddable":true,"href":"https:\/\/svetslik.si\/hu\/wp-json\/wp\/v2\/product_tag?post=53871"}],"curies":[{"name":"wp","href":"https:\/\/api.w.org\/{rel}","templated":true}]}}