{"id":53898,"date":"2021-09-02T17:56:43","date_gmt":"2021-09-02T15:56:43","guid":{"rendered":"https:\/\/svetslik.si\/nem-kategorizalt\/impression-v-park\/"},"modified":"2026-03-22T21:43:06","modified_gmt":"2026-03-22T20:43:06","slug":"impression-v-park","status":"publish","type":"product","link":"https:\/\/svetslik.si\/hu\/vasilij-kandinski-hu\/impression-v-park\/","title":{"rendered":"Vasilij Kandinski &#8211; Impression V (Park)"},"content":{"rendered":"<h1>Wassily Kandinsky \u2013 Impression V (park)<\/h1>\n<table border=\"0\" width=\"673\" cellpadding=\"0\">\n<colgroup>\n<col style=\"width: 135pt\" width=\"180\" \/>\n<col style=\"width: 370pt\" width=\"493\" \/> <\/colgroup>\n<tbody>\n<tr style=\"height: 15.75pt\">\n<td class=\"xl24\" style=\"height: 15.75pt;width: 135pt\" width=\"180\" height=\"21\">L\u00e9trehoz\u00e1s \u00e9ve:<\/td>\n<td class=\"xl25\" style=\"width: 370pt\" width=\"493\">1911<\/td>\n<\/tr>\n<tr style=\"height: 15.75pt\">\n<td class=\"xl24\" style=\"height: 15.75pt;width: 135pt\" width=\"180\" height=\"21\">Eredeti m\u00e9ret:<\/td>\n<td class=\"xl24\" style=\"width: 370pt\" width=\"493\">157,5 cm x 106 cm<\/td>\n<\/tr>\n<tr style=\"height: 15.75pt\">\n<td class=\"xl24\" style=\"height: 15.75pt;width: 135pt\" width=\"180\" height=\"21\">Fest\u00e9si st\u00edlus:<\/td>\n<td class=\"xl24\" style=\"width: 370pt\" width=\"493\">Absztrakt m\u0171v\u00e9szet<\/td>\n<\/tr>\n<tr style=\"height: 15.75pt\">\n<td class=\"xl24\" style=\"height: 15.75pt;width: 135pt\" width=\"180\" height=\"21\">Eredeti technika:<\/td>\n<td>Olaj, v\u00e1szon<\/td>\n<\/tr>\n<tr style=\"height: 15.75pt\">\n<td class=\"xl24\" style=\"height: 15.75pt;width: 135pt\" width=\"180\" height=\"21\">Helysz\u00edn:<\/td>\n<td>P\u00e1rizsi Modern M\u0171v\u00e9szetek M\u00fazeuma<\/td>\n<\/tr>\n<\/tbody>\n<\/table>\n<p>Wassily Kandinsky az absztrakt m\u0171v\u00e9szet t\u00f6rt\u00e9net\u00e9nek egyik legbefoly\u00e1sosabb alakja. T\u00f6bb \u00e9vtizede k\u00e9sz\u00fclt alkot\u00e1sait a mer\u00e9sz sz\u00edn- \u00e9s formahaszn\u00e1lat, a m\u0171v\u00e9szet \u00e9rzelmi erej\u00e9nek hangs\u00falyoz\u00e1sa jellemzi. Egyik legszembet\u0171n\u0151bb \u00e9s leger\u0151sebb festm\u00e9nye az &#8220;Impression V (Park)&#8221;.<\/p>\n<p>A &#8220;The Park&#8221; n\u00e9ven is ismert festm\u00e9ny 1911-ben k\u00e9sz\u00fclt, \u00e9s Kandinszkij korai id\u0151szak\u00e1nak egyik legfontosabb alkot\u00e1sak\u00e9nt tartj\u00e1k sz\u00e1mon. A festm\u00e9ny remek p\u00e9ld\u00e1ja annak, hogy sz\u00edn- \u00e9s formahaszn\u00e1lattal \u00e9rzelmeket v\u00e1lt ki a n\u00e9z\u0151ben. A k\u00e9pet a mer\u00e9sz k\u00e9k sz\u00edn uralja, amelyet \u00e9l\u00e9nk narancsv\u00f6r\u00f6s sz\u00edn \u00e1ll\u00edt kontrasztba. A k\u00e9k sz\u00edn az eget \u00e9s a tengert, m\u00edg a narancss\u00e1rga-piros a napot \u00e9s a t\u00fczet jelk\u00e9pezi. E k\u00e9t sz\u00edn kombin\u00e1ci\u00f3ja mozg\u00e1s- \u00e9s energia\u00e9rzetet kelt, amit a v\u00e1sznat kit\u00f6lt\u0151 fesz\u00edtett vonalak \u00e9s form\u00e1k fokoznak.<\/p>\n<p>Ennek a festm\u00e9nynek az egyik legszembet\u0171n\u0151bb jellemz\u0151je a negat\u00edv t\u00e9r haszn\u00e1lata. Kandinsky mesterien haszn\u00e1lja a festm\u00e9ny \u00fcres tereit a m\u00e9lys\u00e9g \u00e9s a mozg\u00e1s \u00e9rzet\u00e9nek megteremt\u00e9s\u00e9re. A n\u00e9z\u0151 szeme a festm\u00e9ny k\u00f6zepe fel\u00e9 h\u00faz\u00f3dik, ahol a fesz\u00edtett vonalak \u00e9s form\u00e1k \u00f6ssze\u00e9rnek, mozg\u00e1s- \u00e9s energia\u00e9rzetet keltve.<\/p>\n<p>Kandinsky &#8220;Impression V (Park)&#8221; nemcsak az absztrakt m\u0171v\u00e9szet remeke, hanem a m\u0171v\u00e9szet \u00e9rzelmi erej\u00e9nek felt\u00e1r\u00e1sa is. A sz\u00ednek \u00e9s a formahaszn\u00e1lat r\u00e9v\u00e9n Kandinsky olyan mozg\u00e1s- \u00e9s energia\u00e9rzetet kelt, amely egyszerre izgalmas \u00e9s megnyugtat\u00f3. Ez a festm\u00e9ny Kandinszkij m\u0171v\u00e9szi k\u00e9pess\u00e9geir\u0151l \u00e9s arra val\u00f3 k\u00e9pess\u00e9g\u00e9r\u0151l tan\u00faskodik, hogy m\u0171v\u00e9szet\u00e9vel \u00e9rzelmeket v\u00e1lt ki a n\u00e9z\u0151ben. A festm\u00e9ny k\u00f6telez\u0151 a m\u0171v\u00e9szet szerelmeseinek \u00e9s mindenkinek, aki \u00e9rdekl\u0151dik az absztrakt m\u0171v\u00e9szet t\u00f6rt\u00e9nete ir\u00e1nt.<\/p>\n","protected":false},"excerpt":{"rendered":"<p>Wassily Kandinsky \u2013 Impression V (park) L\u00e9trehoz\u00e1s \u00e9ve: 1911 Eredeti m\u00e9ret: 157,5 cm x 106 cm Fest\u00e9si st\u00edlus: Absztrakt m\u0171v\u00e9szet Eredeti technika: Olaj, v\u00e1szon Helysz\u00edn: P\u00e1rizsi Modern M\u0171v\u00e9szetek M\u00fazeuma Wassily Kandinsky az absztrakt m\u0171v\u00e9szet t\u00f6rt\u00e9net\u00e9nek egyik legbefoly\u00e1sosabb alakja. T\u00f6bb \u00e9vtizede k\u00e9sz\u00fclt alkot\u00e1sait a mer\u00e9sz sz\u00edn- \u00e9s formahaszn\u00e1lat, a m\u0171v\u00e9szet \u00e9rzelmi [&hellip;]<\/p>\n","protected":false},"featured_media":50362,"template":"","meta":{"_acf_changed":false},"product_brand":[],"product_cat":[7149],"product_tag":[7172,7173,11885,11886,11887],"class_list":{"0":"post-53898","1":"product","2":"type-product","3":"status-publish","4":"has-post-thumbnail","6":"product_cat-vasilij-kandinski-hu","7":"product_tag-kandinski-hu","8":"product_tag-kandinsky-hu","9":"product_tag-painter-hu","10":"product_tag-reproduction","11":"product_tag-reproductions-hu","12":"pa_dimenzija-100-x-70-cm","13":"pa_dimenzija-120-x-80-cm","14":"pa_dimenzija-140-x-90-cm","15":"pa_dimenzija-158-x-106-cm","16":"pa_dimenzija-180-x-120-cm","17":"pa_dimenzija-200-x-140-cm","18":"pa_dimenzija-60-x-40-cm","19":"pa_dimenzija-80-x-50-cm","20":"pa_oblika-vizszintes","21":"pa_okvir-nincs-keret","22":"pa_podokvir-igen","23":"pa_podokvir-nem","25":"first","26":"onbackorder","27":"purchasable","28":"product-type-variable","29":"has-default-attributes"},"acf":[],"yoast_head":"<!-- This site is optimized with the Yoast SEO Premium plugin v26.0 (Yoast SEO v27.2) - https:\/\/yoast.com\/product\/yoast-seo-premium-wordpress\/ -->\n<title>Vasilij Kandinski - Impression V (Park) - SVETSLIK.SI - 100% k\u00e9zzel festett<\/title>\n<meta name=\"description\" content=\"Vasilij Kandinski - Impression V (Park) - 100% k\u00e9zzel festett h\u00edres festm\u00e9nyek reprodukci\u00f3i. Festm\u00e9nyek keretez\u00e9se, elad\u00e1sa \u00e9s egyedi rendel\u00e9sre t\u00f6rt\u00e9n\u0151 v\u00e1szonk\u00e9pek k\u00e9sz\u00edt\u00e9se.\" \/>\n<meta name=\"robots\" content=\"index, follow, max-snippet:-1, max-image-preview:large, max-video-preview:-1\" \/>\n<link rel=\"canonical\" href=\"https:\/\/svetslik.si\/hu\/vasilij-kandinski-hu\/impression-v-park\/\" \/>\n<meta property=\"og:locale\" content=\"hu_HU\" \/>\n<meta property=\"og:type\" content=\"article\" \/>\n<meta property=\"og:title\" content=\"Vasilij Kandinski - Impression V (Park)\" \/>\n<meta property=\"og:description\" content=\"100% ro\u010dno naslikane slike na platnu, reprodukcije znanih slikarjev in umetni\u0161ke slike po naro\u010dilu.\" \/>\n<meta property=\"og:url\" content=\"https:\/\/svetslik.si\/hu\/vasilij-kandinski-hu\/impression-v-park\/\" \/>\n<meta property=\"og:site_name\" content=\"SVETSLIK.SI\" \/>\n<meta property=\"article:publisher\" content=\"https:\/\/www.facebook.com\/svetslik.si\" \/>\n<meta property=\"article:modified_time\" content=\"2026-03-22T20:43:06+00:00\" \/>\n<meta property=\"og:image\" content=\"https:\/\/svetslik.si\/wp-content\/uploads\/2021\/09\/Impression_V_Park_by_Wassily_Kandinsky_1911.jpg\" \/>\n\t<meta property=\"og:image:width\" content=\"956\" \/>\n\t<meta property=\"og:image:height\" content=\"640\" \/>\n\t<meta property=\"og:image:type\" content=\"image\/jpeg\" \/>\n<meta name=\"twitter:card\" content=\"summary_large_image\" \/>\n<meta name=\"twitter:site\" content=\"@svetslik\" \/>\n<meta name=\"twitter:label1\" content=\"El\u00e9rhet\u0151s\u00e9g\" \/>\n\t<meta name=\"twitter:data1\" content=\"Beszerz\u00e9s alatt\" \/>\n<script type=\"application\/ld+json\" class=\"yoast-schema-graph\">{\"@context\":\"https:\/\/schema.org\",\"@graph\":[{\"@type\":[\"WebPage\",\"ItemPage\"],\"@id\":\"https:\/\/svetslik.si\/hu\/vasilij-kandinski-hu\/impression-v-park\/\",\"url\":\"https:\/\/svetslik.si\/hu\/vasilij-kandinski-hu\/impression-v-park\/\",\"name\":\"Vasilij Kandinski - Impression V (Park) - SVETSLIK.SI - 100% k\u00e9zzel festett\",\"isPartOf\":{\"@id\":\"https:\/\/svetslik.si\/hu\/#website\"},\"primaryImageOfPage\":{\"@id\":\"https:\/\/svetslik.si\/hu\/vasilij-kandinski-hu\/impression-v-park\/#primaryimage\"},\"image\":{\"@id\":\"https:\/\/svetslik.si\/hu\/vasilij-kandinski-hu\/impression-v-park\/#primaryimage\"},\"thumbnailUrl\":\"https:\/\/svetslik.si\/wp-content\/uploads\/2021\/09\/Impression_V_Park_by_Wassily_Kandinsky_1911.jpg\",\"datePublished\":\"2021-09-02T15:56:43+00:00\",\"dateModified\":\"2026-03-22T20:43:06+00:00\",\"description\":\"Vasilij Kandinski - Impression V (Park) - 100% k\u00e9zzel festett h\u00edres festm\u00e9nyek reprodukci\u00f3i. Festm\u00e9nyek keretez\u00e9se, elad\u00e1sa \u00e9s egyedi rendel\u00e9sre t\u00f6rt\u00e9n\u0151 v\u00e1szonk\u00e9pek k\u00e9sz\u00edt\u00e9se.\",\"breadcrumb\":{\"@id\":\"https:\/\/svetslik.si\/hu\/vasilij-kandinski-hu\/impression-v-park\/#breadcrumb\"},\"inLanguage\":\"hu\",\"potentialAction\":[{\"@type\":\"ReadAction\",\"target\":[\"https:\/\/svetslik.si\/hu\/vasilij-kandinski-hu\/impression-v-park\/\"]}]},{\"@type\":\"ImageObject\",\"inLanguage\":\"hu\",\"@id\":\"https:\/\/svetslik.si\/hu\/vasilij-kandinski-hu\/impression-v-park\/#primaryimage\",\"url\":\"https:\/\/svetslik.si\/wp-content\/uploads\/2021\/09\/Impression_V_Park_by_Wassily_Kandinsky_1911.jpg\",\"contentUrl\":\"https:\/\/svetslik.si\/wp-content\/uploads\/2021\/09\/Impression_V_Park_by_Wassily_Kandinsky_1911.jpg\",\"width\":956,\"height\":640,\"caption\":\"H\u00edres fest\u0151k reprodukci\u00f3i, modern falm\u0171v\u00e9szet, falm\u0171v\u00e9szet Impression_V_(Park)_by_Wassily_Kandinsky,_1911\"},{\"@type\":\"BreadcrumbList\",\"@id\":\"https:\/\/svetslik.si\/hu\/vasilij-kandinski-hu\/impression-v-park\/#breadcrumb\",\"itemListElement\":[{\"@type\":\"ListItem\",\"position\":1,\"name\":\"Wall art and paintings on canvas\",\"item\":\"https:\/\/svetslik.si\/hu\/\"},{\"@type\":\"ListItem\",\"position\":2,\"name\":\"Festm\u00e9nyek elad\u00e1sa\",\"item\":\"https:\/\/svetslik.si\/prodaja-slik\/\"},{\"@type\":\"ListItem\",\"position\":3,\"name\":\"Vasilij Kandinski &#8211; Impression V (Park)\"}]},{\"@type\":\"WebSite\",\"@id\":\"https:\/\/svetslik.si\/hu\/#website\",\"url\":\"https:\/\/svetslik.si\/hu\/\",\"name\":\"SVETSLIK.SI\",\"description\":\"100%-ban k\u00e9zzel festett reprodukci\u00f3k h\u00edres fest\u0151k festm\u00e9nyeir\u0151l \u00e9s festm\u00e9nyekr\u0151l v\u00e1szonra.\",\"publisher\":{\"@id\":\"https:\/\/svetslik.si\/hu\/#organization\"},\"potentialAction\":[{\"@type\":\"SearchAction\",\"target\":{\"@type\":\"EntryPoint\",\"urlTemplate\":\"https:\/\/svetslik.si\/hu\/?s={search_term_string}\"},\"query-input\":{\"@type\":\"PropertyValueSpecification\",\"valueRequired\":true,\"valueName\":\"search_term_string\"}}],\"inLanguage\":\"hu\"},{\"@type\":\"Organization\",\"@id\":\"https:\/\/svetslik.si\/hu\/#organization\",\"name\":\"SvetSlik.si\",\"url\":\"https:\/\/svetslik.si\/hu\/\",\"logo\":{\"@type\":\"ImageObject\",\"inLanguage\":\"hu\",\"@id\":\"https:\/\/svetslik.si\/hu\/#\/schema\/logo\/image\/\",\"url\":\"https:\/\/svetslik.si\/wp-content\/uploads\/2020\/12\/logo-512.png\",\"contentUrl\":\"https:\/\/svetslik.si\/wp-content\/uploads\/2020\/12\/logo-512.png\",\"width\":512,\"height\":512,\"caption\":\"SvetSlik.si\"},\"image\":{\"@id\":\"https:\/\/svetslik.si\/hu\/#\/schema\/logo\/image\/\"},\"sameAs\":[\"https:\/\/www.facebook.com\/svetslik.si\",\"https:\/\/x.com\/svetslik\",\"https:\/\/www.instagram.com\/svetslik.si\/\",\"https:\/\/www.linkedin.com\/company\/svetslik-si\"]}]}<\/script>\n<meta property=\"og:availability\" content=\"backorder\" \/>\n<meta property=\"product:availability\" content=\"available for order\" \/>\n<meta property=\"product:retailer_item_id\" content=\"312__\" \/>\n<meta property=\"product:condition\" content=\"new\" \/>\n<!-- \/ Yoast SEO Premium plugin. -->","yoast_head_json":{"title":"Vasilij Kandinski - Impression V (Park) - SVETSLIK.SI - 100% k\u00e9zzel festett","description":"Vasilij Kandinski - Impression V (Park) - 100% k\u00e9zzel festett h\u00edres festm\u00e9nyek reprodukci\u00f3i. Festm\u00e9nyek keretez\u00e9se, elad\u00e1sa \u00e9s egyedi rendel\u00e9sre t\u00f6rt\u00e9n\u0151 v\u00e1szonk\u00e9pek k\u00e9sz\u00edt\u00e9se.","robots":{"index":"index","follow":"follow","max-snippet":"max-snippet:-1","max-image-preview":"max-image-preview:large","max-video-preview":"max-video-preview:-1"},"canonical":"https:\/\/svetslik.si\/hu\/vasilij-kandinski-hu\/impression-v-park\/","og_locale":"hu_HU","og_type":"article","og_title":"Vasilij Kandinski - Impression V (Park)","og_description":"100% ro\u010dno naslikane slike na platnu, reprodukcije znanih slikarjev in umetni\u0161ke slike po naro\u010dilu.","og_url":"https:\/\/svetslik.si\/hu\/vasilij-kandinski-hu\/impression-v-park\/","og_site_name":"SVETSLIK.SI","article_publisher":"https:\/\/www.facebook.com\/svetslik.si","article_modified_time":"2026-03-22T20:43:06+00:00","og_image":[{"width":956,"height":640,"url":"https:\/\/svetslik.si\/wp-content\/uploads\/2021\/09\/Impression_V_Park_by_Wassily_Kandinsky_1911.jpg","type":"image\/jpeg"}],"twitter_card":"summary_large_image","twitter_site":"@svetslik","twitter_misc":{"El\u00e9rhet\u0151s\u00e9g":"Beszerz\u00e9s alatt"},"schema":{"@context":"https:\/\/schema.org","@graph":[{"@type":["WebPage","ItemPage"],"@id":"https:\/\/svetslik.si\/hu\/vasilij-kandinski-hu\/impression-v-park\/","url":"https:\/\/svetslik.si\/hu\/vasilij-kandinski-hu\/impression-v-park\/","name":"Vasilij Kandinski - Impression V (Park) - SVETSLIK.SI - 100% k\u00e9zzel festett","isPartOf":{"@id":"https:\/\/svetslik.si\/hu\/#website"},"primaryImageOfPage":{"@id":"https:\/\/svetslik.si\/hu\/vasilij-kandinski-hu\/impression-v-park\/#primaryimage"},"image":{"@id":"https:\/\/svetslik.si\/hu\/vasilij-kandinski-hu\/impression-v-park\/#primaryimage"},"thumbnailUrl":"https:\/\/svetslik.si\/wp-content\/uploads\/2021\/09\/Impression_V_Park_by_Wassily_Kandinsky_1911.jpg","datePublished":"2021-09-02T15:56:43+00:00","dateModified":"2026-03-22T20:43:06+00:00","description":"Vasilij Kandinski - Impression V (Park) - 100% k\u00e9zzel festett h\u00edres festm\u00e9nyek reprodukci\u00f3i. Festm\u00e9nyek keretez\u00e9se, elad\u00e1sa \u00e9s egyedi rendel\u00e9sre t\u00f6rt\u00e9n\u0151 v\u00e1szonk\u00e9pek k\u00e9sz\u00edt\u00e9se.","breadcrumb":{"@id":"https:\/\/svetslik.si\/hu\/vasilij-kandinski-hu\/impression-v-park\/#breadcrumb"},"inLanguage":"hu","potentialAction":[{"@type":"ReadAction","target":["https:\/\/svetslik.si\/hu\/vasilij-kandinski-hu\/impression-v-park\/"]}]},{"@type":"ImageObject","inLanguage":"hu","@id":"https:\/\/svetslik.si\/hu\/vasilij-kandinski-hu\/impression-v-park\/#primaryimage","url":"https:\/\/svetslik.si\/wp-content\/uploads\/2021\/09\/Impression_V_Park_by_Wassily_Kandinsky_1911.jpg","contentUrl":"https:\/\/svetslik.si\/wp-content\/uploads\/2021\/09\/Impression_V_Park_by_Wassily_Kandinsky_1911.jpg","width":956,"height":640,"caption":"H\u00edres fest\u0151k reprodukci\u00f3i, modern falm\u0171v\u00e9szet, falm\u0171v\u00e9szet Impression_V_(Park)_by_Wassily_Kandinsky,_1911"},{"@type":"BreadcrumbList","@id":"https:\/\/svetslik.si\/hu\/vasilij-kandinski-hu\/impression-v-park\/#breadcrumb","itemListElement":[{"@type":"ListItem","position":1,"name":"Wall art and paintings on canvas","item":"https:\/\/svetslik.si\/hu\/"},{"@type":"ListItem","position":2,"name":"Festm\u00e9nyek elad\u00e1sa","item":"https:\/\/svetslik.si\/prodaja-slik\/"},{"@type":"ListItem","position":3,"name":"Vasilij Kandinski &#8211; Impression V (Park)"}]},{"@type":"WebSite","@id":"https:\/\/svetslik.si\/hu\/#website","url":"https:\/\/svetslik.si\/hu\/","name":"SVETSLIK.SI","description":"100%-ban k\u00e9zzel festett reprodukci\u00f3k h\u00edres fest\u0151k festm\u00e9nyeir\u0151l \u00e9s festm\u00e9nyekr\u0151l v\u00e1szonra.","publisher":{"@id":"https:\/\/svetslik.si\/hu\/#organization"},"potentialAction":[{"@type":"SearchAction","target":{"@type":"EntryPoint","urlTemplate":"https:\/\/svetslik.si\/hu\/?s={search_term_string}"},"query-input":{"@type":"PropertyValueSpecification","valueRequired":true,"valueName":"search_term_string"}}],"inLanguage":"hu"},{"@type":"Organization","@id":"https:\/\/svetslik.si\/hu\/#organization","name":"SvetSlik.si","url":"https:\/\/svetslik.si\/hu\/","logo":{"@type":"ImageObject","inLanguage":"hu","@id":"https:\/\/svetslik.si\/hu\/#\/schema\/logo\/image\/","url":"https:\/\/svetslik.si\/wp-content\/uploads\/2020\/12\/logo-512.png","contentUrl":"https:\/\/svetslik.si\/wp-content\/uploads\/2020\/12\/logo-512.png","width":512,"height":512,"caption":"SvetSlik.si"},"image":{"@id":"https:\/\/svetslik.si\/hu\/#\/schema\/logo\/image\/"},"sameAs":["https:\/\/www.facebook.com\/svetslik.si","https:\/\/x.com\/svetslik","https:\/\/www.instagram.com\/svetslik.si\/","https:\/\/www.linkedin.com\/company\/svetslik-si"]}]},"og_availability":"backorder","product_availability":"available for order","product_retailer_item_id":"312__","product_condition":"new"},"jetpack_sharing_enabled":true,"_links":{"self":[{"href":"https:\/\/svetslik.si\/hu\/wp-json\/wp\/v2\/product\/53898","targetHints":{"allow":["GET"]}}],"collection":[{"href":"https:\/\/svetslik.si\/hu\/wp-json\/wp\/v2\/product"}],"about":[{"href":"https:\/\/svetslik.si\/hu\/wp-json\/wp\/v2\/types\/product"}],"wp:featuredmedia":[{"embeddable":true,"href":"https:\/\/svetslik.si\/hu\/wp-json\/wp\/v2\/media\/50362"}],"wp:attachment":[{"href":"https:\/\/svetslik.si\/hu\/wp-json\/wp\/v2\/media?parent=53898"}],"wp:term":[{"taxonomy":"product_brand","embeddable":true,"href":"https:\/\/svetslik.si\/hu\/wp-json\/wp\/v2\/product_brand?post=53898"},{"taxonomy":"product_cat","embeddable":true,"href":"https:\/\/svetslik.si\/hu\/wp-json\/wp\/v2\/product_cat?post=53898"},{"taxonomy":"product_tag","embeddable":true,"href":"https:\/\/svetslik.si\/hu\/wp-json\/wp\/v2\/product_tag?post=53898"}],"curies":[{"name":"wp","href":"https:\/\/api.w.org\/{rel}","templated":true}]}}