{"id":53925,"date":"2021-09-02T17:57:09","date_gmt":"2021-09-02T15:57:09","guid":{"rendered":"https:\/\/svetslik.si\/nem-kategorizalt\/picture-with-a-circle-bild-mit-kreis\/"},"modified":"2026-03-22T21:43:45","modified_gmt":"2026-03-22T20:43:45","slug":"picture-with-a-circle-bild-mit-kreis","status":"publish","type":"product","link":"https:\/\/svetslik.si\/hu\/vasilij-kandinski-hu\/picture-with-a-circle-bild-mit-kreis\/","title":{"rendered":"Vasilij Kandinski &#8211; Picture with a Circle (Bild mit Kreis)"},"content":{"rendered":"<h1>Wassily Kandinsky \u2013 K\u00e9p k\u00f6rrel (Bild mit Kreis)<\/h1>\n<table border=\"0\" width=\"673\" cellpadding=\"0\">\n<colgroup>\n<col style=\"width: 135pt\" width=\"180\" \/>\n<col style=\"width: 370pt\" width=\"493\" \/> <\/colgroup>\n<tbody>\n<tr style=\"height: 15.75pt\">\n<td class=\"xl24\" style=\"height: 15.75pt;width: 135pt\" width=\"180\" height=\"21\">L\u00e9trehoz\u00e1s \u00e9ve:<\/td>\n<td class=\"xl25\" style=\"width: 370pt\" width=\"493\">1911<\/td>\n<\/tr>\n<tr style=\"height: 15.75pt\">\n<td class=\"xl24\" style=\"height: 15.75pt;width: 135pt\" width=\"180\" height=\"21\">Eredeti m\u00e9ret:<\/td>\n<td class=\"xl24\" style=\"width: 370pt\" width=\"493\">111 cm x 139 cm<\/td>\n<\/tr>\n<tr style=\"height: 15.75pt\">\n<td class=\"xl24\" style=\"height: 15.75pt;width: 135pt\" width=\"180\" height=\"21\">Fest\u00e9si st\u00edlus:<\/td>\n<td class=\"xl24\" style=\"width: 370pt\" width=\"493\">Absztrakt m\u0171v\u00e9szet<\/td>\n<\/tr>\n<tr style=\"height: 15.75pt\">\n<td class=\"xl24\" style=\"height: 15.75pt;width: 135pt\" width=\"180\" height=\"21\">Eredeti technika:<\/td>\n<td>Olaj, v\u00e1szon<\/td>\n<\/tr>\n<tr style=\"height: 15.75pt\">\n<td class=\"xl24\" style=\"height: 15.75pt;width: 135pt\" width=\"180\" height=\"21\">Helysz\u00edn:<\/td>\n<td>Gr\u00faz Nemzeti M\u00fazeum, Tbiliszi<\/td>\n<\/tr>\n<\/tbody>\n<\/table>\n<p>Wassily Kandinsky k\u00f6rfestm\u00e9nye egy er\u0151teljes \u00e9s felt\u0171n\u0151 festm\u00e9ny, amely bemutatja a m\u0171v\u00e9sz egyedi st\u00edlus\u00e1t \u00e9s az absztrakci\u00f3hoz val\u00f3 hozz\u00e1\u00e1ll\u00e1s\u00e1t. A k\u00e9pen egy nagy k\u00f6z\u00e9ps\u0151 k\u00f6r l\u00e1that\u00f3, amely vastag fekete vonalakkal van \u00e1br\u00e1zolva. A k\u00f6r \u00e9l\u00e9nk sz\u00ednek mez\u0151j\u00e9t veszi k\u00f6r\u00fcl, amelyek l\u00e1tsz\u00f3lag kifel\u00e9 terjednek, mozg\u00e1s- \u00e9s energia\u00e9rzetet adva a k\u00e9pnek.<\/p>\n<p>Ezen a festm\u00e9nyen Kandinsky k\u00fcl\u00f6n\u00f6sen \u00e9szrevehet\u0151 sz\u00edneket haszn\u00e1l. Mer\u00e9sz, kontrasztos sz\u00ednek haszn\u00e1lat\u00e1r\u00f3l volt ismert, amelyekr\u0151l \u00fagy v\u00e9lte, hogy er\u0151s \u00e9rzelmi reakci\u00f3kat v\u00e1lthatnak ki a n\u00e9z\u0151ben. A &#8220;Circle Painting&#8221; c\u00edm\u0171 festm\u00e9nyen meleg \u00e9s hideg sz\u00ednek kombin\u00e1ci\u00f3j\u00e1t haszn\u00e1lta a fesz\u00fclts\u00e9g \u00e9s a mozg\u00e1s \u00e9rzet\u00e9nek megteremt\u00e9s\u00e9re. A h\u00e1tt\u00e9r meleg narancss\u00e1rga \u00e9s s\u00e1rga sz\u00ednei kontrasztban \u00e1llnak a k\u00f6zponti k\u00f6r hideg k\u00e9k \u00e9s z\u00f6ld sz\u00edn\u00e9vel, dinamikus \u00e9s vonz\u00f3 vizu\u00e1lis hat\u00e1st k\u00f6lcs\u00f6n\u00f6zve a k\u00e9pnek.<\/p>\n<p>Az egyik leg\u00e9rdekesebb dolog ezen a festm\u00e9nyen az, ahogy Kandinsky a k\u00f6rt szimb\u00f3lumk\u00e9nt haszn\u00e1lja. P\u00e1lyafut\u00e1sa sor\u00e1n leny\u0171g\u00f6zte a k\u00f6r, mint az univerzum \u00e9s a v\u00e9gtelen szimb\u00f3luma. A &#8220;K\u00e9p k\u00f6rrel&#8221; festm\u00e9nyen a k\u00f6zponti k\u00f6r az egys\u00e9g \u00e9s a t\u00f6k\u00e9letess\u00e9g gondolat\u00e1t k\u00e9pviseli. Kaotikus \u00e9s v\u00e9gtelennek t\u0171n\u0151 sz\u00ednmez\u0151 veszi k\u00f6r\u00fcl, ami arra utal, hogy a k\u00f6r a rend \u00e9s a harm\u00f3nia szimb\u00f3luma az univerzum k\u00e1osz\u00e1ban.<\/p>\n<p>Kandinsky k\u00f6rfestm\u00e9nye er\u0151teljes \u00e9s \u00f6szt\u00f6nz\u0151 m\u0171alkot\u00e1s, amely ma is leny\u0171g\u00f6zi \u00e9s inspir\u00e1lja a n\u00e9z\u0151ket. Kiv\u00e1l\u00f3 p\u00e9ld\u00e1ja a m\u0171v\u00e9sz egyedi st\u00edlus\u00e1nak \u00e9s az absztrakci\u00f3hoz val\u00f3 hozz\u00e1\u00e1ll\u00e1s\u00e1nak, \u00e9s minden bizonnyal k\u00f6zponti eleme lesz minden olyan gy\u0171jtem\u00e9nynek, amelyben tal\u00e1lhat\u00f3.<\/p>\n","protected":false},"excerpt":{"rendered":"<p>Wassily Kandinsky \u2013 K\u00e9p k\u00f6rrel (Bild mit Kreis) L\u00e9trehoz\u00e1s \u00e9ve: 1911 Eredeti m\u00e9ret: 111 cm x 139 cm Fest\u00e9si st\u00edlus: Absztrakt m\u0171v\u00e9szet Eredeti technika: Olaj, v\u00e1szon Helysz\u00edn: Gr\u00faz Nemzeti M\u00fazeum, Tbiliszi Wassily Kandinsky k\u00f6rfestm\u00e9nye egy er\u0151teljes \u00e9s felt\u0171n\u0151 festm\u00e9ny, amely bemutatja a m\u0171v\u00e9sz egyedi st\u00edlus\u00e1t \u00e9s az absztrakci\u00f3hoz val\u00f3 hozz\u00e1\u00e1ll\u00e1s\u00e1t. [&hellip;]<\/p>\n","protected":false},"featured_media":49903,"template":"","meta":{"_acf_changed":false},"product_brand":[],"product_cat":[7149],"product_tag":[7172,7173,11885,11886,11887],"class_list":{"0":"post-53925","1":"product","2":"type-product","3":"status-publish","4":"has-post-thumbnail","6":"product_cat-vasilij-kandinski-hu","7":"product_tag-kandinski-hu","8":"product_tag-kandinsky-hu","9":"product_tag-painter-hu","10":"product_tag-reproduction","11":"product_tag-reproductions-hu","12":"pa_dimenzija-111-x-139-cm-hu","13":"pa_dimenzija-130-x-160-cm-hu","14":"pa_dimenzija-150-x-190-cm-hu","15":"pa_dimenzija-180-x-220-cm-hu","16":"pa_dimenzija-50-x-60-cm-hu","17":"pa_dimenzija-60-x-70-cm-hu","18":"pa_dimenzija-70-x-90-cm-hu","19":"pa_dimenzija-90-x-110-cm-hu","20":"pa_oblika-fuggoleges","21":"pa_okvir-nincs-keret","22":"pa_podokvir-igen","23":"pa_podokvir-nem","25":"first","26":"onbackorder","27":"purchasable","28":"product-type-variable","29":"has-default-attributes"},"acf":[],"yoast_head":"<!-- This site is optimized with the Yoast SEO Premium plugin v26.0 (Yoast SEO v27.2) - https:\/\/yoast.com\/product\/yoast-seo-premium-wordpress\/ -->\n<title>Vasilij Kandinski - Picture with a Circle (Bild mit Kreis) - SVETSLIK.SI - 100% k\u00e9zzel festett<\/title>\n<meta name=\"description\" content=\"Vasilij Kandinski - Picture with a Circle (Bild mit Kreis) - 100% k\u00e9zzel festett h\u00edres festm\u00e9nyek reprodukci\u00f3i. Festm\u00e9nyek keretez\u00e9se, elad\u00e1sa \u00e9s egyedi rendel\u00e9sre t\u00f6rt\u00e9n\u0151 v\u00e1szonk\u00e9pek k\u00e9sz\u00edt\u00e9se.\" \/>\n<meta name=\"robots\" content=\"index, follow, max-snippet:-1, max-image-preview:large, max-video-preview:-1\" \/>\n<link rel=\"canonical\" href=\"https:\/\/svetslik.si\/hu\/vasilij-kandinski-hu\/picture-with-a-circle-bild-mit-kreis\/\" \/>\n<meta property=\"og:locale\" content=\"hu_HU\" \/>\n<meta property=\"og:type\" content=\"article\" \/>\n<meta property=\"og:title\" content=\"Vasilij Kandinski - Picture with a Circle (Bild mit Kreis)\" \/>\n<meta property=\"og:description\" content=\"100% ro\u010dno naslikane slike na platnu, reprodukcije znanih slikarjev in umetni\u0161ke slike po naro\u010dilu.\" \/>\n<meta property=\"og:url\" content=\"https:\/\/svetslik.si\/hu\/vasilij-kandinski-hu\/picture-with-a-circle-bild-mit-kreis\/\" \/>\n<meta property=\"og:site_name\" content=\"SVETSLIK.SI\" \/>\n<meta property=\"article:publisher\" content=\"https:\/\/www.facebook.com\/svetslik.si\" \/>\n<meta property=\"article:modified_time\" content=\"2026-03-22T20:43:45+00:00\" \/>\n<meta property=\"og:image\" content=\"https:\/\/svetslik.si\/wp-content\/uploads\/2021\/08\/image_Picture-with-a-Circle-Bild-mit-Kreis_680.jpg\" \/>\n\t<meta property=\"og:image:width\" content=\"1560\" \/>\n\t<meta property=\"og:image:height\" content=\"1800\" \/>\n\t<meta property=\"og:image:type\" content=\"image\/jpeg\" \/>\n<meta name=\"twitter:card\" content=\"summary_large_image\" \/>\n<meta name=\"twitter:site\" content=\"@svetslik\" \/>\n<meta name=\"twitter:label1\" content=\"El\u00e9rhet\u0151s\u00e9g\" \/>\n\t<meta name=\"twitter:data1\" content=\"Beszerz\u00e9s alatt\" \/>\n<script type=\"application\/ld+json\" class=\"yoast-schema-graph\">{\"@context\":\"https:\/\/schema.org\",\"@graph\":[{\"@type\":[\"WebPage\",\"ItemPage\"],\"@id\":\"https:\/\/svetslik.si\/hu\/vasilij-kandinski-hu\/picture-with-a-circle-bild-mit-kreis\/\",\"url\":\"https:\/\/svetslik.si\/hu\/vasilij-kandinski-hu\/picture-with-a-circle-bild-mit-kreis\/\",\"name\":\"Vasilij Kandinski - Picture with a Circle (Bild mit Kreis) - SVETSLIK.SI - 100% k\u00e9zzel festett\",\"isPartOf\":{\"@id\":\"https:\/\/svetslik.si\/hu\/#website\"},\"primaryImageOfPage\":{\"@id\":\"https:\/\/svetslik.si\/hu\/vasilij-kandinski-hu\/picture-with-a-circle-bild-mit-kreis\/#primaryimage\"},\"image\":{\"@id\":\"https:\/\/svetslik.si\/hu\/vasilij-kandinski-hu\/picture-with-a-circle-bild-mit-kreis\/#primaryimage\"},\"thumbnailUrl\":\"https:\/\/svetslik.si\/wp-content\/uploads\/2021\/08\/image_Picture-with-a-Circle-Bild-mit-Kreis_680.jpg\",\"datePublished\":\"2021-09-02T15:57:09+00:00\",\"dateModified\":\"2026-03-22T20:43:45+00:00\",\"description\":\"Vasilij Kandinski - Picture with a Circle (Bild mit Kreis) - 100% k\u00e9zzel festett h\u00edres festm\u00e9nyek reprodukci\u00f3i. Festm\u00e9nyek keretez\u00e9se, elad\u00e1sa \u00e9s egyedi rendel\u00e9sre t\u00f6rt\u00e9n\u0151 v\u00e1szonk\u00e9pek k\u00e9sz\u00edt\u00e9se.\",\"breadcrumb\":{\"@id\":\"https:\/\/svetslik.si\/hu\/vasilij-kandinski-hu\/picture-with-a-circle-bild-mit-kreis\/#breadcrumb\"},\"inLanguage\":\"hu\",\"potentialAction\":[{\"@type\":\"ReadAction\",\"target\":[\"https:\/\/svetslik.si\/hu\/vasilij-kandinski-hu\/picture-with-a-circle-bild-mit-kreis\/\"]}]},{\"@type\":\"ImageObject\",\"inLanguage\":\"hu\",\"@id\":\"https:\/\/svetslik.si\/hu\/vasilij-kandinski-hu\/picture-with-a-circle-bild-mit-kreis\/#primaryimage\",\"url\":\"https:\/\/svetslik.si\/wp-content\/uploads\/2021\/08\/image_Picture-with-a-Circle-Bild-mit-Kreis_680.jpg\",\"contentUrl\":\"https:\/\/svetslik.si\/wp-content\/uploads\/2021\/08\/image_Picture-with-a-Circle-Bild-mit-Kreis_680.jpg\",\"width\":1560,\"height\":1800,\"caption\":\"Vasilij Kandinski - Picture with a Circle (Bild mit Kreis) - Ro\u010dno naslikane reprodukcije znanih slikarjev, moderne stenske slike, umetni\u0161ke slike za na steno\"},{\"@type\":\"BreadcrumbList\",\"@id\":\"https:\/\/svetslik.si\/hu\/vasilij-kandinski-hu\/picture-with-a-circle-bild-mit-kreis\/#breadcrumb\",\"itemListElement\":[{\"@type\":\"ListItem\",\"position\":1,\"name\":\"Wall art and paintings on canvas\",\"item\":\"https:\/\/svetslik.si\/hu\/\"},{\"@type\":\"ListItem\",\"position\":2,\"name\":\"Festm\u00e9nyek elad\u00e1sa\",\"item\":\"https:\/\/svetslik.si\/prodaja-slik\/\"},{\"@type\":\"ListItem\",\"position\":3,\"name\":\"Vasilij Kandinski &#8211; Picture with a Circle (Bild mit Kreis)\"}]},{\"@type\":\"WebSite\",\"@id\":\"https:\/\/svetslik.si\/hu\/#website\",\"url\":\"https:\/\/svetslik.si\/hu\/\",\"name\":\"SVETSLIK.SI\",\"description\":\"100%-ban k\u00e9zzel festett reprodukci\u00f3k h\u00edres fest\u0151k festm\u00e9nyeir\u0151l \u00e9s festm\u00e9nyekr\u0151l v\u00e1szonra.\",\"publisher\":{\"@id\":\"https:\/\/svetslik.si\/hu\/#organization\"},\"potentialAction\":[{\"@type\":\"SearchAction\",\"target\":{\"@type\":\"EntryPoint\",\"urlTemplate\":\"https:\/\/svetslik.si\/hu\/?s={search_term_string}\"},\"query-input\":{\"@type\":\"PropertyValueSpecification\",\"valueRequired\":true,\"valueName\":\"search_term_string\"}}],\"inLanguage\":\"hu\"},{\"@type\":\"Organization\",\"@id\":\"https:\/\/svetslik.si\/hu\/#organization\",\"name\":\"SvetSlik.si\",\"url\":\"https:\/\/svetslik.si\/hu\/\",\"logo\":{\"@type\":\"ImageObject\",\"inLanguage\":\"hu\",\"@id\":\"https:\/\/svetslik.si\/hu\/#\/schema\/logo\/image\/\",\"url\":\"https:\/\/svetslik.si\/wp-content\/uploads\/2020\/12\/logo-512.png\",\"contentUrl\":\"https:\/\/svetslik.si\/wp-content\/uploads\/2020\/12\/logo-512.png\",\"width\":512,\"height\":512,\"caption\":\"SvetSlik.si\"},\"image\":{\"@id\":\"https:\/\/svetslik.si\/hu\/#\/schema\/logo\/image\/\"},\"sameAs\":[\"https:\/\/www.facebook.com\/svetslik.si\",\"https:\/\/x.com\/svetslik\",\"https:\/\/www.instagram.com\/svetslik.si\/\",\"https:\/\/www.linkedin.com\/company\/svetslik-si\"]}]}<\/script>\n<meta property=\"og:availability\" content=\"backorder\" \/>\n<meta property=\"product:availability\" content=\"available for order\" \/>\n<meta property=\"product:retailer_item_id\" content=\"315__\" \/>\n<meta property=\"product:condition\" content=\"new\" \/>\n<!-- \/ Yoast SEO Premium plugin. -->","yoast_head_json":{"title":"Vasilij Kandinski - Picture with a Circle (Bild mit Kreis) - SVETSLIK.SI - 100% k\u00e9zzel festett","description":"Vasilij Kandinski - Picture with a Circle (Bild mit Kreis) - 100% k\u00e9zzel festett h\u00edres festm\u00e9nyek reprodukci\u00f3i. Festm\u00e9nyek keretez\u00e9se, elad\u00e1sa \u00e9s egyedi rendel\u00e9sre t\u00f6rt\u00e9n\u0151 v\u00e1szonk\u00e9pek k\u00e9sz\u00edt\u00e9se.","robots":{"index":"index","follow":"follow","max-snippet":"max-snippet:-1","max-image-preview":"max-image-preview:large","max-video-preview":"max-video-preview:-1"},"canonical":"https:\/\/svetslik.si\/hu\/vasilij-kandinski-hu\/picture-with-a-circle-bild-mit-kreis\/","og_locale":"hu_HU","og_type":"article","og_title":"Vasilij Kandinski - Picture with a Circle (Bild mit Kreis)","og_description":"100% ro\u010dno naslikane slike na platnu, reprodukcije znanih slikarjev in umetni\u0161ke slike po naro\u010dilu.","og_url":"https:\/\/svetslik.si\/hu\/vasilij-kandinski-hu\/picture-with-a-circle-bild-mit-kreis\/","og_site_name":"SVETSLIK.SI","article_publisher":"https:\/\/www.facebook.com\/svetslik.si","article_modified_time":"2026-03-22T20:43:45+00:00","og_image":[{"width":1560,"height":1800,"url":"https:\/\/svetslik.si\/wp-content\/uploads\/2021\/08\/image_Picture-with-a-Circle-Bild-mit-Kreis_680.jpg","type":"image\/jpeg"}],"twitter_card":"summary_large_image","twitter_site":"@svetslik","twitter_misc":{"El\u00e9rhet\u0151s\u00e9g":"Beszerz\u00e9s alatt"},"schema":{"@context":"https:\/\/schema.org","@graph":[{"@type":["WebPage","ItemPage"],"@id":"https:\/\/svetslik.si\/hu\/vasilij-kandinski-hu\/picture-with-a-circle-bild-mit-kreis\/","url":"https:\/\/svetslik.si\/hu\/vasilij-kandinski-hu\/picture-with-a-circle-bild-mit-kreis\/","name":"Vasilij Kandinski - Picture with a Circle (Bild mit Kreis) - SVETSLIK.SI - 100% k\u00e9zzel festett","isPartOf":{"@id":"https:\/\/svetslik.si\/hu\/#website"},"primaryImageOfPage":{"@id":"https:\/\/svetslik.si\/hu\/vasilij-kandinski-hu\/picture-with-a-circle-bild-mit-kreis\/#primaryimage"},"image":{"@id":"https:\/\/svetslik.si\/hu\/vasilij-kandinski-hu\/picture-with-a-circle-bild-mit-kreis\/#primaryimage"},"thumbnailUrl":"https:\/\/svetslik.si\/wp-content\/uploads\/2021\/08\/image_Picture-with-a-Circle-Bild-mit-Kreis_680.jpg","datePublished":"2021-09-02T15:57:09+00:00","dateModified":"2026-03-22T20:43:45+00:00","description":"Vasilij Kandinski - Picture with a Circle (Bild mit Kreis) - 100% k\u00e9zzel festett h\u00edres festm\u00e9nyek reprodukci\u00f3i. Festm\u00e9nyek keretez\u00e9se, elad\u00e1sa \u00e9s egyedi rendel\u00e9sre t\u00f6rt\u00e9n\u0151 v\u00e1szonk\u00e9pek k\u00e9sz\u00edt\u00e9se.","breadcrumb":{"@id":"https:\/\/svetslik.si\/hu\/vasilij-kandinski-hu\/picture-with-a-circle-bild-mit-kreis\/#breadcrumb"},"inLanguage":"hu","potentialAction":[{"@type":"ReadAction","target":["https:\/\/svetslik.si\/hu\/vasilij-kandinski-hu\/picture-with-a-circle-bild-mit-kreis\/"]}]},{"@type":"ImageObject","inLanguage":"hu","@id":"https:\/\/svetslik.si\/hu\/vasilij-kandinski-hu\/picture-with-a-circle-bild-mit-kreis\/#primaryimage","url":"https:\/\/svetslik.si\/wp-content\/uploads\/2021\/08\/image_Picture-with-a-Circle-Bild-mit-Kreis_680.jpg","contentUrl":"https:\/\/svetslik.si\/wp-content\/uploads\/2021\/08\/image_Picture-with-a-Circle-Bild-mit-Kreis_680.jpg","width":1560,"height":1800,"caption":"Vasilij Kandinski - Picture with a Circle (Bild mit Kreis) - Ro\u010dno naslikane reprodukcije znanih slikarjev, moderne stenske slike, umetni\u0161ke slike za na steno"},{"@type":"BreadcrumbList","@id":"https:\/\/svetslik.si\/hu\/vasilij-kandinski-hu\/picture-with-a-circle-bild-mit-kreis\/#breadcrumb","itemListElement":[{"@type":"ListItem","position":1,"name":"Wall art and paintings on canvas","item":"https:\/\/svetslik.si\/hu\/"},{"@type":"ListItem","position":2,"name":"Festm\u00e9nyek elad\u00e1sa","item":"https:\/\/svetslik.si\/prodaja-slik\/"},{"@type":"ListItem","position":3,"name":"Vasilij Kandinski &#8211; Picture with a Circle (Bild mit Kreis)"}]},{"@type":"WebSite","@id":"https:\/\/svetslik.si\/hu\/#website","url":"https:\/\/svetslik.si\/hu\/","name":"SVETSLIK.SI","description":"100%-ban k\u00e9zzel festett reprodukci\u00f3k h\u00edres fest\u0151k festm\u00e9nyeir\u0151l \u00e9s festm\u00e9nyekr\u0151l v\u00e1szonra.","publisher":{"@id":"https:\/\/svetslik.si\/hu\/#organization"},"potentialAction":[{"@type":"SearchAction","target":{"@type":"EntryPoint","urlTemplate":"https:\/\/svetslik.si\/hu\/?s={search_term_string}"},"query-input":{"@type":"PropertyValueSpecification","valueRequired":true,"valueName":"search_term_string"}}],"inLanguage":"hu"},{"@type":"Organization","@id":"https:\/\/svetslik.si\/hu\/#organization","name":"SvetSlik.si","url":"https:\/\/svetslik.si\/hu\/","logo":{"@type":"ImageObject","inLanguage":"hu","@id":"https:\/\/svetslik.si\/hu\/#\/schema\/logo\/image\/","url":"https:\/\/svetslik.si\/wp-content\/uploads\/2020\/12\/logo-512.png","contentUrl":"https:\/\/svetslik.si\/wp-content\/uploads\/2020\/12\/logo-512.png","width":512,"height":512,"caption":"SvetSlik.si"},"image":{"@id":"https:\/\/svetslik.si\/hu\/#\/schema\/logo\/image\/"},"sameAs":["https:\/\/www.facebook.com\/svetslik.si","https:\/\/x.com\/svetslik","https:\/\/www.instagram.com\/svetslik.si\/","https:\/\/www.linkedin.com\/company\/svetslik-si"]}]},"og_availability":"backorder","product_availability":"available for order","product_retailer_item_id":"315__","product_condition":"new"},"jetpack_sharing_enabled":true,"_links":{"self":[{"href":"https:\/\/svetslik.si\/hu\/wp-json\/wp\/v2\/product\/53925","targetHints":{"allow":["GET"]}}],"collection":[{"href":"https:\/\/svetslik.si\/hu\/wp-json\/wp\/v2\/product"}],"about":[{"href":"https:\/\/svetslik.si\/hu\/wp-json\/wp\/v2\/types\/product"}],"wp:featuredmedia":[{"embeddable":true,"href":"https:\/\/svetslik.si\/hu\/wp-json\/wp\/v2\/media\/49903"}],"wp:attachment":[{"href":"https:\/\/svetslik.si\/hu\/wp-json\/wp\/v2\/media?parent=53925"}],"wp:term":[{"taxonomy":"product_brand","embeddable":true,"href":"https:\/\/svetslik.si\/hu\/wp-json\/wp\/v2\/product_brand?post=53925"},{"taxonomy":"product_cat","embeddable":true,"href":"https:\/\/svetslik.si\/hu\/wp-json\/wp\/v2\/product_cat?post=53925"},{"taxonomy":"product_tag","embeddable":true,"href":"https:\/\/svetslik.si\/hu\/wp-json\/wp\/v2\/product_tag?post=53925"}],"curies":[{"name":"wp","href":"https:\/\/api.w.org\/{rel}","templated":true}]}}