{"id":53934,"date":"2021-09-02T17:57:09","date_gmt":"2021-09-02T15:57:09","guid":{"rendered":"https:\/\/svetslik.si\/nem-kategorizalt\/improvisation-28-second-version-improvisation-28-zweite-fassung\/"},"modified":"2026-03-22T21:43:45","modified_gmt":"2026-03-22T20:43:45","slug":"improvisation-28-second-version-improvisation-28-zweite-fassung","status":"publish","type":"product","link":"https:\/\/svetslik.si\/hu\/vasilij-kandinski-hu\/improvisation-28-second-version-improvisation-28-zweite-fassung\/","title":{"rendered":"Vasilij Kandinski &#8211; Improvisation 28 (second version) (Improvisation 28 [zweite Fassung])"},"content":{"rendered":"<h1>Wassily Kandinsky \u2013 28. improviz\u00e1ci\u00f3 (m\u00e1sodik verzi\u00f3) (28. improviz\u00e1ci\u00f3 [zweite Fassung])<\/h1>\n<table border=\"0\" width=\"673\" cellpadding=\"0\">\n<colgroup>\n<col style=\"width: 135pt\" width=\"180\" \/>\n<col style=\"width: 370pt\" width=\"493\" \/> <\/colgroup>\n<tbody>\n<tr style=\"height: 15.75pt\">\n<td class=\"xl24\" style=\"height: 15.75pt;width: 135pt\" width=\"180\" height=\"21\">L\u00e9trehoz\u00e1s \u00e9ve:<\/td>\n<td class=\"xl25\" style=\"width: 370pt\" width=\"493\">1912<\/td>\n<\/tr>\n<tr style=\"height: 15.75pt\">\n<td class=\"xl24\" style=\"height: 15.75pt;width: 135pt\" width=\"180\" height=\"21\">Eredeti m\u00e9ret:<\/td>\n<td class=\"xl24\" style=\"width: 370pt\" width=\"493\">162,1 cm x 111,4 cm<\/td>\n<\/tr>\n<tr style=\"height: 15.75pt\">\n<td class=\"xl24\" style=\"height: 15.75pt;width: 135pt\" width=\"180\" height=\"21\">Fest\u00e9si st\u00edlus:<\/td>\n<td class=\"xl24\" style=\"width: 370pt\" width=\"493\">Absztrakt expresszionizmus<\/td>\n<\/tr>\n<tr style=\"height: 15.75pt\">\n<td class=\"xl24\" style=\"height: 15.75pt;width: 135pt\" width=\"180\" height=\"21\">Eredeti technika:<\/td>\n<td>Olaj, v\u00e1szon<\/td>\n<\/tr>\n<tr style=\"height: 15.75pt\">\n<td class=\"xl24\" style=\"height: 15.75pt;width: 135pt\" width=\"180\" height=\"21\">Helysz\u00edn:<\/td>\n<td>Guggenheim M\u00fazeum New York<\/td>\n<\/tr>\n<\/tbody>\n<\/table>\n<p>&nbsp;<\/p>\n<p>Wassily Kandinsky Improvisation 28 (Second Version) c\u00edm\u0171 festm\u00e9nye egy dinamikus \u00e9s leny\u0171g\u00f6z\u0151 festm\u00e9ny, amely bemutatja a m\u0171v\u00e9sz egyedi st\u00edlus\u00e1t \u00e9s az absztrakci\u00f3hoz val\u00f3 hozz\u00e1\u00e1ll\u00e1s\u00e1t. Ezt az 1912-ben festett m\u0171vet Kandinszkij egyik legfontosabb alkot\u00e1sak\u00e9nt tartj\u00e1k sz\u00e1mon korai absztrakci\u00f3s id\u0151szak\u00e1b\u00f3l.<\/p>\n<p>A festm\u00e9ny olaj, v\u00e1szon, mer\u00e9sz, lend\u00fcletes kompoz\u00edci\u00f3 jellemzi, mark\u00e1ns sz\u00ednhaszn\u00e1lattal. A k\u00e9pet egy nagy fekete \u00edv uralja, amely a k\u00e9pen l\u00e1that\u00f3 kavarg\u00f3 vonalak, form\u00e1k \u00e9s sz\u00ednek k\u00f6zponti tengelye. A fekete masnit mozg\u00e1sban l\u00e9v\u0151 sz\u00ednek sokas\u00e1ga veszi k\u00f6r\u00fcl, ami mozg\u00e1s- \u00e9s energia\u00e9rzetet kelt. A sz\u00edneket vastag, impaszt\u00f3 ecsetvon\u00e1sokkal viszi fel, m\u00e9lys\u00e9g\u00e9rzetet \u00e9s mozg\u00e1st keltve.<\/p>\n<p>Az &#8220;Improviz\u00e1ci\u00f3 28&#8221; c\u00edm Kandinszkij alkot\u00f3i folyamat\u00e1nak spont\u00e1n \u00e9s intuit\u00edv jelleg\u00e9t hangs\u00falyozza. \u00dagy v\u00e9lte, hogy a m\u0171v\u00e9szetnek a m\u0171v\u00e9sz legm\u00e9lyebb \u00e9rz\u00e9seit \u00e9s \u00e9rzelmeit kell kifejeznie, nem pedig a k\u00fclvil\u00e1got. Ez a festm\u00e9ny t\u00f6k\u00e9letes p\u00e9ld\u00e1ja ennek a filoz\u00f3fi\u00e1nak, mivel a m\u0171v\u00e9sz legm\u00e9lyebb \u00e9rzelmeinek \u00e9s \u00e9rz\u00e9seinek vizu\u00e1lis megjelen\u00edt\u00e9se.<\/p>\n<p>A festm\u00e9ny fontos alkot\u00e1s az absztrakt m\u0171v\u00e9szet t\u00f6rt\u00e9net\u00e9ben, \u00e9s az absztrakci\u00f3 korai id\u0151szak\u00e1nak remekm\u0171vek\u00e9nt tartj\u00e1k sz\u00e1mon. Nemcsak eszt\u00e9tikai \u00e9rt\u00e9ke, hanem t\u00f6rt\u00e9nelmi jelent\u0151s\u00e9ge miatt is fontos m\u0171alkot\u00e1s. Ez egy nagyszer\u0171 p\u00e9lda arra, hogy egy m\u0171v\u00e9sz hogyan tudott elszakadni a hagyom\u00e1nyos reprezent\u00e1ci\u00f3s m\u0171v\u00e9szett\u0151l, \u00e9s \u00faj, kifejez\u0151bb \u00e9s \u00e9rzelmes m\u0171v\u00e9szeti form\u00e1t hozott l\u00e9tre.<\/p>\n<p>V\u00e9gezet\u00fcl hadd mondjam el, hogy az &#8220;Improviz\u00e1ci\u00f3 28 (m\u00e1sodik verzi\u00f3)&#8221; egy er\u0151teljes \u00e9s vizu\u00e1lisan leny\u0171g\u00f6z\u0151 festm\u00e9ny, amely bemutatja a m\u0171v\u00e9sz egyedi st\u00edlus\u00e1t \u00e9s az absztrakci\u00f3hoz val\u00f3 hozz\u00e1\u00e1ll\u00e1s\u00e1t. A festm\u00e9ny fontos alkot\u00e1s a m\u0171v\u00e9szett\u00f6rt\u00e9netben, \u00e9s az absztrakci\u00f3 korai id\u0151szak\u00e1nak remekm\u0171v\u00e9nek tartj\u00e1k. Ha vizu\u00e1lisan leny\u0171g\u00f6z\u0151 \u00e9s t\u00f6rt\u00e9nelmi jelent\u0151s\u00e9g\u0171 m\u0171alkot\u00e1st keres, ez a festm\u00e9ny nagyszer\u0171 v\u00e1laszt\u00e1s.<\/p>\n<p>&nbsp;<\/p>\n","protected":false},"excerpt":{"rendered":"<p>Wassily Kandinsky \u2013 28. improviz\u00e1ci\u00f3 (m\u00e1sodik verzi\u00f3) (28. improviz\u00e1ci\u00f3 [zweite Fassung]) L\u00e9trehoz\u00e1s \u00e9ve: 1912 Eredeti m\u00e9ret: 162,1 cm x 111,4 cm Fest\u00e9si st\u00edlus: Absztrakt expresszionizmus Eredeti technika: Olaj, v\u00e1szon Helysz\u00edn: Guggenheim M\u00fazeum New York &nbsp; Wassily Kandinsky Improvisation 28 (Second Version) c\u00edm\u0171 festm\u00e9nye egy dinamikus \u00e9s leny\u0171g\u00f6z\u0151 festm\u00e9ny, amely bemutatja [&hellip;]<\/p>\n","protected":false},"featured_media":49655,"template":"","meta":{"_acf_changed":false},"product_brand":[],"product_cat":[7149],"product_tag":[7172,7173,11885,11886,11887],"class_list":{"0":"post-53934","1":"product","2":"type-product","3":"status-publish","4":"has-post-thumbnail","6":"product_cat-vasilij-kandinski-hu","7":"product_tag-kandinski-hu","8":"product_tag-kandinsky-hu","9":"product_tag-painter-hu","10":"product_tag-reproduction","11":"product_tag-reproductions-hu","12":"pa_dimenzija-100-x-70-cm","13":"pa_dimenzija-120-x-80-cm","14":"pa_dimenzija-140-x-100-cm","15":"pa_dimenzija-162-x-111-cm","16":"pa_dimenzija-200-x-140-cm","17":"pa_dimenzija-60-x-40-cm","18":"pa_dimenzija-70-x-50-cm","19":"pa_dimenzija-90-x-60-cm","20":"pa_oblika-vizszintes","21":"pa_okvir-nincs-keret","22":"pa_podokvir-igen","23":"pa_podokvir-nem","25":"first","26":"onbackorder","27":"purchasable","28":"product-type-variable","29":"has-default-attributes"},"acf":[],"yoast_head":"<!-- This site is optimized with the Yoast SEO Premium plugin v26.0 (Yoast SEO v27.2) - https:\/\/yoast.com\/product\/yoast-seo-premium-wordpress\/ -->\n<title>Vasilij Kandinski - Improvisation 28 (second version) (Improvisation 28 [zweite Fassung]) - SVETSLIK.SI - 100% k\u00e9zzel festett<\/title>\n<meta name=\"description\" content=\"Vasilij Kandinski - Improvisation 28 (second version) (Improvisation 28 [zweite Fassung]) - 100% k\u00e9zzel festett h\u00edres festm\u00e9nyek reprodukci\u00f3i. Festm\u00e9nyek keretez\u00e9se, elad\u00e1sa \u00e9s egyedi rendel\u00e9sre t\u00f6rt\u00e9n\u0151 v\u00e1szonk\u00e9pek k\u00e9sz\u00edt\u00e9se.\" \/>\n<meta name=\"robots\" content=\"index, follow, max-snippet:-1, max-image-preview:large, max-video-preview:-1\" \/>\n<link rel=\"canonical\" href=\"https:\/\/svetslik.si\/hu\/vasilij-kandinski-hu\/improvisation-28-second-version-improvisation-28-zweite-fassung\/\" \/>\n<meta property=\"og:locale\" content=\"hu_HU\" \/>\n<meta property=\"og:type\" content=\"article\" \/>\n<meta property=\"og:title\" content=\"Vasilij Kandinski - Improvisation 28 (second version) (Improvisation 28 [zweite Fassung])\" \/>\n<meta property=\"og:description\" content=\"100% ro\u010dno naslikane slike na platnu, reprodukcije znanih slikarjev in umetni\u0161ke slike po naro\u010dilu.\" \/>\n<meta property=\"og:url\" content=\"https:\/\/svetslik.si\/hu\/vasilij-kandinski-hu\/improvisation-28-second-version-improvisation-28-zweite-fassung\/\" \/>\n<meta property=\"og:site_name\" content=\"SVETSLIK.SI\" \/>\n<meta property=\"article:publisher\" content=\"https:\/\/www.facebook.com\/svetslik.si\" \/>\n<meta property=\"article:modified_time\" content=\"2026-03-22T20:43:45+00:00\" \/>\n<meta property=\"og:image\" content=\"https:\/\/svetslik.si\/wp-content\/uploads\/2021\/08\/image_Improvisation-28-second-version-Improvisation-28-zweite-Fassung_680-scaled.jpg\" \/>\n\t<meta property=\"og:image:width\" content=\"2560\" \/>\n\t<meta property=\"og:image:height\" content=\"1733\" \/>\n\t<meta property=\"og:image:type\" content=\"image\/jpeg\" \/>\n<meta name=\"twitter:card\" content=\"summary_large_image\" \/>\n<meta name=\"twitter:site\" content=\"@svetslik\" \/>\n<meta name=\"twitter:label1\" content=\"El\u00e9rhet\u0151s\u00e9g\" \/>\n\t<meta name=\"twitter:data1\" content=\"Beszerz\u00e9s alatt\" \/>\n<script type=\"application\/ld+json\" class=\"yoast-schema-graph\">{\"@context\":\"https:\/\/schema.org\",\"@graph\":[{\"@type\":[\"WebPage\",\"ItemPage\"],\"@id\":\"https:\/\/svetslik.si\/hu\/vasilij-kandinski-hu\/improvisation-28-second-version-improvisation-28-zweite-fassung\/\",\"url\":\"https:\/\/svetslik.si\/hu\/vasilij-kandinski-hu\/improvisation-28-second-version-improvisation-28-zweite-fassung\/\",\"name\":\"Vasilij Kandinski - Improvisation 28 (second version) (Improvisation 28 [zweite Fassung]) - SVETSLIK.SI - 100% k\u00e9zzel festett\",\"isPartOf\":{\"@id\":\"https:\/\/svetslik.si\/hu\/#website\"},\"primaryImageOfPage\":{\"@id\":\"https:\/\/svetslik.si\/hu\/vasilij-kandinski-hu\/improvisation-28-second-version-improvisation-28-zweite-fassung\/#primaryimage\"},\"image\":{\"@id\":\"https:\/\/svetslik.si\/hu\/vasilij-kandinski-hu\/improvisation-28-second-version-improvisation-28-zweite-fassung\/#primaryimage\"},\"thumbnailUrl\":\"https:\/\/svetslik.si\/wp-content\/uploads\/2021\/08\/image_Improvisation-28-second-version-Improvisation-28-zweite-Fassung_680-scaled.jpg\",\"datePublished\":\"2021-09-02T15:57:09+00:00\",\"dateModified\":\"2026-03-22T20:43:45+00:00\",\"description\":\"Vasilij Kandinski - Improvisation 28 (second version) (Improvisation 28 [zweite Fassung]) - 100% k\u00e9zzel festett h\u00edres festm\u00e9nyek reprodukci\u00f3i. Festm\u00e9nyek keretez\u00e9se, elad\u00e1sa \u00e9s egyedi rendel\u00e9sre t\u00f6rt\u00e9n\u0151 v\u00e1szonk\u00e9pek k\u00e9sz\u00edt\u00e9se.\",\"breadcrumb\":{\"@id\":\"https:\/\/svetslik.si\/hu\/vasilij-kandinski-hu\/improvisation-28-second-version-improvisation-28-zweite-fassung\/#breadcrumb\"},\"inLanguage\":\"hu\",\"potentialAction\":[{\"@type\":\"ReadAction\",\"target\":[\"https:\/\/svetslik.si\/hu\/vasilij-kandinski-hu\/improvisation-28-second-version-improvisation-28-zweite-fassung\/\"]}]},{\"@type\":\"ImageObject\",\"inLanguage\":\"hu\",\"@id\":\"https:\/\/svetslik.si\/hu\/vasilij-kandinski-hu\/improvisation-28-second-version-improvisation-28-zweite-fassung\/#primaryimage\",\"url\":\"https:\/\/svetslik.si\/wp-content\/uploads\/2021\/08\/image_Improvisation-28-second-version-Improvisation-28-zweite-Fassung_680-scaled.jpg\",\"contentUrl\":\"https:\/\/svetslik.si\/wp-content\/uploads\/2021\/08\/image_Improvisation-28-second-version-Improvisation-28-zweite-Fassung_680-scaled.jpg\",\"width\":2560,\"height\":1733,\"caption\":\"Vasilij Kandinski - Improvisation 28 (second version) (Improvisation 28 [zweite Fassung]) - Improviz\u00e1ci\u00f3 28 (m\u00e1sodik verzi\u00f3) - REPRODUKCI\u00d3I - V\u00e1szonk\u00e9p - Festm\u00e9nyek reprodukci\u00f3i - Absztrakt Festm\u00e9ny - Modern Festm\u00e9ny - Realisztikus Festm\u00e9ny - Olajfestm\u00e9ny - Falik\u00e9p\"},{\"@type\":\"BreadcrumbList\",\"@id\":\"https:\/\/svetslik.si\/hu\/vasilij-kandinski-hu\/improvisation-28-second-version-improvisation-28-zweite-fassung\/#breadcrumb\",\"itemListElement\":[{\"@type\":\"ListItem\",\"position\":1,\"name\":\"Wall art and paintings on canvas\",\"item\":\"https:\/\/svetslik.si\/hu\/\"},{\"@type\":\"ListItem\",\"position\":2,\"name\":\"Festm\u00e9nyek elad\u00e1sa\",\"item\":\"https:\/\/svetslik.si\/prodaja-slik\/\"},{\"@type\":\"ListItem\",\"position\":3,\"name\":\"Vasilij Kandinski &#8211; Improvisation 28 (second version) (Improvisation 28 [zweite Fassung])\"}]},{\"@type\":\"WebSite\",\"@id\":\"https:\/\/svetslik.si\/hu\/#website\",\"url\":\"https:\/\/svetslik.si\/hu\/\",\"name\":\"SVETSLIK.SI\",\"description\":\"100%-ban k\u00e9zzel festett reprodukci\u00f3k h\u00edres fest\u0151k festm\u00e9nyeir\u0151l \u00e9s festm\u00e9nyekr\u0151l v\u00e1szonra.\",\"publisher\":{\"@id\":\"https:\/\/svetslik.si\/hu\/#organization\"},\"potentialAction\":[{\"@type\":\"SearchAction\",\"target\":{\"@type\":\"EntryPoint\",\"urlTemplate\":\"https:\/\/svetslik.si\/hu\/?s={search_term_string}\"},\"query-input\":{\"@type\":\"PropertyValueSpecification\",\"valueRequired\":true,\"valueName\":\"search_term_string\"}}],\"inLanguage\":\"hu\"},{\"@type\":\"Organization\",\"@id\":\"https:\/\/svetslik.si\/hu\/#organization\",\"name\":\"SvetSlik.si\",\"url\":\"https:\/\/svetslik.si\/hu\/\",\"logo\":{\"@type\":\"ImageObject\",\"inLanguage\":\"hu\",\"@id\":\"https:\/\/svetslik.si\/hu\/#\/schema\/logo\/image\/\",\"url\":\"https:\/\/svetslik.si\/wp-content\/uploads\/2020\/12\/logo-512.png\",\"contentUrl\":\"https:\/\/svetslik.si\/wp-content\/uploads\/2020\/12\/logo-512.png\",\"width\":512,\"height\":512,\"caption\":\"SvetSlik.si\"},\"image\":{\"@id\":\"https:\/\/svetslik.si\/hu\/#\/schema\/logo\/image\/\"},\"sameAs\":[\"https:\/\/www.facebook.com\/svetslik.si\",\"https:\/\/x.com\/svetslik\",\"https:\/\/www.instagram.com\/svetslik.si\/\",\"https:\/\/www.linkedin.com\/company\/svetslik-si\"]}]}<\/script>\n<meta property=\"og:availability\" content=\"backorder\" \/>\n<meta property=\"product:availability\" content=\"available for order\" \/>\n<meta property=\"product:retailer_item_id\" content=\"316__\" \/>\n<meta property=\"product:condition\" content=\"new\" \/>\n<!-- \/ Yoast SEO Premium plugin. -->","yoast_head_json":{"title":"Vasilij Kandinski - Improvisation 28 (second version) (Improvisation 28 [zweite Fassung]) - SVETSLIK.SI - 100% k\u00e9zzel festett","description":"Vasilij Kandinski - Improvisation 28 (second version) (Improvisation 28 [zweite Fassung]) - 100% k\u00e9zzel festett h\u00edres festm\u00e9nyek reprodukci\u00f3i. Festm\u00e9nyek keretez\u00e9se, elad\u00e1sa \u00e9s egyedi rendel\u00e9sre t\u00f6rt\u00e9n\u0151 v\u00e1szonk\u00e9pek k\u00e9sz\u00edt\u00e9se.","robots":{"index":"index","follow":"follow","max-snippet":"max-snippet:-1","max-image-preview":"max-image-preview:large","max-video-preview":"max-video-preview:-1"},"canonical":"https:\/\/svetslik.si\/hu\/vasilij-kandinski-hu\/improvisation-28-second-version-improvisation-28-zweite-fassung\/","og_locale":"hu_HU","og_type":"article","og_title":"Vasilij Kandinski - Improvisation 28 (second version) (Improvisation 28 [zweite Fassung])","og_description":"100% ro\u010dno naslikane slike na platnu, reprodukcije znanih slikarjev in umetni\u0161ke slike po naro\u010dilu.","og_url":"https:\/\/svetslik.si\/hu\/vasilij-kandinski-hu\/improvisation-28-second-version-improvisation-28-zweite-fassung\/","og_site_name":"SVETSLIK.SI","article_publisher":"https:\/\/www.facebook.com\/svetslik.si","article_modified_time":"2026-03-22T20:43:45+00:00","og_image":[{"width":2560,"height":1733,"url":"https:\/\/svetslik.si\/wp-content\/uploads\/2021\/08\/image_Improvisation-28-second-version-Improvisation-28-zweite-Fassung_680-scaled.jpg","type":"image\/jpeg"}],"twitter_card":"summary_large_image","twitter_site":"@svetslik","twitter_misc":{"El\u00e9rhet\u0151s\u00e9g":"Beszerz\u00e9s alatt"},"schema":{"@context":"https:\/\/schema.org","@graph":[{"@type":["WebPage","ItemPage"],"@id":"https:\/\/svetslik.si\/hu\/vasilij-kandinski-hu\/improvisation-28-second-version-improvisation-28-zweite-fassung\/","url":"https:\/\/svetslik.si\/hu\/vasilij-kandinski-hu\/improvisation-28-second-version-improvisation-28-zweite-fassung\/","name":"Vasilij Kandinski - Improvisation 28 (second version) (Improvisation 28 [zweite Fassung]) - SVETSLIK.SI - 100% k\u00e9zzel festett","isPartOf":{"@id":"https:\/\/svetslik.si\/hu\/#website"},"primaryImageOfPage":{"@id":"https:\/\/svetslik.si\/hu\/vasilij-kandinski-hu\/improvisation-28-second-version-improvisation-28-zweite-fassung\/#primaryimage"},"image":{"@id":"https:\/\/svetslik.si\/hu\/vasilij-kandinski-hu\/improvisation-28-second-version-improvisation-28-zweite-fassung\/#primaryimage"},"thumbnailUrl":"https:\/\/svetslik.si\/wp-content\/uploads\/2021\/08\/image_Improvisation-28-second-version-Improvisation-28-zweite-Fassung_680-scaled.jpg","datePublished":"2021-09-02T15:57:09+00:00","dateModified":"2026-03-22T20:43:45+00:00","description":"Vasilij Kandinski - Improvisation 28 (second version) (Improvisation 28 [zweite Fassung]) - 100% k\u00e9zzel festett h\u00edres festm\u00e9nyek reprodukci\u00f3i. Festm\u00e9nyek keretez\u00e9se, elad\u00e1sa \u00e9s egyedi rendel\u00e9sre t\u00f6rt\u00e9n\u0151 v\u00e1szonk\u00e9pek k\u00e9sz\u00edt\u00e9se.","breadcrumb":{"@id":"https:\/\/svetslik.si\/hu\/vasilij-kandinski-hu\/improvisation-28-second-version-improvisation-28-zweite-fassung\/#breadcrumb"},"inLanguage":"hu","potentialAction":[{"@type":"ReadAction","target":["https:\/\/svetslik.si\/hu\/vasilij-kandinski-hu\/improvisation-28-second-version-improvisation-28-zweite-fassung\/"]}]},{"@type":"ImageObject","inLanguage":"hu","@id":"https:\/\/svetslik.si\/hu\/vasilij-kandinski-hu\/improvisation-28-second-version-improvisation-28-zweite-fassung\/#primaryimage","url":"https:\/\/svetslik.si\/wp-content\/uploads\/2021\/08\/image_Improvisation-28-second-version-Improvisation-28-zweite-Fassung_680-scaled.jpg","contentUrl":"https:\/\/svetslik.si\/wp-content\/uploads\/2021\/08\/image_Improvisation-28-second-version-Improvisation-28-zweite-Fassung_680-scaled.jpg","width":2560,"height":1733,"caption":"Vasilij Kandinski - Improvisation 28 (second version) (Improvisation 28 [zweite Fassung]) - Improviz\u00e1ci\u00f3 28 (m\u00e1sodik verzi\u00f3) - REPRODUKCI\u00d3I - V\u00e1szonk\u00e9p - Festm\u00e9nyek reprodukci\u00f3i - Absztrakt Festm\u00e9ny - Modern Festm\u00e9ny - Realisztikus Festm\u00e9ny - Olajfestm\u00e9ny - Falik\u00e9p"},{"@type":"BreadcrumbList","@id":"https:\/\/svetslik.si\/hu\/vasilij-kandinski-hu\/improvisation-28-second-version-improvisation-28-zweite-fassung\/#breadcrumb","itemListElement":[{"@type":"ListItem","position":1,"name":"Wall art and paintings on canvas","item":"https:\/\/svetslik.si\/hu\/"},{"@type":"ListItem","position":2,"name":"Festm\u00e9nyek elad\u00e1sa","item":"https:\/\/svetslik.si\/prodaja-slik\/"},{"@type":"ListItem","position":3,"name":"Vasilij Kandinski &#8211; Improvisation 28 (second version) (Improvisation 28 [zweite Fassung])"}]},{"@type":"WebSite","@id":"https:\/\/svetslik.si\/hu\/#website","url":"https:\/\/svetslik.si\/hu\/","name":"SVETSLIK.SI","description":"100%-ban k\u00e9zzel festett reprodukci\u00f3k h\u00edres fest\u0151k festm\u00e9nyeir\u0151l \u00e9s festm\u00e9nyekr\u0151l v\u00e1szonra.","publisher":{"@id":"https:\/\/svetslik.si\/hu\/#organization"},"potentialAction":[{"@type":"SearchAction","target":{"@type":"EntryPoint","urlTemplate":"https:\/\/svetslik.si\/hu\/?s={search_term_string}"},"query-input":{"@type":"PropertyValueSpecification","valueRequired":true,"valueName":"search_term_string"}}],"inLanguage":"hu"},{"@type":"Organization","@id":"https:\/\/svetslik.si\/hu\/#organization","name":"SvetSlik.si","url":"https:\/\/svetslik.si\/hu\/","logo":{"@type":"ImageObject","inLanguage":"hu","@id":"https:\/\/svetslik.si\/hu\/#\/schema\/logo\/image\/","url":"https:\/\/svetslik.si\/wp-content\/uploads\/2020\/12\/logo-512.png","contentUrl":"https:\/\/svetslik.si\/wp-content\/uploads\/2020\/12\/logo-512.png","width":512,"height":512,"caption":"SvetSlik.si"},"image":{"@id":"https:\/\/svetslik.si\/hu\/#\/schema\/logo\/image\/"},"sameAs":["https:\/\/www.facebook.com\/svetslik.si","https:\/\/x.com\/svetslik","https:\/\/www.instagram.com\/svetslik.si\/","https:\/\/www.linkedin.com\/company\/svetslik-si"]}]},"og_availability":"backorder","product_availability":"available for order","product_retailer_item_id":"316__","product_condition":"new"},"jetpack_sharing_enabled":true,"_links":{"self":[{"href":"https:\/\/svetslik.si\/hu\/wp-json\/wp\/v2\/product\/53934","targetHints":{"allow":["GET"]}}],"collection":[{"href":"https:\/\/svetslik.si\/hu\/wp-json\/wp\/v2\/product"}],"about":[{"href":"https:\/\/svetslik.si\/hu\/wp-json\/wp\/v2\/types\/product"}],"wp:featuredmedia":[{"embeddable":true,"href":"https:\/\/svetslik.si\/hu\/wp-json\/wp\/v2\/media\/49655"}],"wp:attachment":[{"href":"https:\/\/svetslik.si\/hu\/wp-json\/wp\/v2\/media?parent=53934"}],"wp:term":[{"taxonomy":"product_brand","embeddable":true,"href":"https:\/\/svetslik.si\/hu\/wp-json\/wp\/v2\/product_brand?post=53934"},{"taxonomy":"product_cat","embeddable":true,"href":"https:\/\/svetslik.si\/hu\/wp-json\/wp\/v2\/product_cat?post=53934"},{"taxonomy":"product_tag","embeddable":true,"href":"https:\/\/svetslik.si\/hu\/wp-json\/wp\/v2\/product_tag?post=53934"}],"curies":[{"name":"wp","href":"https:\/\/api.w.org\/{rel}","templated":true}]}}