{"id":53952,"date":"2021-09-02T17:57:21","date_gmt":"2021-09-02T15:57:21","guid":{"rendered":"https:\/\/svetslik.si\/nem-kategorizalt\/painting-with-white-border-moscow-bild-mit-weisem-rand-moskau\/"},"modified":"2026-03-22T21:44:22","modified_gmt":"2026-03-22T20:44:22","slug":"painting-with-white-border-moscow-bild-mit-weisem-rand-moskau","status":"publish","type":"product","link":"https:\/\/svetslik.si\/hu\/vasilij-kandinski-hu\/painting-with-white-border-moscow-bild-mit-weisem-rand-moskau\/","title":{"rendered":"Vasilij Kandinski &#8211; Painting with White Border (Moscow) (Bild mit wei\u00dfem Rand [Moskau])"},"content":{"rendered":"<h1>Vaszilij Kandinszkij \u2013 Festm\u00e9ny feh\u00e9r szeg\u00e9llyel (Moszkva) (Bild mit whitem Rand [Moskau])<\/h1>\n<p>&nbsp;<\/p>\n<table style=\"width: 673px\" border=\"0\" width=\"673\" cellpadding=\"0\">\n<tbody>\n<tr>\n<td style=\"width: 180px;height: 21px\" height=\"21\">L\u00e9trehoz\u00e1s \u00e9ve:<\/td>\n<td style=\"width: 493px\">1913<\/td>\n<\/tr>\n<tr>\n<td style=\"width: 180px;height: 21px\" height=\"21\">Eredeti m\u00e9ret:<\/td>\n<td style=\"width: 493px\">200,3 cm x 140,3 cm<\/td>\n<\/tr>\n<tr>\n<td style=\"width: 180px;height: 21px\" height=\"21\">Fest\u00e9si st\u00edlus:<\/td>\n<td style=\"width: 493px\">Absztrakt m\u0171v\u00e9szet<\/td>\n<\/tr>\n<tr>\n<td style=\"width: 180px;height: 21px\" height=\"21\">Eredeti technika:<\/td>\n<td>Olaj, v\u00e1szon<\/td>\n<\/tr>\n<tr>\n<td style=\"width: 180px;height: 21px\" height=\"21\">Helysz\u00edn:<\/td>\n<td>Guggenheim M\u00fazeum, New York<\/td>\n<\/tr>\n<\/tbody>\n<colgroup>\n<col \/>\n<col \/> <\/colgroup>\n<\/table>\n<p>&nbsp;<\/p>\n<p>Wassily Kandinsky az absztrakt m\u0171v\u00e9szet fejl\u0151d\u00e9s\u00e9nek egyik legfontosabb alakja. Egyik legfontosabb munk\u00e1ja a &#8220;K\u00e9p feh\u00e9r sz\u00e9llel (Moszkva) (Bild mit weiwei Rand [Moskau])&#8221;, amely jelenleg a moszkvai \u00c1llami Tretyakov Gal\u00e9ria gy\u0171jtem\u00e9ny\u00e9ben tal\u00e1lhat\u00f3.<\/p>\n<p>Ez a festm\u00e9ny kiv\u00e1l\u00f3 p\u00e9ld\u00e1ja Kandinszkij \u00e9rett absztrakci\u00f3s st\u00edlus\u00e1nak, amelyet mer\u00e9sz \u00e9s dinamikus kompoz\u00edci\u00f3k jellemeznek. A festm\u00e9ny t\u00falnyom\u00f3r\u00e9szt feh\u00e9r, sz\u00fcrke \u00e9s fekete \u00e1rnyalatokb\u00f3l \u00e1ll, felt\u0171n\u0151 feh\u00e9r szeg\u00e9llyel keretezi az alkot\u00e1st. A feh\u00e9r haszn\u00e1lata ezen a festm\u00e9nyen k\u00fcl\u00f6n\u00f6sen szembe\u00f6tl\u0151, mivel egyszerre kontrasztja \u00e9s kiemeli a t\u00f6bbi sz\u00ednt.<\/p>\n<p>Kandinsky sz\u00ednhaszn\u00e1lata is \u00e9szrevehet\u0151 ezen a festm\u00e9nyen. \u00dagy v\u00e9lte, hogy a sz\u00ednek \u00e9rzelmeket \u00e9s \u00e9rz\u00e9seket v\u00e1ltanak ki a n\u00e9z\u0151ben, \u00e9s ezen a festm\u00e9nyen a s\u00f6t\u00e9t \u00e9s vil\u00e1gos \u00e1rnyalatok haszn\u00e1lata mozg\u00e1s- \u00e9s fesz\u00fclts\u00e9g\u00e9rzetet kelt. Ezt tov\u00e1bb hangs\u00falyozz\u00e1k a geometriai form\u00e1k \u00e9s form\u00e1k alkalmaz\u00e1sa, amelyek dinamikus energia \u00e9rzetet adnak a m\u0171nek.<\/p>\n<p>Ez a festm\u00e9ny nagyszer\u0171 p\u00e9ld\u00e1ja Kandinsky azon k\u00e9pess\u00e9g\u00e9nek, hogy absztrakt kompoz\u00edci\u00f3kat hozzon l\u00e9tre, amelyek mozg\u00e1s \u00e9s \u00e9rzelmek \u00e9rzet\u00e9t keltik. A festm\u00e9ny k\u00f6telez\u0151 mindenkinek, aki \u00e9rdekl\u0151dik az absztrakt m\u0171v\u00e9szet fejl\u0151d\u00e9se \u00e9s ennek az \u00fatt\u00f6r\u0151 m\u0171v\u00e9sznek a munk\u00e1ja ir\u00e1nt. Ez a t\u00f6k\u00e9letes darab minden m\u0171v\u00e9szetkedvel\u0151nek, aki absztrakt festm\u00e9nyt keres gy\u0171jtem\u00e9ny\u00e9hez, valamint azoknak, akik szeretn\u00e9k \u00e9rdekesebb\u00e9 \u00e9s modernebb\u00e9 tenni nappalijukat.<\/p>\n<p>\u00d6sszess\u00e9g\u00e9ben a &#8220;The Picture with a White Edge (Moszkva) (Bild mit wieim Rand [Moskau])&#8221; egy fontos m\u0171alkot\u00e1s, amely ma is leny\u0171g\u00f6zi a k\u00f6z\u00f6ns\u00e9get mer\u00e9sz kompoz\u00edci\u00f3j\u00e1val \u00e9s er\u0151teljes sz\u00ednhaszn\u00e1lat\u00e1val. Nagyszer\u0171 v\u00e1laszt\u00e1s mindazok sz\u00e1m\u00e1ra, akik egy meglep\u0151 \u00e9s elgondolkodtat\u00f3 absztrakt m\u0171v\u00e9szettel szeretn\u00e9nek otthont adni.<\/p>\n","protected":false},"excerpt":{"rendered":"<p>Vaszilij Kandinszkij \u2013 Festm\u00e9ny feh\u00e9r szeg\u00e9llyel (Moszkva) (Bild mit whitem Rand [Moskau]) &nbsp; L\u00e9trehoz\u00e1s \u00e9ve: 1913 Eredeti m\u00e9ret: 200,3 cm x 140,3 cm Fest\u00e9si st\u00edlus: Absztrakt m\u0171v\u00e9szet Eredeti technika: Olaj, v\u00e1szon Helysz\u00edn: Guggenheim M\u00fazeum, New York &nbsp; Wassily Kandinsky az absztrakt m\u0171v\u00e9szet fejl\u0151d\u00e9s\u00e9nek egyik legfontosabb alakja. Egyik legfontosabb munk\u00e1ja a [&hellip;]<\/p>\n","protected":false},"featured_media":49885,"template":"","meta":{"_acf_changed":false},"product_brand":[],"product_cat":[7149],"product_tag":[7172,7173,11885,11886,11887],"class_list":{"0":"post-53952","1":"product","2":"type-product","3":"status-publish","4":"has-post-thumbnail","6":"product_cat-vasilij-kandinski-hu","7":"product_tag-kandinski-hu","8":"product_tag-kandinsky-hu","9":"product_tag-painter-hu","10":"product_tag-reproduction","11":"product_tag-reproductions-hu","12":"pa_dimenzija-100-x-70-cm","13":"pa_dimenzija-120-x-80-cm","14":"pa_dimenzija-140-x-100-cm","15":"pa_dimenzija-160-x-110-cm","16":"pa_dimenzija-180-x-130-cm","17":"pa_dimenzija-200-x-140-cm","18":"pa_dimenzija-70-x-50-cm","19":"pa_dimenzija-90-x-60-cm","20":"pa_oblika-vizszintes","21":"pa_okvir-nincs-keret","22":"pa_podokvir-igen","23":"pa_podokvir-nem","25":"first","26":"onbackorder","27":"purchasable","28":"product-type-variable","29":"has-default-attributes"},"acf":[],"yoast_head":"<!-- This site is optimized with the Yoast SEO Premium plugin v26.0 (Yoast SEO v27.2) - https:\/\/yoast.com\/product\/yoast-seo-premium-wordpress\/ -->\n<title>Vasilij Kandinski - Painting with White Border (Moscow) (Bild mit wei\u00dfem Rand [Moskau]) - SVETSLIK.SI - 100% k\u00e9zzel festett<\/title>\n<meta name=\"description\" content=\"Vasilij Kandinski - Painting with White Border (Moscow) (Bild mit wei\u00dfem Rand [Moskau]) - 100% k\u00e9zzel festett h\u00edres festm\u00e9nyek reprodukci\u00f3i. Festm\u00e9nyek keretez\u00e9se, elad\u00e1sa \u00e9s egyedi rendel\u00e9sre t\u00f6rt\u00e9n\u0151 v\u00e1szonk\u00e9pek k\u00e9sz\u00edt\u00e9se.\" \/>\n<meta name=\"robots\" content=\"index, follow, max-snippet:-1, max-image-preview:large, max-video-preview:-1\" \/>\n<link rel=\"canonical\" href=\"https:\/\/svetslik.si\/hu\/vasilij-kandinski-hu\/painting-with-white-border-moscow-bild-mit-weisem-rand-moskau\/\" \/>\n<meta property=\"og:locale\" content=\"hu_HU\" \/>\n<meta property=\"og:type\" content=\"article\" \/>\n<meta property=\"og:title\" content=\"Vasilij Kandinski - Painting with White Border (Moscow) (Bild mit wei\u00dfem Rand [Moskau])\" \/>\n<meta property=\"og:description\" content=\"100% ro\u010dno naslikane slike na platnu, reprodukcije znanih slikarjev in umetni\u0161ke slike po naro\u010dilu.\" \/>\n<meta property=\"og:url\" content=\"https:\/\/svetslik.si\/hu\/vasilij-kandinski-hu\/painting-with-white-border-moscow-bild-mit-weisem-rand-moskau\/\" \/>\n<meta property=\"og:site_name\" content=\"SVETSLIK.SI\" \/>\n<meta property=\"article:publisher\" content=\"https:\/\/www.facebook.com\/svetslik.si\" \/>\n<meta property=\"article:modified_time\" content=\"2026-03-22T20:44:22+00:00\" \/>\n<meta property=\"og:image\" content=\"https:\/\/svetslik.si\/wp-content\/uploads\/2021\/08\/image_Painting-with-White-Border-Moscow-Bild-mit-weiem-Rand-Moskau_680.jpg\" \/>\n\t<meta property=\"og:image:width\" content=\"1800\" \/>\n\t<meta property=\"og:image:height\" content=\"1265\" \/>\n\t<meta property=\"og:image:type\" content=\"image\/jpeg\" \/>\n<meta name=\"twitter:card\" content=\"summary_large_image\" \/>\n<meta name=\"twitter:site\" content=\"@svetslik\" \/>\n<meta name=\"twitter:label1\" content=\"El\u00e9rhet\u0151s\u00e9g\" \/>\n\t<meta name=\"twitter:data1\" content=\"Beszerz\u00e9s alatt\" \/>\n<script type=\"application\/ld+json\" class=\"yoast-schema-graph\">{\"@context\":\"https:\/\/schema.org\",\"@graph\":[{\"@type\":[\"WebPage\",\"ItemPage\"],\"@id\":\"https:\/\/svetslik.si\/hu\/vasilij-kandinski-hu\/painting-with-white-border-moscow-bild-mit-weisem-rand-moskau\/\",\"url\":\"https:\/\/svetslik.si\/hu\/vasilij-kandinski-hu\/painting-with-white-border-moscow-bild-mit-weisem-rand-moskau\/\",\"name\":\"Vasilij Kandinski - Painting with White Border (Moscow) (Bild mit wei\u00dfem Rand [Moskau]) - SVETSLIK.SI - 100% k\u00e9zzel festett\",\"isPartOf\":{\"@id\":\"https:\/\/svetslik.si\/hu\/#website\"},\"primaryImageOfPage\":{\"@id\":\"https:\/\/svetslik.si\/hu\/vasilij-kandinski-hu\/painting-with-white-border-moscow-bild-mit-weisem-rand-moskau\/#primaryimage\"},\"image\":{\"@id\":\"https:\/\/svetslik.si\/hu\/vasilij-kandinski-hu\/painting-with-white-border-moscow-bild-mit-weisem-rand-moskau\/#primaryimage\"},\"thumbnailUrl\":\"https:\/\/svetslik.si\/wp-content\/uploads\/2021\/08\/image_Painting-with-White-Border-Moscow-Bild-mit-weiem-Rand-Moskau_680.jpg\",\"datePublished\":\"2021-09-02T15:57:21+00:00\",\"dateModified\":\"2026-03-22T20:44:22+00:00\",\"description\":\"Vasilij Kandinski - Painting with White Border (Moscow) (Bild mit wei\u00dfem Rand [Moskau]) - 100% k\u00e9zzel festett h\u00edres festm\u00e9nyek reprodukci\u00f3i. Festm\u00e9nyek keretez\u00e9se, elad\u00e1sa \u00e9s egyedi rendel\u00e9sre t\u00f6rt\u00e9n\u0151 v\u00e1szonk\u00e9pek k\u00e9sz\u00edt\u00e9se.\",\"breadcrumb\":{\"@id\":\"https:\/\/svetslik.si\/hu\/vasilij-kandinski-hu\/painting-with-white-border-moscow-bild-mit-weisem-rand-moskau\/#breadcrumb\"},\"inLanguage\":\"hu\",\"potentialAction\":[{\"@type\":\"ReadAction\",\"target\":[\"https:\/\/svetslik.si\/hu\/vasilij-kandinski-hu\/painting-with-white-border-moscow-bild-mit-weisem-rand-moskau\/\"]}]},{\"@type\":\"ImageObject\",\"inLanguage\":\"hu\",\"@id\":\"https:\/\/svetslik.si\/hu\/vasilij-kandinski-hu\/painting-with-white-border-moscow-bild-mit-weisem-rand-moskau\/#primaryimage\",\"url\":\"https:\/\/svetslik.si\/wp-content\/uploads\/2021\/08\/image_Painting-with-White-Border-Moscow-Bild-mit-weiem-Rand-Moskau_680.jpg\",\"contentUrl\":\"https:\/\/svetslik.si\/wp-content\/uploads\/2021\/08\/image_Painting-with-White-Border-Moscow-Bild-mit-weiem-Rand-Moskau_680.jpg\",\"width\":1800,\"height\":1265,\"caption\":\"Vasilij Kandinski - Painting with White Border (Moscow) (Bild mit wei\u00dfem Rand [Moskau]) - Vasilij Kandinski - Festm\u00e9ny feh\u00e9r kerettel (Moszkva) - REPRODUKCI\u00d3I - V\u00e1szonk\u00e9p - Festm\u00e9nyek reprodukci\u00f3i - Absztrakt Festm\u00e9ny - Modern Festm\u00e9ny - Realisztikus Festm\u00e9ny - Olajfestm\u00e9ny - Falik\u00e9p\"},{\"@type\":\"BreadcrumbList\",\"@id\":\"https:\/\/svetslik.si\/hu\/vasilij-kandinski-hu\/painting-with-white-border-moscow-bild-mit-weisem-rand-moskau\/#breadcrumb\",\"itemListElement\":[{\"@type\":\"ListItem\",\"position\":1,\"name\":\"Wall art and paintings on canvas\",\"item\":\"https:\/\/svetslik.si\/hu\/\"},{\"@type\":\"ListItem\",\"position\":2,\"name\":\"Festm\u00e9nyek elad\u00e1sa\",\"item\":\"https:\/\/svetslik.si\/prodaja-slik\/\"},{\"@type\":\"ListItem\",\"position\":3,\"name\":\"Vasilij Kandinski &#8211; Painting with White Border (Moscow) (Bild mit wei\u00dfem Rand [Moskau])\"}]},{\"@type\":\"WebSite\",\"@id\":\"https:\/\/svetslik.si\/hu\/#website\",\"url\":\"https:\/\/svetslik.si\/hu\/\",\"name\":\"SVETSLIK.SI\",\"description\":\"100%-ban k\u00e9zzel festett reprodukci\u00f3k h\u00edres fest\u0151k festm\u00e9nyeir\u0151l \u00e9s festm\u00e9nyekr\u0151l v\u00e1szonra.\",\"publisher\":{\"@id\":\"https:\/\/svetslik.si\/hu\/#organization\"},\"potentialAction\":[{\"@type\":\"SearchAction\",\"target\":{\"@type\":\"EntryPoint\",\"urlTemplate\":\"https:\/\/svetslik.si\/hu\/?s={search_term_string}\"},\"query-input\":{\"@type\":\"PropertyValueSpecification\",\"valueRequired\":true,\"valueName\":\"search_term_string\"}}],\"inLanguage\":\"hu\"},{\"@type\":\"Organization\",\"@id\":\"https:\/\/svetslik.si\/hu\/#organization\",\"name\":\"SvetSlik.si\",\"url\":\"https:\/\/svetslik.si\/hu\/\",\"logo\":{\"@type\":\"ImageObject\",\"inLanguage\":\"hu\",\"@id\":\"https:\/\/svetslik.si\/hu\/#\/schema\/logo\/image\/\",\"url\":\"https:\/\/svetslik.si\/wp-content\/uploads\/2020\/12\/logo-512.png\",\"contentUrl\":\"https:\/\/svetslik.si\/wp-content\/uploads\/2020\/12\/logo-512.png\",\"width\":512,\"height\":512,\"caption\":\"SvetSlik.si\"},\"image\":{\"@id\":\"https:\/\/svetslik.si\/hu\/#\/schema\/logo\/image\/\"},\"sameAs\":[\"https:\/\/www.facebook.com\/svetslik.si\",\"https:\/\/x.com\/svetslik\",\"https:\/\/www.instagram.com\/svetslik.si\/\",\"https:\/\/www.linkedin.com\/company\/svetslik-si\"]}]}<\/script>\n<meta property=\"og:availability\" content=\"backorder\" \/>\n<meta property=\"product:availability\" content=\"available for order\" \/>\n<meta property=\"product:retailer_item_id\" content=\"318__\" \/>\n<meta property=\"product:condition\" content=\"new\" \/>\n<!-- \/ Yoast SEO Premium plugin. -->","yoast_head_json":{"title":"Vasilij Kandinski - Painting with White Border (Moscow) (Bild mit wei\u00dfem Rand [Moskau]) - SVETSLIK.SI - 100% k\u00e9zzel festett","description":"Vasilij Kandinski - Painting with White Border (Moscow) (Bild mit wei\u00dfem Rand [Moskau]) - 100% k\u00e9zzel festett h\u00edres festm\u00e9nyek reprodukci\u00f3i. Festm\u00e9nyek keretez\u00e9se, elad\u00e1sa \u00e9s egyedi rendel\u00e9sre t\u00f6rt\u00e9n\u0151 v\u00e1szonk\u00e9pek k\u00e9sz\u00edt\u00e9se.","robots":{"index":"index","follow":"follow","max-snippet":"max-snippet:-1","max-image-preview":"max-image-preview:large","max-video-preview":"max-video-preview:-1"},"canonical":"https:\/\/svetslik.si\/hu\/vasilij-kandinski-hu\/painting-with-white-border-moscow-bild-mit-weisem-rand-moskau\/","og_locale":"hu_HU","og_type":"article","og_title":"Vasilij Kandinski - Painting with White Border (Moscow) (Bild mit wei\u00dfem Rand [Moskau])","og_description":"100% ro\u010dno naslikane slike na platnu, reprodukcije znanih slikarjev in umetni\u0161ke slike po naro\u010dilu.","og_url":"https:\/\/svetslik.si\/hu\/vasilij-kandinski-hu\/painting-with-white-border-moscow-bild-mit-weisem-rand-moskau\/","og_site_name":"SVETSLIK.SI","article_publisher":"https:\/\/www.facebook.com\/svetslik.si","article_modified_time":"2026-03-22T20:44:22+00:00","og_image":[{"width":1800,"height":1265,"url":"https:\/\/svetslik.si\/wp-content\/uploads\/2021\/08\/image_Painting-with-White-Border-Moscow-Bild-mit-weiem-Rand-Moskau_680.jpg","type":"image\/jpeg"}],"twitter_card":"summary_large_image","twitter_site":"@svetslik","twitter_misc":{"El\u00e9rhet\u0151s\u00e9g":"Beszerz\u00e9s alatt"},"schema":{"@context":"https:\/\/schema.org","@graph":[{"@type":["WebPage","ItemPage"],"@id":"https:\/\/svetslik.si\/hu\/vasilij-kandinski-hu\/painting-with-white-border-moscow-bild-mit-weisem-rand-moskau\/","url":"https:\/\/svetslik.si\/hu\/vasilij-kandinski-hu\/painting-with-white-border-moscow-bild-mit-weisem-rand-moskau\/","name":"Vasilij Kandinski - Painting with White Border (Moscow) (Bild mit wei\u00dfem Rand [Moskau]) - SVETSLIK.SI - 100% k\u00e9zzel festett","isPartOf":{"@id":"https:\/\/svetslik.si\/hu\/#website"},"primaryImageOfPage":{"@id":"https:\/\/svetslik.si\/hu\/vasilij-kandinski-hu\/painting-with-white-border-moscow-bild-mit-weisem-rand-moskau\/#primaryimage"},"image":{"@id":"https:\/\/svetslik.si\/hu\/vasilij-kandinski-hu\/painting-with-white-border-moscow-bild-mit-weisem-rand-moskau\/#primaryimage"},"thumbnailUrl":"https:\/\/svetslik.si\/wp-content\/uploads\/2021\/08\/image_Painting-with-White-Border-Moscow-Bild-mit-weiem-Rand-Moskau_680.jpg","datePublished":"2021-09-02T15:57:21+00:00","dateModified":"2026-03-22T20:44:22+00:00","description":"Vasilij Kandinski - Painting with White Border (Moscow) (Bild mit wei\u00dfem Rand [Moskau]) - 100% k\u00e9zzel festett h\u00edres festm\u00e9nyek reprodukci\u00f3i. Festm\u00e9nyek keretez\u00e9se, elad\u00e1sa \u00e9s egyedi rendel\u00e9sre t\u00f6rt\u00e9n\u0151 v\u00e1szonk\u00e9pek k\u00e9sz\u00edt\u00e9se.","breadcrumb":{"@id":"https:\/\/svetslik.si\/hu\/vasilij-kandinski-hu\/painting-with-white-border-moscow-bild-mit-weisem-rand-moskau\/#breadcrumb"},"inLanguage":"hu","potentialAction":[{"@type":"ReadAction","target":["https:\/\/svetslik.si\/hu\/vasilij-kandinski-hu\/painting-with-white-border-moscow-bild-mit-weisem-rand-moskau\/"]}]},{"@type":"ImageObject","inLanguage":"hu","@id":"https:\/\/svetslik.si\/hu\/vasilij-kandinski-hu\/painting-with-white-border-moscow-bild-mit-weisem-rand-moskau\/#primaryimage","url":"https:\/\/svetslik.si\/wp-content\/uploads\/2021\/08\/image_Painting-with-White-Border-Moscow-Bild-mit-weiem-Rand-Moskau_680.jpg","contentUrl":"https:\/\/svetslik.si\/wp-content\/uploads\/2021\/08\/image_Painting-with-White-Border-Moscow-Bild-mit-weiem-Rand-Moskau_680.jpg","width":1800,"height":1265,"caption":"Vasilij Kandinski - Painting with White Border (Moscow) (Bild mit wei\u00dfem Rand [Moskau]) - Vasilij Kandinski - Festm\u00e9ny feh\u00e9r kerettel (Moszkva) - REPRODUKCI\u00d3I - V\u00e1szonk\u00e9p - Festm\u00e9nyek reprodukci\u00f3i - Absztrakt Festm\u00e9ny - Modern Festm\u00e9ny - Realisztikus Festm\u00e9ny - Olajfestm\u00e9ny - Falik\u00e9p"},{"@type":"BreadcrumbList","@id":"https:\/\/svetslik.si\/hu\/vasilij-kandinski-hu\/painting-with-white-border-moscow-bild-mit-weisem-rand-moskau\/#breadcrumb","itemListElement":[{"@type":"ListItem","position":1,"name":"Wall art and paintings on canvas","item":"https:\/\/svetslik.si\/hu\/"},{"@type":"ListItem","position":2,"name":"Festm\u00e9nyek elad\u00e1sa","item":"https:\/\/svetslik.si\/prodaja-slik\/"},{"@type":"ListItem","position":3,"name":"Vasilij Kandinski &#8211; Painting with White Border (Moscow) (Bild mit wei\u00dfem Rand [Moskau])"}]},{"@type":"WebSite","@id":"https:\/\/svetslik.si\/hu\/#website","url":"https:\/\/svetslik.si\/hu\/","name":"SVETSLIK.SI","description":"100%-ban k\u00e9zzel festett reprodukci\u00f3k h\u00edres fest\u0151k festm\u00e9nyeir\u0151l \u00e9s festm\u00e9nyekr\u0151l v\u00e1szonra.","publisher":{"@id":"https:\/\/svetslik.si\/hu\/#organization"},"potentialAction":[{"@type":"SearchAction","target":{"@type":"EntryPoint","urlTemplate":"https:\/\/svetslik.si\/hu\/?s={search_term_string}"},"query-input":{"@type":"PropertyValueSpecification","valueRequired":true,"valueName":"search_term_string"}}],"inLanguage":"hu"},{"@type":"Organization","@id":"https:\/\/svetslik.si\/hu\/#organization","name":"SvetSlik.si","url":"https:\/\/svetslik.si\/hu\/","logo":{"@type":"ImageObject","inLanguage":"hu","@id":"https:\/\/svetslik.si\/hu\/#\/schema\/logo\/image\/","url":"https:\/\/svetslik.si\/wp-content\/uploads\/2020\/12\/logo-512.png","contentUrl":"https:\/\/svetslik.si\/wp-content\/uploads\/2020\/12\/logo-512.png","width":512,"height":512,"caption":"SvetSlik.si"},"image":{"@id":"https:\/\/svetslik.si\/hu\/#\/schema\/logo\/image\/"},"sameAs":["https:\/\/www.facebook.com\/svetslik.si","https:\/\/x.com\/svetslik","https:\/\/www.instagram.com\/svetslik.si\/","https:\/\/www.linkedin.com\/company\/svetslik-si"]}]},"og_availability":"backorder","product_availability":"available for order","product_retailer_item_id":"318__","product_condition":"new"},"jetpack_sharing_enabled":true,"_links":{"self":[{"href":"https:\/\/svetslik.si\/hu\/wp-json\/wp\/v2\/product\/53952","targetHints":{"allow":["GET"]}}],"collection":[{"href":"https:\/\/svetslik.si\/hu\/wp-json\/wp\/v2\/product"}],"about":[{"href":"https:\/\/svetslik.si\/hu\/wp-json\/wp\/v2\/types\/product"}],"wp:featuredmedia":[{"embeddable":true,"href":"https:\/\/svetslik.si\/hu\/wp-json\/wp\/v2\/media\/49885"}],"wp:attachment":[{"href":"https:\/\/svetslik.si\/hu\/wp-json\/wp\/v2\/media?parent=53952"}],"wp:term":[{"taxonomy":"product_brand","embeddable":true,"href":"https:\/\/svetslik.si\/hu\/wp-json\/wp\/v2\/product_brand?post=53952"},{"taxonomy":"product_cat","embeddable":true,"href":"https:\/\/svetslik.si\/hu\/wp-json\/wp\/v2\/product_cat?post=53952"},{"taxonomy":"product_tag","embeddable":true,"href":"https:\/\/svetslik.si\/hu\/wp-json\/wp\/v2\/product_tag?post=53952"}],"curies":[{"name":"wp","href":"https:\/\/api.w.org\/{rel}","templated":true}]}}