{"id":53961,"date":"2021-09-02T17:57:21","date_gmt":"2021-09-02T15:57:21","guid":{"rendered":"https:\/\/svetslik.si\/nem-kategorizalt\/small-pleasures-kleine-freuden\/"},"modified":"2026-03-22T21:44:22","modified_gmt":"2026-03-22T20:44:22","slug":"small-pleasures-kleine-freuden","status":"publish","type":"product","link":"https:\/\/svetslik.si\/hu\/vasilij-kandinski-hu\/small-pleasures-kleine-freuden\/","title":{"rendered":"Vasilij Kandinski &#8211; Small Pleasures (Kleine Freuden)"},"content":{"rendered":"<h1>Wassily Kandinsky \u2013 Kis \u00f6r\u00f6m\u00f6k (Kleine Freuden)<\/h1>\n<p>&nbsp;<\/p>\n<table style=\"width: 673px\" border=\"0\" width=\"673\" cellpadding=\"0\">\n<tbody>\n<tr>\n<td style=\"width: 180px;height: 21px\" height=\"21\">L\u00e9trehoz\u00e1s \u00e9ve:<\/td>\n<td style=\"width: 493px\">1913<\/td>\n<\/tr>\n<tr>\n<td style=\"width: 180px;height: 21px\" height=\"21\">Eredeti m\u00e9ret:<\/td>\n<td style=\"width: 493px\">119,7 cm x 109,8 cm<\/td>\n<\/tr>\n<tr>\n<td style=\"width: 180px;height: 21px\" height=\"21\">Fest\u00e9si st\u00edlus:<\/td>\n<td style=\"width: 493px\">Absztrakt m\u0171v\u00e9szet<\/td>\n<\/tr>\n<tr>\n<td style=\"width: 180px;height: 21px\" height=\"21\">Eredeti technika:<\/td>\n<td>Olaj, v\u00e1szon<\/td>\n<\/tr>\n<tr>\n<td style=\"width: 180px;height: 21px\" height=\"21\">Helysz\u00edn:<\/td>\n<td>Guggenheim M\u00fazeum, New York<\/td>\n<\/tr>\n<\/tbody>\n<colgroup>\n<col \/>\n<col \/> <\/colgroup>\n<\/table>\n<p>Wassily Kandinsky Kis \u00f6r\u00f6m\u00f6k (Kleine Freuden) c\u00edm\u0171 festm\u00e9nye \u00e9l\u00e9nk \u00e9s felt\u0171n\u0151 festm\u00e9ny, amely bemutatja a m\u0171v\u00e9sz egyedi st\u00edlus\u00e1t \u00e9s az absztrakci\u00f3hoz val\u00f3 hozz\u00e1\u00e1ll\u00e1s\u00e1t. Ezt az 1911-ben festett m\u0171vet Kandinszkij korai id\u0151szak\u00e1nak egyik legfontosabb alkot\u00e1sak\u00e9nt tartj\u00e1k sz\u00e1mon.<\/p>\n<p>Kandinsky egyik jellemz\u0151je a sz\u00ednek haszn\u00e1lata. A &#8220;Small Pleasures&#8221; c\u00edm\u0171 m\u0171v\u00e9ben a m\u0171v\u00e9sz mer\u00e9sz \u00e9s kifejez\u0151 palett\u00e1t haszn\u00e1lt, amely egyszerre harmonikus \u00e9s dinamikus. A k\u00e9pet a m\u00e9lyv\u00f6r\u00f6s h\u00e1tt\u00e9r uralja, melyet \u00e9l\u00e9nk s\u00e1rg\u00e1k, k\u00e9kek \u00e9s z\u00f6ldek hangs\u00falyoznak. A sz\u00ednek \u00fagy vannak felf\u0171zve \u00e9s \u00f6sszekeverve, hogy \u00fagy t\u0171nnek, mintha t\u00e1ncoln\u00e1nak a v\u00e1sznon, mozg\u00e1s- \u00e9s energia\u00e9rzetet keltve.<\/p>\n<p>Kandinszkij m\u0171v\u00e9szet\u00e9nek m\u00e1sik jellemz\u0151je a formahaszn\u00e1lat. A festm\u00e9nyen a m\u0171v\u00e9sz k\u00fcl\u00f6nf\u00e9le geometriai form\u00e1kat haszn\u00e1l, p\u00e9ld\u00e1ul k\u00f6r\u00f6ket, h\u00e1romsz\u00f6geket \u00e9s t\u00e9glalapokat, amelyek l\u00e1tsz\u00f3lag kaotikusan vannak elrendezve. \u00dagy t\u0171nik, hogy ezek a form\u00e1k a t\u00e9rben lebegnek, m\u00e9lys\u00e9get \u00e9s mozg\u00e1st adva a k\u00e9pnek.<\/p>\n<p>A &#8220;Kis \u00f6r\u00f6m\u00f6k&#8221; c\u00edm\u0171 festm\u00e9ny egyik leg\u00e9rdekesebb aspektusa az, ahogyan arra h\u00edvja a n\u00e9z\u0151t, hogy foglalkozzon vele. Kandinsky a sz\u00ednek \u00e9s a forma felhaszn\u00e1l\u00e1s\u00e1val a titokzatoss\u00e1g \u00e9s az intrika \u00e9rzet\u00e9t kelti, \u00e9s arra h\u00edvja a n\u00e9z\u0151t, hogy k\u00f6zelebbr\u0151l is szem\u00fcgyre vegye a festm\u00e9nyt, \u00e9s fedezze fel annak sz\u00e1mos r\u00e9teg\u00e9t.<\/p>\n<p>\u00d6sszess\u00e9g\u00e9ben a &#8220;Small Pleasures&#8221; Kandinsky korai munk\u00e1ss\u00e1g\u00e1nak kiv\u00e1l\u00f3 p\u00e9ld\u00e1ja, megmutatja egyedi st\u00edlus\u00e1t \u00e9s az absztrakci\u00f3hoz val\u00f3 hozz\u00e1\u00e1ll\u00e1s\u00e1t. Meglep\u0151 \u00e9s \u00e9lettel teli k\u00e9p, amely ma is leny\u0171g\u00f6zi a k\u00f6z\u00f6ns\u00e9get. Mer\u00e9sz sz\u00edn- \u00e9s formahaszn\u00e1lat\u00e1val nagyszer\u0171en kieg\u00e9sz\u00edtheti b\u00e1rmely k\u00e9pz\u0151m\u0171v\u00e9szeti gy\u0171jtem\u00e9nyt, \u00e9s otthon\u00e1t is feldobja.<\/p>\n<p>&nbsp;<\/p>\n","protected":false},"excerpt":{"rendered":"<p>Wassily Kandinsky \u2013 Kis \u00f6r\u00f6m\u00f6k (Kleine Freuden) &nbsp; L\u00e9trehoz\u00e1s \u00e9ve: 1913 Eredeti m\u00e9ret: 119,7 cm x 109,8 cm Fest\u00e9si st\u00edlus: Absztrakt m\u0171v\u00e9szet Eredeti technika: Olaj, v\u00e1szon Helysz\u00edn: Guggenheim M\u00fazeum, New York Wassily Kandinsky Kis \u00f6r\u00f6m\u00f6k (Kleine Freuden) c\u00edm\u0171 festm\u00e9nye \u00e9l\u00e9nk \u00e9s felt\u0171n\u0151 festm\u00e9ny, amely bemutatja a m\u0171v\u00e9sz egyedi st\u00edlus\u00e1t \u00e9s [&hellip;]<\/p>\n","protected":false},"featured_media":50039,"template":"","meta":{"_acf_changed":false},"product_brand":[],"product_cat":[7149],"product_tag":[7172,7173,11885,11886,11887],"class_list":{"0":"post-53961","1":"product","2":"type-product","3":"status-publish","4":"has-post-thumbnail","6":"product_cat-vasilij-kandinski-hu","7":"product_tag-kandinski-hu","8":"product_tag-kandinsky-hu","9":"product_tag-painter-hu","10":"product_tag-reproduction","11":"product_tag-reproductions-hu","12":"pa_dimenzija-100-x-90-cm-hu","13":"pa_dimenzija-110-x-100-cm-hu","14":"pa_dimenzija-120-x-110-cm-hu","15":"pa_dimenzija-150-x-140-cm-hu","16":"pa_dimenzija-180-x-170-cm-hu","17":"pa_dimenzija-60-x-55-cm-hu","18":"pa_dimenzija-80-x-70-cm-hu","19":"pa_dimenzija-90-x-80-cm-hu","20":"pa_oblika-vizszintes","21":"pa_okvir-nincs-keret","22":"pa_podokvir-igen","23":"pa_podokvir-nem","25":"first","26":"onbackorder","27":"purchasable","28":"product-type-variable","29":"has-default-attributes"},"acf":[],"yoast_head":"<!-- This site is optimized with the Yoast SEO Premium plugin v26.0 (Yoast SEO v27.2) - https:\/\/yoast.com\/product\/yoast-seo-premium-wordpress\/ -->\n<title>Vasilij Kandinski - Small Pleasures (Kleine Freuden) - SVETSLIK.SI - 100% k\u00e9zzel festett<\/title>\n<meta name=\"description\" content=\"Vasilij Kandinski - Small Pleasures (Kleine Freuden) - 100% k\u00e9zzel festett h\u00edres festm\u00e9nyek reprodukci\u00f3i. Festm\u00e9nyek keretez\u00e9se, elad\u00e1sa \u00e9s egyedi rendel\u00e9sre t\u00f6rt\u00e9n\u0151 v\u00e1szonk\u00e9pek k\u00e9sz\u00edt\u00e9se.\" \/>\n<meta name=\"robots\" content=\"index, follow, max-snippet:-1, max-image-preview:large, max-video-preview:-1\" \/>\n<link rel=\"canonical\" href=\"https:\/\/svetslik.si\/hu\/vasilij-kandinski-hu\/small-pleasures-kleine-freuden\/\" \/>\n<meta property=\"og:locale\" content=\"hu_HU\" \/>\n<meta property=\"og:type\" content=\"article\" \/>\n<meta property=\"og:title\" content=\"Vasilij Kandinski - Small Pleasures (Kleine Freuden)\" \/>\n<meta property=\"og:description\" content=\"100% ro\u010dno naslikane slike na platnu, reprodukcije znanih slikarjev in umetni\u0161ke slike po naro\u010dilu.\" \/>\n<meta property=\"og:url\" content=\"https:\/\/svetslik.si\/hu\/vasilij-kandinski-hu\/small-pleasures-kleine-freuden\/\" \/>\n<meta property=\"og:site_name\" content=\"SVETSLIK.SI\" \/>\n<meta property=\"article:publisher\" content=\"https:\/\/www.facebook.com\/svetslik.si\" \/>\n<meta property=\"article:modified_time\" content=\"2026-03-22T20:44:22+00:00\" \/>\n<meta property=\"og:image\" content=\"https:\/\/svetslik.si\/wp-content\/uploads\/2021\/08\/image_Small-Pleasures-Kleine-Freuden_680.jpg\" \/>\n\t<meta property=\"og:image:width\" content=\"1800\" \/>\n\t<meta property=\"og:image:height\" content=\"1658\" \/>\n\t<meta property=\"og:image:type\" content=\"image\/jpeg\" \/>\n<meta name=\"twitter:card\" content=\"summary_large_image\" \/>\n<meta name=\"twitter:site\" content=\"@svetslik\" \/>\n<meta name=\"twitter:label1\" content=\"El\u00e9rhet\u0151s\u00e9g\" \/>\n\t<meta name=\"twitter:data1\" content=\"Beszerz\u00e9s alatt\" \/>\n<script type=\"application\/ld+json\" class=\"yoast-schema-graph\">{\"@context\":\"https:\/\/schema.org\",\"@graph\":[{\"@type\":[\"WebPage\",\"ItemPage\"],\"@id\":\"https:\/\/svetslik.si\/hu\/vasilij-kandinski-hu\/small-pleasures-kleine-freuden\/\",\"url\":\"https:\/\/svetslik.si\/hu\/vasilij-kandinski-hu\/small-pleasures-kleine-freuden\/\",\"name\":\"Vasilij Kandinski - Small Pleasures (Kleine Freuden) - SVETSLIK.SI - 100% k\u00e9zzel festett\",\"isPartOf\":{\"@id\":\"https:\/\/svetslik.si\/hu\/#website\"},\"primaryImageOfPage\":{\"@id\":\"https:\/\/svetslik.si\/hu\/vasilij-kandinski-hu\/small-pleasures-kleine-freuden\/#primaryimage\"},\"image\":{\"@id\":\"https:\/\/svetslik.si\/hu\/vasilij-kandinski-hu\/small-pleasures-kleine-freuden\/#primaryimage\"},\"thumbnailUrl\":\"https:\/\/svetslik.si\/wp-content\/uploads\/2021\/08\/image_Small-Pleasures-Kleine-Freuden_680.jpg\",\"datePublished\":\"2021-09-02T15:57:21+00:00\",\"dateModified\":\"2026-03-22T20:44:22+00:00\",\"description\":\"Vasilij Kandinski - Small Pleasures (Kleine Freuden) - 100% k\u00e9zzel festett h\u00edres festm\u00e9nyek reprodukci\u00f3i. Festm\u00e9nyek keretez\u00e9se, elad\u00e1sa \u00e9s egyedi rendel\u00e9sre t\u00f6rt\u00e9n\u0151 v\u00e1szonk\u00e9pek k\u00e9sz\u00edt\u00e9se.\",\"breadcrumb\":{\"@id\":\"https:\/\/svetslik.si\/hu\/vasilij-kandinski-hu\/small-pleasures-kleine-freuden\/#breadcrumb\"},\"inLanguage\":\"hu\",\"potentialAction\":[{\"@type\":\"ReadAction\",\"target\":[\"https:\/\/svetslik.si\/hu\/vasilij-kandinski-hu\/small-pleasures-kleine-freuden\/\"]}]},{\"@type\":\"ImageObject\",\"inLanguage\":\"hu\",\"@id\":\"https:\/\/svetslik.si\/hu\/vasilij-kandinski-hu\/small-pleasures-kleine-freuden\/#primaryimage\",\"url\":\"https:\/\/svetslik.si\/wp-content\/uploads\/2021\/08\/image_Small-Pleasures-Kleine-Freuden_680.jpg\",\"contentUrl\":\"https:\/\/svetslik.si\/wp-content\/uploads\/2021\/08\/image_Small-Pleasures-Kleine-Freuden_680.jpg\",\"width\":1800,\"height\":1658,\"caption\":\"Vasilij Kandinski - Small Pleasures (Kleine Freuden) - Vazonk\u00e9p, festm\u00e9nyek, reprodukci\u00f3\"},{\"@type\":\"BreadcrumbList\",\"@id\":\"https:\/\/svetslik.si\/hu\/vasilij-kandinski-hu\/small-pleasures-kleine-freuden\/#breadcrumb\",\"itemListElement\":[{\"@type\":\"ListItem\",\"position\":1,\"name\":\"Wall art and paintings on canvas\",\"item\":\"https:\/\/svetslik.si\/hu\/\"},{\"@type\":\"ListItem\",\"position\":2,\"name\":\"Festm\u00e9nyek elad\u00e1sa\",\"item\":\"https:\/\/svetslik.si\/prodaja-slik\/\"},{\"@type\":\"ListItem\",\"position\":3,\"name\":\"Vasilij Kandinski &#8211; Small Pleasures (Kleine Freuden)\"}]},{\"@type\":\"WebSite\",\"@id\":\"https:\/\/svetslik.si\/hu\/#website\",\"url\":\"https:\/\/svetslik.si\/hu\/\",\"name\":\"SVETSLIK.SI\",\"description\":\"100%-ban k\u00e9zzel festett reprodukci\u00f3k h\u00edres fest\u0151k festm\u00e9nyeir\u0151l \u00e9s festm\u00e9nyekr\u0151l v\u00e1szonra.\",\"publisher\":{\"@id\":\"https:\/\/svetslik.si\/hu\/#organization\"},\"potentialAction\":[{\"@type\":\"SearchAction\",\"target\":{\"@type\":\"EntryPoint\",\"urlTemplate\":\"https:\/\/svetslik.si\/hu\/?s={search_term_string}\"},\"query-input\":{\"@type\":\"PropertyValueSpecification\",\"valueRequired\":true,\"valueName\":\"search_term_string\"}}],\"inLanguage\":\"hu\"},{\"@type\":\"Organization\",\"@id\":\"https:\/\/svetslik.si\/hu\/#organization\",\"name\":\"SvetSlik.si\",\"url\":\"https:\/\/svetslik.si\/hu\/\",\"logo\":{\"@type\":\"ImageObject\",\"inLanguage\":\"hu\",\"@id\":\"https:\/\/svetslik.si\/hu\/#\/schema\/logo\/image\/\",\"url\":\"https:\/\/svetslik.si\/wp-content\/uploads\/2020\/12\/logo-512.png\",\"contentUrl\":\"https:\/\/svetslik.si\/wp-content\/uploads\/2020\/12\/logo-512.png\",\"width\":512,\"height\":512,\"caption\":\"SvetSlik.si\"},\"image\":{\"@id\":\"https:\/\/svetslik.si\/hu\/#\/schema\/logo\/image\/\"},\"sameAs\":[\"https:\/\/www.facebook.com\/svetslik.si\",\"https:\/\/x.com\/svetslik\",\"https:\/\/www.instagram.com\/svetslik.si\/\",\"https:\/\/www.linkedin.com\/company\/svetslik-si\"]}]}<\/script>\n<meta property=\"og:availability\" content=\"backorder\" \/>\n<meta property=\"product:availability\" content=\"available for order\" \/>\n<meta property=\"product:retailer_item_id\" content=\"319__\" \/>\n<meta property=\"product:condition\" content=\"new\" \/>\n<!-- \/ Yoast SEO Premium plugin. -->","yoast_head_json":{"title":"Vasilij Kandinski - Small Pleasures (Kleine Freuden) - SVETSLIK.SI - 100% k\u00e9zzel festett","description":"Vasilij Kandinski - Small Pleasures (Kleine Freuden) - 100% k\u00e9zzel festett h\u00edres festm\u00e9nyek reprodukci\u00f3i. Festm\u00e9nyek keretez\u00e9se, elad\u00e1sa \u00e9s egyedi rendel\u00e9sre t\u00f6rt\u00e9n\u0151 v\u00e1szonk\u00e9pek k\u00e9sz\u00edt\u00e9se.","robots":{"index":"index","follow":"follow","max-snippet":"max-snippet:-1","max-image-preview":"max-image-preview:large","max-video-preview":"max-video-preview:-1"},"canonical":"https:\/\/svetslik.si\/hu\/vasilij-kandinski-hu\/small-pleasures-kleine-freuden\/","og_locale":"hu_HU","og_type":"article","og_title":"Vasilij Kandinski - Small Pleasures (Kleine Freuden)","og_description":"100% ro\u010dno naslikane slike na platnu, reprodukcije znanih slikarjev in umetni\u0161ke slike po naro\u010dilu.","og_url":"https:\/\/svetslik.si\/hu\/vasilij-kandinski-hu\/small-pleasures-kleine-freuden\/","og_site_name":"SVETSLIK.SI","article_publisher":"https:\/\/www.facebook.com\/svetslik.si","article_modified_time":"2026-03-22T20:44:22+00:00","og_image":[{"width":1800,"height":1658,"url":"https:\/\/svetslik.si\/wp-content\/uploads\/2021\/08\/image_Small-Pleasures-Kleine-Freuden_680.jpg","type":"image\/jpeg"}],"twitter_card":"summary_large_image","twitter_site":"@svetslik","twitter_misc":{"El\u00e9rhet\u0151s\u00e9g":"Beszerz\u00e9s alatt"},"schema":{"@context":"https:\/\/schema.org","@graph":[{"@type":["WebPage","ItemPage"],"@id":"https:\/\/svetslik.si\/hu\/vasilij-kandinski-hu\/small-pleasures-kleine-freuden\/","url":"https:\/\/svetslik.si\/hu\/vasilij-kandinski-hu\/small-pleasures-kleine-freuden\/","name":"Vasilij Kandinski - Small Pleasures (Kleine Freuden) - SVETSLIK.SI - 100% k\u00e9zzel festett","isPartOf":{"@id":"https:\/\/svetslik.si\/hu\/#website"},"primaryImageOfPage":{"@id":"https:\/\/svetslik.si\/hu\/vasilij-kandinski-hu\/small-pleasures-kleine-freuden\/#primaryimage"},"image":{"@id":"https:\/\/svetslik.si\/hu\/vasilij-kandinski-hu\/small-pleasures-kleine-freuden\/#primaryimage"},"thumbnailUrl":"https:\/\/svetslik.si\/wp-content\/uploads\/2021\/08\/image_Small-Pleasures-Kleine-Freuden_680.jpg","datePublished":"2021-09-02T15:57:21+00:00","dateModified":"2026-03-22T20:44:22+00:00","description":"Vasilij Kandinski - Small Pleasures (Kleine Freuden) - 100% k\u00e9zzel festett h\u00edres festm\u00e9nyek reprodukci\u00f3i. Festm\u00e9nyek keretez\u00e9se, elad\u00e1sa \u00e9s egyedi rendel\u00e9sre t\u00f6rt\u00e9n\u0151 v\u00e1szonk\u00e9pek k\u00e9sz\u00edt\u00e9se.","breadcrumb":{"@id":"https:\/\/svetslik.si\/hu\/vasilij-kandinski-hu\/small-pleasures-kleine-freuden\/#breadcrumb"},"inLanguage":"hu","potentialAction":[{"@type":"ReadAction","target":["https:\/\/svetslik.si\/hu\/vasilij-kandinski-hu\/small-pleasures-kleine-freuden\/"]}]},{"@type":"ImageObject","inLanguage":"hu","@id":"https:\/\/svetslik.si\/hu\/vasilij-kandinski-hu\/small-pleasures-kleine-freuden\/#primaryimage","url":"https:\/\/svetslik.si\/wp-content\/uploads\/2021\/08\/image_Small-Pleasures-Kleine-Freuden_680.jpg","contentUrl":"https:\/\/svetslik.si\/wp-content\/uploads\/2021\/08\/image_Small-Pleasures-Kleine-Freuden_680.jpg","width":1800,"height":1658,"caption":"Vasilij Kandinski - Small Pleasures (Kleine Freuden) - Vazonk\u00e9p, festm\u00e9nyek, reprodukci\u00f3"},{"@type":"BreadcrumbList","@id":"https:\/\/svetslik.si\/hu\/vasilij-kandinski-hu\/small-pleasures-kleine-freuden\/#breadcrumb","itemListElement":[{"@type":"ListItem","position":1,"name":"Wall art and paintings on canvas","item":"https:\/\/svetslik.si\/hu\/"},{"@type":"ListItem","position":2,"name":"Festm\u00e9nyek elad\u00e1sa","item":"https:\/\/svetslik.si\/prodaja-slik\/"},{"@type":"ListItem","position":3,"name":"Vasilij Kandinski &#8211; Small Pleasures (Kleine Freuden)"}]},{"@type":"WebSite","@id":"https:\/\/svetslik.si\/hu\/#website","url":"https:\/\/svetslik.si\/hu\/","name":"SVETSLIK.SI","description":"100%-ban k\u00e9zzel festett reprodukci\u00f3k h\u00edres fest\u0151k festm\u00e9nyeir\u0151l \u00e9s festm\u00e9nyekr\u0151l v\u00e1szonra.","publisher":{"@id":"https:\/\/svetslik.si\/hu\/#organization"},"potentialAction":[{"@type":"SearchAction","target":{"@type":"EntryPoint","urlTemplate":"https:\/\/svetslik.si\/hu\/?s={search_term_string}"},"query-input":{"@type":"PropertyValueSpecification","valueRequired":true,"valueName":"search_term_string"}}],"inLanguage":"hu"},{"@type":"Organization","@id":"https:\/\/svetslik.si\/hu\/#organization","name":"SvetSlik.si","url":"https:\/\/svetslik.si\/hu\/","logo":{"@type":"ImageObject","inLanguage":"hu","@id":"https:\/\/svetslik.si\/hu\/#\/schema\/logo\/image\/","url":"https:\/\/svetslik.si\/wp-content\/uploads\/2020\/12\/logo-512.png","contentUrl":"https:\/\/svetslik.si\/wp-content\/uploads\/2020\/12\/logo-512.png","width":512,"height":512,"caption":"SvetSlik.si"},"image":{"@id":"https:\/\/svetslik.si\/hu\/#\/schema\/logo\/image\/"},"sameAs":["https:\/\/www.facebook.com\/svetslik.si","https:\/\/x.com\/svetslik","https:\/\/www.instagram.com\/svetslik.si\/","https:\/\/www.linkedin.com\/company\/svetslik-si"]}]},"og_availability":"backorder","product_availability":"available for order","product_retailer_item_id":"319__","product_condition":"new"},"jetpack_sharing_enabled":true,"_links":{"self":[{"href":"https:\/\/svetslik.si\/hu\/wp-json\/wp\/v2\/product\/53961","targetHints":{"allow":["GET"]}}],"collection":[{"href":"https:\/\/svetslik.si\/hu\/wp-json\/wp\/v2\/product"}],"about":[{"href":"https:\/\/svetslik.si\/hu\/wp-json\/wp\/v2\/types\/product"}],"wp:featuredmedia":[{"embeddable":true,"href":"https:\/\/svetslik.si\/hu\/wp-json\/wp\/v2\/media\/50039"}],"wp:attachment":[{"href":"https:\/\/svetslik.si\/hu\/wp-json\/wp\/v2\/media?parent=53961"}],"wp:term":[{"taxonomy":"product_brand","embeddable":true,"href":"https:\/\/svetslik.si\/hu\/wp-json\/wp\/v2\/product_brand?post=53961"},{"taxonomy":"product_cat","embeddable":true,"href":"https:\/\/svetslik.si\/hu\/wp-json\/wp\/v2\/product_cat?post=53961"},{"taxonomy":"product_tag","embeddable":true,"href":"https:\/\/svetslik.si\/hu\/wp-json\/wp\/v2\/product_tag?post=53961"}],"curies":[{"name":"wp","href":"https:\/\/api.w.org\/{rel}","templated":true}]}}