{"id":53997,"date":"2021-09-02T17:57:47","date_gmt":"2021-09-02T15:57:47","guid":{"rendered":"https:\/\/svetslik.si\/nem-kategorizalt\/still-life-with-peaches\/"},"modified":"2026-03-22T21:45:10","modified_gmt":"2026-03-22T20:45:10","slug":"still-life-with-peaches","status":"publish","type":"product","link":"https:\/\/svetslik.si\/hu\/pierre-a-renoir-hu\/still-life-with-peaches\/","title":{"rendered":"Pierre A. Renoir &#8211; Still Life with Peaches"},"content":{"rendered":"<div class=\"wpb-content-wrapper\">[vc_row css=&#8221;.vc_custom_1670947865203{margin-bottom: 10px !important;}&#8221;][vc_column]\t<div class=\"et-image-818 et-image     et_image_link\">\n\t\t<div class=\"et-image-inner \">\n\t\t\t\t\t\t\t<div class=\"et-image-thumb \">\n\t\t\t\t\t<img decoding=\"async\" width=\"2560\" height=\"2024\" src=\"https:\/\/svetslik.si\/wp-content\/uploads\/2021\/09\/Pierre-A.-Renoir-\u2013-Still-Life-with-Peaches-scaled.jpg\" class=\"attachment-full\" alt=\"Pierre A. Renoir \u2013 Still Life with Peaches - Pierre A. Renoir - Csend\u00e9let \u0151szibarackkal festm\u00e9nyek\" title=\"Pierre A. Renoir \u2013 Still Life with Peaches - Pierre A. Renoir - Csend\u00e9let \u0151szibarackkal festm\u00e9nyek\" srcset=\"https:\/\/svetslik.si\/wp-content\/uploads\/2021\/09\/Pierre-A.-Renoir-\u2013-Still-Life-with-Peaches-scaled.jpg 2560w, https:\/\/svetslik.si\/wp-content\/uploads\/2021\/09\/Pierre-A.-Renoir-\u2013-Still-Life-with-Peaches-scaled-600x474.jpg 600w, https:\/\/svetslik.si\/wp-content\/uploads\/2021\/09\/Pierre-A.-Renoir-\u2013-Still-Life-with-Peaches-scaled-1200x949.jpg 1200w, https:\/\/svetslik.si\/wp-content\/uploads\/2021\/09\/Pierre-A.-Renoir-\u2013-Still-Life-with-Peaches-300x237.jpg 300w, https:\/\/svetslik.si\/wp-content\/uploads\/2021\/09\/Pierre-A.-Renoir-\u2013-Still-Life-with-Peaches-1024x810.jpg 1024w, https:\/\/svetslik.si\/wp-content\/uploads\/2021\/09\/Pierre-A.-Renoir-\u2013-Still-Life-with-Peaches-768x607.jpg 768w, https:\/\/svetslik.si\/wp-content\/uploads\/2021\/09\/Pierre-A.-Renoir-\u2013-Still-Life-with-Peaches-1536x1215.jpg 1536w, https:\/\/svetslik.si\/wp-content\/uploads\/2021\/09\/Pierre-A.-Renoir-\u2013-Still-Life-with-Peaches-2048x1619.jpg 2048w, https:\/\/svetslik.si\/wp-content\/uploads\/2021\/09\/Pierre-A.-Renoir-\u2013-Still-Life-with-Peaches-15x12.jpg 15w, https:\/\/svetslik.si\/wp-content\/uploads\/2021\/09\/Pierre-A.-Renoir-\u2013-Still-Life-with-Peaches-150x119.jpg 150w, https:\/\/svetslik.si\/wp-content\/uploads\/2021\/09\/Pierre-A.-Renoir-\u2013-Still-Life-with-Peaches-1320x1044.jpg 1320w\" sizes=\"(max-width: 2560px) 100vw, 2560px\" \/>\t\t\t\t<\/div>\n\t\t\t\t\t\t\t\t\t\t\t<\/div>\n\t<\/div>\n  [\/vc_column][\/vcrow_rows][\/vcrow_rows =&#8221;.vc_custom_1670947865203{margin-bottom: 10px !important;}&#8221;][vc_column]\t<div class=\"et-image-807 et-image     et_image_link\">\n\t\t<div class=\"et-image-inner \">\n\t\t\t\t\t\t\t<div class=\"et-image-thumb \">\n\t\t\t\t\t<img decoding=\"async\" width=\"2252\" height=\"2524\" src=\"https:\/\/svetslik.si\/wp-content\/uploads\/2021\/09\/Pierre-A.-Renoir-\u2013-Still-Life-with-Peaches-1.jpg\" class=\"attachment-full\" alt=\"Pierre A. Renoir \u2013 Still Life with Peaches - Pierre A. Renoir - Csend\u00e9let \u0151szibarackkal festm\u00e9nyek\" title=\"Pierre A. Renoir \u2013 Still Life with Peaches - Pierre A. Renoir - Csend\u00e9let \u0151szibarackkal festm\u00e9nyek\" srcset=\"https:\/\/svetslik.si\/wp-content\/uploads\/2021\/09\/Pierre-A.-Renoir-\u2013-Still-Life-with-Peaches-1.jpg 2252w, https:\/\/svetslik.si\/wp-content\/uploads\/2021\/09\/Pierre-A.-Renoir-\u2013-Still-Life-with-Peaches-1-600x672.jpg 600w, https:\/\/svetslik.si\/wp-content\/uploads\/2021\/09\/Pierre-A.-Renoir-\u2013-Still-Life-with-Peaches-1-1200x1345.jpg 1200w, https:\/\/svetslik.si\/wp-content\/uploads\/2021\/09\/Pierre-A.-Renoir-\u2013-Still-Life-with-Peaches-1-268x300.jpg 268w, https:\/\/svetslik.si\/wp-content\/uploads\/2021\/09\/Pierre-A.-Renoir-\u2013-Still-Life-with-Peaches-1-914x1024.jpg 914w, https:\/\/svetslik.si\/wp-content\/uploads\/2021\/09\/Pierre-A.-Renoir-\u2013-Still-Life-with-Peaches-1-768x861.jpg 768w, https:\/\/svetslik.si\/wp-content\/uploads\/2021\/09\/Pierre-A.-Renoir-\u2013-Still-Life-with-Peaches-1-1370x1536.jpg 1370w, https:\/\/svetslik.si\/wp-content\/uploads\/2021\/09\/Pierre-A.-Renoir-\u2013-Still-Life-with-Peaches-1-1827x2048.jpg 1827w, https:\/\/svetslik.si\/wp-content\/uploads\/2021\/09\/Pierre-A.-Renoir-\u2013-Still-Life-with-Peaches-1-11x12.jpg 11w, https:\/\/svetslik.si\/wp-content\/uploads\/2021\/09\/Pierre-A.-Renoir-\u2013-Still-Life-with-Peaches-1-134x150.jpg 134w, https:\/\/svetslik.si\/wp-content\/uploads\/2021\/09\/Pierre-A.-Renoir-\u2013-Still-Life-with-Peaches-1-1320x1479.jpg 1320w\" sizes=\"(max-width: 2252px) 100vw, 2252px\" \/>\t\t\t\t<\/div>\n\t\t\t\t\t\t\t\t\t\t\t<\/div>\n\t<\/div>\n  [\/vc_column][\/vc_row][vc_. vc_custom_1670947865203{margin-bottom: 10px !important;}&#8221;][vc_column]\t<div class=\"et-image-403 et-image     et_image_link\">\n\t\t<div class=\"et-image-inner \">\n\t\t\t\t\t\t\t<div class=\"et-image-thumb \">\n\t\t\t\t\t<img decoding=\"async\" width=\"2560\" height=\"1441\" src=\"https:\/\/svetslik.si\/wp-content\/uploads\/2021\/09\/Pierre-A.-Renoir-\u2013-Still-Life-with-Peaches-2-scaled.jpg\" class=\"attachment-full\" alt=\"Pierre A. Renoir \u2013 Still Life with Peaches - Pierre A. Renoir - Csend\u00e9let \u0151szibarackkal festm\u00e9nyek\" title=\"Pierre A. Renoir \u2013 Still Life with Peaches - Pierre A. Renoir - Csend\u00e9let \u0151szibarackkal festm\u00e9nyek\" srcset=\"https:\/\/svetslik.si\/wp-content\/uploads\/2021\/09\/Pierre-A.-Renoir-\u2013-Still-Life-with-Peaches-2-scaled.jpg 2560w, https:\/\/svetslik.si\/wp-content\/uploads\/2021\/09\/Pierre-A.-Renoir-\u2013-Still-Life-with-Peaches-2-scaled-600x338.jpg 600w, https:\/\/svetslik.si\/wp-content\/uploads\/2021\/09\/Pierre-A.-Renoir-\u2013-Still-Life-with-Peaches-2-scaled-1200x675.jpg 1200w, https:\/\/svetslik.si\/wp-content\/uploads\/2021\/09\/Pierre-A.-Renoir-\u2013-Still-Life-with-Peaches-2-300x169.jpg 300w, https:\/\/svetslik.si\/wp-content\/uploads\/2021\/09\/Pierre-A.-Renoir-\u2013-Still-Life-with-Peaches-2-1024x577.jpg 1024w, https:\/\/svetslik.si\/wp-content\/uploads\/2021\/09\/Pierre-A.-Renoir-\u2013-Still-Life-with-Peaches-2-768x432.jpg 768w, https:\/\/svetslik.si\/wp-content\/uploads\/2021\/09\/Pierre-A.-Renoir-\u2013-Still-Life-with-Peaches-2-1536x865.jpg 1536w, https:\/\/svetslik.si\/wp-content\/uploads\/2021\/09\/Pierre-A.-Renoir-\u2013-Still-Life-with-Peaches-2-2048x1153.jpg 2048w, https:\/\/svetslik.si\/wp-content\/uploads\/2021\/09\/Pierre-A.-Renoir-\u2013-Still-Life-with-Peaches-2-18x10.jpg 18w, https:\/\/svetslik.si\/wp-content\/uploads\/2021\/09\/Pierre-A.-Renoir-\u2013-Still-Life-with-Peaches-2-150x84.jpg 150w, https:\/\/svetslik.si\/wp-content\/uploads\/2021\/09\/Pierre-A.-Renoir-\u2013-Still-Life-with-Peaches-2-1320x743.jpg 1320w\" sizes=\"(max-width: 2560px) 100vw, 2560px\" \/>\t\t\t\t<\/div>\n\t\t\t\t\t\t\t\t\t\t\t<\/div>\n\t<\/div>\n  [\/vc_column][7\/vc_row][10px -bottom: 10px !important;}&#8221;][vc_column]\t<div class=\"et-image-122 et-image     et_image_link\">\n\t\t<div class=\"et-image-inner \">\n\t\t\t\t\t\t\t<div class=\"et-image-thumb \">\n\t\t\t\t\t<img decoding=\"async\" width=\"2560\" height=\"1441\" src=\"https:\/\/svetslik.si\/wp-content\/uploads\/2021\/09\/Pierre-A.-Renoir-\u2013-Still-Life-with-Peaches-3-scaled.jpg\" class=\"attachment-full\" alt=\"Pierre A. Renoir \u2013 Still Life with Peaches - Pierre A. Renoir - Csend\u00e9let \u0151szibarackkal festm\u00e9nyek\" title=\"Pierre A. Renoir \u2013 Still Life with Peaches - Pierre A. Renoir - Csend\u00e9let \u0151szibarackkal festm\u00e9nyek\" srcset=\"https:\/\/svetslik.si\/wp-content\/uploads\/2021\/09\/Pierre-A.-Renoir-\u2013-Still-Life-with-Peaches-3-scaled.jpg 2560w, https:\/\/svetslik.si\/wp-content\/uploads\/2021\/09\/Pierre-A.-Renoir-\u2013-Still-Life-with-Peaches-3-scaled-600x338.jpg 600w, https:\/\/svetslik.si\/wp-content\/uploads\/2021\/09\/Pierre-A.-Renoir-\u2013-Still-Life-with-Peaches-3-scaled-1200x675.jpg 1200w, https:\/\/svetslik.si\/wp-content\/uploads\/2021\/09\/Pierre-A.-Renoir-\u2013-Still-Life-with-Peaches-3-300x169.jpg 300w, https:\/\/svetslik.si\/wp-content\/uploads\/2021\/09\/Pierre-A.-Renoir-\u2013-Still-Life-with-Peaches-3-1024x577.jpg 1024w, https:\/\/svetslik.si\/wp-content\/uploads\/2021\/09\/Pierre-A.-Renoir-\u2013-Still-Life-with-Peaches-3-768x432.jpg 768w, https:\/\/svetslik.si\/wp-content\/uploads\/2021\/09\/Pierre-A.-Renoir-\u2013-Still-Life-with-Peaches-3-1536x865.jpg 1536w, https:\/\/svetslik.si\/wp-content\/uploads\/2021\/09\/Pierre-A.-Renoir-\u2013-Still-Life-with-Peaches-3-2048x1153.jpg 2048w, https:\/\/svetslik.si\/wp-content\/uploads\/2021\/09\/Pierre-A.-Renoir-\u2013-Still-Life-with-Peaches-3-18x10.jpg 18w, https:\/\/svetslik.si\/wp-content\/uploads\/2021\/09\/Pierre-A.-Renoir-\u2013-Still-Life-with-Peaches-3-150x84.jpg 150w, https:\/\/svetslik.si\/wp-content\/uploads\/2021\/09\/Pierre-A.-Renoir-\u2013-Still-Life-with-Peaches-3-1320x743.jpg 1320w\" sizes=\"(max-width: 2560px) 100vw, 2560px\" \/>\t\t\t\t<\/div>\n\t\t\t\t\t\t\t\t\t\t\t<\/div>\n\t<\/div>\n  [\/vc_column][\/vc_row][vc_row][vc_column][vc_column_text]\n<h1>Pierre A. Renoir \u2013 Csend\u00e9let \u0151szibarackkal<\/h1>\n<p>&nbsp;<\/p>\n<table style=\"width: 632px\" border=\"0\" width=\"632\" cellpadding=\"0\">\n<tbody>\n<tr>\n<td style=\"width: 180px;height: 21px\" height=\"21\">L\u00e9trehoz\u00e1s \u00e9ve:<\/td>\n<td style=\"width: 452px\">1881<\/td>\n<\/tr>\n<tr>\n<td style=\"width: 180px;height: 21px\" height=\"21\">Eredeti m\u00e9ret:<\/td>\n<td style=\"width: 452px\">64,8 cm x 53,3 cm<\/td>\n<\/tr>\n<tr>\n<td style=\"width: 180px;height: 21px\" height=\"21\">Fest\u00e9si st\u00edlus:<\/td>\n<td style=\"width: 452px\">Impresszionizmus<\/td>\n<\/tr>\n<tr>\n<td style=\"width: 180px;height: 21px\" height=\"21\">Eredeti technika:<\/td>\n<td>Olaj, v\u00e1szon<\/td>\n<\/tr>\n<tr>\n<td style=\"width: 180px;height: 21px\" height=\"21\">Helysz\u00edn:<\/td>\n<td style=\"width: 452px\">Metropolitan Museum of Art, New York<\/td>\n<\/tr>\n<\/tbody>\n<colgroup>\n<col \/>\n<col \/> <\/colgroup>\n<\/table>\n<p>A 19. sz\u00e1zad 80-as \u00e9veinek elej\u00e9n Renoir a m\u0171v\u00e9szeti kutat\u00e1snak szentelte mag\u00e1t. Ez id\u0151 alatt portr\u00e9k \u00e9s csend\u00e9letek fest\u00e9s\u00e9b\u0151l \u00e9lt, k\u00eds\u00e9rletez\u00e9si lehet\u0151s\u00e9get tal\u00e1lt a csend\u00e9letfest\u00e9szetben is. Renoir k\u00e9s\u0151bb kijelentette, hogy nagyon nyugodt volt csend\u00e9letek fest\u00e9sekor, mivel szabadon k\u00eds\u00e9rletezhetett k\u00fcl\u00f6nf\u00e9le technik\u00e1kkal an\u00e9lk\u00fcl, hogy agg\u00f3dott volna a festm\u00e9ny v\u00e9gs\u0151 megjelen\u00e9se miatt.[\/vc_column_text][\/vc_column][\/vc_row]\n<\/div>","protected":false},"excerpt":{"rendered":"<p>[vc_row css=&#8221;.vc_custom_1670947865203{margin-bottom: 10px !important;}&#8221;][vc_column][\/vc_column][\/vcrow_rows][\/vcrow_rows =&#8221;.vc_custom_1670947865203{margin-bottom: 10px !important;}&#8221;][vc_column][\/vc_column][\/vc_row][vc_. vc_custom_1670947865203{margin-bottom: 10px !important;}&#8221;][vc_column][\/vc_column][7\/vc_row][10px -bottom: 10px !important;}&#8221;][vc_column][\/vc_column][\/vc_row][vc_row][vc_column][vc_column_text] Pierre A. Renoir \u2013 Csend\u00e9let \u0151szibarackkal &nbsp; L\u00e9trehoz\u00e1s \u00e9ve: 1881 Eredeti m\u00e9ret: 64,8 cm x 53,3 cm Fest\u00e9si st\u00edlus: Impresszionizmus Eredeti technika: Olaj, v\u00e1szon Helysz\u00edn: Metropolitan Museum of Art, New York A 19. sz\u00e1zad 80-as \u00e9veinek elej\u00e9n [&hellip;]<\/p>\n","protected":false},"featured_media":50064,"template":"","meta":{"_acf_changed":false},"product_brand":[],"product_cat":[7148],"product_tag":[11885,7194,11886,11887],"class_list":{"0":"post-53997","1":"product","2":"type-product","3":"status-publish","4":"has-post-thumbnail","6":"product_cat-pierre-a-renoir-hu","7":"product_tag-painter-hu","8":"product_tag-renoir-hu","9":"product_tag-reproduction","10":"product_tag-reproductions-hu","11":"pa_dimenzija-120-x-100-cm-hu","12":"pa_dimenzija-180-x-80-cm-hu","13":"pa_dimenzija-40-x-30-cm-hu","14":"pa_dimenzija-50-x-40-cm-hu","15":"pa_dimenzija-60-x-50-cm-hu","16":"pa_dimenzija-65-x-53-cm-hu","17":"pa_dimenzija-70-x-60-cm-hu","18":"pa_dimenzija-80-x-65-cm-hu","19":"pa_oblika-vizszintes","20":"pa_okvir-nincs-keret","21":"pa_podokvir-igen","22":"pa_podokvir-nem","24":"first","25":"onbackorder","26":"purchasable","27":"product-type-variable","28":"has-default-attributes"},"acf":[],"yoast_head":"<!-- This site is optimized with the Yoast SEO Premium plugin v26.0 (Yoast SEO v27.2) - https:\/\/yoast.com\/product\/yoast-seo-premium-wordpress\/ -->\n<title>Pierre A. Renoir - Still Life with Peaches - SVETSLIK.SI - 100% k\u00e9zzel festett<\/title>\n<meta name=\"description\" content=\"Pierre A. Renoir - Still Life with Peaches - 100% k\u00e9zzel festett h\u00edres festm\u00e9nyek reprodukci\u00f3i. Festm\u00e9nyek keretez\u00e9se, elad\u00e1sa \u00e9s egyedi rendel\u00e9sre t\u00f6rt\u00e9n\u0151 v\u00e1szonk\u00e9pek k\u00e9sz\u00edt\u00e9se.\" \/>\n<meta name=\"robots\" content=\"index, follow, max-snippet:-1, max-image-preview:large, max-video-preview:-1\" \/>\n<link rel=\"canonical\" href=\"https:\/\/svetslik.si\/hu\/pierre-a-renoir-hu\/still-life-with-peaches\/\" \/>\n<meta property=\"og:locale\" content=\"hu_HU\" \/>\n<meta property=\"og:type\" content=\"article\" \/>\n<meta property=\"og:title\" content=\"Pierre A. Renoir - Still Life with Peaches\" \/>\n<meta property=\"og:description\" content=\"100% ro\u010dno naslikane slike na platnu, reprodukcije znanih slikarjev in umetni\u0161ke slike po naro\u010dilu.\" \/>\n<meta property=\"og:url\" content=\"https:\/\/svetslik.si\/hu\/pierre-a-renoir-hu\/still-life-with-peaches\/\" \/>\n<meta property=\"og:site_name\" content=\"SVETSLIK.SI\" \/>\n<meta property=\"article:publisher\" content=\"https:\/\/www.facebook.com\/svetslik.si\" \/>\n<meta property=\"article:modified_time\" content=\"2026-03-22T20:45:10+00:00\" \/>\n<meta property=\"og:image\" content=\"https:\/\/svetslik.si\/wp-content\/uploads\/2021\/08\/image_Still-Life-with-Peaches-Renoir_680.jpg\" \/>\n\t<meta property=\"og:image:width\" content=\"680\" \/>\n\t<meta property=\"og:image:height\" content=\"562\" \/>\n\t<meta property=\"og:image:type\" content=\"image\/jpeg\" \/>\n<meta name=\"twitter:card\" content=\"summary_large_image\" \/>\n<meta name=\"twitter:site\" content=\"@svetslik\" \/>\n<meta name=\"twitter:label1\" content=\"El\u00e9rhet\u0151s\u00e9g\" \/>\n\t<meta name=\"twitter:data1\" content=\"Beszerz\u00e9s alatt\" \/>\n<script type=\"application\/ld+json\" class=\"yoast-schema-graph\">{\"@context\":\"https:\/\/schema.org\",\"@graph\":[{\"@type\":[\"WebPage\",\"ItemPage\"],\"@id\":\"https:\/\/svetslik.si\/hu\/pierre-a-renoir-hu\/still-life-with-peaches\/\",\"url\":\"https:\/\/svetslik.si\/hu\/pierre-a-renoir-hu\/still-life-with-peaches\/\",\"name\":\"Pierre A. Renoir - Still Life with Peaches - SVETSLIK.SI - 100% k\u00e9zzel festett\",\"isPartOf\":{\"@id\":\"https:\/\/svetslik.si\/hu\/#website\"},\"primaryImageOfPage\":{\"@id\":\"https:\/\/svetslik.si\/hu\/pierre-a-renoir-hu\/still-life-with-peaches\/#primaryimage\"},\"image\":{\"@id\":\"https:\/\/svetslik.si\/hu\/pierre-a-renoir-hu\/still-life-with-peaches\/#primaryimage\"},\"thumbnailUrl\":\"https:\/\/svetslik.si\/wp-content\/uploads\/2021\/08\/image_Still-Life-with-Peaches-Renoir_680.jpg\",\"datePublished\":\"2021-09-02T15:57:47+00:00\",\"dateModified\":\"2026-03-22T20:45:10+00:00\",\"description\":\"Pierre A. Renoir - Still Life with Peaches - 100% k\u00e9zzel festett h\u00edres festm\u00e9nyek reprodukci\u00f3i. Festm\u00e9nyek keretez\u00e9se, elad\u00e1sa \u00e9s egyedi rendel\u00e9sre t\u00f6rt\u00e9n\u0151 v\u00e1szonk\u00e9pek k\u00e9sz\u00edt\u00e9se.\",\"breadcrumb\":{\"@id\":\"https:\/\/svetslik.si\/hu\/pierre-a-renoir-hu\/still-life-with-peaches\/#breadcrumb\"},\"inLanguage\":\"hu\",\"potentialAction\":[{\"@type\":\"ReadAction\",\"target\":[\"https:\/\/svetslik.si\/hu\/pierre-a-renoir-hu\/still-life-with-peaches\/\"]}]},{\"@type\":\"ImageObject\",\"inLanguage\":\"hu\",\"@id\":\"https:\/\/svetslik.si\/hu\/pierre-a-renoir-hu\/still-life-with-peaches\/#primaryimage\",\"url\":\"https:\/\/svetslik.si\/wp-content\/uploads\/2021\/08\/image_Still-Life-with-Peaches-Renoir_680.jpg\",\"contentUrl\":\"https:\/\/svetslik.si\/wp-content\/uploads\/2021\/08\/image_Still-Life-with-Peaches-Renoir_680.jpg\",\"width\":680,\"height\":562,\"caption\":\"Pierre A. Renoir \u2013 Still Life with Peaches (Csend\u00e9let \u0151szibarackkal) - Vazonk\u00e9p, festm\u00e9nyek, reprodukci\u00f3\"},{\"@type\":\"BreadcrumbList\",\"@id\":\"https:\/\/svetslik.si\/hu\/pierre-a-renoir-hu\/still-life-with-peaches\/#breadcrumb\",\"itemListElement\":[{\"@type\":\"ListItem\",\"position\":1,\"name\":\"Wall art and paintings on canvas\",\"item\":\"https:\/\/svetslik.si\/hu\/\"},{\"@type\":\"ListItem\",\"position\":2,\"name\":\"Festm\u00e9nyek elad\u00e1sa\",\"item\":\"https:\/\/svetslik.si\/prodaja-slik\/\"},{\"@type\":\"ListItem\",\"position\":3,\"name\":\"Pierre A. Renoir &#8211; Still Life with Peaches\"}]},{\"@type\":\"WebSite\",\"@id\":\"https:\/\/svetslik.si\/hu\/#website\",\"url\":\"https:\/\/svetslik.si\/hu\/\",\"name\":\"SVETSLIK.SI\",\"description\":\"100%-ban k\u00e9zzel festett reprodukci\u00f3k h\u00edres fest\u0151k festm\u00e9nyeir\u0151l \u00e9s festm\u00e9nyekr\u0151l v\u00e1szonra.\",\"publisher\":{\"@id\":\"https:\/\/svetslik.si\/hu\/#organization\"},\"potentialAction\":[{\"@type\":\"SearchAction\",\"target\":{\"@type\":\"EntryPoint\",\"urlTemplate\":\"https:\/\/svetslik.si\/hu\/?s={search_term_string}\"},\"query-input\":{\"@type\":\"PropertyValueSpecification\",\"valueRequired\":true,\"valueName\":\"search_term_string\"}}],\"inLanguage\":\"hu\"},{\"@type\":\"Organization\",\"@id\":\"https:\/\/svetslik.si\/hu\/#organization\",\"name\":\"SvetSlik.si\",\"url\":\"https:\/\/svetslik.si\/hu\/\",\"logo\":{\"@type\":\"ImageObject\",\"inLanguage\":\"hu\",\"@id\":\"https:\/\/svetslik.si\/hu\/#\/schema\/logo\/image\/\",\"url\":\"https:\/\/svetslik.si\/wp-content\/uploads\/2020\/12\/logo-512.png\",\"contentUrl\":\"https:\/\/svetslik.si\/wp-content\/uploads\/2020\/12\/logo-512.png\",\"width\":512,\"height\":512,\"caption\":\"SvetSlik.si\"},\"image\":{\"@id\":\"https:\/\/svetslik.si\/hu\/#\/schema\/logo\/image\/\"},\"sameAs\":[\"https:\/\/www.facebook.com\/svetslik.si\",\"https:\/\/x.com\/svetslik\",\"https:\/\/www.instagram.com\/svetslik.si\/\",\"https:\/\/www.linkedin.com\/company\/svetslik-si\"]}]}<\/script>\n<meta property=\"og:availability\" content=\"backorder\" \/>\n<meta property=\"product:availability\" content=\"available for order\" \/>\n<meta property=\"product:retailer_item_id\" content=\"323__\" \/>\n<meta property=\"product:condition\" content=\"new\" \/>\n<!-- \/ Yoast SEO Premium plugin. -->","yoast_head_json":{"title":"Pierre A. Renoir - Still Life with Peaches - SVETSLIK.SI - 100% k\u00e9zzel festett","description":"Pierre A. Renoir - Still Life with Peaches - 100% k\u00e9zzel festett h\u00edres festm\u00e9nyek reprodukci\u00f3i. Festm\u00e9nyek keretez\u00e9se, elad\u00e1sa \u00e9s egyedi rendel\u00e9sre t\u00f6rt\u00e9n\u0151 v\u00e1szonk\u00e9pek k\u00e9sz\u00edt\u00e9se.","robots":{"index":"index","follow":"follow","max-snippet":"max-snippet:-1","max-image-preview":"max-image-preview:large","max-video-preview":"max-video-preview:-1"},"canonical":"https:\/\/svetslik.si\/hu\/pierre-a-renoir-hu\/still-life-with-peaches\/","og_locale":"hu_HU","og_type":"article","og_title":"Pierre A. Renoir - Still Life with Peaches","og_description":"100% ro\u010dno naslikane slike na platnu, reprodukcije znanih slikarjev in umetni\u0161ke slike po naro\u010dilu.","og_url":"https:\/\/svetslik.si\/hu\/pierre-a-renoir-hu\/still-life-with-peaches\/","og_site_name":"SVETSLIK.SI","article_publisher":"https:\/\/www.facebook.com\/svetslik.si","article_modified_time":"2026-03-22T20:45:10+00:00","og_image":[{"width":680,"height":562,"url":"https:\/\/svetslik.si\/wp-content\/uploads\/2021\/08\/image_Still-Life-with-Peaches-Renoir_680.jpg","type":"image\/jpeg"}],"twitter_card":"summary_large_image","twitter_site":"@svetslik","twitter_misc":{"El\u00e9rhet\u0151s\u00e9g":"Beszerz\u00e9s alatt"},"schema":{"@context":"https:\/\/schema.org","@graph":[{"@type":["WebPage","ItemPage"],"@id":"https:\/\/svetslik.si\/hu\/pierre-a-renoir-hu\/still-life-with-peaches\/","url":"https:\/\/svetslik.si\/hu\/pierre-a-renoir-hu\/still-life-with-peaches\/","name":"Pierre A. Renoir - Still Life with Peaches - SVETSLIK.SI - 100% k\u00e9zzel festett","isPartOf":{"@id":"https:\/\/svetslik.si\/hu\/#website"},"primaryImageOfPage":{"@id":"https:\/\/svetslik.si\/hu\/pierre-a-renoir-hu\/still-life-with-peaches\/#primaryimage"},"image":{"@id":"https:\/\/svetslik.si\/hu\/pierre-a-renoir-hu\/still-life-with-peaches\/#primaryimage"},"thumbnailUrl":"https:\/\/svetslik.si\/wp-content\/uploads\/2021\/08\/image_Still-Life-with-Peaches-Renoir_680.jpg","datePublished":"2021-09-02T15:57:47+00:00","dateModified":"2026-03-22T20:45:10+00:00","description":"Pierre A. Renoir - Still Life with Peaches - 100% k\u00e9zzel festett h\u00edres festm\u00e9nyek reprodukci\u00f3i. Festm\u00e9nyek keretez\u00e9se, elad\u00e1sa \u00e9s egyedi rendel\u00e9sre t\u00f6rt\u00e9n\u0151 v\u00e1szonk\u00e9pek k\u00e9sz\u00edt\u00e9se.","breadcrumb":{"@id":"https:\/\/svetslik.si\/hu\/pierre-a-renoir-hu\/still-life-with-peaches\/#breadcrumb"},"inLanguage":"hu","potentialAction":[{"@type":"ReadAction","target":["https:\/\/svetslik.si\/hu\/pierre-a-renoir-hu\/still-life-with-peaches\/"]}]},{"@type":"ImageObject","inLanguage":"hu","@id":"https:\/\/svetslik.si\/hu\/pierre-a-renoir-hu\/still-life-with-peaches\/#primaryimage","url":"https:\/\/svetslik.si\/wp-content\/uploads\/2021\/08\/image_Still-Life-with-Peaches-Renoir_680.jpg","contentUrl":"https:\/\/svetslik.si\/wp-content\/uploads\/2021\/08\/image_Still-Life-with-Peaches-Renoir_680.jpg","width":680,"height":562,"caption":"Pierre A. Renoir \u2013 Still Life with Peaches (Csend\u00e9let \u0151szibarackkal) - Vazonk\u00e9p, festm\u00e9nyek, reprodukci\u00f3"},{"@type":"BreadcrumbList","@id":"https:\/\/svetslik.si\/hu\/pierre-a-renoir-hu\/still-life-with-peaches\/#breadcrumb","itemListElement":[{"@type":"ListItem","position":1,"name":"Wall art and paintings on canvas","item":"https:\/\/svetslik.si\/hu\/"},{"@type":"ListItem","position":2,"name":"Festm\u00e9nyek elad\u00e1sa","item":"https:\/\/svetslik.si\/prodaja-slik\/"},{"@type":"ListItem","position":3,"name":"Pierre A. Renoir &#8211; Still Life with Peaches"}]},{"@type":"WebSite","@id":"https:\/\/svetslik.si\/hu\/#website","url":"https:\/\/svetslik.si\/hu\/","name":"SVETSLIK.SI","description":"100%-ban k\u00e9zzel festett reprodukci\u00f3k h\u00edres fest\u0151k festm\u00e9nyeir\u0151l \u00e9s festm\u00e9nyekr\u0151l v\u00e1szonra.","publisher":{"@id":"https:\/\/svetslik.si\/hu\/#organization"},"potentialAction":[{"@type":"SearchAction","target":{"@type":"EntryPoint","urlTemplate":"https:\/\/svetslik.si\/hu\/?s={search_term_string}"},"query-input":{"@type":"PropertyValueSpecification","valueRequired":true,"valueName":"search_term_string"}}],"inLanguage":"hu"},{"@type":"Organization","@id":"https:\/\/svetslik.si\/hu\/#organization","name":"SvetSlik.si","url":"https:\/\/svetslik.si\/hu\/","logo":{"@type":"ImageObject","inLanguage":"hu","@id":"https:\/\/svetslik.si\/hu\/#\/schema\/logo\/image\/","url":"https:\/\/svetslik.si\/wp-content\/uploads\/2020\/12\/logo-512.png","contentUrl":"https:\/\/svetslik.si\/wp-content\/uploads\/2020\/12\/logo-512.png","width":512,"height":512,"caption":"SvetSlik.si"},"image":{"@id":"https:\/\/svetslik.si\/hu\/#\/schema\/logo\/image\/"},"sameAs":["https:\/\/www.facebook.com\/svetslik.si","https:\/\/x.com\/svetslik","https:\/\/www.instagram.com\/svetslik.si\/","https:\/\/www.linkedin.com\/company\/svetslik-si"]}]},"og_availability":"backorder","product_availability":"available for order","product_retailer_item_id":"323__","product_condition":"new"},"jetpack_sharing_enabled":true,"_links":{"self":[{"href":"https:\/\/svetslik.si\/hu\/wp-json\/wp\/v2\/product\/53997","targetHints":{"allow":["GET"]}}],"collection":[{"href":"https:\/\/svetslik.si\/hu\/wp-json\/wp\/v2\/product"}],"about":[{"href":"https:\/\/svetslik.si\/hu\/wp-json\/wp\/v2\/types\/product"}],"wp:featuredmedia":[{"embeddable":true,"href":"https:\/\/svetslik.si\/hu\/wp-json\/wp\/v2\/media\/50064"}],"wp:attachment":[{"href":"https:\/\/svetslik.si\/hu\/wp-json\/wp\/v2\/media?parent=53997"}],"wp:term":[{"taxonomy":"product_brand","embeddable":true,"href":"https:\/\/svetslik.si\/hu\/wp-json\/wp\/v2\/product_brand?post=53997"},{"taxonomy":"product_cat","embeddable":true,"href":"https:\/\/svetslik.si\/hu\/wp-json\/wp\/v2\/product_cat?post=53997"},{"taxonomy":"product_tag","embeddable":true,"href":"https:\/\/svetslik.si\/hu\/wp-json\/wp\/v2\/product_tag?post=53997"}],"curies":[{"name":"wp","href":"https:\/\/api.w.org\/{rel}","templated":true}]}}