{"id":54212,"date":"2021-09-02T18:00:15","date_gmt":"2021-09-02T16:00:15","guid":{"rendered":"https:\/\/svetslik.si\/nem-kategorizalt\/apparatus-and-hand\/"},"modified":"2026-03-22T21:49:17","modified_gmt":"2026-03-22T20:49:17","slug":"apparatus-and-hand","status":"publish","type":"product","link":"https:\/\/svetslik.si\/hu\/salvador-dali-hu\/apparatus-and-hand\/","title":{"rendered":"Salvador Dali &#8211; Apparatus and Hand"},"content":{"rendered":"<div class=\"wpb-content-wrapper\">[vc_row css=&#8221;.vc_custom_1755589697941{margin-bottom: 5px !important;}&#8221;][vc_column]\t<div class=\"et-image-649 et-image     et_image_link\">\n\t\t<div class=\"et-image-inner \">\n\t\t\t\t\t\t\t<div class=\"et-image-thumb \">\n\t\t\t\t\t<img decoding=\"async\" width=\"1500\" height=\"1797\" src=\"https:\/\/svetslik.si\/wp-content\/uploads\/2021\/09\/Salvador-Dali-\u2013-Apparatus-and-Hand-umetniska-slika-na-platnu.jpg\" class=\"attachment-full\" alt=\"Salvador Dali \u2013 Apparatus and Hand umetniska slika na platnu\" title=\"Salvador Dali - Apparatus and Hand\" srcset=\"https:\/\/svetslik.si\/wp-content\/uploads\/2021\/09\/Salvador-Dali-\u2013-Apparatus-and-Hand-umetniska-slika-na-platnu.jpg 1500w, https:\/\/svetslik.si\/wp-content\/uploads\/2021\/09\/Salvador-Dali-\u2013-Apparatus-and-Hand-umetniska-slika-na-platnu-600x719.jpg 600w, https:\/\/svetslik.si\/wp-content\/uploads\/2021\/09\/Salvador-Dali-\u2013-Apparatus-and-Hand-umetniska-slika-na-platnu-1200x1438.jpg 1200w, https:\/\/svetslik.si\/wp-content\/uploads\/2021\/09\/Salvador-Dali-\u2013-Apparatus-and-Hand-umetniska-slika-na-platnu-250x300.jpg 250w, https:\/\/svetslik.si\/wp-content\/uploads\/2021\/09\/Salvador-Dali-\u2013-Apparatus-and-Hand-umetniska-slika-na-platnu-855x1024.jpg 855w, https:\/\/svetslik.si\/wp-content\/uploads\/2021\/09\/Salvador-Dali-\u2013-Apparatus-and-Hand-umetniska-slika-na-platnu-768x920.jpg 768w, https:\/\/svetslik.si\/wp-content\/uploads\/2021\/09\/Salvador-Dali-\u2013-Apparatus-and-Hand-umetniska-slika-na-platnu-1282x1536.jpg 1282w, https:\/\/svetslik.si\/wp-content\/uploads\/2021\/09\/Salvador-Dali-\u2013-Apparatus-and-Hand-umetniska-slika-na-platnu-125x150.jpg 125w\" sizes=\"(max-width: 1500px) 100vw, 1500px\" \/>\t\t\t\t<\/div>\n\t\t\t\t\t\t\t\t\t\t\t<\/div>\n\t<\/div>\n  [\/vc_column][\/vc_row][vc_row css=&#8221;.vc_custom_1755589697941{margin-bottom: 5px !important;}&#8221;][vc_column]\t<div class=\"et-image-507 et-image     et_image_link\">\n\t\t<div class=\"et-image-inner \">\n\t\t\t\t\t\t\t<div class=\"et-image-thumb \">\n\t\t\t\t\t<img decoding=\"async\" width=\"1500\" height=\"1125\" src=\"https:\/\/svetslik.si\/wp-content\/uploads\/2021\/09\/Salvador-Dali-\u2013-Apparatus-and-Hand-umetniska-slika-na-platnu-3.jpg\" class=\"attachment-full\" alt=\"Salvador Dali \u2013 Apparatus and Hand umetniska slika na platnu\" title=\"Salvador Dali - Apparatus and Hand\" srcset=\"https:\/\/svetslik.si\/wp-content\/uploads\/2021\/09\/Salvador-Dali-\u2013-Apparatus-and-Hand-umetniska-slika-na-platnu-3.jpg 1500w, https:\/\/svetslik.si\/wp-content\/uploads\/2021\/09\/Salvador-Dali-\u2013-Apparatus-and-Hand-umetniska-slika-na-platnu-3-600x450.jpg 600w, https:\/\/svetslik.si\/wp-content\/uploads\/2021\/09\/Salvador-Dali-\u2013-Apparatus-and-Hand-umetniska-slika-na-platnu-3-1200x900.jpg 1200w, https:\/\/svetslik.si\/wp-content\/uploads\/2021\/09\/Salvador-Dali-\u2013-Apparatus-and-Hand-umetniska-slika-na-platnu-3-300x225.jpg 300w, https:\/\/svetslik.si\/wp-content\/uploads\/2021\/09\/Salvador-Dali-\u2013-Apparatus-and-Hand-umetniska-slika-na-platnu-3-1024x768.jpg 1024w, https:\/\/svetslik.si\/wp-content\/uploads\/2021\/09\/Salvador-Dali-\u2013-Apparatus-and-Hand-umetniska-slika-na-platnu-3-768x576.jpg 768w, https:\/\/svetslik.si\/wp-content\/uploads\/2021\/09\/Salvador-Dali-\u2013-Apparatus-and-Hand-umetniska-slika-na-platnu-3-150x113.jpg 150w\" sizes=\"(max-width: 1500px) 100vw, 1500px\" \/>\t\t\t\t<\/div>\n\t\t\t\t\t\t\t\t\t\t\t<\/div>\n\t<\/div>\n  [\/vc_column][\/vc_row][vc_row css=&#8221;.vc_custom_1755589697941{margin-bottom: 5px !important;}&#8221;][vc_column]\t<div class=\"et-image-694 et-image     et_image_link\">\n\t\t<div class=\"et-image-inner \">\n\t\t\t\t\t\t\t<div class=\"et-image-thumb \">\n\t\t\t\t\t<img decoding=\"async\" width=\"1500\" height=\"1856\" src=\"https:\/\/svetslik.si\/wp-content\/uploads\/2021\/09\/Salvador-Dali-\u2013-Apparatus-and-Hand-umetniska-slika-na-platnu-1.jpg\" class=\"attachment-full\" alt=\"Salvador Dali \u2013 Apparatus and Hand umetniska slika na platnu\" title=\"Salvador Dali - Apparatus and Hand\" srcset=\"https:\/\/svetslik.si\/wp-content\/uploads\/2021\/09\/Salvador-Dali-\u2013-Apparatus-and-Hand-umetniska-slika-na-platnu-1.jpg 1500w, https:\/\/svetslik.si\/wp-content\/uploads\/2021\/09\/Salvador-Dali-\u2013-Apparatus-and-Hand-umetniska-slika-na-platnu-1-600x742.jpg 600w, https:\/\/svetslik.si\/wp-content\/uploads\/2021\/09\/Salvador-Dali-\u2013-Apparatus-and-Hand-umetniska-slika-na-platnu-1-1200x1485.jpg 1200w, https:\/\/svetslik.si\/wp-content\/uploads\/2021\/09\/Salvador-Dali-\u2013-Apparatus-and-Hand-umetniska-slika-na-platnu-1-242x300.jpg 242w, https:\/\/svetslik.si\/wp-content\/uploads\/2021\/09\/Salvador-Dali-\u2013-Apparatus-and-Hand-umetniska-slika-na-platnu-1-828x1024.jpg 828w, https:\/\/svetslik.si\/wp-content\/uploads\/2021\/09\/Salvador-Dali-\u2013-Apparatus-and-Hand-umetniska-slika-na-platnu-1-768x950.jpg 768w, https:\/\/svetslik.si\/wp-content\/uploads\/2021\/09\/Salvador-Dali-\u2013-Apparatus-and-Hand-umetniska-slika-na-platnu-1-1241x1536.jpg 1241w, https:\/\/svetslik.si\/wp-content\/uploads\/2021\/09\/Salvador-Dali-\u2013-Apparatus-and-Hand-umetniska-slika-na-platnu-1-121x150.jpg 121w\" sizes=\"(max-width: 1500px) 100vw, 1500px\" \/>\t\t\t\t<\/div>\n\t\t\t\t\t\t\t\t\t\t\t<\/div>\n\t<\/div>\n  [\/vc_column][\/vc_row][vc_row css=&#8221;.vc_custom_1755589697941{margin-bottom: 5px !important;}&#8221;][vc_column]\t<div class=\"et-image-481 et-image     et_image_link\">\n\t\t<div class=\"et-image-inner \">\n\t\t\t\t\t\t\t<div class=\"et-image-thumb \">\n\t\t\t\t\t<img decoding=\"async\" width=\"1500\" height=\"1125\" src=\"https:\/\/svetslik.si\/wp-content\/uploads\/2021\/09\/Salvador-Dali-\u2013-Apparatus-and-Hand-umetniska-slika-na-platnu-4.jpg\" class=\"attachment-full\" alt=\"Salvador Dali \u2013 Apparatus and Hand umetniska slika na platnu\" title=\"Salvador Dali - Apparatus and Hand\" srcset=\"https:\/\/svetslik.si\/wp-content\/uploads\/2021\/09\/Salvador-Dali-\u2013-Apparatus-and-Hand-umetniska-slika-na-platnu-4.jpg 1500w, https:\/\/svetslik.si\/wp-content\/uploads\/2021\/09\/Salvador-Dali-\u2013-Apparatus-and-Hand-umetniska-slika-na-platnu-4-600x450.jpg 600w, https:\/\/svetslik.si\/wp-content\/uploads\/2021\/09\/Salvador-Dali-\u2013-Apparatus-and-Hand-umetniska-slika-na-platnu-4-1200x900.jpg 1200w, https:\/\/svetslik.si\/wp-content\/uploads\/2021\/09\/Salvador-Dali-\u2013-Apparatus-and-Hand-umetniska-slika-na-platnu-4-300x225.jpg 300w, https:\/\/svetslik.si\/wp-content\/uploads\/2021\/09\/Salvador-Dali-\u2013-Apparatus-and-Hand-umetniska-slika-na-platnu-4-1024x768.jpg 1024w, https:\/\/svetslik.si\/wp-content\/uploads\/2021\/09\/Salvador-Dali-\u2013-Apparatus-and-Hand-umetniska-slika-na-platnu-4-768x576.jpg 768w, https:\/\/svetslik.si\/wp-content\/uploads\/2021\/09\/Salvador-Dali-\u2013-Apparatus-and-Hand-umetniska-slika-na-platnu-4-150x113.jpg 150w\" sizes=\"(max-width: 1500px) 100vw, 1500px\" \/>\t\t\t\t<\/div>\n\t\t\t\t\t\t\t\t\t\t\t<\/div>\n\t<\/div>\n  [\/vc_column][\/vc_row][vc_row css=&#8221;.vc_custom_1755589697941{margin-bottom: 5px !important;}&#8221;][vc_column]\t<div class=\"et-image-431 et-image     et_image_link\">\n\t\t<div class=\"et-image-inner \">\n\t\t\t\t\t\t\t<div class=\"et-image-thumb \">\n\t\t\t\t\t<img decoding=\"async\" width=\"1500\" height=\"1125\" src=\"https:\/\/svetslik.si\/wp-content\/uploads\/2021\/09\/Salvador-Dali-\u2013-Apparatus-and-Hand-umetniska-slika-na-platnu-5.jpg\" class=\"attachment-full\" alt=\"Salvador Dali \u2013 Apparatus and Hand umetniska slika na platnu\" title=\"Salvador Dali - Apparatus and Hand\" srcset=\"https:\/\/svetslik.si\/wp-content\/uploads\/2021\/09\/Salvador-Dali-\u2013-Apparatus-and-Hand-umetniska-slika-na-platnu-5.jpg 1500w, https:\/\/svetslik.si\/wp-content\/uploads\/2021\/09\/Salvador-Dali-\u2013-Apparatus-and-Hand-umetniska-slika-na-platnu-5-600x450.jpg 600w, https:\/\/svetslik.si\/wp-content\/uploads\/2021\/09\/Salvador-Dali-\u2013-Apparatus-and-Hand-umetniska-slika-na-platnu-5-1200x900.jpg 1200w, https:\/\/svetslik.si\/wp-content\/uploads\/2021\/09\/Salvador-Dali-\u2013-Apparatus-and-Hand-umetniska-slika-na-platnu-5-300x225.jpg 300w, https:\/\/svetslik.si\/wp-content\/uploads\/2021\/09\/Salvador-Dali-\u2013-Apparatus-and-Hand-umetniska-slika-na-platnu-5-1024x768.jpg 1024w, https:\/\/svetslik.si\/wp-content\/uploads\/2021\/09\/Salvador-Dali-\u2013-Apparatus-and-Hand-umetniska-slika-na-platnu-5-768x576.jpg 768w, https:\/\/svetslik.si\/wp-content\/uploads\/2021\/09\/Salvador-Dali-\u2013-Apparatus-and-Hand-umetniska-slika-na-platnu-5-150x113.jpg 150w\" sizes=\"(max-width: 1500px) 100vw, 1500px\" \/>\t\t\t\t<\/div>\n\t\t\t\t\t\t\t\t\t\t\t<\/div>\n\t<\/div>\n  [\/vc_column][\/vc_row][vc_row][vc_column][vc_column_text]\n<h1>Salvador Dali \u2013 K\u00e9sz\u00fcl\u00e9k \u00e9s k\u00e9z<\/h1>\n<p>&nbsp;<\/p>\n<table style=\"width: 673px;\" border=\"0\" width=\"673\" cellpadding=\"0\">\n<tbody>\n<tr>\n<td style=\"width: 180px; height: 21px;\" height=\"21\">L\u00e9trehoz\u00e1s \u00e9ve:<\/td>\n<td style=\"width: 493px;\">1927<\/td>\n<\/tr>\n<tr>\n<td style=\"width: 180px; height: 21px;\" height=\"21\">Eredeti m\u00e9ret:<\/td>\n<td style=\"width: 493px;\">47,5 cm x 62 cm<\/td>\n<\/tr>\n<tr>\n<td style=\"width: 180px; height: 21px;\" height=\"21\">Fest\u00e9si st\u00edlus:<\/td>\n<td>\n<div>\n<div>\n<div>\n<div>\n<div>Sz\u00fcrrealizmus<\/div>\n<\/div>\n<\/div>\n<\/div>\n<\/div>\n<\/td>\n<\/tr>\n<tr>\n<td style=\"width: 180px; height: 21px;\" height=\"21\">Eredeti technika:<\/td>\n<td>Olaj, v\u00e1szon<\/td>\n<\/tr>\n<tr>\n<td style=\"width: 180px; height: 21px;\" height=\"21\">Helysz\u00edn:<\/td>\n<td>Salvador Dal\u00ed M\u00fazeum, St. Petersburg, Florida<\/td>\n<\/tr>\n<\/tbody>\n<colgroup>\n<col \/>\n<col \/> <\/colgroup>\n<\/table>\n<p>Salvador Dal\u00ed &#8220;A k\u00e9sz\u00fcl\u00e9k \u00e9s a k\u00e9z&#8221; c\u00edm\u0171 festm\u00e9nye meglep\u0151 \u00e9s sz\u00fcrre\u00e1lis m\u0171alkot\u00e1s, amely a m\u0171v\u00e9sz egyedi st\u00edlus\u00e1t \u00e9s fant\u00e1zi\u00e1j\u00e1t mutatja be. Ez a festm\u00e9ny t\u00f6k\u00e9letes p\u00e9ld\u00e1ja Dal\u00ed azon k\u00e9pess\u00e9g\u00e9nek, hogy szorong\u00e1st \u00e9s zavarodotts\u00e1got v\u00e1ltson ki a n\u00e9z\u0151ben.<\/p>\n<p>A k\u00e9pen egy \u00f3ra l\u00e1that\u00f3 a tenyer\u00e9n, \u00e9s k\u00fcl\u00f6nb\u00f6z\u0151 mechanikai t\u00e1rgyakat tart, k\u00f6zt\u00fck fogaskerekeket \u00e9s mikroszk\u00f3pot. A k\u00e9z \u00e9s a t\u00e1rgyak az \u00fcress\u00e9gben lebegnek fekete h\u00e1tt\u00e9rrel. A kar\u00f3ra az id\u0151 \u00e9s a mozg\u00e1s \u00e9rzet\u00e9t kelti, m\u00edg a mechanikus t\u00e1rgyak a technol\u00f3gia \u00e9s a halad\u00e1s \u00e9rzet\u00e9t sugallj\u00e1k.<\/p>\n<p>Dal\u00ed szimbolik\u00e1ja a \u201eThe Apparatus and the Hand\u201d-ben feltehet\u0151en t\u00fckr\u00f6zi az ember \u00e9s a g\u00e9p kapcsolata \u00e9s a technol\u00f3gia emberi tapasztalatra gyakorolt \u200b\u200bhat\u00e1sa ir\u00e1nti \u00e9rdekl\u0151d\u00e9s\u00e9t. A k\u00e9z, az emberi \u00e9rint\u00e9s \u00e9s interakci\u00f3 szimb\u00f3luma, egy \u00f3r\u00e1t \u00e9s mechanikus t\u00e1rgyakat tart, amelyek a minket k\u00f6r\u00fclvev\u0151, folyamatosan fejl\u0151d\u0151 technol\u00f3gi\u00e1t k\u00e9pviselik. A k\u00e9p a technol\u00f3gi\u00e1t\u00f3l val\u00f3 n\u00f6vekv\u0151 f\u00fcgg\u0151s\u00e9g \u00e9s az ebb\u0151l fakad\u00f3 lehets\u00e9ges emberi kapcsolatveszt\u00e9s komment\u00e1rjak\u00e9nt \u00e9rtelmezhet\u0151.<\/p>\n<p>A festm\u00e9nyt a sz\u00fcrrealizmus remek\u00e9nek tartj\u00e1k, a gy\u0171jt\u0151k \u00e9s a m\u0171v\u00e9szet szerelmesei nagyra \u00e9rt\u00e9kelik. Egyben a legjobb p\u00e9ld\u00e1nak is tartj\u00e1k Dal\u00ed azon k\u00e9pess\u00e9g\u00e9t, hogy szorong\u00e1st \u00e9s zavarodotts\u00e1got keltsen a n\u00e9z\u0151ben. A festm\u00e9ny a vil\u00e1g sz\u00e1mos m\u00fazeum\u00e1ban tal\u00e1lhat\u00f3, \u00e9s megtekinthet\u0151 a nagyk\u00f6z\u00f6ns\u00e9g sz\u00e1m\u00e1ra.<\/p>\n<p>\u00d6sszefoglalva, a &#8220;The Apparatus and the Hand&#8221; egy meglep\u0151 \u00e9s sz\u00fcrre\u00e1lis m\u0171alkot\u00e1s, amely Salvador Dali egyedi st\u00edlus\u00e1t \u00e9s k\u00e9pzel\u0151erej\u00e9t mutatja be. Kiv\u00e1l\u00f3 p\u00e9ld\u00e1ja Dal\u00ednak, hogy szorong\u00e1st \u00e9s zavarodotts\u00e1got v\u00e1lt ki a n\u00e9z\u0151ben, \u00e9s t\u00fckr\u00f6zi az ember \u00e9s a g\u00e9p kapcsolata, valamint a technol\u00f3gia emberi tapasztalatra gyakorolt \u200b\u200bhat\u00e1sa ir\u00e1nti \u00e9rdekl\u0151d\u00e9s\u00e9t. Ha lehet\u0151s\u00e9ge ny\u00edlik r\u00e1, er\u0151sen javasoljuk, hogy l\u00e1togasson el egy m\u00fazeumba, \u00e9s n\u00e9zze meg \u00e9l\u0151ben ezt a festm\u00e9nyt, mivel ez egy igazi m\u0171alkot\u00e1s, amelyet l\u00e1tni kell, hogy teljes m\u00e9rt\u00e9kben \u00e9rt\u00e9kelni lehessen.<\/p>\n<\/div>","protected":false},"excerpt":{"rendered":"<p>[vc_row css=&#8221;.vc_custom_1755589697941{margin-bottom: 5px !important;}&#8221;][vc_column][\/vc_column][\/vc_row][vc_row css=&#8221;.vc_custom_1755589697941{margin-bottom: 5px !important;}&#8221;][vc_column][\/vc_column][\/vc_row][vc_row css=&#8221;.vc_custom_1755589697941{margin-bottom: 5px !important;}&#8221;][vc_column][\/vc_column][\/vc_row][vc_row css=&#8221;.vc_custom_1755589697941{margin-bottom: 5px !important;}&#8221;][vc_column][\/vc_column][\/vc_row][vc_row css=&#8221;.vc_custom_1755589697941{margin-bottom: 5px !important;}&#8221;][vc_column][\/vc_column][\/vc_row][vc_row][vc_column][vc_column_text] Salvador Dali \u2013 K\u00e9sz\u00fcl\u00e9k \u00e9s k\u00e9z &nbsp; L\u00e9trehoz\u00e1s \u00e9ve: 1927 Eredeti m\u00e9ret: 47,5 cm x 62 cm Fest\u00e9si st\u00edlus: Sz\u00fcrrealizmus Eredeti technika: Olaj, v\u00e1szon Helysz\u00edn: Salvador Dal\u00ed M\u00fazeum, St. Petersburg, Florida Salvador Dal\u00ed &#8220;A [&hellip;]<\/p>\n","protected":false},"featured_media":49351,"template":"","meta":{"_acf_changed":false},"product_brand":[],"product_cat":[7134],"product_tag":[7163,11885,11886,11887,7201],"class_list":{"0":"post-54212","1":"product","2":"type-product","3":"status-publish","4":"has-post-thumbnail","6":"product_cat-salvador-dali-hu","7":"product_tag-dali-hu","8":"product_tag-painter-hu","9":"product_tag-reproduction","10":"product_tag-reproductions-hu","11":"product_tag-salvador-dali-hu","12":"pa_dimenzija-100-x-130-cm","13":"pa_dimenzija-120-x-160-cm","14":"pa_dimenzija-150-x-200-cm","15":"pa_dimenzija-40-x-50-cm","16":"pa_dimenzija-48-x-62-cm","17":"pa_dimenzija-60-x-80-cm","18":"pa_dimenzija-70-x-90-cm","19":"pa_dimenzija-80-x-100-cm","20":"pa_oblika-fuggoleges","21":"pa_okvir-nincs-keret","22":"pa_podokvir-igen","23":"pa_podokvir-nem","25":"first","26":"onbackorder","27":"purchasable","28":"product-type-variable","29":"has-default-attributes"},"acf":[],"yoast_head":"<!-- This site is optimized with the Yoast SEO Premium plugin v26.0 (Yoast SEO v27.2) - https:\/\/yoast.com\/product\/yoast-seo-premium-wordpress\/ -->\n<title>Salvador Dali - Apparatus and Hand - SVETSLIK.SI - 100% k\u00e9zzel festett<\/title>\n<meta name=\"description\" content=\"Salvador Dali - Apparatus and Hand - 100% k\u00e9zzel festett h\u00edres festm\u00e9nyek reprodukci\u00f3i. Festm\u00e9nyek keretez\u00e9se, elad\u00e1sa \u00e9s egyedi rendel\u00e9sre t\u00f6rt\u00e9n\u0151 v\u00e1szonk\u00e9pek k\u00e9sz\u00edt\u00e9se.\" \/>\n<meta name=\"robots\" content=\"index, follow, max-snippet:-1, max-image-preview:large, max-video-preview:-1\" \/>\n<link rel=\"canonical\" href=\"https:\/\/svetslik.si\/hu\/salvador-dali-hu\/apparatus-and-hand\/\" \/>\n<meta property=\"og:locale\" content=\"hu_HU\" \/>\n<meta property=\"og:type\" content=\"article\" \/>\n<meta property=\"og:title\" content=\"Salvador Dali - Apparatus and Hand\" \/>\n<meta property=\"og:description\" content=\"100% ro\u010dno naslikane slike na platnu, reprodukcije znanih slikarjev in umetni\u0161ke slike po naro\u010dilu.\" \/>\n<meta property=\"og:url\" content=\"https:\/\/svetslik.si\/hu\/salvador-dali-hu\/apparatus-and-hand\/\" \/>\n<meta property=\"og:site_name\" content=\"SVETSLIK.SI\" \/>\n<meta property=\"article:publisher\" content=\"https:\/\/www.facebook.com\/svetslik.si\" \/>\n<meta property=\"article:modified_time\" content=\"2026-03-22T20:49:17+00:00\" \/>\n<meta property=\"og:image\" content=\"https:\/\/svetslik.si\/wp-content\/uploads\/2021\/08\/image_Apparatus-and-Hand_680.jpg\" \/>\n\t<meta property=\"og:image:width\" content=\"1040\" \/>\n\t<meta property=\"og:image:height\" content=\"1259\" \/>\n\t<meta property=\"og:image:type\" content=\"image\/jpeg\" \/>\n<meta name=\"twitter:card\" content=\"summary_large_image\" \/>\n<meta name=\"twitter:site\" content=\"@svetslik\" \/>\n<meta name=\"twitter:label1\" content=\"El\u00e9rhet\u0151s\u00e9g\" \/>\n\t<meta name=\"twitter:data1\" content=\"Beszerz\u00e9s alatt\" \/>\n<script type=\"application\/ld+json\" class=\"yoast-schema-graph\">{\"@context\":\"https:\/\/schema.org\",\"@graph\":[{\"@type\":[\"WebPage\",\"ItemPage\"],\"@id\":\"https:\/\/svetslik.si\/hu\/salvador-dali-hu\/apparatus-and-hand\/\",\"url\":\"https:\/\/svetslik.si\/hu\/salvador-dali-hu\/apparatus-and-hand\/\",\"name\":\"Salvador Dali - Apparatus and Hand - SVETSLIK.SI - 100% k\u00e9zzel festett\",\"isPartOf\":{\"@id\":\"https:\/\/svetslik.si\/hu\/#website\"},\"primaryImageOfPage\":{\"@id\":\"https:\/\/svetslik.si\/hu\/salvador-dali-hu\/apparatus-and-hand\/#primaryimage\"},\"image\":{\"@id\":\"https:\/\/svetslik.si\/hu\/salvador-dali-hu\/apparatus-and-hand\/#primaryimage\"},\"thumbnailUrl\":\"https:\/\/svetslik.si\/wp-content\/uploads\/2021\/08\/image_Apparatus-and-Hand_680.jpg\",\"datePublished\":\"2021-09-02T16:00:15+00:00\",\"dateModified\":\"2026-03-22T20:49:17+00:00\",\"description\":\"Salvador Dali - Apparatus and Hand - 100% k\u00e9zzel festett h\u00edres festm\u00e9nyek reprodukci\u00f3i. Festm\u00e9nyek keretez\u00e9se, elad\u00e1sa \u00e9s egyedi rendel\u00e9sre t\u00f6rt\u00e9n\u0151 v\u00e1szonk\u00e9pek k\u00e9sz\u00edt\u00e9se.\",\"breadcrumb\":{\"@id\":\"https:\/\/svetslik.si\/hu\/salvador-dali-hu\/apparatus-and-hand\/#breadcrumb\"},\"inLanguage\":\"hu\",\"potentialAction\":[{\"@type\":\"ReadAction\",\"target\":[\"https:\/\/svetslik.si\/hu\/salvador-dali-hu\/apparatus-and-hand\/\"]}]},{\"@type\":\"ImageObject\",\"inLanguage\":\"hu\",\"@id\":\"https:\/\/svetslik.si\/hu\/salvador-dali-hu\/apparatus-and-hand\/#primaryimage\",\"url\":\"https:\/\/svetslik.si\/wp-content\/uploads\/2021\/08\/image_Apparatus-and-Hand_680.jpg\",\"contentUrl\":\"https:\/\/svetslik.si\/wp-content\/uploads\/2021\/08\/image_Apparatus-and-Hand_680.jpg\",\"width\":1040,\"height\":1259,\"caption\":\"Salvador Dali - Apparatus and Hand - Appar\u00e1tus \u00e9s k\u00e9z - Salvador Dali - Apparatus and Hand - Festm\u00e9nyek reprodukci\u00f3i - V\u00e1szonk\u00e9p - Festm\u00e9nyek reprodukci\u00f3i - Absztrakt Festm\u00e9ny - Modern Festm\u00e9ny - Realisztikus Festm\u00e9ny - Olajfestm\u00e9ny - Falik\u00e9p\"},{\"@type\":\"BreadcrumbList\",\"@id\":\"https:\/\/svetslik.si\/hu\/salvador-dali-hu\/apparatus-and-hand\/#breadcrumb\",\"itemListElement\":[{\"@type\":\"ListItem\",\"position\":1,\"name\":\"Wall art and paintings on canvas\",\"item\":\"https:\/\/svetslik.si\/hu\/\"},{\"@type\":\"ListItem\",\"position\":2,\"name\":\"Festm\u00e9nyek elad\u00e1sa\",\"item\":\"https:\/\/svetslik.si\/prodaja-slik\/\"},{\"@type\":\"ListItem\",\"position\":3,\"name\":\"Salvador Dali &#8211; Apparatus and Hand\"}]},{\"@type\":\"WebSite\",\"@id\":\"https:\/\/svetslik.si\/hu\/#website\",\"url\":\"https:\/\/svetslik.si\/hu\/\",\"name\":\"SVETSLIK.SI\",\"description\":\"100%-ban k\u00e9zzel festett reprodukci\u00f3k h\u00edres fest\u0151k festm\u00e9nyeir\u0151l \u00e9s festm\u00e9nyekr\u0151l v\u00e1szonra.\",\"publisher\":{\"@id\":\"https:\/\/svetslik.si\/hu\/#organization\"},\"potentialAction\":[{\"@type\":\"SearchAction\",\"target\":{\"@type\":\"EntryPoint\",\"urlTemplate\":\"https:\/\/svetslik.si\/hu\/?s={search_term_string}\"},\"query-input\":{\"@type\":\"PropertyValueSpecification\",\"valueRequired\":true,\"valueName\":\"search_term_string\"}}],\"inLanguage\":\"hu\"},{\"@type\":\"Organization\",\"@id\":\"https:\/\/svetslik.si\/hu\/#organization\",\"name\":\"SvetSlik.si\",\"url\":\"https:\/\/svetslik.si\/hu\/\",\"logo\":{\"@type\":\"ImageObject\",\"inLanguage\":\"hu\",\"@id\":\"https:\/\/svetslik.si\/hu\/#\/schema\/logo\/image\/\",\"url\":\"https:\/\/svetslik.si\/wp-content\/uploads\/2020\/12\/logo-512.png\",\"contentUrl\":\"https:\/\/svetslik.si\/wp-content\/uploads\/2020\/12\/logo-512.png\",\"width\":512,\"height\":512,\"caption\":\"SvetSlik.si\"},\"image\":{\"@id\":\"https:\/\/svetslik.si\/hu\/#\/schema\/logo\/image\/\"},\"sameAs\":[\"https:\/\/www.facebook.com\/svetslik.si\",\"https:\/\/x.com\/svetslik\",\"https:\/\/www.instagram.com\/svetslik.si\/\",\"https:\/\/www.linkedin.com\/company\/svetslik-si\"]}]}<\/script>\n<meta property=\"og:availability\" content=\"backorder\" \/>\n<meta property=\"product:availability\" content=\"available for order\" \/>\n<meta property=\"product:retailer_item_id\" content=\"348__\" \/>\n<meta property=\"product:condition\" content=\"new\" \/>\n<!-- \/ Yoast SEO Premium plugin. -->","yoast_head_json":{"title":"Salvador Dali - Apparatus and Hand - SVETSLIK.SI - 100% k\u00e9zzel festett","description":"Salvador Dali - Apparatus and Hand - 100% k\u00e9zzel festett h\u00edres festm\u00e9nyek reprodukci\u00f3i. Festm\u00e9nyek keretez\u00e9se, elad\u00e1sa \u00e9s egyedi rendel\u00e9sre t\u00f6rt\u00e9n\u0151 v\u00e1szonk\u00e9pek k\u00e9sz\u00edt\u00e9se.","robots":{"index":"index","follow":"follow","max-snippet":"max-snippet:-1","max-image-preview":"max-image-preview:large","max-video-preview":"max-video-preview:-1"},"canonical":"https:\/\/svetslik.si\/hu\/salvador-dali-hu\/apparatus-and-hand\/","og_locale":"hu_HU","og_type":"article","og_title":"Salvador Dali - Apparatus and Hand","og_description":"100% ro\u010dno naslikane slike na platnu, reprodukcije znanih slikarjev in umetni\u0161ke slike po naro\u010dilu.","og_url":"https:\/\/svetslik.si\/hu\/salvador-dali-hu\/apparatus-and-hand\/","og_site_name":"SVETSLIK.SI","article_publisher":"https:\/\/www.facebook.com\/svetslik.si","article_modified_time":"2026-03-22T20:49:17+00:00","og_image":[{"width":1040,"height":1259,"url":"https:\/\/svetslik.si\/wp-content\/uploads\/2021\/08\/image_Apparatus-and-Hand_680.jpg","type":"image\/jpeg"}],"twitter_card":"summary_large_image","twitter_site":"@svetslik","twitter_misc":{"El\u00e9rhet\u0151s\u00e9g":"Beszerz\u00e9s alatt"},"schema":{"@context":"https:\/\/schema.org","@graph":[{"@type":["WebPage","ItemPage"],"@id":"https:\/\/svetslik.si\/hu\/salvador-dali-hu\/apparatus-and-hand\/","url":"https:\/\/svetslik.si\/hu\/salvador-dali-hu\/apparatus-and-hand\/","name":"Salvador Dali - Apparatus and Hand - SVETSLIK.SI - 100% k\u00e9zzel festett","isPartOf":{"@id":"https:\/\/svetslik.si\/hu\/#website"},"primaryImageOfPage":{"@id":"https:\/\/svetslik.si\/hu\/salvador-dali-hu\/apparatus-and-hand\/#primaryimage"},"image":{"@id":"https:\/\/svetslik.si\/hu\/salvador-dali-hu\/apparatus-and-hand\/#primaryimage"},"thumbnailUrl":"https:\/\/svetslik.si\/wp-content\/uploads\/2021\/08\/image_Apparatus-and-Hand_680.jpg","datePublished":"2021-09-02T16:00:15+00:00","dateModified":"2026-03-22T20:49:17+00:00","description":"Salvador Dali - Apparatus and Hand - 100% k\u00e9zzel festett h\u00edres festm\u00e9nyek reprodukci\u00f3i. Festm\u00e9nyek keretez\u00e9se, elad\u00e1sa \u00e9s egyedi rendel\u00e9sre t\u00f6rt\u00e9n\u0151 v\u00e1szonk\u00e9pek k\u00e9sz\u00edt\u00e9se.","breadcrumb":{"@id":"https:\/\/svetslik.si\/hu\/salvador-dali-hu\/apparatus-and-hand\/#breadcrumb"},"inLanguage":"hu","potentialAction":[{"@type":"ReadAction","target":["https:\/\/svetslik.si\/hu\/salvador-dali-hu\/apparatus-and-hand\/"]}]},{"@type":"ImageObject","inLanguage":"hu","@id":"https:\/\/svetslik.si\/hu\/salvador-dali-hu\/apparatus-and-hand\/#primaryimage","url":"https:\/\/svetslik.si\/wp-content\/uploads\/2021\/08\/image_Apparatus-and-Hand_680.jpg","contentUrl":"https:\/\/svetslik.si\/wp-content\/uploads\/2021\/08\/image_Apparatus-and-Hand_680.jpg","width":1040,"height":1259,"caption":"Salvador Dali - Apparatus and Hand - Appar\u00e1tus \u00e9s k\u00e9z - Salvador Dali - Apparatus and Hand - Festm\u00e9nyek reprodukci\u00f3i - V\u00e1szonk\u00e9p - Festm\u00e9nyek reprodukci\u00f3i - Absztrakt Festm\u00e9ny - Modern Festm\u00e9ny - Realisztikus Festm\u00e9ny - Olajfestm\u00e9ny - Falik\u00e9p"},{"@type":"BreadcrumbList","@id":"https:\/\/svetslik.si\/hu\/salvador-dali-hu\/apparatus-and-hand\/#breadcrumb","itemListElement":[{"@type":"ListItem","position":1,"name":"Wall art and paintings on canvas","item":"https:\/\/svetslik.si\/hu\/"},{"@type":"ListItem","position":2,"name":"Festm\u00e9nyek elad\u00e1sa","item":"https:\/\/svetslik.si\/prodaja-slik\/"},{"@type":"ListItem","position":3,"name":"Salvador Dali &#8211; Apparatus and Hand"}]},{"@type":"WebSite","@id":"https:\/\/svetslik.si\/hu\/#website","url":"https:\/\/svetslik.si\/hu\/","name":"SVETSLIK.SI","description":"100%-ban k\u00e9zzel festett reprodukci\u00f3k h\u00edres fest\u0151k festm\u00e9nyeir\u0151l \u00e9s festm\u00e9nyekr\u0151l v\u00e1szonra.","publisher":{"@id":"https:\/\/svetslik.si\/hu\/#organization"},"potentialAction":[{"@type":"SearchAction","target":{"@type":"EntryPoint","urlTemplate":"https:\/\/svetslik.si\/hu\/?s={search_term_string}"},"query-input":{"@type":"PropertyValueSpecification","valueRequired":true,"valueName":"search_term_string"}}],"inLanguage":"hu"},{"@type":"Organization","@id":"https:\/\/svetslik.si\/hu\/#organization","name":"SvetSlik.si","url":"https:\/\/svetslik.si\/hu\/","logo":{"@type":"ImageObject","inLanguage":"hu","@id":"https:\/\/svetslik.si\/hu\/#\/schema\/logo\/image\/","url":"https:\/\/svetslik.si\/wp-content\/uploads\/2020\/12\/logo-512.png","contentUrl":"https:\/\/svetslik.si\/wp-content\/uploads\/2020\/12\/logo-512.png","width":512,"height":512,"caption":"SvetSlik.si"},"image":{"@id":"https:\/\/svetslik.si\/hu\/#\/schema\/logo\/image\/"},"sameAs":["https:\/\/www.facebook.com\/svetslik.si","https:\/\/x.com\/svetslik","https:\/\/www.instagram.com\/svetslik.si\/","https:\/\/www.linkedin.com\/company\/svetslik-si"]}]},"og_availability":"backorder","product_availability":"available for order","product_retailer_item_id":"348__","product_condition":"new"},"jetpack_sharing_enabled":true,"_links":{"self":[{"href":"https:\/\/svetslik.si\/hu\/wp-json\/wp\/v2\/product\/54212","targetHints":{"allow":["GET"]}}],"collection":[{"href":"https:\/\/svetslik.si\/hu\/wp-json\/wp\/v2\/product"}],"about":[{"href":"https:\/\/svetslik.si\/hu\/wp-json\/wp\/v2\/types\/product"}],"wp:featuredmedia":[{"embeddable":true,"href":"https:\/\/svetslik.si\/hu\/wp-json\/wp\/v2\/media\/49351"}],"wp:attachment":[{"href":"https:\/\/svetslik.si\/hu\/wp-json\/wp\/v2\/media?parent=54212"}],"wp:term":[{"taxonomy":"product_brand","embeddable":true,"href":"https:\/\/svetslik.si\/hu\/wp-json\/wp\/v2\/product_brand?post=54212"},{"taxonomy":"product_cat","embeddable":true,"href":"https:\/\/svetslik.si\/hu\/wp-json\/wp\/v2\/product_cat?post=54212"},{"taxonomy":"product_tag","embeddable":true,"href":"https:\/\/svetslik.si\/hu\/wp-json\/wp\/v2\/product_tag?post=54212"}],"curies":[{"name":"wp","href":"https:\/\/api.w.org\/{rel}","templated":true}]}}