{"id":54230,"date":"2021-09-02T18:00:30","date_gmt":"2021-09-02T16:00:30","guid":{"rendered":"https:\/\/svetslik.si\/nem-kategorizalt\/remorse-or-sphinx-embedded-in-the-sand\/"},"modified":"2026-03-22T21:49:56","modified_gmt":"2026-03-22T20:49:56","slug":"remorse-or-sphinx-embedded-in-the-sand","status":"publish","type":"product","link":"https:\/\/svetslik.si\/hu\/salvador-dali-hu\/remorse-or-sphinx-embedded-in-the-sand\/","title":{"rendered":"Salvador Dali &#8211; Remorse or Sphinx Embedded in the Sand"},"content":{"rendered":"<h1>Salvador Dali \u2013 B\u0171nb\u00e1nat vagy homokba \u00e1gyazott szfinx<\/h1>\n<p>&nbsp;<\/p>\n<table style=\"width: 673px\" border=\"0\" width=\"673\" cellpadding=\"0\">\n<tbody>\n<tr>\n<td style=\"width: 180px;height: 21px\" height=\"21\">L\u00e9trehoz\u00e1s \u00e9ve:<\/td>\n<td style=\"width: 493px\">1931<\/td>\n<\/tr>\n<tr>\n<td style=\"width: 180px;height: 21px\" height=\"21\">Eredeti m\u00e9ret:<\/td>\n<td style=\"width: 493px\">26,7 cm x 19,1 cm<\/td>\n<\/tr>\n<tr>\n<td style=\"width: 180px;height: 21px\" height=\"21\">Fest\u00e9si st\u00edlus:<\/td>\n<td>\n<div>\n<div>\n<div>\n<div>\n<div>Sz\u00fcrrealizmus<\/div>\n<\/div>\n<\/div>\n<\/div>\n<\/div>\n<\/td>\n<\/tr>\n<tr>\n<td style=\"width: 180px;height: 21px\" height=\"21\">Eredeti technika:<\/td>\n<td>Olaj, v\u00e1szon<\/td>\n<\/tr>\n<tr>\n<td style=\"width: 180px;height: 21px\" height=\"21\">Helysz\u00edn:<\/td>\n<td>Kresge M\u0171v\u00e9szeti M\u00fazeum, Michigan \u00c1llami Egyetem, East Lansing<\/td>\n<\/tr>\n<\/tbody>\n<colgroup>\n<col \/>\n<col \/> <\/colgroup>\n<\/table>\n<p>Salvador Dal\u00ed &#8220;Sajn\u00e1lat vagy Szfinx a homokban&#8221; festm\u00e9nye egy sz\u00fcrrealista festm\u00e9ny, amely leny\u0171g\u00f6z\u0151 \u00e9s elgondolkodtat\u00f3. A k\u00e9pen a Nagy Szfinx l\u00e1that\u00f3, egy mitikus l\u00e9ny, oroszl\u00e1ntesttel \u00e9s emberfejjel, homokba \u00e1gyazva. A szfinx, fej\u00e9t a kez\u00e9be temetve, \u00fagy t\u0171nik, megt\u00e9r.<\/p>\n<p>A festm\u00e9ny \u00e1ll\u00edt\u00f3lag a h\u00e1bor\u00fa puszt\u00edt\u00f3 term\u00e9szet\u00e9t \u00e9s az emberi \u00e1llapotot komment\u00e1lja. Dal\u00ed gyakran haszn\u00e1lt az \u00f3kori mitol\u00f3gi\u00e1b\u00f3l sz\u00e1rmaz\u00f3 szimb\u00f3lumokat \u00e9s k\u00e9peket m\u0171veiben, \u00e9s a szfinx k\u00fcl\u00f6n\u00f6sen er\u0151s szimb\u00f3lum ezen a festm\u00e9nyen. A szfinx a tal\u00e1l\u00f3s k\u00e9rd\u00e9sekr\u0151l \u00e9s a titkok \u0151rz\u00e9s\u00e9nek k\u00e9pess\u00e9g\u00e9r\u0151l ismert, \u00e9s ezen a k\u00e9pen \u00fagy t\u0171nik, hogy egy titkot \u0151riz, amit megb\u00e1n.<\/p>\n<p>A szfinx haszn\u00e1lata is hangs\u00falyozza az \u00e1tmenet t\u00e9m\u00e1j\u00e1t a festm\u00e9nyen. A szfinx egy olyan l\u00e9ny, amely egyszerre ember \u00e9s \u00e1llat, \u00e9s \u00e1tmenetet jelent a kett\u0151 k\u00f6z\u00f6tt. Ezt az \u00e1tmenet t\u00e9m\u00e1j\u00e1t tov\u00e1bb er\u0151s\u00edti a festm\u00e9ny jelenete, amely egy sivatag, az \u00e1tmenet \u00e9s v\u00e1ltoz\u00e1s helysz\u00edne.<\/p>\n<p>A homok felhaszn\u00e1l\u00e1sa a festm\u00e9nyben szint\u00e9n hozz\u00e1j\u00e1rul a festm\u00e9ny sz\u00fcrre\u00e1lis jelleg\u00e9hez. A szfinx mintha a homokba s\u00fcllyedne, mintha a homok nyeln\u00e9 el. Ez tov\u00e1bb fokozza a k\u00e9ts\u00e9gbees\u00e9s \u00e9s a kil\u00e1t\u00e1stalans\u00e1g \u00e9rz\u00e9s\u00e9t a k\u00e9pen.<\/p>\n<p>\u00d6sszess\u00e9g\u00e9ben a &#8220;Regret or the Sphinx Burrowing in the Sand&#8221; egy er\u0151teljes festm\u00e9ny, amely a h\u00e1bor\u00fa, az emberi \u00e1llapot \u00e9s az \u00e1tmenet t\u00e9m\u00e1ival foglalkozik. A festm\u00e9ny Salvador Dal\u00ed \u00e9s a sz\u00fcrrealista m\u0171v\u00e9szet rajong\u00f3i sz\u00e1m\u00e1ra k\u00f6telez\u0151.<\/p>\n","protected":false},"excerpt":{"rendered":"<p>Salvador Dali \u2013 B\u0171nb\u00e1nat vagy homokba \u00e1gyazott szfinx &nbsp; L\u00e9trehoz\u00e1s \u00e9ve: 1931 Eredeti m\u00e9ret: 26,7 cm x 19,1 cm Fest\u00e9si st\u00edlus: Sz\u00fcrrealizmus Eredeti technika: Olaj, v\u00e1szon Helysz\u00edn: Kresge M\u0171v\u00e9szeti M\u00fazeum, Michigan \u00c1llami Egyetem, East Lansing Salvador Dal\u00ed &#8220;Sajn\u00e1lat vagy Szfinx a homokban&#8221; festm\u00e9nye egy sz\u00fcrrealista festm\u00e9ny, amely leny\u0171g\u00f6z\u0151 \u00e9s elgondolkodtat\u00f3. [&hellip;]<\/p>\n","protected":false},"featured_media":49950,"template":"","meta":{"_acf_changed":false},"product_brand":[],"product_cat":[7134],"product_tag":[7163,11885,11886,11887,7201],"class_list":{"0":"post-54230","1":"product","2":"type-product","3":"status-publish","4":"has-post-thumbnail","6":"product_cat-salvador-dali-hu","7":"product_tag-dali-hu","8":"product_tag-painter-hu","9":"product_tag-reproduction","10":"product_tag-reproductions-hu","11":"product_tag-salvador-dali-hu","12":"pa_dimenzija-100-x-70-cm-hu","13":"pa_dimenzija-120-x-90-cm-hu","14":"pa_dimenzija-150-x-110-cm-hu","15":"pa_dimenzija-200-x-140-cm-hu","16":"pa_dimenzija-27-x-19-cm-hu","17":"pa_dimenzija-50-x-35-cm-hu","18":"pa_dimenzija-60-x-40-cm-hu","19":"pa_dimenzija-80-x-60-cm-hu","20":"pa_oblika-vizszintes","21":"pa_okvir-nincs-keret","22":"pa_podokvir-igen","23":"pa_podokvir-nem","25":"first","26":"onbackorder","27":"purchasable","28":"product-type-variable","29":"has-default-attributes"},"acf":[],"yoast_head":"<!-- This site is optimized with the Yoast SEO Premium plugin v26.0 (Yoast SEO v27.2) - https:\/\/yoast.com\/product\/yoast-seo-premium-wordpress\/ -->\n<title>Salvador Dali - Remorse or Sphinx Embedded in the Sand - SVETSLIK.SI - 100% k\u00e9zzel festett<\/title>\n<meta name=\"description\" content=\"Salvador Dali - Remorse or Sphinx Embedded in the Sand - 100% k\u00e9zzel festett h\u00edres festm\u00e9nyek reprodukci\u00f3i. Festm\u00e9nyek keretez\u00e9se, elad\u00e1sa \u00e9s egyedi rendel\u00e9sre t\u00f6rt\u00e9n\u0151 v\u00e1szonk\u00e9pek k\u00e9sz\u00edt\u00e9se.\" \/>\n<meta name=\"robots\" content=\"index, follow, max-snippet:-1, max-image-preview:large, max-video-preview:-1\" \/>\n<link rel=\"canonical\" href=\"https:\/\/svetslik.si\/hu\/salvador-dali-hu\/remorse-or-sphinx-embedded-in-the-sand\/\" \/>\n<meta property=\"og:locale\" content=\"hu_HU\" \/>\n<meta property=\"og:type\" content=\"article\" \/>\n<meta property=\"og:title\" content=\"Salvador Dali - Remorse or Sphinx Embedded in the Sand\" \/>\n<meta property=\"og:description\" content=\"100% ro\u010dno naslikane slike na platnu, reprodukcije znanih slikarjev in umetni\u0161ke slike po naro\u010dilu.\" \/>\n<meta property=\"og:url\" content=\"https:\/\/svetslik.si\/hu\/salvador-dali-hu\/remorse-or-sphinx-embedded-in-the-sand\/\" \/>\n<meta property=\"og:site_name\" content=\"SVETSLIK.SI\" \/>\n<meta property=\"article:publisher\" content=\"https:\/\/www.facebook.com\/svetslik.si\" \/>\n<meta property=\"article:modified_time\" content=\"2026-03-22T20:49:56+00:00\" \/>\n<meta property=\"og:image\" content=\"https:\/\/svetslik.si\/wp-content\/uploads\/2021\/08\/image_Remorse-or-Sphinx-Embedded-in-the-Sand-Leinwandbilder-leinwand-bilder-leinwand-bild-bild-leinwand-leinwnde-bilder-Bilder-leiwand-bilder-auf-leinwand-bild-auf-leinwand-Leinwand-XXL-Kunstdrucke_680.jpg\" \/>\n\t<meta property=\"og:image:width\" content=\"1800\" \/>\n\t<meta property=\"og:image:height\" content=\"1273\" \/>\n\t<meta property=\"og:image:type\" content=\"image\/jpeg\" \/>\n<meta name=\"twitter:card\" content=\"summary_large_image\" \/>\n<meta name=\"twitter:site\" content=\"@svetslik\" \/>\n<meta name=\"twitter:label1\" content=\"El\u00e9rhet\u0151s\u00e9g\" \/>\n\t<meta name=\"twitter:data1\" content=\"Beszerz\u00e9s alatt\" \/>\n<script type=\"application\/ld+json\" class=\"yoast-schema-graph\">{\"@context\":\"https:\/\/schema.org\",\"@graph\":[{\"@type\":[\"WebPage\",\"ItemPage\"],\"@id\":\"https:\/\/svetslik.si\/hu\/salvador-dali-hu\/remorse-or-sphinx-embedded-in-the-sand\/\",\"url\":\"https:\/\/svetslik.si\/hu\/salvador-dali-hu\/remorse-or-sphinx-embedded-in-the-sand\/\",\"name\":\"Salvador Dali - Remorse or Sphinx Embedded in the Sand - SVETSLIK.SI - 100% k\u00e9zzel festett\",\"isPartOf\":{\"@id\":\"https:\/\/svetslik.si\/hu\/#website\"},\"primaryImageOfPage\":{\"@id\":\"https:\/\/svetslik.si\/hu\/salvador-dali-hu\/remorse-or-sphinx-embedded-in-the-sand\/#primaryimage\"},\"image\":{\"@id\":\"https:\/\/svetslik.si\/hu\/salvador-dali-hu\/remorse-or-sphinx-embedded-in-the-sand\/#primaryimage\"},\"thumbnailUrl\":\"https:\/\/svetslik.si\/wp-content\/uploads\/2021\/08\/image_Remorse-or-Sphinx-Embedded-in-the-Sand-Leinwandbilder-leinwand-bilder-leinwand-bild-bild-leinwand-leinwnde-bilder-Bilder-leiwand-bilder-auf-leinwand-bild-auf-leinwand-Leinwand-XXL-Kunstdrucke_680.jpg\",\"datePublished\":\"2021-09-02T16:00:30+00:00\",\"dateModified\":\"2026-03-22T20:49:56+00:00\",\"description\":\"Salvador Dali - Remorse or Sphinx Embedded in the Sand - 100% k\u00e9zzel festett h\u00edres festm\u00e9nyek reprodukci\u00f3i. Festm\u00e9nyek keretez\u00e9se, elad\u00e1sa \u00e9s egyedi rendel\u00e9sre t\u00f6rt\u00e9n\u0151 v\u00e1szonk\u00e9pek k\u00e9sz\u00edt\u00e9se.\",\"breadcrumb\":{\"@id\":\"https:\/\/svetslik.si\/hu\/salvador-dali-hu\/remorse-or-sphinx-embedded-in-the-sand\/#breadcrumb\"},\"inLanguage\":\"hu\",\"potentialAction\":[{\"@type\":\"ReadAction\",\"target\":[\"https:\/\/svetslik.si\/hu\/salvador-dali-hu\/remorse-or-sphinx-embedded-in-the-sand\/\"]}]},{\"@type\":\"ImageObject\",\"inLanguage\":\"hu\",\"@id\":\"https:\/\/svetslik.si\/hu\/salvador-dali-hu\/remorse-or-sphinx-embedded-in-the-sand\/#primaryimage\",\"url\":\"https:\/\/svetslik.si\/wp-content\/uploads\/2021\/08\/image_Remorse-or-Sphinx-Embedded-in-the-Sand-Leinwandbilder-leinwand-bilder-leinwand-bild-bild-leinwand-leinwnde-bilder-Bilder-leiwand-bilder-auf-leinwand-bild-auf-leinwand-Leinwand-XXL-Kunstdrucke_680.jpg\",\"contentUrl\":\"https:\/\/svetslik.si\/wp-content\/uploads\/2021\/08\/image_Remorse-or-Sphinx-Embedded-in-the-Sand-Leinwandbilder-leinwand-bilder-leinwand-bild-bild-leinwand-leinwnde-bilder-Bilder-leiwand-bilder-auf-leinwand-bild-auf-leinwand-Leinwand-XXL-Kunstdrucke_680.jpg\",\"width\":1800,\"height\":1273,\"caption\":\"Salvador Dali - Remorse or Sphinx Embedded in the Sand - Salvador Dali - B\u0171ntudat vagy a homokba \u00e1gyazott szfinx - REPRODUKCI\u00d3I - V\u00e1szonk\u00e9p - Festm\u00e9nyek reprodukci\u00f3i - Absztrakt Festm\u00e9ny - Modern Festm\u00e9ny - Realisztikus Festm\u00e9ny - Olajfestm\u00e9ny - Falik\u00e9p\"},{\"@type\":\"BreadcrumbList\",\"@id\":\"https:\/\/svetslik.si\/hu\/salvador-dali-hu\/remorse-or-sphinx-embedded-in-the-sand\/#breadcrumb\",\"itemListElement\":[{\"@type\":\"ListItem\",\"position\":1,\"name\":\"Wall art and paintings on canvas\",\"item\":\"https:\/\/svetslik.si\/hu\/\"},{\"@type\":\"ListItem\",\"position\":2,\"name\":\"Festm\u00e9nyek elad\u00e1sa\",\"item\":\"https:\/\/svetslik.si\/prodaja-slik\/\"},{\"@type\":\"ListItem\",\"position\":3,\"name\":\"Salvador Dali &#8211; Remorse or Sphinx Embedded in the Sand\"}]},{\"@type\":\"WebSite\",\"@id\":\"https:\/\/svetslik.si\/hu\/#website\",\"url\":\"https:\/\/svetslik.si\/hu\/\",\"name\":\"SVETSLIK.SI\",\"description\":\"100%-ban k\u00e9zzel festett reprodukci\u00f3k h\u00edres fest\u0151k festm\u00e9nyeir\u0151l \u00e9s festm\u00e9nyekr\u0151l v\u00e1szonra.\",\"publisher\":{\"@id\":\"https:\/\/svetslik.si\/hu\/#organization\"},\"potentialAction\":[{\"@type\":\"SearchAction\",\"target\":{\"@type\":\"EntryPoint\",\"urlTemplate\":\"https:\/\/svetslik.si\/hu\/?s={search_term_string}\"},\"query-input\":{\"@type\":\"PropertyValueSpecification\",\"valueRequired\":true,\"valueName\":\"search_term_string\"}}],\"inLanguage\":\"hu\"},{\"@type\":\"Organization\",\"@id\":\"https:\/\/svetslik.si\/hu\/#organization\",\"name\":\"SvetSlik.si\",\"url\":\"https:\/\/svetslik.si\/hu\/\",\"logo\":{\"@type\":\"ImageObject\",\"inLanguage\":\"hu\",\"@id\":\"https:\/\/svetslik.si\/hu\/#\/schema\/logo\/image\/\",\"url\":\"https:\/\/svetslik.si\/wp-content\/uploads\/2020\/12\/logo-512.png\",\"contentUrl\":\"https:\/\/svetslik.si\/wp-content\/uploads\/2020\/12\/logo-512.png\",\"width\":512,\"height\":512,\"caption\":\"SvetSlik.si\"},\"image\":{\"@id\":\"https:\/\/svetslik.si\/hu\/#\/schema\/logo\/image\/\"},\"sameAs\":[\"https:\/\/www.facebook.com\/svetslik.si\",\"https:\/\/x.com\/svetslik\",\"https:\/\/www.instagram.com\/svetslik.si\/\",\"https:\/\/www.linkedin.com\/company\/svetslik-si\"]}]}<\/script>\n<meta property=\"og:availability\" content=\"backorder\" \/>\n<meta property=\"product:availability\" content=\"available for order\" \/>\n<meta property=\"product:retailer_item_id\" content=\"350__\" \/>\n<meta property=\"product:condition\" content=\"new\" \/>\n<!-- \/ Yoast SEO Premium plugin. -->","yoast_head_json":{"title":"Salvador Dali - Remorse or Sphinx Embedded in the Sand - SVETSLIK.SI - 100% k\u00e9zzel festett","description":"Salvador Dali - Remorse or Sphinx Embedded in the Sand - 100% k\u00e9zzel festett h\u00edres festm\u00e9nyek reprodukci\u00f3i. Festm\u00e9nyek keretez\u00e9se, elad\u00e1sa \u00e9s egyedi rendel\u00e9sre t\u00f6rt\u00e9n\u0151 v\u00e1szonk\u00e9pek k\u00e9sz\u00edt\u00e9se.","robots":{"index":"index","follow":"follow","max-snippet":"max-snippet:-1","max-image-preview":"max-image-preview:large","max-video-preview":"max-video-preview:-1"},"canonical":"https:\/\/svetslik.si\/hu\/salvador-dali-hu\/remorse-or-sphinx-embedded-in-the-sand\/","og_locale":"hu_HU","og_type":"article","og_title":"Salvador Dali - Remorse or Sphinx Embedded in the Sand","og_description":"100% ro\u010dno naslikane slike na platnu, reprodukcije znanih slikarjev in umetni\u0161ke slike po naro\u010dilu.","og_url":"https:\/\/svetslik.si\/hu\/salvador-dali-hu\/remorse-or-sphinx-embedded-in-the-sand\/","og_site_name":"SVETSLIK.SI","article_publisher":"https:\/\/www.facebook.com\/svetslik.si","article_modified_time":"2026-03-22T20:49:56+00:00","og_image":[{"width":1800,"height":1273,"url":"https:\/\/svetslik.si\/wp-content\/uploads\/2021\/08\/image_Remorse-or-Sphinx-Embedded-in-the-Sand-Leinwandbilder-leinwand-bilder-leinwand-bild-bild-leinwand-leinwnde-bilder-Bilder-leiwand-bilder-auf-leinwand-bild-auf-leinwand-Leinwand-XXL-Kunstdrucke_680.jpg","type":"image\/jpeg"}],"twitter_card":"summary_large_image","twitter_site":"@svetslik","twitter_misc":{"El\u00e9rhet\u0151s\u00e9g":"Beszerz\u00e9s alatt"},"schema":{"@context":"https:\/\/schema.org","@graph":[{"@type":["WebPage","ItemPage"],"@id":"https:\/\/svetslik.si\/hu\/salvador-dali-hu\/remorse-or-sphinx-embedded-in-the-sand\/","url":"https:\/\/svetslik.si\/hu\/salvador-dali-hu\/remorse-or-sphinx-embedded-in-the-sand\/","name":"Salvador Dali - Remorse or Sphinx Embedded in the Sand - SVETSLIK.SI - 100% k\u00e9zzel festett","isPartOf":{"@id":"https:\/\/svetslik.si\/hu\/#website"},"primaryImageOfPage":{"@id":"https:\/\/svetslik.si\/hu\/salvador-dali-hu\/remorse-or-sphinx-embedded-in-the-sand\/#primaryimage"},"image":{"@id":"https:\/\/svetslik.si\/hu\/salvador-dali-hu\/remorse-or-sphinx-embedded-in-the-sand\/#primaryimage"},"thumbnailUrl":"https:\/\/svetslik.si\/wp-content\/uploads\/2021\/08\/image_Remorse-or-Sphinx-Embedded-in-the-Sand-Leinwandbilder-leinwand-bilder-leinwand-bild-bild-leinwand-leinwnde-bilder-Bilder-leiwand-bilder-auf-leinwand-bild-auf-leinwand-Leinwand-XXL-Kunstdrucke_680.jpg","datePublished":"2021-09-02T16:00:30+00:00","dateModified":"2026-03-22T20:49:56+00:00","description":"Salvador Dali - Remorse or Sphinx Embedded in the Sand - 100% k\u00e9zzel festett h\u00edres festm\u00e9nyek reprodukci\u00f3i. Festm\u00e9nyek keretez\u00e9se, elad\u00e1sa \u00e9s egyedi rendel\u00e9sre t\u00f6rt\u00e9n\u0151 v\u00e1szonk\u00e9pek k\u00e9sz\u00edt\u00e9se.","breadcrumb":{"@id":"https:\/\/svetslik.si\/hu\/salvador-dali-hu\/remorse-or-sphinx-embedded-in-the-sand\/#breadcrumb"},"inLanguage":"hu","potentialAction":[{"@type":"ReadAction","target":["https:\/\/svetslik.si\/hu\/salvador-dali-hu\/remorse-or-sphinx-embedded-in-the-sand\/"]}]},{"@type":"ImageObject","inLanguage":"hu","@id":"https:\/\/svetslik.si\/hu\/salvador-dali-hu\/remorse-or-sphinx-embedded-in-the-sand\/#primaryimage","url":"https:\/\/svetslik.si\/wp-content\/uploads\/2021\/08\/image_Remorse-or-Sphinx-Embedded-in-the-Sand-Leinwandbilder-leinwand-bilder-leinwand-bild-bild-leinwand-leinwnde-bilder-Bilder-leiwand-bilder-auf-leinwand-bild-auf-leinwand-Leinwand-XXL-Kunstdrucke_680.jpg","contentUrl":"https:\/\/svetslik.si\/wp-content\/uploads\/2021\/08\/image_Remorse-or-Sphinx-Embedded-in-the-Sand-Leinwandbilder-leinwand-bilder-leinwand-bild-bild-leinwand-leinwnde-bilder-Bilder-leiwand-bilder-auf-leinwand-bild-auf-leinwand-Leinwand-XXL-Kunstdrucke_680.jpg","width":1800,"height":1273,"caption":"Salvador Dali - Remorse or Sphinx Embedded in the Sand - Salvador Dali - B\u0171ntudat vagy a homokba \u00e1gyazott szfinx - REPRODUKCI\u00d3I - V\u00e1szonk\u00e9p - Festm\u00e9nyek reprodukci\u00f3i - Absztrakt Festm\u00e9ny - Modern Festm\u00e9ny - Realisztikus Festm\u00e9ny - Olajfestm\u00e9ny - Falik\u00e9p"},{"@type":"BreadcrumbList","@id":"https:\/\/svetslik.si\/hu\/salvador-dali-hu\/remorse-or-sphinx-embedded-in-the-sand\/#breadcrumb","itemListElement":[{"@type":"ListItem","position":1,"name":"Wall art and paintings on canvas","item":"https:\/\/svetslik.si\/hu\/"},{"@type":"ListItem","position":2,"name":"Festm\u00e9nyek elad\u00e1sa","item":"https:\/\/svetslik.si\/prodaja-slik\/"},{"@type":"ListItem","position":3,"name":"Salvador Dali &#8211; Remorse or Sphinx Embedded in the Sand"}]},{"@type":"WebSite","@id":"https:\/\/svetslik.si\/hu\/#website","url":"https:\/\/svetslik.si\/hu\/","name":"SVETSLIK.SI","description":"100%-ban k\u00e9zzel festett reprodukci\u00f3k h\u00edres fest\u0151k festm\u00e9nyeir\u0151l \u00e9s festm\u00e9nyekr\u0151l v\u00e1szonra.","publisher":{"@id":"https:\/\/svetslik.si\/hu\/#organization"},"potentialAction":[{"@type":"SearchAction","target":{"@type":"EntryPoint","urlTemplate":"https:\/\/svetslik.si\/hu\/?s={search_term_string}"},"query-input":{"@type":"PropertyValueSpecification","valueRequired":true,"valueName":"search_term_string"}}],"inLanguage":"hu"},{"@type":"Organization","@id":"https:\/\/svetslik.si\/hu\/#organization","name":"SvetSlik.si","url":"https:\/\/svetslik.si\/hu\/","logo":{"@type":"ImageObject","inLanguage":"hu","@id":"https:\/\/svetslik.si\/hu\/#\/schema\/logo\/image\/","url":"https:\/\/svetslik.si\/wp-content\/uploads\/2020\/12\/logo-512.png","contentUrl":"https:\/\/svetslik.si\/wp-content\/uploads\/2020\/12\/logo-512.png","width":512,"height":512,"caption":"SvetSlik.si"},"image":{"@id":"https:\/\/svetslik.si\/hu\/#\/schema\/logo\/image\/"},"sameAs":["https:\/\/www.facebook.com\/svetslik.si","https:\/\/x.com\/svetslik","https:\/\/www.instagram.com\/svetslik.si\/","https:\/\/www.linkedin.com\/company\/svetslik-si"]}]},"og_availability":"backorder","product_availability":"available for order","product_retailer_item_id":"350__","product_condition":"new"},"jetpack_sharing_enabled":true,"_links":{"self":[{"href":"https:\/\/svetslik.si\/hu\/wp-json\/wp\/v2\/product\/54230","targetHints":{"allow":["GET"]}}],"collection":[{"href":"https:\/\/svetslik.si\/hu\/wp-json\/wp\/v2\/product"}],"about":[{"href":"https:\/\/svetslik.si\/hu\/wp-json\/wp\/v2\/types\/product"}],"wp:featuredmedia":[{"embeddable":true,"href":"https:\/\/svetslik.si\/hu\/wp-json\/wp\/v2\/media\/49950"}],"wp:attachment":[{"href":"https:\/\/svetslik.si\/hu\/wp-json\/wp\/v2\/media?parent=54230"}],"wp:term":[{"taxonomy":"product_brand","embeddable":true,"href":"https:\/\/svetslik.si\/hu\/wp-json\/wp\/v2\/product_brand?post=54230"},{"taxonomy":"product_cat","embeddable":true,"href":"https:\/\/svetslik.si\/hu\/wp-json\/wp\/v2\/product_cat?post=54230"},{"taxonomy":"product_tag","embeddable":true,"href":"https:\/\/svetslik.si\/hu\/wp-json\/wp\/v2\/product_tag?post=54230"}],"curies":[{"name":"wp","href":"https:\/\/api.w.org\/{rel}","templated":true}]}}