{"id":54248,"date":"2021-09-02T18:00:44","date_gmt":"2021-09-02T16:00:44","guid":{"rendered":"https:\/\/svetslik.si\/nem-kategorizalt\/autumnal-cannibalism\/"},"modified":"2026-03-22T21:49:56","modified_gmt":"2026-03-22T20:49:56","slug":"autumnal-cannibalism","status":"publish","type":"product","link":"https:\/\/svetslik.si\/hu\/salvador-dali-hu\/autumnal-cannibalism\/","title":{"rendered":"Salvador Dali &#8211; Autumnal Cannibalism"},"content":{"rendered":"<h1>Salvador Dali \u2013 \u0150szi kannibalizmus<\/h1>\n<p>&nbsp;<\/p>\n<table style=\"width: 673px\" border=\"0\" width=\"673\" cellpadding=\"0\">\n<tbody>\n<tr>\n<td style=\"width: 180px;height: 21px\" height=\"21\">L\u00e9trehoz\u00e1s \u00e9ve:<\/td>\n<td style=\"width: 493px\">1936<\/td>\n<\/tr>\n<tr>\n<td style=\"width: 180px;height: 21px\" height=\"21\">Eredeti m\u00e9ret:<\/td>\n<td style=\"width: 493px\">65,1 cm x 65,1 cm<\/td>\n<\/tr>\n<tr>\n<td style=\"width: 180px;height: 21px\" height=\"21\">Fest\u00e9si st\u00edlus:<\/td>\n<td>\n<div>\n<div>\n<div>\n<div>\n<div>Sz\u00fcrrealizmus<\/div>\n<\/div>\n<\/div>\n<\/div>\n<\/div>\n<\/td>\n<\/tr>\n<tr>\n<td style=\"width: 180px;height: 21px\" height=\"21\">Eredeti technika:<\/td>\n<td>Olaj, v\u00e1szon<\/td>\n<\/tr>\n<tr>\n<td style=\"width: 180px;height: 21px\" height=\"21\">Helysz\u00edn:<\/td>\n<td>Tate Modern, London<\/td>\n<\/tr>\n<\/tbody>\n<colgroup>\n<col \/>\n<col \/> <\/colgroup>\n<\/table>\n<p>&nbsp;<\/p>\n<p>Salvador Dal\u00ed &#8220;\u0150szi kannibalizmus&#8221; c\u00edm\u0171 festm\u00e9nye egy felt\u0171n\u0151 \u00e9s sz\u00fcrre\u00e1lis festm\u00e9ny, amely a m\u0171v\u00e9sz jellegzetes st\u00edlus\u00e1t \u00e9s t\u00e9m\u00e1it mutatja be. Az 1936-ban k\u00e9sz\u00fclt festm\u00e9ny kiv\u00e1l\u00f3 p\u00e9ld\u00e1ja Dal\u00ed tudatalatti felt\u00e1r\u00e1s\u00e1nak \u00e9s a szimbolika haszn\u00e1lat\u00e1nak m\u0171veiben.<\/p>\n<p>Az \u201e\u0150szi kannibalizmus\u201d c\u00edm\u0171 festm\u00e9nyen Dali azt a jelenetet \u00e1br\u00e1zolja, amikor egy f\u00f6ldet \u00e1br\u00e1zol\u00f3 n\u0151 megeszi a napot jelk\u00e9pez\u0151 f\u00e9rfit. A festm\u00e9ny c\u00edme: &#8220;\u0150szi kannibalizmus&#8221; az \u00e9let \u00e9s hal\u00e1l k\u00f6rforg\u00e1s\u00e1nak v\u00e9g\u00e9re utal, mivel a n\u0151 egyszerre fogyaszt \u00e9s fogyaszt. A k\u00e9pen egy koponya is l\u00e1that\u00f3, ami a hal\u00e1lt \u00e9s az \u00e9let muland\u00f3s\u00e1g\u00e1t jelk\u00e9pezi.<\/p>\n<p>Az \u00e9l\u00e9nk sz\u00ednek \u00e9s a meglep\u0151 k\u00e9pek seg\u00edts\u00e9g\u00e9vel a festm\u00e9ny szorong\u00e1st kelt, mik\u00f6zben egy sz\u00fcrre\u00e1lis jelenetbe vonzza a n\u00e9z\u0151t. A torz perspekt\u00edva \u00e9s az olvad\u00f3 \u00f3ra, amely Dal\u00ed m\u0171veiben ism\u00e9tl\u0151dik, tov\u00e1bb fokozza a festm\u00e9ny \u00e1lomszer\u0171s\u00e9g\u00e9t.<\/p>\n<p>Dal\u00ed \u201e\u0150szi kannibalizmus\u201d c\u00edm\u0171 m\u0171v\u00e9t az egyik legfontosabb m\u0171vek\u00e9nt tartj\u00e1k sz\u00e1mon, \u00e9s a floridai szentp\u00e9terv\u00e1ri Salvador Dali M\u00fazeum \u00e1lland\u00f3 gy\u0171jtem\u00e9ny\u00e9nek r\u00e9sze. A festm\u00e9nyt sz\u00e9les k\u00f6rben a sz\u00fcrrealizmus remekm\u0171vek\u00e9nt tartj\u00e1k sz\u00e1mon, \u00e9s m\u00e9g mindig csod\u00e1lj\u00e1k leny\u0171g\u00f6z\u0151 vizu\u00e1lis hat\u00e1s\u00e1\u00e9rt \u00e9s a tudatalatti felt\u00e1r\u00e1s\u00e1\u00e9rt.<\/p>\n<p>A m\u0171v\u00e9szeti marketing szempontj\u00e1b\u00f3l a festm\u00e9ny nagyon n\u00e9pszer\u0171, \u00e9s sz\u00e1mos reprodukci\u00f3ja el\u00e9rhet\u0151 a piacon. Kiv\u00e1l\u00f3 v\u00e1laszt\u00e1s azok sz\u00e1m\u00e1ra, akik sz\u00fcrre\u00e1lis, \u00e1lmodoz\u00f3 \u00e9s mereng\u0151 kieg\u00e9sz\u00edt\u0151t keresnek gy\u0171jtem\u00e9ny\u00fckh\u00f6z.<\/p>\n","protected":false},"excerpt":{"rendered":"<p>Salvador Dali \u2013 \u0150szi kannibalizmus &nbsp; L\u00e9trehoz\u00e1s \u00e9ve: 1936 Eredeti m\u00e9ret: 65,1 cm x 65,1 cm Fest\u00e9si st\u00edlus: Sz\u00fcrrealizmus Eredeti technika: Olaj, v\u00e1szon Helysz\u00edn: Tate Modern, London &nbsp; Salvador Dal\u00ed &#8220;\u0150szi kannibalizmus&#8221; c\u00edm\u0171 festm\u00e9nye egy felt\u0171n\u0151 \u00e9s sz\u00fcrre\u00e1lis festm\u00e9ny, amely a m\u0171v\u00e9sz jellegzetes st\u00edlus\u00e1t \u00e9s t\u00e9m\u00e1it mutatja be. Az 1936-ban [&hellip;]<\/p>\n","protected":false},"featured_media":49357,"template":"","meta":{"_acf_changed":false},"product_brand":[],"product_cat":[7134],"product_tag":[7163,11885,11886,11887,7201],"class_list":{"0":"post-54248","1":"product","2":"type-product","3":"status-publish","4":"has-post-thumbnail","6":"product_cat-salvador-dali-hu","7":"product_tag-dali-hu","8":"product_tag-painter-hu","9":"product_tag-reproduction","10":"product_tag-reproductions-hu","11":"product_tag-salvador-dali-hu","12":"pa_dimenzija-100-x-100-cm-hu","13":"pa_dimenzija-130-x-130-cm-hu","14":"pa_dimenzija-150-x-150-cm-hu","15":"pa_dimenzija-200-x-200-cm-hu","16":"pa_dimenzija-50-x-50-cm-hu","17":"pa_dimenzija-65-x-65-cm-hu","18":"pa_dimenzija-80-x-80-cm-hu","19":"pa_dimenzija-90-x-90-cm-hu","20":"pa_oblika-negyzet","21":"pa_okvir-nincs-keret","22":"pa_podokvir-igen","23":"pa_podokvir-nem","25":"first","26":"onbackorder","27":"purchasable","28":"product-type-variable","29":"has-default-attributes"},"acf":[],"yoast_head":"<!-- This site is optimized with the Yoast SEO Premium plugin v26.0 (Yoast SEO v27.2) - https:\/\/yoast.com\/product\/yoast-seo-premium-wordpress\/ -->\n<title>Salvador Dali - Autumnal Cannibalism - SVETSLIK.SI - 100% k\u00e9zzel festett<\/title>\n<meta name=\"description\" content=\"Salvador Dali - Autumnal Cannibalism - 100% k\u00e9zzel festett h\u00edres festm\u00e9nyek reprodukci\u00f3i. Festm\u00e9nyek keretez\u00e9se, elad\u00e1sa \u00e9s egyedi rendel\u00e9sre t\u00f6rt\u00e9n\u0151 v\u00e1szonk\u00e9pek k\u00e9sz\u00edt\u00e9se.\" \/>\n<meta name=\"robots\" content=\"index, follow, max-snippet:-1, max-image-preview:large, max-video-preview:-1\" \/>\n<link rel=\"canonical\" href=\"https:\/\/svetslik.si\/hu\/salvador-dali-hu\/autumnal-cannibalism\/\" \/>\n<meta property=\"og:locale\" content=\"hu_HU\" \/>\n<meta property=\"og:type\" content=\"article\" \/>\n<meta property=\"og:title\" content=\"Salvador Dali - Autumnal Cannibalism\" \/>\n<meta property=\"og:description\" content=\"100% ro\u010dno naslikane slike na platnu, reprodukcije znanih slikarjev in umetni\u0161ke slike po naro\u010dilu.\" \/>\n<meta property=\"og:url\" content=\"https:\/\/svetslik.si\/hu\/salvador-dali-hu\/autumnal-cannibalism\/\" \/>\n<meta property=\"og:site_name\" content=\"SVETSLIK.SI\" \/>\n<meta property=\"article:publisher\" content=\"https:\/\/www.facebook.com\/svetslik.si\" \/>\n<meta property=\"article:modified_time\" content=\"2026-03-22T20:49:56+00:00\" \/>\n<meta property=\"og:image\" content=\"https:\/\/svetslik.si\/wp-content\/uploads\/2021\/08\/image_Autumnal-Cannibalism_680.jpg\" \/>\n\t<meta property=\"og:image:width\" content=\"1200\" \/>\n\t<meta property=\"og:image:height\" content=\"1200\" \/>\n\t<meta property=\"og:image:type\" content=\"image\/jpeg\" \/>\n<meta name=\"twitter:card\" content=\"summary_large_image\" \/>\n<meta name=\"twitter:site\" content=\"@svetslik\" \/>\n<meta name=\"twitter:label1\" content=\"El\u00e9rhet\u0151s\u00e9g\" \/>\n\t<meta name=\"twitter:data1\" content=\"Beszerz\u00e9s alatt\" \/>\n<script type=\"application\/ld+json\" class=\"yoast-schema-graph\">{\"@context\":\"https:\/\/schema.org\",\"@graph\":[{\"@type\":[\"WebPage\",\"ItemPage\"],\"@id\":\"https:\/\/svetslik.si\/hu\/salvador-dali-hu\/autumnal-cannibalism\/\",\"url\":\"https:\/\/svetslik.si\/hu\/salvador-dali-hu\/autumnal-cannibalism\/\",\"name\":\"Salvador Dali - Autumnal Cannibalism - SVETSLIK.SI - 100% k\u00e9zzel festett\",\"isPartOf\":{\"@id\":\"https:\/\/svetslik.si\/hu\/#website\"},\"primaryImageOfPage\":{\"@id\":\"https:\/\/svetslik.si\/hu\/salvador-dali-hu\/autumnal-cannibalism\/#primaryimage\"},\"image\":{\"@id\":\"https:\/\/svetslik.si\/hu\/salvador-dali-hu\/autumnal-cannibalism\/#primaryimage\"},\"thumbnailUrl\":\"https:\/\/svetslik.si\/wp-content\/uploads\/2021\/08\/image_Autumnal-Cannibalism_680.jpg\",\"datePublished\":\"2021-09-02T16:00:44+00:00\",\"dateModified\":\"2026-03-22T20:49:56+00:00\",\"description\":\"Salvador Dali - Autumnal Cannibalism - 100% k\u00e9zzel festett h\u00edres festm\u00e9nyek reprodukci\u00f3i. Festm\u00e9nyek keretez\u00e9se, elad\u00e1sa \u00e9s egyedi rendel\u00e9sre t\u00f6rt\u00e9n\u0151 v\u00e1szonk\u00e9pek k\u00e9sz\u00edt\u00e9se.\",\"breadcrumb\":{\"@id\":\"https:\/\/svetslik.si\/hu\/salvador-dali-hu\/autumnal-cannibalism\/#breadcrumb\"},\"inLanguage\":\"hu\",\"potentialAction\":[{\"@type\":\"ReadAction\",\"target\":[\"https:\/\/svetslik.si\/hu\/salvador-dali-hu\/autumnal-cannibalism\/\"]}]},{\"@type\":\"ImageObject\",\"inLanguage\":\"hu\",\"@id\":\"https:\/\/svetslik.si\/hu\/salvador-dali-hu\/autumnal-cannibalism\/#primaryimage\",\"url\":\"https:\/\/svetslik.si\/wp-content\/uploads\/2021\/08\/image_Autumnal-Cannibalism_680.jpg\",\"contentUrl\":\"https:\/\/svetslik.si\/wp-content\/uploads\/2021\/08\/image_Autumnal-Cannibalism_680.jpg\",\"width\":1200,\"height\":1200,\"caption\":\"Salvador Dali - Autumnal Cannibalism - \u0150szi k\u00e1nnibalizmus - Salvador Dali - Autumnal Cannibalism - Festm\u00e9nyek reprodukci\u00f3i - V\u00e1szonk\u00e9p - Festm\u00e9nyek reprodukci\u00f3i - Absztrakt Festm\u00e9ny - Modern Festm\u00e9ny - Realisztikus Festm\u00e9ny - Olajfestm\u00e9ny - Falik\u00e9p\"},{\"@type\":\"BreadcrumbList\",\"@id\":\"https:\/\/svetslik.si\/hu\/salvador-dali-hu\/autumnal-cannibalism\/#breadcrumb\",\"itemListElement\":[{\"@type\":\"ListItem\",\"position\":1,\"name\":\"Wall art and paintings on canvas\",\"item\":\"https:\/\/svetslik.si\/hu\/\"},{\"@type\":\"ListItem\",\"position\":2,\"name\":\"Festm\u00e9nyek elad\u00e1sa\",\"item\":\"https:\/\/svetslik.si\/prodaja-slik\/\"},{\"@type\":\"ListItem\",\"position\":3,\"name\":\"Salvador Dali &#8211; Autumnal Cannibalism\"}]},{\"@type\":\"WebSite\",\"@id\":\"https:\/\/svetslik.si\/hu\/#website\",\"url\":\"https:\/\/svetslik.si\/hu\/\",\"name\":\"SVETSLIK.SI\",\"description\":\"100%-ban k\u00e9zzel festett reprodukci\u00f3k h\u00edres fest\u0151k festm\u00e9nyeir\u0151l \u00e9s festm\u00e9nyekr\u0151l v\u00e1szonra.\",\"publisher\":{\"@id\":\"https:\/\/svetslik.si\/hu\/#organization\"},\"potentialAction\":[{\"@type\":\"SearchAction\",\"target\":{\"@type\":\"EntryPoint\",\"urlTemplate\":\"https:\/\/svetslik.si\/hu\/?s={search_term_string}\"},\"query-input\":{\"@type\":\"PropertyValueSpecification\",\"valueRequired\":true,\"valueName\":\"search_term_string\"}}],\"inLanguage\":\"hu\"},{\"@type\":\"Organization\",\"@id\":\"https:\/\/svetslik.si\/hu\/#organization\",\"name\":\"SvetSlik.si\",\"url\":\"https:\/\/svetslik.si\/hu\/\",\"logo\":{\"@type\":\"ImageObject\",\"inLanguage\":\"hu\",\"@id\":\"https:\/\/svetslik.si\/hu\/#\/schema\/logo\/image\/\",\"url\":\"https:\/\/svetslik.si\/wp-content\/uploads\/2020\/12\/logo-512.png\",\"contentUrl\":\"https:\/\/svetslik.si\/wp-content\/uploads\/2020\/12\/logo-512.png\",\"width\":512,\"height\":512,\"caption\":\"SvetSlik.si\"},\"image\":{\"@id\":\"https:\/\/svetslik.si\/hu\/#\/schema\/logo\/image\/\"},\"sameAs\":[\"https:\/\/www.facebook.com\/svetslik.si\",\"https:\/\/x.com\/svetslik\",\"https:\/\/www.instagram.com\/svetslik.si\/\",\"https:\/\/www.linkedin.com\/company\/svetslik-si\"]}]}<\/script>\n<meta property=\"og:availability\" content=\"backorder\" \/>\n<meta property=\"product:availability\" content=\"available for order\" \/>\n<meta property=\"product:retailer_item_id\" content=\"352__\" \/>\n<meta property=\"product:condition\" content=\"new\" \/>\n<!-- \/ Yoast SEO Premium plugin. -->","yoast_head_json":{"title":"Salvador Dali - Autumnal Cannibalism - SVETSLIK.SI - 100% k\u00e9zzel festett","description":"Salvador Dali - Autumnal Cannibalism - 100% k\u00e9zzel festett h\u00edres festm\u00e9nyek reprodukci\u00f3i. Festm\u00e9nyek keretez\u00e9se, elad\u00e1sa \u00e9s egyedi rendel\u00e9sre t\u00f6rt\u00e9n\u0151 v\u00e1szonk\u00e9pek k\u00e9sz\u00edt\u00e9se.","robots":{"index":"index","follow":"follow","max-snippet":"max-snippet:-1","max-image-preview":"max-image-preview:large","max-video-preview":"max-video-preview:-1"},"canonical":"https:\/\/svetslik.si\/hu\/salvador-dali-hu\/autumnal-cannibalism\/","og_locale":"hu_HU","og_type":"article","og_title":"Salvador Dali - Autumnal Cannibalism","og_description":"100% ro\u010dno naslikane slike na platnu, reprodukcije znanih slikarjev in umetni\u0161ke slike po naro\u010dilu.","og_url":"https:\/\/svetslik.si\/hu\/salvador-dali-hu\/autumnal-cannibalism\/","og_site_name":"SVETSLIK.SI","article_publisher":"https:\/\/www.facebook.com\/svetslik.si","article_modified_time":"2026-03-22T20:49:56+00:00","og_image":[{"width":1200,"height":1200,"url":"https:\/\/svetslik.si\/wp-content\/uploads\/2021\/08\/image_Autumnal-Cannibalism_680.jpg","type":"image\/jpeg"}],"twitter_card":"summary_large_image","twitter_site":"@svetslik","twitter_misc":{"El\u00e9rhet\u0151s\u00e9g":"Beszerz\u00e9s alatt"},"schema":{"@context":"https:\/\/schema.org","@graph":[{"@type":["WebPage","ItemPage"],"@id":"https:\/\/svetslik.si\/hu\/salvador-dali-hu\/autumnal-cannibalism\/","url":"https:\/\/svetslik.si\/hu\/salvador-dali-hu\/autumnal-cannibalism\/","name":"Salvador Dali - Autumnal Cannibalism - SVETSLIK.SI - 100% k\u00e9zzel festett","isPartOf":{"@id":"https:\/\/svetslik.si\/hu\/#website"},"primaryImageOfPage":{"@id":"https:\/\/svetslik.si\/hu\/salvador-dali-hu\/autumnal-cannibalism\/#primaryimage"},"image":{"@id":"https:\/\/svetslik.si\/hu\/salvador-dali-hu\/autumnal-cannibalism\/#primaryimage"},"thumbnailUrl":"https:\/\/svetslik.si\/wp-content\/uploads\/2021\/08\/image_Autumnal-Cannibalism_680.jpg","datePublished":"2021-09-02T16:00:44+00:00","dateModified":"2026-03-22T20:49:56+00:00","description":"Salvador Dali - Autumnal Cannibalism - 100% k\u00e9zzel festett h\u00edres festm\u00e9nyek reprodukci\u00f3i. Festm\u00e9nyek keretez\u00e9se, elad\u00e1sa \u00e9s egyedi rendel\u00e9sre t\u00f6rt\u00e9n\u0151 v\u00e1szonk\u00e9pek k\u00e9sz\u00edt\u00e9se.","breadcrumb":{"@id":"https:\/\/svetslik.si\/hu\/salvador-dali-hu\/autumnal-cannibalism\/#breadcrumb"},"inLanguage":"hu","potentialAction":[{"@type":"ReadAction","target":["https:\/\/svetslik.si\/hu\/salvador-dali-hu\/autumnal-cannibalism\/"]}]},{"@type":"ImageObject","inLanguage":"hu","@id":"https:\/\/svetslik.si\/hu\/salvador-dali-hu\/autumnal-cannibalism\/#primaryimage","url":"https:\/\/svetslik.si\/wp-content\/uploads\/2021\/08\/image_Autumnal-Cannibalism_680.jpg","contentUrl":"https:\/\/svetslik.si\/wp-content\/uploads\/2021\/08\/image_Autumnal-Cannibalism_680.jpg","width":1200,"height":1200,"caption":"Salvador Dali - Autumnal Cannibalism - \u0150szi k\u00e1nnibalizmus - Salvador Dali - Autumnal Cannibalism - Festm\u00e9nyek reprodukci\u00f3i - V\u00e1szonk\u00e9p - Festm\u00e9nyek reprodukci\u00f3i - Absztrakt Festm\u00e9ny - Modern Festm\u00e9ny - Realisztikus Festm\u00e9ny - Olajfestm\u00e9ny - Falik\u00e9p"},{"@type":"BreadcrumbList","@id":"https:\/\/svetslik.si\/hu\/salvador-dali-hu\/autumnal-cannibalism\/#breadcrumb","itemListElement":[{"@type":"ListItem","position":1,"name":"Wall art and paintings on canvas","item":"https:\/\/svetslik.si\/hu\/"},{"@type":"ListItem","position":2,"name":"Festm\u00e9nyek elad\u00e1sa","item":"https:\/\/svetslik.si\/prodaja-slik\/"},{"@type":"ListItem","position":3,"name":"Salvador Dali &#8211; Autumnal Cannibalism"}]},{"@type":"WebSite","@id":"https:\/\/svetslik.si\/hu\/#website","url":"https:\/\/svetslik.si\/hu\/","name":"SVETSLIK.SI","description":"100%-ban k\u00e9zzel festett reprodukci\u00f3k h\u00edres fest\u0151k festm\u00e9nyeir\u0151l \u00e9s festm\u00e9nyekr\u0151l v\u00e1szonra.","publisher":{"@id":"https:\/\/svetslik.si\/hu\/#organization"},"potentialAction":[{"@type":"SearchAction","target":{"@type":"EntryPoint","urlTemplate":"https:\/\/svetslik.si\/hu\/?s={search_term_string}"},"query-input":{"@type":"PropertyValueSpecification","valueRequired":true,"valueName":"search_term_string"}}],"inLanguage":"hu"},{"@type":"Organization","@id":"https:\/\/svetslik.si\/hu\/#organization","name":"SvetSlik.si","url":"https:\/\/svetslik.si\/hu\/","logo":{"@type":"ImageObject","inLanguage":"hu","@id":"https:\/\/svetslik.si\/hu\/#\/schema\/logo\/image\/","url":"https:\/\/svetslik.si\/wp-content\/uploads\/2020\/12\/logo-512.png","contentUrl":"https:\/\/svetslik.si\/wp-content\/uploads\/2020\/12\/logo-512.png","width":512,"height":512,"caption":"SvetSlik.si"},"image":{"@id":"https:\/\/svetslik.si\/hu\/#\/schema\/logo\/image\/"},"sameAs":["https:\/\/www.facebook.com\/svetslik.si","https:\/\/x.com\/svetslik","https:\/\/www.instagram.com\/svetslik.si\/","https:\/\/www.linkedin.com\/company\/svetslik-si"]}]},"og_availability":"backorder","product_availability":"available for order","product_retailer_item_id":"352__","product_condition":"new"},"jetpack_sharing_enabled":true,"_links":{"self":[{"href":"https:\/\/svetslik.si\/hu\/wp-json\/wp\/v2\/product\/54248","targetHints":{"allow":["GET"]}}],"collection":[{"href":"https:\/\/svetslik.si\/hu\/wp-json\/wp\/v2\/product"}],"about":[{"href":"https:\/\/svetslik.si\/hu\/wp-json\/wp\/v2\/types\/product"}],"wp:featuredmedia":[{"embeddable":true,"href":"https:\/\/svetslik.si\/hu\/wp-json\/wp\/v2\/media\/49357"}],"wp:attachment":[{"href":"https:\/\/svetslik.si\/hu\/wp-json\/wp\/v2\/media?parent=54248"}],"wp:term":[{"taxonomy":"product_brand","embeddable":true,"href":"https:\/\/svetslik.si\/hu\/wp-json\/wp\/v2\/product_brand?post=54248"},{"taxonomy":"product_cat","embeddable":true,"href":"https:\/\/svetslik.si\/hu\/wp-json\/wp\/v2\/product_cat?post=54248"},{"taxonomy":"product_tag","embeddable":true,"href":"https:\/\/svetslik.si\/hu\/wp-json\/wp\/v2\/product_tag?post=54248"}],"curies":[{"name":"wp","href":"https:\/\/api.w.org\/{rel}","templated":true}]}}