{"id":54266,"date":"2021-09-02T18:00:59","date_gmt":"2021-09-02T16:00:59","guid":{"rendered":"https:\/\/svetslik.si\/nem-kategorizalt\/sentimental-colloquy\/"},"modified":"2026-03-22T21:50:37","modified_gmt":"2026-03-22T20:50:37","slug":"sentimental-colloquy","status":"publish","type":"product","link":"https:\/\/svetslik.si\/hu\/salvador-dali-hu\/sentimental-colloquy\/","title":{"rendered":"Salvador Dali &#8211; Sentimental Colloquy"},"content":{"rendered":"<h1>Salvador Dali \u2013 Szentiment\u00e1lis kollokvium<\/h1>\n<p>&nbsp;<\/p>\n<table style=\"width: 673px\" border=\"0\" width=\"673\" cellpadding=\"0\">\n<tbody>\n<tr>\n<td style=\"width: 180px;height: 21px\" height=\"21\">L\u00e9trehoz\u00e1s \u00e9ve:<\/td>\n<td style=\"width: 493px\">1948<\/td>\n<\/tr>\n<tr>\n<td style=\"width: 180px;height: 21px\" height=\"21\">Eredeti m\u00e9ret:<\/td>\n<td style=\"width: 493px\">47 cm x 26 cm<\/td>\n<\/tr>\n<tr>\n<td style=\"width: 180px;height: 21px\" height=\"21\">Fest\u00e9si st\u00edlus:<\/td>\n<td>\n<div>\n<div>\n<div>\n<div>\n<div>Sz\u00fcrrealizmus<\/div>\n<\/div>\n<\/div>\n<\/div>\n<\/div>\n<\/td>\n<\/tr>\n<tr>\n<td style=\"width: 180px;height: 21px\" height=\"21\">Eredeti technika:<\/td>\n<td>Olaj, v\u00e1szon<\/td>\n<\/tr>\n<tr>\n<td style=\"width: 180px;height: 21px\" height=\"21\">Helysz\u00edn:<\/td>\n<td>Salvador Dal\u00ed M\u00fazeum, St. Petersburg, Florida<\/td>\n<\/tr>\n<\/tbody>\n<colgroup>\n<col \/>\n<col \/> <\/colgroup>\n<\/table>\n<p>Salvador Dali Szentiment\u00e1lis besz\u00e9lget\u00e9se egy festm\u00e9ny, amely a m\u0171v\u00e9sz egyedi st\u00edlus\u00e1t \u00e9s technik\u00e1j\u00e1t mutatja be. Az 1937-ben k\u00e9sz\u00fclt festm\u00e9ny egy sz\u00fcrrealista remekm\u0171, amelyet \u00e1lmodoz\u00f3 k\u00e9pek \u00e9s szimbolika haszn\u00e1lata jellemez.<\/p>\n<p>A festm\u00e9ny egy f\u00e9rfit \u00e9s egy n\u0151t \u00e1br\u00e1zol romantikus \u00f6lel\u00e9sben, egyik kez\u00e9ben egy r\u00f3zs\u00e1t, a m\u00e1sikban kopony\u00e1t tart. A festm\u00e9ny h\u00e1tter\u00e9ben kop\u00e1r k\u00f6rnyezet n\u00e9h\u00e1ny apr\u00f3 f\u00e1val \u00e9s t\u00e1voli hegyvonulattal. A k\u00e9pen haszn\u00e1lt sz\u00ednek visszafogottak, a sz\u00fcrke \u00e9s a barna domin\u00e1l.<\/p>\n<p>A festm\u00e9nyt a sz\u00fcrrealizmus remekm\u0171v\u00e9nek tartj\u00e1k, hiszen emberi \u00e9rzelmeket \u00e9s v\u00e1gyakat t\u00e1r fel. A k\u00e9pen l\u00e1that\u00f3 f\u00e9rfi \u00e9s n\u0151 azt a szeretetet \u00e9s v\u00e1gyat szimboliz\u00e1lja, amit az emberek egym\u00e1s ir\u00e1nt \u00e9reznek. A vir\u00e1g \u00e9s a koponya az \u00e9let \u00e9s a szerelem muland\u00f3s\u00e1g\u00e1nak szimb\u00f3luma is. A h\u00e1tt\u00e9rben l\u00e1that\u00f3 kop\u00e1r t\u00e1j a mag\u00e1ny \u00e9s az elszigetelts\u00e9g metafor\u00e1ja, amely gyakran k\u00eds\u00e9ri ezeket az \u00e9rzelmeket.<\/p>\n<p>&#8220;A Szentiment\u00e1lis besz\u00e9lget\u00e9s Dal\u00ed egyik legfontosabb alkot\u00e1sa, \u00e9s sokan a 20. sz\u00e1zad egyik legnagyobb festm\u00e9nyek\u00e9nt tartj\u00e1k sz\u00e1mon. A festm\u00e9ny jelenleg a floridai szentp\u00e9terv\u00e1ri Salvador Dali M\u00fazeumban tal\u00e1lhat\u00f3, \u00e9s \u00fagy tartj\u00e1k. a m\u0171v\u00e9szet szerelmeseinek k\u00f6telez\u0151 l\u00e1tnival\u00f3.<\/p>\n<p>\u00d6sszess\u00e9g\u00e9ben a &#8220;Szentiment\u00e1lis besz\u00e9lget\u00e9s&#8221; egy olyan festm\u00e9ny, amely Salvador Dal\u00ed egyedi st\u00edlus\u00e1t \u00e9s technik\u00e1j\u00e1t mutatja be, \u00e9s tov\u00e1bbra is inspir\u00e1lja \u00e9s \u00f6r\u00f6met okoz a m\u0171v\u00e9szet szerelmeseinek szerte a vil\u00e1gon. A festm\u00e9ny a vil\u00e1g sz\u00e1mos m\u00fazeum\u00e1ban megtal\u00e1lhat\u00f3, \u00e9s a sz\u00fcrrealizmus remekm\u0171vek\u00e9nt tartj\u00e1k sz\u00e1mon. A di\u00e1kok \u00e9s a m\u0171v\u00e9szet szerelmesei sz\u00e1m\u00e1ra is nagyszer\u0171 inspir\u00e1ci\u00f3.<\/p>\n","protected":false},"excerpt":{"rendered":"<p>Salvador Dali \u2013 Szentiment\u00e1lis kollokvium &nbsp; L\u00e9trehoz\u00e1s \u00e9ve: 1948 Eredeti m\u00e9ret: 47 cm x 26 cm Fest\u00e9si st\u00edlus: Sz\u00fcrrealizmus Eredeti technika: Olaj, v\u00e1szon Helysz\u00edn: Salvador Dal\u00ed M\u00fazeum, St. Petersburg, Florida Salvador Dali Szentiment\u00e1lis besz\u00e9lget\u00e9se egy festm\u00e9ny, amely a m\u0171v\u00e9sz egyedi st\u00edlus\u00e1t \u00e9s technik\u00e1j\u00e1t mutatja be. Az 1937-ben k\u00e9sz\u00fclt festm\u00e9ny egy [&hellip;]<\/p>\n","protected":false},"featured_media":49990,"template":"","meta":{"_acf_changed":false},"product_brand":[],"product_cat":[7134],"product_tag":[7163,11885,11886,11887,7201],"class_list":{"0":"post-54266","1":"product","2":"type-product","3":"status-publish","4":"has-post-thumbnail","6":"product_cat-salvador-dali-hu","7":"product_tag-dali-hu","8":"product_tag-painter-hu","9":"product_tag-reproduction","10":"product_tag-reproductions-hu","11":"product_tag-salvador-dali-hu","12":"pa_dimenzija-110-x-60-cm-hu","13":"pa_dimenzija-130-x-70-cm-hu","14":"pa_dimenzija-150-x-80-cm-hu","15":"pa_dimenzija-180-x-100-cm-hu","16":"pa_dimenzija-230-x-130-cm-hu","17":"pa_dimenzija-47-x-26-cm-hu","18":"pa_dimenzija-70-x-40-cm-hu","19":"pa_dimenzija-90-x-50-cm-hu","20":"pa_oblika-vizszintes","21":"pa_okvir-nincs-keret","22":"pa_podokvir-igen","23":"pa_podokvir-nem","25":"first","26":"onbackorder","27":"purchasable","28":"product-type-variable","29":"has-default-attributes"},"acf":[],"yoast_head":"<!-- This site is optimized with the Yoast SEO Premium plugin v26.0 (Yoast SEO v27.2) - https:\/\/yoast.com\/product\/yoast-seo-premium-wordpress\/ -->\n<title>Salvador Dali - Sentimental Colloquy - SVETSLIK.SI - 100% k\u00e9zzel festett<\/title>\n<meta name=\"description\" content=\"Salvador Dali - Sentimental Colloquy - 100% k\u00e9zzel festett h\u00edres festm\u00e9nyek reprodukci\u00f3i. Festm\u00e9nyek keretez\u00e9se, elad\u00e1sa \u00e9s egyedi rendel\u00e9sre t\u00f6rt\u00e9n\u0151 v\u00e1szonk\u00e9pek k\u00e9sz\u00edt\u00e9se.\" \/>\n<meta name=\"robots\" content=\"index, follow, max-snippet:-1, max-image-preview:large, max-video-preview:-1\" \/>\n<link rel=\"canonical\" href=\"https:\/\/svetslik.si\/hu\/salvador-dali-hu\/sentimental-colloquy\/\" \/>\n<meta property=\"og:locale\" content=\"hu_HU\" \/>\n<meta property=\"og:type\" content=\"article\" \/>\n<meta property=\"og:title\" content=\"Salvador Dali - Sentimental Colloquy\" \/>\n<meta property=\"og:description\" content=\"100% ro\u010dno naslikane slike na platnu, reprodukcije znanih slikarjev in umetni\u0161ke slike po naro\u010dilu.\" \/>\n<meta property=\"og:url\" content=\"https:\/\/svetslik.si\/hu\/salvador-dali-hu\/sentimental-colloquy\/\" \/>\n<meta property=\"og:site_name\" content=\"SVETSLIK.SI\" \/>\n<meta property=\"article:publisher\" content=\"https:\/\/www.facebook.com\/svetslik.si\" \/>\n<meta property=\"article:modified_time\" content=\"2026-03-22T20:50:37+00:00\" \/>\n<meta property=\"og:image\" content=\"https:\/\/svetslik.si\/wp-content\/uploads\/2021\/08\/image_Sentimental-Colloquy_680.jpg\" \/>\n\t<meta property=\"og:image:width\" content=\"1240\" \/>\n\t<meta property=\"og:image:height\" content=\"668\" \/>\n\t<meta property=\"og:image:type\" content=\"image\/jpeg\" \/>\n<meta name=\"twitter:card\" content=\"summary_large_image\" \/>\n<meta name=\"twitter:site\" content=\"@svetslik\" \/>\n<meta name=\"twitter:label1\" content=\"El\u00e9rhet\u0151s\u00e9g\" \/>\n\t<meta name=\"twitter:data1\" content=\"Beszerz\u00e9s alatt\" \/>\n<script type=\"application\/ld+json\" class=\"yoast-schema-graph\">{\"@context\":\"https:\/\/schema.org\",\"@graph\":[{\"@type\":[\"WebPage\",\"ItemPage\"],\"@id\":\"https:\/\/svetslik.si\/hu\/salvador-dali-hu\/sentimental-colloquy\/\",\"url\":\"https:\/\/svetslik.si\/hu\/salvador-dali-hu\/sentimental-colloquy\/\",\"name\":\"Salvador Dali - Sentimental Colloquy - SVETSLIK.SI - 100% k\u00e9zzel festett\",\"isPartOf\":{\"@id\":\"https:\/\/svetslik.si\/hu\/#website\"},\"primaryImageOfPage\":{\"@id\":\"https:\/\/svetslik.si\/hu\/salvador-dali-hu\/sentimental-colloquy\/#primaryimage\"},\"image\":{\"@id\":\"https:\/\/svetslik.si\/hu\/salvador-dali-hu\/sentimental-colloquy\/#primaryimage\"},\"thumbnailUrl\":\"https:\/\/svetslik.si\/wp-content\/uploads\/2021\/08\/image_Sentimental-Colloquy_680.jpg\",\"datePublished\":\"2021-09-02T16:00:59+00:00\",\"dateModified\":\"2026-03-22T20:50:37+00:00\",\"description\":\"Salvador Dali - Sentimental Colloquy - 100% k\u00e9zzel festett h\u00edres festm\u00e9nyek reprodukci\u00f3i. Festm\u00e9nyek keretez\u00e9se, elad\u00e1sa \u00e9s egyedi rendel\u00e9sre t\u00f6rt\u00e9n\u0151 v\u00e1szonk\u00e9pek k\u00e9sz\u00edt\u00e9se.\",\"breadcrumb\":{\"@id\":\"https:\/\/svetslik.si\/hu\/salvador-dali-hu\/sentimental-colloquy\/#breadcrumb\"},\"inLanguage\":\"hu\",\"potentialAction\":[{\"@type\":\"ReadAction\",\"target\":[\"https:\/\/svetslik.si\/hu\/salvador-dali-hu\/sentimental-colloquy\/\"]}]},{\"@type\":\"ImageObject\",\"inLanguage\":\"hu\",\"@id\":\"https:\/\/svetslik.si\/hu\/salvador-dali-hu\/sentimental-colloquy\/#primaryimage\",\"url\":\"https:\/\/svetslik.si\/wp-content\/uploads\/2021\/08\/image_Sentimental-Colloquy_680.jpg\",\"contentUrl\":\"https:\/\/svetslik.si\/wp-content\/uploads\/2021\/08\/image_Sentimental-Colloquy_680.jpg\",\"width\":1240,\"height\":668,\"caption\":\"Salvador Dali - Sentimental Colloquy (\u00c9rzelmes p\u00e1rbesz\u00e9d) - Vazonk\u00e9p, festm\u00e9nyek, reprodukci\u00f3\"},{\"@type\":\"BreadcrumbList\",\"@id\":\"https:\/\/svetslik.si\/hu\/salvador-dali-hu\/sentimental-colloquy\/#breadcrumb\",\"itemListElement\":[{\"@type\":\"ListItem\",\"position\":1,\"name\":\"Wall art and paintings on canvas\",\"item\":\"https:\/\/svetslik.si\/hu\/\"},{\"@type\":\"ListItem\",\"position\":2,\"name\":\"Festm\u00e9nyek elad\u00e1sa\",\"item\":\"https:\/\/svetslik.si\/prodaja-slik\/\"},{\"@type\":\"ListItem\",\"position\":3,\"name\":\"Salvador Dali &#8211; Sentimental Colloquy\"}]},{\"@type\":\"WebSite\",\"@id\":\"https:\/\/svetslik.si\/hu\/#website\",\"url\":\"https:\/\/svetslik.si\/hu\/\",\"name\":\"SVETSLIK.SI\",\"description\":\"100%-ban k\u00e9zzel festett reprodukci\u00f3k h\u00edres fest\u0151k festm\u00e9nyeir\u0151l \u00e9s festm\u00e9nyekr\u0151l v\u00e1szonra.\",\"publisher\":{\"@id\":\"https:\/\/svetslik.si\/hu\/#organization\"},\"potentialAction\":[{\"@type\":\"SearchAction\",\"target\":{\"@type\":\"EntryPoint\",\"urlTemplate\":\"https:\/\/svetslik.si\/hu\/?s={search_term_string}\"},\"query-input\":{\"@type\":\"PropertyValueSpecification\",\"valueRequired\":true,\"valueName\":\"search_term_string\"}}],\"inLanguage\":\"hu\"},{\"@type\":\"Organization\",\"@id\":\"https:\/\/svetslik.si\/hu\/#organization\",\"name\":\"SvetSlik.si\",\"url\":\"https:\/\/svetslik.si\/hu\/\",\"logo\":{\"@type\":\"ImageObject\",\"inLanguage\":\"hu\",\"@id\":\"https:\/\/svetslik.si\/hu\/#\/schema\/logo\/image\/\",\"url\":\"https:\/\/svetslik.si\/wp-content\/uploads\/2020\/12\/logo-512.png\",\"contentUrl\":\"https:\/\/svetslik.si\/wp-content\/uploads\/2020\/12\/logo-512.png\",\"width\":512,\"height\":512,\"caption\":\"SvetSlik.si\"},\"image\":{\"@id\":\"https:\/\/svetslik.si\/hu\/#\/schema\/logo\/image\/\"},\"sameAs\":[\"https:\/\/www.facebook.com\/svetslik.si\",\"https:\/\/x.com\/svetslik\",\"https:\/\/www.instagram.com\/svetslik.si\/\",\"https:\/\/www.linkedin.com\/company\/svetslik-si\"]}]}<\/script>\n<meta property=\"og:availability\" content=\"backorder\" \/>\n<meta property=\"product:availability\" content=\"available for order\" \/>\n<meta property=\"product:retailer_item_id\" content=\"354__\" \/>\n<meta property=\"product:condition\" content=\"new\" \/>\n<!-- \/ Yoast SEO Premium plugin. -->","yoast_head_json":{"title":"Salvador Dali - Sentimental Colloquy - SVETSLIK.SI - 100% k\u00e9zzel festett","description":"Salvador Dali - Sentimental Colloquy - 100% k\u00e9zzel festett h\u00edres festm\u00e9nyek reprodukci\u00f3i. Festm\u00e9nyek keretez\u00e9se, elad\u00e1sa \u00e9s egyedi rendel\u00e9sre t\u00f6rt\u00e9n\u0151 v\u00e1szonk\u00e9pek k\u00e9sz\u00edt\u00e9se.","robots":{"index":"index","follow":"follow","max-snippet":"max-snippet:-1","max-image-preview":"max-image-preview:large","max-video-preview":"max-video-preview:-1"},"canonical":"https:\/\/svetslik.si\/hu\/salvador-dali-hu\/sentimental-colloquy\/","og_locale":"hu_HU","og_type":"article","og_title":"Salvador Dali - Sentimental Colloquy","og_description":"100% ro\u010dno naslikane slike na platnu, reprodukcije znanih slikarjev in umetni\u0161ke slike po naro\u010dilu.","og_url":"https:\/\/svetslik.si\/hu\/salvador-dali-hu\/sentimental-colloquy\/","og_site_name":"SVETSLIK.SI","article_publisher":"https:\/\/www.facebook.com\/svetslik.si","article_modified_time":"2026-03-22T20:50:37+00:00","og_image":[{"width":1240,"height":668,"url":"https:\/\/svetslik.si\/wp-content\/uploads\/2021\/08\/image_Sentimental-Colloquy_680.jpg","type":"image\/jpeg"}],"twitter_card":"summary_large_image","twitter_site":"@svetslik","twitter_misc":{"El\u00e9rhet\u0151s\u00e9g":"Beszerz\u00e9s alatt"},"schema":{"@context":"https:\/\/schema.org","@graph":[{"@type":["WebPage","ItemPage"],"@id":"https:\/\/svetslik.si\/hu\/salvador-dali-hu\/sentimental-colloquy\/","url":"https:\/\/svetslik.si\/hu\/salvador-dali-hu\/sentimental-colloquy\/","name":"Salvador Dali - Sentimental Colloquy - SVETSLIK.SI - 100% k\u00e9zzel festett","isPartOf":{"@id":"https:\/\/svetslik.si\/hu\/#website"},"primaryImageOfPage":{"@id":"https:\/\/svetslik.si\/hu\/salvador-dali-hu\/sentimental-colloquy\/#primaryimage"},"image":{"@id":"https:\/\/svetslik.si\/hu\/salvador-dali-hu\/sentimental-colloquy\/#primaryimage"},"thumbnailUrl":"https:\/\/svetslik.si\/wp-content\/uploads\/2021\/08\/image_Sentimental-Colloquy_680.jpg","datePublished":"2021-09-02T16:00:59+00:00","dateModified":"2026-03-22T20:50:37+00:00","description":"Salvador Dali - Sentimental Colloquy - 100% k\u00e9zzel festett h\u00edres festm\u00e9nyek reprodukci\u00f3i. Festm\u00e9nyek keretez\u00e9se, elad\u00e1sa \u00e9s egyedi rendel\u00e9sre t\u00f6rt\u00e9n\u0151 v\u00e1szonk\u00e9pek k\u00e9sz\u00edt\u00e9se.","breadcrumb":{"@id":"https:\/\/svetslik.si\/hu\/salvador-dali-hu\/sentimental-colloquy\/#breadcrumb"},"inLanguage":"hu","potentialAction":[{"@type":"ReadAction","target":["https:\/\/svetslik.si\/hu\/salvador-dali-hu\/sentimental-colloquy\/"]}]},{"@type":"ImageObject","inLanguage":"hu","@id":"https:\/\/svetslik.si\/hu\/salvador-dali-hu\/sentimental-colloquy\/#primaryimage","url":"https:\/\/svetslik.si\/wp-content\/uploads\/2021\/08\/image_Sentimental-Colloquy_680.jpg","contentUrl":"https:\/\/svetslik.si\/wp-content\/uploads\/2021\/08\/image_Sentimental-Colloquy_680.jpg","width":1240,"height":668,"caption":"Salvador Dali - Sentimental Colloquy (\u00c9rzelmes p\u00e1rbesz\u00e9d) - Vazonk\u00e9p, festm\u00e9nyek, reprodukci\u00f3"},{"@type":"BreadcrumbList","@id":"https:\/\/svetslik.si\/hu\/salvador-dali-hu\/sentimental-colloquy\/#breadcrumb","itemListElement":[{"@type":"ListItem","position":1,"name":"Wall art and paintings on canvas","item":"https:\/\/svetslik.si\/hu\/"},{"@type":"ListItem","position":2,"name":"Festm\u00e9nyek elad\u00e1sa","item":"https:\/\/svetslik.si\/prodaja-slik\/"},{"@type":"ListItem","position":3,"name":"Salvador Dali &#8211; Sentimental Colloquy"}]},{"@type":"WebSite","@id":"https:\/\/svetslik.si\/hu\/#website","url":"https:\/\/svetslik.si\/hu\/","name":"SVETSLIK.SI","description":"100%-ban k\u00e9zzel festett reprodukci\u00f3k h\u00edres fest\u0151k festm\u00e9nyeir\u0151l \u00e9s festm\u00e9nyekr\u0151l v\u00e1szonra.","publisher":{"@id":"https:\/\/svetslik.si\/hu\/#organization"},"potentialAction":[{"@type":"SearchAction","target":{"@type":"EntryPoint","urlTemplate":"https:\/\/svetslik.si\/hu\/?s={search_term_string}"},"query-input":{"@type":"PropertyValueSpecification","valueRequired":true,"valueName":"search_term_string"}}],"inLanguage":"hu"},{"@type":"Organization","@id":"https:\/\/svetslik.si\/hu\/#organization","name":"SvetSlik.si","url":"https:\/\/svetslik.si\/hu\/","logo":{"@type":"ImageObject","inLanguage":"hu","@id":"https:\/\/svetslik.si\/hu\/#\/schema\/logo\/image\/","url":"https:\/\/svetslik.si\/wp-content\/uploads\/2020\/12\/logo-512.png","contentUrl":"https:\/\/svetslik.si\/wp-content\/uploads\/2020\/12\/logo-512.png","width":512,"height":512,"caption":"SvetSlik.si"},"image":{"@id":"https:\/\/svetslik.si\/hu\/#\/schema\/logo\/image\/"},"sameAs":["https:\/\/www.facebook.com\/svetslik.si","https:\/\/x.com\/svetslik","https:\/\/www.instagram.com\/svetslik.si\/","https:\/\/www.linkedin.com\/company\/svetslik-si"]}]},"og_availability":"backorder","product_availability":"available for order","product_retailer_item_id":"354__","product_condition":"new"},"jetpack_sharing_enabled":true,"_links":{"self":[{"href":"https:\/\/svetslik.si\/hu\/wp-json\/wp\/v2\/product\/54266","targetHints":{"allow":["GET"]}}],"collection":[{"href":"https:\/\/svetslik.si\/hu\/wp-json\/wp\/v2\/product"}],"about":[{"href":"https:\/\/svetslik.si\/hu\/wp-json\/wp\/v2\/types\/product"}],"wp:featuredmedia":[{"embeddable":true,"href":"https:\/\/svetslik.si\/hu\/wp-json\/wp\/v2\/media\/49990"}],"wp:attachment":[{"href":"https:\/\/svetslik.si\/hu\/wp-json\/wp\/v2\/media?parent=54266"}],"wp:term":[{"taxonomy":"product_brand","embeddable":true,"href":"https:\/\/svetslik.si\/hu\/wp-json\/wp\/v2\/product_brand?post=54266"},{"taxonomy":"product_cat","embeddable":true,"href":"https:\/\/svetslik.si\/hu\/wp-json\/wp\/v2\/product_cat?post=54266"},{"taxonomy":"product_tag","embeddable":true,"href":"https:\/\/svetslik.si\/hu\/wp-json\/wp\/v2\/product_tag?post=54266"}],"curies":[{"name":"wp","href":"https:\/\/api.w.org\/{rel}","templated":true}]}}