{"id":54355,"date":"2021-09-02T18:01:56","date_gmt":"2021-09-02T16:01:56","guid":{"rendered":"https:\/\/svetslik.si\/nem-kategorizalt\/model-facing-front-study-for-models\/"},"modified":"2026-03-22T21:51:54","modified_gmt":"2026-03-22T20:51:54","slug":"model-facing-front-study-for-models","status":"publish","type":"product","link":"https:\/\/svetslik.si\/hu\/georges-seurat-hu\/model-facing-front-study-for-models\/","title":{"rendered":"Georges Seurat &#8211; Model Facing Front (study for Models)"},"content":{"rendered":"<div class=\"wpb-content-wrapper\">[vc_row css=&#8221;.vc_custom_1742248371667{margin-bottom: 10px !important;}&#8221;][vc_column]\t<div class=\"et-image-905 et-image     et_image_link\">\n\t\t<div class=\"et-image-inner \">\n\t\t\t\t\t\t\t<div class=\"et-image-thumb \">\n\t\t\t\t\t<img decoding=\"async\" width=\"1500\" height=\"1865\" src=\"https:\/\/svetslik.si\/wp-content\/uploads\/2021\/09\/Georges-Seurat-\u2013-Model-Facing-Front-study-for-Models-slike-na-platnu.jpg\" class=\"attachment-full\" alt=\"Georges Seurat \u2013 Model Facing Front (study for Models) - slike na platnu\" title=\"Georges Seurat - Model Facing Front (study for Models)\" srcset=\"https:\/\/svetslik.si\/wp-content\/uploads\/2021\/09\/Georges-Seurat-\u2013-Model-Facing-Front-study-for-Models-slike-na-platnu.jpg 1500w, https:\/\/svetslik.si\/wp-content\/uploads\/2021\/09\/Georges-Seurat-\u2013-Model-Facing-Front-study-for-Models-slike-na-platnu-600x746.jpg 600w, https:\/\/svetslik.si\/wp-content\/uploads\/2021\/09\/Georges-Seurat-\u2013-Model-Facing-Front-study-for-Models-slike-na-platnu-1200x1492.jpg 1200w, https:\/\/svetslik.si\/wp-content\/uploads\/2021\/09\/Georges-Seurat-\u2013-Model-Facing-Front-study-for-Models-slike-na-platnu-241x300.jpg 241w, https:\/\/svetslik.si\/wp-content\/uploads\/2021\/09\/Georges-Seurat-\u2013-Model-Facing-Front-study-for-Models-slike-na-platnu-824x1024.jpg 824w, https:\/\/svetslik.si\/wp-content\/uploads\/2021\/09\/Georges-Seurat-\u2013-Model-Facing-Front-study-for-Models-slike-na-platnu-768x955.jpg 768w, https:\/\/svetslik.si\/wp-content\/uploads\/2021\/09\/Georges-Seurat-\u2013-Model-Facing-Front-study-for-Models-slike-na-platnu-1235x1536.jpg 1235w, https:\/\/svetslik.si\/wp-content\/uploads\/2021\/09\/Georges-Seurat-\u2013-Model-Facing-Front-study-for-Models-slike-na-platnu-121x150.jpg 121w\" sizes=\"(max-width: 1500px) 100vw, 1500px\" \/>\t\t\t\t<\/div>\n\t\t\t\t\t\t\t\t\t\t\t<\/div>\n\t<\/div>\n  [\/vc_column][\/vc_row][vc_row css=&#8221;.vc_custom_1742248371667{margin-bottom: 10px !important;}&#8221;][vc_column]\t<div class=\"et-image-247 et-image     et_image_link\">\n\t\t<div class=\"et-image-inner \">\n\t\t\t\t\t\t\t<div class=\"et-image-thumb \">\n\t\t\t\t\t<img decoding=\"async\" width=\"1500\" height=\"2473\" src=\"https:\/\/svetslik.si\/wp-content\/uploads\/2021\/09\/Georges-Seurat-\u2013-Model-Facing-Front-study-for-Models-slike-na-platnu-2.jpg\" class=\"attachment-full\" alt=\"Georges Seurat \u2013 Model Facing Front (study for Models) - slike na platnu\" title=\"Georges Seurat - Model Facing Front (study for Models)\" srcset=\"https:\/\/svetslik.si\/wp-content\/uploads\/2021\/09\/Georges-Seurat-\u2013-Model-Facing-Front-study-for-Models-slike-na-platnu-2.jpg 1500w, https:\/\/svetslik.si\/wp-content\/uploads\/2021\/09\/Georges-Seurat-\u2013-Model-Facing-Front-study-for-Models-slike-na-platnu-2-600x989.jpg 600w, https:\/\/svetslik.si\/wp-content\/uploads\/2021\/09\/Georges-Seurat-\u2013-Model-Facing-Front-study-for-Models-slike-na-platnu-2-1200x1978.jpg 1200w, https:\/\/svetslik.si\/wp-content\/uploads\/2021\/09\/Georges-Seurat-\u2013-Model-Facing-Front-study-for-Models-slike-na-platnu-2-182x300.jpg 182w, https:\/\/svetslik.si\/wp-content\/uploads\/2021\/09\/Georges-Seurat-\u2013-Model-Facing-Front-study-for-Models-slike-na-platnu-2-621x1024.jpg 621w, https:\/\/svetslik.si\/wp-content\/uploads\/2021\/09\/Georges-Seurat-\u2013-Model-Facing-Front-study-for-Models-slike-na-platnu-2-768x1266.jpg 768w, https:\/\/svetslik.si\/wp-content\/uploads\/2021\/09\/Georges-Seurat-\u2013-Model-Facing-Front-study-for-Models-slike-na-platnu-2-932x1536.jpg 932w, https:\/\/svetslik.si\/wp-content\/uploads\/2021\/09\/Georges-Seurat-\u2013-Model-Facing-Front-study-for-Models-slike-na-platnu-2-1242x2048.jpg 1242w, https:\/\/svetslik.si\/wp-content\/uploads\/2021\/09\/Georges-Seurat-\u2013-Model-Facing-Front-study-for-Models-slike-na-platnu-2-91x150.jpg 91w\" sizes=\"(max-width: 1500px) 100vw, 1500px\" \/>\t\t\t\t<\/div>\n\t\t\t\t\t\t\t\t\t\t\t<\/div>\n\t<\/div>\n  [\/vc_column][\/vc_row][vc_row css=&#8221;.vc_custom_1742248371667{margin-bottom: 10px !important;}&#8221;][vc_column]\t<div class=\"et-image-577 et-image     et_image_link\">\n\t\t<div class=\"et-image-inner \">\n\t\t\t\t\t\t\t<div class=\"et-image-thumb \">\n\t\t\t\t\t<img decoding=\"async\" width=\"1500\" height=\"2371\" src=\"https:\/\/svetslik.si\/wp-content\/uploads\/2021\/09\/Georges-Seurat-\u2013-Model-Facing-Front-study-for-Models-slike-na-platnu-3.jpg\" class=\"attachment-full\" alt=\"Georges Seurat \u2013 Model Facing Front (study for Models) - slike na platnu\" title=\"Georges Seurat - Model Facing Front (study for Models)\" srcset=\"https:\/\/svetslik.si\/wp-content\/uploads\/2021\/09\/Georges-Seurat-\u2013-Model-Facing-Front-study-for-Models-slike-na-platnu-3.jpg 1500w, https:\/\/svetslik.si\/wp-content\/uploads\/2021\/09\/Georges-Seurat-\u2013-Model-Facing-Front-study-for-Models-slike-na-platnu-3-600x948.jpg 600w, https:\/\/svetslik.si\/wp-content\/uploads\/2021\/09\/Georges-Seurat-\u2013-Model-Facing-Front-study-for-Models-slike-na-platnu-3-1200x1897.jpg 1200w, https:\/\/svetslik.si\/wp-content\/uploads\/2021\/09\/Georges-Seurat-\u2013-Model-Facing-Front-study-for-Models-slike-na-platnu-3-190x300.jpg 190w, https:\/\/svetslik.si\/wp-content\/uploads\/2021\/09\/Georges-Seurat-\u2013-Model-Facing-Front-study-for-Models-slike-na-platnu-3-648x1024.jpg 648w, https:\/\/svetslik.si\/wp-content\/uploads\/2021\/09\/Georges-Seurat-\u2013-Model-Facing-Front-study-for-Models-slike-na-platnu-3-768x1214.jpg 768w, https:\/\/svetslik.si\/wp-content\/uploads\/2021\/09\/Georges-Seurat-\u2013-Model-Facing-Front-study-for-Models-slike-na-platnu-3-972x1536.jpg 972w, https:\/\/svetslik.si\/wp-content\/uploads\/2021\/09\/Georges-Seurat-\u2013-Model-Facing-Front-study-for-Models-slike-na-platnu-3-1296x2048.jpg 1296w, https:\/\/svetslik.si\/wp-content\/uploads\/2021\/09\/Georges-Seurat-\u2013-Model-Facing-Front-study-for-Models-slike-na-platnu-3-95x150.jpg 95w\" sizes=\"(max-width: 1500px) 100vw, 1500px\" \/>\t\t\t\t<\/div>\n\t\t\t\t\t\t\t\t\t\t\t<\/div>\n\t<\/div>\n  [\/vc_column][\/vc_row][vc_row css=&#8221;.vc_custom_1742248371667{margin-bottom: 10px !important;}&#8221;][vc_column]\t<div class=\"et-image-130 et-image     et_image_link\">\n\t\t<div class=\"et-image-inner \">\n\t\t\t\t\t\t\t<div class=\"et-image-thumb \">\n\t\t\t\t\t<img decoding=\"async\" width=\"1500\" height=\"1210\" src=\"https:\/\/svetslik.si\/wp-content\/uploads\/2021\/09\/Georges-Seurat-\u2013-Model-Facing-Front-study-for-Models-slike-na-platnu-4.jpg\" class=\"attachment-full\" alt=\"Georges Seurat \u2013 Model Facing Front (study for Models) - slike na platnu\" title=\"Georges Seurat - Model Facing Front (study for Models)\" srcset=\"https:\/\/svetslik.si\/wp-content\/uploads\/2021\/09\/Georges-Seurat-\u2013-Model-Facing-Front-study-for-Models-slike-na-platnu-4.jpg 1500w, https:\/\/svetslik.si\/wp-content\/uploads\/2021\/09\/Georges-Seurat-\u2013-Model-Facing-Front-study-for-Models-slike-na-platnu-4-600x484.jpg 600w, https:\/\/svetslik.si\/wp-content\/uploads\/2021\/09\/Georges-Seurat-\u2013-Model-Facing-Front-study-for-Models-slike-na-platnu-4-1200x968.jpg 1200w, https:\/\/svetslik.si\/wp-content\/uploads\/2021\/09\/Georges-Seurat-\u2013-Model-Facing-Front-study-for-Models-slike-na-platnu-4-300x242.jpg 300w, https:\/\/svetslik.si\/wp-content\/uploads\/2021\/09\/Georges-Seurat-\u2013-Model-Facing-Front-study-for-Models-slike-na-platnu-4-1024x826.jpg 1024w, https:\/\/svetslik.si\/wp-content\/uploads\/2021\/09\/Georges-Seurat-\u2013-Model-Facing-Front-study-for-Models-slike-na-platnu-4-768x620.jpg 768w, https:\/\/svetslik.si\/wp-content\/uploads\/2021\/09\/Georges-Seurat-\u2013-Model-Facing-Front-study-for-Models-slike-na-platnu-4-150x121.jpg 150w\" sizes=\"(max-width: 1500px) 100vw, 1500px\" \/>\t\t\t\t<\/div>\n\t\t\t\t\t\t\t\t\t\t\t<\/div>\n\t<\/div>\n  [\/vc_column][\/vc_row][vc_row css=&#8221;.vc_custom_1742248371667{margin-bottom: 10px !important;}&#8221;][vc_column]\t<div class=\"et-image-63 et-image     et_image_link\">\n\t\t<div class=\"et-image-inner \">\n\t\t\t\t\t\t\t<div class=\"et-image-thumb \">\n\t\t\t\t\t<img decoding=\"async\" width=\"1500\" height=\"1125\" src=\"https:\/\/svetslik.si\/wp-content\/uploads\/2021\/09\/Georges-Seurat-\u2013-Model-Facing-Front-study-for-Models-slike-na-platnu-5.jpg\" class=\"attachment-full\" alt=\"Georges Seurat \u2013 Model Facing Front (study for Models) - slike na platnu\" title=\"Georges Seurat - Model Facing Front (study for Models)\" srcset=\"https:\/\/svetslik.si\/wp-content\/uploads\/2021\/09\/Georges-Seurat-\u2013-Model-Facing-Front-study-for-Models-slike-na-platnu-5.jpg 1500w, https:\/\/svetslik.si\/wp-content\/uploads\/2021\/09\/Georges-Seurat-\u2013-Model-Facing-Front-study-for-Models-slike-na-platnu-5-600x450.jpg 600w, https:\/\/svetslik.si\/wp-content\/uploads\/2021\/09\/Georges-Seurat-\u2013-Model-Facing-Front-study-for-Models-slike-na-platnu-5-1200x900.jpg 1200w, https:\/\/svetslik.si\/wp-content\/uploads\/2021\/09\/Georges-Seurat-\u2013-Model-Facing-Front-study-for-Models-slike-na-platnu-5-300x225.jpg 300w, https:\/\/svetslik.si\/wp-content\/uploads\/2021\/09\/Georges-Seurat-\u2013-Model-Facing-Front-study-for-Models-slike-na-platnu-5-1024x768.jpg 1024w, https:\/\/svetslik.si\/wp-content\/uploads\/2021\/09\/Georges-Seurat-\u2013-Model-Facing-Front-study-for-Models-slike-na-platnu-5-768x576.jpg 768w, https:\/\/svetslik.si\/wp-content\/uploads\/2021\/09\/Georges-Seurat-\u2013-Model-Facing-Front-study-for-Models-slike-na-platnu-5-150x113.jpg 150w\" sizes=\"(max-width: 1500px) 100vw, 1500px\" \/>\t\t\t\t<\/div>\n\t\t\t\t\t\t\t\t\t\t\t<\/div>\n\t<\/div>\n  [\/vc_column][\/vc_row][vc_row][vc_column][vc_column_text]\n<h1>Georger Seurat \u2013 Modellre n\u00e9z\u0151 front (modellekre vonatkoz\u00f3 tanulm\u00e1ny)<\/h1>\n<p>&nbsp;<\/p>\n<table style=\"width: 673px;\" border=\"0\" width=\"673\" cellspacing=\"0\" cellpadding=\"0\">\n<tbody>\n<tr>\n<td style=\"width: 180px; height: 21px;\" height=\"21\">L\u00e9trehoz\u00e1s \u00e9ve:<\/td>\n<td style=\"width: 493px;\">1886<\/td>\n<\/tr>\n<tr>\n<td style=\"width: 180px; height: 21px;\" height=\"21\">Eredeti m\u00e9ret:<\/td>\n<td style=\"width: 493px;\">15,7 cm x 26 cm<\/td>\n<\/tr>\n<tr>\n<td style=\"width: 180px; height: 21px;\" height=\"21\">Fest\u00e9si st\u00edlus:<\/td>\n<td style=\"width: 493px;\">Pointillizmus<\/td>\n<\/tr>\n<tr>\n<td style=\"width: 180px; height: 21px;\" height=\"21\">Eredeti technika:<\/td>\n<td>Olaj, v\u00e1szon<\/td>\n<\/tr>\n<tr>\n<td style=\"width: 180px; height: 21px;\" height=\"21\">Helysz\u00edn:<\/td>\n<td>Orsey M\u00fazeum, P\u00e1rizs<\/td>\n<\/tr>\n<\/tbody>\n<colgroup> <\/colgroup>\n<\/table>\n<p>A <em>Model Facing Front<\/em> c\u00edm\u0171 festm\u00e9ny egyike annak a n\u00e9gy tanulm\u00e1nynak, amely a nagyobb olaj, v\u00e1szon, <em>The Models<\/em> c\u00edm\u0171 k\u00e9p\u00e9t \u00e1br\u00e1zolja. K\u00e9t v\u00e1ltozatban, ahol a modellt el\u00f6lr\u0151l festik, a fest\u0151 ennek a rendk\u00edv\u00fcl egyszer\u0171 p\u00f3znak a tanulm\u00e1nyoz\u00e1s\u00e1nak szenteli mag\u00e1t. A k\u00e9pen az els\u0151 ilyen tanulm\u00e1ny l\u00e1that\u00f3; a festm\u00e9nyen l\u00e1that\u00f3 n\u0151alak t\u00e9rde \u00e9s bok\u00e1ja \u00f6sszenyom\u00f3dik. A hat\u00e1s statikus; a k\u00e9pen egy szinte \u0151skorinak t\u0171n\u0151 alak l\u00e1that\u00f3.<\/p>\n<\/div>","protected":false},"excerpt":{"rendered":"<p>[vc_row css=&#8221;.vc_custom_1742248371667{margin-bottom: 10px !important;}&#8221;][vc_column][\/vc_column][\/vc_row][vc_row css=&#8221;.vc_custom_1742248371667{margin-bottom: 10px !important;}&#8221;][vc_column][\/vc_column][\/vc_row][vc_row css=&#8221;.vc_custom_1742248371667{margin-bottom: 10px !important;}&#8221;][vc_column][\/vc_column][\/vc_row][vc_row css=&#8221;.vc_custom_1742248371667{margin-bottom: 10px !important;}&#8221;][vc_column][\/vc_column][\/vc_row][vc_row css=&#8221;.vc_custom_1742248371667{margin-bottom: 10px !important;}&#8221;][vc_column][\/vc_column][\/vc_row][vc_row][vc_column][vc_column_text] Georger Seurat \u2013 Modellre n\u00e9z\u0151 front (modellekre vonatkoz\u00f3 tanulm\u00e1ny) &nbsp; L\u00e9trehoz\u00e1s \u00e9ve: 1886 Eredeti m\u00e9ret: 15,7 cm x 26 cm Fest\u00e9si st\u00edlus: Pointillizmus Eredeti technika: Olaj, v\u00e1szon Helysz\u00edn: Orsey M\u00fazeum, P\u00e1rizs A Model Facing [&hellip;]<\/p>\n","protected":false},"featured_media":49752,"template":"","meta":{"_acf_changed":false},"product_brand":[],"product_cat":[7141],"product_tag":[11885,11886,11887,7202],"class_list":{"0":"post-54355","1":"product","2":"type-product","3":"status-publish","4":"has-post-thumbnail","6":"product_cat-georges-seurat-hu","7":"product_tag-painter-hu","8":"product_tag-reproduction","9":"product_tag-reproductions-hu","10":"product_tag-seurat-hu","11":"pa_dimenzija-16-x-26-cm-hu","12":"pa_dimenzija-30-x-50-cm-hu","13":"pa_dimenzija-40-x-65-cm-hu","14":"pa_dimenzija-50-x-85-cm-hu","15":"pa_dimenzija-60-x-100-cm-hu","16":"pa_dimenzija-70-x-120-cm-hu","17":"pa_dimenzija-80-x-130-cm-hu","18":"pa_dimenzija-90-x-150-cm-hu","19":"pa_oblika-fuggoleges","20":"pa_okvir-nincs-keret","21":"pa_podokvir-igen","22":"pa_podokvir-nem","24":"first","25":"onbackorder","26":"purchasable","27":"product-type-variable","28":"has-default-attributes"},"acf":[],"yoast_head":"<!-- This site is optimized with the Yoast SEO Premium plugin v26.0 (Yoast SEO v27.2) - https:\/\/yoast.com\/product\/yoast-seo-premium-wordpress\/ -->\n<title>Georges Seurat - Model Facing Front (study for Models) - SVETSLIK.SI - 100% k\u00e9zzel festett<\/title>\n<meta name=\"description\" content=\"Georges Seurat - Model Facing Front (study for Models) - 100% k\u00e9zzel festett h\u00edres festm\u00e9nyek reprodukci\u00f3i. Festm\u00e9nyek keretez\u00e9se, elad\u00e1sa \u00e9s egyedi rendel\u00e9sre t\u00f6rt\u00e9n\u0151 v\u00e1szonk\u00e9pek k\u00e9sz\u00edt\u00e9se.\" \/>\n<meta name=\"robots\" content=\"index, follow, max-snippet:-1, max-image-preview:large, max-video-preview:-1\" \/>\n<link rel=\"canonical\" href=\"https:\/\/svetslik.si\/hu\/georges-seurat-hu\/model-facing-front-study-for-models\/\" \/>\n<meta property=\"og:locale\" content=\"hu_HU\" \/>\n<meta property=\"og:type\" content=\"article\" \/>\n<meta property=\"og:title\" content=\"Georges Seurat - Model Facing Front (study for Models)\" \/>\n<meta property=\"og:description\" content=\"100% ro\u010dno naslikane slike na platnu, reprodukcije znanih slikarjev in umetni\u0161ke slike po naro\u010dilu.\" \/>\n<meta property=\"og:url\" content=\"https:\/\/svetslik.si\/hu\/georges-seurat-hu\/model-facing-front-study-for-models\/\" \/>\n<meta property=\"og:site_name\" content=\"SVETSLIK.SI\" \/>\n<meta property=\"article:publisher\" content=\"https:\/\/www.facebook.com\/svetslik.si\" \/>\n<meta property=\"article:modified_time\" content=\"2026-03-22T20:51:54+00:00\" \/>\n<meta property=\"og:image\" content=\"https:\/\/svetslik.si\/wp-content\/uploads\/2021\/08\/image_Model-Facing-Front-study-for-Models-Seurat_680.jpg\" \/>\n\t<meta property=\"og:image:width\" content=\"747\" \/>\n\t<meta property=\"og:image:height\" content=\"1200\" \/>\n\t<meta property=\"og:image:type\" content=\"image\/jpeg\" \/>\n<meta name=\"twitter:card\" content=\"summary_large_image\" \/>\n<meta name=\"twitter:site\" content=\"@svetslik\" \/>\n<meta name=\"twitter:label1\" content=\"El\u00e9rhet\u0151s\u00e9g\" \/>\n\t<meta name=\"twitter:data1\" content=\"Beszerz\u00e9s alatt\" \/>\n<script type=\"application\/ld+json\" class=\"yoast-schema-graph\">{\"@context\":\"https:\/\/schema.org\",\"@graph\":[{\"@type\":[\"WebPage\",\"ItemPage\"],\"@id\":\"https:\/\/svetslik.si\/hu\/georges-seurat-hu\/model-facing-front-study-for-models\/\",\"url\":\"https:\/\/svetslik.si\/hu\/georges-seurat-hu\/model-facing-front-study-for-models\/\",\"name\":\"Georges Seurat - Model Facing Front (study for Models) - SVETSLIK.SI - 100% k\u00e9zzel festett\",\"isPartOf\":{\"@id\":\"https:\/\/svetslik.si\/hu\/#website\"},\"primaryImageOfPage\":{\"@id\":\"https:\/\/svetslik.si\/hu\/georges-seurat-hu\/model-facing-front-study-for-models\/#primaryimage\"},\"image\":{\"@id\":\"https:\/\/svetslik.si\/hu\/georges-seurat-hu\/model-facing-front-study-for-models\/#primaryimage\"},\"thumbnailUrl\":\"https:\/\/svetslik.si\/wp-content\/uploads\/2021\/08\/image_Model-Facing-Front-study-for-Models-Seurat_680.jpg\",\"datePublished\":\"2021-09-02T16:01:56+00:00\",\"dateModified\":\"2026-03-22T20:51:54+00:00\",\"description\":\"Georges Seurat - Model Facing Front (study for Models) - 100% k\u00e9zzel festett h\u00edres festm\u00e9nyek reprodukci\u00f3i. Festm\u00e9nyek keretez\u00e9se, elad\u00e1sa \u00e9s egyedi rendel\u00e9sre t\u00f6rt\u00e9n\u0151 v\u00e1szonk\u00e9pek k\u00e9sz\u00edt\u00e9se.\",\"breadcrumb\":{\"@id\":\"https:\/\/svetslik.si\/hu\/georges-seurat-hu\/model-facing-front-study-for-models\/#breadcrumb\"},\"inLanguage\":\"hu\",\"potentialAction\":[{\"@type\":\"ReadAction\",\"target\":[\"https:\/\/svetslik.si\/hu\/georges-seurat-hu\/model-facing-front-study-for-models\/\"]}]},{\"@type\":\"ImageObject\",\"inLanguage\":\"hu\",\"@id\":\"https:\/\/svetslik.si\/hu\/georges-seurat-hu\/model-facing-front-study-for-models\/#primaryimage\",\"url\":\"https:\/\/svetslik.si\/wp-content\/uploads\/2021\/08\/image_Model-Facing-Front-study-for-Models-Seurat_680.jpg\",\"contentUrl\":\"https:\/\/svetslik.si\/wp-content\/uploads\/2021\/08\/image_Model-Facing-Front-study-for-Models-Seurat_680.jpg\",\"width\":747,\"height\":1200,\"caption\":\"Georges Seurat - Model Facing Front (study for Models) - Georges Seurat - El\u0151re n\u00e9z\u0151 modell (tanulm\u00e1ny a modellekhez) - REPRODUKCI\u00d3I - V\u00e1szonk\u00e9p - Festm\u00e9nyek reprodukci\u00f3i - Impresszionista Festm\u00e9ny - Modern Festm\u00e9ny - Realisztikus Festm\u00e9ny - Olajfestm\u00e9ny - Falik\u00e9p\"},{\"@type\":\"BreadcrumbList\",\"@id\":\"https:\/\/svetslik.si\/hu\/georges-seurat-hu\/model-facing-front-study-for-models\/#breadcrumb\",\"itemListElement\":[{\"@type\":\"ListItem\",\"position\":1,\"name\":\"Wall art and paintings on canvas\",\"item\":\"https:\/\/svetslik.si\/hu\/\"},{\"@type\":\"ListItem\",\"position\":2,\"name\":\"Festm\u00e9nyek elad\u00e1sa\",\"item\":\"https:\/\/svetslik.si\/prodaja-slik\/\"},{\"@type\":\"ListItem\",\"position\":3,\"name\":\"Georges Seurat &#8211; Model Facing Front (study for Models)\"}]},{\"@type\":\"WebSite\",\"@id\":\"https:\/\/svetslik.si\/hu\/#website\",\"url\":\"https:\/\/svetslik.si\/hu\/\",\"name\":\"SVETSLIK.SI\",\"description\":\"100%-ban k\u00e9zzel festett reprodukci\u00f3k h\u00edres fest\u0151k festm\u00e9nyeir\u0151l \u00e9s festm\u00e9nyekr\u0151l v\u00e1szonra.\",\"publisher\":{\"@id\":\"https:\/\/svetslik.si\/hu\/#organization\"},\"potentialAction\":[{\"@type\":\"SearchAction\",\"target\":{\"@type\":\"EntryPoint\",\"urlTemplate\":\"https:\/\/svetslik.si\/hu\/?s={search_term_string}\"},\"query-input\":{\"@type\":\"PropertyValueSpecification\",\"valueRequired\":true,\"valueName\":\"search_term_string\"}}],\"inLanguage\":\"hu\"},{\"@type\":\"Organization\",\"@id\":\"https:\/\/svetslik.si\/hu\/#organization\",\"name\":\"SvetSlik.si\",\"url\":\"https:\/\/svetslik.si\/hu\/\",\"logo\":{\"@type\":\"ImageObject\",\"inLanguage\":\"hu\",\"@id\":\"https:\/\/svetslik.si\/hu\/#\/schema\/logo\/image\/\",\"url\":\"https:\/\/svetslik.si\/wp-content\/uploads\/2020\/12\/logo-512.png\",\"contentUrl\":\"https:\/\/svetslik.si\/wp-content\/uploads\/2020\/12\/logo-512.png\",\"width\":512,\"height\":512,\"caption\":\"SvetSlik.si\"},\"image\":{\"@id\":\"https:\/\/svetslik.si\/hu\/#\/schema\/logo\/image\/\"},\"sameAs\":[\"https:\/\/www.facebook.com\/svetslik.si\",\"https:\/\/x.com\/svetslik\",\"https:\/\/www.instagram.com\/svetslik.si\/\",\"https:\/\/www.linkedin.com\/company\/svetslik-si\"]}]}<\/script>\n<meta property=\"og:availability\" content=\"backorder\" \/>\n<meta property=\"product:availability\" content=\"available for order\" \/>\n<meta property=\"product:retailer_item_id\" content=\"365__\" \/>\n<meta property=\"product:condition\" content=\"new\" \/>\n<!-- \/ Yoast SEO Premium plugin. -->","yoast_head_json":{"title":"Georges Seurat - Model Facing Front (study for Models) - SVETSLIK.SI - 100% k\u00e9zzel festett","description":"Georges Seurat - Model Facing Front (study for Models) - 100% k\u00e9zzel festett h\u00edres festm\u00e9nyek reprodukci\u00f3i. Festm\u00e9nyek keretez\u00e9se, elad\u00e1sa \u00e9s egyedi rendel\u00e9sre t\u00f6rt\u00e9n\u0151 v\u00e1szonk\u00e9pek k\u00e9sz\u00edt\u00e9se.","robots":{"index":"index","follow":"follow","max-snippet":"max-snippet:-1","max-image-preview":"max-image-preview:large","max-video-preview":"max-video-preview:-1"},"canonical":"https:\/\/svetslik.si\/hu\/georges-seurat-hu\/model-facing-front-study-for-models\/","og_locale":"hu_HU","og_type":"article","og_title":"Georges Seurat - Model Facing Front (study for Models)","og_description":"100% ro\u010dno naslikane slike na platnu, reprodukcije znanih slikarjev in umetni\u0161ke slike po naro\u010dilu.","og_url":"https:\/\/svetslik.si\/hu\/georges-seurat-hu\/model-facing-front-study-for-models\/","og_site_name":"SVETSLIK.SI","article_publisher":"https:\/\/www.facebook.com\/svetslik.si","article_modified_time":"2026-03-22T20:51:54+00:00","og_image":[{"width":747,"height":1200,"url":"https:\/\/svetslik.si\/wp-content\/uploads\/2021\/08\/image_Model-Facing-Front-study-for-Models-Seurat_680.jpg","type":"image\/jpeg"}],"twitter_card":"summary_large_image","twitter_site":"@svetslik","twitter_misc":{"El\u00e9rhet\u0151s\u00e9g":"Beszerz\u00e9s alatt"},"schema":{"@context":"https:\/\/schema.org","@graph":[{"@type":["WebPage","ItemPage"],"@id":"https:\/\/svetslik.si\/hu\/georges-seurat-hu\/model-facing-front-study-for-models\/","url":"https:\/\/svetslik.si\/hu\/georges-seurat-hu\/model-facing-front-study-for-models\/","name":"Georges Seurat - Model Facing Front (study for Models) - SVETSLIK.SI - 100% k\u00e9zzel festett","isPartOf":{"@id":"https:\/\/svetslik.si\/hu\/#website"},"primaryImageOfPage":{"@id":"https:\/\/svetslik.si\/hu\/georges-seurat-hu\/model-facing-front-study-for-models\/#primaryimage"},"image":{"@id":"https:\/\/svetslik.si\/hu\/georges-seurat-hu\/model-facing-front-study-for-models\/#primaryimage"},"thumbnailUrl":"https:\/\/svetslik.si\/wp-content\/uploads\/2021\/08\/image_Model-Facing-Front-study-for-Models-Seurat_680.jpg","datePublished":"2021-09-02T16:01:56+00:00","dateModified":"2026-03-22T20:51:54+00:00","description":"Georges Seurat - Model Facing Front (study for Models) - 100% k\u00e9zzel festett h\u00edres festm\u00e9nyek reprodukci\u00f3i. Festm\u00e9nyek keretez\u00e9se, elad\u00e1sa \u00e9s egyedi rendel\u00e9sre t\u00f6rt\u00e9n\u0151 v\u00e1szonk\u00e9pek k\u00e9sz\u00edt\u00e9se.","breadcrumb":{"@id":"https:\/\/svetslik.si\/hu\/georges-seurat-hu\/model-facing-front-study-for-models\/#breadcrumb"},"inLanguage":"hu","potentialAction":[{"@type":"ReadAction","target":["https:\/\/svetslik.si\/hu\/georges-seurat-hu\/model-facing-front-study-for-models\/"]}]},{"@type":"ImageObject","inLanguage":"hu","@id":"https:\/\/svetslik.si\/hu\/georges-seurat-hu\/model-facing-front-study-for-models\/#primaryimage","url":"https:\/\/svetslik.si\/wp-content\/uploads\/2021\/08\/image_Model-Facing-Front-study-for-Models-Seurat_680.jpg","contentUrl":"https:\/\/svetslik.si\/wp-content\/uploads\/2021\/08\/image_Model-Facing-Front-study-for-Models-Seurat_680.jpg","width":747,"height":1200,"caption":"Georges Seurat - Model Facing Front (study for Models) - Georges Seurat - El\u0151re n\u00e9z\u0151 modell (tanulm\u00e1ny a modellekhez) - REPRODUKCI\u00d3I - V\u00e1szonk\u00e9p - Festm\u00e9nyek reprodukci\u00f3i - Impresszionista Festm\u00e9ny - Modern Festm\u00e9ny - Realisztikus Festm\u00e9ny - Olajfestm\u00e9ny - Falik\u00e9p"},{"@type":"BreadcrumbList","@id":"https:\/\/svetslik.si\/hu\/georges-seurat-hu\/model-facing-front-study-for-models\/#breadcrumb","itemListElement":[{"@type":"ListItem","position":1,"name":"Wall art and paintings on canvas","item":"https:\/\/svetslik.si\/hu\/"},{"@type":"ListItem","position":2,"name":"Festm\u00e9nyek elad\u00e1sa","item":"https:\/\/svetslik.si\/prodaja-slik\/"},{"@type":"ListItem","position":3,"name":"Georges Seurat &#8211; Model Facing Front (study for Models)"}]},{"@type":"WebSite","@id":"https:\/\/svetslik.si\/hu\/#website","url":"https:\/\/svetslik.si\/hu\/","name":"SVETSLIK.SI","description":"100%-ban k\u00e9zzel festett reprodukci\u00f3k h\u00edres fest\u0151k festm\u00e9nyeir\u0151l \u00e9s festm\u00e9nyekr\u0151l v\u00e1szonra.","publisher":{"@id":"https:\/\/svetslik.si\/hu\/#organization"},"potentialAction":[{"@type":"SearchAction","target":{"@type":"EntryPoint","urlTemplate":"https:\/\/svetslik.si\/hu\/?s={search_term_string}"},"query-input":{"@type":"PropertyValueSpecification","valueRequired":true,"valueName":"search_term_string"}}],"inLanguage":"hu"},{"@type":"Organization","@id":"https:\/\/svetslik.si\/hu\/#organization","name":"SvetSlik.si","url":"https:\/\/svetslik.si\/hu\/","logo":{"@type":"ImageObject","inLanguage":"hu","@id":"https:\/\/svetslik.si\/hu\/#\/schema\/logo\/image\/","url":"https:\/\/svetslik.si\/wp-content\/uploads\/2020\/12\/logo-512.png","contentUrl":"https:\/\/svetslik.si\/wp-content\/uploads\/2020\/12\/logo-512.png","width":512,"height":512,"caption":"SvetSlik.si"},"image":{"@id":"https:\/\/svetslik.si\/hu\/#\/schema\/logo\/image\/"},"sameAs":["https:\/\/www.facebook.com\/svetslik.si","https:\/\/x.com\/svetslik","https:\/\/www.instagram.com\/svetslik.si\/","https:\/\/www.linkedin.com\/company\/svetslik-si"]}]},"og_availability":"backorder","product_availability":"available for order","product_retailer_item_id":"365__","product_condition":"new"},"jetpack_sharing_enabled":true,"_links":{"self":[{"href":"https:\/\/svetslik.si\/hu\/wp-json\/wp\/v2\/product\/54355","targetHints":{"allow":["GET"]}}],"collection":[{"href":"https:\/\/svetslik.si\/hu\/wp-json\/wp\/v2\/product"}],"about":[{"href":"https:\/\/svetslik.si\/hu\/wp-json\/wp\/v2\/types\/product"}],"wp:featuredmedia":[{"embeddable":true,"href":"https:\/\/svetslik.si\/hu\/wp-json\/wp\/v2\/media\/49752"}],"wp:attachment":[{"href":"https:\/\/svetslik.si\/hu\/wp-json\/wp\/v2\/media?parent=54355"}],"wp:term":[{"taxonomy":"product_brand","embeddable":true,"href":"https:\/\/svetslik.si\/hu\/wp-json\/wp\/v2\/product_brand?post=54355"},{"taxonomy":"product_cat","embeddable":true,"href":"https:\/\/svetslik.si\/hu\/wp-json\/wp\/v2\/product_cat?post=54355"},{"taxonomy":"product_tag","embeddable":true,"href":"https:\/\/svetslik.si\/hu\/wp-json\/wp\/v2\/product_tag?post=54355"}],"curies":[{"name":"wp","href":"https:\/\/api.w.org\/{rel}","templated":true}]}}