{"id":54373,"date":"2021-09-02T18:02:10","date_gmt":"2021-09-02T16:02:10","guid":{"rendered":"https:\/\/svetslik.si\/nem-kategorizalt\/peasant-woman-seated-in-the-grass-paysanne-assise-dans-lherbe\/"},"modified":"2026-03-22T21:52:36","modified_gmt":"2026-03-22T20:52:36","slug":"peasant-woman-seated-in-the-grass-paysanne-assise-dans-lherbe","status":"publish","type":"product","link":"https:\/\/svetslik.si\/hu\/georges-seurat-hu\/peasant-woman-seated-in-the-grass-paysanne-assise-dans-lherbe\/","title":{"rendered":"Georges Seurat &#8211; Peasant Woman Seated in the Grass (Paysanne assise dans l&#8217;herbe)"},"content":{"rendered":"<div class=\"wpb-content-wrapper\">[vc_row css=&#8221;.vc_custom_1742248879059{margin-bottom: 10px !important;}&#8221;][vc_column]\t<div class=\"et-image-655 et-image     et_image_link\">\n\t\t<div class=\"et-image-inner \">\n\t\t\t\t\t\t\t<div class=\"et-image-thumb \">\n\t\t\t\t\t<img decoding=\"async\" width=\"1500\" height=\"1344\" src=\"https:\/\/svetslik.si\/wp-content\/uploads\/2021\/09\/Georges-Seurat-\u2013-Peasant-Woman-Seated-in-the-Grass-Paysanne-assise-dans-lherbe-slike-na-platnu.jpg\" class=\"attachment-full\" alt=\"Georges Seurat \u2013 Peasant Woman Seated in the Grass (Paysanne assise dans l\u2019herbe) - slike na platnu\" title=\"Georges Seurat - Peasant Woman Seated in the Grass (Paysanne assise dans l&#039;herbe)\" srcset=\"https:\/\/svetslik.si\/wp-content\/uploads\/2021\/09\/Georges-Seurat-\u2013-Peasant-Woman-Seated-in-the-Grass-Paysanne-assise-dans-lherbe-slike-na-platnu.jpg 1500w, https:\/\/svetslik.si\/wp-content\/uploads\/2021\/09\/Georges-Seurat-\u2013-Peasant-Woman-Seated-in-the-Grass-Paysanne-assise-dans-lherbe-slike-na-platnu-600x538.jpg 600w, https:\/\/svetslik.si\/wp-content\/uploads\/2021\/09\/Georges-Seurat-\u2013-Peasant-Woman-Seated-in-the-Grass-Paysanne-assise-dans-lherbe-slike-na-platnu-1200x1075.jpg 1200w, https:\/\/svetslik.si\/wp-content\/uploads\/2021\/09\/Georges-Seurat-\u2013-Peasant-Woman-Seated-in-the-Grass-Paysanne-assise-dans-lherbe-slike-na-platnu-300x269.jpg 300w, https:\/\/svetslik.si\/wp-content\/uploads\/2021\/09\/Georges-Seurat-\u2013-Peasant-Woman-Seated-in-the-Grass-Paysanne-assise-dans-lherbe-slike-na-platnu-1024x918.jpg 1024w, https:\/\/svetslik.si\/wp-content\/uploads\/2021\/09\/Georges-Seurat-\u2013-Peasant-Woman-Seated-in-the-Grass-Paysanne-assise-dans-lherbe-slike-na-platnu-768x688.jpg 768w, https:\/\/svetslik.si\/wp-content\/uploads\/2021\/09\/Georges-Seurat-\u2013-Peasant-Woman-Seated-in-the-Grass-Paysanne-assise-dans-lherbe-slike-na-platnu-150x134.jpg 150w\" sizes=\"(max-width: 1500px) 100vw, 1500px\" \/>\t\t\t\t<\/div>\n\t\t\t\t\t\t\t\t\t\t\t<\/div>\n\t<\/div>\n  [\/vc_column][\/vc_row][vc_row css=&#8221;.vc_custom_1742248879059{margin-bottom: 10px !important;}&#8221;][vc_column]\t<div class=\"et-image-665 et-image     et_image_link\">\n\t\t<div class=\"et-image-inner \">\n\t\t\t\t\t\t\t<div class=\"et-image-thumb \">\n\t\t\t\t\t<img decoding=\"async\" width=\"1500\" height=\"2054\" src=\"https:\/\/svetslik.si\/wp-content\/uploads\/2021\/09\/Georges-Seurat-\u2013-Peasant-Woman-Seated-in-the-Grass-Paysanne-assise-dans-lherbe-slike-na-platnu-2.jpg\" class=\"attachment-full\" alt=\"Georges Seurat \u2013 Peasant Woman Seated in the Grass (Paysanne assise dans l\u2019herbe) - slike na platnu\" title=\"Georges Seurat - Peasant Woman Seated in the Grass (Paysanne assise dans l&#039;herbe)\" srcset=\"https:\/\/svetslik.si\/wp-content\/uploads\/2021\/09\/Georges-Seurat-\u2013-Peasant-Woman-Seated-in-the-Grass-Paysanne-assise-dans-lherbe-slike-na-platnu-2.jpg 1500w, https:\/\/svetslik.si\/wp-content\/uploads\/2021\/09\/Georges-Seurat-\u2013-Peasant-Woman-Seated-in-the-Grass-Paysanne-assise-dans-lherbe-slike-na-platnu-2-600x822.jpg 600w, https:\/\/svetslik.si\/wp-content\/uploads\/2021\/09\/Georges-Seurat-\u2013-Peasant-Woman-Seated-in-the-Grass-Paysanne-assise-dans-lherbe-slike-na-platnu-2-1200x1643.jpg 1200w, https:\/\/svetslik.si\/wp-content\/uploads\/2021\/09\/Georges-Seurat-\u2013-Peasant-Woman-Seated-in-the-Grass-Paysanne-assise-dans-lherbe-slike-na-platnu-2-219x300.jpg 219w, https:\/\/svetslik.si\/wp-content\/uploads\/2021\/09\/Georges-Seurat-\u2013-Peasant-Woman-Seated-in-the-Grass-Paysanne-assise-dans-lherbe-slike-na-platnu-2-748x1024.jpg 748w, https:\/\/svetslik.si\/wp-content\/uploads\/2021\/09\/Georges-Seurat-\u2013-Peasant-Woman-Seated-in-the-Grass-Paysanne-assise-dans-lherbe-slike-na-platnu-2-768x1052.jpg 768w, https:\/\/svetslik.si\/wp-content\/uploads\/2021\/09\/Georges-Seurat-\u2013-Peasant-Woman-Seated-in-the-Grass-Paysanne-assise-dans-lherbe-slike-na-platnu-2-1122x1536.jpg 1122w, https:\/\/svetslik.si\/wp-content\/uploads\/2021\/09\/Georges-Seurat-\u2013-Peasant-Woman-Seated-in-the-Grass-Paysanne-assise-dans-lherbe-slike-na-platnu-2-1496x2048.jpg 1496w, https:\/\/svetslik.si\/wp-content\/uploads\/2021\/09\/Georges-Seurat-\u2013-Peasant-Woman-Seated-in-the-Grass-Paysanne-assise-dans-lherbe-slike-na-platnu-2-110x150.jpg 110w\" sizes=\"(max-width: 1500px) 100vw, 1500px\" \/>\t\t\t\t<\/div>\n\t\t\t\t\t\t\t\t\t\t\t<\/div>\n\t<\/div>\n  [\/vc_column][\/vc_row][vc_row css=&#8221;.vc_custom_1742248879059{margin-bottom: 10px !important;}&#8221;][vc_column]\t<div class=\"et-image-189 et-image     et_image_link\">\n\t\t<div class=\"et-image-inner \">\n\t\t\t\t\t\t\t<div class=\"et-image-thumb \">\n\t\t\t\t\t<img decoding=\"async\" width=\"1500\" height=\"1319\" src=\"https:\/\/svetslik.si\/wp-content\/uploads\/2021\/09\/Georges-Seurat-\u2013-Peasant-Woman-Seated-in-the-Grass-Paysanne-assise-dans-lherbe-slike-na-platnu-3.jpg\" class=\"attachment-full\" alt=\"Georges Seurat \u2013 Peasant Woman Seated in the Grass (Paysanne assise dans l\u2019herbe) - slike na platnu\" title=\"Georges Seurat - Peasant Woman Seated in the Grass (Paysanne assise dans l&#039;herbe)\" srcset=\"https:\/\/svetslik.si\/wp-content\/uploads\/2021\/09\/Georges-Seurat-\u2013-Peasant-Woman-Seated-in-the-Grass-Paysanne-assise-dans-lherbe-slike-na-platnu-3.jpg 1500w, https:\/\/svetslik.si\/wp-content\/uploads\/2021\/09\/Georges-Seurat-\u2013-Peasant-Woman-Seated-in-the-Grass-Paysanne-assise-dans-lherbe-slike-na-platnu-3-600x528.jpg 600w, https:\/\/svetslik.si\/wp-content\/uploads\/2021\/09\/Georges-Seurat-\u2013-Peasant-Woman-Seated-in-the-Grass-Paysanne-assise-dans-lherbe-slike-na-platnu-3-1200x1055.jpg 1200w, https:\/\/svetslik.si\/wp-content\/uploads\/2021\/09\/Georges-Seurat-\u2013-Peasant-Woman-Seated-in-the-Grass-Paysanne-assise-dans-lherbe-slike-na-platnu-3-300x264.jpg 300w, https:\/\/svetslik.si\/wp-content\/uploads\/2021\/09\/Georges-Seurat-\u2013-Peasant-Woman-Seated-in-the-Grass-Paysanne-assise-dans-lherbe-slike-na-platnu-3-1024x900.jpg 1024w, https:\/\/svetslik.si\/wp-content\/uploads\/2021\/09\/Georges-Seurat-\u2013-Peasant-Woman-Seated-in-the-Grass-Paysanne-assise-dans-lherbe-slike-na-platnu-3-768x675.jpg 768w, https:\/\/svetslik.si\/wp-content\/uploads\/2021\/09\/Georges-Seurat-\u2013-Peasant-Woman-Seated-in-the-Grass-Paysanne-assise-dans-lherbe-slike-na-platnu-3-150x132.jpg 150w\" sizes=\"(max-width: 1500px) 100vw, 1500px\" \/>\t\t\t\t<\/div>\n\t\t\t\t\t\t\t\t\t\t\t<\/div>\n\t<\/div>\n  [\/vc_column][\/vc_row][vc_row css=&#8221;.vc_custom_1742248879059{margin-bottom: 10px !important;}&#8221;][vc_column]\t<div class=\"et-image-543 et-image     et_image_link\">\n\t\t<div class=\"et-image-inner \">\n\t\t\t\t\t\t\t<div class=\"et-image-thumb \">\n\t\t\t\t\t<img decoding=\"async\" width=\"1500\" height=\"1125\" src=\"https:\/\/svetslik.si\/wp-content\/uploads\/2021\/09\/Georges-Seurat-\u2013-Peasant-Woman-Seated-in-the-Grass-Paysanne-assise-dans-lherbe-slike-na-platnu-4.jpg\" class=\"attachment-full\" alt=\"Georges Seurat \u2013 Peasant Woman Seated in the Grass (Paysanne assise dans l\u2019herbe) - slike na platnu\" title=\"Georges Seurat - Peasant Woman Seated in the Grass (Paysanne assise dans l&#039;herbe)\" srcset=\"https:\/\/svetslik.si\/wp-content\/uploads\/2021\/09\/Georges-Seurat-\u2013-Peasant-Woman-Seated-in-the-Grass-Paysanne-assise-dans-lherbe-slike-na-platnu-4.jpg 1500w, https:\/\/svetslik.si\/wp-content\/uploads\/2021\/09\/Georges-Seurat-\u2013-Peasant-Woman-Seated-in-the-Grass-Paysanne-assise-dans-lherbe-slike-na-platnu-4-600x450.jpg 600w, https:\/\/svetslik.si\/wp-content\/uploads\/2021\/09\/Georges-Seurat-\u2013-Peasant-Woman-Seated-in-the-Grass-Paysanne-assise-dans-lherbe-slike-na-platnu-4-1200x900.jpg 1200w, https:\/\/svetslik.si\/wp-content\/uploads\/2021\/09\/Georges-Seurat-\u2013-Peasant-Woman-Seated-in-the-Grass-Paysanne-assise-dans-lherbe-slike-na-platnu-4-300x225.jpg 300w, https:\/\/svetslik.si\/wp-content\/uploads\/2021\/09\/Georges-Seurat-\u2013-Peasant-Woman-Seated-in-the-Grass-Paysanne-assise-dans-lherbe-slike-na-platnu-4-1024x768.jpg 1024w, https:\/\/svetslik.si\/wp-content\/uploads\/2021\/09\/Georges-Seurat-\u2013-Peasant-Woman-Seated-in-the-Grass-Paysanne-assise-dans-lherbe-slike-na-platnu-4-768x576.jpg 768w, https:\/\/svetslik.si\/wp-content\/uploads\/2021\/09\/Georges-Seurat-\u2013-Peasant-Woman-Seated-in-the-Grass-Paysanne-assise-dans-lherbe-slike-na-platnu-4-150x113.jpg 150w\" sizes=\"(max-width: 1500px) 100vw, 1500px\" \/>\t\t\t\t<\/div>\n\t\t\t\t\t\t\t\t\t\t\t<\/div>\n\t<\/div>\n  [\/vc_column][\/vc_row][vc_row][vc_column][vc_column_text]\n<h1>Georger Seurat \u2013 Alak a barbizoni t\u00e1jban<\/h1>\n<p>&nbsp;<\/p>\n<table style=\"width: 673px;\" border=\"0\" width=\"673\" cellspacing=\"0\" cellpadding=\"0\">\n<tbody>\n<tr>\n<td style=\"width: 180px; height: 21px;\" height=\"21\">L\u00e9trehoz\u00e1s \u00e9ve:<\/td>\n<td style=\"width: 493px;\">1882<\/td>\n<\/tr>\n<tr>\n<td style=\"width: 180px; height: 21px;\" height=\"21\">Eredeti m\u00e9ret:<\/td>\n<td style=\"width: 493px;\">24,8 cm x 15,5 cm<\/td>\n<\/tr>\n<tr>\n<td style=\"width: 180px; height: 21px;\" height=\"21\">Fest\u00e9si st\u00edlus:<\/td>\n<td style=\"width: 493px;\">Pointillizmus<\/td>\n<\/tr>\n<tr>\n<td style=\"width: 180px; height: 21px;\" height=\"21\">Eredeti technika:<\/td>\n<td>Olaj, v\u00e1szon<\/td>\n<\/tr>\n<tr>\n<td style=\"width: 180px; height: 21px;\" height=\"21\">Helysz\u00edn:<\/td>\n<td>Wallraf-Richartz M\u00fazeum \u00e9s Corboud Alap\u00edtv\u00e1ny, K\u00f6ln<\/td>\n<\/tr>\n<\/tbody>\n<colgroup> <\/colgroup>\n<\/table>\n<p>1882 nyar\u00e1n Seurat sokat festett a term\u00e9szetben, m\u00e9gpedig a Fontainebleau-i erd\u0151ben tett s\u00e9t\u00e1k sor\u00e1n, Barbizon k\u00f6zel\u00e9ben. A m\u0171v\u00e9sz az emberi alakok n\u00e9lk\u00fcli tiszta t\u00e1jak mellett tanulm\u00e1nyokat is k\u00e9sz\u00edtett a sz\u00e1nt\u00f3f\u00f6ldi gazd\u00e1lkod\u00f3kr\u00f3l.<\/p>\n<\/div>","protected":false},"excerpt":{"rendered":"<p>[vc_row css=&#8221;.vc_custom_1742248879059{margin-bottom: 10px !important;}&#8221;][vc_column][\/vc_column][\/vc_row][vc_row css=&#8221;.vc_custom_1742248879059{margin-bottom: 10px !important;}&#8221;][vc_column][\/vc_column][\/vc_row][vc_row css=&#8221;.vc_custom_1742248879059{margin-bottom: 10px !important;}&#8221;][vc_column][\/vc_column][\/vc_row][vc_row css=&#8221;.vc_custom_1742248879059{margin-bottom: 10px !important;}&#8221;][vc_column][\/vc_column][\/vc_row][vc_row][vc_column][vc_column_text] Georger Seurat \u2013 Alak a barbizoni t\u00e1jban &nbsp; L\u00e9trehoz\u00e1s \u00e9ve: 1882 Eredeti m\u00e9ret: 24,8 cm x 15,5 cm Fest\u00e9si st\u00edlus: Pointillizmus Eredeti technika: Olaj, v\u00e1szon Helysz\u00edn: Wallraf-Richartz M\u00fazeum \u00e9s Corboud Alap\u00edtv\u00e1ny, K\u00f6ln 1882 nyar\u00e1n Seurat sokat festett [&hellip;]<\/p>\n","protected":false},"featured_media":49896,"template":"","meta":{"_acf_changed":false},"product_brand":[],"product_cat":[7141],"product_tag":[11885,11886,11887,7202],"class_list":{"0":"post-54373","1":"product","2":"type-product","3":"status-publish","4":"has-post-thumbnail","6":"product_cat-georges-seurat-hu","7":"product_tag-painter-hu","8":"product_tag-reproduction","9":"product_tag-reproductions-hu","10":"product_tag-seurat-hu","11":"pa_dimenzija-120-x-100-cm-hu","12":"pa_dimenzija-150-x-120-cm-hu","13":"pa_dimenzija-46-x-38-cm-hu","14":"pa_dimenzija-50-x-40-cm-hu","15":"pa_dimenzija-60-x-50-cm-hu","16":"pa_dimenzija-70-x-60-cm-hu","17":"pa_dimenzija-80-x-65-cm-hu","18":"pa_dimenzija-90-x-75-cm-hu","19":"pa_oblika-vizszintes","20":"pa_okvir-nincs-keret","21":"pa_podokvir-igen","22":"pa_podokvir-nem","24":"first","25":"onbackorder","26":"purchasable","27":"product-type-variable","28":"has-default-attributes"},"acf":[],"yoast_head":"<!-- This site is optimized with the Yoast SEO Premium plugin v26.0 (Yoast SEO v27.2) - https:\/\/yoast.com\/product\/yoast-seo-premium-wordpress\/ -->\n<title>Georges Seurat - Peasant Woman Seated in the Grass (Paysanne assise dans l&#039;herbe) - SVETSLIK.SI - 100% k\u00e9zzel festett<\/title>\n<meta name=\"description\" content=\"Georges Seurat - Peasant Woman Seated in the Grass (Paysanne assise dans l&#039;herbe) - 100% k\u00e9zzel festett h\u00edres festm\u00e9nyek reprodukci\u00f3i. Festm\u00e9nyek keretez\u00e9se, elad\u00e1sa \u00e9s egyedi rendel\u00e9sre t\u00f6rt\u00e9n\u0151 v\u00e1szonk\u00e9pek k\u00e9sz\u00edt\u00e9se.\" \/>\n<meta name=\"robots\" content=\"index, follow, max-snippet:-1, max-image-preview:large, max-video-preview:-1\" \/>\n<link rel=\"canonical\" href=\"https:\/\/svetslik.si\/hu\/georges-seurat-hu\/peasant-woman-seated-in-the-grass-paysanne-assise-dans-lherbe\/\" \/>\n<meta property=\"og:locale\" content=\"hu_HU\" \/>\n<meta property=\"og:type\" content=\"article\" \/>\n<meta property=\"og:title\" content=\"Georges Seurat - Peasant Woman Seated in the Grass (Paysanne assise dans l&#039;herbe)\" \/>\n<meta property=\"og:description\" content=\"100% ro\u010dno naslikane slike na platnu, reprodukcije znanih slikarjev in umetni\u0161ke slike po naro\u010dilu.\" \/>\n<meta property=\"og:url\" content=\"https:\/\/svetslik.si\/hu\/georges-seurat-hu\/peasant-woman-seated-in-the-grass-paysanne-assise-dans-lherbe\/\" \/>\n<meta property=\"og:site_name\" content=\"SVETSLIK.SI\" \/>\n<meta property=\"article:publisher\" content=\"https:\/\/www.facebook.com\/svetslik.si\" \/>\n<meta property=\"article:modified_time\" content=\"2026-03-22T20:52:36+00:00\" \/>\n<meta property=\"og:image\" content=\"https:\/\/svetslik.si\/wp-content\/uploads\/2021\/08\/image_Peasant-Woman-Seated-in-the-Grass-Paysanne-assise-dans-l-herbe-Seurat_680.jpg\" \/>\n\t<meta property=\"og:image:width\" content=\"1800\" \/>\n\t<meta property=\"og:image:height\" content=\"1486\" \/>\n\t<meta property=\"og:image:type\" content=\"image\/jpeg\" \/>\n<meta name=\"twitter:card\" content=\"summary_large_image\" \/>\n<meta name=\"twitter:site\" content=\"@svetslik\" \/>\n<meta name=\"twitter:label1\" content=\"El\u00e9rhet\u0151s\u00e9g\" \/>\n\t<meta name=\"twitter:data1\" content=\"Beszerz\u00e9s alatt\" \/>\n<script type=\"application\/ld+json\" class=\"yoast-schema-graph\">{\"@context\":\"https:\/\/schema.org\",\"@graph\":[{\"@type\":[\"WebPage\",\"ItemPage\"],\"@id\":\"https:\/\/svetslik.si\/hu\/georges-seurat-hu\/peasant-woman-seated-in-the-grass-paysanne-assise-dans-lherbe\/\",\"url\":\"https:\/\/svetslik.si\/hu\/georges-seurat-hu\/peasant-woman-seated-in-the-grass-paysanne-assise-dans-lherbe\/\",\"name\":\"Georges Seurat - Peasant Woman Seated in the Grass (Paysanne assise dans l'herbe) - SVETSLIK.SI - 100% k\u00e9zzel festett\",\"isPartOf\":{\"@id\":\"https:\/\/svetslik.si\/hu\/#website\"},\"primaryImageOfPage\":{\"@id\":\"https:\/\/svetslik.si\/hu\/georges-seurat-hu\/peasant-woman-seated-in-the-grass-paysanne-assise-dans-lherbe\/#primaryimage\"},\"image\":{\"@id\":\"https:\/\/svetslik.si\/hu\/georges-seurat-hu\/peasant-woman-seated-in-the-grass-paysanne-assise-dans-lherbe\/#primaryimage\"},\"thumbnailUrl\":\"https:\/\/svetslik.si\/wp-content\/uploads\/2021\/08\/image_Peasant-Woman-Seated-in-the-Grass-Paysanne-assise-dans-l-herbe-Seurat_680.jpg\",\"datePublished\":\"2021-09-02T16:02:10+00:00\",\"dateModified\":\"2026-03-22T20:52:36+00:00\",\"description\":\"Georges Seurat - Peasant Woman Seated in the Grass (Paysanne assise dans l'herbe) - 100% k\u00e9zzel festett h\u00edres festm\u00e9nyek reprodukci\u00f3i. Festm\u00e9nyek keretez\u00e9se, elad\u00e1sa \u00e9s egyedi rendel\u00e9sre t\u00f6rt\u00e9n\u0151 v\u00e1szonk\u00e9pek k\u00e9sz\u00edt\u00e9se.\",\"breadcrumb\":{\"@id\":\"https:\/\/svetslik.si\/hu\/georges-seurat-hu\/peasant-woman-seated-in-the-grass-paysanne-assise-dans-lherbe\/#breadcrumb\"},\"inLanguage\":\"hu\",\"potentialAction\":[{\"@type\":\"ReadAction\",\"target\":[\"https:\/\/svetslik.si\/hu\/georges-seurat-hu\/peasant-woman-seated-in-the-grass-paysanne-assise-dans-lherbe\/\"]}]},{\"@type\":\"ImageObject\",\"inLanguage\":\"hu\",\"@id\":\"https:\/\/svetslik.si\/hu\/georges-seurat-hu\/peasant-woman-seated-in-the-grass-paysanne-assise-dans-lherbe\/#primaryimage\",\"url\":\"https:\/\/svetslik.si\/wp-content\/uploads\/2021\/08\/image_Peasant-Woman-Seated-in-the-Grass-Paysanne-assise-dans-l-herbe-Seurat_680.jpg\",\"contentUrl\":\"https:\/\/svetslik.si\/wp-content\/uploads\/2021\/08\/image_Peasant-Woman-Seated-in-the-Grass-Paysanne-assise-dans-l-herbe-Seurat_680.jpg\",\"width\":1800,\"height\":1486,\"caption\":\"Georger Seurat - Peasant Woman Seated in the Grass (Paysanne assise dans l'herbe) - Ro\u010dno naslikane reprodukcije znanih slikarjev, moderne stenske slike, umetni\u0161ke slike za na steno\"},{\"@type\":\"BreadcrumbList\",\"@id\":\"https:\/\/svetslik.si\/hu\/georges-seurat-hu\/peasant-woman-seated-in-the-grass-paysanne-assise-dans-lherbe\/#breadcrumb\",\"itemListElement\":[{\"@type\":\"ListItem\",\"position\":1,\"name\":\"Wall art and paintings on canvas\",\"item\":\"https:\/\/svetslik.si\/hu\/\"},{\"@type\":\"ListItem\",\"position\":2,\"name\":\"Festm\u00e9nyek elad\u00e1sa\",\"item\":\"https:\/\/svetslik.si\/prodaja-slik\/\"},{\"@type\":\"ListItem\",\"position\":3,\"name\":\"Georges Seurat &#8211; Peasant Woman Seated in the Grass (Paysanne assise dans l&#8217;herbe)\"}]},{\"@type\":\"WebSite\",\"@id\":\"https:\/\/svetslik.si\/hu\/#website\",\"url\":\"https:\/\/svetslik.si\/hu\/\",\"name\":\"SVETSLIK.SI\",\"description\":\"100%-ban k\u00e9zzel festett reprodukci\u00f3k h\u00edres fest\u0151k festm\u00e9nyeir\u0151l \u00e9s festm\u00e9nyekr\u0151l v\u00e1szonra.\",\"publisher\":{\"@id\":\"https:\/\/svetslik.si\/hu\/#organization\"},\"potentialAction\":[{\"@type\":\"SearchAction\",\"target\":{\"@type\":\"EntryPoint\",\"urlTemplate\":\"https:\/\/svetslik.si\/hu\/?s={search_term_string}\"},\"query-input\":{\"@type\":\"PropertyValueSpecification\",\"valueRequired\":true,\"valueName\":\"search_term_string\"}}],\"inLanguage\":\"hu\"},{\"@type\":\"Organization\",\"@id\":\"https:\/\/svetslik.si\/hu\/#organization\",\"name\":\"SvetSlik.si\",\"url\":\"https:\/\/svetslik.si\/hu\/\",\"logo\":{\"@type\":\"ImageObject\",\"inLanguage\":\"hu\",\"@id\":\"https:\/\/svetslik.si\/hu\/#\/schema\/logo\/image\/\",\"url\":\"https:\/\/svetslik.si\/wp-content\/uploads\/2020\/12\/logo-512.png\",\"contentUrl\":\"https:\/\/svetslik.si\/wp-content\/uploads\/2020\/12\/logo-512.png\",\"width\":512,\"height\":512,\"caption\":\"SvetSlik.si\"},\"image\":{\"@id\":\"https:\/\/svetslik.si\/hu\/#\/schema\/logo\/image\/\"},\"sameAs\":[\"https:\/\/www.facebook.com\/svetslik.si\",\"https:\/\/x.com\/svetslik\",\"https:\/\/www.instagram.com\/svetslik.si\/\",\"https:\/\/www.linkedin.com\/company\/svetslik-si\"]}]}<\/script>\n<meta property=\"og:availability\" content=\"backorder\" \/>\n<meta property=\"product:availability\" content=\"available for order\" \/>\n<meta property=\"product:retailer_item_id\" content=\"367__\" \/>\n<meta property=\"product:condition\" content=\"new\" \/>\n<!-- \/ Yoast SEO Premium plugin. -->","yoast_head_json":{"title":"Georges Seurat - Peasant Woman Seated in the Grass (Paysanne assise dans l'herbe) - SVETSLIK.SI - 100% k\u00e9zzel festett","description":"Georges Seurat - Peasant Woman Seated in the Grass (Paysanne assise dans l'herbe) - 100% k\u00e9zzel festett h\u00edres festm\u00e9nyek reprodukci\u00f3i. Festm\u00e9nyek keretez\u00e9se, elad\u00e1sa \u00e9s egyedi rendel\u00e9sre t\u00f6rt\u00e9n\u0151 v\u00e1szonk\u00e9pek k\u00e9sz\u00edt\u00e9se.","robots":{"index":"index","follow":"follow","max-snippet":"max-snippet:-1","max-image-preview":"max-image-preview:large","max-video-preview":"max-video-preview:-1"},"canonical":"https:\/\/svetslik.si\/hu\/georges-seurat-hu\/peasant-woman-seated-in-the-grass-paysanne-assise-dans-lherbe\/","og_locale":"hu_HU","og_type":"article","og_title":"Georges Seurat - Peasant Woman Seated in the Grass (Paysanne assise dans l'herbe)","og_description":"100% ro\u010dno naslikane slike na platnu, reprodukcije znanih slikarjev in umetni\u0161ke slike po naro\u010dilu.","og_url":"https:\/\/svetslik.si\/hu\/georges-seurat-hu\/peasant-woman-seated-in-the-grass-paysanne-assise-dans-lherbe\/","og_site_name":"SVETSLIK.SI","article_publisher":"https:\/\/www.facebook.com\/svetslik.si","article_modified_time":"2026-03-22T20:52:36+00:00","og_image":[{"width":1800,"height":1486,"url":"https:\/\/svetslik.si\/wp-content\/uploads\/2021\/08\/image_Peasant-Woman-Seated-in-the-Grass-Paysanne-assise-dans-l-herbe-Seurat_680.jpg","type":"image\/jpeg"}],"twitter_card":"summary_large_image","twitter_site":"@svetslik","twitter_misc":{"El\u00e9rhet\u0151s\u00e9g":"Beszerz\u00e9s alatt"},"schema":{"@context":"https:\/\/schema.org","@graph":[{"@type":["WebPage","ItemPage"],"@id":"https:\/\/svetslik.si\/hu\/georges-seurat-hu\/peasant-woman-seated-in-the-grass-paysanne-assise-dans-lherbe\/","url":"https:\/\/svetslik.si\/hu\/georges-seurat-hu\/peasant-woman-seated-in-the-grass-paysanne-assise-dans-lherbe\/","name":"Georges Seurat - Peasant Woman Seated in the Grass (Paysanne assise dans l'herbe) - SVETSLIK.SI - 100% k\u00e9zzel festett","isPartOf":{"@id":"https:\/\/svetslik.si\/hu\/#website"},"primaryImageOfPage":{"@id":"https:\/\/svetslik.si\/hu\/georges-seurat-hu\/peasant-woman-seated-in-the-grass-paysanne-assise-dans-lherbe\/#primaryimage"},"image":{"@id":"https:\/\/svetslik.si\/hu\/georges-seurat-hu\/peasant-woman-seated-in-the-grass-paysanne-assise-dans-lherbe\/#primaryimage"},"thumbnailUrl":"https:\/\/svetslik.si\/wp-content\/uploads\/2021\/08\/image_Peasant-Woman-Seated-in-the-Grass-Paysanne-assise-dans-l-herbe-Seurat_680.jpg","datePublished":"2021-09-02T16:02:10+00:00","dateModified":"2026-03-22T20:52:36+00:00","description":"Georges Seurat - Peasant Woman Seated in the Grass (Paysanne assise dans l'herbe) - 100% k\u00e9zzel festett h\u00edres festm\u00e9nyek reprodukci\u00f3i. Festm\u00e9nyek keretez\u00e9se, elad\u00e1sa \u00e9s egyedi rendel\u00e9sre t\u00f6rt\u00e9n\u0151 v\u00e1szonk\u00e9pek k\u00e9sz\u00edt\u00e9se.","breadcrumb":{"@id":"https:\/\/svetslik.si\/hu\/georges-seurat-hu\/peasant-woman-seated-in-the-grass-paysanne-assise-dans-lherbe\/#breadcrumb"},"inLanguage":"hu","potentialAction":[{"@type":"ReadAction","target":["https:\/\/svetslik.si\/hu\/georges-seurat-hu\/peasant-woman-seated-in-the-grass-paysanne-assise-dans-lherbe\/"]}]},{"@type":"ImageObject","inLanguage":"hu","@id":"https:\/\/svetslik.si\/hu\/georges-seurat-hu\/peasant-woman-seated-in-the-grass-paysanne-assise-dans-lherbe\/#primaryimage","url":"https:\/\/svetslik.si\/wp-content\/uploads\/2021\/08\/image_Peasant-Woman-Seated-in-the-Grass-Paysanne-assise-dans-l-herbe-Seurat_680.jpg","contentUrl":"https:\/\/svetslik.si\/wp-content\/uploads\/2021\/08\/image_Peasant-Woman-Seated-in-the-Grass-Paysanne-assise-dans-l-herbe-Seurat_680.jpg","width":1800,"height":1486,"caption":"Georger Seurat - Peasant Woman Seated in the Grass (Paysanne assise dans l'herbe) - Ro\u010dno naslikane reprodukcije znanih slikarjev, moderne stenske slike, umetni\u0161ke slike za na steno"},{"@type":"BreadcrumbList","@id":"https:\/\/svetslik.si\/hu\/georges-seurat-hu\/peasant-woman-seated-in-the-grass-paysanne-assise-dans-lherbe\/#breadcrumb","itemListElement":[{"@type":"ListItem","position":1,"name":"Wall art and paintings on canvas","item":"https:\/\/svetslik.si\/hu\/"},{"@type":"ListItem","position":2,"name":"Festm\u00e9nyek elad\u00e1sa","item":"https:\/\/svetslik.si\/prodaja-slik\/"},{"@type":"ListItem","position":3,"name":"Georges Seurat &#8211; Peasant Woman Seated in the Grass (Paysanne assise dans l&#8217;herbe)"}]},{"@type":"WebSite","@id":"https:\/\/svetslik.si\/hu\/#website","url":"https:\/\/svetslik.si\/hu\/","name":"SVETSLIK.SI","description":"100%-ban k\u00e9zzel festett reprodukci\u00f3k h\u00edres fest\u0151k festm\u00e9nyeir\u0151l \u00e9s festm\u00e9nyekr\u0151l v\u00e1szonra.","publisher":{"@id":"https:\/\/svetslik.si\/hu\/#organization"},"potentialAction":[{"@type":"SearchAction","target":{"@type":"EntryPoint","urlTemplate":"https:\/\/svetslik.si\/hu\/?s={search_term_string}"},"query-input":{"@type":"PropertyValueSpecification","valueRequired":true,"valueName":"search_term_string"}}],"inLanguage":"hu"},{"@type":"Organization","@id":"https:\/\/svetslik.si\/hu\/#organization","name":"SvetSlik.si","url":"https:\/\/svetslik.si\/hu\/","logo":{"@type":"ImageObject","inLanguage":"hu","@id":"https:\/\/svetslik.si\/hu\/#\/schema\/logo\/image\/","url":"https:\/\/svetslik.si\/wp-content\/uploads\/2020\/12\/logo-512.png","contentUrl":"https:\/\/svetslik.si\/wp-content\/uploads\/2020\/12\/logo-512.png","width":512,"height":512,"caption":"SvetSlik.si"},"image":{"@id":"https:\/\/svetslik.si\/hu\/#\/schema\/logo\/image\/"},"sameAs":["https:\/\/www.facebook.com\/svetslik.si","https:\/\/x.com\/svetslik","https:\/\/www.instagram.com\/svetslik.si\/","https:\/\/www.linkedin.com\/company\/svetslik-si"]}]},"og_availability":"backorder","product_availability":"available for order","product_retailer_item_id":"367__","product_condition":"new"},"jetpack_sharing_enabled":true,"_links":{"self":[{"href":"https:\/\/svetslik.si\/hu\/wp-json\/wp\/v2\/product\/54373","targetHints":{"allow":["GET"]}}],"collection":[{"href":"https:\/\/svetslik.si\/hu\/wp-json\/wp\/v2\/product"}],"about":[{"href":"https:\/\/svetslik.si\/hu\/wp-json\/wp\/v2\/types\/product"}],"wp:featuredmedia":[{"embeddable":true,"href":"https:\/\/svetslik.si\/hu\/wp-json\/wp\/v2\/media\/49896"}],"wp:attachment":[{"href":"https:\/\/svetslik.si\/hu\/wp-json\/wp\/v2\/media?parent=54373"}],"wp:term":[{"taxonomy":"product_brand","embeddable":true,"href":"https:\/\/svetslik.si\/hu\/wp-json\/wp\/v2\/product_brand?post=54373"},{"taxonomy":"product_cat","embeddable":true,"href":"https:\/\/svetslik.si\/hu\/wp-json\/wp\/v2\/product_cat?post=54373"},{"taxonomy":"product_tag","embeddable":true,"href":"https:\/\/svetslik.si\/hu\/wp-json\/wp\/v2\/product_tag?post=54373"}],"curies":[{"name":"wp","href":"https:\/\/api.w.org\/{rel}","templated":true}]}}