{"id":54418,"date":"2021-09-02T18:02:39","date_gmt":"2021-09-02T16:02:39","guid":{"rendered":"https:\/\/svetslik.si\/nem-kategorizalt\/street-scene-in-montmarte-le-moulin-de-poivre\/"},"modified":"2026-03-22T21:53:18","modified_gmt":"2026-03-22T20:53:18","slug":"street-scene-in-montmarte-le-moulin-de-poivre","status":"publish","type":"product","link":"https:\/\/svetslik.si\/hu\/vincent-van-gogh-hu\/street-scene-in-montmarte-le-moulin-de-poivre\/","title":{"rendered":"Vincent van Gogh &#8211; Street Scene in Montmarte &#8211; Le Moulin de Poivre"},"content":{"rendered":"<h1>Vincent Van Gogh \u2013 Utcai jelenet Montmartre-ban \u2013 Le Moulin de Poivre<\/h1>\n<p>&nbsp;<\/p>\n<table style=\"width: 593px\" border=\"0\" width=\"593\" cellpadding=\"0\">\n<tbody>\n<tr>\n<td style=\"width: 155px;height: 21px\" height=\"21\">L\u00e9trehoz\u00e1s \u00e9ve:<\/td>\n<td style=\"width: 439px\">1887<\/td>\n<\/tr>\n<tr>\n<td style=\"width: 155px;height: 21px\" height=\"21\">Eredeti m\u00e9ret:<\/td>\n<td style=\"width: 439px\">64,5 cm x 34,5 cm<\/td>\n<\/tr>\n<tr>\n<td style=\"width: 155px;height: 21px\" height=\"21\">Fest\u00e9si st\u00edlus:<\/td>\n<td style=\"width: 439px\">Posztimpresszionizmus<\/td>\n<\/tr>\n<tr>\n<td style=\"width: 155px;height: 21px\" height=\"21\">Eredeti technika:<\/td>\n<td style=\"width: 439px\">Olaj, v\u00e1szon<\/td>\n<\/tr>\n<tr>\n<td style=\"width: 155px;height: 21px\" height=\"21\">Helysz\u00edn:<\/td>\n<td style=\"width: 439px\">\n<div>Van Gogh M\u00fazeum, Hollandia<\/div>\n<\/td>\n<\/tr>\n<\/tbody>\n<\/table>\n<p>Van Gogh m\u0171vei a fest\u0151 impresszionizmushoz val\u00f3 hozz\u00e1\u00e1ll\u00e1s\u00e1t fejezik ki \u2013 ez a fest\u00e9szeti st\u00edlus nem engedte meg a m\u0171v\u00e9sznek kell\u0151 szabads\u00e1got \u00e9rzelmei kifejez\u00e9s\u00e9re. Van Gogh ismert a v\u00e1szonok er\u0151s impasto fest\u00e9kfelvitel\u00e9r\u0151l, csillog\u00f3 sz\u00edneir\u0151l \u00e9s \u00e9l\u00e9nk ecsetvon\u00e1sair\u00f3l.<\/p>\n<p>Az &#8220;Utcai jelenet Montmartre-ban \u2013 Le Moulin de Poivre&#8221; Vincent van Gogh holland m\u0171v\u00e9sz 1886-os festm\u00e9nye. A festm\u00e9nyt Van Gogh egyik legszebb alkot\u00e1sak\u00e9nt tartj\u00e1k sz\u00e1mon, amely megmutatja a jelenet l\u00e9nyeg\u00e9nek megragad\u00e1s\u00e1ra \u00e9s egy jelenet energi\u00e1j\u00e1nak megragad\u00e1s\u00e1ban val\u00f3 k\u00e9pess\u00e9g\u00e9t. hely. A festm\u00e9ny egy utcak\u00e9pet mutat be P\u00e1rizs Montmartre negyed\u00e9ben, a h\u00e1tt\u00e9rben a Le Moulin de Poivre sz\u00e9lmalommal, el\u0151t\u00e9rben pedig egy embercsoport s\u00e9t\u00e1l az utc\u00e1n. A festm\u00e9ny sz\u00e9les k\u00f6rben elismert mer\u00e9sz ecsetvon\u00e1sair\u00f3l, \u00e9rzelmess\u00e9g\u00e9r\u0151l \u00e9s er\u0151s szimbolik\u00e1j\u00e1r\u00f3l.<\/p>\n<p>A festm\u00e9ny kompoz\u00edci\u00f3ja egyszer\u0171, de hat\u00e1sos, a v\u00e1sznon a sz\u00e9lmalom \u00e9s az utcak\u00e9p foglalja el a legt\u00f6bb helyet. A festm\u00e9ny sz\u00ednhaszn\u00e1lata is figyelemre m\u00e9lt\u00f3, mivel Van Gogh mer\u00e9sz, kontrasztos sz\u00edneket haszn\u00e1l, amelyek mozg\u00e1s- \u00e9s energia\u00e9rzetet keltenek. A sz\u00e9lmalom a k\u00e9k \u00e9s a feh\u00e9r \u00e1rnyalataiban van \u00e1br\u00e1zolva, nyugalmat \u00e9s nyugalmat keltve. Az utcak\u00e9pet narancss\u00e1rga \u00e9s barna \u00e1rnyalatok \u00e1br\u00e1zolj\u00e1k, amelyek melegs\u00e9get \u00e9s energi\u00e1t keltenek. A festm\u00e9ny ecsetvon\u00e1sai s\u0171r\u0171ek \u00e9s j\u00f3l l\u00e1that\u00f3ak, mozg\u00e1s- \u00e9s energia\u00e9rzetet adva a festm\u00e9nynek.<\/p>\n<p>A festm\u00e9ny szimbolik\u00e1ja is gazdag: a sz\u00e9lmalom az ipar \u00e9s a halad\u00e1s eszm\u00e9j\u00e9t, m\u00edg az utcak\u00e9p a mindennapi \u00e9letet \u00e9s a v\u00e1rosi ny\u00fczsg\u00e9st k\u00e9pviseli. A festm\u00e9ny \u00e1ll\u00edt\u00f3lag Van Gogh akkori \u00e9rzelmi \u00e1llapot\u00e1t \u00e1br\u00e1zolja. A festm\u00e9ny akkor k\u00e9sz\u00fclt, amikor Van Gogh P\u00e1rizsban (Franciaorsz\u00e1g) \u00e9lt, \u00e9s \u00fagy gondolj\u00e1k, hogy t\u00fckr\u00f6zi a m\u0171v\u00e9sz v\u00e1gy\u00e1t, hogy kapcsolatba l\u00e9pjen a v\u00e1rossal \u00e9s annak n\u00e9p\u00e9vel.<\/p>\n<p>Az \u201eUtcai jelenet Montmartre-ban \u2013 Le Moulin de Poivre\u201d Van Gogh egyik legikonikusabb \u00e9s leger\u0151sebb alkot\u00e1sa. A festm\u00e9ny a Van Gogh M\u00fazeumban tal\u00e1lhat\u00f3 Amszterdamban, Hollandi\u00e1ban. Fontos posztimpresszionista alkot\u00e1s, amelyet m\u00e1ig csod\u00e1lnak \u00e9s tanulm\u00e1nyoznak a m\u0171v\u00e9szet szerelmesei \u00e9s szak\u00e9rt\u0151i egyar\u00e1nt. Az er\u0151teljes k\u00e9palkot\u00e1s, az \u00e9rzelmess\u00e9g \u00e9s a gazdag szimbolika a festm\u00e9nyt minden m\u0171v\u00e9szetkedvel\u0151 vagy Vincent van Gogh munk\u00e1i ir\u00e1nt \u00e9rdekl\u0151d\u0151 sz\u00e1m\u00e1ra k\u00f6telez\u0151v\u00e9 teszi.<\/p>\n","protected":false},"excerpt":{"rendered":"<p>Vincent Van Gogh \u2013 Utcai jelenet Montmartre-ban \u2013 Le Moulin de Poivre &nbsp; L\u00e9trehoz\u00e1s \u00e9ve: 1887 Eredeti m\u00e9ret: 64,5 cm x 34,5 cm Fest\u00e9si st\u00edlus: Posztimpresszionizmus Eredeti technika: Olaj, v\u00e1szon Helysz\u00edn: Van Gogh M\u00fazeum, Hollandia Van Gogh m\u0171vei a fest\u0151 impresszionizmushoz val\u00f3 hozz\u00e1\u00e1ll\u00e1s\u00e1t fejezik ki \u2013 ez a fest\u00e9szeti st\u00edlus [&hellip;]<\/p>\n","protected":false},"featured_media":50067,"template":"","meta":{"_acf_changed":false},"product_brand":[],"product_cat":[7150],"product_tag":[11885,11886,11887,7215],"class_list":{"0":"post-54418","1":"product","2":"type-product","3":"status-publish","4":"has-post-thumbnail","6":"product_cat-vincent-van-gogh-hu","7":"product_tag-painter-hu","8":"product_tag-reproduction","9":"product_tag-reproductions-hu","10":"product_tag-van-gogh-hu","11":"pa_dimenzija-120-x-65-cm-hu","12":"pa_dimenzija-150-x-80-cm-hu","13":"pa_dimenzija-50-x-30-cm-hu","14":"pa_dimenzija-65-x-35-cm-hu","15":"pa_dimenzija-70-x-40-cm-hu","16":"pa_dimenzija-80-x-45-cm-hu","17":"pa_dimenzija-90-x-50-cm-hu","18":"pa_oblika-vizszintes","19":"pa_okvir-nincs-keret","20":"pa_podokvir-igen","21":"pa_podokvir-nem","23":"first","24":"onbackorder","25":"purchasable","26":"product-type-variable","27":"has-default-attributes"},"acf":[],"yoast_head":"<!-- This site is optimized with the Yoast SEO Premium plugin v26.0 (Yoast SEO v27.2) - https:\/\/yoast.com\/product\/yoast-seo-premium-wordpress\/ -->\n<title>Vincent van Gogh - Street Scene in Montmarte - Le Moulin de Poivre - SVETSLIK.SI - 100% k\u00e9zzel festett<\/title>\n<meta name=\"description\" content=\"Vincent van Gogh - Street Scene in Montmarte - Le Moulin de Poivre - 100% k\u00e9zzel festett h\u00edres festm\u00e9nyek reprodukci\u00f3i. Festm\u00e9nyek keretez\u00e9se, elad\u00e1sa \u00e9s egyedi rendel\u00e9sre t\u00f6rt\u00e9n\u0151 v\u00e1szonk\u00e9pek k\u00e9sz\u00edt\u00e9se.\" \/>\n<meta name=\"robots\" content=\"index, follow, max-snippet:-1, max-image-preview:large, max-video-preview:-1\" \/>\n<link rel=\"canonical\" href=\"https:\/\/svetslik.si\/hu\/vincent-van-gogh-hu\/street-scene-in-montmarte-le-moulin-de-poivre\/\" \/>\n<meta property=\"og:locale\" content=\"hu_HU\" \/>\n<meta property=\"og:type\" content=\"article\" \/>\n<meta property=\"og:title\" content=\"Vincent van Gogh - Street Scene in Montmarte - Le Moulin de Poivre\" \/>\n<meta property=\"og:description\" content=\"100% ro\u010dno naslikane slike na platnu, reprodukcije znanih slikarjev in umetni\u0161ke slike po naro\u010dilu.\" \/>\n<meta property=\"og:url\" content=\"https:\/\/svetslik.si\/hu\/vincent-van-gogh-hu\/street-scene-in-montmarte-le-moulin-de-poivre\/\" \/>\n<meta property=\"og:site_name\" content=\"SVETSLIK.SI\" \/>\n<meta property=\"article:publisher\" content=\"https:\/\/www.facebook.com\/svetslik.si\" \/>\n<meta property=\"article:modified_time\" content=\"2026-03-22T20:53:18+00:00\" \/>\n<meta property=\"og:image\" content=\"https:\/\/svetslik.si\/wp-content\/uploads\/2021\/08\/image_Street-Scene-in-Montmarte-Le-Moulin-de-Poivre_680.jpg\" \/>\n\t<meta property=\"og:image:width\" content=\"1500\" \/>\n\t<meta property=\"og:image:height\" content=\"1132\" \/>\n\t<meta property=\"og:image:type\" content=\"image\/jpeg\" \/>\n<meta name=\"twitter:card\" content=\"summary_large_image\" \/>\n<meta name=\"twitter:site\" content=\"@svetslik\" \/>\n<meta name=\"twitter:label1\" content=\"El\u00e9rhet\u0151s\u00e9g\" \/>\n\t<meta name=\"twitter:data1\" content=\"Beszerz\u00e9s alatt\" \/>\n<script type=\"application\/ld+json\" class=\"yoast-schema-graph\">{\"@context\":\"https:\/\/schema.org\",\"@graph\":[{\"@type\":[\"WebPage\",\"ItemPage\"],\"@id\":\"https:\/\/svetslik.si\/hu\/vincent-van-gogh-hu\/street-scene-in-montmarte-le-moulin-de-poivre\/\",\"url\":\"https:\/\/svetslik.si\/hu\/vincent-van-gogh-hu\/street-scene-in-montmarte-le-moulin-de-poivre\/\",\"name\":\"Vincent van Gogh - Street Scene in Montmarte - Le Moulin de Poivre - SVETSLIK.SI - 100% k\u00e9zzel festett\",\"isPartOf\":{\"@id\":\"https:\/\/svetslik.si\/hu\/#website\"},\"primaryImageOfPage\":{\"@id\":\"https:\/\/svetslik.si\/hu\/vincent-van-gogh-hu\/street-scene-in-montmarte-le-moulin-de-poivre\/#primaryimage\"},\"image\":{\"@id\":\"https:\/\/svetslik.si\/hu\/vincent-van-gogh-hu\/street-scene-in-montmarte-le-moulin-de-poivre\/#primaryimage\"},\"thumbnailUrl\":\"https:\/\/svetslik.si\/wp-content\/uploads\/2021\/08\/image_Street-Scene-in-Montmarte-Le-Moulin-de-Poivre_680.jpg\",\"datePublished\":\"2021-09-02T16:02:39+00:00\",\"dateModified\":\"2026-03-22T20:53:18+00:00\",\"description\":\"Vincent van Gogh - Street Scene in Montmarte - Le Moulin de Poivre - 100% k\u00e9zzel festett h\u00edres festm\u00e9nyek reprodukci\u00f3i. Festm\u00e9nyek keretez\u00e9se, elad\u00e1sa \u00e9s egyedi rendel\u00e9sre t\u00f6rt\u00e9n\u0151 v\u00e1szonk\u00e9pek k\u00e9sz\u00edt\u00e9se.\",\"breadcrumb\":{\"@id\":\"https:\/\/svetslik.si\/hu\/vincent-van-gogh-hu\/street-scene-in-montmarte-le-moulin-de-poivre\/#breadcrumb\"},\"inLanguage\":\"hu\",\"potentialAction\":[{\"@type\":\"ReadAction\",\"target\":[\"https:\/\/svetslik.si\/hu\/vincent-van-gogh-hu\/street-scene-in-montmarte-le-moulin-de-poivre\/\"]}]},{\"@type\":\"ImageObject\",\"inLanguage\":\"hu\",\"@id\":\"https:\/\/svetslik.si\/hu\/vincent-van-gogh-hu\/street-scene-in-montmarte-le-moulin-de-poivre\/#primaryimage\",\"url\":\"https:\/\/svetslik.si\/wp-content\/uploads\/2021\/08\/image_Street-Scene-in-Montmarte-Le-Moulin-de-Poivre_680.jpg\",\"contentUrl\":\"https:\/\/svetslik.si\/wp-content\/uploads\/2021\/08\/image_Street-Scene-in-Montmarte-Le-Moulin-de-Poivre_680.jpg\",\"width\":1500,\"height\":1132,\"caption\":\"Vincent Van Gogh - Street Scene in Montmartre - Le Moulin de Poivre (Utcai jelenet Montmartre-ban - Le Moulin de Poivre) - Vazonk\u00e9p, festm\u00e9nyek, reprodukci\u00f3\"},{\"@type\":\"BreadcrumbList\",\"@id\":\"https:\/\/svetslik.si\/hu\/vincent-van-gogh-hu\/street-scene-in-montmarte-le-moulin-de-poivre\/#breadcrumb\",\"itemListElement\":[{\"@type\":\"ListItem\",\"position\":1,\"name\":\"Wall art and paintings on canvas\",\"item\":\"https:\/\/svetslik.si\/hu\/\"},{\"@type\":\"ListItem\",\"position\":2,\"name\":\"Festm\u00e9nyek elad\u00e1sa\",\"item\":\"https:\/\/svetslik.si\/prodaja-slik\/\"},{\"@type\":\"ListItem\",\"position\":3,\"name\":\"Vincent van Gogh &#8211; Street Scene in Montmarte &#8211; Le Moulin de Poivre\"}]},{\"@type\":\"WebSite\",\"@id\":\"https:\/\/svetslik.si\/hu\/#website\",\"url\":\"https:\/\/svetslik.si\/hu\/\",\"name\":\"SVETSLIK.SI\",\"description\":\"100%-ban k\u00e9zzel festett reprodukci\u00f3k h\u00edres fest\u0151k festm\u00e9nyeir\u0151l \u00e9s festm\u00e9nyekr\u0151l v\u00e1szonra.\",\"publisher\":{\"@id\":\"https:\/\/svetslik.si\/hu\/#organization\"},\"potentialAction\":[{\"@type\":\"SearchAction\",\"target\":{\"@type\":\"EntryPoint\",\"urlTemplate\":\"https:\/\/svetslik.si\/hu\/?s={search_term_string}\"},\"query-input\":{\"@type\":\"PropertyValueSpecification\",\"valueRequired\":true,\"valueName\":\"search_term_string\"}}],\"inLanguage\":\"hu\"},{\"@type\":\"Organization\",\"@id\":\"https:\/\/svetslik.si\/hu\/#organization\",\"name\":\"SvetSlik.si\",\"url\":\"https:\/\/svetslik.si\/hu\/\",\"logo\":{\"@type\":\"ImageObject\",\"inLanguage\":\"hu\",\"@id\":\"https:\/\/svetslik.si\/hu\/#\/schema\/logo\/image\/\",\"url\":\"https:\/\/svetslik.si\/wp-content\/uploads\/2020\/12\/logo-512.png\",\"contentUrl\":\"https:\/\/svetslik.si\/wp-content\/uploads\/2020\/12\/logo-512.png\",\"width\":512,\"height\":512,\"caption\":\"SvetSlik.si\"},\"image\":{\"@id\":\"https:\/\/svetslik.si\/hu\/#\/schema\/logo\/image\/\"},\"sameAs\":[\"https:\/\/www.facebook.com\/svetslik.si\",\"https:\/\/x.com\/svetslik\",\"https:\/\/www.instagram.com\/svetslik.si\/\",\"https:\/\/www.linkedin.com\/company\/svetslik-si\"]}]}<\/script>\n<meta property=\"og:availability\" content=\"backorder\" \/>\n<meta property=\"product:availability\" content=\"available for order\" \/>\n<meta property=\"product:retailer_item_id\" content=\"372__\" \/>\n<meta property=\"product:condition\" content=\"new\" \/>\n<!-- \/ Yoast SEO Premium plugin. -->","yoast_head_json":{"title":"Vincent van Gogh - Street Scene in Montmarte - Le Moulin de Poivre - SVETSLIK.SI - 100% k\u00e9zzel festett","description":"Vincent van Gogh - Street Scene in Montmarte - Le Moulin de Poivre - 100% k\u00e9zzel festett h\u00edres festm\u00e9nyek reprodukci\u00f3i. Festm\u00e9nyek keretez\u00e9se, elad\u00e1sa \u00e9s egyedi rendel\u00e9sre t\u00f6rt\u00e9n\u0151 v\u00e1szonk\u00e9pek k\u00e9sz\u00edt\u00e9se.","robots":{"index":"index","follow":"follow","max-snippet":"max-snippet:-1","max-image-preview":"max-image-preview:large","max-video-preview":"max-video-preview:-1"},"canonical":"https:\/\/svetslik.si\/hu\/vincent-van-gogh-hu\/street-scene-in-montmarte-le-moulin-de-poivre\/","og_locale":"hu_HU","og_type":"article","og_title":"Vincent van Gogh - Street Scene in Montmarte - Le Moulin de Poivre","og_description":"100% ro\u010dno naslikane slike na platnu, reprodukcije znanih slikarjev in umetni\u0161ke slike po naro\u010dilu.","og_url":"https:\/\/svetslik.si\/hu\/vincent-van-gogh-hu\/street-scene-in-montmarte-le-moulin-de-poivre\/","og_site_name":"SVETSLIK.SI","article_publisher":"https:\/\/www.facebook.com\/svetslik.si","article_modified_time":"2026-03-22T20:53:18+00:00","og_image":[{"width":1500,"height":1132,"url":"https:\/\/svetslik.si\/wp-content\/uploads\/2021\/08\/image_Street-Scene-in-Montmarte-Le-Moulin-de-Poivre_680.jpg","type":"image\/jpeg"}],"twitter_card":"summary_large_image","twitter_site":"@svetslik","twitter_misc":{"El\u00e9rhet\u0151s\u00e9g":"Beszerz\u00e9s alatt"},"schema":{"@context":"https:\/\/schema.org","@graph":[{"@type":["WebPage","ItemPage"],"@id":"https:\/\/svetslik.si\/hu\/vincent-van-gogh-hu\/street-scene-in-montmarte-le-moulin-de-poivre\/","url":"https:\/\/svetslik.si\/hu\/vincent-van-gogh-hu\/street-scene-in-montmarte-le-moulin-de-poivre\/","name":"Vincent van Gogh - Street Scene in Montmarte - Le Moulin de Poivre - SVETSLIK.SI - 100% k\u00e9zzel festett","isPartOf":{"@id":"https:\/\/svetslik.si\/hu\/#website"},"primaryImageOfPage":{"@id":"https:\/\/svetslik.si\/hu\/vincent-van-gogh-hu\/street-scene-in-montmarte-le-moulin-de-poivre\/#primaryimage"},"image":{"@id":"https:\/\/svetslik.si\/hu\/vincent-van-gogh-hu\/street-scene-in-montmarte-le-moulin-de-poivre\/#primaryimage"},"thumbnailUrl":"https:\/\/svetslik.si\/wp-content\/uploads\/2021\/08\/image_Street-Scene-in-Montmarte-Le-Moulin-de-Poivre_680.jpg","datePublished":"2021-09-02T16:02:39+00:00","dateModified":"2026-03-22T20:53:18+00:00","description":"Vincent van Gogh - Street Scene in Montmarte - Le Moulin de Poivre - 100% k\u00e9zzel festett h\u00edres festm\u00e9nyek reprodukci\u00f3i. Festm\u00e9nyek keretez\u00e9se, elad\u00e1sa \u00e9s egyedi rendel\u00e9sre t\u00f6rt\u00e9n\u0151 v\u00e1szonk\u00e9pek k\u00e9sz\u00edt\u00e9se.","breadcrumb":{"@id":"https:\/\/svetslik.si\/hu\/vincent-van-gogh-hu\/street-scene-in-montmarte-le-moulin-de-poivre\/#breadcrumb"},"inLanguage":"hu","potentialAction":[{"@type":"ReadAction","target":["https:\/\/svetslik.si\/hu\/vincent-van-gogh-hu\/street-scene-in-montmarte-le-moulin-de-poivre\/"]}]},{"@type":"ImageObject","inLanguage":"hu","@id":"https:\/\/svetslik.si\/hu\/vincent-van-gogh-hu\/street-scene-in-montmarte-le-moulin-de-poivre\/#primaryimage","url":"https:\/\/svetslik.si\/wp-content\/uploads\/2021\/08\/image_Street-Scene-in-Montmarte-Le-Moulin-de-Poivre_680.jpg","contentUrl":"https:\/\/svetslik.si\/wp-content\/uploads\/2021\/08\/image_Street-Scene-in-Montmarte-Le-Moulin-de-Poivre_680.jpg","width":1500,"height":1132,"caption":"Vincent Van Gogh - Street Scene in Montmartre - Le Moulin de Poivre (Utcai jelenet Montmartre-ban - Le Moulin de Poivre) - Vazonk\u00e9p, festm\u00e9nyek, reprodukci\u00f3"},{"@type":"BreadcrumbList","@id":"https:\/\/svetslik.si\/hu\/vincent-van-gogh-hu\/street-scene-in-montmarte-le-moulin-de-poivre\/#breadcrumb","itemListElement":[{"@type":"ListItem","position":1,"name":"Wall art and paintings on canvas","item":"https:\/\/svetslik.si\/hu\/"},{"@type":"ListItem","position":2,"name":"Festm\u00e9nyek elad\u00e1sa","item":"https:\/\/svetslik.si\/prodaja-slik\/"},{"@type":"ListItem","position":3,"name":"Vincent van Gogh &#8211; Street Scene in Montmarte &#8211; Le Moulin de Poivre"}]},{"@type":"WebSite","@id":"https:\/\/svetslik.si\/hu\/#website","url":"https:\/\/svetslik.si\/hu\/","name":"SVETSLIK.SI","description":"100%-ban k\u00e9zzel festett reprodukci\u00f3k h\u00edres fest\u0151k festm\u00e9nyeir\u0151l \u00e9s festm\u00e9nyekr\u0151l v\u00e1szonra.","publisher":{"@id":"https:\/\/svetslik.si\/hu\/#organization"},"potentialAction":[{"@type":"SearchAction","target":{"@type":"EntryPoint","urlTemplate":"https:\/\/svetslik.si\/hu\/?s={search_term_string}"},"query-input":{"@type":"PropertyValueSpecification","valueRequired":true,"valueName":"search_term_string"}}],"inLanguage":"hu"},{"@type":"Organization","@id":"https:\/\/svetslik.si\/hu\/#organization","name":"SvetSlik.si","url":"https:\/\/svetslik.si\/hu\/","logo":{"@type":"ImageObject","inLanguage":"hu","@id":"https:\/\/svetslik.si\/hu\/#\/schema\/logo\/image\/","url":"https:\/\/svetslik.si\/wp-content\/uploads\/2020\/12\/logo-512.png","contentUrl":"https:\/\/svetslik.si\/wp-content\/uploads\/2020\/12\/logo-512.png","width":512,"height":512,"caption":"SvetSlik.si"},"image":{"@id":"https:\/\/svetslik.si\/hu\/#\/schema\/logo\/image\/"},"sameAs":["https:\/\/www.facebook.com\/svetslik.si","https:\/\/x.com\/svetslik","https:\/\/www.instagram.com\/svetslik.si\/","https:\/\/www.linkedin.com\/company\/svetslik-si"]}]},"og_availability":"backorder","product_availability":"available for order","product_retailer_item_id":"372__","product_condition":"new"},"jetpack_sharing_enabled":true,"_links":{"self":[{"href":"https:\/\/svetslik.si\/hu\/wp-json\/wp\/v2\/product\/54418","targetHints":{"allow":["GET"]}}],"collection":[{"href":"https:\/\/svetslik.si\/hu\/wp-json\/wp\/v2\/product"}],"about":[{"href":"https:\/\/svetslik.si\/hu\/wp-json\/wp\/v2\/types\/product"}],"wp:featuredmedia":[{"embeddable":true,"href":"https:\/\/svetslik.si\/hu\/wp-json\/wp\/v2\/media\/50067"}],"wp:attachment":[{"href":"https:\/\/svetslik.si\/hu\/wp-json\/wp\/v2\/media?parent=54418"}],"wp:term":[{"taxonomy":"product_brand","embeddable":true,"href":"https:\/\/svetslik.si\/hu\/wp-json\/wp\/v2\/product_brand?post=54418"},{"taxonomy":"product_cat","embeddable":true,"href":"https:\/\/svetslik.si\/hu\/wp-json\/wp\/v2\/product_cat?post=54418"},{"taxonomy":"product_tag","embeddable":true,"href":"https:\/\/svetslik.si\/hu\/wp-json\/wp\/v2\/product_tag?post=54418"}],"curies":[{"name":"wp","href":"https:\/\/api.w.org\/{rel}","templated":true}]}}