{"id":54631,"date":"2021-09-02T18:05:22","date_gmt":"2021-09-02T16:05:22","guid":{"rendered":"https:\/\/svetslik.si\/nem-kategorizalt\/paul-gauguins-armchair\/"},"modified":"2026-03-22T21:57:49","modified_gmt":"2026-03-22T20:57:49","slug":"paul-gauguins-armchair","status":"publish","type":"product","link":"https:\/\/svetslik.si\/hu\/vincent-van-gogh-hu\/paul-gauguins-armchair\/","title":{"rendered":"Vincent van Gogh &#8211; Paul Gauguin&#8217;s Armchair"},"content":{"rendered":"<h1>Vincent Van Gogh \u2013 Paul Gauguin fotele<\/h1>\n<p>&nbsp;<\/p>\n<table style=\"width: 367px\" border=\"0\" width=\"366\" cellpadding=\"0\">\n<tbody>\n<tr>\n<td style=\"width: 155px;height: 21px\" height=\"21\">L\u00e9trehoz\u00e1s \u00e9ve:<\/td>\n<td style=\"width: 212px\">1882<\/td>\n<\/tr>\n<tr>\n<td style=\"width: 155px;height: 21px\" height=\"21\">Eredeti m\u00e9ret:<\/td>\n<td style=\"width: 212px\">91 cm x 73 cm<\/td>\n<\/tr>\n<tr>\n<td style=\"width: 155px;height: 21px\" height=\"21\">Fest\u00e9si st\u00edlus:<\/td>\n<td style=\"width: 212px\">Posztimpresszionizmus<\/td>\n<\/tr>\n<tr>\n<td style=\"width: 155px;height: 21px\" height=\"21\">Eredeti technika:<\/td>\n<td style=\"width: 212px\">Olaj, v\u00e1szon<\/td>\n<\/tr>\n<tr>\n<td style=\"width: 155px;height: 21px\" height=\"21\">Helysz\u00edn:<\/td>\n<td style=\"width: 212px\">Van Gogh M\u00fazeum, Hollandia<\/td>\n<\/tr>\n<\/tbody>\n<colgroup>\n<col \/>\n<col \/> <\/colgroup>\n<\/table>\n<p>&nbsp;<\/p>\n<div>Van Gogh k\u00e9t sz\u00e9ket festett, Gauguin sz\u00e9k\u00e9t \u00e9s a saj\u00e1tj\u00e1t. Van Gogh festm\u00e9nyei k\u00f6z\u00fcl keveset elemeztek ezt k\u00f6vet\u0151en olyan alapos \u00e9s \u00e1tfog\u00f3an, mint ezt a k\u00e9t v\u00e1sznat a k\u00e9t festm\u00e9ny szimbolik\u00e1j\u00e1nak \u00e9rtelmez\u00e9s\u00e9hez. Maga a fest\u0151 is gyakran eml\u00edtette leveleiben ezt a k\u00e9t festm\u00e9nyt, de a festm\u00e9nyek jelent\u00e9s\u00e9nek r\u00e9szletesebb \u00e9rtelmez\u00e9s\u00e9t soha nem foglalta jegyzeteibe.<\/div>\n<div><\/div>\n<div>Gauguin sz\u00e9k\u00e9t Van Gogh Aurier kritikusnak \u00edrt level\u00e9ben \u00fagy jellemezte, mint <em>&#8220;&#8230; komoly v\u00f6r\u00f6sbarna f\u00e1b\u00f3l k\u00e9sz\u00fclt sz\u00e9ket, z\u00f6ld szalm\u00e1b\u00f3l k\u00e9sz\u00fclt \u00fcl\u0151r\u00e9sszel; a t\u00e1voll\u00e9v\u0151 helyett egy meggy\u00fajtott gyertya \u00e9s a sz\u00e9k \u00fcl\u0151k\u00e9j\u00e9n modern reg\u00e9nyek&#8221;<\/em>.<\/div>\n<div><\/div>\n<div>\n<p>A &#8220;Paul Gauguin sz\u00e9ke&#8221; Vincent van Gogh holland m\u0171v\u00e9sz 1888-as festm\u00e9nye. A festm\u00e9ny kiv\u00e1l\u00f3 p\u00e9ld\u00e1ja Van Goghnak arra, hogy egyszer\u0171, de er\u0151teljes m\u00f3don k\u00e9pes megragadni egy t\u00e1rgy l\u00e9nyeg\u00e9t. A k\u00e9pen egy egyszer\u0171 fafotel l\u00e1that\u00f3, p\u00e1rn\u00e1val \u00e9s t\u00e1ml\u00e1val bor\u00edtott takar\u00f3val, semleges h\u00e1tt\u00e9r el\u0151tt. A festm\u00e9ny sz\u00e9les k\u00f6rben elismert mer\u00e9sz ecsetvon\u00e1sair\u00f3l, \u00e9rzelmess\u00e9g\u00e9r\u0151l \u00e9s er\u0151s szimbolik\u00e1j\u00e1r\u00f3l.<\/p>\n<p>A festm\u00e9ny kompoz\u00edci\u00f3ja egyszer\u0171, de hat\u00e1sos, hiszen a fotel foglalja el a v\u00e1sznon a legt\u00f6bb helyet. A festm\u00e9ny sz\u00ednhaszn\u00e1lata is figyelemre m\u00e9lt\u00f3, mivel Van Gogh mer\u00e9sz, kontrasztos sz\u00ednek haszn\u00e1lat\u00e1val mozg\u00e1s- \u00e9s energia\u00e9rzetet kelt. A fotel barna \u00e9s s\u00e1rga \u00e1rnyalataiban van \u00e1br\u00e1zolva, ami melegs\u00e9g \u00e9s otthonoss\u00e1g \u00e9rz\u00e9s\u00e9t kelti. A festm\u00e9ny ecsetvon\u00e1sai s\u0171r\u0171ek \u00e9s j\u00f3l l\u00e1that\u00f3ak, mozg\u00e1s- \u00e9s energia\u00e9rzetet adva a festm\u00e9nynek.<\/p>\n<p>A k\u00e9p szimbolik\u00e1ja is gazdag, hiszen a fotel a mened\u00e9k \u00e9s a pihen\u0151hely gondolat\u00e1t k\u00e9pviseli. A festm\u00e9ny \u00e1ll\u00edt\u00f3lag Van Gogh akkori \u00e9rzelmi \u00e1llapot\u00e1t \u00e1br\u00e1zolja. A festm\u00e9ny akkor k\u00e9sz\u00fclt, amikor Van Gogh a franciaorsz\u00e1gi Arles-ban \u00e9lt, \u00e9s bar\u00e1tja \u00e9s m\u0171v\u00e9szt\u00e1rsa, Paul Gauguin hatott r\u00e1, akinek a karossz\u00e9ke l\u00e1that\u00f3 a festm\u00e9nyen. A festm\u00e9ny t\u00fckr\u00f6zi a m\u0171v\u00e9sz v\u00e1gy\u00e1t a t\u00e1rsas\u00e1gra \u00e9s a m\u00e1s m\u0171v\u00e9szekkel val\u00f3 kapcsolatra.<\/p>\n<p>A &#8220;Paul Gauguin karossz\u00e9ke&#8221; c\u00edm\u0171 festm\u00e9nyt Van Gogh egyik legikonikusabb \u00e9s leger\u0151sebb alkot\u00e1sak\u00e9nt tartj\u00e1k sz\u00e1mon. A New York-i Metropolitan M\u0171v\u00e9szeti M\u00fazeumban tal\u00e1lhat\u00f3, az Egyes\u00fclt \u00c1llamokban. Fontos posztimpresszionista alkot\u00e1s, amelyet m\u00e1ig csod\u00e1lnak \u00e9s tanulm\u00e1nyoznak a m\u0171v\u00e9szet szerelmesei \u00e9s szak\u00e9rt\u0151i egyar\u00e1nt. Az er\u0151teljes k\u00e9palkot\u00e1s, az \u00e9rzelmess\u00e9g \u00e9s a gazdag szimbolika a festm\u00e9nyt minden m\u0171v\u00e9szetkedvel\u0151 vagy Vincent van Gogh munk\u00e1i ir\u00e1nt \u00e9rdekl\u0151d\u0151 sz\u00e1m\u00e1ra k\u00f6telez\u0151v\u00e9 teszi.<\/p>\n<\/div>\n<div><\/div>\n","protected":false},"excerpt":{"rendered":"<p>Vincent Van Gogh \u2013 Paul Gauguin fotele &nbsp; L\u00e9trehoz\u00e1s \u00e9ve: 1882 Eredeti m\u00e9ret: 91 cm x 73 cm Fest\u00e9si st\u00edlus: Posztimpresszionizmus Eredeti technika: Olaj, v\u00e1szon Helysz\u00edn: Van Gogh M\u00fazeum, Hollandia &nbsp; Van Gogh k\u00e9t sz\u00e9ket festett, Gauguin sz\u00e9k\u00e9t \u00e9s a saj\u00e1tj\u00e1t. Van Gogh festm\u00e9nyei k\u00f6z\u00fcl keveset elemeztek ezt k\u00f6vet\u0151en olyan [&hellip;]<\/p>\n","protected":false},"featured_media":49891,"template":"","meta":{"_acf_changed":false},"product_brand":[],"product_cat":[7150],"product_tag":[11885,11886,11887,7215],"class_list":{"0":"post-54631","1":"product","2":"type-product","3":"status-publish","4":"has-post-thumbnail","6":"product_cat-vincent-van-gogh-hu","7":"product_tag-painter-hu","8":"product_tag-reproduction","9":"product_tag-reproductions-hu","10":"product_tag-van-gogh-hu","11":"pa_dimenzija-100-x-130-cm-hu","12":"pa_dimenzija-120-x-150-cm-hu","13":"pa_dimenzija-40-x-50-cm-hu","14":"pa_dimenzija-50-x-60-cm-hu","15":"pa_dimenzija-60-x-80-cm-hu","16":"pa_dimenzija-73-x-92-cm-hu","17":"pa_dimenzija-80-x-100-cm-hu","18":"pa_oblika-fuggoleges","19":"pa_okvir-nincs-keret","20":"pa_podokvir-igen","21":"pa_podokvir-nem","23":"first","24":"onbackorder","25":"purchasable","26":"product-type-variable","27":"has-default-attributes"},"acf":[],"yoast_head":"<!-- This site is optimized with the Yoast SEO Premium plugin v26.0 (Yoast SEO v27.2) - https:\/\/yoast.com\/product\/yoast-seo-premium-wordpress\/ -->\n<title>Vincent van Gogh - Paul Gauguin&#039;s Armchair - SVETSLIK.SI - 100% k\u00e9zzel festett<\/title>\n<meta name=\"description\" content=\"Vincent van Gogh - Paul Gauguin&#039;s Armchair - 100% k\u00e9zzel festett h\u00edres festm\u00e9nyek reprodukci\u00f3i. Festm\u00e9nyek keretez\u00e9se, elad\u00e1sa \u00e9s egyedi rendel\u00e9sre t\u00f6rt\u00e9n\u0151 v\u00e1szonk\u00e9pek k\u00e9sz\u00edt\u00e9se.\" \/>\n<meta name=\"robots\" content=\"index, follow, max-snippet:-1, max-image-preview:large, max-video-preview:-1\" \/>\n<link rel=\"canonical\" href=\"https:\/\/svetslik.si\/hu\/vincent-van-gogh-hu\/paul-gauguins-armchair\/\" \/>\n<meta property=\"og:locale\" content=\"hu_HU\" \/>\n<meta property=\"og:type\" content=\"article\" \/>\n<meta property=\"og:title\" content=\"Vincent van Gogh - Paul Gauguin&#039;s Armchair\" \/>\n<meta property=\"og:description\" content=\"100% ro\u010dno naslikane slike na platnu, reprodukcije znanih slikarjev in umetni\u0161ke slike po naro\u010dilu.\" \/>\n<meta property=\"og:url\" content=\"https:\/\/svetslik.si\/hu\/vincent-van-gogh-hu\/paul-gauguins-armchair\/\" \/>\n<meta property=\"og:site_name\" content=\"SVETSLIK.SI\" \/>\n<meta property=\"article:publisher\" content=\"https:\/\/www.facebook.com\/svetslik.si\" \/>\n<meta property=\"article:modified_time\" content=\"2026-03-22T20:57:49+00:00\" \/>\n<meta property=\"og:image\" content=\"https:\/\/svetslik.si\/wp-content\/uploads\/2021\/08\/image_Paul-Gauguins-Armchair-van-Gogh_680-scaled.jpg\" \/>\n\t<meta property=\"og:image:width\" content=\"2049\" \/>\n\t<meta property=\"og:image:height\" content=\"2560\" \/>\n\t<meta property=\"og:image:type\" content=\"image\/jpeg\" \/>\n<meta name=\"twitter:card\" content=\"summary_large_image\" \/>\n<meta name=\"twitter:site\" content=\"@svetslik\" \/>\n<meta name=\"twitter:label1\" content=\"El\u00e9rhet\u0151s\u00e9g\" \/>\n\t<meta name=\"twitter:data1\" content=\"Beszerz\u00e9s alatt\" \/>\n<script type=\"application\/ld+json\" class=\"yoast-schema-graph\">{\"@context\":\"https:\/\/schema.org\",\"@graph\":[{\"@type\":[\"WebPage\",\"ItemPage\"],\"@id\":\"https:\/\/svetslik.si\/hu\/vincent-van-gogh-hu\/paul-gauguins-armchair\/\",\"url\":\"https:\/\/svetslik.si\/hu\/vincent-van-gogh-hu\/paul-gauguins-armchair\/\",\"name\":\"Vincent van Gogh - Paul Gauguin's Armchair - SVETSLIK.SI - 100% k\u00e9zzel festett\",\"isPartOf\":{\"@id\":\"https:\/\/svetslik.si\/hu\/#website\"},\"primaryImageOfPage\":{\"@id\":\"https:\/\/svetslik.si\/hu\/vincent-van-gogh-hu\/paul-gauguins-armchair\/#primaryimage\"},\"image\":{\"@id\":\"https:\/\/svetslik.si\/hu\/vincent-van-gogh-hu\/paul-gauguins-armchair\/#primaryimage\"},\"thumbnailUrl\":\"https:\/\/svetslik.si\/wp-content\/uploads\/2021\/08\/image_Paul-Gauguins-Armchair-van-Gogh_680-scaled.jpg\",\"datePublished\":\"2021-09-02T16:05:22+00:00\",\"dateModified\":\"2026-03-22T20:57:49+00:00\",\"description\":\"Vincent van Gogh - Paul Gauguin's Armchair - 100% k\u00e9zzel festett h\u00edres festm\u00e9nyek reprodukci\u00f3i. Festm\u00e9nyek keretez\u00e9se, elad\u00e1sa \u00e9s egyedi rendel\u00e9sre t\u00f6rt\u00e9n\u0151 v\u00e1szonk\u00e9pek k\u00e9sz\u00edt\u00e9se.\",\"breadcrumb\":{\"@id\":\"https:\/\/svetslik.si\/hu\/vincent-van-gogh-hu\/paul-gauguins-armchair\/#breadcrumb\"},\"inLanguage\":\"hu\",\"potentialAction\":[{\"@type\":\"ReadAction\",\"target\":[\"https:\/\/svetslik.si\/hu\/vincent-van-gogh-hu\/paul-gauguins-armchair\/\"]}]},{\"@type\":\"ImageObject\",\"inLanguage\":\"hu\",\"@id\":\"https:\/\/svetslik.si\/hu\/vincent-van-gogh-hu\/paul-gauguins-armchair\/#primaryimage\",\"url\":\"https:\/\/svetslik.si\/wp-content\/uploads\/2021\/08\/image_Paul-Gauguins-Armchair-van-Gogh_680-scaled.jpg\",\"contentUrl\":\"https:\/\/svetslik.si\/wp-content\/uploads\/2021\/08\/image_Paul-Gauguins-Armchair-van-Gogh_680-scaled.jpg\",\"width\":2049,\"height\":2560,\"caption\":\"Vincent Van Gogh - Paul Gauguin's Armchair - Ro\u010dno naslikane reprodukcije znanih slikarjev, moderne stenske slike, umetni\u0161ke slike za na steno\"},{\"@type\":\"BreadcrumbList\",\"@id\":\"https:\/\/svetslik.si\/hu\/vincent-van-gogh-hu\/paul-gauguins-armchair\/#breadcrumb\",\"itemListElement\":[{\"@type\":\"ListItem\",\"position\":1,\"name\":\"Wall art and paintings on canvas\",\"item\":\"https:\/\/svetslik.si\/hu\/\"},{\"@type\":\"ListItem\",\"position\":2,\"name\":\"Festm\u00e9nyek elad\u00e1sa\",\"item\":\"https:\/\/svetslik.si\/prodaja-slik\/\"},{\"@type\":\"ListItem\",\"position\":3,\"name\":\"Vincent van Gogh &#8211; Paul Gauguin&#8217;s Armchair\"}]},{\"@type\":\"WebSite\",\"@id\":\"https:\/\/svetslik.si\/hu\/#website\",\"url\":\"https:\/\/svetslik.si\/hu\/\",\"name\":\"SVETSLIK.SI\",\"description\":\"100%-ban k\u00e9zzel festett reprodukci\u00f3k h\u00edres fest\u0151k festm\u00e9nyeir\u0151l \u00e9s festm\u00e9nyekr\u0151l v\u00e1szonra.\",\"publisher\":{\"@id\":\"https:\/\/svetslik.si\/hu\/#organization\"},\"potentialAction\":[{\"@type\":\"SearchAction\",\"target\":{\"@type\":\"EntryPoint\",\"urlTemplate\":\"https:\/\/svetslik.si\/hu\/?s={search_term_string}\"},\"query-input\":{\"@type\":\"PropertyValueSpecification\",\"valueRequired\":true,\"valueName\":\"search_term_string\"}}],\"inLanguage\":\"hu\"},{\"@type\":\"Organization\",\"@id\":\"https:\/\/svetslik.si\/hu\/#organization\",\"name\":\"SvetSlik.si\",\"url\":\"https:\/\/svetslik.si\/hu\/\",\"logo\":{\"@type\":\"ImageObject\",\"inLanguage\":\"hu\",\"@id\":\"https:\/\/svetslik.si\/hu\/#\/schema\/logo\/image\/\",\"url\":\"https:\/\/svetslik.si\/wp-content\/uploads\/2020\/12\/logo-512.png\",\"contentUrl\":\"https:\/\/svetslik.si\/wp-content\/uploads\/2020\/12\/logo-512.png\",\"width\":512,\"height\":512,\"caption\":\"SvetSlik.si\"},\"image\":{\"@id\":\"https:\/\/svetslik.si\/hu\/#\/schema\/logo\/image\/\"},\"sameAs\":[\"https:\/\/www.facebook.com\/svetslik.si\",\"https:\/\/x.com\/svetslik\",\"https:\/\/www.instagram.com\/svetslik.si\/\",\"https:\/\/www.linkedin.com\/company\/svetslik-si\"]}]}<\/script>\n<meta property=\"og:availability\" content=\"backorder\" \/>\n<meta property=\"product:availability\" content=\"available for order\" \/>\n<meta property=\"product:retailer_item_id\" content=\"398__\" \/>\n<meta property=\"product:condition\" content=\"new\" \/>\n<!-- \/ Yoast SEO Premium plugin. -->","yoast_head_json":{"title":"Vincent van Gogh - Paul Gauguin's Armchair - SVETSLIK.SI - 100% k\u00e9zzel festett","description":"Vincent van Gogh - Paul Gauguin's Armchair - 100% k\u00e9zzel festett h\u00edres festm\u00e9nyek reprodukci\u00f3i. Festm\u00e9nyek keretez\u00e9se, elad\u00e1sa \u00e9s egyedi rendel\u00e9sre t\u00f6rt\u00e9n\u0151 v\u00e1szonk\u00e9pek k\u00e9sz\u00edt\u00e9se.","robots":{"index":"index","follow":"follow","max-snippet":"max-snippet:-1","max-image-preview":"max-image-preview:large","max-video-preview":"max-video-preview:-1"},"canonical":"https:\/\/svetslik.si\/hu\/vincent-van-gogh-hu\/paul-gauguins-armchair\/","og_locale":"hu_HU","og_type":"article","og_title":"Vincent van Gogh - Paul Gauguin's Armchair","og_description":"100% ro\u010dno naslikane slike na platnu, reprodukcije znanih slikarjev in umetni\u0161ke slike po naro\u010dilu.","og_url":"https:\/\/svetslik.si\/hu\/vincent-van-gogh-hu\/paul-gauguins-armchair\/","og_site_name":"SVETSLIK.SI","article_publisher":"https:\/\/www.facebook.com\/svetslik.si","article_modified_time":"2026-03-22T20:57:49+00:00","og_image":[{"width":2049,"height":2560,"url":"https:\/\/svetslik.si\/wp-content\/uploads\/2021\/08\/image_Paul-Gauguins-Armchair-van-Gogh_680-scaled.jpg","type":"image\/jpeg"}],"twitter_card":"summary_large_image","twitter_site":"@svetslik","twitter_misc":{"El\u00e9rhet\u0151s\u00e9g":"Beszerz\u00e9s alatt"},"schema":{"@context":"https:\/\/schema.org","@graph":[{"@type":["WebPage","ItemPage"],"@id":"https:\/\/svetslik.si\/hu\/vincent-van-gogh-hu\/paul-gauguins-armchair\/","url":"https:\/\/svetslik.si\/hu\/vincent-van-gogh-hu\/paul-gauguins-armchair\/","name":"Vincent van Gogh - Paul Gauguin's Armchair - SVETSLIK.SI - 100% k\u00e9zzel festett","isPartOf":{"@id":"https:\/\/svetslik.si\/hu\/#website"},"primaryImageOfPage":{"@id":"https:\/\/svetslik.si\/hu\/vincent-van-gogh-hu\/paul-gauguins-armchair\/#primaryimage"},"image":{"@id":"https:\/\/svetslik.si\/hu\/vincent-van-gogh-hu\/paul-gauguins-armchair\/#primaryimage"},"thumbnailUrl":"https:\/\/svetslik.si\/wp-content\/uploads\/2021\/08\/image_Paul-Gauguins-Armchair-van-Gogh_680-scaled.jpg","datePublished":"2021-09-02T16:05:22+00:00","dateModified":"2026-03-22T20:57:49+00:00","description":"Vincent van Gogh - Paul Gauguin's Armchair - 100% k\u00e9zzel festett h\u00edres festm\u00e9nyek reprodukci\u00f3i. Festm\u00e9nyek keretez\u00e9se, elad\u00e1sa \u00e9s egyedi rendel\u00e9sre t\u00f6rt\u00e9n\u0151 v\u00e1szonk\u00e9pek k\u00e9sz\u00edt\u00e9se.","breadcrumb":{"@id":"https:\/\/svetslik.si\/hu\/vincent-van-gogh-hu\/paul-gauguins-armchair\/#breadcrumb"},"inLanguage":"hu","potentialAction":[{"@type":"ReadAction","target":["https:\/\/svetslik.si\/hu\/vincent-van-gogh-hu\/paul-gauguins-armchair\/"]}]},{"@type":"ImageObject","inLanguage":"hu","@id":"https:\/\/svetslik.si\/hu\/vincent-van-gogh-hu\/paul-gauguins-armchair\/#primaryimage","url":"https:\/\/svetslik.si\/wp-content\/uploads\/2021\/08\/image_Paul-Gauguins-Armchair-van-Gogh_680-scaled.jpg","contentUrl":"https:\/\/svetslik.si\/wp-content\/uploads\/2021\/08\/image_Paul-Gauguins-Armchair-van-Gogh_680-scaled.jpg","width":2049,"height":2560,"caption":"Vincent Van Gogh - Paul Gauguin's Armchair - Ro\u010dno naslikane reprodukcije znanih slikarjev, moderne stenske slike, umetni\u0161ke slike za na steno"},{"@type":"BreadcrumbList","@id":"https:\/\/svetslik.si\/hu\/vincent-van-gogh-hu\/paul-gauguins-armchair\/#breadcrumb","itemListElement":[{"@type":"ListItem","position":1,"name":"Wall art and paintings on canvas","item":"https:\/\/svetslik.si\/hu\/"},{"@type":"ListItem","position":2,"name":"Festm\u00e9nyek elad\u00e1sa","item":"https:\/\/svetslik.si\/prodaja-slik\/"},{"@type":"ListItem","position":3,"name":"Vincent van Gogh &#8211; Paul Gauguin&#8217;s Armchair"}]},{"@type":"WebSite","@id":"https:\/\/svetslik.si\/hu\/#website","url":"https:\/\/svetslik.si\/hu\/","name":"SVETSLIK.SI","description":"100%-ban k\u00e9zzel festett reprodukci\u00f3k h\u00edres fest\u0151k festm\u00e9nyeir\u0151l \u00e9s festm\u00e9nyekr\u0151l v\u00e1szonra.","publisher":{"@id":"https:\/\/svetslik.si\/hu\/#organization"},"potentialAction":[{"@type":"SearchAction","target":{"@type":"EntryPoint","urlTemplate":"https:\/\/svetslik.si\/hu\/?s={search_term_string}"},"query-input":{"@type":"PropertyValueSpecification","valueRequired":true,"valueName":"search_term_string"}}],"inLanguage":"hu"},{"@type":"Organization","@id":"https:\/\/svetslik.si\/hu\/#organization","name":"SvetSlik.si","url":"https:\/\/svetslik.si\/hu\/","logo":{"@type":"ImageObject","inLanguage":"hu","@id":"https:\/\/svetslik.si\/hu\/#\/schema\/logo\/image\/","url":"https:\/\/svetslik.si\/wp-content\/uploads\/2020\/12\/logo-512.png","contentUrl":"https:\/\/svetslik.si\/wp-content\/uploads\/2020\/12\/logo-512.png","width":512,"height":512,"caption":"SvetSlik.si"},"image":{"@id":"https:\/\/svetslik.si\/hu\/#\/schema\/logo\/image\/"},"sameAs":["https:\/\/www.facebook.com\/svetslik.si","https:\/\/x.com\/svetslik","https:\/\/www.instagram.com\/svetslik.si\/","https:\/\/www.linkedin.com\/company\/svetslik-si"]}]},"og_availability":"backorder","product_availability":"available for order","product_retailer_item_id":"398__","product_condition":"new"},"jetpack_sharing_enabled":true,"_links":{"self":[{"href":"https:\/\/svetslik.si\/hu\/wp-json\/wp\/v2\/product\/54631","targetHints":{"allow":["GET"]}}],"collection":[{"href":"https:\/\/svetslik.si\/hu\/wp-json\/wp\/v2\/product"}],"about":[{"href":"https:\/\/svetslik.si\/hu\/wp-json\/wp\/v2\/types\/product"}],"wp:featuredmedia":[{"embeddable":true,"href":"https:\/\/svetslik.si\/hu\/wp-json\/wp\/v2\/media\/49891"}],"wp:attachment":[{"href":"https:\/\/svetslik.si\/hu\/wp-json\/wp\/v2\/media?parent=54631"}],"wp:term":[{"taxonomy":"product_brand","embeddable":true,"href":"https:\/\/svetslik.si\/hu\/wp-json\/wp\/v2\/product_brand?post=54631"},{"taxonomy":"product_cat","embeddable":true,"href":"https:\/\/svetslik.si\/hu\/wp-json\/wp\/v2\/product_cat?post=54631"},{"taxonomy":"product_tag","embeddable":true,"href":"https:\/\/svetslik.si\/hu\/wp-json\/wp\/v2\/product_tag?post=54631"}],"curies":[{"name":"wp","href":"https:\/\/api.w.org\/{rel}","templated":true}]}}