{"id":54684,"date":"2021-09-02T18:06:07","date_gmt":"2021-09-02T16:06:07","guid":{"rendered":"https:\/\/svetslik.si\/nem-kategorizalt\/the-potato-eaters\/"},"modified":"2026-03-22T21:58:32","modified_gmt":"2026-03-22T20:58:32","slug":"the-potato-eaters","status":"publish","type":"product","link":"https:\/\/svetslik.si\/hu\/vincent-van-gogh-hu\/the-potato-eaters\/","title":{"rendered":"Vincent van Gogh &#8211; The Potato Eaters"},"content":{"rendered":"<div class=\"wpb-content-wrapper\">[vc_row][vc_column][vc_column_text]\n<h1>Vincent Van Gogh \u2013 A burgonyaev\u0151k<\/h1>\n<p>&nbsp;<\/p>\n<table style=\"width: 497px\" border=\"0\" width=\"497\" cellpadding=\"0\">\n<tbody>\n<tr>\n<td style=\"width: 155px;height: 21px\" height=\"21\">L\u00e9trehoz\u00e1s \u00e9ve:<\/td>\n<td style=\"width: 343px\">1885<\/td>\n<\/tr>\n<tr>\n<td style=\"width: 155px;height: 21px\" height=\"21\">Eredeti m\u00e9ret:<\/td>\n<td style=\"width: 343px\">114 cm x 82 cm<\/td>\n<\/tr>\n<tr>\n<td style=\"width: 155px;height: 21px\" height=\"21\">Fest\u00e9si st\u00edlus:<\/td>\n<td style=\"width: 343px\">Posztimpresszionizmus<\/td>\n<\/tr>\n<tr>\n<td style=\"width: 155px;height: 21px\" height=\"21\">Eredeti technika:<\/td>\n<td style=\"width: 343px\">Olaj, v\u00e1szon<\/td>\n<\/tr>\n<tr>\n<td style=\"width: 155px;height: 21px\" height=\"21\">Helysz\u00edn:<\/td>\n<td style=\"width: 343px\">Van Gogh M\u00fazeum, Hollandia<\/td>\n<\/tr>\n<\/tbody>\n<colgroup>\n<col \/>\n<col \/> <\/colgroup>\n<\/table>\n<p>&nbsp;<\/p>\n<div>A <em>A burgonyaev\u0151k<\/em> v\u00e1szonfestm\u00e9nyt sokan Van Gogh els\u0151 igazi m\u0171alkot\u00e1s\u00e1nak tartj\u00e1k. A m\u0171v\u00e9szi festm\u00e9ny megalkot\u00e1sakor a fest\u0151 m\u00e9g csak m\u0171v\u00e9szi \u00fatja elej\u00e9n j\u00e1rt, \u00e9s m\u00e9g nem saj\u00e1t\u00edtotta el azokat a technik\u00e1kat, amelyek k\u00e9s\u0151bb h\u00edress\u00e9 teszik. Ez is az, ami rendk\u00edv\u00fcl \u00e9rdekess\u00e9 teszi ezt a m\u0171alkot\u00e1st.<\/div>\n<div>Van Gogh meg akarta alkotni els\u0151 remekm\u0171v\u00e9t, amely meger\u0151s\u00edten\u00e9 h\u00edrnev\u00e9t; a fest\u0151 sz\u00e1nd\u00e9ka az volt, hogy olyan emberi alakokat festsen, amelyek megjelen\u00e9se nem k\u00ednos, hanem term\u00e9szetes. Az alkot\u00e1st els\u0151 p\u00e1rizsi ki\u00e1ll\u00edt\u00e1s\u00e1ra k\u00e9sz\u00edtette.<\/div>\n<div><\/div>\n[\/vc_column_text][\/vc_column][\/vc_row][vc_row css=&#8221;.vc_custom_1640018901259{margin-bottom: 30px !important;}&#8221;][vc_column]\t<div class=\"et-image-474 et-image  full   et_image_link\">\n\t\t<div class=\"et-image-inner \">\n\t\t\t\t\t\t\t<div class=\"et-image-thumb \">\n\t\t\t\t\t<img decoding=\"async\" width=\"1843\" height=\"1440\" src=\"https:\/\/svetslik.si\/wp-content\/uploads\/2021\/09\/vincent-van-gogh-starry-night-zvezdnata-noc-slika-na-platnu-potato-earters-scaled-e1702592118536.jpg\" class=\"attachment-full\" alt=\"Vincent van Gogh - The potato eaters - k\u00e9zi fest\u00e9s\u0171 reprodukci\u00f3 p\u00e9lda\" title=\"Vincent van Gogh - The potato eaters - k\u00e9zi fest\u00e9s\u0171 reprodukci\u00f3 p\u00e9lda\" srcset=\"https:\/\/svetslik.si\/wp-content\/uploads\/2021\/09\/vincent-van-gogh-starry-night-zvezdnata-noc-slika-na-platnu-potato-earters-scaled-e1702592118536.jpg 1843w, https:\/\/svetslik.si\/wp-content\/uploads\/2021\/09\/vincent-van-gogh-starry-night-zvezdnata-noc-slika-na-platnu-potato-earters-scaled-e1702592118536-600x469.jpg 600w, https:\/\/svetslik.si\/wp-content\/uploads\/2021\/09\/vincent-van-gogh-starry-night-zvezdnata-noc-slika-na-platnu-potato-earters-scaled-e1702592118536-1200x938.jpg 1200w\" sizes=\"(max-width: 1843px) 100vw, 1843px\" \/>\t\t\t\t<\/div>\n\t\t\t\t\t\t\t\t\t\t<div class=\"wp-caption-text\">Vincent van Gogh - The potato eaters - k\u00e9zi fest\u00e9s\u0171 reprodukci\u00f3 p\u00e9lda<\/div>\n\t\t\t\t\t\t\t\t<\/div>\n\t<\/div>\n  [\/vc_column][\/vc_row][vc_row css=&#8221;.vc_custom_1674217797940{margin-bottom: 10px !important;}&#8221;][vc_column][=_image cap &#8220;true&#8221; full_width=&#8221;true&#8221; lightbox=&#8221;true&#8221; image=&#8221;50613&#8243; border_radius=&#8221;20px&#8221;][\/et_image][\/vc_column][\/vc_row][vc_row][vc_column][vc_column_text]K\u00e9p &#8220;burgonyaev\u0151k&#8221; Vincent van Gogh k\u00e9sz\u00edtette 1885-ben, \u00e9s a m\u0171v\u00e9sz egyik legfontosabb korai alkot\u00e1sak\u00e9nt tartj\u00e1k sz\u00e1mon. A festm\u00e9ny egy parasztcsal\u00e1dot \u00e1br\u00e1zol, amint le\u00fcl egy egyszer\u0171 krumplival, \u00e9s a hollandiai munk\u00e1soszt\u00e1ly mindennapjait \u00e9s k\u00fczdelmeit \u00e1br\u00e1zolja. A festm\u00e9nyt a s\u00f6t\u00e9t, komor sz\u00ednek haszn\u00e1lata \u00e9s a figur\u00e1k \u00e9s t\u00e1rgyak \u00e9rdes, textur\u00e1lt fel\u00fcleteinek hangs\u00falyoz\u00e1sa jellemzi.<\/p>\n<p>A k\u00e9pen egy \u00f6ttag\u00fa csal\u00e1d l\u00e1that\u00f3 egy asztaln\u00e1l, \u00e9s burgony\u00e1t eszik. A figur\u00e1k durva, textur\u00e1lt fel\u00fcletekkel vannak visszaadva, arcuk er\u0151sen elmos\u00f3dott, ami a kor \u00e9s a f\u00e1radts\u00e1g \u00e9rzet\u00e9t kelti. A k\u00e9pen l\u00e1that\u00f3 sz\u00ednek s\u00f6t\u00e9tek \u00e9s komorak, a barna, a sz\u00fcrke \u00e9s a fekete \u00e1rnyalatai \u00e9rv\u00e9nyes\u00fclnek. A s\u00f6t\u00e9t sz\u00ednek \u00e9s a durva fel\u00fcletek val\u00f3s\u00e1gh\u0171s\u00e9get \u00e9s a paraszti \u00e9let kegyetlens\u00e9g\u00e9t k\u00f6lcs\u00f6nzik a k\u00e9pnek.<\/p>\n<p>A k\u00e9p kompoz\u00edci\u00f3ja is szembet\u0171n\u0151, hiszen az asztal \u00e9s az \u00e1br\u00e1k \u00e1tl\u00f3s vonalai mozg\u00e1s- \u00e9s dinamika\u00e9rzetet keltenek. A k\u00e9pen l\u00e1that\u00f3 figur\u00e1k leegyszer\u0171s\u00edtetten, m\u00e1r-m\u00e1r elvont m\u00f3don vannak \u00e1br\u00e1zolva, elmos\u00f3dnak, torzak, ami mozg\u00e1s- \u00e9s energia\u00e9rzetet kelt. Ez k\u00f6zvetlens\u00e9get k\u00f6lcs\u00f6n\u00f6z a k\u00e9pnek, \u00e9s megragadja a jelenet hangulat\u00e1t \u00e9s atmoszf\u00e9r\u00e1j\u00e1t.<\/p>\n<p>A Burgonyaev\u0151k c\u00edm\u0171 festm\u00e9nyt Van Gogh t\u00e1rsadalmi \u00e9s politikai meggy\u0151z\u0151d\u00e9s\u00e9nek k\u00e9pvisel\u0151jek\u00e9nt tartj\u00e1k sz\u00e1mon. M\u00e9lyen agg\u00f3dott a munk\u00e1soszt\u00e1ly helyzete miatt, \u00e9s m\u0171v\u00e9szet\u00e9vel fel akarta h\u00edvni a figyelmet k\u00fczdelmeikre. A festm\u00e9ny t\u00fckr\u00f6zi v\u00e1gy\u00e1t, hogy megragadja a munk\u00e1soszt\u00e1ly \u00e9let\u00e9nek val\u00f3s\u00e1g\u00e1t, \u00e9s felt\u00e1rja mindennapi k\u00fczdelmeik sz\u00e9ps\u00e9g\u00e9t \u00e9s m\u00e9lt\u00f3s\u00e1g\u00e1t.<\/p>\n<p>A technik\u00e1ban a festm\u00e9ny a s\u00f6t\u00e9t, komor sz\u00ednek, durva, textur\u00e1lt fel\u00fcletek \u00e9s s\u0171r\u0171, j\u00f3l l\u00e1that\u00f3 ecsetvon\u00e1sok haszn\u00e1lat\u00e1r\u00f3l ismerhet\u0151 fel. K\u00fcl\u00f6n\u00f6sen szembe\u00f6tl\u0151 Van Gogh sz\u00ednhaszn\u00e1lata a festm\u00e9nyen. A s\u00f6t\u00e9t sz\u00ednek val\u00f3s\u00e1gh\u0171s\u00e9get \u00e9s a paraszti \u00e9let kegyetlens\u00e9g\u00e9t adj\u00e1k a k\u00e9pnek. A durva, textur\u00e1lt fel\u00fcletek m\u00e9lys\u00e9get \u00e9s dimenzi\u00f3t adnak a k\u00e9pnek, \u00edgy a realizmus igazi remekm\u0171ve.<\/p>\n<p>A &#8220;Krumpliev\u0151k&#8221; c\u00edm\u0171 festm\u00e9nyt van Gogh m\u0171v\u00e9szi \u00e9s t\u00e1rsadalmi meggy\u0151z\u0151d\u00e9s\u00e9nek szimb\u00f3lumak\u00e9nt tartj\u00e1k sz\u00e1mon, \u00e9s egyik legfontosabb korai alkot\u00e1s\u00e1nak tartj\u00e1k. A festm\u00e9ny a vil\u00e1g sz\u00e1mos m\u00fazeum\u00e1ban l\u00e1that\u00f3, k\u00f6zt\u00fck az amszterdami Van Gogh M\u00fazeumban, a New York-i Metropolitan Museum of Artban \u00e9s a londoni Nemzeti Gal\u00e9ri\u00e1ban. A festm\u00e9ny ma is inspir\u00e1lja \u00e9s befoly\u00e1solja a m\u0171v\u00e9szeket, \u00e9s tart\u00f3s n\u00e9pszer\u0171s\u00e9ge bizony\u00edtja van Gogh maradand\u00f3 \u00f6r\u00f6ks\u00e9g\u00e9t, mint a m\u0171v\u00e9szett\u00f6rt\u00e9net egyik legfontosabb alakj\u00e1t.<\/p>\n<p>\u00d6sszefoglalva, a &#8220;Krumpliev\u0151k&#8221; festm\u00e9ny Vincent van Gogh 1885-ben k\u00e9sz\u00edtett festm\u00e9nye, \u00e9s a m\u0171v\u00e9sz egyik legfontosabb korai alkot\u00e1sak\u00e9nt tartj\u00e1k sz\u00e1mon. A festm\u00e9ny egy parasztcsal\u00e1dot \u00e1br\u00e1zol, amint le\u00fcl egy egyszer\u0171 krumpli \u00e9tkez\u00e9shez, \u00f6sszefoglalva a hollandiai munk\u00e1soszt\u00e1ly mindennapjait \u00e9s k\u00fczdelmeit. A festm\u00e9nyre jellemz\u0151 a s\u00f6t\u00e9t, komor sz\u00ednek, durva, textur\u00e1lt fel\u00fcletek haszn\u00e1lata, valamint a festm\u00e9nyen szerepl\u0151 figur\u00e1k, t\u00e1rgyak \u00e9rdes, textur\u00e1lt fel\u00fcleteinek hangs\u00falyoz\u00e1sa. A festm\u00e9nyt Van Gogh t\u00e1rsadalmi \u00e9s politikai meggy\u0151z\u0151d\u00e9s\u00e9nek, valamint a munk\u00e1soszt\u00e1ly \u00e9let\u00e9nek val\u00f3s\u00e1g\u00e1nak megragad\u00e1s\u00e1ra, valamint mindennapi k\u00fczdelmeik sz\u00e9ps\u00e9g\u00e9nek \u00e9s m\u00e9lt\u00f3s\u00e1g\u00e1nak felfed\u00e9s\u00e9re ir\u00e1nyul\u00f3 v\u00e1gy\u00e1nak visszat\u00fckr\u00f6z\u0151d\u00e9s\u00e9nek tekintik. M\u0171v\u00e9szetbar\u00e1tok \u00e9s pM\u00e9g mindig \u00fcnneplik \u00e9s csod\u00e1lj\u00e1k a kov\u00e1csok szerte a vil\u00e1gon, \u00e9s van Gogh m\u0171v\u00e9szi \u00e9s t\u00e1rsadalmi meggy\u0151z\u0151d\u00e9s\u00e9nek val\u00f3di k\u00e9pvisel\u0151je is.[\/vc_column_text][\/vc_column][\/vc_row]\n<\/div>","protected":false},"excerpt":{"rendered":"<p>[vc_row][vc_column][vc_column_text] Vincent Van Gogh \u2013 A burgonyaev\u0151k &nbsp; L\u00e9trehoz\u00e1s \u00e9ve: 1885 Eredeti m\u00e9ret: 114 cm x 82 cm Fest\u00e9si st\u00edlus: Posztimpresszionizmus Eredeti technika: Olaj, v\u00e1szon Helysz\u00edn: Van Gogh M\u00fazeum, Hollandia &nbsp; A A burgonyaev\u0151k v\u00e1szonfestm\u00e9nyt sokan Van Gogh els\u0151 igazi m\u0171alkot\u00e1s\u00e1nak tartj\u00e1k. A m\u0171v\u00e9szi festm\u00e9ny megalkot\u00e1sakor a fest\u0151 m\u00e9g csak [&hellip;]<\/p>\n","protected":false},"featured_media":50179,"template":"","meta":{"_acf_changed":false},"product_brand":[],"product_cat":[7150],"product_tag":[11885,11886,11887,7215],"class_list":{"0":"post-54684","1":"product","2":"type-product","3":"status-publish","4":"has-post-thumbnail","6":"product_cat-vincent-van-gogh-hu","7":"product_tag-painter-hu","8":"product_tag-reproduction","9":"product_tag-reproductions-hu","10":"product_tag-van-gogh-hu","11":"pa_dimenzija-114-x-82-cm","12":"pa_dimenzija-120-x-90-cm","13":"pa_dimenzija-140-x-100-cm","14":"pa_dimenzija-170-x-120-cm","15":"pa_dimenzija-200-x-150-cm","16":"pa_dimenzija-250-x-180-cm","17":"pa_dimenzija-70-x-50-cm","18":"pa_dimenzija-90-x-65-cm","19":"pa_oblika-vizszintes","20":"pa_okvir-nincs-keret","21":"pa_podokvir-igen","22":"pa_podokvir-nem","24":"first","25":"onbackorder","26":"purchasable","27":"product-type-variable","28":"has-default-attributes"},"acf":[],"yoast_head":"<!-- This site is optimized with the Yoast SEO Premium plugin v26.0 (Yoast SEO v27.2) - https:\/\/yoast.com\/product\/yoast-seo-premium-wordpress\/ -->\n<title>Vincent van Gogh - The Potato Eaters - SVETSLIK.SI - 100% k\u00e9zzel festett<\/title>\n<meta name=\"description\" content=\"Vincent van Gogh - The Potato Eaters - 100% k\u00e9zzel festett h\u00edres festm\u00e9nyek reprodukci\u00f3i. Festm\u00e9nyek keretez\u00e9se, elad\u00e1sa \u00e9s egyedi rendel\u00e9sre t\u00f6rt\u00e9n\u0151 v\u00e1szonk\u00e9pek k\u00e9sz\u00edt\u00e9se.\" \/>\n<meta name=\"robots\" content=\"index, follow, max-snippet:-1, max-image-preview:large, max-video-preview:-1\" \/>\n<link rel=\"canonical\" href=\"https:\/\/svetslik.si\/hu\/vincent-van-gogh-hu\/the-potato-eaters\/\" \/>\n<meta property=\"og:locale\" content=\"hu_HU\" \/>\n<meta property=\"og:type\" content=\"article\" \/>\n<meta property=\"og:title\" content=\"Vincent van Gogh - The Potato Eaters\" \/>\n<meta property=\"og:description\" content=\"100% ro\u010dno naslikane slike na platnu, reprodukcije znanih slikarjev in umetni\u0161ke slike po naro\u010dilu.\" \/>\n<meta property=\"og:url\" content=\"https:\/\/svetslik.si\/hu\/vincent-van-gogh-hu\/the-potato-eaters\/\" \/>\n<meta property=\"og:site_name\" content=\"SVETSLIK.SI\" \/>\n<meta property=\"article:publisher\" content=\"https:\/\/www.facebook.com\/svetslik.si\" \/>\n<meta property=\"article:modified_time\" content=\"2026-03-22T20:58:32+00:00\" \/>\n<meta property=\"og:image\" content=\"https:\/\/svetslik.si\/wp-content\/uploads\/2021\/08\/image_The-Potato-Eaters-Van-Gogh_680-scaled.jpg\" \/>\n\t<meta property=\"og:image:width\" content=\"2560\" \/>\n\t<meta property=\"og:image:height\" content=\"1819\" \/>\n\t<meta property=\"og:image:type\" content=\"image\/jpeg\" \/>\n<meta name=\"twitter:card\" content=\"summary_large_image\" \/>\n<meta name=\"twitter:site\" content=\"@svetslik\" \/>\n<meta name=\"twitter:label1\" content=\"El\u00e9rhet\u0151s\u00e9g\" \/>\n\t<meta name=\"twitter:data1\" content=\"Beszerz\u00e9s alatt\" \/>\n<script type=\"application\/ld+json\" class=\"yoast-schema-graph\">{\"@context\":\"https:\/\/schema.org\",\"@graph\":[{\"@type\":[\"WebPage\",\"ItemPage\"],\"@id\":\"https:\/\/svetslik.si\/hu\/vincent-van-gogh-hu\/the-potato-eaters\/\",\"url\":\"https:\/\/svetslik.si\/hu\/vincent-van-gogh-hu\/the-potato-eaters\/\",\"name\":\"Vincent van Gogh - The Potato Eaters - SVETSLIK.SI - 100% k\u00e9zzel festett\",\"isPartOf\":{\"@id\":\"https:\/\/svetslik.si\/hu\/#website\"},\"primaryImageOfPage\":{\"@id\":\"https:\/\/svetslik.si\/hu\/vincent-van-gogh-hu\/the-potato-eaters\/#primaryimage\"},\"image\":{\"@id\":\"https:\/\/svetslik.si\/hu\/vincent-van-gogh-hu\/the-potato-eaters\/#primaryimage\"},\"thumbnailUrl\":\"https:\/\/svetslik.si\/wp-content\/uploads\/2021\/08\/image_The-Potato-Eaters-Van-Gogh_680-scaled.jpg\",\"datePublished\":\"2021-09-02T16:06:07+00:00\",\"dateModified\":\"2026-03-22T20:58:32+00:00\",\"description\":\"Vincent van Gogh - The Potato Eaters - 100% k\u00e9zzel festett h\u00edres festm\u00e9nyek reprodukci\u00f3i. Festm\u00e9nyek keretez\u00e9se, elad\u00e1sa \u00e9s egyedi rendel\u00e9sre t\u00f6rt\u00e9n\u0151 v\u00e1szonk\u00e9pek k\u00e9sz\u00edt\u00e9se.\",\"breadcrumb\":{\"@id\":\"https:\/\/svetslik.si\/hu\/vincent-van-gogh-hu\/the-potato-eaters\/#breadcrumb\"},\"inLanguage\":\"hu\",\"potentialAction\":[{\"@type\":\"ReadAction\",\"target\":[\"https:\/\/svetslik.si\/hu\/vincent-van-gogh-hu\/the-potato-eaters\/\"]}]},{\"@type\":\"ImageObject\",\"inLanguage\":\"hu\",\"@id\":\"https:\/\/svetslik.si\/hu\/vincent-van-gogh-hu\/the-potato-eaters\/#primaryimage\",\"url\":\"https:\/\/svetslik.si\/wp-content\/uploads\/2021\/08\/image_The-Potato-Eaters-Van-Gogh_680-scaled.jpg\",\"contentUrl\":\"https:\/\/svetslik.si\/wp-content\/uploads\/2021\/08\/image_The-Potato-Eaters-Van-Gogh_680-scaled.jpg\",\"width\":2560,\"height\":1819,\"caption\":\"Vincent Van Gogh - The Potato Eaters (A krumpli ev\u0151k) - Vazonk\u00e9p, festm\u00e9nyek, reprodukci\u00f3\"},{\"@type\":\"BreadcrumbList\",\"@id\":\"https:\/\/svetslik.si\/hu\/vincent-van-gogh-hu\/the-potato-eaters\/#breadcrumb\",\"itemListElement\":[{\"@type\":\"ListItem\",\"position\":1,\"name\":\"Wall art and paintings on canvas\",\"item\":\"https:\/\/svetslik.si\/hu\/\"},{\"@type\":\"ListItem\",\"position\":2,\"name\":\"Festm\u00e9nyek elad\u00e1sa\",\"item\":\"https:\/\/svetslik.si\/prodaja-slik\/\"},{\"@type\":\"ListItem\",\"position\":3,\"name\":\"Vincent van Gogh &#8211; The Potato Eaters\"}]},{\"@type\":\"WebSite\",\"@id\":\"https:\/\/svetslik.si\/hu\/#website\",\"url\":\"https:\/\/svetslik.si\/hu\/\",\"name\":\"SVETSLIK.SI\",\"description\":\"100%-ban k\u00e9zzel festett reprodukci\u00f3k h\u00edres fest\u0151k festm\u00e9nyeir\u0151l \u00e9s festm\u00e9nyekr\u0151l v\u00e1szonra.\",\"publisher\":{\"@id\":\"https:\/\/svetslik.si\/hu\/#organization\"},\"potentialAction\":[{\"@type\":\"SearchAction\",\"target\":{\"@type\":\"EntryPoint\",\"urlTemplate\":\"https:\/\/svetslik.si\/hu\/?s={search_term_string}\"},\"query-input\":{\"@type\":\"PropertyValueSpecification\",\"valueRequired\":true,\"valueName\":\"search_term_string\"}}],\"inLanguage\":\"hu\"},{\"@type\":\"Organization\",\"@id\":\"https:\/\/svetslik.si\/hu\/#organization\",\"name\":\"SvetSlik.si\",\"url\":\"https:\/\/svetslik.si\/hu\/\",\"logo\":{\"@type\":\"ImageObject\",\"inLanguage\":\"hu\",\"@id\":\"https:\/\/svetslik.si\/hu\/#\/schema\/logo\/image\/\",\"url\":\"https:\/\/svetslik.si\/wp-content\/uploads\/2020\/12\/logo-512.png\",\"contentUrl\":\"https:\/\/svetslik.si\/wp-content\/uploads\/2020\/12\/logo-512.png\",\"width\":512,\"height\":512,\"caption\":\"SvetSlik.si\"},\"image\":{\"@id\":\"https:\/\/svetslik.si\/hu\/#\/schema\/logo\/image\/\"},\"sameAs\":[\"https:\/\/www.facebook.com\/svetslik.si\",\"https:\/\/x.com\/svetslik\",\"https:\/\/www.instagram.com\/svetslik.si\/\",\"https:\/\/www.linkedin.com\/company\/svetslik-si\"]}]}<\/script>\n<meta property=\"og:availability\" content=\"backorder\" \/>\n<meta property=\"product:availability\" content=\"available for order\" \/>\n<meta property=\"product:retailer_item_id\" content=\"405__\" \/>\n<meta property=\"product:condition\" content=\"new\" \/>\n<!-- \/ Yoast SEO Premium plugin. -->","yoast_head_json":{"title":"Vincent van Gogh - The Potato Eaters - SVETSLIK.SI - 100% k\u00e9zzel festett","description":"Vincent van Gogh - The Potato Eaters - 100% k\u00e9zzel festett h\u00edres festm\u00e9nyek reprodukci\u00f3i. Festm\u00e9nyek keretez\u00e9se, elad\u00e1sa \u00e9s egyedi rendel\u00e9sre t\u00f6rt\u00e9n\u0151 v\u00e1szonk\u00e9pek k\u00e9sz\u00edt\u00e9se.","robots":{"index":"index","follow":"follow","max-snippet":"max-snippet:-1","max-image-preview":"max-image-preview:large","max-video-preview":"max-video-preview:-1"},"canonical":"https:\/\/svetslik.si\/hu\/vincent-van-gogh-hu\/the-potato-eaters\/","og_locale":"hu_HU","og_type":"article","og_title":"Vincent van Gogh - The Potato Eaters","og_description":"100% ro\u010dno naslikane slike na platnu, reprodukcije znanih slikarjev in umetni\u0161ke slike po naro\u010dilu.","og_url":"https:\/\/svetslik.si\/hu\/vincent-van-gogh-hu\/the-potato-eaters\/","og_site_name":"SVETSLIK.SI","article_publisher":"https:\/\/www.facebook.com\/svetslik.si","article_modified_time":"2026-03-22T20:58:32+00:00","og_image":[{"width":2560,"height":1819,"url":"https:\/\/svetslik.si\/wp-content\/uploads\/2021\/08\/image_The-Potato-Eaters-Van-Gogh_680-scaled.jpg","type":"image\/jpeg"}],"twitter_card":"summary_large_image","twitter_site":"@svetslik","twitter_misc":{"El\u00e9rhet\u0151s\u00e9g":"Beszerz\u00e9s alatt"},"schema":{"@context":"https:\/\/schema.org","@graph":[{"@type":["WebPage","ItemPage"],"@id":"https:\/\/svetslik.si\/hu\/vincent-van-gogh-hu\/the-potato-eaters\/","url":"https:\/\/svetslik.si\/hu\/vincent-van-gogh-hu\/the-potato-eaters\/","name":"Vincent van Gogh - The Potato Eaters - SVETSLIK.SI - 100% k\u00e9zzel festett","isPartOf":{"@id":"https:\/\/svetslik.si\/hu\/#website"},"primaryImageOfPage":{"@id":"https:\/\/svetslik.si\/hu\/vincent-van-gogh-hu\/the-potato-eaters\/#primaryimage"},"image":{"@id":"https:\/\/svetslik.si\/hu\/vincent-van-gogh-hu\/the-potato-eaters\/#primaryimage"},"thumbnailUrl":"https:\/\/svetslik.si\/wp-content\/uploads\/2021\/08\/image_The-Potato-Eaters-Van-Gogh_680-scaled.jpg","datePublished":"2021-09-02T16:06:07+00:00","dateModified":"2026-03-22T20:58:32+00:00","description":"Vincent van Gogh - The Potato Eaters - 100% k\u00e9zzel festett h\u00edres festm\u00e9nyek reprodukci\u00f3i. Festm\u00e9nyek keretez\u00e9se, elad\u00e1sa \u00e9s egyedi rendel\u00e9sre t\u00f6rt\u00e9n\u0151 v\u00e1szonk\u00e9pek k\u00e9sz\u00edt\u00e9se.","breadcrumb":{"@id":"https:\/\/svetslik.si\/hu\/vincent-van-gogh-hu\/the-potato-eaters\/#breadcrumb"},"inLanguage":"hu","potentialAction":[{"@type":"ReadAction","target":["https:\/\/svetslik.si\/hu\/vincent-van-gogh-hu\/the-potato-eaters\/"]}]},{"@type":"ImageObject","inLanguage":"hu","@id":"https:\/\/svetslik.si\/hu\/vincent-van-gogh-hu\/the-potato-eaters\/#primaryimage","url":"https:\/\/svetslik.si\/wp-content\/uploads\/2021\/08\/image_The-Potato-Eaters-Van-Gogh_680-scaled.jpg","contentUrl":"https:\/\/svetslik.si\/wp-content\/uploads\/2021\/08\/image_The-Potato-Eaters-Van-Gogh_680-scaled.jpg","width":2560,"height":1819,"caption":"Vincent Van Gogh - The Potato Eaters (A krumpli ev\u0151k) - Vazonk\u00e9p, festm\u00e9nyek, reprodukci\u00f3"},{"@type":"BreadcrumbList","@id":"https:\/\/svetslik.si\/hu\/vincent-van-gogh-hu\/the-potato-eaters\/#breadcrumb","itemListElement":[{"@type":"ListItem","position":1,"name":"Wall art and paintings on canvas","item":"https:\/\/svetslik.si\/hu\/"},{"@type":"ListItem","position":2,"name":"Festm\u00e9nyek elad\u00e1sa","item":"https:\/\/svetslik.si\/prodaja-slik\/"},{"@type":"ListItem","position":3,"name":"Vincent van Gogh &#8211; The Potato Eaters"}]},{"@type":"WebSite","@id":"https:\/\/svetslik.si\/hu\/#website","url":"https:\/\/svetslik.si\/hu\/","name":"SVETSLIK.SI","description":"100%-ban k\u00e9zzel festett reprodukci\u00f3k h\u00edres fest\u0151k festm\u00e9nyeir\u0151l \u00e9s festm\u00e9nyekr\u0151l v\u00e1szonra.","publisher":{"@id":"https:\/\/svetslik.si\/hu\/#organization"},"potentialAction":[{"@type":"SearchAction","target":{"@type":"EntryPoint","urlTemplate":"https:\/\/svetslik.si\/hu\/?s={search_term_string}"},"query-input":{"@type":"PropertyValueSpecification","valueRequired":true,"valueName":"search_term_string"}}],"inLanguage":"hu"},{"@type":"Organization","@id":"https:\/\/svetslik.si\/hu\/#organization","name":"SvetSlik.si","url":"https:\/\/svetslik.si\/hu\/","logo":{"@type":"ImageObject","inLanguage":"hu","@id":"https:\/\/svetslik.si\/hu\/#\/schema\/logo\/image\/","url":"https:\/\/svetslik.si\/wp-content\/uploads\/2020\/12\/logo-512.png","contentUrl":"https:\/\/svetslik.si\/wp-content\/uploads\/2020\/12\/logo-512.png","width":512,"height":512,"caption":"SvetSlik.si"},"image":{"@id":"https:\/\/svetslik.si\/hu\/#\/schema\/logo\/image\/"},"sameAs":["https:\/\/www.facebook.com\/svetslik.si","https:\/\/x.com\/svetslik","https:\/\/www.instagram.com\/svetslik.si\/","https:\/\/www.linkedin.com\/company\/svetslik-si"]}]},"og_availability":"backorder","product_availability":"available for order","product_retailer_item_id":"405__","product_condition":"new"},"jetpack_sharing_enabled":true,"_links":{"self":[{"href":"https:\/\/svetslik.si\/hu\/wp-json\/wp\/v2\/product\/54684","targetHints":{"allow":["GET"]}}],"collection":[{"href":"https:\/\/svetslik.si\/hu\/wp-json\/wp\/v2\/product"}],"about":[{"href":"https:\/\/svetslik.si\/hu\/wp-json\/wp\/v2\/types\/product"}],"wp:featuredmedia":[{"embeddable":true,"href":"https:\/\/svetslik.si\/hu\/wp-json\/wp\/v2\/media\/50179"}],"wp:attachment":[{"href":"https:\/\/svetslik.si\/hu\/wp-json\/wp\/v2\/media?parent=54684"}],"wp:term":[{"taxonomy":"product_brand","embeddable":true,"href":"https:\/\/svetslik.si\/hu\/wp-json\/wp\/v2\/product_brand?post=54684"},{"taxonomy":"product_cat","embeddable":true,"href":"https:\/\/svetslik.si\/hu\/wp-json\/wp\/v2\/product_cat?post=54684"},{"taxonomy":"product_tag","embeddable":true,"href":"https:\/\/svetslik.si\/hu\/wp-json\/wp\/v2\/product_tag?post=54684"}],"curies":[{"name":"wp","href":"https:\/\/api.w.org\/{rel}","templated":true}]}}