{"id":54702,"date":"2021-09-02T18:06:22","date_gmt":"2021-09-02T16:06:22","guid":{"rendered":"https:\/\/svetslik.si\/nem-kategorizalt\/the-night-cafe\/"},"modified":"2026-03-22T21:59:13","modified_gmt":"2026-03-22T20:59:13","slug":"the-night-cafe","status":"publish","type":"product","link":"https:\/\/svetslik.si\/hu\/vincent-van-gogh-hu\/the-night-cafe\/","title":{"rendered":"Vincent van Gogh &#8211; The Night Caf\u00e9"},"content":{"rendered":"<h1>Vincent Van Gogh \u2013 Az \u00e9jszakai k\u00e1v\u00e9z\u00f3<\/h1>\n<p>&nbsp;<\/p>\n<table style=\"width: 497px\" border=\"0\" width=\"497\" cellpadding=\"0\">\n<tbody>\n<tr>\n<td style=\"width: 155px;height: 21px\" height=\"21\">L\u00e9trehoz\u00e1s \u00e9ve:<\/td>\n<td style=\"width: 343px\">1888<\/td>\n<\/tr>\n<tr>\n<td style=\"width: 155px;height: 21px\" height=\"21\">Eredeti m\u00e9ret:<\/td>\n<td style=\"width: 343px\">92,1 cm x 72,4 cm<\/td>\n<\/tr>\n<tr>\n<td style=\"width: 155px;height: 21px\" height=\"21\">Fest\u00e9si st\u00edlus:<\/td>\n<td style=\"width: 343px\">Posztimpresszionizmus<\/td>\n<\/tr>\n<tr>\n<td style=\"width: 155px;height: 21px\" height=\"21\">Eredeti technika:<\/td>\n<td style=\"width: 343px\">Olaj, v\u00e1szon<\/td>\n<\/tr>\n<tr>\n<td style=\"width: 155px;height: 21px\" height=\"21\">Helysz\u00edn:<\/td>\n<td style=\"width: 343px\">Yale Egyetem M\u0171v\u00e9szeti Gal\u00e9ri\u00e1ja, New Haven, USA<\/td>\n<\/tr>\n<\/tbody>\n<colgroup>\n<col \/>\n<col \/> <\/colgroup>\n<\/table>\n<p>&nbsp;<\/p>\n<div>A <em>The Night Caf\u00e9<\/em> k\u00e9pe egy arles-i k\u00e1v\u00e9z\u00f3 belsej\u00e9t mutatja, a k\u00e9p h\u00e1tter\u00e9ben f\u00e9lig \u00e1rny\u00e9kolt ajt\u00f3val, amely feltehet\u0151en mag\u00e1nnegyedekbe vezet. \u00d6t \u00fcgyf\u00e9l \u00fcl a falak mellett balra \u00e9s jobbra az asztalokn\u00e1l, \u00e9s a k\u00e9pen egy f\u00e9nyes \u00f6lt\u00f6ny\u0171 pinc\u00e9r is l\u00e1that\u00f3, aki a szeml\u00e9l\u0151t b\u00e1mulja.<\/div>\n<div>A festm\u00e9nyen Van Gogh kontrasztos er\u0151s sz\u00edneket haszn\u00e1lt; a mennyezetet z\u00f6ld \u00e1rnyalatokkal, a falak fels\u0151 r\u00e9sz\u00e9t pirosra, a l\u00e1mp\u00e1kat \u00e9s a padl\u00f3t pedig t\u00f6bbnyire s\u00e1rg\u00e1ra festette. Ezt a festm\u00e9nyt vastag fest\u00e9kfelvitel jellemzi, a h\u00e1tt\u00e9rben sok vonallal a helyis\u00e9gben, amely az ajt\u00f3hoz vezet. A k\u00e9p perspekt\u00edv\u00e1ja kiss\u00e9 lefel\u00e9 d\u0151l.<\/div>\n<div><\/div>\n<div>\n<p>Vincent van Gogh &#8220;Night Cafe&#8221; c\u00edm\u0171 m\u0171v\u00e9t 1888-ban hozt\u00e1k l\u00e9tre, \u00e9s a m\u0171v\u00e9sz p\u00e1lyafut\u00e1s\u00e1nak egyik legikonikusabb alkot\u00e1sak\u00e9nt tartj\u00e1k sz\u00e1mon. A festm\u00e9ny egy k\u00e1v\u00e9z\u00f3t mutat be a d\u00e9l-franciaorsz\u00e1gi Arles v\u00e1ros\u00e1ban, ahol van Gogh \u00e9lt egy ideig, \u00e9s k\u00e9sz\u00edtette legh\u00edresebb munk\u00e1it. Az \u00e9jszakai k\u00e1v\u00e9z\u00f3 a f\u00e9ny \u00e9s a sz\u00edn mesteri \u00e1br\u00e1zol\u00e1sa, megragadva egy \u00e9jszakai k\u00e1v\u00e9z\u00f3 hangulat\u00e1t \u00e9s hangulat\u00e1t.<\/p>\n<p>A Night Cafe egy festm\u00e9ny, amelyet intenz\u00edv \u00e9s \u00e9rzelmes sz\u00ednhaszn\u00e1lat jellemez. Van Gogh a v\u00f6r\u00f6sek, s\u00e1rg\u00e1k \u00e9s z\u00f6ldek meglep\u0151 palett\u00e1j\u00e1t haszn\u00e1lja, hogy melegs\u00e9get \u00e9s energi\u00e1t keltsen a k\u00e1v\u00e9z\u00f3ban. A piros falak \u00e9s a z\u00f6ld bili\u00e1rdasztal k\u00fcl\u00f6n\u00f6sen szembet\u0171n\u0151, \u00e9s mozg\u00e1s- \u00e9s energia\u00e9rzetet ad a k\u00e9pnek. A mennyezetr\u0151l besz\u0171r\u0151d\u0151 s\u00e1rga f\u00e9ny megvil\u00e1gosod\u00e1st kelt, \u00e9s kiemeli a k\u00e1v\u00e9z\u00f3ban foly\u00f3 tev\u00e9kenys\u00e9get.<\/p>\n<p>A k\u00e9p kompoz\u00edci\u00f3ja is szembet\u0171n\u0151, hiszen az asztalok \u00e9s a bili\u00e1rdasztalok \u00e1tl\u00f3s vonalai mozg\u00e1s- \u00e9s dinamizmust keltenek. A k\u00e9pen l\u00e1that\u00f3 figur\u00e1k leegyszer\u0171s\u00edtetten, m\u00e1r-m\u00e1r elvont m\u00f3don vannak \u00e1br\u00e1zolva, elmos\u00f3dnak, torzak, ami mozg\u00e1s- \u00e9s energia\u00e9rzetet kelt. Ez egyfajta k\u00f6zvetlens\u00e9get k\u00f6lcs\u00f6n\u00f6z a k\u00e9pnek, \u00e9s megragadja az \u00e9jszakai k\u00e1v\u00e9z\u00f3 hangulat\u00e1t \u00e9s hangulat\u00e1t.<\/p>\n<p>A Night Cafe egy festm\u00e9ny, amelyr\u0151l van Gogh akkori \u00e9rzelmi \u00e1llapot\u00e1t reprezent\u00e1lja. \u00c9rzelmi intenzit\u00e1s\u00e1r\u00f3l \u00e9s a ment\u00e1lis eg\u00e9szs\u00e9ggel val\u00f3 k\u00fczdelm\u00e9r\u0151l volt ismert, \u00e9s a festm\u00e9nyt \u00e9rzelmi zavarodotts\u00e1g\u00e1nak, a vil\u00e1g sz\u00e9ps\u00e9ge \u00e9s \u00e9rtelm\u00e9nek keres\u00e9se, valamint a kapcsolat \u00e9s a meg\u00e9rt\u00e9s ut\u00e1ni v\u00e1gya t\u00fckr\u00f6zi.<\/p>\n<p>A technik\u00e1ban a festm\u00e9ny az \u00e9l\u00e9nk, kontrasztos sz\u00ednek \u00e9s a s\u0171r\u0171, j\u00f3l l\u00e1that\u00f3 ecsetvon\u00e1sok haszn\u00e1lat\u00e1r\u00f3l ismerhet\u0151 fel. K\u00fcl\u00f6n\u00f6sen szembe\u00f6tl\u0151 Van Gogh sz\u00ednhaszn\u00e1lata a festm\u00e9nyen. A piros, s\u00e1rga \u00e9s z\u00f6ld sz\u00ednek kontrasztot alkotnak egym\u00e1ssal, mozg\u00e1s \u00e9s energia \u00e9rzetet keltve. A s\u0171r\u0171 ecsetvon\u00e1sok text\u00far\u00e1t \u00e9s m\u00e9lys\u00e9get adnak a festm\u00e9nynek, \u00edgy a festm\u00e9ny a posztimpresszionizmus igazi remekm\u0171ve.<\/p>\n<p>&#8220;A Night Caf\u00e9t Van Gogh m\u0171v\u00e9szi hagyat\u00e9k\u00e1nak szimb\u00f3lumak\u00e9nt tartj\u00e1k sz\u00e1mon, \u00e9s az egyik legikonikusabb alkot\u00e1sak\u00e9nt tartj\u00e1k sz\u00e1mon. A vil\u00e1g sz\u00e1mos m\u00fazeum\u00e1ban l\u00e1that\u00f3, k\u00f6zt\u00fck az amszterdami Van Gogh M\u00fazeumban, a New York-i Metropolitan M\u0171v\u00e9szeti M\u00fazeumban \u00e9s A londoni Nemzeti Gal\u00e9ria tov\u00e1bbra is inspir\u00e1lja \u00e9s befoly\u00e1solja a m\u0171v\u00e9szeket, \u00e9s tart\u00f3s n\u00e9pszer\u0171s\u00e9ge bizony\u00edtja, hogy van Gogh a m\u0171v\u00e9szet t\u00f6rt\u00e9net\u00e9nek egyik legfontosabb alakja maradand\u00f3 \u00f6r\u00f6ks\u00e9ge.<\/p>\n<p>V\u00e9gezet\u00fcl hadd mondjam el, hogy Vincent van Gogh 1888-ban k\u00e9sz\u00edtett &#8220;Night Cafe&#8221; c\u00edm\u0171 festm\u00e9nye a m\u0171v\u00e9sz p\u00e1lyafut\u00e1s\u00e1nak egyik legikonikusabb alkot\u00e1sa volt. A festm\u00e9ny egy k\u00e1v\u00e9z\u00f3t \u00e1br\u00e1zol Arles v\u00e1ros\u00e1ban, \u00e9s mesteri f\u00e9ny- \u00e9s sz\u00edn\u00e1br\u00e1zol\u00e1s, amely megragadja az \u00e9jszakai k\u00e1v\u00e9z\u00f3 hangulat\u00e1t \u00e9s hangulat\u00e1t. Az intenz\u00edv sz\u00ednhaszn\u00e1latnak \u00e9s a dinamikus kompoz\u00edci\u00f3nak, valamint az \u00e9rzelmes ecsetvon\u00e1soknak k\u00f6sz\u00f6nhet\u0151en ez a posztimpresszionizmus igazi remeke. A festm\u00e9nyt Van Gogh akkori \u00e9rzelmi \u00e1llapot\u00e1nak, a ment\u00e1lis eg\u00e9szs\u00e9ggel val\u00f3 k\u00fczdelm\u00e9nek, valamint a vil\u00e1g sz\u00e9ps\u00e9ge \u00e9s \u00e9rtelme ut\u00e1ni keres\u00e9s\u00e9nek is tekintik. A &#8220;The Night Cafe&#8221; c\u00edm\u0171 festm\u00e9nyt m\u00e9g mindig \u00fcnneplik \u00e9s csod\u00e1lj\u00e1k a m\u0171v\u00e9szet szerelmesei \u00e9s szak\u00e9rt\u0151i szerte a vil\u00e1gon, \u00e9s van Gogh tart\u00f3s m\u0171v\u00e9szi \u00f6r\u00f6ks\u00e9g\u00e9nek val\u00f3di reprezent\u00e1ci\u00f3ja. A vil\u00e1g sz\u00e1mos m\u00fazeum\u00e1ban megtal\u00e1lhat\u00f3, \u00e9s mindenkinek k\u00f6telez\u0151 l\u00e1tnia, aki \u00e9rdekl\u0151dik Vincent Van Gogh m\u0171v\u00e9szete \u00e9s a posztimpresszionizmus ir\u00e1nt.<\/p>\n<\/div>\n<div><\/div>\n","protected":false},"excerpt":{"rendered":"<p>Vincent Van Gogh \u2013 Az \u00e9jszakai k\u00e1v\u00e9z\u00f3 &nbsp; L\u00e9trehoz\u00e1s \u00e9ve: 1888 Eredeti m\u00e9ret: 92,1 cm x 72,4 cm Fest\u00e9si st\u00edlus: Posztimpresszionizmus Eredeti technika: Olaj, v\u00e1szon Helysz\u00edn: Yale Egyetem M\u0171v\u00e9szeti Gal\u00e9ri\u00e1ja, New Haven, USA &nbsp; A The Night Caf\u00e9 k\u00e9pe egy arles-i k\u00e1v\u00e9z\u00f3 belsej\u00e9t mutatja, a k\u00e9p h\u00e1tter\u00e9ben f\u00e9lig \u00e1rny\u00e9kolt ajt\u00f3val, [&hellip;]<\/p>\n","protected":false},"featured_media":50175,"template":"","meta":{"_acf_changed":false},"product_brand":[],"product_cat":[7150],"product_tag":[11885,11886,11887,7215],"class_list":{"0":"post-54702","1":"product","2":"type-product","3":"status-publish","4":"has-post-thumbnail","6":"product_cat-vincent-van-gogh-hu","7":"product_tag-painter-hu","8":"product_tag-reproduction","9":"product_tag-reproductions-hu","10":"product_tag-van-gogh-hu","11":"pa_dimenzija-100-x-80-cm-hu","12":"pa_dimenzija-120-x-100-cm-hu","13":"pa_dimenzija-150-x-120-cm-hu","14":"pa_dimenzija-50-x-40-cm-hu","15":"pa_dimenzija-60-x-50-cm-hu","16":"pa_dimenzija-70-x-55-cm-hu","17":"pa_dimenzija-80-x-60-cm-hu","18":"pa_dimenzija-92-x-72-cm-hu","19":"pa_oblika-vizszintes","20":"pa_okvir-nincs-keret","21":"pa_podokvir-igen","22":"pa_podokvir-nem","24":"first","25":"onbackorder","26":"purchasable","27":"product-type-variable","28":"has-default-attributes"},"acf":[],"yoast_head":"<!-- This site is optimized with the Yoast SEO Premium plugin v26.0 (Yoast SEO v27.2) - https:\/\/yoast.com\/product\/yoast-seo-premium-wordpress\/ -->\n<title>Vincent van Gogh - The Night Caf\u00e9 - SVETSLIK.SI - 100% k\u00e9zzel festett<\/title>\n<meta name=\"description\" content=\"Vincent van Gogh - The Night Caf\u00e9 - 100% k\u00e9zzel festett h\u00edres festm\u00e9nyek reprodukci\u00f3i. Festm\u00e9nyek keretez\u00e9se, elad\u00e1sa \u00e9s egyedi rendel\u00e9sre t\u00f6rt\u00e9n\u0151 v\u00e1szonk\u00e9pek k\u00e9sz\u00edt\u00e9se.\" \/>\n<meta name=\"robots\" content=\"index, follow, max-snippet:-1, max-image-preview:large, max-video-preview:-1\" \/>\n<link rel=\"canonical\" href=\"https:\/\/svetslik.si\/hu\/vincent-van-gogh-hu\/the-night-cafe\/\" \/>\n<meta property=\"og:locale\" content=\"hu_HU\" \/>\n<meta property=\"og:type\" content=\"article\" \/>\n<meta property=\"og:title\" content=\"Vincent van Gogh - The Night Caf\u00e9\" \/>\n<meta property=\"og:description\" content=\"100% ro\u010dno naslikane slike na platnu, reprodukcije znanih slikarjev in umetni\u0161ke slike po naro\u010dilu.\" \/>\n<meta property=\"og:url\" content=\"https:\/\/svetslik.si\/hu\/vincent-van-gogh-hu\/the-night-cafe\/\" \/>\n<meta property=\"og:site_name\" content=\"SVETSLIK.SI\" \/>\n<meta property=\"article:publisher\" content=\"https:\/\/www.facebook.com\/svetslik.si\" \/>\n<meta property=\"article:modified_time\" content=\"2026-03-22T20:59:13+00:00\" \/>\n<meta property=\"og:image\" content=\"https:\/\/svetslik.si\/wp-content\/uploads\/2021\/08\/image_The-Night-Cafe-Van-Gogh_680.jpg\" \/>\n\t<meta property=\"og:image:width\" content=\"1800\" \/>\n\t<meta property=\"og:image:height\" content=\"1424\" \/>\n\t<meta property=\"og:image:type\" content=\"image\/jpeg\" \/>\n<meta name=\"twitter:card\" content=\"summary_large_image\" \/>\n<meta name=\"twitter:site\" content=\"@svetslik\" \/>\n<meta name=\"twitter:label1\" content=\"El\u00e9rhet\u0151s\u00e9g\" \/>\n\t<meta name=\"twitter:data1\" content=\"Beszerz\u00e9s alatt\" \/>\n<script type=\"application\/ld+json\" class=\"yoast-schema-graph\">{\"@context\":\"https:\/\/schema.org\",\"@graph\":[{\"@type\":[\"WebPage\",\"ItemPage\"],\"@id\":\"https:\/\/svetslik.si\/hu\/vincent-van-gogh-hu\/the-night-cafe\/\",\"url\":\"https:\/\/svetslik.si\/hu\/vincent-van-gogh-hu\/the-night-cafe\/\",\"name\":\"Vincent van Gogh - The Night Caf\u00e9 - SVETSLIK.SI - 100% k\u00e9zzel festett\",\"isPartOf\":{\"@id\":\"https:\/\/svetslik.si\/hu\/#website\"},\"primaryImageOfPage\":{\"@id\":\"https:\/\/svetslik.si\/hu\/vincent-van-gogh-hu\/the-night-cafe\/#primaryimage\"},\"image\":{\"@id\":\"https:\/\/svetslik.si\/hu\/vincent-van-gogh-hu\/the-night-cafe\/#primaryimage\"},\"thumbnailUrl\":\"https:\/\/svetslik.si\/wp-content\/uploads\/2021\/08\/image_The-Night-Cafe-Van-Gogh_680.jpg\",\"datePublished\":\"2021-09-02T16:06:22+00:00\",\"dateModified\":\"2026-03-22T20:59:13+00:00\",\"description\":\"Vincent van Gogh - The Night Caf\u00e9 - 100% k\u00e9zzel festett h\u00edres festm\u00e9nyek reprodukci\u00f3i. Festm\u00e9nyek keretez\u00e9se, elad\u00e1sa \u00e9s egyedi rendel\u00e9sre t\u00f6rt\u00e9n\u0151 v\u00e1szonk\u00e9pek k\u00e9sz\u00edt\u00e9se.\",\"breadcrumb\":{\"@id\":\"https:\/\/svetslik.si\/hu\/vincent-van-gogh-hu\/the-night-cafe\/#breadcrumb\"},\"inLanguage\":\"hu\",\"potentialAction\":[{\"@type\":\"ReadAction\",\"target\":[\"https:\/\/svetslik.si\/hu\/vincent-van-gogh-hu\/the-night-cafe\/\"]}]},{\"@type\":\"ImageObject\",\"inLanguage\":\"hu\",\"@id\":\"https:\/\/svetslik.si\/hu\/vincent-van-gogh-hu\/the-night-cafe\/#primaryimage\",\"url\":\"https:\/\/svetslik.si\/wp-content\/uploads\/2021\/08\/image_The-Night-Cafe-Van-Gogh_680.jpg\",\"contentUrl\":\"https:\/\/svetslik.si\/wp-content\/uploads\/2021\/08\/image_The-Night-Cafe-Van-Gogh_680.jpg\",\"width\":1800,\"height\":1424,\"caption\":\"Vincent Van Gogh - The Night Caf\u00e9 (Az \u00e9jjeli k\u00e1v\u00e9z\u00f3) - Vazonk\u00e9p, festm\u00e9nyek, reprodukci\u00f3\"},{\"@type\":\"BreadcrumbList\",\"@id\":\"https:\/\/svetslik.si\/hu\/vincent-van-gogh-hu\/the-night-cafe\/#breadcrumb\",\"itemListElement\":[{\"@type\":\"ListItem\",\"position\":1,\"name\":\"Wall art and paintings on canvas\",\"item\":\"https:\/\/svetslik.si\/hu\/\"},{\"@type\":\"ListItem\",\"position\":2,\"name\":\"Festm\u00e9nyek elad\u00e1sa\",\"item\":\"https:\/\/svetslik.si\/prodaja-slik\/\"},{\"@type\":\"ListItem\",\"position\":3,\"name\":\"Vincent van Gogh &#8211; The Night Caf\u00e9\"}]},{\"@type\":\"WebSite\",\"@id\":\"https:\/\/svetslik.si\/hu\/#website\",\"url\":\"https:\/\/svetslik.si\/hu\/\",\"name\":\"SVETSLIK.SI\",\"description\":\"100%-ban k\u00e9zzel festett reprodukci\u00f3k h\u00edres fest\u0151k festm\u00e9nyeir\u0151l \u00e9s festm\u00e9nyekr\u0151l v\u00e1szonra.\",\"publisher\":{\"@id\":\"https:\/\/svetslik.si\/hu\/#organization\"},\"potentialAction\":[{\"@type\":\"SearchAction\",\"target\":{\"@type\":\"EntryPoint\",\"urlTemplate\":\"https:\/\/svetslik.si\/hu\/?s={search_term_string}\"},\"query-input\":{\"@type\":\"PropertyValueSpecification\",\"valueRequired\":true,\"valueName\":\"search_term_string\"}}],\"inLanguage\":\"hu\"},{\"@type\":\"Organization\",\"@id\":\"https:\/\/svetslik.si\/hu\/#organization\",\"name\":\"SvetSlik.si\",\"url\":\"https:\/\/svetslik.si\/hu\/\",\"logo\":{\"@type\":\"ImageObject\",\"inLanguage\":\"hu\",\"@id\":\"https:\/\/svetslik.si\/hu\/#\/schema\/logo\/image\/\",\"url\":\"https:\/\/svetslik.si\/wp-content\/uploads\/2020\/12\/logo-512.png\",\"contentUrl\":\"https:\/\/svetslik.si\/wp-content\/uploads\/2020\/12\/logo-512.png\",\"width\":512,\"height\":512,\"caption\":\"SvetSlik.si\"},\"image\":{\"@id\":\"https:\/\/svetslik.si\/hu\/#\/schema\/logo\/image\/\"},\"sameAs\":[\"https:\/\/www.facebook.com\/svetslik.si\",\"https:\/\/x.com\/svetslik\",\"https:\/\/www.instagram.com\/svetslik.si\/\",\"https:\/\/www.linkedin.com\/company\/svetslik-si\"]}]}<\/script>\n<meta property=\"og:availability\" content=\"backorder\" \/>\n<meta property=\"product:availability\" content=\"available for order\" \/>\n<meta property=\"product:retailer_item_id\" content=\"407__\" \/>\n<meta property=\"product:condition\" content=\"new\" \/>\n<!-- \/ Yoast SEO Premium plugin. -->","yoast_head_json":{"title":"Vincent van Gogh - The Night Caf\u00e9 - SVETSLIK.SI - 100% k\u00e9zzel festett","description":"Vincent van Gogh - The Night Caf\u00e9 - 100% k\u00e9zzel festett h\u00edres festm\u00e9nyek reprodukci\u00f3i. Festm\u00e9nyek keretez\u00e9se, elad\u00e1sa \u00e9s egyedi rendel\u00e9sre t\u00f6rt\u00e9n\u0151 v\u00e1szonk\u00e9pek k\u00e9sz\u00edt\u00e9se.","robots":{"index":"index","follow":"follow","max-snippet":"max-snippet:-1","max-image-preview":"max-image-preview:large","max-video-preview":"max-video-preview:-1"},"canonical":"https:\/\/svetslik.si\/hu\/vincent-van-gogh-hu\/the-night-cafe\/","og_locale":"hu_HU","og_type":"article","og_title":"Vincent van Gogh - The Night Caf\u00e9","og_description":"100% ro\u010dno naslikane slike na platnu, reprodukcije znanih slikarjev in umetni\u0161ke slike po naro\u010dilu.","og_url":"https:\/\/svetslik.si\/hu\/vincent-van-gogh-hu\/the-night-cafe\/","og_site_name":"SVETSLIK.SI","article_publisher":"https:\/\/www.facebook.com\/svetslik.si","article_modified_time":"2026-03-22T20:59:13+00:00","og_image":[{"width":1800,"height":1424,"url":"https:\/\/svetslik.si\/wp-content\/uploads\/2021\/08\/image_The-Night-Cafe-Van-Gogh_680.jpg","type":"image\/jpeg"}],"twitter_card":"summary_large_image","twitter_site":"@svetslik","twitter_misc":{"El\u00e9rhet\u0151s\u00e9g":"Beszerz\u00e9s alatt"},"schema":{"@context":"https:\/\/schema.org","@graph":[{"@type":["WebPage","ItemPage"],"@id":"https:\/\/svetslik.si\/hu\/vincent-van-gogh-hu\/the-night-cafe\/","url":"https:\/\/svetslik.si\/hu\/vincent-van-gogh-hu\/the-night-cafe\/","name":"Vincent van Gogh - The Night Caf\u00e9 - SVETSLIK.SI - 100% k\u00e9zzel festett","isPartOf":{"@id":"https:\/\/svetslik.si\/hu\/#website"},"primaryImageOfPage":{"@id":"https:\/\/svetslik.si\/hu\/vincent-van-gogh-hu\/the-night-cafe\/#primaryimage"},"image":{"@id":"https:\/\/svetslik.si\/hu\/vincent-van-gogh-hu\/the-night-cafe\/#primaryimage"},"thumbnailUrl":"https:\/\/svetslik.si\/wp-content\/uploads\/2021\/08\/image_The-Night-Cafe-Van-Gogh_680.jpg","datePublished":"2021-09-02T16:06:22+00:00","dateModified":"2026-03-22T20:59:13+00:00","description":"Vincent van Gogh - The Night Caf\u00e9 - 100% k\u00e9zzel festett h\u00edres festm\u00e9nyek reprodukci\u00f3i. Festm\u00e9nyek keretez\u00e9se, elad\u00e1sa \u00e9s egyedi rendel\u00e9sre t\u00f6rt\u00e9n\u0151 v\u00e1szonk\u00e9pek k\u00e9sz\u00edt\u00e9se.","breadcrumb":{"@id":"https:\/\/svetslik.si\/hu\/vincent-van-gogh-hu\/the-night-cafe\/#breadcrumb"},"inLanguage":"hu","potentialAction":[{"@type":"ReadAction","target":["https:\/\/svetslik.si\/hu\/vincent-van-gogh-hu\/the-night-cafe\/"]}]},{"@type":"ImageObject","inLanguage":"hu","@id":"https:\/\/svetslik.si\/hu\/vincent-van-gogh-hu\/the-night-cafe\/#primaryimage","url":"https:\/\/svetslik.si\/wp-content\/uploads\/2021\/08\/image_The-Night-Cafe-Van-Gogh_680.jpg","contentUrl":"https:\/\/svetslik.si\/wp-content\/uploads\/2021\/08\/image_The-Night-Cafe-Van-Gogh_680.jpg","width":1800,"height":1424,"caption":"Vincent Van Gogh - The Night Caf\u00e9 (Az \u00e9jjeli k\u00e1v\u00e9z\u00f3) - Vazonk\u00e9p, festm\u00e9nyek, reprodukci\u00f3"},{"@type":"BreadcrumbList","@id":"https:\/\/svetslik.si\/hu\/vincent-van-gogh-hu\/the-night-cafe\/#breadcrumb","itemListElement":[{"@type":"ListItem","position":1,"name":"Wall art and paintings on canvas","item":"https:\/\/svetslik.si\/hu\/"},{"@type":"ListItem","position":2,"name":"Festm\u00e9nyek elad\u00e1sa","item":"https:\/\/svetslik.si\/prodaja-slik\/"},{"@type":"ListItem","position":3,"name":"Vincent van Gogh &#8211; The Night Caf\u00e9"}]},{"@type":"WebSite","@id":"https:\/\/svetslik.si\/hu\/#website","url":"https:\/\/svetslik.si\/hu\/","name":"SVETSLIK.SI","description":"100%-ban k\u00e9zzel festett reprodukci\u00f3k h\u00edres fest\u0151k festm\u00e9nyeir\u0151l \u00e9s festm\u00e9nyekr\u0151l v\u00e1szonra.","publisher":{"@id":"https:\/\/svetslik.si\/hu\/#organization"},"potentialAction":[{"@type":"SearchAction","target":{"@type":"EntryPoint","urlTemplate":"https:\/\/svetslik.si\/hu\/?s={search_term_string}"},"query-input":{"@type":"PropertyValueSpecification","valueRequired":true,"valueName":"search_term_string"}}],"inLanguage":"hu"},{"@type":"Organization","@id":"https:\/\/svetslik.si\/hu\/#organization","name":"SvetSlik.si","url":"https:\/\/svetslik.si\/hu\/","logo":{"@type":"ImageObject","inLanguage":"hu","@id":"https:\/\/svetslik.si\/hu\/#\/schema\/logo\/image\/","url":"https:\/\/svetslik.si\/wp-content\/uploads\/2020\/12\/logo-512.png","contentUrl":"https:\/\/svetslik.si\/wp-content\/uploads\/2020\/12\/logo-512.png","width":512,"height":512,"caption":"SvetSlik.si"},"image":{"@id":"https:\/\/svetslik.si\/hu\/#\/schema\/logo\/image\/"},"sameAs":["https:\/\/www.facebook.com\/svetslik.si","https:\/\/x.com\/svetslik","https:\/\/www.instagram.com\/svetslik.si\/","https:\/\/www.linkedin.com\/company\/svetslik-si"]}]},"og_availability":"backorder","product_availability":"available for order","product_retailer_item_id":"407__","product_condition":"new"},"jetpack_sharing_enabled":true,"_links":{"self":[{"href":"https:\/\/svetslik.si\/hu\/wp-json\/wp\/v2\/product\/54702","targetHints":{"allow":["GET"]}}],"collection":[{"href":"https:\/\/svetslik.si\/hu\/wp-json\/wp\/v2\/product"}],"about":[{"href":"https:\/\/svetslik.si\/hu\/wp-json\/wp\/v2\/types\/product"}],"wp:featuredmedia":[{"embeddable":true,"href":"https:\/\/svetslik.si\/hu\/wp-json\/wp\/v2\/media\/50175"}],"wp:attachment":[{"href":"https:\/\/svetslik.si\/hu\/wp-json\/wp\/v2\/media?parent=54702"}],"wp:term":[{"taxonomy":"product_brand","embeddable":true,"href":"https:\/\/svetslik.si\/hu\/wp-json\/wp\/v2\/product_brand?post=54702"},{"taxonomy":"product_cat","embeddable":true,"href":"https:\/\/svetslik.si\/hu\/wp-json\/wp\/v2\/product_cat?post=54702"},{"taxonomy":"product_tag","embeddable":true,"href":"https:\/\/svetslik.si\/hu\/wp-json\/wp\/v2\/product_tag?post=54702"}],"curies":[{"name":"wp","href":"https:\/\/api.w.org\/{rel}","templated":true}]}}