{"id":54747,"date":"2021-09-02T18:06:53","date_gmt":"2021-09-02T16:06:53","guid":{"rendered":"https:\/\/svetslik.si\/nem-kategorizalt\/bridges-across-the-seine-at-asnieres\/"},"modified":"2026-03-22T21:59:53","modified_gmt":"2026-03-22T20:59:53","slug":"bridges-across-the-seine-at-asnieres","status":"publish","type":"product","link":"https:\/\/svetslik.si\/hu\/vincent-van-gogh-hu\/bridges-across-the-seine-at-asnieres\/","title":{"rendered":"Vincent van Gogh &#8211; Bridges across the Seine at Asnieres"},"content":{"rendered":"<h1>Vincent Van Gogh \u2013 Hidak a Szajn\u00e1n Asnieresn\u00e9l<\/h1>\n<p>&nbsp;<\/p>\n<table style=\"width: 497px\" border=\"0\" width=\"497\" cellpadding=\"0\">\n<tbody>\n<tr>\n<td style=\"width: 155px;height: 21px\" height=\"21\">L\u00e9trehoz\u00e1s \u00e9ve:<\/td>\n<td style=\"width: 343px\">1887<\/td>\n<\/tr>\n<tr>\n<td style=\"width: 155px;height: 21px\" height=\"21\">Eredeti m\u00e9ret:<\/td>\n<td style=\"width: 343px\">65 cm x 52,5 cm<\/td>\n<\/tr>\n<tr>\n<td style=\"width: 155px;height: 21px\" height=\"21\">Fest\u00e9si st\u00edlus:<\/td>\n<td style=\"width: 343px\">Posztimpresszionizmus<\/td>\n<\/tr>\n<tr>\n<td style=\"width: 155px;height: 21px\" height=\"21\">Eredeti technika:<\/td>\n<td style=\"width: 343px\">Olaj, v\u00e1szon<\/td>\n<\/tr>\n<tr>\n<td style=\"width: 155px;height: 21px\" height=\"21\">Helysz\u00edn:<\/td>\n<td style=\"width: 343px\">Az E. G. B\u00fchrle Alap\u00edtv\u00e1ny gy\u0171jtem\u00e9nye, Z\u00fcrich<\/td>\n<\/tr>\n<\/tbody>\n<colgroup>\n<col \/>\n<col \/> <\/colgroup>\n<\/table>\n<p>&nbsp;<\/p>\n<div>Asni\u00e8res P\u00e1rizs azon r\u00e9sze volt, amelyet sok impresszionista m\u0171v\u00e9sz l\u00e1togatott \u00e9s festett. A Szajna foly\u00f3n \u00e1t\u00edvel\u0151 hidak, a foly\u00f3 partjain hal\u00e1szhaj\u00f3k, valamint a f\u00e1kkal szeg\u00e9lyezett utak \u00e9s k\u00e1v\u00e9z\u00f3k az impresszionist\u00e1k ide\u00e1lis t\u00e1rgyai voltak.<\/div>\n<div>Van Gogh t\u00f6bb festm\u00e9nyt is festett P\u00e1rizs ezen a r\u00e9sz\u00e9n. A <em>Asnieres-i hidak a Szajn\u00e1n \u00e1t<\/em> c\u00edm\u0171 festm\u00e9ny\u00e9n a foly\u00f3 egyik legh\u00edresebb n\u00e9zet\u00e9t \u00e1br\u00e1zolta: azt a pontot, ahonnan t\u00f6bb, a Szajn\u00e1n \u00e1t \u00e9p\u00edtett hidat l\u00e1thatunk.<\/div>\n<div><\/div>\n<div>\n<p>Vincent van Gogh holland m\u0171v\u00e9sz 1887-ben festett &#8220;Szajna feletti hidak Asnieresn\u00e9l&#8221; c\u00edm\u0171 festm\u00e9nye egy mag\u00e1val ragad\u00f3 \u00e9s \u00e9rzelmes festm\u00e9ny, amely a m\u0171v\u00e9sz v\u00e1rosi t\u00e1jak \u00e9s az emberi \u00e1llapot ir\u00e1nti szenved\u00e9ly\u00e9t mutatja be. A k\u00e9pen t\u00f6bb h\u00edd l\u00e1that\u00f3 a Szajna foly\u00f3n Asnieres v\u00e1ros\u00e1ban, a h\u00e1tt\u00e9rben magas ipari \u00e9p\u00fcletekkel, felett\u00fck \u00e9l\u00e9nk k\u00e9k \u00e9gbolttal. A festm\u00e9ny sz\u00e9les k\u00f6rben elismert mer\u00e9sz ecsetvon\u00e1sair\u00f3l, \u00e9rzelmess\u00e9g\u00e9r\u0151l \u00e9s er\u0151s szimbolik\u00e1j\u00e1r\u00f3l.<\/p>\n<p>A Szajna feletti hidak Asnieresn\u00e9l kiv\u00e1l\u00f3 p\u00e9ld\u00e1ja Van Gogh posztimpresszionista st\u00edlus\u00e1nak, amelyet vastag \u00e9s j\u00f3l l\u00e1that\u00f3 ecsetvon\u00e1sok, \u00e9l\u00e9nk sz\u00ednek \u00e9s mer\u00e9sz kontrasztok jellemeztek. A mer\u00e9sz ecsetvon\u00e1sok \u00e9s az \u00e9l\u00e9nk sz\u00ednek a festm\u00e9nyen a mozg\u00e1s \u00e9s az energia \u00e9rzet\u00e9t keltik, m\u00edg a k\u00e9k \u00e9g a b\u00e9ke \u00e9s a nyugalom \u00e9rzet\u00e9t kelti. A hidak \u00e9s a magas \u00e9p\u00fcletek a rejt\u00e9ly \u00e9s az intrika \u00e9rzet\u00e9t keltik.<\/p>\n<p>A &#8220;Szajna hidak Asnieresn\u00e9l&#8221; c\u00edm\u0171 festm\u00e9ny egyik legszembet\u0171n\u0151bb jellemz\u0151je a sz\u00ednhaszn\u00e1lat. Van Gogh mer\u00e9sz, kontrasztos sz\u00ednek haszn\u00e1lata mozg\u00e1s- \u00e9s energia\u00e9rzetet kelt a festm\u00e9nyen, a k\u00e9k eget pedig k\u00e9k sz\u00ednek sokas\u00e1g\u00e1ban \u00e1br\u00e1zolj\u00e1k, ami a m\u00e9lys\u00e9g \u00e9s a dimenzi\u00f3 \u00e9rzet\u00e9t kelti. Az \u00e9p\u00fcletek \u00e9s a hidak k\u00e9k \u00e9s sz\u00fcrke \u00e1rnyalataiban vannak \u00e1br\u00e1zolva, ami a megalapozotts\u00e1g \u00e9s a stabilit\u00e1s \u00e9rzet\u00e9t kelti. Figyelemre m\u00e9lt\u00f3ak az ecsetvon\u00e1sok is, vastag, l\u00e1that\u00f3 von\u00e1sokkal, amelyek mozg\u00e1s- \u00e9s energia\u00e9rzetet adnak a festm\u00e9nynek.<\/p>\n<p>A festm\u00e9ny szimbolik\u00e1ja is gazdag. A hidak \u00e9s a magas \u00e9p\u00fcletek az \u00f6sszetartoz\u00e1s gondolat\u00e1t \u00e9s a v\u00e1rosi \u00e9let k\u00fczdelm\u00e9t szimboliz\u00e1lj\u00e1k. A festm\u00e9ny Van Gogh akkori \u00e9rzelmi \u00e1llapot\u00e1t is bemutatja. A festm\u00e9ny akkor k\u00e9sz\u00fclt, amikor Van Gogh P\u00e1rizsban (Franciaorsz\u00e1g) \u00e9lt, \u00e9s v\u00e9lhet\u0151en t\u00fckr\u00f6zi a m\u0171v\u00e9sz v\u00e1gyakoz\u00e1s\u00e1t \u00e9s a v\u00e1roshoz val\u00f3 k\u00f6t\u0151d\u00e9s\u00e9t.<\/p>\n<p>&#8220;A Szajna feletti hidak Asnieresn\u00e9l&#8221; Van Gogh egyik legikonikusabb \u00e9s leger\u0151sebb alkot\u00e1sa. A festm\u00e9ny a Van Gogh M\u00fazeumban tal\u00e1lhat\u00f3 Amszterdamban, Hollandi\u00e1ban. Fontos posztimpresszionista alkot\u00e1s, amelyet m\u00e1ig csod\u00e1lnak \u00e9s tanulm\u00e1nyoznak a m\u0171v\u00e9szet szerelmesei \u00e9s szak\u00e9rt\u0151i egyar\u00e1nt. Az er\u0151teljes k\u00e9palkot\u00e1s, az \u00e9rzelmess\u00e9g \u00e9s a gazdag szimbolika a festm\u00e9nyt minden m\u0171v\u00e9szetkedvel\u0151 vagy Vincent van Gogh munk\u00e1i ir\u00e1nt \u00e9rdekl\u0151d\u0151 sz\u00e1m\u00e1ra k\u00f6telez\u0151v\u00e9 teszi.<\/p>\n<p>A \u201eSzajna hidak Asnieresn\u00e9l\u201d c\u00edm\u0171 festm\u00e9ny m\u0171v\u00e9szi \u00e9rt\u00e9ke mellett fontos t\u00f6rt\u00e9nelmi \u00e9rt\u00e9kkel is b\u00edr, hiszen ez volt van Gogh egyik els\u0151 olyan k\u00e9pe, amelyen a v\u00e1rosk\u00e9pet \u00e9s a v\u00e1roslak\u00f3k \u00e9let\u00e9t \u00e1br\u00e1zolta. P\u00e1rizs ipari \u00e9s gyorsan v\u00e1ltoz\u00f3 k\u00f6rnyezete nagym\u00e9rt\u00e9kben megihlette, ami a festm\u00e9ny er\u0151teljes k\u00e9pis\u00e9g\u00e9ben \u00e9s \u00e9rzelmess\u00e9g\u00e9ben is megl\u00e1tszik.<\/p>\n<p>Emellett a festm\u00e9ny Van Gogh azon v\u00e1gy\u00e1t is t\u00fckr\u00f6zi, hogy kapcsolatba l\u00e9pjen a helyi k\u00f6z\u00f6ss\u00e9ggel, \u00e9s a mindennapi \u00e9let r\u00e9sz\u00e9v\u00e9 v\u00e1ljon. Elhat\u00e1rozta, hogy olyan m\u0171v\u00e9szetet hoz l\u00e9tre, amely t\u00fckr\u00f6zi a v\u00e1roslak\u00f3k \u00e9let\u00e9t, \u00e9s a festm\u00e9ny az \u0151 er\u0151fesz\u00edt\u00e9seinek bizony\u00edt\u00e9ka.<\/p>\n<p>\u00d6sszegz\u00e9sk\u00e9nt elmondhatjuk, hogy a &#8220;Szajna hidak Asnieresn\u00e9l&#8221; egy elb\u0171v\u00f6l\u0151 \u00e9s \u00e9rzelmes festm\u00e9ny, amely Vincent van Gogh posztimpresszionista st\u00edlus\u00e1ra jellemz\u0151 mer\u00e9sz ecsetvon\u00e1sokat, \u00e9rzelmess\u00e9get \u00e9s er\u0151s szimbolik\u00e1t mutatja be. A festm\u00e9nyen a sz\u00ednek \u00e9s ecsetvon\u00e1sok mozg\u00e1s- \u00e9s energia\u00e9rzetet keltenek, m\u00edg a hidak \u00e9s a magas \u00e9p\u00fcletek az \u00f6sszetartoz\u00e1s gondolat\u00e1t \u00e9s a v\u00e1rosi \u00e9let k\u00fczdelm\u00e9t szimboliz\u00e1lj\u00e1k. A festm\u00e9nyt Van Gogh egyik legikonikusabb \u00e9s leger\u0151sebb alkot\u00e1s\u00e1nak tartj\u00e1k. A Van Gogh M\u00fazeumban tal\u00e1lhat\u00f3 Amszterdamban, Hollandi\u00e1ban. M\u00e9g mindig csod\u00e1lj\u00e1k \u00e9s tanulm\u00e1nyozz\u00e1k a m\u0171v\u00e9szet szerelmesei \u00e9s szak\u00e9rt\u0151i egyar\u00e1nt. Az er\u0151teljes k\u00e9palkot\u00e1s, az \u00e9rzelmess\u00e9g \u00e9s a gazdag szimbolika a festm\u00e9nyt minden m\u0171v\u00e9szetkedvel\u0151 vagy Vincent van Gogh munk\u00e1i ir\u00e1nt \u00e9rdekl\u0151d\u0151 sz\u00e1m\u00e1ra k\u00f6telez\u0151v\u00e9 teszi.<\/p>\n<\/div>\n<div><\/div>\n","protected":false},"excerpt":{"rendered":"<p>Vincent Van Gogh \u2013 Hidak a Szajn\u00e1n Asnieresn\u00e9l &nbsp; L\u00e9trehoz\u00e1s \u00e9ve: 1887 Eredeti m\u00e9ret: 65 cm x 52,5 cm Fest\u00e9si st\u00edlus: Posztimpresszionizmus Eredeti technika: Olaj, v\u00e1szon Helysz\u00edn: Az E. G. B\u00fchrle Alap\u00edtv\u00e1ny gy\u0171jtem\u00e9nye, Z\u00fcrich &nbsp; Asni\u00e8res P\u00e1rizs azon r\u00e9sze volt, amelyet sok impresszionista m\u0171v\u00e9sz l\u00e1togatott \u00e9s festett. A Szajna foly\u00f3n [&hellip;]<\/p>\n","protected":false},"featured_media":49403,"template":"","meta":{"_acf_changed":false},"product_brand":[],"product_cat":[7150],"product_tag":[11885,11886,11887,7215],"class_list":{"0":"post-54747","1":"product","2":"type-product","3":"status-publish","4":"has-post-thumbnail","6":"product_cat-vincent-van-gogh-hu","7":"product_tag-painter-hu","8":"product_tag-reproduction","9":"product_tag-reproductions-hu","10":"product_tag-van-gogh-hu","11":"pa_dimenzija-100-x-80-cm-hu","12":"pa_dimenzija-120-x-100-cm-hu","13":"pa_dimenzija-150-x-120-cm-hu","14":"pa_dimenzija-40-x-30-cm-hu","15":"pa_dimenzija-50-x-40-cm-hu","16":"pa_dimenzija-65-x-53-cm-hu","17":"pa_dimenzija-80-x-65-cm-hu","18":"pa_dimenzija-90-x-70-cm-hu","19":"pa_oblika-vizszintes","20":"pa_okvir-nincs-keret","21":"pa_podokvir-igen","22":"pa_podokvir-nem","24":"first","25":"onbackorder","26":"purchasable","27":"product-type-variable","28":"has-default-attributes"},"acf":[],"yoast_head":"<!-- This site is optimized with the Yoast SEO Premium plugin v26.0 (Yoast SEO v27.2) - https:\/\/yoast.com\/product\/yoast-seo-premium-wordpress\/ -->\n<title>Vincent van Gogh - Bridges across the Seine at Asnieres - SVETSLIK.SI - 100% k\u00e9zzel festett<\/title>\n<meta name=\"description\" content=\"Vincent van Gogh - Bridges across the Seine at Asnieres - 100% k\u00e9zzel festett h\u00edres festm\u00e9nyek reprodukci\u00f3i. Festm\u00e9nyek keretez\u00e9se, elad\u00e1sa \u00e9s egyedi rendel\u00e9sre t\u00f6rt\u00e9n\u0151 v\u00e1szonk\u00e9pek k\u00e9sz\u00edt\u00e9se.\" \/>\n<meta name=\"robots\" content=\"index, follow, max-snippet:-1, max-image-preview:large, max-video-preview:-1\" \/>\n<link rel=\"canonical\" href=\"https:\/\/svetslik.si\/hu\/vincent-van-gogh-hu\/bridges-across-the-seine-at-asnieres\/\" \/>\n<meta property=\"og:locale\" content=\"hu_HU\" \/>\n<meta property=\"og:type\" content=\"article\" \/>\n<meta property=\"og:title\" content=\"Vincent van Gogh - Bridges across the Seine at Asnieres\" \/>\n<meta property=\"og:description\" content=\"100% ro\u010dno naslikane slike na platnu, reprodukcije znanih slikarjev in umetni\u0161ke slike po naro\u010dilu.\" \/>\n<meta property=\"og:url\" content=\"https:\/\/svetslik.si\/hu\/vincent-van-gogh-hu\/bridges-across-the-seine-at-asnieres\/\" \/>\n<meta property=\"og:site_name\" content=\"SVETSLIK.SI\" \/>\n<meta property=\"article:publisher\" content=\"https:\/\/www.facebook.com\/svetslik.si\" \/>\n<meta property=\"article:modified_time\" content=\"2026-03-22T20:59:53+00:00\" \/>\n<meta property=\"og:image\" content=\"https:\/\/svetslik.si\/wp-content\/uploads\/2021\/08\/image_Bridges-across-the-Seine-at-Asnieres-van-Gogh_680.jpg\" \/>\n\t<meta property=\"og:image:width\" content=\"2296\" \/>\n\t<meta property=\"og:image:height\" content=\"1800\" \/>\n\t<meta property=\"og:image:type\" content=\"image\/jpeg\" \/>\n<meta name=\"twitter:card\" content=\"summary_large_image\" \/>\n<meta name=\"twitter:site\" content=\"@svetslik\" \/>\n<meta name=\"twitter:label1\" content=\"El\u00e9rhet\u0151s\u00e9g\" \/>\n\t<meta name=\"twitter:data1\" content=\"Beszerz\u00e9s alatt\" \/>\n<script type=\"application\/ld+json\" class=\"yoast-schema-graph\">{\"@context\":\"https:\/\/schema.org\",\"@graph\":[{\"@type\":[\"WebPage\",\"ItemPage\"],\"@id\":\"https:\/\/svetslik.si\/hu\/vincent-van-gogh-hu\/bridges-across-the-seine-at-asnieres\/\",\"url\":\"https:\/\/svetslik.si\/hu\/vincent-van-gogh-hu\/bridges-across-the-seine-at-asnieres\/\",\"name\":\"Vincent van Gogh - Bridges across the Seine at Asnieres - SVETSLIK.SI - 100% k\u00e9zzel festett\",\"isPartOf\":{\"@id\":\"https:\/\/svetslik.si\/hu\/#website\"},\"primaryImageOfPage\":{\"@id\":\"https:\/\/svetslik.si\/hu\/vincent-van-gogh-hu\/bridges-across-the-seine-at-asnieres\/#primaryimage\"},\"image\":{\"@id\":\"https:\/\/svetslik.si\/hu\/vincent-van-gogh-hu\/bridges-across-the-seine-at-asnieres\/#primaryimage\"},\"thumbnailUrl\":\"https:\/\/svetslik.si\/wp-content\/uploads\/2021\/08\/image_Bridges-across-the-Seine-at-Asnieres-van-Gogh_680.jpg\",\"datePublished\":\"2021-09-02T16:06:53+00:00\",\"dateModified\":\"2026-03-22T20:59:53+00:00\",\"description\":\"Vincent van Gogh - Bridges across the Seine at Asnieres - 100% k\u00e9zzel festett h\u00edres festm\u00e9nyek reprodukci\u00f3i. Festm\u00e9nyek keretez\u00e9se, elad\u00e1sa \u00e9s egyedi rendel\u00e9sre t\u00f6rt\u00e9n\u0151 v\u00e1szonk\u00e9pek k\u00e9sz\u00edt\u00e9se.\",\"breadcrumb\":{\"@id\":\"https:\/\/svetslik.si\/hu\/vincent-van-gogh-hu\/bridges-across-the-seine-at-asnieres\/#breadcrumb\"},\"inLanguage\":\"hu\",\"potentialAction\":[{\"@type\":\"ReadAction\",\"target\":[\"https:\/\/svetslik.si\/hu\/vincent-van-gogh-hu\/bridges-across-the-seine-at-asnieres\/\"]}]},{\"@type\":\"ImageObject\",\"inLanguage\":\"hu\",\"@id\":\"https:\/\/svetslik.si\/hu\/vincent-van-gogh-hu\/bridges-across-the-seine-at-asnieres\/#primaryimage\",\"url\":\"https:\/\/svetslik.si\/wp-content\/uploads\/2021\/08\/image_Bridges-across-the-Seine-at-Asnieres-van-Gogh_680.jpg\",\"contentUrl\":\"https:\/\/svetslik.si\/wp-content\/uploads\/2021\/08\/image_Bridges-across-the-Seine-at-Asnieres-van-Gogh_680.jpg\",\"width\":2296,\"height\":1800,\"caption\":\"Vincent Van Gogh - Bridges across the Seine at Asnieres - Hidak a Szajn\u00e1n Asni\u00e8res-n\u00e9l - Vincent Van Gogh - Bridges across the Seine at Asnieres - Festm\u00e9nyek reprodukci\u00f3i - V\u00e1szonk\u00e9p - Festm\u00e9nyek reprodukci\u00f3i - Absztrakt Festm\u00e9ny - Modern Festm\u00e9ny - Realisztikus Festm\u00e9ny - Olajfestm\u00e9ny - Falik\u00e9p\"},{\"@type\":\"BreadcrumbList\",\"@id\":\"https:\/\/svetslik.si\/hu\/vincent-van-gogh-hu\/bridges-across-the-seine-at-asnieres\/#breadcrumb\",\"itemListElement\":[{\"@type\":\"ListItem\",\"position\":1,\"name\":\"Wall art and paintings on canvas\",\"item\":\"https:\/\/svetslik.si\/hu\/\"},{\"@type\":\"ListItem\",\"position\":2,\"name\":\"Festm\u00e9nyek elad\u00e1sa\",\"item\":\"https:\/\/svetslik.si\/prodaja-slik\/\"},{\"@type\":\"ListItem\",\"position\":3,\"name\":\"Vincent van Gogh &#8211; Bridges across the Seine at Asnieres\"}]},{\"@type\":\"WebSite\",\"@id\":\"https:\/\/svetslik.si\/hu\/#website\",\"url\":\"https:\/\/svetslik.si\/hu\/\",\"name\":\"SVETSLIK.SI\",\"description\":\"100%-ban k\u00e9zzel festett reprodukci\u00f3k h\u00edres fest\u0151k festm\u00e9nyeir\u0151l \u00e9s festm\u00e9nyekr\u0151l v\u00e1szonra.\",\"publisher\":{\"@id\":\"https:\/\/svetslik.si\/hu\/#organization\"},\"potentialAction\":[{\"@type\":\"SearchAction\",\"target\":{\"@type\":\"EntryPoint\",\"urlTemplate\":\"https:\/\/svetslik.si\/hu\/?s={search_term_string}\"},\"query-input\":{\"@type\":\"PropertyValueSpecification\",\"valueRequired\":true,\"valueName\":\"search_term_string\"}}],\"inLanguage\":\"hu\"},{\"@type\":\"Organization\",\"@id\":\"https:\/\/svetslik.si\/hu\/#organization\",\"name\":\"SvetSlik.si\",\"url\":\"https:\/\/svetslik.si\/hu\/\",\"logo\":{\"@type\":\"ImageObject\",\"inLanguage\":\"hu\",\"@id\":\"https:\/\/svetslik.si\/hu\/#\/schema\/logo\/image\/\",\"url\":\"https:\/\/svetslik.si\/wp-content\/uploads\/2020\/12\/logo-512.png\",\"contentUrl\":\"https:\/\/svetslik.si\/wp-content\/uploads\/2020\/12\/logo-512.png\",\"width\":512,\"height\":512,\"caption\":\"SvetSlik.si\"},\"image\":{\"@id\":\"https:\/\/svetslik.si\/hu\/#\/schema\/logo\/image\/\"},\"sameAs\":[\"https:\/\/www.facebook.com\/svetslik.si\",\"https:\/\/x.com\/svetslik\",\"https:\/\/www.instagram.com\/svetslik.si\/\",\"https:\/\/www.linkedin.com\/company\/svetslik-si\"]}]}<\/script>\n<meta property=\"og:availability\" content=\"backorder\" \/>\n<meta property=\"product:availability\" content=\"available for order\" \/>\n<meta property=\"product:retailer_item_id\" content=\"414__\" \/>\n<meta property=\"product:condition\" content=\"new\" \/>\n<!-- \/ Yoast SEO Premium plugin. -->","yoast_head_json":{"title":"Vincent van Gogh - Bridges across the Seine at Asnieres - SVETSLIK.SI - 100% k\u00e9zzel festett","description":"Vincent van Gogh - Bridges across the Seine at Asnieres - 100% k\u00e9zzel festett h\u00edres festm\u00e9nyek reprodukci\u00f3i. Festm\u00e9nyek keretez\u00e9se, elad\u00e1sa \u00e9s egyedi rendel\u00e9sre t\u00f6rt\u00e9n\u0151 v\u00e1szonk\u00e9pek k\u00e9sz\u00edt\u00e9se.","robots":{"index":"index","follow":"follow","max-snippet":"max-snippet:-1","max-image-preview":"max-image-preview:large","max-video-preview":"max-video-preview:-1"},"canonical":"https:\/\/svetslik.si\/hu\/vincent-van-gogh-hu\/bridges-across-the-seine-at-asnieres\/","og_locale":"hu_HU","og_type":"article","og_title":"Vincent van Gogh - Bridges across the Seine at Asnieres","og_description":"100% ro\u010dno naslikane slike na platnu, reprodukcije znanih slikarjev in umetni\u0161ke slike po naro\u010dilu.","og_url":"https:\/\/svetslik.si\/hu\/vincent-van-gogh-hu\/bridges-across-the-seine-at-asnieres\/","og_site_name":"SVETSLIK.SI","article_publisher":"https:\/\/www.facebook.com\/svetslik.si","article_modified_time":"2026-03-22T20:59:53+00:00","og_image":[{"width":2296,"height":1800,"url":"https:\/\/svetslik.si\/wp-content\/uploads\/2021\/08\/image_Bridges-across-the-Seine-at-Asnieres-van-Gogh_680.jpg","type":"image\/jpeg"}],"twitter_card":"summary_large_image","twitter_site":"@svetslik","twitter_misc":{"El\u00e9rhet\u0151s\u00e9g":"Beszerz\u00e9s alatt"},"schema":{"@context":"https:\/\/schema.org","@graph":[{"@type":["WebPage","ItemPage"],"@id":"https:\/\/svetslik.si\/hu\/vincent-van-gogh-hu\/bridges-across-the-seine-at-asnieres\/","url":"https:\/\/svetslik.si\/hu\/vincent-van-gogh-hu\/bridges-across-the-seine-at-asnieres\/","name":"Vincent van Gogh - Bridges across the Seine at Asnieres - SVETSLIK.SI - 100% k\u00e9zzel festett","isPartOf":{"@id":"https:\/\/svetslik.si\/hu\/#website"},"primaryImageOfPage":{"@id":"https:\/\/svetslik.si\/hu\/vincent-van-gogh-hu\/bridges-across-the-seine-at-asnieres\/#primaryimage"},"image":{"@id":"https:\/\/svetslik.si\/hu\/vincent-van-gogh-hu\/bridges-across-the-seine-at-asnieres\/#primaryimage"},"thumbnailUrl":"https:\/\/svetslik.si\/wp-content\/uploads\/2021\/08\/image_Bridges-across-the-Seine-at-Asnieres-van-Gogh_680.jpg","datePublished":"2021-09-02T16:06:53+00:00","dateModified":"2026-03-22T20:59:53+00:00","description":"Vincent van Gogh - Bridges across the Seine at Asnieres - 100% k\u00e9zzel festett h\u00edres festm\u00e9nyek reprodukci\u00f3i. Festm\u00e9nyek keretez\u00e9se, elad\u00e1sa \u00e9s egyedi rendel\u00e9sre t\u00f6rt\u00e9n\u0151 v\u00e1szonk\u00e9pek k\u00e9sz\u00edt\u00e9se.","breadcrumb":{"@id":"https:\/\/svetslik.si\/hu\/vincent-van-gogh-hu\/bridges-across-the-seine-at-asnieres\/#breadcrumb"},"inLanguage":"hu","potentialAction":[{"@type":"ReadAction","target":["https:\/\/svetslik.si\/hu\/vincent-van-gogh-hu\/bridges-across-the-seine-at-asnieres\/"]}]},{"@type":"ImageObject","inLanguage":"hu","@id":"https:\/\/svetslik.si\/hu\/vincent-van-gogh-hu\/bridges-across-the-seine-at-asnieres\/#primaryimage","url":"https:\/\/svetslik.si\/wp-content\/uploads\/2021\/08\/image_Bridges-across-the-Seine-at-Asnieres-van-Gogh_680.jpg","contentUrl":"https:\/\/svetslik.si\/wp-content\/uploads\/2021\/08\/image_Bridges-across-the-Seine-at-Asnieres-van-Gogh_680.jpg","width":2296,"height":1800,"caption":"Vincent Van Gogh - Bridges across the Seine at Asnieres - Hidak a Szajn\u00e1n Asni\u00e8res-n\u00e9l - Vincent Van Gogh - Bridges across the Seine at Asnieres - Festm\u00e9nyek reprodukci\u00f3i - V\u00e1szonk\u00e9p - Festm\u00e9nyek reprodukci\u00f3i - Absztrakt Festm\u00e9ny - Modern Festm\u00e9ny - Realisztikus Festm\u00e9ny - Olajfestm\u00e9ny - Falik\u00e9p"},{"@type":"BreadcrumbList","@id":"https:\/\/svetslik.si\/hu\/vincent-van-gogh-hu\/bridges-across-the-seine-at-asnieres\/#breadcrumb","itemListElement":[{"@type":"ListItem","position":1,"name":"Wall art and paintings on canvas","item":"https:\/\/svetslik.si\/hu\/"},{"@type":"ListItem","position":2,"name":"Festm\u00e9nyek elad\u00e1sa","item":"https:\/\/svetslik.si\/prodaja-slik\/"},{"@type":"ListItem","position":3,"name":"Vincent van Gogh &#8211; Bridges across the Seine at Asnieres"}]},{"@type":"WebSite","@id":"https:\/\/svetslik.si\/hu\/#website","url":"https:\/\/svetslik.si\/hu\/","name":"SVETSLIK.SI","description":"100%-ban k\u00e9zzel festett reprodukci\u00f3k h\u00edres fest\u0151k festm\u00e9nyeir\u0151l \u00e9s festm\u00e9nyekr\u0151l v\u00e1szonra.","publisher":{"@id":"https:\/\/svetslik.si\/hu\/#organization"},"potentialAction":[{"@type":"SearchAction","target":{"@type":"EntryPoint","urlTemplate":"https:\/\/svetslik.si\/hu\/?s={search_term_string}"},"query-input":{"@type":"PropertyValueSpecification","valueRequired":true,"valueName":"search_term_string"}}],"inLanguage":"hu"},{"@type":"Organization","@id":"https:\/\/svetslik.si\/hu\/#organization","name":"SvetSlik.si","url":"https:\/\/svetslik.si\/hu\/","logo":{"@type":"ImageObject","inLanguage":"hu","@id":"https:\/\/svetslik.si\/hu\/#\/schema\/logo\/image\/","url":"https:\/\/svetslik.si\/wp-content\/uploads\/2020\/12\/logo-512.png","contentUrl":"https:\/\/svetslik.si\/wp-content\/uploads\/2020\/12\/logo-512.png","width":512,"height":512,"caption":"SvetSlik.si"},"image":{"@id":"https:\/\/svetslik.si\/hu\/#\/schema\/logo\/image\/"},"sameAs":["https:\/\/www.facebook.com\/svetslik.si","https:\/\/x.com\/svetslik","https:\/\/www.instagram.com\/svetslik.si\/","https:\/\/www.linkedin.com\/company\/svetslik-si"]}]},"og_availability":"backorder","product_availability":"available for order","product_retailer_item_id":"414__","product_condition":"new"},"jetpack_sharing_enabled":true,"_links":{"self":[{"href":"https:\/\/svetslik.si\/hu\/wp-json\/wp\/v2\/product\/54747","targetHints":{"allow":["GET"]}}],"collection":[{"href":"https:\/\/svetslik.si\/hu\/wp-json\/wp\/v2\/product"}],"about":[{"href":"https:\/\/svetslik.si\/hu\/wp-json\/wp\/v2\/types\/product"}],"wp:featuredmedia":[{"embeddable":true,"href":"https:\/\/svetslik.si\/hu\/wp-json\/wp\/v2\/media\/49403"}],"wp:attachment":[{"href":"https:\/\/svetslik.si\/hu\/wp-json\/wp\/v2\/media?parent=54747"}],"wp:term":[{"taxonomy":"product_brand","embeddable":true,"href":"https:\/\/svetslik.si\/hu\/wp-json\/wp\/v2\/product_brand?post=54747"},{"taxonomy":"product_cat","embeddable":true,"href":"https:\/\/svetslik.si\/hu\/wp-json\/wp\/v2\/product_cat?post=54747"},{"taxonomy":"product_tag","embeddable":true,"href":"https:\/\/svetslik.si\/hu\/wp-json\/wp\/v2\/product_tag?post=54747"}],"curies":[{"name":"wp","href":"https:\/\/api.w.org\/{rel}","templated":true}]}}