{"id":54756,"date":"2021-09-02T18:07:09","date_gmt":"2021-09-02T16:07:09","guid":{"rendered":"https:\/\/svetslik.si\/nem-kategorizalt\/fishing-boats-on-the-beach-at-les-saintes-maries-de-la-mer\/"},"modified":"2026-03-22T21:59:53","modified_gmt":"2026-03-22T20:59:53","slug":"fishing-boats-on-the-beach-at-les-saintes-maries-de-la-mer","status":"publish","type":"product","link":"https:\/\/svetslik.si\/hu\/vincent-van-gogh-hu\/fishing-boats-on-the-beach-at-les-saintes-maries-de-la-mer\/","title":{"rendered":"Vincent van Gogh &#8211; Fishing Boats on the Beach at Les Saintes-Maries-de-la-Mer"},"content":{"rendered":"<h1>Vincent Van Gogh \u2013 Horg\u00e1szcs\u00f3nakok a Les Saintes-Maries-de-la-Mer tengerpartj\u00e1n<\/h1>\n<p>&nbsp;<\/p>\n<table style=\"width: 497px\" border=\"0\" width=\"497\" cellpadding=\"0\">\n<tbody>\n<tr>\n<td style=\"width: 155px;height: 21px\" height=\"21\">L\u00e9trehoz\u00e1s \u00e9ve:<\/td>\n<td style=\"width: 343px\">1888<\/td>\n<\/tr>\n<tr>\n<td style=\"width: 155px;height: 21px\" height=\"21\">Eredeti m\u00e9ret:<\/td>\n<td style=\"width: 343px\">81,5 cm x 65 cm<\/td>\n<\/tr>\n<tr>\n<td style=\"width: 155px;height: 21px\" height=\"21\">Fest\u00e9si st\u00edlus:<\/td>\n<td style=\"width: 343px\">Posztimpresszionizmus<\/td>\n<\/tr>\n<tr>\n<td style=\"width: 155px;height: 21px\" height=\"21\">Eredeti technika:<\/td>\n<td style=\"width: 343px\">Olaj, v\u00e1szon<\/td>\n<\/tr>\n<tr>\n<td style=\"width: 155px;height: 21px\" height=\"21\">Helysz\u00edn:<\/td>\n<td style=\"width: 343px\">Van Gogh M\u00fazeum, Hollandia<\/td>\n<\/tr>\n<\/tbody>\n<colgroup>\n<col \/>\n<col \/> <\/colgroup>\n<\/table>\n<p>1888 m\u00e1jus\u00e1nak v\u00e9g\u00e9n Van Gogh elhagyta Arles-t, \u00e9s egy h\u00e9tig ell\u00e1togatott Les Saintes-Maries-de-la-Mer tengerparti v\u00e1ros\u00e1ba. Elb\u0171v\u00f6lt\u00e9k a F\u00f6ldk\u00f6zi-tenger sz\u00ednei \u00e9s a kis z\u00f6ld, piros \u00e9s k\u00e9k haj\u00f3k, amelyek form\u00e1juk \u00e9s sz\u00edneik miatt vir\u00e1gnak t\u0171ntek.<\/p>\n<p>A &#8220;Horg\u00e1szcs\u00f3nakok a Les Saintes-Maries-de-la-Mer tengerpartj\u00e1n&#8221; c\u00edm\u0171 festm\u00e9ny, amelyet Vincent van Gogh holland m\u0171v\u00e9sz 1888-ban festett, egy b\u00e1jos \u00e9s \u00e9rzelmes festm\u00e9ny, amely a m\u0171v\u00e9sz term\u00e9szet \u00e9s a tenger ir\u00e1nti szenved\u00e9ly\u00e9t mutatja be. A festm\u00e9ny t\u00f6bb hal\u00e1szhaj\u00f3t \u00e1br\u00e1zol egy tengerpart partj\u00e1ra, m\u00f6g\u00f6tt\u00fck magas, s\u00f6t\u00e9t szikl\u00e1kkal, felett\u00fck \u00e9l\u00e9nk k\u00e9k \u00e9gbolttal. A festm\u00e9ny sz\u00e9les k\u00f6rben elismert mer\u00e9sz ecsetvon\u00e1sair\u00f3l, \u00e9rzelmess\u00e9g\u00e9r\u0151l \u00e9s er\u0151s szimbolik\u00e1j\u00e1r\u00f3l.<\/p>\n<p>A Fishing Boats on the Beach Les Saintes-Maries-de-la-Mer kiv\u00e1l\u00f3 p\u00e9ld\u00e1ja Van Gogh posztimpresszionista st\u00edlus\u00e1nak, amelyet s\u0171r\u0171 \u00e9s j\u00f3l l\u00e1that\u00f3 ecsetvon\u00e1sok, \u00e9l\u00e9nk sz\u00ednek \u00e9s mer\u00e9sz kontrasztok jellemeznek. A mer\u00e9sz ecsetvon\u00e1sok \u00e9s az \u00e9l\u00e9nk sz\u00ednek a festm\u00e9nyen a mozg\u00e1s \u00e9s az energia \u00e9rzet\u00e9t keltik, m\u00edg a k\u00e9k \u00e9g a b\u00e9ke \u00e9s a nyugalom \u00e9rzet\u00e9t kelti. A horg\u00e1szcs\u00f3nakok \u00e9s a szikl\u00e1k a rejt\u00e9ly \u00e9s az intrika \u00e9rzet\u00e9t keltik.<\/p>\n<p>A \u201eHorg\u00e1szcs\u00f3nakok Les Saintes-Maries-de-la-Mer tengerpartj\u00e1n\u201d c\u00edm\u0171 k\u00e9pesk\u00f6nyv egyik legszembet\u0171n\u0151bb jellemz\u0151je a sz\u00ednhaszn\u00e1lat. Van Gogh mer\u00e9sz, kontrasztos sz\u00ednek haszn\u00e1lata mozg\u00e1s- \u00e9s energia\u00e9rzetet kelt a festm\u00e9nyen, a k\u00e9k eget pedig k\u00e9k sz\u00ednek sokas\u00e1g\u00e1ban \u00e1br\u00e1zolj\u00e1k, ami a m\u00e9lys\u00e9g \u00e9s a dimenzi\u00f3 \u00e9rzet\u00e9t kelti. A cs\u00f3nakokat \u00e9s a szikl\u00e1kat a k\u00e9k \u00e9s a sz\u00fcrke \u00e1rnyalataival \u00e1br\u00e1zolj\u00e1k, ami a megalapozotts\u00e1g \u00e9s a stabilit\u00e1s \u00e9rzet\u00e9t kelti. Figyelemre m\u00e9lt\u00f3ak az ecsetvon\u00e1sok is, vastag, l\u00e1that\u00f3 von\u00e1sokkal, amelyek mozg\u00e1s- \u00e9s energia\u00e9rzetet adnak a festm\u00e9nynek.<\/p>\n<p>A festm\u00e9ny szimbolik\u00e1ja is gazdag. A cs\u00f3nakok \u00e9s a szikl\u00e1k a kem\u00e9ny munka \u00e9s a term\u00e9szet elleni k\u00fczdelem gondolat\u00e1t szimboliz\u00e1lj\u00e1k. A festm\u00e9ny Van Gogh akkori \u00e9rzelmi \u00e1llapot\u00e1t is bemutatja. A festm\u00e9ny akkor k\u00e9sz\u00fclt, amikor Van Gogh a franciaorsz\u00e1gi Arles-ban \u00e9lt, \u00e9s v\u00e9lhet\u0151en t\u00fckr\u00f6zi a m\u0171v\u00e9sz v\u00e1gyakoz\u00e1s\u00e1t \u00e9s a tengerrel val\u00f3 kapcsolat\u00e1t.<\/p>\n<p>A &#8220;Horg\u00e1szcs\u00f3nakok a Les Saintes-Maries-de-la-Mer tengerpartj\u00e1n&#8221; Van Gogh egyik legikonikusabb \u00e9s leger\u0151sebb alkot\u00e1sa. A festm\u00e9ny a Van Gogh M\u00fazeumban tal\u00e1lhat\u00f3 Amszterdamban, Hollandi\u00e1ban. Fontos posztimpresszionista alkot\u00e1s, amelyet m\u00e1ig csod\u00e1lnak \u00e9s tanulm\u00e1nyoznak amat\u0151r\u00f6k \u00e9s szak\u00e9rt\u0151k egyar\u00e1nt. Az er\u0151teljes k\u00e9palkot\u00e1s, az \u00e9rzelmess\u00e9g \u00e9s a gazdag szimbolika a festm\u00e9nyt minden m\u0171v\u00e9szetkedvel\u0151 vagy Vincent van Gogh munk\u00e1i ir\u00e1nt \u00e9rdekl\u0151d\u0151 sz\u00e1m\u00e1ra k\u00f6telez\u0151v\u00e9 teszi.<\/p>\n<p>A &#8220;Horg\u00e1szcs\u00f3nakok a Les Saintes-Maries-de-la-Mer tengerpartj\u00e1n&#8221; festm\u00e9ny m\u0171v\u00e9szi \u00e9rt\u00e9ke mellett fontos t\u00f6rt\u00e9nelmi \u00e9rt\u00e9kkel is b\u00edr, hiszen ez volt az egyik els\u0151 olyan festm\u00e9ny van Goght\u00f3l, amelyen a tenger \u00e9s a hal\u00e1szok \u00e9lete. Nagyon inspir\u00e1lta a tengerparti k\u00f6rnyezet \u00e9s a r\u00e9gi\u00f3 szorgalmas emberei, ami meg is l\u00e1tszik a festm\u00e9ny er\u0151teljes k\u00e9pis\u00e9g\u00e9n \u00e9s \u00e9rzelmess\u00e9g\u00e9n.<\/p>\n<p>Emellett a festm\u00e9ny Van Gogh azon v\u00e1gy\u00e1t is t\u00fckr\u00f6zi, hogy kapcsolatba l\u00e9pjen a helyi k\u00f6z\u00f6ss\u00e9ggel, \u00e9s mindennapi \u00e9let\u00fck r\u00e9sze legyen. Elt\u00f6k\u00e9lt sz\u00e1nd\u00e9ka volt, hogy olyan m\u0171v\u00e9szetet alkosson, amely a hal\u00e1szok \u00e9let\u00e9t \u00e9s a tengert t\u00fckr\u00f6zi, a festm\u00e9ny pedig az \u0151 er\u0151fesz\u00edt\u00e9seinek bizony\u00edt\u00e9ka.<\/p>\n<p>Meg\u00e1llap\u00edthatjuk, hogy a &#8220;Horg\u00e1szcs\u00f3nakok a Les Saintes-Maries-de-la-Mer tengerpartj\u00e1n&#8221; c\u00edm\u0171 festm\u00e9ny egy elb\u0171v\u00f6l\u0151 \u00e9s \u00e9rzelmes festm\u00e9ny, amely Vincent van Gogh posztimpresszionista st\u00edlus\u00e1ra jellemz\u0151 mer\u00e9sz ecsetvon\u00e1sokat, emocion\u00e1liss\u00e1got \u00e9s er\u0151s szimbolik\u00e1t mutatja. A sz\u00ednek \u00e9s ecsetvon\u00e1sok haszn\u00e1lata a festm\u00e9nyen mozg\u00e1s \u00e9s energia \u00e9rzetet kelt, a hal\u00e1szhaj\u00f3k \u00e9s szikl\u00e1k pedig a kem\u00e9ny munka \u00e9s a term\u00e9szettel val\u00f3 k\u00fczdelem gondolat\u00e1t szimboliz\u00e1lj\u00e1k. A festm\u00e9nyt Van Gogh egyik legikonikusabb \u00e9s leger\u0151sebb alkot\u00e1s\u00e1nak tartj\u00e1k. A Van Gogh M\u00fazeumban tal\u00e1lhat\u00f3 Amszterdamban, Hollandi\u00e1ban. M\u00e9g mindig csod\u00e1lj\u00e1k \u00e9s tanulm\u00e1nyozz\u00e1k a m\u0171v\u00e9szet szerelmesei \u00e9s szak\u00e9rt\u0151i egyar\u00e1nt. Az er\u0151teljes k\u00e9palkot\u00e1s, az \u00e9rzelmess\u00e9g \u00e9s a gazdag szimbolika a festm\u00e9nyt minden m\u0171v\u00e9szetkedvel\u0151 vagy Vincent van Gogh munk\u00e1i ir\u00e1nt \u00e9rdekl\u0151d\u0151 sz\u00e1m\u00e1ra k\u00f6telez\u0151v\u00e9 teszi.<\/p>\n","protected":false},"excerpt":{"rendered":"<p>Vincent Van Gogh \u2013 Horg\u00e1szcs\u00f3nakok a Les Saintes-Maries-de-la-Mer tengerpartj\u00e1n &nbsp; L\u00e9trehoz\u00e1s \u00e9ve: 1888 Eredeti m\u00e9ret: 81,5 cm x 65 cm Fest\u00e9si st\u00edlus: Posztimpresszionizmus Eredeti technika: Olaj, v\u00e1szon Helysz\u00edn: Van Gogh M\u00fazeum, Hollandia 1888 m\u00e1jus\u00e1nak v\u00e9g\u00e9n Van Gogh elhagyta Arles-t, \u00e9s egy h\u00e9tig ell\u00e1togatott Les Saintes-Maries-de-la-Mer tengerparti v\u00e1ros\u00e1ba. Elb\u0171v\u00f6lt\u00e9k a F\u00f6ldk\u00f6zi-tenger [&hellip;]<\/p>\n","protected":false},"featured_media":49599,"template":"","meta":{"_acf_changed":false},"product_brand":[],"product_cat":[7150],"product_tag":[11885,11886,11887,7215],"class_list":{"0":"post-54756","1":"product","2":"type-product","3":"status-publish","4":"has-post-thumbnail","6":"product_cat-vincent-van-gogh-hu","7":"product_tag-painter-hu","8":"product_tag-reproduction","9":"product_tag-reproductions-hu","10":"product_tag-van-gogh-hu","11":"pa_dimenzija-100-x-80-cm","12":"pa_dimenzija-120-x-100-cm","13":"pa_dimenzija-150-x-120-cm","14":"pa_dimenzija-50-x-40-cm","15":"pa_dimenzija-60-x-50-cm","16":"pa_dimenzija-70-x-60-cm","17":"pa_dimenzija-82-x-65-cm","18":"pa_dimenzija-90-x-70-cm","19":"pa_oblika-vizszintes","20":"pa_okvir-nincs-keret","21":"pa_podokvir-igen","22":"pa_podokvir-nem","24":"first","25":"onbackorder","26":"purchasable","27":"product-type-variable","28":"has-default-attributes"},"acf":[],"yoast_head":"<!-- This site is optimized with the Yoast SEO Premium plugin v26.0 (Yoast SEO v27.2) - https:\/\/yoast.com\/product\/yoast-seo-premium-wordpress\/ -->\n<title>Vincent van Gogh - Fishing Boats on the Beach at Les Saintes-Maries-de-la-Mer - SVETSLIK.SI - 100% k\u00e9zzel festett<\/title>\n<meta name=\"description\" content=\"Vincent van Gogh - Fishing Boats on the Beach at Les Saintes-Maries-de-la-Mer - 100% k\u00e9zzel festett h\u00edres festm\u00e9nyek reprodukci\u00f3i. Festm\u00e9nyek keretez\u00e9se, elad\u00e1sa \u00e9s egyedi rendel\u00e9sre t\u00f6rt\u00e9n\u0151 v\u00e1szonk\u00e9pek k\u00e9sz\u00edt\u00e9se.\" \/>\n<meta name=\"robots\" content=\"index, follow, max-snippet:-1, max-image-preview:large, max-video-preview:-1\" \/>\n<link rel=\"canonical\" href=\"https:\/\/svetslik.si\/hu\/vincent-van-gogh-hu\/fishing-boats-on-the-beach-at-les-saintes-maries-de-la-mer\/\" \/>\n<meta property=\"og:locale\" content=\"hu_HU\" \/>\n<meta property=\"og:type\" content=\"article\" \/>\n<meta property=\"og:title\" content=\"Vincent van Gogh - Fishing Boats on the Beach at Les Saintes-Maries-de-la-Mer\" \/>\n<meta property=\"og:description\" content=\"100% ro\u010dno naslikane slike na platnu, reprodukcije znanih slikarjev in umetni\u0161ke slike po naro\u010dilu.\" \/>\n<meta property=\"og:url\" content=\"https:\/\/svetslik.si\/hu\/vincent-van-gogh-hu\/fishing-boats-on-the-beach-at-les-saintes-maries-de-la-mer\/\" \/>\n<meta property=\"og:site_name\" content=\"SVETSLIK.SI\" \/>\n<meta property=\"article:publisher\" content=\"https:\/\/www.facebook.com\/svetslik.si\" \/>\n<meta property=\"article:modified_time\" content=\"2026-03-22T20:59:53+00:00\" \/>\n<meta property=\"og:image\" content=\"https:\/\/svetslik.si\/wp-content\/uploads\/2021\/08\/image_Fishing-Boats-on-the-Beach-at-Les-Saintes-Maries-de-la-Mer-Van-Gogh_680.jpg\" \/>\n\t<meta property=\"og:image:width\" content=\"1280\" \/>\n\t<meta property=\"og:image:height\" content=\"1029\" \/>\n\t<meta property=\"og:image:type\" content=\"image\/jpeg\" \/>\n<meta name=\"twitter:card\" content=\"summary_large_image\" \/>\n<meta name=\"twitter:site\" content=\"@svetslik\" \/>\n<meta name=\"twitter:label1\" content=\"El\u00e9rhet\u0151s\u00e9g\" \/>\n\t<meta name=\"twitter:data1\" content=\"Beszerz\u00e9s alatt\" \/>\n<script type=\"application\/ld+json\" class=\"yoast-schema-graph\">{\"@context\":\"https:\/\/schema.org\",\"@graph\":[{\"@type\":[\"WebPage\",\"ItemPage\"],\"@id\":\"https:\/\/svetslik.si\/hu\/vincent-van-gogh-hu\/fishing-boats-on-the-beach-at-les-saintes-maries-de-la-mer\/\",\"url\":\"https:\/\/svetslik.si\/hu\/vincent-van-gogh-hu\/fishing-boats-on-the-beach-at-les-saintes-maries-de-la-mer\/\",\"name\":\"Vincent van Gogh - Fishing Boats on the Beach at Les Saintes-Maries-de-la-Mer - SVETSLIK.SI - 100% k\u00e9zzel festett\",\"isPartOf\":{\"@id\":\"https:\/\/svetslik.si\/hu\/#website\"},\"primaryImageOfPage\":{\"@id\":\"https:\/\/svetslik.si\/hu\/vincent-van-gogh-hu\/fishing-boats-on-the-beach-at-les-saintes-maries-de-la-mer\/#primaryimage\"},\"image\":{\"@id\":\"https:\/\/svetslik.si\/hu\/vincent-van-gogh-hu\/fishing-boats-on-the-beach-at-les-saintes-maries-de-la-mer\/#primaryimage\"},\"thumbnailUrl\":\"https:\/\/svetslik.si\/wp-content\/uploads\/2021\/08\/image_Fishing-Boats-on-the-Beach-at-Les-Saintes-Maries-de-la-Mer-Van-Gogh_680.jpg\",\"datePublished\":\"2021-09-02T16:07:09+00:00\",\"dateModified\":\"2026-03-22T20:59:53+00:00\",\"description\":\"Vincent van Gogh - Fishing Boats on the Beach at Les Saintes-Maries-de-la-Mer - 100% k\u00e9zzel festett h\u00edres festm\u00e9nyek reprodukci\u00f3i. Festm\u00e9nyek keretez\u00e9se, elad\u00e1sa \u00e9s egyedi rendel\u00e9sre t\u00f6rt\u00e9n\u0151 v\u00e1szonk\u00e9pek k\u00e9sz\u00edt\u00e9se.\",\"breadcrumb\":{\"@id\":\"https:\/\/svetslik.si\/hu\/vincent-van-gogh-hu\/fishing-boats-on-the-beach-at-les-saintes-maries-de-la-mer\/#breadcrumb\"},\"inLanguage\":\"hu\",\"potentialAction\":[{\"@type\":\"ReadAction\",\"target\":[\"https:\/\/svetslik.si\/hu\/vincent-van-gogh-hu\/fishing-boats-on-the-beach-at-les-saintes-maries-de-la-mer\/\"]}]},{\"@type\":\"ImageObject\",\"inLanguage\":\"hu\",\"@id\":\"https:\/\/svetslik.si\/hu\/vincent-van-gogh-hu\/fishing-boats-on-the-beach-at-les-saintes-maries-de-la-mer\/#primaryimage\",\"url\":\"https:\/\/svetslik.si\/wp-content\/uploads\/2021\/08\/image_Fishing-Boats-on-the-Beach-at-Les-Saintes-Maries-de-la-Mer-Van-Gogh_680.jpg\",\"contentUrl\":\"https:\/\/svetslik.si\/wp-content\/uploads\/2021\/08\/image_Fishing-Boats-on-the-Beach-at-Les-Saintes-Maries-de-la-Mer-Van-Gogh_680.jpg\",\"width\":1280,\"height\":1029,\"caption\":\"Vincent Van Gogh - Fishing Boats on the Beach at Les Saintes-Maries-de-la-Mer - Hal\u00e1szhaj\u00f3k a tengerparton Les Saintes-Maries-de-la-Mer-ben - REPRODUKCI\u00d3I - V\u00e1szonk\u00e9p - Festm\u00e9nyek reprodukci\u00f3i - Absztrakt Festm\u00e9ny - Modern Festm\u00e9ny - Realisztikus Festm\u00e9ny - Olajfestm\u00e9ny - Falik\u00e9p\"},{\"@type\":\"BreadcrumbList\",\"@id\":\"https:\/\/svetslik.si\/hu\/vincent-van-gogh-hu\/fishing-boats-on-the-beach-at-les-saintes-maries-de-la-mer\/#breadcrumb\",\"itemListElement\":[{\"@type\":\"ListItem\",\"position\":1,\"name\":\"Wall art and paintings on canvas\",\"item\":\"https:\/\/svetslik.si\/hu\/\"},{\"@type\":\"ListItem\",\"position\":2,\"name\":\"Festm\u00e9nyek elad\u00e1sa\",\"item\":\"https:\/\/svetslik.si\/prodaja-slik\/\"},{\"@type\":\"ListItem\",\"position\":3,\"name\":\"Vincent van Gogh &#8211; Fishing Boats on the Beach at Les Saintes-Maries-de-la-Mer\"}]},{\"@type\":\"WebSite\",\"@id\":\"https:\/\/svetslik.si\/hu\/#website\",\"url\":\"https:\/\/svetslik.si\/hu\/\",\"name\":\"SVETSLIK.SI\",\"description\":\"100%-ban k\u00e9zzel festett reprodukci\u00f3k h\u00edres fest\u0151k festm\u00e9nyeir\u0151l \u00e9s festm\u00e9nyekr\u0151l v\u00e1szonra.\",\"publisher\":{\"@id\":\"https:\/\/svetslik.si\/hu\/#organization\"},\"potentialAction\":[{\"@type\":\"SearchAction\",\"target\":{\"@type\":\"EntryPoint\",\"urlTemplate\":\"https:\/\/svetslik.si\/hu\/?s={search_term_string}\"},\"query-input\":{\"@type\":\"PropertyValueSpecification\",\"valueRequired\":true,\"valueName\":\"search_term_string\"}}],\"inLanguage\":\"hu\"},{\"@type\":\"Organization\",\"@id\":\"https:\/\/svetslik.si\/hu\/#organization\",\"name\":\"SvetSlik.si\",\"url\":\"https:\/\/svetslik.si\/hu\/\",\"logo\":{\"@type\":\"ImageObject\",\"inLanguage\":\"hu\",\"@id\":\"https:\/\/svetslik.si\/hu\/#\/schema\/logo\/image\/\",\"url\":\"https:\/\/svetslik.si\/wp-content\/uploads\/2020\/12\/logo-512.png\",\"contentUrl\":\"https:\/\/svetslik.si\/wp-content\/uploads\/2020\/12\/logo-512.png\",\"width\":512,\"height\":512,\"caption\":\"SvetSlik.si\"},\"image\":{\"@id\":\"https:\/\/svetslik.si\/hu\/#\/schema\/logo\/image\/\"},\"sameAs\":[\"https:\/\/www.facebook.com\/svetslik.si\",\"https:\/\/x.com\/svetslik\",\"https:\/\/www.instagram.com\/svetslik.si\/\",\"https:\/\/www.linkedin.com\/company\/svetslik-si\"]}]}<\/script>\n<meta property=\"og:availability\" content=\"backorder\" \/>\n<meta property=\"product:availability\" content=\"available for order\" \/>\n<meta property=\"product:retailer_item_id\" content=\"415__\" \/>\n<meta property=\"product:condition\" content=\"new\" \/>\n<!-- \/ Yoast SEO Premium plugin. -->","yoast_head_json":{"title":"Vincent van Gogh - Fishing Boats on the Beach at Les Saintes-Maries-de-la-Mer - SVETSLIK.SI - 100% k\u00e9zzel festett","description":"Vincent van Gogh - Fishing Boats on the Beach at Les Saintes-Maries-de-la-Mer - 100% k\u00e9zzel festett h\u00edres festm\u00e9nyek reprodukci\u00f3i. Festm\u00e9nyek keretez\u00e9se, elad\u00e1sa \u00e9s egyedi rendel\u00e9sre t\u00f6rt\u00e9n\u0151 v\u00e1szonk\u00e9pek k\u00e9sz\u00edt\u00e9se.","robots":{"index":"index","follow":"follow","max-snippet":"max-snippet:-1","max-image-preview":"max-image-preview:large","max-video-preview":"max-video-preview:-1"},"canonical":"https:\/\/svetslik.si\/hu\/vincent-van-gogh-hu\/fishing-boats-on-the-beach-at-les-saintes-maries-de-la-mer\/","og_locale":"hu_HU","og_type":"article","og_title":"Vincent van Gogh - Fishing Boats on the Beach at Les Saintes-Maries-de-la-Mer","og_description":"100% ro\u010dno naslikane slike na platnu, reprodukcije znanih slikarjev in umetni\u0161ke slike po naro\u010dilu.","og_url":"https:\/\/svetslik.si\/hu\/vincent-van-gogh-hu\/fishing-boats-on-the-beach-at-les-saintes-maries-de-la-mer\/","og_site_name":"SVETSLIK.SI","article_publisher":"https:\/\/www.facebook.com\/svetslik.si","article_modified_time":"2026-03-22T20:59:53+00:00","og_image":[{"width":1280,"height":1029,"url":"https:\/\/svetslik.si\/wp-content\/uploads\/2021\/08\/image_Fishing-Boats-on-the-Beach-at-Les-Saintes-Maries-de-la-Mer-Van-Gogh_680.jpg","type":"image\/jpeg"}],"twitter_card":"summary_large_image","twitter_site":"@svetslik","twitter_misc":{"El\u00e9rhet\u0151s\u00e9g":"Beszerz\u00e9s alatt"},"schema":{"@context":"https:\/\/schema.org","@graph":[{"@type":["WebPage","ItemPage"],"@id":"https:\/\/svetslik.si\/hu\/vincent-van-gogh-hu\/fishing-boats-on-the-beach-at-les-saintes-maries-de-la-mer\/","url":"https:\/\/svetslik.si\/hu\/vincent-van-gogh-hu\/fishing-boats-on-the-beach-at-les-saintes-maries-de-la-mer\/","name":"Vincent van Gogh - Fishing Boats on the Beach at Les Saintes-Maries-de-la-Mer - SVETSLIK.SI - 100% k\u00e9zzel festett","isPartOf":{"@id":"https:\/\/svetslik.si\/hu\/#website"},"primaryImageOfPage":{"@id":"https:\/\/svetslik.si\/hu\/vincent-van-gogh-hu\/fishing-boats-on-the-beach-at-les-saintes-maries-de-la-mer\/#primaryimage"},"image":{"@id":"https:\/\/svetslik.si\/hu\/vincent-van-gogh-hu\/fishing-boats-on-the-beach-at-les-saintes-maries-de-la-mer\/#primaryimage"},"thumbnailUrl":"https:\/\/svetslik.si\/wp-content\/uploads\/2021\/08\/image_Fishing-Boats-on-the-Beach-at-Les-Saintes-Maries-de-la-Mer-Van-Gogh_680.jpg","datePublished":"2021-09-02T16:07:09+00:00","dateModified":"2026-03-22T20:59:53+00:00","description":"Vincent van Gogh - Fishing Boats on the Beach at Les Saintes-Maries-de-la-Mer - 100% k\u00e9zzel festett h\u00edres festm\u00e9nyek reprodukci\u00f3i. Festm\u00e9nyek keretez\u00e9se, elad\u00e1sa \u00e9s egyedi rendel\u00e9sre t\u00f6rt\u00e9n\u0151 v\u00e1szonk\u00e9pek k\u00e9sz\u00edt\u00e9se.","breadcrumb":{"@id":"https:\/\/svetslik.si\/hu\/vincent-van-gogh-hu\/fishing-boats-on-the-beach-at-les-saintes-maries-de-la-mer\/#breadcrumb"},"inLanguage":"hu","potentialAction":[{"@type":"ReadAction","target":["https:\/\/svetslik.si\/hu\/vincent-van-gogh-hu\/fishing-boats-on-the-beach-at-les-saintes-maries-de-la-mer\/"]}]},{"@type":"ImageObject","inLanguage":"hu","@id":"https:\/\/svetslik.si\/hu\/vincent-van-gogh-hu\/fishing-boats-on-the-beach-at-les-saintes-maries-de-la-mer\/#primaryimage","url":"https:\/\/svetslik.si\/wp-content\/uploads\/2021\/08\/image_Fishing-Boats-on-the-Beach-at-Les-Saintes-Maries-de-la-Mer-Van-Gogh_680.jpg","contentUrl":"https:\/\/svetslik.si\/wp-content\/uploads\/2021\/08\/image_Fishing-Boats-on-the-Beach-at-Les-Saintes-Maries-de-la-Mer-Van-Gogh_680.jpg","width":1280,"height":1029,"caption":"Vincent Van Gogh - Fishing Boats on the Beach at Les Saintes-Maries-de-la-Mer - Hal\u00e1szhaj\u00f3k a tengerparton Les Saintes-Maries-de-la-Mer-ben - REPRODUKCI\u00d3I - V\u00e1szonk\u00e9p - Festm\u00e9nyek reprodukci\u00f3i - Absztrakt Festm\u00e9ny - Modern Festm\u00e9ny - Realisztikus Festm\u00e9ny - Olajfestm\u00e9ny - Falik\u00e9p"},{"@type":"BreadcrumbList","@id":"https:\/\/svetslik.si\/hu\/vincent-van-gogh-hu\/fishing-boats-on-the-beach-at-les-saintes-maries-de-la-mer\/#breadcrumb","itemListElement":[{"@type":"ListItem","position":1,"name":"Wall art and paintings on canvas","item":"https:\/\/svetslik.si\/hu\/"},{"@type":"ListItem","position":2,"name":"Festm\u00e9nyek elad\u00e1sa","item":"https:\/\/svetslik.si\/prodaja-slik\/"},{"@type":"ListItem","position":3,"name":"Vincent van Gogh &#8211; Fishing Boats on the Beach at Les Saintes-Maries-de-la-Mer"}]},{"@type":"WebSite","@id":"https:\/\/svetslik.si\/hu\/#website","url":"https:\/\/svetslik.si\/hu\/","name":"SVETSLIK.SI","description":"100%-ban k\u00e9zzel festett reprodukci\u00f3k h\u00edres fest\u0151k festm\u00e9nyeir\u0151l \u00e9s festm\u00e9nyekr\u0151l v\u00e1szonra.","publisher":{"@id":"https:\/\/svetslik.si\/hu\/#organization"},"potentialAction":[{"@type":"SearchAction","target":{"@type":"EntryPoint","urlTemplate":"https:\/\/svetslik.si\/hu\/?s={search_term_string}"},"query-input":{"@type":"PropertyValueSpecification","valueRequired":true,"valueName":"search_term_string"}}],"inLanguage":"hu"},{"@type":"Organization","@id":"https:\/\/svetslik.si\/hu\/#organization","name":"SvetSlik.si","url":"https:\/\/svetslik.si\/hu\/","logo":{"@type":"ImageObject","inLanguage":"hu","@id":"https:\/\/svetslik.si\/hu\/#\/schema\/logo\/image\/","url":"https:\/\/svetslik.si\/wp-content\/uploads\/2020\/12\/logo-512.png","contentUrl":"https:\/\/svetslik.si\/wp-content\/uploads\/2020\/12\/logo-512.png","width":512,"height":512,"caption":"SvetSlik.si"},"image":{"@id":"https:\/\/svetslik.si\/hu\/#\/schema\/logo\/image\/"},"sameAs":["https:\/\/www.facebook.com\/svetslik.si","https:\/\/x.com\/svetslik","https:\/\/www.instagram.com\/svetslik.si\/","https:\/\/www.linkedin.com\/company\/svetslik-si"]}]},"og_availability":"backorder","product_availability":"available for order","product_retailer_item_id":"415__","product_condition":"new"},"jetpack_sharing_enabled":true,"_links":{"self":[{"href":"https:\/\/svetslik.si\/hu\/wp-json\/wp\/v2\/product\/54756","targetHints":{"allow":["GET"]}}],"collection":[{"href":"https:\/\/svetslik.si\/hu\/wp-json\/wp\/v2\/product"}],"about":[{"href":"https:\/\/svetslik.si\/hu\/wp-json\/wp\/v2\/types\/product"}],"wp:featuredmedia":[{"embeddable":true,"href":"https:\/\/svetslik.si\/hu\/wp-json\/wp\/v2\/media\/49599"}],"wp:attachment":[{"href":"https:\/\/svetslik.si\/hu\/wp-json\/wp\/v2\/media?parent=54756"}],"wp:term":[{"taxonomy":"product_brand","embeddable":true,"href":"https:\/\/svetslik.si\/hu\/wp-json\/wp\/v2\/product_brand?post=54756"},{"taxonomy":"product_cat","embeddable":true,"href":"https:\/\/svetslik.si\/hu\/wp-json\/wp\/v2\/product_cat?post=54756"},{"taxonomy":"product_tag","embeddable":true,"href":"https:\/\/svetslik.si\/hu\/wp-json\/wp\/v2\/product_tag?post=54756"}],"curies":[{"name":"wp","href":"https:\/\/api.w.org\/{rel}","templated":true}]}}