{"id":54783,"date":"2021-09-02T18:07:25","date_gmt":"2021-09-02T16:07:25","guid":{"rendered":"https:\/\/svetslik.si\/nem-kategorizalt\/hospital-at-saint-remy\/"},"modified":"2026-03-22T22:00:34","modified_gmt":"2026-03-22T21:00:34","slug":"hospital-at-saint-remy","status":"publish","type":"product","link":"https:\/\/svetslik.si\/hu\/vincent-van-gogh-hu\/hospital-at-saint-remy\/","title":{"rendered":"Vincent van Gogh &#8211; Hospital at Saint-R\u00e9my"},"content":{"rendered":"<h1>Vincent Van Gogh \u2013 Saint-R\u00e9my-i K\u00f3rh\u00e1z<\/h1>\n<table id=\"imageinfo\" border=\"0\" width=\"96%\" cellpadding=\"2\">\n<tbody>\n<tr>\n<td width=\"120\">L\u00e9trehoz\u00e1s \u00e9ve:<\/td>\n<td>1889<\/td>\n<\/tr>\n<tr>\n<td>Eredeti m\u00e9ret:<\/td>\n<td>73,3 x 90,2 cm<\/td>\n<\/tr>\n<tr>\n<td>Fest\u00e9si st\u00edlus:<\/td>\n<td>Posztimpresszionizmus<\/td>\n<\/tr>\n<tr>\n<td>Eredeti technika:<\/td>\n<td>Olaj, v\u00e1szon<\/td>\n<\/tr>\n<tr>\n<td>Helysz\u00edn:<\/td>\n<td>Armand Hammer Collection, USA<\/td>\n<\/tr>\n<\/tbody>\n<\/table>\n<p>Amikor Van Gogh ideg\u00f6sszeoml\u00e1st kapott, \u00f6nk\u00e9nt jelentkezett egy Saint Remy-i pszichi\u00e1triai k\u00f3rh\u00e1zba. Van Gogh ideg\u00f6sszeoml\u00e1s\u00e1t els\u0151sorban a t\u00falzott alkohol- \u00e9s doh\u00e1nyfogyaszt\u00e1snak tulajdon\u00edtj\u00e1k, amit hal\u00e1l\u00e1ig sem mondott le. Saj\u00e1t szob\u00e1ja \u00e9s m\u0171terme volt a k\u00f3rh\u00e1zban. A fest\u0151 val\u00f3sz\u00edn\u0171leg m\u00e1ni\u00e1s depresszi\u00f3ban \u00e9s epilepszi\u00e1ban szenvedett. A <em>K\u00f3rh\u00e1z Saint-R\u00e9myben<\/em> festm\u00e9ny egy tipikus provence-i vid\u00e9ki h\u00e1zat mutat be oszlopos bej\u00e1rattal, erk\u00e9llyel \u00e9s z\u00f6ld red\u0151nnyel.<\/p>\n<p>Vincent van Gogh holland m\u0171v\u00e9sz 1889-es festm\u00e9nye, a &#8220;Saint-R\u00e9my k\u00f3rh\u00e1z&#8221; c\u00edm\u0171 festm\u00e9nye er\u0151teljes \u00e9s leny\u0171g\u00f6z\u0151 festm\u00e9ny, amely a m\u0171v\u00e9sz term\u00e9szet \u00e9s az emberi \u00e1llapot ir\u00e1nti szenved\u00e9ly\u00e9t mutatja be. A festm\u00e9ny a Saint-Paul-de-Mausole-i k\u00f3rh\u00e1zat mutatja be, ahol maga Van Gogh is beteg volt, egy buja t\u00e1j k\u00f6zep\u00e9n, f\u00e1kkal \u00e9s mez\u0151kkel. A festm\u00e9ny sz\u00e9les k\u00f6rben elismert mer\u00e9sz ecsetvon\u00e1sair\u00f3l, \u00e9rzelmess\u00e9g\u00e9r\u0151l \u00e9s er\u0151s szimbolik\u00e1j\u00e1r\u00f3l.<\/p>\n<p>A Saint-R\u00e9my K\u00f3rh\u00e1z kiv\u00e1l\u00f3 p\u00e9ld\u00e1ja Van Gogh posztimpresszionista st\u00edlus\u00e1nak, amelyet s\u0171r\u0171 \u00e9s j\u00f3l l\u00e1that\u00f3 ecsetvon\u00e1sok, \u00e9l\u00e9nk sz\u00ednek \u00e9s mer\u00e9sz kontrasztok jellemeznek. A mer\u00e9sz ecsetvon\u00e1sok \u00e9s az \u00e9l\u00e9nk sz\u00ednek a mozg\u00e1s \u00e9s az energia \u00e9rzet\u00e9t keltik a festm\u00e9nyen, m\u00edg a buja t\u00e1j a b\u00e9ke \u00e9s a nyugalom \u00e9rzet\u00e9t kelti. A k\u00e9k \u00e9s feh\u00e9r \u00e1rnyalatokkal \u00e1br\u00e1zolt k\u00f3rh\u00e1z kiemelkedik a t\u00e1jb\u00f3l, kontrasztot \u00e9s elszigetelts\u00e9get keltve.<\/p>\n<p>A Saint-R\u00e9my K\u00f3rh\u00e1z c\u00edm\u0171 festm\u00e9ny egyik legszembet\u0171n\u0151bb jellemz\u0151je a sz\u00ednhaszn\u00e1lat. Van Gogh mer\u00e9sz, kontrasztos sz\u00ednek haszn\u00e1lata a mozg\u00e1s \u00e9s az energia \u00e9rzet\u00e9t kelti a festm\u00e9nyen, m\u00edg a k\u00f3rh\u00e1z\u00e9p\u00fclet k\u00e9k-feh\u00e9r sz\u00edne m\u00e9lys\u00e9get \u00e9s dimenzi\u00f3t kelt. A buja z\u00f6ld t\u00e1jat a z\u00f6ld \u00e1rnyalatai \u00e1br\u00e1zolj\u00e1k, ami a megalapozotts\u00e1g \u00e9s a stabilit\u00e1s \u00e9rzet\u00e9t kelt. Figyelemre m\u00e9lt\u00f3ak m\u00e9g a s\u0171r\u0171, j\u00f3l l\u00e1that\u00f3 von\u00e1s\u00fa ecsetvon\u00e1sok, amelyek mozg\u00e1s- \u00e9s energia\u00e9rzetet adnak a festm\u00e9nynek.<\/p>\n<p>A festm\u00e9ny szimbolik\u00e1ja is gazdag. A k\u00f3rh\u00e1zat, ahol Van Gogh beteg volt, gyakran a bez\u00e1rts\u00e1g \u00e9s a szabads\u00e1g elveszt\u00e9s\u00e9nek szimb\u00f3lum\u00e1nak tekintik. M\u00e1sr\u00e9szt egy buja t\u00e1j szimboliz\u00e1lhatja a rem\u00e9ny gondolat\u00e1t \u00e9s a gy\u00f3gyul\u00e1s lehet\u0151s\u00e9g\u00e9t. A festm\u00e9ny \u00e1ll\u00edt\u00f3lag Van Gogh akkori \u00e9rzelmi \u00e1llapot\u00e1t \u00e1br\u00e1zolja. A festm\u00e9ny akkor k\u00e9sz\u00fclt, amikor Van Gogh a Saint-Paul-de-Mausole mened\u00e9kh\u00e1zban tart\u00f3zkodott, \u00e9s v\u00e9lhet\u0151en t\u00fckr\u00f6zi a m\u0171v\u00e9sz bez\u00e1rts\u00e1g \u00e9s szabads\u00e1gv\u00e1gy \u00e9rz\u00e9s\u00e9t.<\/p>\n<p>A Saint-R\u00e9my k\u00f3rh\u00e1zat Van Gogh egyik legikonikusabb \u00e9s leger\u0151sebb alkot\u00e1sak\u00e9nt tartj\u00e1k sz\u00e1mon. A festm\u00e9ny a Van Gogh M\u00fazeumban tal\u00e1lhat\u00f3 Amszterdamban, Hollandi\u00e1ban. A posztimpresszionizmus fontos alkot\u00e1sa, amelyet m\u00e1ig csod\u00e1lnak \u00e9s tanulm\u00e1nyoznak mind amat\u0151r\u00f6k, mind szak\u00e9rt\u0151k. Az er\u0151teljes k\u00e9palkot\u00e1s, az \u00e9rzelmess\u00e9g \u00e9s a gazdag szimbolika a festm\u00e9nyt minden m\u0171v\u00e9szetkedvel\u0151 vagy Vincent van Gogh munk\u00e1i ir\u00e1nt \u00e9rdekl\u0151d\u0151 sz\u00e1m\u00e1ra k\u00f6telez\u0151v\u00e9 teszi.<\/p>\n<p>Meg\u00e1llap\u00edthatjuk, hogy a &#8220;Saint-R\u00e9my k\u00f3rh\u00e1z&#8221; egy er\u0151teljes \u00e9s meglep\u0151 festm\u00e9ny, amely Vincent van Gogh posztimpresszionista st\u00edlus\u00e1ra jellemz\u0151 mer\u00e9sz ecsetvon\u00e1sokat, emocionalit\u00e1st \u00e9s er\u0151s szimbolik\u00e1t mutatja. A festm\u00e9nyen a sz\u00ednek \u00e9s az ecsetvon\u00e1sok mozg\u00e1s- \u00e9s energia\u00e9rzetet keltenek, a k\u00f3rh\u00e1z \u00e9s a buja t\u00e1j pedig a bez\u00e1rts\u00e1got, illetve a rem\u00e9nyt szimboliz\u00e1lja. A festm\u00e9nyt Van Gogh egyik legikonikusabb \u00e9s leger\u0151sebb alkot\u00e1s\u00e1nak tartj\u00e1k. A Van Gogh M\u00fazeumban tal\u00e1lhat\u00f3 Amszterdamban, Hollandi\u00e1ban. M\u00e9g mindig csod\u00e1lj\u00e1k \u00e9s tanulm\u00e1nyozz\u00e1k amat\u0151r\u00f6k \u00e9s szak\u00e9rt\u0151k egyar\u00e1nt. Az er\u0151teljes k\u00e9palkot\u00e1s, az \u00e9rzelmess\u00e9g \u00e9s a gazdag szimbolika a festm\u00e9nyt minden m\u0171v\u00e9szetkedvel\u0151 vagy Vincent van Gogh munk\u00e1i ir\u00e1nt \u00e9rdekl\u0151d\u0151 sz\u00e1m\u00e1ra k\u00f6telez\u0151v\u00e9 teszi. A festm\u00e9ny nemcsak Van Gogh m\u0171v\u00e9szi tehets\u00e9g\u00e9t mutatja be, hanem betekint\u00e9st ny\u00fajt a m\u0171v\u00e9sz szem\u00e9lyes k\u00fczdelmeibe \u00e9s \u00e9rzelmi \u00e1llapot\u00e1ba is a mened\u00e9kh\u00e1zban val\u00f3 tart\u00f3zkod\u00e1sa alatt. A festm\u00e9ny megrend\u00edt\u0151en eml\u00e9keztet az emberi elme \u00f6sszetetts\u00e9g\u00e9re \u00e9s a m\u0171v\u00e9szet azon erej\u00e9re, amellyel ezeket a bonyolults\u00e1gokat vizu\u00e1lisan leny\u0171g\u00f6z\u0151 \u00e9s megind\u00edt\u00f3 m\u00f3don fejezi ki. Ez a festm\u00e9ny \u00e9rt\u00e9kes kieg\u00e9sz\u00edt\u00e9se Van Gogh m\u0171veinek k\u00e1nonj\u00e1nak, \u00e9s tov\u00e1bbra is inspir\u00e1ci\u00f3t \u00e9s gondolati forr\u00e1st jelent a m\u0171v\u00e9szet szerelmeseinek \u00e9s t\u00f6rt\u00e9n\u00e9szeknek egyar\u00e1nt.<\/p>\n","protected":false},"excerpt":{"rendered":"<p>Vincent Van Gogh \u2013 Saint-R\u00e9my-i K\u00f3rh\u00e1z L\u00e9trehoz\u00e1s \u00e9ve: 1889 Eredeti m\u00e9ret: 73,3 x 90,2 cm Fest\u00e9si st\u00edlus: Posztimpresszionizmus Eredeti technika: Olaj, v\u00e1szon Helysz\u00edn: Armand Hammer Collection, USA Amikor Van Gogh ideg\u00f6sszeoml\u00e1st kapott, \u00f6nk\u00e9nt jelentkezett egy Saint Remy-i pszichi\u00e1triai k\u00f3rh\u00e1zba. Van Gogh ideg\u00f6sszeoml\u00e1s\u00e1t els\u0151sorban a t\u00falzott alkohol- \u00e9s doh\u00e1nyfogyaszt\u00e1snak tulajdon\u00edtj\u00e1k, amit [&hellip;]<\/p>\n","protected":false},"featured_media":49642,"template":"","meta":{"_acf_changed":false},"product_brand":[],"product_cat":[7150],"product_tag":[11885,11886,11887,7215],"class_list":{"0":"post-54783","1":"product","2":"type-product","3":"status-publish","4":"has-post-thumbnail","6":"product_cat-vincent-van-gogh-hu","7":"product_tag-painter-hu","8":"product_tag-reproduction","9":"product_tag-reproductions-hu","10":"product_tag-van-gogh-hu","11":"pa_dimenzija-100-x-120-cm","12":"pa_dimenzija-120-x-150-cm","13":"pa_dimenzija-40-x-50-cm","14":"pa_dimenzija-50-x-60-cm","15":"pa_dimenzija-60-x-75-cm","16":"pa_dimenzija-73-x-90-cm","17":"pa_dimenzija-80-x-100-cm","18":"pa_dimenzija-90-x-110-cm","19":"pa_oblika-fuggoleges","20":"pa_okvir-nincs-keret","21":"pa_podokvir-igen","22":"pa_podokvir-nem","24":"first","25":"onbackorder","26":"purchasable","27":"product-type-variable","28":"has-default-attributes"},"acf":[],"yoast_head":"<!-- This site is optimized with the Yoast SEO Premium plugin v26.0 (Yoast SEO v27.2) - https:\/\/yoast.com\/product\/yoast-seo-premium-wordpress\/ -->\n<title>Vincent van Gogh - Hospital at Saint-R\u00e9my - SVETSLIK.SI - 100% k\u00e9zzel festett<\/title>\n<meta name=\"description\" content=\"Vincent van Gogh - Hospital at Saint-R\u00e9my - 100% k\u00e9zzel festett h\u00edres festm\u00e9nyek reprodukci\u00f3i. Festm\u00e9nyek keretez\u00e9se, elad\u00e1sa \u00e9s egyedi rendel\u00e9sre t\u00f6rt\u00e9n\u0151 v\u00e1szonk\u00e9pek k\u00e9sz\u00edt\u00e9se.\" \/>\n<meta name=\"robots\" content=\"index, follow, max-snippet:-1, max-image-preview:large, max-video-preview:-1\" \/>\n<link rel=\"canonical\" href=\"https:\/\/svetslik.si\/hu\/vincent-van-gogh-hu\/hospital-at-saint-remy\/\" \/>\n<meta property=\"og:locale\" content=\"hu_HU\" \/>\n<meta property=\"og:type\" content=\"article\" \/>\n<meta property=\"og:title\" content=\"Vincent van Gogh - Hospital at Saint-R\u00e9my\" \/>\n<meta property=\"og:description\" content=\"100% ro\u010dno naslikane slike na platnu, reprodukcije znanih slikarjev in umetni\u0161ke slike po naro\u010dilu.\" \/>\n<meta property=\"og:url\" content=\"https:\/\/svetslik.si\/hu\/vincent-van-gogh-hu\/hospital-at-saint-remy\/\" \/>\n<meta property=\"og:site_name\" content=\"SVETSLIK.SI\" \/>\n<meta property=\"article:publisher\" content=\"https:\/\/www.facebook.com\/svetslik.si\" \/>\n<meta property=\"article:modified_time\" content=\"2026-03-22T21:00:34+00:00\" \/>\n<meta property=\"og:image\" content=\"https:\/\/svetslik.si\/wp-content\/uploads\/2021\/08\/image_Hospital-at-Saint-Remy-van-Gogh_680-scaled.jpg\" \/>\n\t<meta property=\"og:image:width\" content=\"2055\" \/>\n\t<meta property=\"og:image:height\" content=\"2560\" \/>\n\t<meta property=\"og:image:type\" content=\"image\/jpeg\" \/>\n<meta name=\"twitter:card\" content=\"summary_large_image\" \/>\n<meta name=\"twitter:site\" content=\"@svetslik\" \/>\n<meta name=\"twitter:label1\" content=\"El\u00e9rhet\u0151s\u00e9g\" \/>\n\t<meta name=\"twitter:data1\" content=\"Beszerz\u00e9s alatt\" \/>\n<script type=\"application\/ld+json\" class=\"yoast-schema-graph\">{\"@context\":\"https:\/\/schema.org\",\"@graph\":[{\"@type\":[\"WebPage\",\"ItemPage\"],\"@id\":\"https:\/\/svetslik.si\/hu\/vincent-van-gogh-hu\/hospital-at-saint-remy\/\",\"url\":\"https:\/\/svetslik.si\/hu\/vincent-van-gogh-hu\/hospital-at-saint-remy\/\",\"name\":\"Vincent van Gogh - Hospital at Saint-R\u00e9my - SVETSLIK.SI - 100% k\u00e9zzel festett\",\"isPartOf\":{\"@id\":\"https:\/\/svetslik.si\/hu\/#website\"},\"primaryImageOfPage\":{\"@id\":\"https:\/\/svetslik.si\/hu\/vincent-van-gogh-hu\/hospital-at-saint-remy\/#primaryimage\"},\"image\":{\"@id\":\"https:\/\/svetslik.si\/hu\/vincent-van-gogh-hu\/hospital-at-saint-remy\/#primaryimage\"},\"thumbnailUrl\":\"https:\/\/svetslik.si\/wp-content\/uploads\/2021\/08\/image_Hospital-at-Saint-Remy-van-Gogh_680-scaled.jpg\",\"datePublished\":\"2021-09-02T16:07:25+00:00\",\"dateModified\":\"2026-03-22T21:00:34+00:00\",\"description\":\"Vincent van Gogh - Hospital at Saint-R\u00e9my - 100% k\u00e9zzel festett h\u00edres festm\u00e9nyek reprodukci\u00f3i. Festm\u00e9nyek keretez\u00e9se, elad\u00e1sa \u00e9s egyedi rendel\u00e9sre t\u00f6rt\u00e9n\u0151 v\u00e1szonk\u00e9pek k\u00e9sz\u00edt\u00e9se.\",\"breadcrumb\":{\"@id\":\"https:\/\/svetslik.si\/hu\/vincent-van-gogh-hu\/hospital-at-saint-remy\/#breadcrumb\"},\"inLanguage\":\"hu\",\"potentialAction\":[{\"@type\":\"ReadAction\",\"target\":[\"https:\/\/svetslik.si\/hu\/vincent-van-gogh-hu\/hospital-at-saint-remy\/\"]}]},{\"@type\":\"ImageObject\",\"inLanguage\":\"hu\",\"@id\":\"https:\/\/svetslik.si\/hu\/vincent-van-gogh-hu\/hospital-at-saint-remy\/#primaryimage\",\"url\":\"https:\/\/svetslik.si\/wp-content\/uploads\/2021\/08\/image_Hospital-at-Saint-Remy-van-Gogh_680-scaled.jpg\",\"contentUrl\":\"https:\/\/svetslik.si\/wp-content\/uploads\/2021\/08\/image_Hospital-at-Saint-Remy-van-Gogh_680-scaled.jpg\",\"width\":2055,\"height\":2560,\"caption\":\"Vincent Van Gogh - Hospital at Saint-R\u00e9my - K\u00f3rh\u00e1z Saint-R\u00e9myben - REPRODUKCI\u00d3I - V\u00e1szonk\u00e9p - Festm\u00e9nyek reprodukci\u00f3i - Absztrakt Festm\u00e9ny - Modern Festm\u00e9ny - Realisztikus Festm\u00e9ny - Olajfestm\u00e9ny - Falik\u00e9p\"},{\"@type\":\"BreadcrumbList\",\"@id\":\"https:\/\/svetslik.si\/hu\/vincent-van-gogh-hu\/hospital-at-saint-remy\/#breadcrumb\",\"itemListElement\":[{\"@type\":\"ListItem\",\"position\":1,\"name\":\"Wall art and paintings on canvas\",\"item\":\"https:\/\/svetslik.si\/hu\/\"},{\"@type\":\"ListItem\",\"position\":2,\"name\":\"Festm\u00e9nyek elad\u00e1sa\",\"item\":\"https:\/\/svetslik.si\/prodaja-slik\/\"},{\"@type\":\"ListItem\",\"position\":3,\"name\":\"Vincent van Gogh &#8211; Hospital at Saint-R\u00e9my\"}]},{\"@type\":\"WebSite\",\"@id\":\"https:\/\/svetslik.si\/hu\/#website\",\"url\":\"https:\/\/svetslik.si\/hu\/\",\"name\":\"SVETSLIK.SI\",\"description\":\"100%-ban k\u00e9zzel festett reprodukci\u00f3k h\u00edres fest\u0151k festm\u00e9nyeir\u0151l \u00e9s festm\u00e9nyekr\u0151l v\u00e1szonra.\",\"publisher\":{\"@id\":\"https:\/\/svetslik.si\/hu\/#organization\"},\"potentialAction\":[{\"@type\":\"SearchAction\",\"target\":{\"@type\":\"EntryPoint\",\"urlTemplate\":\"https:\/\/svetslik.si\/hu\/?s={search_term_string}\"},\"query-input\":{\"@type\":\"PropertyValueSpecification\",\"valueRequired\":true,\"valueName\":\"search_term_string\"}}],\"inLanguage\":\"hu\"},{\"@type\":\"Organization\",\"@id\":\"https:\/\/svetslik.si\/hu\/#organization\",\"name\":\"SvetSlik.si\",\"url\":\"https:\/\/svetslik.si\/hu\/\",\"logo\":{\"@type\":\"ImageObject\",\"inLanguage\":\"hu\",\"@id\":\"https:\/\/svetslik.si\/hu\/#\/schema\/logo\/image\/\",\"url\":\"https:\/\/svetslik.si\/wp-content\/uploads\/2020\/12\/logo-512.png\",\"contentUrl\":\"https:\/\/svetslik.si\/wp-content\/uploads\/2020\/12\/logo-512.png\",\"width\":512,\"height\":512,\"caption\":\"SvetSlik.si\"},\"image\":{\"@id\":\"https:\/\/svetslik.si\/hu\/#\/schema\/logo\/image\/\"},\"sameAs\":[\"https:\/\/www.facebook.com\/svetslik.si\",\"https:\/\/x.com\/svetslik\",\"https:\/\/www.instagram.com\/svetslik.si\/\",\"https:\/\/www.linkedin.com\/company\/svetslik-si\"]}]}<\/script>\n<meta property=\"og:availability\" content=\"backorder\" \/>\n<meta property=\"product:availability\" content=\"available for order\" \/>\n<meta property=\"product:retailer_item_id\" content=\"418__\" \/>\n<meta property=\"product:condition\" content=\"new\" \/>\n<!-- \/ Yoast SEO Premium plugin. -->","yoast_head_json":{"title":"Vincent van Gogh - Hospital at Saint-R\u00e9my - SVETSLIK.SI - 100% k\u00e9zzel festett","description":"Vincent van Gogh - Hospital at Saint-R\u00e9my - 100% k\u00e9zzel festett h\u00edres festm\u00e9nyek reprodukci\u00f3i. Festm\u00e9nyek keretez\u00e9se, elad\u00e1sa \u00e9s egyedi rendel\u00e9sre t\u00f6rt\u00e9n\u0151 v\u00e1szonk\u00e9pek k\u00e9sz\u00edt\u00e9se.","robots":{"index":"index","follow":"follow","max-snippet":"max-snippet:-1","max-image-preview":"max-image-preview:large","max-video-preview":"max-video-preview:-1"},"canonical":"https:\/\/svetslik.si\/hu\/vincent-van-gogh-hu\/hospital-at-saint-remy\/","og_locale":"hu_HU","og_type":"article","og_title":"Vincent van Gogh - Hospital at Saint-R\u00e9my","og_description":"100% ro\u010dno naslikane slike na platnu, reprodukcije znanih slikarjev in umetni\u0161ke slike po naro\u010dilu.","og_url":"https:\/\/svetslik.si\/hu\/vincent-van-gogh-hu\/hospital-at-saint-remy\/","og_site_name":"SVETSLIK.SI","article_publisher":"https:\/\/www.facebook.com\/svetslik.si","article_modified_time":"2026-03-22T21:00:34+00:00","og_image":[{"width":2055,"height":2560,"url":"https:\/\/svetslik.si\/wp-content\/uploads\/2021\/08\/image_Hospital-at-Saint-Remy-van-Gogh_680-scaled.jpg","type":"image\/jpeg"}],"twitter_card":"summary_large_image","twitter_site":"@svetslik","twitter_misc":{"El\u00e9rhet\u0151s\u00e9g":"Beszerz\u00e9s alatt"},"schema":{"@context":"https:\/\/schema.org","@graph":[{"@type":["WebPage","ItemPage"],"@id":"https:\/\/svetslik.si\/hu\/vincent-van-gogh-hu\/hospital-at-saint-remy\/","url":"https:\/\/svetslik.si\/hu\/vincent-van-gogh-hu\/hospital-at-saint-remy\/","name":"Vincent van Gogh - Hospital at Saint-R\u00e9my - SVETSLIK.SI - 100% k\u00e9zzel festett","isPartOf":{"@id":"https:\/\/svetslik.si\/hu\/#website"},"primaryImageOfPage":{"@id":"https:\/\/svetslik.si\/hu\/vincent-van-gogh-hu\/hospital-at-saint-remy\/#primaryimage"},"image":{"@id":"https:\/\/svetslik.si\/hu\/vincent-van-gogh-hu\/hospital-at-saint-remy\/#primaryimage"},"thumbnailUrl":"https:\/\/svetslik.si\/wp-content\/uploads\/2021\/08\/image_Hospital-at-Saint-Remy-van-Gogh_680-scaled.jpg","datePublished":"2021-09-02T16:07:25+00:00","dateModified":"2026-03-22T21:00:34+00:00","description":"Vincent van Gogh - Hospital at Saint-R\u00e9my - 100% k\u00e9zzel festett h\u00edres festm\u00e9nyek reprodukci\u00f3i. Festm\u00e9nyek keretez\u00e9se, elad\u00e1sa \u00e9s egyedi rendel\u00e9sre t\u00f6rt\u00e9n\u0151 v\u00e1szonk\u00e9pek k\u00e9sz\u00edt\u00e9se.","breadcrumb":{"@id":"https:\/\/svetslik.si\/hu\/vincent-van-gogh-hu\/hospital-at-saint-remy\/#breadcrumb"},"inLanguage":"hu","potentialAction":[{"@type":"ReadAction","target":["https:\/\/svetslik.si\/hu\/vincent-van-gogh-hu\/hospital-at-saint-remy\/"]}]},{"@type":"ImageObject","inLanguage":"hu","@id":"https:\/\/svetslik.si\/hu\/vincent-van-gogh-hu\/hospital-at-saint-remy\/#primaryimage","url":"https:\/\/svetslik.si\/wp-content\/uploads\/2021\/08\/image_Hospital-at-Saint-Remy-van-Gogh_680-scaled.jpg","contentUrl":"https:\/\/svetslik.si\/wp-content\/uploads\/2021\/08\/image_Hospital-at-Saint-Remy-van-Gogh_680-scaled.jpg","width":2055,"height":2560,"caption":"Vincent Van Gogh - Hospital at Saint-R\u00e9my - K\u00f3rh\u00e1z Saint-R\u00e9myben - REPRODUKCI\u00d3I - V\u00e1szonk\u00e9p - Festm\u00e9nyek reprodukci\u00f3i - Absztrakt Festm\u00e9ny - Modern Festm\u00e9ny - Realisztikus Festm\u00e9ny - Olajfestm\u00e9ny - Falik\u00e9p"},{"@type":"BreadcrumbList","@id":"https:\/\/svetslik.si\/hu\/vincent-van-gogh-hu\/hospital-at-saint-remy\/#breadcrumb","itemListElement":[{"@type":"ListItem","position":1,"name":"Wall art and paintings on canvas","item":"https:\/\/svetslik.si\/hu\/"},{"@type":"ListItem","position":2,"name":"Festm\u00e9nyek elad\u00e1sa","item":"https:\/\/svetslik.si\/prodaja-slik\/"},{"@type":"ListItem","position":3,"name":"Vincent van Gogh &#8211; Hospital at Saint-R\u00e9my"}]},{"@type":"WebSite","@id":"https:\/\/svetslik.si\/hu\/#website","url":"https:\/\/svetslik.si\/hu\/","name":"SVETSLIK.SI","description":"100%-ban k\u00e9zzel festett reprodukci\u00f3k h\u00edres fest\u0151k festm\u00e9nyeir\u0151l \u00e9s festm\u00e9nyekr\u0151l v\u00e1szonra.","publisher":{"@id":"https:\/\/svetslik.si\/hu\/#organization"},"potentialAction":[{"@type":"SearchAction","target":{"@type":"EntryPoint","urlTemplate":"https:\/\/svetslik.si\/hu\/?s={search_term_string}"},"query-input":{"@type":"PropertyValueSpecification","valueRequired":true,"valueName":"search_term_string"}}],"inLanguage":"hu"},{"@type":"Organization","@id":"https:\/\/svetslik.si\/hu\/#organization","name":"SvetSlik.si","url":"https:\/\/svetslik.si\/hu\/","logo":{"@type":"ImageObject","inLanguage":"hu","@id":"https:\/\/svetslik.si\/hu\/#\/schema\/logo\/image\/","url":"https:\/\/svetslik.si\/wp-content\/uploads\/2020\/12\/logo-512.png","contentUrl":"https:\/\/svetslik.si\/wp-content\/uploads\/2020\/12\/logo-512.png","width":512,"height":512,"caption":"SvetSlik.si"},"image":{"@id":"https:\/\/svetslik.si\/hu\/#\/schema\/logo\/image\/"},"sameAs":["https:\/\/www.facebook.com\/svetslik.si","https:\/\/x.com\/svetslik","https:\/\/www.instagram.com\/svetslik.si\/","https:\/\/www.linkedin.com\/company\/svetslik-si"]}]},"og_availability":"backorder","product_availability":"available for order","product_retailer_item_id":"418__","product_condition":"new"},"jetpack_sharing_enabled":true,"_links":{"self":[{"href":"https:\/\/svetslik.si\/hu\/wp-json\/wp\/v2\/product\/54783","targetHints":{"allow":["GET"]}}],"collection":[{"href":"https:\/\/svetslik.si\/hu\/wp-json\/wp\/v2\/product"}],"about":[{"href":"https:\/\/svetslik.si\/hu\/wp-json\/wp\/v2\/types\/product"}],"wp:featuredmedia":[{"embeddable":true,"href":"https:\/\/svetslik.si\/hu\/wp-json\/wp\/v2\/media\/49642"}],"wp:attachment":[{"href":"https:\/\/svetslik.si\/hu\/wp-json\/wp\/v2\/media?parent=54783"}],"wp:term":[{"taxonomy":"product_brand","embeddable":true,"href":"https:\/\/svetslik.si\/hu\/wp-json\/wp\/v2\/product_brand?post=54783"},{"taxonomy":"product_cat","embeddable":true,"href":"https:\/\/svetslik.si\/hu\/wp-json\/wp\/v2\/product_cat?post=54783"},{"taxonomy":"product_tag","embeddable":true,"href":"https:\/\/svetslik.si\/hu\/wp-json\/wp\/v2\/product_tag?post=54783"}],"curies":[{"name":"wp","href":"https:\/\/api.w.org\/{rel}","templated":true}]}}