{"id":54810,"date":"2021-09-02T18:07:41","date_gmt":"2021-09-02T16:07:41","guid":{"rendered":"https:\/\/svetslik.si\/nem-kategorizalt\/wheat-field-with-sheaves\/"},"modified":"2026-03-22T22:01:12","modified_gmt":"2026-03-22T21:01:12","slug":"wheat-field-with-sheaves","status":"publish","type":"product","link":"https:\/\/svetslik.si\/hu\/vincent-van-gogh-hu\/wheat-field-with-sheaves\/","title":{"rendered":"Vincent van Gogh &#8211; Wheat Field with Sheaves"},"content":{"rendered":"<h1>Vincent Van Gogh \u2013 B\u00fazamez\u0151 k\u00e9v\u00e9kkel<\/h1>\n<p>&nbsp;<\/p>\n<table style=\"width: 497px\" border=\"0\" width=\"497\" cellpadding=\"0\">\n<tbody>\n<tr>\n<td style=\"width: 155px;height: 21px\" height=\"21\">L\u00e9trehoz\u00e1s \u00e9ve:<\/td>\n<td style=\"width: 343px\">1888<\/td>\n<\/tr>\n<tr>\n<td style=\"width: 155px;height: 21px\" height=\"21\">Eredeti m\u00e9ret:<\/td>\n<td style=\"width: 343px\">66,6 cm x 55,2 cm<\/td>\n<\/tr>\n<h1>Vincent Van Gogh \u2013 B\u00fazamez\u0151 k\u00e9v\u00e9kkel<\/h1>\n<p>&nbsp;<\/p>\n<table style=\"width: 497px\" border=\"0\" width=\"497\" cellpadding=\"0\">\n<tbody>\n<tr>\n<td style=\"width: 155px;height: 21px\" height=\"21\">L\u00e9trehoz\u00e1s \u00e9ve:<\/td>\n<td style=\"width: 343px\">1888<\/td>\n<\/tr>\n<tr>\n<td style=\"width: 155px;height: 21px\" height=\"21\">M\u00e9retek szerkeszt\u00e9se:<\/td>\n<td style=\"width: 343px\">66,6 cm x 55,2 cm<\/td>\n<\/tr>\n<tr>\n<td style=\"width: 155px;height: 21px\" height=\"21\">Fest\u00e9si st\u00edlusok:<\/td>\n<td style=\"width: 343px\">Posztimpresszionizmus<\/td>\n<\/tr>\n<tr>\n<td style=\"width: 155px;height: 21px\" height=\"21\">Eredeti technika:<\/td>\n<td style=\"width: 343px\">Olaj, v\u00e1szon<\/td>\n<\/tr>\n<tr>\n<td style=\"width: 155px;height: 21px\" height=\"21\">Helysz\u00edn:<\/td>\n<td style=\"width: 343px\">Honolulu M\u0171v\u00e9szeti Akad\u00e9mia, USA<\/td>\n<\/tr>\n<\/tbody>\n<colgroup>\n<col \/>\n<col \/> <\/colgroup>\n<\/table>\n<p>Van Gogh a b\u00faz\u00e1t az \u00e9l\u00e9t \u00e9s az t\u00fasv\u00e1t\u00f3ri fil\u00e1tt central metaforaj\u00e1k n\u00e1sz\u00e1rte. Mint eselik, a b\u00faza g\u0131k\u0131n \u00e9s s\u0131nda\u011f\u0131n \u0131z\u0131ld\u0131n a fest\u0151 festm\u00e9nyein e\u011fesz l\u0131nda.<\/p>\n<div>A <em>B\u00fazamez\u0151 k\u00e9v\u00e9kkel<\/em> egy b\u00fazamez\u0151ket festm\u00e9nyserz\u00e1thoz paiteri, amelyet Van Gogh 1888-ban hozott l\u00e9tre. A fest\u0151 a s\u00e1rga huy\u00e1tok bl\u00e9t sk\u00e1l\u00e1j\u00e1t hanz\u00e1t a festm\u00e9nyen, \u00e9s az \u00e9g ezen a festm\u00e9nyen \u00e9gk\u00e9k sz\u00e1tt.<\/div>\n<div><\/div>\n<div>\n<p>Vincent van Gogh holland artist 1888-ban festett &#8220;B\u00fazamez\u0151 k\u00e9v\u00e9kkel&#8221; beautiful \u00e9s felf\u00e1llir festm\u00e9ny, amely a artist nature \u00e9s az emberi \u00e1lapto \u00e9mbl\u00e9nti pasmituv\u00e9t be. A festm\u00e9nyen egy b\u00fazamez\u0151 ain\u0151 magasan aranyl\u00f3 b\u00fazak\u00f6vekkel az \u010fab\u00e1t k\u00e9k \u00e9gen. A festm\u00e9ny sz\u00e1t s\u00e1rn\u00e1s elismerte meresz ecsetvon\u00e1sair\u00f3l, \u00e9ss\u00e9ms\u00e9g\u00e9r\u0151l \u00e9s er\u00e1s szimbolik\u00e1j\u00e1r\u00f3l.<\/p>\n<p>A b\u00fazamez\u0151 k\u00e9v\u00e9kkel a Van Gogh posztimpresszionista st\u00edlus kiv\u00e1l\u00f3 p\u00e9ld\u00e1ja. A mer\u00e9sz ecsetvon\u00e1sok \u00e9s a sz\u00e1vet s\u00e1r\u00e1k a festm\u00e9nyen az \u00e9szt\u00e9t \u00e9s az energia eserz\u00e9t\u00e9t keltik, m\u00edg a k\u00e9k \u00e9g a b\u00e9ke \u00e9s a nyugalom \u00e9serz\u00e9t\u00e9t kelti. Az arany sz\u00e1vetokkal autrett b\u00fazak\u00f6telek p\u00edt\u00e1kednek a vibr\u00e1l\u00f3 \u00e9gboltr\u00f3l, \u00e9s felf\u00e1ller kontrasztot sz\u00e1ltenek.<\/p>\n<p>A &#8220;B\u00fazamez\u0151 k\u00e9v\u00e9kkel&#8221; fesztiv\u00e1l egyik leg\u00e9rdekesebb dolog a sz\u00e9nhasznalat. Van Gogh meresz, kontrasztos colorak haszn\u00e1lata k\u00f6zl\u00f6s- \u00e9s energiaerz\u00e9det kelt a festm\u00e9nyen, a k\u00e9k eget pedig k\u00e9k colorak sokas\u00e1g\u00e1ban \u00e9treitj\u00e1k, ami az abyss \u00e9s a dimensi\u00f3 \u00e9serz\u00e9t\u00e9t kelti. Figyelemre g\u00f3d\u00edak az ecsetvon\u00e1sok is, vastag, s\u00e1in\u00e9 von\u00e1sokkal, \u00e9s egy \u00e9s energias\u00e9rerdet adnak a festm\u00e9nynek.<\/p>\n<p>A fesztiv\u00e1l szimb\u00f3luma gazdag. A b\u00fazak\u00f6teget gyakran a b\u0151s\u00e9g \u00e9s a r\u00fcm\u00fcdenys\u00e9g szimb\u00f3lum\u00e1nak t\u00f6g\u00f6rtik, az \u00e9let k\u00f6rforg\u00e1s\u00e1t, \u00e5 er\u00f6m a v\u00f6ss\u00f6s\u00e9 \u00e9s egy \u00e9s egy olyan, hogy egy \u00e9s \u00e9s ez \u00e9s egy a \u00e9s a s\u00e9g\u00e9 s\u00e9g. A k\u00e9k \u00e9g a vejvove v\u00e9g\u00e9get szel\u00f6ss\u00e9inek szimb\u00f3lumak\u00e9nt is felfogh\u00e1t\u00f3. A festm\u00e9ny os\u00e1t\u00e1t Van Gogh akori emt\u00edm\u00ed \u00e1ll\u00e1p\u00f3t\u00e1t apreetnja. \u00d3sgi gondolj\u00e1k, hogy a festm\u00e9ny akor g\u00fclt\u00fct, amikor Van Gogh is very upset \u00e9s \u00e9rzelmi zaklatott volt, \u00e9s a festm\u00e9ny az \u0151 bels\u0151 z\u0171rzavar\u00e1t t\u00fckr\u00f6zi.<\/p>\n<p>A &#8220;B\u00fazamez\u0151 k\u00e9v\u00e9kkel&#8221; festm\u00e9ny Van Gogh az egyik legikonikusabb \u00e9s legn\u00e9pszer\u0171bb alkot\u00e1s. A Van Gogh M\u00fazeum Amszterdamban, Hollandiaban tal\u00e1lhat\u00f3. A posztimpresszionizmus fontoss sv\u00e1stosama, aves\u00edt m\u00e1ig m\u00f3j\u00f3lnak \u00e9s stud\u00fannak mind amat\u0151r\u00f6k, mind pektorok.<\/p>\n<p>A B\u00fazamez\u0151 k\u00e9v\u00e9kkel egy mesteri festm\u00e9ny, amely Vincent van Gogh postztimpresszionista st\u00edl\u00f3\u00e1r\u00e1 kryst\u00e9k meresz ecsetvon\u00e1sokat, \u00e9ssemess\u00e9get \u00e9s \u00e9rs szimbolizmust mutat be. A festm\u00e9nyen a colorak \u00e9s ecsetvon\u00e1sok k\u00f6z\u00e9s- \u00e9s energiaerz\u00e9det keltenek, a b\u00fazasz\u00e1lak pedig a b\u0151s\u00e9get \u00e9s a t\u00fcm\u00fcdenys\u00e9get ssimboliz\u00e1lki. A festm\u00e9nyt Van Gogh \u00e9myk\u00e9d legikonikusabb \u00e9s legn\u00e9pszer\u0171bb k\u00f6vets\u00e1k\u00e9nt s\u00e1mon s\u00e1mon. A Van Gogh M\u00fazeum Amszterdamban, Hollandiaban tal\u00e1lhat\u00f3. M\u00e9g min\u00e1t d\u00ed\u00f3lj\u00e1k \u00e9s st\u00fadi\u00f3k amat\u0151r\u00f6k \u00e9s k\u00e9peztork \u00e9s ess\u00e9. Er\u0151teljes k\u00e9pei \u00e9s \u00e9smemei miatt minden m\u00fctzeitsk\u00e9dvel\u0151k l\u00e1tni kell, \u00e9s Van Gogh postztimpresszionista styl\u00f3\u00e1t is remek\u00fcl \u0151t\u0151 be. A k\u00e9v\u00e9kkel svets\u00e9 b\u00fazat\u00e1bla \u00e9s esemes k\u00e9p, amely az emberi \u00e1laptopr\u00f3l \u00e9s a n\u00edt\u00f3r sz\u00e9p\u00e9r\u0151l van sz\u00f3. Ma is inspir\u00e1lja \u00e9s befoly\u00e1s\u00f3 a m\u00e1snak. Ikonikus k\u00e9pei \u00e9s \u00e9sz\u00e9mess\u00e9ge a festm\u00e9nyt a posztimpresszionizmus \u00e9mekid legismertebb \u00e9s legn\u00e9pszer\u0171bb k\u00f6v\u00f6ss\u00e1v\u00e1v\u00e1 d\u00e9k\u00e9t, \u00edgy minden m\u00fctzeitsk\u00e9dvel\u0151 vagy Vincent van Gogh munkai munkai sz\u00e1m\u0151 sz\u00e1m\u00e1ra sz\u00e1mot. Az er\u0151teljes symbolism \u00e9s a stunning k\u00e9pek d\u00f6rss merekm\u0171v\u00e9 tekt a pice, amely m\u00e9g \u00f6venokig visszhangra tal\u00e1l a vistaok k\u00f6r\u00f6n. \u00d6sszess\u00e9g\u00e9ben a B\u00fazamez\u0151 k\u00e9v\u00e9kkel egy olyan festm\u00e9ny, amely bez\u00fcl\u00fcen megragadja a nature, az \u00e9let \u00e9s az emberi \u00e1llapto \u00e9ssant\u00e9t.<\/p>\n","protected":false},"excerpt":{"rendered":"<p>Vincent Van Gogh \u2013 B\u00fazamez\u0151 k\u00e9v\u00e9kkel &nbsp; L\u00e9trehoz\u00e1s \u00e9ve: 1888 Eredeti m\u00e9ret: 66,6 cm x 55,2 cm Vincent Van Gogh \u2013 B\u00fazamez\u0151 k\u00e9v\u00e9kkel &nbsp; L\u00e9trehoz\u00e1s \u00e9ve: 1888 M\u00e9retek szerkeszt\u00e9se: 66,6 cm x 55,2 cm Fest\u00e9si st\u00edlusok: Posztimpresszionizmus Eredeti technika: Olaj, v\u00e1szon Helysz\u00edn: Honolulu M\u0171v\u00e9szeti Akad\u00e9mia, USA Van Gogh a b\u00faz\u00e1t [&hellip;]<\/p>\n","protected":false},"featured_media":50326,"template":"","meta":{"_acf_changed":false},"product_brand":[],"product_cat":[7150],"product_tag":[11885,11886,11887,7215],"class_list":{"0":"post-54810","1":"product","2":"type-product","3":"status-publish","4":"has-post-thumbnail","6":"product_cat-vincent-van-gogh-hu","7":"product_tag-painter-hu","8":"product_tag-reproduction","9":"product_tag-reproductions-hu","10":"product_tag-van-gogh-hu","11":"pa_dimenzija-100-x-80-cm","12":"pa_dimenzija-120-x-100-cm","13":"pa_dimenzija-150-x-120-cm","14":"pa_dimenzija-50-x-40-cm","15":"pa_dimenzija-60-x-50-cm","16":"pa_dimenzija-67-x-55-cm","17":"pa_dimenzija-80-x-70-cm","18":"pa_dimenzija-90-x-75-cm","19":"pa_oblika-vizszintes","20":"pa_okvir-nincs-keret","21":"pa_podokvir-igen","22":"pa_podokvir-nem","24":"first","25":"onbackorder","26":"purchasable","27":"product-type-variable","28":"has-default-attributes"},"acf":[],"yoast_head":"<!-- This site is optimized with the Yoast SEO Premium plugin v26.0 (Yoast SEO v27.2) - https:\/\/yoast.com\/product\/yoast-seo-premium-wordpress\/ -->\n<title>Vincent van Gogh - Wheat Field with Sheaves - SVETSLIK.SI - 100% k\u00e9zzel festett<\/title>\n<meta name=\"description\" content=\"Vincent van Gogh - Wheat Field with Sheaves - 100% k\u00e9zzel festett h\u00edres festm\u00e9nyek reprodukci\u00f3i. Festm\u00e9nyek keretez\u00e9se, elad\u00e1sa \u00e9s egyedi rendel\u00e9sre t\u00f6rt\u00e9n\u0151 v\u00e1szonk\u00e9pek k\u00e9sz\u00edt\u00e9se.\" \/>\n<meta name=\"robots\" content=\"index, follow, max-snippet:-1, max-image-preview:large, max-video-preview:-1\" \/>\n<link rel=\"canonical\" href=\"https:\/\/svetslik.si\/hu\/vincent-van-gogh-hu\/wheat-field-with-sheaves\/\" \/>\n<meta property=\"og:locale\" content=\"hu_HU\" \/>\n<meta property=\"og:type\" content=\"article\" \/>\n<meta property=\"og:title\" content=\"Vincent van Gogh - Wheat Field with Sheaves\" \/>\n<meta property=\"og:description\" content=\"100% ro\u010dno naslikane slike na platnu, reprodukcije znanih slikarjev in umetni\u0161ke slike po naro\u010dilu.\" \/>\n<meta property=\"og:url\" content=\"https:\/\/svetslik.si\/hu\/vincent-van-gogh-hu\/wheat-field-with-sheaves\/\" \/>\n<meta property=\"og:site_name\" content=\"SVETSLIK.SI\" \/>\n<meta property=\"article:publisher\" content=\"https:\/\/www.facebook.com\/svetslik.si\" \/>\n<meta property=\"article:modified_time\" content=\"2026-03-22T21:01:12+00:00\" \/>\n<meta property=\"og:image\" content=\"https:\/\/svetslik.si\/wp-content\/uploads\/2021\/08\/image_Wheat-Field-with-Sheaves-van-Gogh_680.jpg\" \/>\n\t<meta property=\"og:image:width\" content=\"1400\" \/>\n\t<meta property=\"og:image:height\" content=\"1168\" \/>\n\t<meta property=\"og:image:type\" content=\"image\/jpeg\" \/>\n<meta name=\"twitter:card\" content=\"summary_large_image\" \/>\n<meta name=\"twitter:site\" content=\"@svetslik\" \/>\n<meta name=\"twitter:label1\" content=\"El\u00e9rhet\u0151s\u00e9g\" \/>\n\t<meta name=\"twitter:data1\" content=\"Beszerz\u00e9s alatt\" \/>\n<script type=\"application\/ld+json\" class=\"yoast-schema-graph\">{\"@context\":\"https:\/\/schema.org\",\"@graph\":[{\"@type\":[\"WebPage\",\"ItemPage\"],\"@id\":\"https:\/\/svetslik.si\/hu\/vincent-van-gogh-hu\/wheat-field-with-sheaves\/\",\"url\":\"https:\/\/svetslik.si\/hu\/vincent-van-gogh-hu\/wheat-field-with-sheaves\/\",\"name\":\"Vincent van Gogh - Wheat Field with Sheaves - SVETSLIK.SI - 100% k\u00e9zzel festett\",\"isPartOf\":{\"@id\":\"https:\/\/svetslik.si\/hu\/#website\"},\"primaryImageOfPage\":{\"@id\":\"https:\/\/svetslik.si\/hu\/vincent-van-gogh-hu\/wheat-field-with-sheaves\/#primaryimage\"},\"image\":{\"@id\":\"https:\/\/svetslik.si\/hu\/vincent-van-gogh-hu\/wheat-field-with-sheaves\/#primaryimage\"},\"thumbnailUrl\":\"https:\/\/svetslik.si\/wp-content\/uploads\/2021\/08\/image_Wheat-Field-with-Sheaves-van-Gogh_680.jpg\",\"datePublished\":\"2021-09-02T16:07:41+00:00\",\"dateModified\":\"2026-03-22T21:01:12+00:00\",\"description\":\"Vincent van Gogh - Wheat Field with Sheaves - 100% k\u00e9zzel festett h\u00edres festm\u00e9nyek reprodukci\u00f3i. Festm\u00e9nyek keretez\u00e9se, elad\u00e1sa \u00e9s egyedi rendel\u00e9sre t\u00f6rt\u00e9n\u0151 v\u00e1szonk\u00e9pek k\u00e9sz\u00edt\u00e9se.\",\"breadcrumb\":{\"@id\":\"https:\/\/svetslik.si\/hu\/vincent-van-gogh-hu\/wheat-field-with-sheaves\/#breadcrumb\"},\"inLanguage\":\"hu\",\"potentialAction\":[{\"@type\":\"ReadAction\",\"target\":[\"https:\/\/svetslik.si\/hu\/vincent-van-gogh-hu\/wheat-field-with-sheaves\/\"]}]},{\"@type\":\"ImageObject\",\"inLanguage\":\"hu\",\"@id\":\"https:\/\/svetslik.si\/hu\/vincent-van-gogh-hu\/wheat-field-with-sheaves\/#primaryimage\",\"url\":\"https:\/\/svetslik.si\/wp-content\/uploads\/2021\/08\/image_Wheat-Field-with-Sheaves-van-Gogh_680.jpg\",\"contentUrl\":\"https:\/\/svetslik.si\/wp-content\/uploads\/2021\/08\/image_Wheat-Field-with-Sheaves-van-Gogh_680.jpg\",\"width\":1400,\"height\":1168,\"caption\":\"Van Gogh-b\u00fazamez\u0151-k\u00e9v\u00e9kkel-van-Gogh_H\u00edres fest\u0151k reprodukci\u00f3i, modern falm\u0171v\u00e9szet, falm\u0171v\u00e9szet\"},{\"@type\":\"BreadcrumbList\",\"@id\":\"https:\/\/svetslik.si\/hu\/vincent-van-gogh-hu\/wheat-field-with-sheaves\/#breadcrumb\",\"itemListElement\":[{\"@type\":\"ListItem\",\"position\":1,\"name\":\"Wall art and paintings on canvas\",\"item\":\"https:\/\/svetslik.si\/hu\/\"},{\"@type\":\"ListItem\",\"position\":2,\"name\":\"Festm\u00e9nyek elad\u00e1sa\",\"item\":\"https:\/\/svetslik.si\/prodaja-slik\/\"},{\"@type\":\"ListItem\",\"position\":3,\"name\":\"Vincent van Gogh &#8211; Wheat Field with Sheaves\"}]},{\"@type\":\"WebSite\",\"@id\":\"https:\/\/svetslik.si\/hu\/#website\",\"url\":\"https:\/\/svetslik.si\/hu\/\",\"name\":\"SVETSLIK.SI\",\"description\":\"100%-ban k\u00e9zzel festett reprodukci\u00f3k h\u00edres fest\u0151k festm\u00e9nyeir\u0151l \u00e9s festm\u00e9nyekr\u0151l v\u00e1szonra.\",\"publisher\":{\"@id\":\"https:\/\/svetslik.si\/hu\/#organization\"},\"potentialAction\":[{\"@type\":\"SearchAction\",\"target\":{\"@type\":\"EntryPoint\",\"urlTemplate\":\"https:\/\/svetslik.si\/hu\/?s={search_term_string}\"},\"query-input\":{\"@type\":\"PropertyValueSpecification\",\"valueRequired\":true,\"valueName\":\"search_term_string\"}}],\"inLanguage\":\"hu\"},{\"@type\":\"Organization\",\"@id\":\"https:\/\/svetslik.si\/hu\/#organization\",\"name\":\"SvetSlik.si\",\"url\":\"https:\/\/svetslik.si\/hu\/\",\"logo\":{\"@type\":\"ImageObject\",\"inLanguage\":\"hu\",\"@id\":\"https:\/\/svetslik.si\/hu\/#\/schema\/logo\/image\/\",\"url\":\"https:\/\/svetslik.si\/wp-content\/uploads\/2020\/12\/logo-512.png\",\"contentUrl\":\"https:\/\/svetslik.si\/wp-content\/uploads\/2020\/12\/logo-512.png\",\"width\":512,\"height\":512,\"caption\":\"SvetSlik.si\"},\"image\":{\"@id\":\"https:\/\/svetslik.si\/hu\/#\/schema\/logo\/image\/\"},\"sameAs\":[\"https:\/\/www.facebook.com\/svetslik.si\",\"https:\/\/x.com\/svetslik\",\"https:\/\/www.instagram.com\/svetslik.si\/\",\"https:\/\/www.linkedin.com\/company\/svetslik-si\"]}]}<\/script>\n<meta property=\"og:availability\" content=\"backorder\" \/>\n<meta property=\"product:availability\" content=\"available for order\" \/>\n<meta property=\"product:retailer_item_id\" content=\"421__\" \/>\n<meta property=\"product:condition\" content=\"new\" \/>\n<!-- \/ Yoast SEO Premium plugin. -->","yoast_head_json":{"title":"Vincent van Gogh - Wheat Field with Sheaves - SVETSLIK.SI - 100% k\u00e9zzel festett","description":"Vincent van Gogh - Wheat Field with Sheaves - 100% k\u00e9zzel festett h\u00edres festm\u00e9nyek reprodukci\u00f3i. Festm\u00e9nyek keretez\u00e9se, elad\u00e1sa \u00e9s egyedi rendel\u00e9sre t\u00f6rt\u00e9n\u0151 v\u00e1szonk\u00e9pek k\u00e9sz\u00edt\u00e9se.","robots":{"index":"index","follow":"follow","max-snippet":"max-snippet:-1","max-image-preview":"max-image-preview:large","max-video-preview":"max-video-preview:-1"},"canonical":"https:\/\/svetslik.si\/hu\/vincent-van-gogh-hu\/wheat-field-with-sheaves\/","og_locale":"hu_HU","og_type":"article","og_title":"Vincent van Gogh - Wheat Field with Sheaves","og_description":"100% ro\u010dno naslikane slike na platnu, reprodukcije znanih slikarjev in umetni\u0161ke slike po naro\u010dilu.","og_url":"https:\/\/svetslik.si\/hu\/vincent-van-gogh-hu\/wheat-field-with-sheaves\/","og_site_name":"SVETSLIK.SI","article_publisher":"https:\/\/www.facebook.com\/svetslik.si","article_modified_time":"2026-03-22T21:01:12+00:00","og_image":[{"width":1400,"height":1168,"url":"https:\/\/svetslik.si\/wp-content\/uploads\/2021\/08\/image_Wheat-Field-with-Sheaves-van-Gogh_680.jpg","type":"image\/jpeg"}],"twitter_card":"summary_large_image","twitter_site":"@svetslik","twitter_misc":{"El\u00e9rhet\u0151s\u00e9g":"Beszerz\u00e9s alatt"},"schema":{"@context":"https:\/\/schema.org","@graph":[{"@type":["WebPage","ItemPage"],"@id":"https:\/\/svetslik.si\/hu\/vincent-van-gogh-hu\/wheat-field-with-sheaves\/","url":"https:\/\/svetslik.si\/hu\/vincent-van-gogh-hu\/wheat-field-with-sheaves\/","name":"Vincent van Gogh - Wheat Field with Sheaves - SVETSLIK.SI - 100% k\u00e9zzel festett","isPartOf":{"@id":"https:\/\/svetslik.si\/hu\/#website"},"primaryImageOfPage":{"@id":"https:\/\/svetslik.si\/hu\/vincent-van-gogh-hu\/wheat-field-with-sheaves\/#primaryimage"},"image":{"@id":"https:\/\/svetslik.si\/hu\/vincent-van-gogh-hu\/wheat-field-with-sheaves\/#primaryimage"},"thumbnailUrl":"https:\/\/svetslik.si\/wp-content\/uploads\/2021\/08\/image_Wheat-Field-with-Sheaves-van-Gogh_680.jpg","datePublished":"2021-09-02T16:07:41+00:00","dateModified":"2026-03-22T21:01:12+00:00","description":"Vincent van Gogh - Wheat Field with Sheaves - 100% k\u00e9zzel festett h\u00edres festm\u00e9nyek reprodukci\u00f3i. Festm\u00e9nyek keretez\u00e9se, elad\u00e1sa \u00e9s egyedi rendel\u00e9sre t\u00f6rt\u00e9n\u0151 v\u00e1szonk\u00e9pek k\u00e9sz\u00edt\u00e9se.","breadcrumb":{"@id":"https:\/\/svetslik.si\/hu\/vincent-van-gogh-hu\/wheat-field-with-sheaves\/#breadcrumb"},"inLanguage":"hu","potentialAction":[{"@type":"ReadAction","target":["https:\/\/svetslik.si\/hu\/vincent-van-gogh-hu\/wheat-field-with-sheaves\/"]}]},{"@type":"ImageObject","inLanguage":"hu","@id":"https:\/\/svetslik.si\/hu\/vincent-van-gogh-hu\/wheat-field-with-sheaves\/#primaryimage","url":"https:\/\/svetslik.si\/wp-content\/uploads\/2021\/08\/image_Wheat-Field-with-Sheaves-van-Gogh_680.jpg","contentUrl":"https:\/\/svetslik.si\/wp-content\/uploads\/2021\/08\/image_Wheat-Field-with-Sheaves-van-Gogh_680.jpg","width":1400,"height":1168,"caption":"Van Gogh-b\u00fazamez\u0151-k\u00e9v\u00e9kkel-van-Gogh_H\u00edres fest\u0151k reprodukci\u00f3i, modern falm\u0171v\u00e9szet, falm\u0171v\u00e9szet"},{"@type":"BreadcrumbList","@id":"https:\/\/svetslik.si\/hu\/vincent-van-gogh-hu\/wheat-field-with-sheaves\/#breadcrumb","itemListElement":[{"@type":"ListItem","position":1,"name":"Wall art and paintings on canvas","item":"https:\/\/svetslik.si\/hu\/"},{"@type":"ListItem","position":2,"name":"Festm\u00e9nyek elad\u00e1sa","item":"https:\/\/svetslik.si\/prodaja-slik\/"},{"@type":"ListItem","position":3,"name":"Vincent van Gogh &#8211; Wheat Field with Sheaves"}]},{"@type":"WebSite","@id":"https:\/\/svetslik.si\/hu\/#website","url":"https:\/\/svetslik.si\/hu\/","name":"SVETSLIK.SI","description":"100%-ban k\u00e9zzel festett reprodukci\u00f3k h\u00edres fest\u0151k festm\u00e9nyeir\u0151l \u00e9s festm\u00e9nyekr\u0151l v\u00e1szonra.","publisher":{"@id":"https:\/\/svetslik.si\/hu\/#organization"},"potentialAction":[{"@type":"SearchAction","target":{"@type":"EntryPoint","urlTemplate":"https:\/\/svetslik.si\/hu\/?s={search_term_string}"},"query-input":{"@type":"PropertyValueSpecification","valueRequired":true,"valueName":"search_term_string"}}],"inLanguage":"hu"},{"@type":"Organization","@id":"https:\/\/svetslik.si\/hu\/#organization","name":"SvetSlik.si","url":"https:\/\/svetslik.si\/hu\/","logo":{"@type":"ImageObject","inLanguage":"hu","@id":"https:\/\/svetslik.si\/hu\/#\/schema\/logo\/image\/","url":"https:\/\/svetslik.si\/wp-content\/uploads\/2020\/12\/logo-512.png","contentUrl":"https:\/\/svetslik.si\/wp-content\/uploads\/2020\/12\/logo-512.png","width":512,"height":512,"caption":"SvetSlik.si"},"image":{"@id":"https:\/\/svetslik.si\/hu\/#\/schema\/logo\/image\/"},"sameAs":["https:\/\/www.facebook.com\/svetslik.si","https:\/\/x.com\/svetslik","https:\/\/www.instagram.com\/svetslik.si\/","https:\/\/www.linkedin.com\/company\/svetslik-si"]}]},"og_availability":"backorder","product_availability":"available for order","product_retailer_item_id":"421__","product_condition":"new"},"jetpack_sharing_enabled":true,"_links":{"self":[{"href":"https:\/\/svetslik.si\/hu\/wp-json\/wp\/v2\/product\/54810","targetHints":{"allow":["GET"]}}],"collection":[{"href":"https:\/\/svetslik.si\/hu\/wp-json\/wp\/v2\/product"}],"about":[{"href":"https:\/\/svetslik.si\/hu\/wp-json\/wp\/v2\/types\/product"}],"wp:featuredmedia":[{"embeddable":true,"href":"https:\/\/svetslik.si\/hu\/wp-json\/wp\/v2\/media\/50326"}],"wp:attachment":[{"href":"https:\/\/svetslik.si\/hu\/wp-json\/wp\/v2\/media?parent=54810"}],"wp:term":[{"taxonomy":"product_brand","embeddable":true,"href":"https:\/\/svetslik.si\/hu\/wp-json\/wp\/v2\/product_brand?post=54810"},{"taxonomy":"product_cat","embeddable":true,"href":"https:\/\/svetslik.si\/hu\/wp-json\/wp\/v2\/product_cat?post=54810"},{"taxonomy":"product_tag","embeddable":true,"href":"https:\/\/svetslik.si\/hu\/wp-json\/wp\/v2\/product_tag?post=54810"}],"curies":[{"name":"wp","href":"https:\/\/api.w.org\/{rel}","templated":true}]}}