{"id":54819,"date":"2021-09-02T18:07:57","date_gmt":"2021-09-02T16:07:57","guid":{"rendered":"https:\/\/svetslik.si\/nem-kategorizalt\/sheaves-of-wheat\/"},"modified":"2026-03-22T22:01:12","modified_gmt":"2026-03-22T21:01:12","slug":"sheaves-of-wheat","status":"publish","type":"product","link":"https:\/\/svetslik.si\/hu\/vincent-van-gogh-hu\/sheaves-of-wheat\/","title":{"rendered":"Vincent van Gogh &#8211; Sheaves of Wheat"},"content":{"rendered":"<h1>Vincent Van Gogh \u2013 B\u00fazak\u00f6teg<\/h1>\n<p>&nbsp;<\/p>\n<table style=\"width: 497px\" border=\"0\" width=\"497\" cellpadding=\"0\">\n<tbody>\n<tr>\n<td style=\"width: 155px;height: 21px\" height=\"21\">L\u00e9trehoz\u00e1s \u00e9ve:<\/td>\n<td style=\"width: 343px\">1890<\/td>\n<\/tr>\n<tr>\n<td style=\"width: 155px;height: 21px\" height=\"21\">Eredeti m\u00e9ret:<\/td>\n<td style=\"width: 343px\">101 cm x 50,5 cm<\/td>\n<\/tr>\n<tr>\n<td style=\"width: 155px;height: 21px\" height=\"21\">Fest\u00e9si st\u00edlus:<\/td>\n<td style=\"width: 343px\">Posztimpresszionizmus<\/td>\n<\/tr>\n<tr>\n<td style=\"width: 155px;height: 21px\" height=\"21\">Eredeti technika:<\/td>\n<td style=\"width: 343px\">Olaj, v\u00e1szon<\/td>\n<\/tr>\n<tr>\n<td style=\"width: 155px;height: 21px\" height=\"21\">Helysz\u00edn:<\/td>\n<td style=\"width: 343px\">Dallas M\u0171v\u00e9szeti M\u00fazeum, USA<\/td>\n<\/tr>\n<\/tbody>\n<colgroup>\n<col \/>\n<col \/> <\/colgroup>\n<\/table>\n<p>Van Gogh a b\u00faz\u00e1t az \u00e9let \u00e9s az alkot\u00e1si folyamat k\u00f6zponti metafor\u00e1j\u00e1nak tekintette. Mint ilyen, a b\u00faza gyakran \u00e9s folyamatosan megjelent a fest\u0151 festm\u00e9nyein eg\u00e9sz \u00e9let\u00e9ben.<\/p>\n<p>Vincent van Gogh holland m\u0171v\u00e9sz 1888-ban festett &#8220;B\u00fazak\u00f6telek&#8221; gy\u00f6ny\u00f6r\u0171 \u00e9s meglep\u0151 festm\u00e9ny, amely a m\u0171v\u00e9sz term\u00e9szet \u00e9s az emberi \u00e1llapot ir\u00e1nti szenved\u00e9ly\u00e9t mutatja be. A festm\u00e9ny egy b\u00fazamez\u0151t \u00e1br\u00e1zol, ahol a b\u00fazak\u00f6telek magasak \u00e9s aranysz\u00edn\u0171ek az \u00e9l\u00e9nk k\u00e9k \u00e9gen. A festm\u00e9ny sz\u00e9les k\u00f6rben elismert mer\u00e9sz ecsetvon\u00e1sair\u00f3l, \u00e9rzelmess\u00e9g\u00e9r\u0151l \u00e9s er\u0151s szimbolik\u00e1j\u00e1r\u00f3l.<\/p>\n<p>A b\u00fazak\u00e9v\u00e9k kiv\u00e1l\u00f3 p\u00e9ld\u00e1ja Van Gogh posztimpresszionista st\u00edlus\u00e1nak, amelyet s\u0171r\u0171 \u00e9s j\u00f3l l\u00e1that\u00f3 ecsetvon\u00e1sok, \u00e9l\u00e9nk sz\u00ednek \u00e9s mer\u00e9sz kontrasztok jellemeztek. A mer\u00e9sz ecsetvon\u00e1sok \u00e9s az \u00e9l\u00e9nk sz\u00ednek a festm\u00e9nyen a mozg\u00e1s \u00e9s az energia \u00e9rzet\u00e9t keltik, m\u00edg a k\u00e9k \u00e9g a b\u00e9ke \u00e9s a nyugalom \u00e9rzet\u00e9t kelti. Az arany \u00e1rnyalatokkal \u00e1br\u00e1zolt b\u00fazak\u00f6telek kiemelkednek a vibr\u00e1l\u00f3 \u00e9gboltr\u00f3l, \u00e9s felt\u0171n\u0151 kontrasztot teremtenek.<\/p>\n<p>A &#8220;B\u00fazak\u00e9ve&#8221; c\u00edm\u0171 festm\u00e9ny egyik legszembet\u0171n\u0151bb jellemz\u0151je a sz\u00ednhaszn\u00e1lat. Van Gogh mer\u00e9sz, kontrasztos sz\u00ednek haszn\u00e1lata mozg\u00e1s- \u00e9s energia\u00e9rzetet kelt a festm\u00e9nyen, a k\u00e9k eget pedig k\u00e9k sz\u00ednek sokas\u00e1g\u00e1ban \u00e1br\u00e1zolj\u00e1k, ami a m\u00e9lys\u00e9g \u00e9s a dimenzi\u00f3 \u00e9rzet\u00e9t kelti. Figyelemre m\u00e9lt\u00f3ak az ecsetvon\u00e1sok is, vastag, l\u00e1that\u00f3 von\u00e1sokkal, amelyek mozg\u00e1s- \u00e9s energia\u00e9rzetet adnak a festm\u00e9nynek.<\/p>\n<p>A festm\u00e9ny szimbolik\u00e1ja is gazdag. A b\u00fazak\u00f6teget gyakran a b\u0151s\u00e9g \u00e9s a term\u00e9kenys\u00e9g szimb\u00f3lum\u00e1nak tekintik, az \u00e9let k\u00f6rforg\u00e1s\u00e1t, valamint a n\u00f6veked\u00e9s \u00e9s meg\u00fajul\u00e1s lehet\u0151s\u00e9g\u00e9t jelk\u00e9pezik. A k\u00e9k \u00e9g a j\u00f6v\u0151 v\u00e9gtelen lehet\u0151s\u00e9geinek szimb\u00f3lumak\u00e9nt is felfoghat\u00f3. A festm\u00e9ny \u00e1ll\u00edt\u00f3lag Van Gogh akkori \u00e9rzelmi \u00e1llapot\u00e1t \u00e1br\u00e1zolja. \u00dagy gondolj\u00e1k, hogy a festm\u00e9ny akkor k\u00e9sz\u00fclt, amikor Van Gogh nagyon nyugtalan \u00e9s \u00e9rzelmileg zaklatott volt, \u00e9s a festm\u00e9ny \u00e1ll\u00edt\u00f3lag az \u0151 bels\u0151 z\u0171rzavar\u00e1t t\u00fckr\u00f6zi.<\/p>\n<p>A b\u00fazak\u00e9v\u00e9ket Van Gogh egyik legikonikusabb \u00e9s legn\u00e9pszer\u0171bb alkot\u00e1sak\u00e9nt tartj\u00e1k sz\u00e1mon. A festm\u00e9ny a Van Gogh M\u00fazeumban tal\u00e1lhat\u00f3 Amszterdamban, Hollandi\u00e1ban. Fontos posztimpresszionista alkot\u00e1s, amelyet m\u00e1ig csod\u00e1lnak \u00e9s tanulm\u00e1nyoznak amat\u0151r\u00f6k \u00e9s szak\u00e9rt\u0151k egyar\u00e1nt. A festm\u00e9ny a posztimpresszionizmus egyik legismertebb \u00e9s legkedveltebb alkot\u00e1sa er\u0151s k\u00e9pi adotts\u00e1gai \u00e9s emocionalit\u00e1sa miatt, \u00e9s minden m\u0171v\u00e9szetkedvel\u0151nek vagy Vincent van Gogh munk\u00e1i ir\u00e1nt \u00e9rdekl\u0151d\u0151nek k\u00f6telez\u0151 l\u00e1tnival\u00f3. Az er\u0151s szimbolika, a mer\u00e9sz ecsetvon\u00e1sok \u00e9s az \u00e9l\u00e9nk sz\u00ednek tart\u00f3s remekm\u0171v\u00e9 teszik a festm\u00e9nyt, amely m\u00e9g sok \u00e9ven \u00e1t \u00f6r\u00f6met okoz a n\u00e9z\u0151knek.<\/p>\n<p>A b\u00fazak\u00e9v\u00e9k egy mesteri festm\u00e9ny, amely Vincent van Gogh posztimpresszionista st\u00edlus\u00e1ra jellemz\u0151 mer\u00e9sz ecsetvon\u00e1sokat, \u00e9rzelmess\u00e9get \u00e9s er\u0151s szimbolik\u00e1t mutatja be. A festm\u00e9nyen a sz\u00ednek \u00e9s ecsetvon\u00e1sok mozg\u00e1s- \u00e9s energia\u00e9rzetet keltenek, m\u00edg a b\u00fazak\u00f6telek a b\u0151s\u00e9get \u00e9s a term\u00e9kenys\u00e9get szimboliz\u00e1lj\u00e1k. A festm\u00e9ny Van Gogh egyik legikonikusabb \u00e9s legn\u00e9pszer\u0171bb alkot\u00e1sa, \u00e9s a Van Gogh M\u00fazeumban tal\u00e1lhat\u00f3 Amszterdamban, Hollandi\u00e1ban. M\u00e9g mindig csod\u00e1lj\u00e1k \u00e9s tanulm\u00e1nyozz\u00e1k amat\u0151r\u00f6k \u00e9s szak\u00e9rt\u0151k egyar\u00e1nt. Er\u0151teljes k\u00e9pei \u00e9s \u00e9rzelmei miatt minden m\u0171v\u00e9szetkedvel\u0151nek l\u00e1tnia kell, \u00e9s Van Gogh posztimpresszionista st\u00edlus\u00e1t is remek\u00fcl mutatja be.<\/p>\n","protected":false},"excerpt":{"rendered":"<p>Vincent Van Gogh \u2013 B\u00fazak\u00f6teg &nbsp; L\u00e9trehoz\u00e1s \u00e9ve: 1890 Eredeti m\u00e9ret: 101 cm x 50,5 cm Fest\u00e9si st\u00edlus: Posztimpresszionizmus Eredeti technika: Olaj, v\u00e1szon Helysz\u00edn: Dallas M\u0171v\u00e9szeti M\u00fazeum, USA Van Gogh a b\u00faz\u00e1t az \u00e9let \u00e9s az alkot\u00e1si folyamat k\u00f6zponti metafor\u00e1j\u00e1nak tekintette. Mint ilyen, a b\u00faza gyakran \u00e9s folyamatosan megjelent a [&hellip;]<\/p>\n","protected":false},"featured_media":49992,"template":"","meta":{"_acf_changed":false},"product_brand":[],"product_cat":[7150],"product_tag":[11885,11886,11887,7215],"class_list":{"0":"post-54819","1":"product","2":"type-product","3":"status-publish","4":"has-post-thumbnail","6":"product_cat-vincent-van-gogh-hu","7":"product_tag-painter-hu","8":"product_tag-reproduction","9":"product_tag-reproductions-hu","10":"product_tag-van-gogh-hu","11":"pa_dimenzija-100-x-50-cm","12":"pa_dimenzija-120-x-60-cm","13":"pa_dimenzija-150-x-75-cm","14":"pa_dimenzija-180-x-90-cm","15":"pa_dimenzija-60-x-30-cm","16":"pa_dimenzija-70-x-35-cm","17":"pa_dimenzija-80-x-40-cm","18":"pa_dimenzija-90-x-45-cm","19":"pa_oblika-vizszintes","20":"pa_okvir-nincs-keret","21":"pa_podokvir-igen","22":"pa_podokvir-nem","24":"first","25":"onbackorder","26":"purchasable","27":"product-type-variable","28":"has-default-attributes"},"acf":[],"yoast_head":"<!-- This site is optimized with the Yoast SEO Premium plugin v26.0 (Yoast SEO v27.2) - https:\/\/yoast.com\/product\/yoast-seo-premium-wordpress\/ -->\n<title>Vincent van Gogh - Sheaves of Wheat - SVETSLIK.SI - 100% k\u00e9zzel festett<\/title>\n<meta name=\"description\" content=\"Vincent van Gogh - Sheaves of Wheat - 100% k\u00e9zzel festett h\u00edres festm\u00e9nyek reprodukci\u00f3i. Festm\u00e9nyek keretez\u00e9se, elad\u00e1sa \u00e9s egyedi rendel\u00e9sre t\u00f6rt\u00e9n\u0151 v\u00e1szonk\u00e9pek k\u00e9sz\u00edt\u00e9se.\" \/>\n<meta name=\"robots\" content=\"index, follow, max-snippet:-1, max-image-preview:large, max-video-preview:-1\" \/>\n<link rel=\"canonical\" href=\"https:\/\/svetslik.si\/hu\/vincent-van-gogh-hu\/sheaves-of-wheat\/\" \/>\n<meta property=\"og:locale\" content=\"hu_HU\" \/>\n<meta property=\"og:type\" content=\"article\" \/>\n<meta property=\"og:title\" content=\"Vincent van Gogh - Sheaves of Wheat\" \/>\n<meta property=\"og:description\" content=\"100% ro\u010dno naslikane slike na platnu, reprodukcije znanih slikarjev in umetni\u0161ke slike po naro\u010dilu.\" \/>\n<meta property=\"og:url\" content=\"https:\/\/svetslik.si\/hu\/vincent-van-gogh-hu\/sheaves-of-wheat\/\" \/>\n<meta property=\"og:site_name\" content=\"SVETSLIK.SI\" \/>\n<meta property=\"article:publisher\" content=\"https:\/\/www.facebook.com\/svetslik.si\" \/>\n<meta property=\"article:modified_time\" content=\"2026-03-22T21:01:12+00:00\" \/>\n<meta property=\"og:image\" content=\"https:\/\/svetslik.si\/wp-content\/uploads\/2021\/08\/image_Sheaves-of-Wheat-van-Gogh_680.jpg\" \/>\n\t<meta property=\"og:image:width\" content=\"1536\" \/>\n\t<meta property=\"og:image:height\" content=\"752\" \/>\n\t<meta property=\"og:image:type\" content=\"image\/jpeg\" \/>\n<meta name=\"twitter:card\" content=\"summary_large_image\" \/>\n<meta name=\"twitter:site\" content=\"@svetslik\" \/>\n<meta name=\"twitter:label1\" content=\"El\u00e9rhet\u0151s\u00e9g\" \/>\n\t<meta name=\"twitter:data1\" content=\"Beszerz\u00e9s alatt\" \/>\n<script type=\"application\/ld+json\" class=\"yoast-schema-graph\">{\"@context\":\"https:\/\/schema.org\",\"@graph\":[{\"@type\":[\"WebPage\",\"ItemPage\"],\"@id\":\"https:\/\/svetslik.si\/hu\/vincent-van-gogh-hu\/sheaves-of-wheat\/\",\"url\":\"https:\/\/svetslik.si\/hu\/vincent-van-gogh-hu\/sheaves-of-wheat\/\",\"name\":\"Vincent van Gogh - Sheaves of Wheat - SVETSLIK.SI - 100% k\u00e9zzel festett\",\"isPartOf\":{\"@id\":\"https:\/\/svetslik.si\/hu\/#website\"},\"primaryImageOfPage\":{\"@id\":\"https:\/\/svetslik.si\/hu\/vincent-van-gogh-hu\/sheaves-of-wheat\/#primaryimage\"},\"image\":{\"@id\":\"https:\/\/svetslik.si\/hu\/vincent-van-gogh-hu\/sheaves-of-wheat\/#primaryimage\"},\"thumbnailUrl\":\"https:\/\/svetslik.si\/wp-content\/uploads\/2021\/08\/image_Sheaves-of-Wheat-van-Gogh_680.jpg\",\"datePublished\":\"2021-09-02T16:07:57+00:00\",\"dateModified\":\"2026-03-22T21:01:12+00:00\",\"description\":\"Vincent van Gogh - Sheaves of Wheat - 100% k\u00e9zzel festett h\u00edres festm\u00e9nyek reprodukci\u00f3i. Festm\u00e9nyek keretez\u00e9se, elad\u00e1sa \u00e9s egyedi rendel\u00e9sre t\u00f6rt\u00e9n\u0151 v\u00e1szonk\u00e9pek k\u00e9sz\u00edt\u00e9se.\",\"breadcrumb\":{\"@id\":\"https:\/\/svetslik.si\/hu\/vincent-van-gogh-hu\/sheaves-of-wheat\/#breadcrumb\"},\"inLanguage\":\"hu\",\"potentialAction\":[{\"@type\":\"ReadAction\",\"target\":[\"https:\/\/svetslik.si\/hu\/vincent-van-gogh-hu\/sheaves-of-wheat\/\"]}]},{\"@type\":\"ImageObject\",\"inLanguage\":\"hu\",\"@id\":\"https:\/\/svetslik.si\/hu\/vincent-van-gogh-hu\/sheaves-of-wheat\/#primaryimage\",\"url\":\"https:\/\/svetslik.si\/wp-content\/uploads\/2021\/08\/image_Sheaves-of-Wheat-van-Gogh_680.jpg\",\"contentUrl\":\"https:\/\/svetslik.si\/wp-content\/uploads\/2021\/08\/image_Sheaves-of-Wheat-van-Gogh_680.jpg\",\"width\":1536,\"height\":752,\"caption\":\"Vincent Van Gogh - Sheaves of Wheat (B\u00fazakal\u00e1szok) - Vazonk\u00e9p, festm\u00e9nyek, reprodukci\u00f3\"},{\"@type\":\"BreadcrumbList\",\"@id\":\"https:\/\/svetslik.si\/hu\/vincent-van-gogh-hu\/sheaves-of-wheat\/#breadcrumb\",\"itemListElement\":[{\"@type\":\"ListItem\",\"position\":1,\"name\":\"Wall art and paintings on canvas\",\"item\":\"https:\/\/svetslik.si\/hu\/\"},{\"@type\":\"ListItem\",\"position\":2,\"name\":\"Festm\u00e9nyek elad\u00e1sa\",\"item\":\"https:\/\/svetslik.si\/prodaja-slik\/\"},{\"@type\":\"ListItem\",\"position\":3,\"name\":\"Vincent van Gogh &#8211; Sheaves of Wheat\"}]},{\"@type\":\"WebSite\",\"@id\":\"https:\/\/svetslik.si\/hu\/#website\",\"url\":\"https:\/\/svetslik.si\/hu\/\",\"name\":\"SVETSLIK.SI\",\"description\":\"100%-ban k\u00e9zzel festett reprodukci\u00f3k h\u00edres fest\u0151k festm\u00e9nyeir\u0151l \u00e9s festm\u00e9nyekr\u0151l v\u00e1szonra.\",\"publisher\":{\"@id\":\"https:\/\/svetslik.si\/hu\/#organization\"},\"potentialAction\":[{\"@type\":\"SearchAction\",\"target\":{\"@type\":\"EntryPoint\",\"urlTemplate\":\"https:\/\/svetslik.si\/hu\/?s={search_term_string}\"},\"query-input\":{\"@type\":\"PropertyValueSpecification\",\"valueRequired\":true,\"valueName\":\"search_term_string\"}}],\"inLanguage\":\"hu\"},{\"@type\":\"Organization\",\"@id\":\"https:\/\/svetslik.si\/hu\/#organization\",\"name\":\"SvetSlik.si\",\"url\":\"https:\/\/svetslik.si\/hu\/\",\"logo\":{\"@type\":\"ImageObject\",\"inLanguage\":\"hu\",\"@id\":\"https:\/\/svetslik.si\/hu\/#\/schema\/logo\/image\/\",\"url\":\"https:\/\/svetslik.si\/wp-content\/uploads\/2020\/12\/logo-512.png\",\"contentUrl\":\"https:\/\/svetslik.si\/wp-content\/uploads\/2020\/12\/logo-512.png\",\"width\":512,\"height\":512,\"caption\":\"SvetSlik.si\"},\"image\":{\"@id\":\"https:\/\/svetslik.si\/hu\/#\/schema\/logo\/image\/\"},\"sameAs\":[\"https:\/\/www.facebook.com\/svetslik.si\",\"https:\/\/x.com\/svetslik\",\"https:\/\/www.instagram.com\/svetslik.si\/\",\"https:\/\/www.linkedin.com\/company\/svetslik-si\"]}]}<\/script>\n<meta property=\"og:availability\" content=\"backorder\" \/>\n<meta property=\"product:availability\" content=\"available for order\" \/>\n<meta property=\"product:retailer_item_id\" content=\"422__\" \/>\n<meta property=\"product:condition\" content=\"new\" \/>\n<!-- \/ Yoast SEO Premium plugin. -->","yoast_head_json":{"title":"Vincent van Gogh - Sheaves of Wheat - SVETSLIK.SI - 100% k\u00e9zzel festett","description":"Vincent van Gogh - Sheaves of Wheat - 100% k\u00e9zzel festett h\u00edres festm\u00e9nyek reprodukci\u00f3i. Festm\u00e9nyek keretez\u00e9se, elad\u00e1sa \u00e9s egyedi rendel\u00e9sre t\u00f6rt\u00e9n\u0151 v\u00e1szonk\u00e9pek k\u00e9sz\u00edt\u00e9se.","robots":{"index":"index","follow":"follow","max-snippet":"max-snippet:-1","max-image-preview":"max-image-preview:large","max-video-preview":"max-video-preview:-1"},"canonical":"https:\/\/svetslik.si\/hu\/vincent-van-gogh-hu\/sheaves-of-wheat\/","og_locale":"hu_HU","og_type":"article","og_title":"Vincent van Gogh - Sheaves of Wheat","og_description":"100% ro\u010dno naslikane slike na platnu, reprodukcije znanih slikarjev in umetni\u0161ke slike po naro\u010dilu.","og_url":"https:\/\/svetslik.si\/hu\/vincent-van-gogh-hu\/sheaves-of-wheat\/","og_site_name":"SVETSLIK.SI","article_publisher":"https:\/\/www.facebook.com\/svetslik.si","article_modified_time":"2026-03-22T21:01:12+00:00","og_image":[{"width":1536,"height":752,"url":"https:\/\/svetslik.si\/wp-content\/uploads\/2021\/08\/image_Sheaves-of-Wheat-van-Gogh_680.jpg","type":"image\/jpeg"}],"twitter_card":"summary_large_image","twitter_site":"@svetslik","twitter_misc":{"El\u00e9rhet\u0151s\u00e9g":"Beszerz\u00e9s alatt"},"schema":{"@context":"https:\/\/schema.org","@graph":[{"@type":["WebPage","ItemPage"],"@id":"https:\/\/svetslik.si\/hu\/vincent-van-gogh-hu\/sheaves-of-wheat\/","url":"https:\/\/svetslik.si\/hu\/vincent-van-gogh-hu\/sheaves-of-wheat\/","name":"Vincent van Gogh - Sheaves of Wheat - SVETSLIK.SI - 100% k\u00e9zzel festett","isPartOf":{"@id":"https:\/\/svetslik.si\/hu\/#website"},"primaryImageOfPage":{"@id":"https:\/\/svetslik.si\/hu\/vincent-van-gogh-hu\/sheaves-of-wheat\/#primaryimage"},"image":{"@id":"https:\/\/svetslik.si\/hu\/vincent-van-gogh-hu\/sheaves-of-wheat\/#primaryimage"},"thumbnailUrl":"https:\/\/svetslik.si\/wp-content\/uploads\/2021\/08\/image_Sheaves-of-Wheat-van-Gogh_680.jpg","datePublished":"2021-09-02T16:07:57+00:00","dateModified":"2026-03-22T21:01:12+00:00","description":"Vincent van Gogh - Sheaves of Wheat - 100% k\u00e9zzel festett h\u00edres festm\u00e9nyek reprodukci\u00f3i. Festm\u00e9nyek keretez\u00e9se, elad\u00e1sa \u00e9s egyedi rendel\u00e9sre t\u00f6rt\u00e9n\u0151 v\u00e1szonk\u00e9pek k\u00e9sz\u00edt\u00e9se.","breadcrumb":{"@id":"https:\/\/svetslik.si\/hu\/vincent-van-gogh-hu\/sheaves-of-wheat\/#breadcrumb"},"inLanguage":"hu","potentialAction":[{"@type":"ReadAction","target":["https:\/\/svetslik.si\/hu\/vincent-van-gogh-hu\/sheaves-of-wheat\/"]}]},{"@type":"ImageObject","inLanguage":"hu","@id":"https:\/\/svetslik.si\/hu\/vincent-van-gogh-hu\/sheaves-of-wheat\/#primaryimage","url":"https:\/\/svetslik.si\/wp-content\/uploads\/2021\/08\/image_Sheaves-of-Wheat-van-Gogh_680.jpg","contentUrl":"https:\/\/svetslik.si\/wp-content\/uploads\/2021\/08\/image_Sheaves-of-Wheat-van-Gogh_680.jpg","width":1536,"height":752,"caption":"Vincent Van Gogh - Sheaves of Wheat (B\u00fazakal\u00e1szok) - Vazonk\u00e9p, festm\u00e9nyek, reprodukci\u00f3"},{"@type":"BreadcrumbList","@id":"https:\/\/svetslik.si\/hu\/vincent-van-gogh-hu\/sheaves-of-wheat\/#breadcrumb","itemListElement":[{"@type":"ListItem","position":1,"name":"Wall art and paintings on canvas","item":"https:\/\/svetslik.si\/hu\/"},{"@type":"ListItem","position":2,"name":"Festm\u00e9nyek elad\u00e1sa","item":"https:\/\/svetslik.si\/prodaja-slik\/"},{"@type":"ListItem","position":3,"name":"Vincent van Gogh &#8211; Sheaves of Wheat"}]},{"@type":"WebSite","@id":"https:\/\/svetslik.si\/hu\/#website","url":"https:\/\/svetslik.si\/hu\/","name":"SVETSLIK.SI","description":"100%-ban k\u00e9zzel festett reprodukci\u00f3k h\u00edres fest\u0151k festm\u00e9nyeir\u0151l \u00e9s festm\u00e9nyekr\u0151l v\u00e1szonra.","publisher":{"@id":"https:\/\/svetslik.si\/hu\/#organization"},"potentialAction":[{"@type":"SearchAction","target":{"@type":"EntryPoint","urlTemplate":"https:\/\/svetslik.si\/hu\/?s={search_term_string}"},"query-input":{"@type":"PropertyValueSpecification","valueRequired":true,"valueName":"search_term_string"}}],"inLanguage":"hu"},{"@type":"Organization","@id":"https:\/\/svetslik.si\/hu\/#organization","name":"SvetSlik.si","url":"https:\/\/svetslik.si\/hu\/","logo":{"@type":"ImageObject","inLanguage":"hu","@id":"https:\/\/svetslik.si\/hu\/#\/schema\/logo\/image\/","url":"https:\/\/svetslik.si\/wp-content\/uploads\/2020\/12\/logo-512.png","contentUrl":"https:\/\/svetslik.si\/wp-content\/uploads\/2020\/12\/logo-512.png","width":512,"height":512,"caption":"SvetSlik.si"},"image":{"@id":"https:\/\/svetslik.si\/hu\/#\/schema\/logo\/image\/"},"sameAs":["https:\/\/www.facebook.com\/svetslik.si","https:\/\/x.com\/svetslik","https:\/\/www.instagram.com\/svetslik.si\/","https:\/\/www.linkedin.com\/company\/svetslik-si"]}]},"og_availability":"backorder","product_availability":"available for order","product_retailer_item_id":"422__","product_condition":"new"},"jetpack_sharing_enabled":true,"_links":{"self":[{"href":"https:\/\/svetslik.si\/hu\/wp-json\/wp\/v2\/product\/54819","targetHints":{"allow":["GET"]}}],"collection":[{"href":"https:\/\/svetslik.si\/hu\/wp-json\/wp\/v2\/product"}],"about":[{"href":"https:\/\/svetslik.si\/hu\/wp-json\/wp\/v2\/types\/product"}],"wp:featuredmedia":[{"embeddable":true,"href":"https:\/\/svetslik.si\/hu\/wp-json\/wp\/v2\/media\/49992"}],"wp:attachment":[{"href":"https:\/\/svetslik.si\/hu\/wp-json\/wp\/v2\/media?parent=54819"}],"wp:term":[{"taxonomy":"product_brand","embeddable":true,"href":"https:\/\/svetslik.si\/hu\/wp-json\/wp\/v2\/product_brand?post=54819"},{"taxonomy":"product_cat","embeddable":true,"href":"https:\/\/svetslik.si\/hu\/wp-json\/wp\/v2\/product_cat?post=54819"},{"taxonomy":"product_tag","embeddable":true,"href":"https:\/\/svetslik.si\/hu\/wp-json\/wp\/v2\/product_tag?post=54819"}],"curies":[{"name":"wp","href":"https:\/\/api.w.org\/{rel}","templated":true}]}}