{"id":54945,"date":"2021-09-02T18:09:52","date_gmt":"2021-09-02T16:09:52","guid":{"rendered":"https:\/\/svetslik.si\/nem-kategorizalt\/soft-construction-with-boiled-beans-premonition-of-civil-war\/"},"modified":"2026-03-22T22:03:46","modified_gmt":"2026-03-22T21:03:46","slug":"soft-construction-with-boiled-beans-premonition-of-civil-war","status":"publish","type":"product","link":"https:\/\/svetslik.si\/hu\/salvador-dali-hu\/soft-construction-with-boiled-beans-premonition-of-civil-war\/","title":{"rendered":"Salvador Dali &#8211; Soft Construction with Boiled Beans (Premonition of Civil War)"},"content":{"rendered":"<h1>Salvador Dali \u2013 Puha konstrukci\u00f3 f\u0151tt babbal (polg\u00e1rh\u00e1bor\u00fa el\u0151\u00e9rzete)<\/h1>\n<p>&nbsp;<\/p>\n<table style=\"width: 673px\" border=\"0\" width=\"673\" cellpadding=\"0\">\n<tbody>\n<tr>\n<td style=\"width: 180px;height: 21px\" height=\"21\">L\u00e9trehoz\u00e1s \u00e9ve:<\/td>\n<td style=\"width: 493px\">1936<\/td>\n<\/tr>\n<tr>\n<td style=\"width: 180px;height: 21px\" height=\"21\">Eredeti m\u00e9ret:<\/td>\n<td style=\"width: 493px\">99 cm x 100 cm<\/td>\n<\/tr>\n<tr>\n<td style=\"width: 180px;height: 21px\" height=\"21\">Fest\u00e9si st\u00edlus:<\/td>\n<td>\n<div>\n<div>\n<div>\n<div>\n<div>Sz\u00fcrrealizmus<\/div>\n<\/div>\n<\/div>\n<\/div>\n<\/div>\n<\/td>\n<\/tr>\n<tr>\n<td style=\"width: 180px;height: 21px\" height=\"21\">Eredeti technika:<\/td>\n<td>Olaj, v\u00e1szon<\/td>\n<\/tr>\n<tr>\n<td style=\"width: 180px;height: 21px\" height=\"21\">Helysz\u00edn:<\/td>\n<td>Philadelphiai M\u0171v\u00e9szeti M\u00fazeum, Philadelphia<\/td>\n<\/tr>\n<\/tbody>\n<colgroup>\n<col \/>\n<col \/> <\/colgroup>\n<\/table>\n<p>Salvador Dali &#8220;L\u00e1gy \u00e9p\u00edtkez\u00e9s f\u0151tt babbal (polg\u00e1rh\u00e1bor\u00fa el\u0151\u00e9rzete)&#8221; megind\u00edt\u00f3 \u00e9s er\u0151teljes festm\u00e9ny, amely a h\u00e1bor\u00fa, az er\u0151szak \u00e9s az emberi szenved\u00e9s t\u00e9m\u00e1it dolgozza fel. A festm\u00e9nyt 1936-ban festett\u00e9k, \u00e9s Dal\u00ed egyik legfontosabb alkot\u00e1sak\u00e9nt tartj\u00e1k sz\u00e1mon. Kiv\u00e1l\u00f3 p\u00e9ld\u00e1ja annak a sz\u00fcrrealista st\u00edlusnak, amelyr\u0151l a fest\u0151 ismert.<\/p>\n<p>A festm\u00e9nyen egy eltorzult, feldarabolt emberi alak l\u00e1that\u00f3, amely csavart \u00e9s torz testr\u00e9szekb\u0151l \u00e1ll. Az alakot olvad\u00f3 \u00f3r\u00e1k, elvetem\u00fclt \u00e9p\u00fcletek \u00e9s forr\u00e1sban l\u00e9v\u0151 babok kaotikus t\u00e1ja veszi k\u00f6r\u00fcl, szimboliz\u00e1lva a h\u00e1bor\u00fa er\u0151szak\u00e1t \u00e9s puszt\u00edt\u00e1s\u00e1t. A h\u00e1tt\u00e9r v\u00f6r\u00f6s \u00e9s narancss\u00e1rga \u00e1rnyalatokkal van festve, ami tov\u00e1bb hangs\u00falyozza az er\u0151szak \u00e9s a puszt\u00edt\u00e1s t\u00e9m\u00e1j\u00e1t.<\/p>\n<p>Dal\u00ed szimbolik\u00e1ja ezen a festm\u00e9nyen k\u00fcl\u00f6n\u00f6sen felt\u0171n\u0151. Az eltorzult emberi alak a h\u00e1bor\u00fa emberi k\u00f6lts\u00e9g\u00e9t, az \u00f3r\u00e1k olvad\u00e1sa pedig az id\u0151 m\u00fal\u00e1s\u00e1t \u00e9s az \u00e9let muland\u00f3s\u00e1g\u00e1t szimboliz\u00e1lja. A babzs\u00e1k a h\u00e1bor\u00fa k\u00e1oszt \u00e9s puszt\u00edt\u00e1s\u00e1t, valamint az \u00e1ltala okozott emberi szenved\u00e9st jelk\u00e9pezi.<\/p>\n<p>S\u00f6t\u00e9t t\u00e9m\u00e1i ellen\u00e9re a &#8220;L\u00e1gy \u00e9p\u00edtkez\u00e9s f\u0151tt babbal (a polg\u00e1rh\u00e1bor\u00fa el\u0151\u00e9rzete)&#8221; c\u00edm\u0171 festm\u00e9ny felt\u0171n\u0151 \u00e9s er\u0151teljes festm\u00e9ny, amelyet m\u00e9g mindig csod\u00e1lnak \u00e9s tanulm\u00e1nyoznak a m\u0171v\u00e9szet szerelmesei szerte a vil\u00e1gon. A festm\u00e9ny jelenleg a Philadelphiai M\u0171v\u00e9szeti M\u00fazeumban van ki\u00e1ll\u00edtva, \u00e9s kihagyhatatlan mindenkinek, aki \u00e9rdekl\u0151dik a sz\u00fcrrealizmus \u00e9s Salvador Dali munk\u00e1i ir\u00e1nt.<\/p>\n","protected":false},"excerpt":{"rendered":"<p>Salvador Dali \u2013 Puha konstrukci\u00f3 f\u0151tt babbal (polg\u00e1rh\u00e1bor\u00fa el\u0151\u00e9rzete) &nbsp; L\u00e9trehoz\u00e1s \u00e9ve: 1936 Eredeti m\u00e9ret: 99 cm x 100 cm Fest\u00e9si st\u00edlus: Sz\u00fcrrealizmus Eredeti technika: Olaj, v\u00e1szon Helysz\u00edn: Philadelphiai M\u0171v\u00e9szeti M\u00fazeum, Philadelphia Salvador Dali &#8220;L\u00e1gy \u00e9p\u00edtkez\u00e9s f\u0151tt babbal (polg\u00e1rh\u00e1bor\u00fa el\u0151\u00e9rzete)&#8221; megind\u00edt\u00f3 \u00e9s er\u0151teljes festm\u00e9ny, amely a h\u00e1bor\u00fa, az er\u0151szak \u00e9s [&hellip;]<\/p>\n","protected":false},"featured_media":50040,"template":"","meta":{"_acf_changed":false},"product_brand":[],"product_cat":[7134],"product_tag":[7163,11885,11886,11887,7201],"class_list":{"0":"post-54945","1":"product","2":"type-product","3":"status-publish","4":"has-post-thumbnail","6":"product_cat-salvador-dali-hu","7":"product_tag-dali-hu","8":"product_tag-painter-hu","9":"product_tag-reproduction","10":"product_tag-reproductions-hu","11":"product_tag-salvador-dali-hu","12":"pa_dimenzija-110-x-110-cm","13":"pa_dimenzija-130-x-130-cm","14":"pa_dimenzija-150-x-150-cm","15":"pa_dimenzija-180-x-180-cm","16":"pa_dimenzija-70-x-70-cm","17":"pa_dimenzija-80-x-80-cm","18":"pa_dimenzija-90-x-90-cm","19":"pa_dimenzija-99-x-100-cm","20":"pa_oblika-fuggoleges","21":"pa_okvir-nincs-keret","22":"pa_podokvir-igen","23":"pa_podokvir-nem","25":"first","26":"onbackorder","27":"purchasable","28":"product-type-variable","29":"has-default-attributes"},"acf":[],"yoast_head":"<!-- This site is optimized with the Yoast SEO Premium plugin v26.0 (Yoast SEO v27.2) - https:\/\/yoast.com\/product\/yoast-seo-premium-wordpress\/ -->\n<title>Salvador Dali - Soft Construction with Boiled Beans (Premonition of Civil War) - SVETSLIK.SI - 100% k\u00e9zzel festett<\/title>\n<meta name=\"description\" content=\"Salvador Dali - Soft Construction with Boiled Beans (Premonition of Civil War) - 100% k\u00e9zzel festett h\u00edres festm\u00e9nyek reprodukci\u00f3i. Festm\u00e9nyek keretez\u00e9se, elad\u00e1sa \u00e9s egyedi rendel\u00e9sre t\u00f6rt\u00e9n\u0151 v\u00e1szonk\u00e9pek k\u00e9sz\u00edt\u00e9se.\" \/>\n<meta name=\"robots\" content=\"index, follow, max-snippet:-1, max-image-preview:large, max-video-preview:-1\" \/>\n<link rel=\"canonical\" href=\"https:\/\/svetslik.si\/hu\/salvador-dali-hu\/soft-construction-with-boiled-beans-premonition-of-civil-war\/\" \/>\n<meta property=\"og:locale\" content=\"hu_HU\" \/>\n<meta property=\"og:type\" content=\"article\" \/>\n<meta property=\"og:title\" content=\"Salvador Dali - Soft Construction with Boiled Beans (Premonition of Civil War)\" \/>\n<meta property=\"og:description\" content=\"100% ro\u010dno naslikane slike na platnu, reprodukcije znanih slikarjev in umetni\u0161ke slike po naro\u010dilu.\" \/>\n<meta property=\"og:url\" content=\"https:\/\/svetslik.si\/hu\/salvador-dali-hu\/soft-construction-with-boiled-beans-premonition-of-civil-war\/\" \/>\n<meta property=\"og:site_name\" content=\"SVETSLIK.SI\" \/>\n<meta property=\"article:publisher\" content=\"https:\/\/www.facebook.com\/svetslik.si\" \/>\n<meta property=\"article:modified_time\" content=\"2026-03-22T21:03:46+00:00\" \/>\n<meta property=\"og:image\" content=\"https:\/\/svetslik.si\/wp-content\/uploads\/2021\/08\/image_Soft-Construction-with-Boiled-Beans-Premonition-of-Civil-War_680.jpg\" \/>\n\t<meta property=\"og:image:width\" content=\"1589\" \/>\n\t<meta property=\"og:image:height\" content=\"1600\" \/>\n\t<meta property=\"og:image:type\" content=\"image\/jpeg\" \/>\n<meta name=\"twitter:card\" content=\"summary_large_image\" \/>\n<meta name=\"twitter:site\" content=\"@svetslik\" \/>\n<meta name=\"twitter:label1\" content=\"El\u00e9rhet\u0151s\u00e9g\" \/>\n\t<meta name=\"twitter:data1\" content=\"Beszerz\u00e9s alatt\" \/>\n<script type=\"application\/ld+json\" class=\"yoast-schema-graph\">{\"@context\":\"https:\/\/schema.org\",\"@graph\":[{\"@type\":[\"WebPage\",\"ItemPage\"],\"@id\":\"https:\/\/svetslik.si\/hu\/salvador-dali-hu\/soft-construction-with-boiled-beans-premonition-of-civil-war\/\",\"url\":\"https:\/\/svetslik.si\/hu\/salvador-dali-hu\/soft-construction-with-boiled-beans-premonition-of-civil-war\/\",\"name\":\"Salvador Dali - Soft Construction with Boiled Beans (Premonition of Civil War) - SVETSLIK.SI - 100% k\u00e9zzel festett\",\"isPartOf\":{\"@id\":\"https:\/\/svetslik.si\/hu\/#website\"},\"primaryImageOfPage\":{\"@id\":\"https:\/\/svetslik.si\/hu\/salvador-dali-hu\/soft-construction-with-boiled-beans-premonition-of-civil-war\/#primaryimage\"},\"image\":{\"@id\":\"https:\/\/svetslik.si\/hu\/salvador-dali-hu\/soft-construction-with-boiled-beans-premonition-of-civil-war\/#primaryimage\"},\"thumbnailUrl\":\"https:\/\/svetslik.si\/wp-content\/uploads\/2021\/08\/image_Soft-Construction-with-Boiled-Beans-Premonition-of-Civil-War_680.jpg\",\"datePublished\":\"2021-09-02T16:09:52+00:00\",\"dateModified\":\"2026-03-22T21:03:46+00:00\",\"description\":\"Salvador Dali - Soft Construction with Boiled Beans (Premonition of Civil War) - 100% k\u00e9zzel festett h\u00edres festm\u00e9nyek reprodukci\u00f3i. Festm\u00e9nyek keretez\u00e9se, elad\u00e1sa \u00e9s egyedi rendel\u00e9sre t\u00f6rt\u00e9n\u0151 v\u00e1szonk\u00e9pek k\u00e9sz\u00edt\u00e9se.\",\"breadcrumb\":{\"@id\":\"https:\/\/svetslik.si\/hu\/salvador-dali-hu\/soft-construction-with-boiled-beans-premonition-of-civil-war\/#breadcrumb\"},\"inLanguage\":\"hu\",\"potentialAction\":[{\"@type\":\"ReadAction\",\"target\":[\"https:\/\/svetslik.si\/hu\/salvador-dali-hu\/soft-construction-with-boiled-beans-premonition-of-civil-war\/\"]}]},{\"@type\":\"ImageObject\",\"inLanguage\":\"hu\",\"@id\":\"https:\/\/svetslik.si\/hu\/salvador-dali-hu\/soft-construction-with-boiled-beans-premonition-of-civil-war\/#primaryimage\",\"url\":\"https:\/\/svetslik.si\/wp-content\/uploads\/2021\/08\/image_Soft-Construction-with-Boiled-Beans-Premonition-of-Civil-War_680.jpg\",\"contentUrl\":\"https:\/\/svetslik.si\/wp-content\/uploads\/2021\/08\/image_Soft-Construction-with-Boiled-Beans-Premonition-of-Civil-War_680.jpg\",\"width\":1589,\"height\":1600,\"caption\":\"Salvador Dali - Soft Construction with Boiled Beans: Premonition of Civil War (L\u00e1gy konstrukci\u00f3 f\u0151tt babbal: a polg\u00e1rh\u00e1bor\u00fa el\u0151\u00e9rzete) - Vazonk\u00e9p, festm\u00e9nyek, reprodukci\u00f3\"},{\"@type\":\"BreadcrumbList\",\"@id\":\"https:\/\/svetslik.si\/hu\/salvador-dali-hu\/soft-construction-with-boiled-beans-premonition-of-civil-war\/#breadcrumb\",\"itemListElement\":[{\"@type\":\"ListItem\",\"position\":1,\"name\":\"Wall art and paintings on canvas\",\"item\":\"https:\/\/svetslik.si\/hu\/\"},{\"@type\":\"ListItem\",\"position\":2,\"name\":\"Festm\u00e9nyek elad\u00e1sa\",\"item\":\"https:\/\/svetslik.si\/prodaja-slik\/\"},{\"@type\":\"ListItem\",\"position\":3,\"name\":\"Salvador Dali &#8211; Soft Construction with Boiled Beans (Premonition of Civil War)\"}]},{\"@type\":\"WebSite\",\"@id\":\"https:\/\/svetslik.si\/hu\/#website\",\"url\":\"https:\/\/svetslik.si\/hu\/\",\"name\":\"SVETSLIK.SI\",\"description\":\"100%-ban k\u00e9zzel festett reprodukci\u00f3k h\u00edres fest\u0151k festm\u00e9nyeir\u0151l \u00e9s festm\u00e9nyekr\u0151l v\u00e1szonra.\",\"publisher\":{\"@id\":\"https:\/\/svetslik.si\/hu\/#organization\"},\"potentialAction\":[{\"@type\":\"SearchAction\",\"target\":{\"@type\":\"EntryPoint\",\"urlTemplate\":\"https:\/\/svetslik.si\/hu\/?s={search_term_string}\"},\"query-input\":{\"@type\":\"PropertyValueSpecification\",\"valueRequired\":true,\"valueName\":\"search_term_string\"}}],\"inLanguage\":\"hu\"},{\"@type\":\"Organization\",\"@id\":\"https:\/\/svetslik.si\/hu\/#organization\",\"name\":\"SvetSlik.si\",\"url\":\"https:\/\/svetslik.si\/hu\/\",\"logo\":{\"@type\":\"ImageObject\",\"inLanguage\":\"hu\",\"@id\":\"https:\/\/svetslik.si\/hu\/#\/schema\/logo\/image\/\",\"url\":\"https:\/\/svetslik.si\/wp-content\/uploads\/2020\/12\/logo-512.png\",\"contentUrl\":\"https:\/\/svetslik.si\/wp-content\/uploads\/2020\/12\/logo-512.png\",\"width\":512,\"height\":512,\"caption\":\"SvetSlik.si\"},\"image\":{\"@id\":\"https:\/\/svetslik.si\/hu\/#\/schema\/logo\/image\/\"},\"sameAs\":[\"https:\/\/www.facebook.com\/svetslik.si\",\"https:\/\/x.com\/svetslik\",\"https:\/\/www.instagram.com\/svetslik.si\/\",\"https:\/\/www.linkedin.com\/company\/svetslik-si\"]}]}<\/script>\n<meta property=\"og:availability\" content=\"backorder\" \/>\n<meta property=\"product:availability\" content=\"available for order\" \/>\n<meta property=\"product:retailer_item_id\" content=\"440__\" \/>\n<meta property=\"product:condition\" content=\"new\" \/>\n<!-- \/ Yoast SEO Premium plugin. -->","yoast_head_json":{"title":"Salvador Dali - Soft Construction with Boiled Beans (Premonition of Civil War) - SVETSLIK.SI - 100% k\u00e9zzel festett","description":"Salvador Dali - Soft Construction with Boiled Beans (Premonition of Civil War) - 100% k\u00e9zzel festett h\u00edres festm\u00e9nyek reprodukci\u00f3i. Festm\u00e9nyek keretez\u00e9se, elad\u00e1sa \u00e9s egyedi rendel\u00e9sre t\u00f6rt\u00e9n\u0151 v\u00e1szonk\u00e9pek k\u00e9sz\u00edt\u00e9se.","robots":{"index":"index","follow":"follow","max-snippet":"max-snippet:-1","max-image-preview":"max-image-preview:large","max-video-preview":"max-video-preview:-1"},"canonical":"https:\/\/svetslik.si\/hu\/salvador-dali-hu\/soft-construction-with-boiled-beans-premonition-of-civil-war\/","og_locale":"hu_HU","og_type":"article","og_title":"Salvador Dali - Soft Construction with Boiled Beans (Premonition of Civil War)","og_description":"100% ro\u010dno naslikane slike na platnu, reprodukcije znanih slikarjev in umetni\u0161ke slike po naro\u010dilu.","og_url":"https:\/\/svetslik.si\/hu\/salvador-dali-hu\/soft-construction-with-boiled-beans-premonition-of-civil-war\/","og_site_name":"SVETSLIK.SI","article_publisher":"https:\/\/www.facebook.com\/svetslik.si","article_modified_time":"2026-03-22T21:03:46+00:00","og_image":[{"width":1589,"height":1600,"url":"https:\/\/svetslik.si\/wp-content\/uploads\/2021\/08\/image_Soft-Construction-with-Boiled-Beans-Premonition-of-Civil-War_680.jpg","type":"image\/jpeg"}],"twitter_card":"summary_large_image","twitter_site":"@svetslik","twitter_misc":{"El\u00e9rhet\u0151s\u00e9g":"Beszerz\u00e9s alatt"},"schema":{"@context":"https:\/\/schema.org","@graph":[{"@type":["WebPage","ItemPage"],"@id":"https:\/\/svetslik.si\/hu\/salvador-dali-hu\/soft-construction-with-boiled-beans-premonition-of-civil-war\/","url":"https:\/\/svetslik.si\/hu\/salvador-dali-hu\/soft-construction-with-boiled-beans-premonition-of-civil-war\/","name":"Salvador Dali - Soft Construction with Boiled Beans (Premonition of Civil War) - SVETSLIK.SI - 100% k\u00e9zzel festett","isPartOf":{"@id":"https:\/\/svetslik.si\/hu\/#website"},"primaryImageOfPage":{"@id":"https:\/\/svetslik.si\/hu\/salvador-dali-hu\/soft-construction-with-boiled-beans-premonition-of-civil-war\/#primaryimage"},"image":{"@id":"https:\/\/svetslik.si\/hu\/salvador-dali-hu\/soft-construction-with-boiled-beans-premonition-of-civil-war\/#primaryimage"},"thumbnailUrl":"https:\/\/svetslik.si\/wp-content\/uploads\/2021\/08\/image_Soft-Construction-with-Boiled-Beans-Premonition-of-Civil-War_680.jpg","datePublished":"2021-09-02T16:09:52+00:00","dateModified":"2026-03-22T21:03:46+00:00","description":"Salvador Dali - Soft Construction with Boiled Beans (Premonition of Civil War) - 100% k\u00e9zzel festett h\u00edres festm\u00e9nyek reprodukci\u00f3i. Festm\u00e9nyek keretez\u00e9se, elad\u00e1sa \u00e9s egyedi rendel\u00e9sre t\u00f6rt\u00e9n\u0151 v\u00e1szonk\u00e9pek k\u00e9sz\u00edt\u00e9se.","breadcrumb":{"@id":"https:\/\/svetslik.si\/hu\/salvador-dali-hu\/soft-construction-with-boiled-beans-premonition-of-civil-war\/#breadcrumb"},"inLanguage":"hu","potentialAction":[{"@type":"ReadAction","target":["https:\/\/svetslik.si\/hu\/salvador-dali-hu\/soft-construction-with-boiled-beans-premonition-of-civil-war\/"]}]},{"@type":"ImageObject","inLanguage":"hu","@id":"https:\/\/svetslik.si\/hu\/salvador-dali-hu\/soft-construction-with-boiled-beans-premonition-of-civil-war\/#primaryimage","url":"https:\/\/svetslik.si\/wp-content\/uploads\/2021\/08\/image_Soft-Construction-with-Boiled-Beans-Premonition-of-Civil-War_680.jpg","contentUrl":"https:\/\/svetslik.si\/wp-content\/uploads\/2021\/08\/image_Soft-Construction-with-Boiled-Beans-Premonition-of-Civil-War_680.jpg","width":1589,"height":1600,"caption":"Salvador Dali - Soft Construction with Boiled Beans: Premonition of Civil War (L\u00e1gy konstrukci\u00f3 f\u0151tt babbal: a polg\u00e1rh\u00e1bor\u00fa el\u0151\u00e9rzete) - Vazonk\u00e9p, festm\u00e9nyek, reprodukci\u00f3"},{"@type":"BreadcrumbList","@id":"https:\/\/svetslik.si\/hu\/salvador-dali-hu\/soft-construction-with-boiled-beans-premonition-of-civil-war\/#breadcrumb","itemListElement":[{"@type":"ListItem","position":1,"name":"Wall art and paintings on canvas","item":"https:\/\/svetslik.si\/hu\/"},{"@type":"ListItem","position":2,"name":"Festm\u00e9nyek elad\u00e1sa","item":"https:\/\/svetslik.si\/prodaja-slik\/"},{"@type":"ListItem","position":3,"name":"Salvador Dali &#8211; Soft Construction with Boiled Beans (Premonition of Civil War)"}]},{"@type":"WebSite","@id":"https:\/\/svetslik.si\/hu\/#website","url":"https:\/\/svetslik.si\/hu\/","name":"SVETSLIK.SI","description":"100%-ban k\u00e9zzel festett reprodukci\u00f3k h\u00edres fest\u0151k festm\u00e9nyeir\u0151l \u00e9s festm\u00e9nyekr\u0151l v\u00e1szonra.","publisher":{"@id":"https:\/\/svetslik.si\/hu\/#organization"},"potentialAction":[{"@type":"SearchAction","target":{"@type":"EntryPoint","urlTemplate":"https:\/\/svetslik.si\/hu\/?s={search_term_string}"},"query-input":{"@type":"PropertyValueSpecification","valueRequired":true,"valueName":"search_term_string"}}],"inLanguage":"hu"},{"@type":"Organization","@id":"https:\/\/svetslik.si\/hu\/#organization","name":"SvetSlik.si","url":"https:\/\/svetslik.si\/hu\/","logo":{"@type":"ImageObject","inLanguage":"hu","@id":"https:\/\/svetslik.si\/hu\/#\/schema\/logo\/image\/","url":"https:\/\/svetslik.si\/wp-content\/uploads\/2020\/12\/logo-512.png","contentUrl":"https:\/\/svetslik.si\/wp-content\/uploads\/2020\/12\/logo-512.png","width":512,"height":512,"caption":"SvetSlik.si"},"image":{"@id":"https:\/\/svetslik.si\/hu\/#\/schema\/logo\/image\/"},"sameAs":["https:\/\/www.facebook.com\/svetslik.si","https:\/\/x.com\/svetslik","https:\/\/www.instagram.com\/svetslik.si\/","https:\/\/www.linkedin.com\/company\/svetslik-si"]}]},"og_availability":"backorder","product_availability":"available for order","product_retailer_item_id":"440__","product_condition":"new"},"jetpack_sharing_enabled":true,"_links":{"self":[{"href":"https:\/\/svetslik.si\/hu\/wp-json\/wp\/v2\/product\/54945","targetHints":{"allow":["GET"]}}],"collection":[{"href":"https:\/\/svetslik.si\/hu\/wp-json\/wp\/v2\/product"}],"about":[{"href":"https:\/\/svetslik.si\/hu\/wp-json\/wp\/v2\/types\/product"}],"wp:featuredmedia":[{"embeddable":true,"href":"https:\/\/svetslik.si\/hu\/wp-json\/wp\/v2\/media\/50040"}],"wp:attachment":[{"href":"https:\/\/svetslik.si\/hu\/wp-json\/wp\/v2\/media?parent=54945"}],"wp:term":[{"taxonomy":"product_brand","embeddable":true,"href":"https:\/\/svetslik.si\/hu\/wp-json\/wp\/v2\/product_brand?post=54945"},{"taxonomy":"product_cat","embeddable":true,"href":"https:\/\/svetslik.si\/hu\/wp-json\/wp\/v2\/product_cat?post=54945"},{"taxonomy":"product_tag","embeddable":true,"href":"https:\/\/svetslik.si\/hu\/wp-json\/wp\/v2\/product_tag?post=54945"}],"curies":[{"name":"wp","href":"https:\/\/api.w.org\/{rel}","templated":true}]}}