{"id":54963,"date":"2021-09-02T18:09:52","date_gmt":"2021-09-02T16:09:52","guid":{"rendered":"https:\/\/svetslik.si\/nem-kategorizalt\/madonna-of-port-lligat\/"},"modified":"2026-03-22T22:03:46","modified_gmt":"2026-03-22T21:03:46","slug":"madonna-of-port-lligat","status":"publish","type":"product","link":"https:\/\/svetslik.si\/hu\/salvador-dali-hu\/madonna-of-port-lligat\/","title":{"rendered":"Salvador Dali &#8211; Madonna of Port Lligat"},"content":{"rendered":"<h1>Salvador Dali \u2013 Port Lligat Madonna<\/h1>\n<p>&nbsp;<\/p>\n<table style=\"width: 673px\" border=\"0\" width=\"673\" cellpadding=\"0\">\n<tbody>\n<tr>\n<td style=\"width: 180px;height: 21px\" height=\"21\">L\u00e9trehoz\u00e1s \u00e9ve:<\/td>\n<td style=\"width: 493px\">1949<\/td>\n<\/tr>\n<tr>\n<td style=\"width: 180px;height: 21px\" height=\"21\">Eredeti m\u00e9ret:<\/td>\n<td style=\"width: 493px\">37,5 cm x 48,9 cm<\/td>\n<\/tr>\n<tr>\n<td style=\"width: 180px;height: 21px\" height=\"21\">Fest\u00e9si st\u00edlus:<\/td>\n<td>\n<div>\n<div>\n<div>\n<div>\n<div>Sz\u00fcrrealizmus<\/div>\n<\/div>\n<\/div>\n<\/div>\n<\/div>\n<\/td>\n<\/tr>\n<tr>\n<td style=\"width: 180px;height: 21px\" height=\"21\">Eredeti technika:<\/td>\n<td>Olaj, v\u00e1szon<\/td>\n<\/tr>\n<tr>\n<td style=\"width: 180px;height: 21px\" height=\"21\">Helysz\u00edn:<\/td>\n<td>Marquette Egyetem, Milwaukee, Wisconsin<\/td>\n<\/tr>\n<\/tbody>\n<colgroup>\n<col \/>\n<col \/> <\/colgroup>\n<\/table>\n<p>Salvador Dal\u00ed Port Lligat Madonn\u00e1ja egy leny\u0171g\u00f6z\u0151 remekm\u0171, amely a m\u0171v\u00e9sz egyedi sz\u00fcrrealista st\u00edlus\u00e1t mutatja be. Az 1950-ben festett festm\u00e9ny egy der\u0171s \u00e9s \u00e9teri Madonn\u00e1t \u00e1br\u00e1zol, aki egy idilli tengerparti t\u00e1j k\u00f6zepette \u00fcl. A jelenet Port Lligatban j\u00e1tsz\u00f3dik, egy kis hal\u00e1szfaluban Katal\u00f3ni\u00e1ban, Spanyolorsz\u00e1gban, ahol Dali \u00e9s feles\u00e9ge, Gala sok \u00e9ven \u00e1t \u00e9lt.<\/p>\n<p>A festm\u00e9nyt Dal\u00ed \u00e9l\u00e9nk sz\u00ednek, mer\u00e9sz ecsetvon\u00e1sok \u00e9s torz form\u00e1k alkalmaz\u00e1sa jellemzi. A Madonna alakj\u00e1t ny\u00fajtott ujjakkal \u00e1br\u00e1zolj\u00e1k, ami Dal\u00ed munk\u00e1ira jellemz\u0151. Csukott szemmel, nyugodt arckifejez\u00e9ssel meditat\u00edv helyzetben \u00fcl. A festm\u00e9ny h\u00e1tter\u00e9ben Port Lligata zord partvid\u00e9k\u00e9nek panor\u00e1m\u00e1ja l\u00e1that\u00f3, a t\u00e1volban a F\u00f6ldk\u00f6zi-tengerrel.<\/p>\n<p>A Port Lligat Madonna egy rendk\u00edv\u00fcl szimbolikus festm\u00e9ny, sokr\u00e9t\u0171 jelent\u00e9ssel. Dali m\u00e9lyen vall\u00e1sos volt, \u00e9s a festm\u00e9ny az \u0151 katolikus hit\u00e9t t\u00fckr\u00f6zi. A Madonna alakja Sz\u0171z M\u00e1ri\u00e1t \u00e1br\u00e1zolja, akit gyakran a tengerhez k\u00f6tnek, \u00e9s akit a tenger\u00e9szek v\u00e9delmez\u0151j\u00e9nek tartanak. A h\u00e1tt\u00e9rben l\u00e1that\u00f3 tengerparti t\u00e1j a spiritu\u00e1lis utaz\u00e1s szimb\u00f3luma, a tenger pedig az \u00e9let\u00fat metafor\u00e1ja.<\/p>\n<p>A festm\u00e9ny egyben illusztr\u00e1ci\u00f3ja Dal\u00ednak a tudatalatti ir\u00e1nti rajong\u00e1s\u00e1nak, amely munk\u00e1inak f\u0151 t\u00e9m\u00e1ja volt. A torz form\u00e1k \u00e9s az \u00e9l\u00e9nk sz\u00ednek haszn\u00e1lata \u00e1ll\u00edt\u00f3lag \u00e1lmodoz\u00f3 \u00e9s irracion\u00e1lis k\u00e9peket id\u00e9znek el\u0151, amelyek a tudatalattiban jelennek meg.<\/p>\n<p>Salvador Dal\u00ed &#8220;Port Lligat Madonn\u00e1ja&#8221; c\u00edm\u0171 m\u0171v\u00e9t az egyik legfontosabb alkot\u00e1s\u00e1nak tartj\u00e1k, \u00e9s a sz\u00fcrrealista m\u0171v\u00e9szet remekm\u0171v\u00e9nek tartj\u00e1k. A festm\u00e9ny az egyes\u00fclt \u00e1llamokbeli floridai szentp\u00e9terv\u00e1ri Salvador Dal\u00ed M\u00fazeumban tal\u00e1lhat\u00f3, amely a vil\u00e1g legnagyobb Dal\u00ed munk\u00e1inak gy\u0171jtem\u00e9ny\u00e9nek ad otthont.<\/p>\n<p>\u00d6sszefoglalva, a Port Lligata Madonn\u00e1ja egy gy\u00f6ny\u00f6r\u0171, er\u0151teljes \u00e9s elgondolkodtat\u00f3 festm\u00e9ny, amely bemutatja Dal\u00ed egyedi st\u00edlus\u00e1t, valamint a m\u0171v\u00e9szet \u00e9s a vall\u00e1si hiedelmek m\u00e9ly meg\u00e9rt\u00e9s\u00e9t. Ezt k\u00f6telez\u0151 l\u00e1tni a m\u0171v\u00e9szet szerelmeseinek \u00e9s mindazoknak, akik \u00e9rdekl\u0151dnek Salvador Dali munk\u00e1i ir\u00e1nt.<\/p>\n","protected":false},"excerpt":{"rendered":"<p>Salvador Dali \u2013 Port Lligat Madonna &nbsp; L\u00e9trehoz\u00e1s \u00e9ve: 1949 Eredeti m\u00e9ret: 37,5 cm x 48,9 cm Fest\u00e9si st\u00edlus: Sz\u00fcrrealizmus Eredeti technika: Olaj, v\u00e1szon Helysz\u00edn: Marquette Egyetem, Milwaukee, Wisconsin Salvador Dal\u00ed Port Lligat Madonn\u00e1ja egy leny\u0171g\u00f6z\u0151 remekm\u0171, amely a m\u0171v\u00e9sz egyedi sz\u00fcrrealista st\u00edlus\u00e1t mutatja be. Az 1950-ben festett festm\u00e9ny egy [&hellip;]<\/p>\n","protected":false},"featured_media":49731,"template":"","meta":{"_acf_changed":false},"product_brand":[],"product_cat":[7134],"product_tag":[7163,11885,11886,11887,7201],"class_list":{"0":"post-54963","1":"product","2":"type-product","3":"status-publish","4":"has-post-thumbnail","6":"product_cat-salvador-dali-hu","7":"product_tag-dali-hu","8":"product_tag-painter-hu","9":"product_tag-reproduction","10":"product_tag-reproductions-hu","11":"product_tag-salvador-dali-hu","12":"pa_dimenzija-100-x-130-cm","13":"pa_dimenzija-120-x-160-cm","14":"pa_dimenzija-150-x-200-cm","15":"pa_dimenzija-38-x-49-cm","16":"pa_dimenzija-50-x-70-cm","17":"pa_dimenzija-60-x-80-cm","18":"pa_dimenzija-70-x-90-cm","19":"pa_dimenzija-80-x-100-cm","20":"pa_oblika-fuggoleges","21":"pa_okvir-nincs-keret","22":"pa_podokvir-igen","23":"pa_podokvir-nem","25":"first","26":"onbackorder","27":"purchasable","28":"product-type-variable","29":"has-default-attributes"},"acf":[],"yoast_head":"<!-- This site is optimized with the Yoast SEO Premium plugin v26.0 (Yoast SEO v27.2) - https:\/\/yoast.com\/product\/yoast-seo-premium-wordpress\/ -->\n<title>Salvador Dali - Madonna of Port Lligat - SVETSLIK.SI - 100% k\u00e9zzel festett<\/title>\n<meta name=\"description\" content=\"Salvador Dali - Madonna of Port Lligat - 100% k\u00e9zzel festett h\u00edres festm\u00e9nyek reprodukci\u00f3i. Festm\u00e9nyek keretez\u00e9se, elad\u00e1sa \u00e9s egyedi rendel\u00e9sre t\u00f6rt\u00e9n\u0151 v\u00e1szonk\u00e9pek k\u00e9sz\u00edt\u00e9se.\" \/>\n<meta name=\"robots\" content=\"index, follow, max-snippet:-1, max-image-preview:large, max-video-preview:-1\" \/>\n<link rel=\"canonical\" href=\"https:\/\/svetslik.si\/hu\/salvador-dali-hu\/madonna-of-port-lligat\/\" \/>\n<meta property=\"og:locale\" content=\"hu_HU\" \/>\n<meta property=\"og:type\" content=\"article\" \/>\n<meta property=\"og:title\" content=\"Salvador Dali - Madonna of Port Lligat\" \/>\n<meta property=\"og:description\" content=\"100% ro\u010dno naslikane slike na platnu, reprodukcije znanih slikarjev in umetni\u0161ke slike po naro\u010dilu.\" \/>\n<meta property=\"og:url\" content=\"https:\/\/svetslik.si\/hu\/salvador-dali-hu\/madonna-of-port-lligat\/\" \/>\n<meta property=\"og:site_name\" content=\"SVETSLIK.SI\" \/>\n<meta property=\"article:publisher\" content=\"https:\/\/www.facebook.com\/svetslik.si\" \/>\n<meta property=\"article:modified_time\" content=\"2026-03-22T21:03:46+00:00\" \/>\n<meta property=\"og:image\" content=\"https:\/\/svetslik.si\/wp-content\/uploads\/2021\/08\/image_Madonna-of-Port-Lligat_680.jpg\" \/>\n\t<meta property=\"og:image:width\" content=\"800\" \/>\n\t<meta property=\"og:image:height\" content=\"1031\" \/>\n\t<meta property=\"og:image:type\" content=\"image\/jpeg\" \/>\n<meta name=\"twitter:card\" content=\"summary_large_image\" \/>\n<meta name=\"twitter:site\" content=\"@svetslik\" \/>\n<meta name=\"twitter:label1\" content=\"El\u00e9rhet\u0151s\u00e9g\" \/>\n\t<meta name=\"twitter:data1\" content=\"Beszerz\u00e9s alatt\" \/>\n<script type=\"application\/ld+json\" class=\"yoast-schema-graph\">{\"@context\":\"https:\/\/schema.org\",\"@graph\":[{\"@type\":[\"WebPage\",\"ItemPage\"],\"@id\":\"https:\/\/svetslik.si\/hu\/salvador-dali-hu\/madonna-of-port-lligat\/\",\"url\":\"https:\/\/svetslik.si\/hu\/salvador-dali-hu\/madonna-of-port-lligat\/\",\"name\":\"Salvador Dali - Madonna of Port Lligat - SVETSLIK.SI - 100% k\u00e9zzel festett\",\"isPartOf\":{\"@id\":\"https:\/\/svetslik.si\/hu\/#website\"},\"primaryImageOfPage\":{\"@id\":\"https:\/\/svetslik.si\/hu\/salvador-dali-hu\/madonna-of-port-lligat\/#primaryimage\"},\"image\":{\"@id\":\"https:\/\/svetslik.si\/hu\/salvador-dali-hu\/madonna-of-port-lligat\/#primaryimage\"},\"thumbnailUrl\":\"https:\/\/svetslik.si\/wp-content\/uploads\/2021\/08\/image_Madonna-of-Port-Lligat_680.jpg\",\"datePublished\":\"2021-09-02T16:09:52+00:00\",\"dateModified\":\"2026-03-22T21:03:46+00:00\",\"description\":\"Salvador Dali - Madonna of Port Lligat - 100% k\u00e9zzel festett h\u00edres festm\u00e9nyek reprodukci\u00f3i. Festm\u00e9nyek keretez\u00e9se, elad\u00e1sa \u00e9s egyedi rendel\u00e9sre t\u00f6rt\u00e9n\u0151 v\u00e1szonk\u00e9pek k\u00e9sz\u00edt\u00e9se.\",\"breadcrumb\":{\"@id\":\"https:\/\/svetslik.si\/hu\/salvador-dali-hu\/madonna-of-port-lligat\/#breadcrumb\"},\"inLanguage\":\"hu\",\"potentialAction\":[{\"@type\":\"ReadAction\",\"target\":[\"https:\/\/svetslik.si\/hu\/salvador-dali-hu\/madonna-of-port-lligat\/\"]}]},{\"@type\":\"ImageObject\",\"inLanguage\":\"hu\",\"@id\":\"https:\/\/svetslik.si\/hu\/salvador-dali-hu\/madonna-of-port-lligat\/#primaryimage\",\"url\":\"https:\/\/svetslik.si\/wp-content\/uploads\/2021\/08\/image_Madonna-of-Port-Lligat_680.jpg\",\"contentUrl\":\"https:\/\/svetslik.si\/wp-content\/uploads\/2021\/08\/image_Madonna-of-Port-Lligat_680.jpg\",\"width\":800,\"height\":1031,\"caption\":\"Salvador Dali - Madonna of Port Lligat - Port Lligat-i Madonna - REPRODUKCI\u00d3I - V\u00e1szonk\u00e9p - Festm\u00e9nyek reprodukci\u00f3i - Absztrakt Festm\u00e9ny - Modern Festm\u00e9ny - Realisztikus Festm\u00e9ny - Olajfestm\u00e9ny - Falik\u00e9p\"},{\"@type\":\"BreadcrumbList\",\"@id\":\"https:\/\/svetslik.si\/hu\/salvador-dali-hu\/madonna-of-port-lligat\/#breadcrumb\",\"itemListElement\":[{\"@type\":\"ListItem\",\"position\":1,\"name\":\"Wall art and paintings on canvas\",\"item\":\"https:\/\/svetslik.si\/hu\/\"},{\"@type\":\"ListItem\",\"position\":2,\"name\":\"Festm\u00e9nyek elad\u00e1sa\",\"item\":\"https:\/\/svetslik.si\/prodaja-slik\/\"},{\"@type\":\"ListItem\",\"position\":3,\"name\":\"Salvador Dali &#8211; Madonna of Port Lligat\"}]},{\"@type\":\"WebSite\",\"@id\":\"https:\/\/svetslik.si\/hu\/#website\",\"url\":\"https:\/\/svetslik.si\/hu\/\",\"name\":\"SVETSLIK.SI\",\"description\":\"100%-ban k\u00e9zzel festett reprodukci\u00f3k h\u00edres fest\u0151k festm\u00e9nyeir\u0151l \u00e9s festm\u00e9nyekr\u0151l v\u00e1szonra.\",\"publisher\":{\"@id\":\"https:\/\/svetslik.si\/hu\/#organization\"},\"potentialAction\":[{\"@type\":\"SearchAction\",\"target\":{\"@type\":\"EntryPoint\",\"urlTemplate\":\"https:\/\/svetslik.si\/hu\/?s={search_term_string}\"},\"query-input\":{\"@type\":\"PropertyValueSpecification\",\"valueRequired\":true,\"valueName\":\"search_term_string\"}}],\"inLanguage\":\"hu\"},{\"@type\":\"Organization\",\"@id\":\"https:\/\/svetslik.si\/hu\/#organization\",\"name\":\"SvetSlik.si\",\"url\":\"https:\/\/svetslik.si\/hu\/\",\"logo\":{\"@type\":\"ImageObject\",\"inLanguage\":\"hu\",\"@id\":\"https:\/\/svetslik.si\/hu\/#\/schema\/logo\/image\/\",\"url\":\"https:\/\/svetslik.si\/wp-content\/uploads\/2020\/12\/logo-512.png\",\"contentUrl\":\"https:\/\/svetslik.si\/wp-content\/uploads\/2020\/12\/logo-512.png\",\"width\":512,\"height\":512,\"caption\":\"SvetSlik.si\"},\"image\":{\"@id\":\"https:\/\/svetslik.si\/hu\/#\/schema\/logo\/image\/\"},\"sameAs\":[\"https:\/\/www.facebook.com\/svetslik.si\",\"https:\/\/x.com\/svetslik\",\"https:\/\/www.instagram.com\/svetslik.si\/\",\"https:\/\/www.linkedin.com\/company\/svetslik-si\"]}]}<\/script>\n<meta property=\"og:availability\" content=\"backorder\" \/>\n<meta property=\"product:availability\" content=\"available for order\" \/>\n<meta property=\"product:retailer_item_id\" content=\"442__\" \/>\n<meta property=\"product:condition\" content=\"new\" \/>\n<!-- \/ Yoast SEO Premium plugin. -->","yoast_head_json":{"title":"Salvador Dali - Madonna of Port Lligat - SVETSLIK.SI - 100% k\u00e9zzel festett","description":"Salvador Dali - Madonna of Port Lligat - 100% k\u00e9zzel festett h\u00edres festm\u00e9nyek reprodukci\u00f3i. Festm\u00e9nyek keretez\u00e9se, elad\u00e1sa \u00e9s egyedi rendel\u00e9sre t\u00f6rt\u00e9n\u0151 v\u00e1szonk\u00e9pek k\u00e9sz\u00edt\u00e9se.","robots":{"index":"index","follow":"follow","max-snippet":"max-snippet:-1","max-image-preview":"max-image-preview:large","max-video-preview":"max-video-preview:-1"},"canonical":"https:\/\/svetslik.si\/hu\/salvador-dali-hu\/madonna-of-port-lligat\/","og_locale":"hu_HU","og_type":"article","og_title":"Salvador Dali - Madonna of Port Lligat","og_description":"100% ro\u010dno naslikane slike na platnu, reprodukcije znanih slikarjev in umetni\u0161ke slike po naro\u010dilu.","og_url":"https:\/\/svetslik.si\/hu\/salvador-dali-hu\/madonna-of-port-lligat\/","og_site_name":"SVETSLIK.SI","article_publisher":"https:\/\/www.facebook.com\/svetslik.si","article_modified_time":"2026-03-22T21:03:46+00:00","og_image":[{"width":800,"height":1031,"url":"https:\/\/svetslik.si\/wp-content\/uploads\/2021\/08\/image_Madonna-of-Port-Lligat_680.jpg","type":"image\/jpeg"}],"twitter_card":"summary_large_image","twitter_site":"@svetslik","twitter_misc":{"El\u00e9rhet\u0151s\u00e9g":"Beszerz\u00e9s alatt"},"schema":{"@context":"https:\/\/schema.org","@graph":[{"@type":["WebPage","ItemPage"],"@id":"https:\/\/svetslik.si\/hu\/salvador-dali-hu\/madonna-of-port-lligat\/","url":"https:\/\/svetslik.si\/hu\/salvador-dali-hu\/madonna-of-port-lligat\/","name":"Salvador Dali - Madonna of Port Lligat - SVETSLIK.SI - 100% k\u00e9zzel festett","isPartOf":{"@id":"https:\/\/svetslik.si\/hu\/#website"},"primaryImageOfPage":{"@id":"https:\/\/svetslik.si\/hu\/salvador-dali-hu\/madonna-of-port-lligat\/#primaryimage"},"image":{"@id":"https:\/\/svetslik.si\/hu\/salvador-dali-hu\/madonna-of-port-lligat\/#primaryimage"},"thumbnailUrl":"https:\/\/svetslik.si\/wp-content\/uploads\/2021\/08\/image_Madonna-of-Port-Lligat_680.jpg","datePublished":"2021-09-02T16:09:52+00:00","dateModified":"2026-03-22T21:03:46+00:00","description":"Salvador Dali - Madonna of Port Lligat - 100% k\u00e9zzel festett h\u00edres festm\u00e9nyek reprodukci\u00f3i. Festm\u00e9nyek keretez\u00e9se, elad\u00e1sa \u00e9s egyedi rendel\u00e9sre t\u00f6rt\u00e9n\u0151 v\u00e1szonk\u00e9pek k\u00e9sz\u00edt\u00e9se.","breadcrumb":{"@id":"https:\/\/svetslik.si\/hu\/salvador-dali-hu\/madonna-of-port-lligat\/#breadcrumb"},"inLanguage":"hu","potentialAction":[{"@type":"ReadAction","target":["https:\/\/svetslik.si\/hu\/salvador-dali-hu\/madonna-of-port-lligat\/"]}]},{"@type":"ImageObject","inLanguage":"hu","@id":"https:\/\/svetslik.si\/hu\/salvador-dali-hu\/madonna-of-port-lligat\/#primaryimage","url":"https:\/\/svetslik.si\/wp-content\/uploads\/2021\/08\/image_Madonna-of-Port-Lligat_680.jpg","contentUrl":"https:\/\/svetslik.si\/wp-content\/uploads\/2021\/08\/image_Madonna-of-Port-Lligat_680.jpg","width":800,"height":1031,"caption":"Salvador Dali - Madonna of Port Lligat - Port Lligat-i Madonna - REPRODUKCI\u00d3I - V\u00e1szonk\u00e9p - Festm\u00e9nyek reprodukci\u00f3i - Absztrakt Festm\u00e9ny - Modern Festm\u00e9ny - Realisztikus Festm\u00e9ny - Olajfestm\u00e9ny - Falik\u00e9p"},{"@type":"BreadcrumbList","@id":"https:\/\/svetslik.si\/hu\/salvador-dali-hu\/madonna-of-port-lligat\/#breadcrumb","itemListElement":[{"@type":"ListItem","position":1,"name":"Wall art and paintings on canvas","item":"https:\/\/svetslik.si\/hu\/"},{"@type":"ListItem","position":2,"name":"Festm\u00e9nyek elad\u00e1sa","item":"https:\/\/svetslik.si\/prodaja-slik\/"},{"@type":"ListItem","position":3,"name":"Salvador Dali &#8211; Madonna of Port Lligat"}]},{"@type":"WebSite","@id":"https:\/\/svetslik.si\/hu\/#website","url":"https:\/\/svetslik.si\/hu\/","name":"SVETSLIK.SI","description":"100%-ban k\u00e9zzel festett reprodukci\u00f3k h\u00edres fest\u0151k festm\u00e9nyeir\u0151l \u00e9s festm\u00e9nyekr\u0151l v\u00e1szonra.","publisher":{"@id":"https:\/\/svetslik.si\/hu\/#organization"},"potentialAction":[{"@type":"SearchAction","target":{"@type":"EntryPoint","urlTemplate":"https:\/\/svetslik.si\/hu\/?s={search_term_string}"},"query-input":{"@type":"PropertyValueSpecification","valueRequired":true,"valueName":"search_term_string"}}],"inLanguage":"hu"},{"@type":"Organization","@id":"https:\/\/svetslik.si\/hu\/#organization","name":"SvetSlik.si","url":"https:\/\/svetslik.si\/hu\/","logo":{"@type":"ImageObject","inLanguage":"hu","@id":"https:\/\/svetslik.si\/hu\/#\/schema\/logo\/image\/","url":"https:\/\/svetslik.si\/wp-content\/uploads\/2020\/12\/logo-512.png","contentUrl":"https:\/\/svetslik.si\/wp-content\/uploads\/2020\/12\/logo-512.png","width":512,"height":512,"caption":"SvetSlik.si"},"image":{"@id":"https:\/\/svetslik.si\/hu\/#\/schema\/logo\/image\/"},"sameAs":["https:\/\/www.facebook.com\/svetslik.si","https:\/\/x.com\/svetslik","https:\/\/www.instagram.com\/svetslik.si\/","https:\/\/www.linkedin.com\/company\/svetslik-si"]}]},"og_availability":"backorder","product_availability":"available for order","product_retailer_item_id":"442__","product_condition":"new"},"jetpack_sharing_enabled":true,"_links":{"self":[{"href":"https:\/\/svetslik.si\/hu\/wp-json\/wp\/v2\/product\/54963","targetHints":{"allow":["GET"]}}],"collection":[{"href":"https:\/\/svetslik.si\/hu\/wp-json\/wp\/v2\/product"}],"about":[{"href":"https:\/\/svetslik.si\/hu\/wp-json\/wp\/v2\/types\/product"}],"wp:featuredmedia":[{"embeddable":true,"href":"https:\/\/svetslik.si\/hu\/wp-json\/wp\/v2\/media\/49731"}],"wp:attachment":[{"href":"https:\/\/svetslik.si\/hu\/wp-json\/wp\/v2\/media?parent=54963"}],"wp:term":[{"taxonomy":"product_brand","embeddable":true,"href":"https:\/\/svetslik.si\/hu\/wp-json\/wp\/v2\/product_brand?post=54963"},{"taxonomy":"product_cat","embeddable":true,"href":"https:\/\/svetslik.si\/hu\/wp-json\/wp\/v2\/product_cat?post=54963"},{"taxonomy":"product_tag","embeddable":true,"href":"https:\/\/svetslik.si\/hu\/wp-json\/wp\/v2\/product_tag?post=54963"}],"curies":[{"name":"wp","href":"https:\/\/api.w.org\/{rel}","templated":true}]}}