{"id":54972,"date":"2021-09-02T18:10:09","date_gmt":"2021-09-02T16:10:09","guid":{"rendered":"https:\/\/svetslik.si\/nem-kategorizalt\/galatea-of-the-spheres\/"},"modified":"2026-03-22T22:03:46","modified_gmt":"2026-03-22T21:03:46","slug":"galatea-of-the-spheres","status":"publish","type":"product","link":"https:\/\/svetslik.si\/hu\/salvador-dali-hu\/galatea-of-the-spheres\/","title":{"rendered":"Salvador Dali &#8211; Galatea of the Spheres"},"content":{"rendered":"<div class=\"wpb-content-wrapper\">[vc_row css=&#8221;.vc_custom_1727347094302{margin-bottom: 5px !important;}&#8221;][vc_column]\t<div class=\"et-image-609 et-image     et_image_link\">\n\t\t<div class=\"et-image-inner \">\n\t\t\t\t\t\t\t<div class=\"et-image-thumb \">\n\t\t\t\t\t<img decoding=\"async\" width=\"1000\" height=\"1386\" src=\"https:\/\/svetslik.si\/wp-content\/uploads\/2021\/09\/Salvador-Dali-Galatea-of-the-Spheres-reprodukcija-umetniske-slike.jpg\" class=\"attachment-full\" alt=\"Salvador Dali - Galatea of the Spheres\" title=\"Salvador Dali - Galatea of the Spheres\" srcset=\"https:\/\/svetslik.si\/wp-content\/uploads\/2021\/09\/Salvador-Dali-Galatea-of-the-Spheres-reprodukcija-umetniske-slike.jpg 1000w, https:\/\/svetslik.si\/wp-content\/uploads\/2021\/09\/Salvador-Dali-Galatea-of-the-Spheres-reprodukcija-umetniske-slike-600x832.jpg 600w, https:\/\/svetslik.si\/wp-content\/uploads\/2021\/09\/Salvador-Dali-Galatea-of-the-Spheres-reprodukcija-umetniske-slike-216x300.jpg 216w, https:\/\/svetslik.si\/wp-content\/uploads\/2021\/09\/Salvador-Dali-Galatea-of-the-Spheres-reprodukcija-umetniske-slike-739x1024.jpg 739w, https:\/\/svetslik.si\/wp-content\/uploads\/2021\/09\/Salvador-Dali-Galatea-of-the-Spheres-reprodukcija-umetniske-slike-768x1064.jpg 768w, https:\/\/svetslik.si\/wp-content\/uploads\/2021\/09\/Salvador-Dali-Galatea-of-the-Spheres-reprodukcija-umetniske-slike-108x150.jpg 108w, https:\/\/svetslik.si\/wp-content\/uploads\/2021\/09\/Salvador-Dali-Galatea-of-the-Spheres-reprodukcija-umetniske-slike-900x1247.jpg 900w\" sizes=\"(max-width: 1000px) 100vw, 1000px\" \/>\t\t\t\t<\/div>\n\t\t\t\t\t\t\t\t\t\t\t<\/div>\n\t<\/div>\n  [\/vc_column][\/vc_row][vc_row css=&#8221;.vc_custom_1727347094302{margin-bottom: 5px !important;}&#8221;][vc_column]\t<div class=\"et-image-25 et-image     et_image_link\">\n\t\t<div class=\"et-image-inner \">\n\t\t\t\t\t\t\t<div class=\"et-image-thumb \">\n\t\t\t\t\t<img decoding=\"async\" width=\"1000\" height=\"1597\" src=\"https:\/\/svetslik.si\/wp-content\/uploads\/2021\/09\/Salvador-Dali-Galatea-of-the-Spheres-reprodukcija-umetniske-slike-2.jpg\" class=\"attachment-full\" alt=\"Salvador Dali - Galatea of the Spheres - reprodukcija umetni\u0161ke slike\" title=\"Salvador Dali - Galatea of the Spheres\" srcset=\"https:\/\/svetslik.si\/wp-content\/uploads\/2021\/09\/Salvador-Dali-Galatea-of-the-Spheres-reprodukcija-umetniske-slike-2.jpg 1000w, https:\/\/svetslik.si\/wp-content\/uploads\/2021\/09\/Salvador-Dali-Galatea-of-the-Spheres-reprodukcija-umetniske-slike-2-600x958.jpg 600w, https:\/\/svetslik.si\/wp-content\/uploads\/2021\/09\/Salvador-Dali-Galatea-of-the-Spheres-reprodukcija-umetniske-slike-2-188x300.jpg 188w, https:\/\/svetslik.si\/wp-content\/uploads\/2021\/09\/Salvador-Dali-Galatea-of-the-Spheres-reprodukcija-umetniske-slike-2-641x1024.jpg 641w, https:\/\/svetslik.si\/wp-content\/uploads\/2021\/09\/Salvador-Dali-Galatea-of-the-Spheres-reprodukcija-umetniske-slike-2-768x1226.jpg 768w, https:\/\/svetslik.si\/wp-content\/uploads\/2021\/09\/Salvador-Dali-Galatea-of-the-Spheres-reprodukcija-umetniske-slike-2-962x1536.jpg 962w, https:\/\/svetslik.si\/wp-content\/uploads\/2021\/09\/Salvador-Dali-Galatea-of-the-Spheres-reprodukcija-umetniske-slike-2-94x150.jpg 94w, https:\/\/svetslik.si\/wp-content\/uploads\/2021\/09\/Salvador-Dali-Galatea-of-the-Spheres-reprodukcija-umetniske-slike-2-900x1437.jpg 900w\" sizes=\"(max-width: 1000px) 100vw, 1000px\" \/>\t\t\t\t<\/div>\n\t\t\t\t\t\t\t\t\t\t\t<\/div>\n\t<\/div>\n  [\/vc_column][\/vc_row][vc_row css=&#8221;.vc_custom_1727347094302{margin-bottom: 5px !important;}&#8221;][vc_column]\t<div class=\"et-image-122 et-image     et_image_link\">\n\t\t<div class=\"et-image-inner \">\n\t\t\t\t\t\t\t<div class=\"et-image-thumb \">\n\t\t\t\t\t<img decoding=\"async\" width=\"1000\" height=\"1352\" src=\"https:\/\/svetslik.si\/wp-content\/uploads\/2021\/09\/Salvador-Dali-Galatea-of-the-Spheres-reprodukcija-umetniske-slike-3.jpg\" class=\"attachment-full\" alt=\"Salvador Dali - Galatea of the Spheres - reprodukcija umetni\u0161ke slike\" title=\"Salvador Dali - Galatea of the Spheres\" srcset=\"https:\/\/svetslik.si\/wp-content\/uploads\/2021\/09\/Salvador-Dali-Galatea-of-the-Spheres-reprodukcija-umetniske-slike-3.jpg 1000w, https:\/\/svetslik.si\/wp-content\/uploads\/2021\/09\/Salvador-Dali-Galatea-of-the-Spheres-reprodukcija-umetniske-slike-3-600x811.jpg 600w, https:\/\/svetslik.si\/wp-content\/uploads\/2021\/09\/Salvador-Dali-Galatea-of-the-Spheres-reprodukcija-umetniske-slike-3-222x300.jpg 222w, https:\/\/svetslik.si\/wp-content\/uploads\/2021\/09\/Salvador-Dali-Galatea-of-the-Spheres-reprodukcija-umetniske-slike-3-757x1024.jpg 757w, https:\/\/svetslik.si\/wp-content\/uploads\/2021\/09\/Salvador-Dali-Galatea-of-the-Spheres-reprodukcija-umetniske-slike-3-768x1038.jpg 768w, https:\/\/svetslik.si\/wp-content\/uploads\/2021\/09\/Salvador-Dali-Galatea-of-the-Spheres-reprodukcija-umetniske-slike-3-111x150.jpg 111w, https:\/\/svetslik.si\/wp-content\/uploads\/2021\/09\/Salvador-Dali-Galatea-of-the-Spheres-reprodukcija-umetniske-slike-3-900x1217.jpg 900w\" sizes=\"(max-width: 1000px) 100vw, 1000px\" \/>\t\t\t\t<\/div>\n\t\t\t\t\t\t\t\t\t\t\t<\/div>\n\t<\/div>\n  [\/vc_column][\/vc_row][vc_row css=&#8221;.vc_custom_1727347094302{margin-bottom: 5px !important;}&#8221;][vc_column]\t<div class=\"et-image-499 et-image     et_image_link\">\n\t\t<div class=\"et-image-inner \">\n\t\t\t\t\t\t\t<div class=\"et-image-thumb \">\n\t\t\t\t\t<img decoding=\"async\" width=\"1000\" height=\"722\" src=\"https:\/\/svetslik.si\/wp-content\/uploads\/2021\/09\/Salvador-Dali-Galatea-of-the-Spheres-reprodukcija-umetniske-slike-4.jpg\" class=\"attachment-full\" alt=\"Salvador Dali - Galatea of the Spheres - reprodukcija umetni\u0161ke slike\" title=\"Salvador Dali - Galatea of the Spheres\" srcset=\"https:\/\/svetslik.si\/wp-content\/uploads\/2021\/09\/Salvador-Dali-Galatea-of-the-Spheres-reprodukcija-umetniske-slike-4.jpg 1000w, https:\/\/svetslik.si\/wp-content\/uploads\/2021\/09\/Salvador-Dali-Galatea-of-the-Spheres-reprodukcija-umetniske-slike-4-600x433.jpg 600w, https:\/\/svetslik.si\/wp-content\/uploads\/2021\/09\/Salvador-Dali-Galatea-of-the-Spheres-reprodukcija-umetniske-slike-4-300x217.jpg 300w, https:\/\/svetslik.si\/wp-content\/uploads\/2021\/09\/Salvador-Dali-Galatea-of-the-Spheres-reprodukcija-umetniske-slike-4-768x554.jpg 768w, https:\/\/svetslik.si\/wp-content\/uploads\/2021\/09\/Salvador-Dali-Galatea-of-the-Spheres-reprodukcija-umetniske-slike-4-150x108.jpg 150w, https:\/\/svetslik.si\/wp-content\/uploads\/2021\/09\/Salvador-Dali-Galatea-of-the-Spheres-reprodukcija-umetniske-slike-4-900x650.jpg 900w\" sizes=\"(max-width: 1000px) 100vw, 1000px\" \/>\t\t\t\t<\/div>\n\t\t\t\t\t\t\t\t\t\t\t<\/div>\n\t<\/div>\n  [\/vc_column][\/vc_row][vc_row][vc_column][vc_column_text]\n<h1>Salvador Dali \u2013 A Szf\u00e9r\u00e1k Galate\u00e1ja<\/h1>\n<p>&nbsp;<\/p>\n<table style=\"width: 673px;\" border=\"0\" width=\"673\" cellpadding=\"0\">\n<tbody>\n<tr>\n<td style=\"width: 180px; height: 21px;\" height=\"21\">L\u00e9trehoz\u00e1s \u00e9ve:<\/td>\n<td style=\"width: 493px;\">1952<\/td>\n<\/tr>\n<tr>\n<td style=\"width: 180px; height: 21px;\" height=\"21\">Eredeti m\u00e9ret:<\/td>\n<td style=\"width: 493px;\">45 cm x 65 cm<\/td>\n<\/tr>\n<tr>\n<td style=\"width: 180px; height: 21px;\" height=\"21\">Fest\u00e9si st\u00edlus:<\/td>\n<td>\n<div>\n<div>\n<div>\n<div>\n<div>Sz\u00fcrrealizmus<\/div>\n<\/div>\n<\/div>\n<\/div>\n<\/div>\n<\/td>\n<\/tr>\n<tr>\n<td style=\"width: 180px; height: 21px;\" height=\"21\">Eredeti technika:<\/td>\n<td>Olaj, v\u00e1szon<\/td>\n<\/tr>\n<tr>\n<td style=\"width: 180px; height: 21px;\" height=\"21\">Helysz\u00edn:<\/td>\n<td>Figueras, Spanyolorsz\u00e1g<\/td>\n<\/tr>\n<\/tbody>\n<colgroup>\n<col \/>\n<col \/> <\/colgroup>\n<\/table>\n<p>Salvador Dal\u00ed &#8220;Galatius g\u00f6mb\u00f6kkel&#8221; c\u00edm\u0171 festm\u00e9nye egy remekm\u0171, amely a m\u0171v\u00e9sz egyedi st\u00edlus\u00e1t \u00e9s technik\u00e1j\u00e1t mutatja be. A festm\u00e9ny egy sz\u00fcrre\u00e1lis \u00e9s \u00e1lomszer\u0171 jelenetet \u00e1br\u00e1zol egy g\u00f6mb alak\u00fa fej\u0171 \u00e9s test\u0171 n\u0151r\u0151l, amelyet olvad\u00f3 \u00f3r\u00e1k \u00e9s m\u00e1s absztrakt form\u00e1k kavarg\u00f3 t\u00e1ja vesz k\u00f6r\u00fcl.<\/p>\n<p>Ennek a festm\u00e9nynek az egyik legszembet\u0171n\u0151bb eleme Dal\u00ed szimbolik\u00e1ja \u00e9s metafor\u00e1ja. A Galatea n\u00e9ven ismert n\u0151 g\u00f6mb alak\u00fa feje az azonos nev\u0171 g\u00f6r\u00f6g mitol\u00f3giai karakterre utal, akit \u00e1ll\u00edt\u00f3lag tengeri habb\u00f3l hoztak l\u00e9tre. Dal\u00ed festm\u00e9ny\u00e9n a g\u00f6mb a v\u00e9gtelent \u00e9s az \u00f6r\u00f6kk\u00e9val\u00f3s\u00e1got, m\u00edg az olvad\u00f3 \u00f3r\u00e1k az id\u0151 foly\u00e9konys\u00e1g\u00e1t \u00e9s az \u00e9let muland\u00f3s\u00e1g\u00e1t szimboliz\u00e1lj\u00e1k.<\/p>\n<p>A G\u00f6mb\u00f6k Galatea m\u00e1sik kulcsfontoss\u00e1g\u00fa szempontja Dal\u00ed sz\u00edn- \u00e9s f\u00e9nyhaszn\u00e1lata. A festm\u00e9nyt \u00e9l\u00e9nk \u00e9s kontrasztos sz\u00ednpaletta jellemzi, \u00e9l\u00e9nk k\u00e9kekkel, s\u00e1rg\u00e1kkal \u00e9s r\u00f3zsasz\u00ednekkel kac\u00e9rkodva m\u00e9lyfeket\u00e9vel \u00e9s sz\u00fcrk\u00e9vel. A f\u00e9nyhaszn\u00e1lat is meglep\u0151, hiszen a nap bes\u00fct a helysz\u00ednre, \u00e9s hossz\u00fa \u00e1rny\u00e9kokat vet a t\u00e1jra.<\/p>\n<p>A festm\u00e9nyt Dal\u00ed egyik legikonikusabb alkot\u00e1s\u00e1nak tartj\u00e1k, \u00e9s sz\u00e9les k\u00f6rben a sz\u00fcrrealizmus remekm\u0171vek\u00e9nt tartj\u00e1k sz\u00e1mon. Jelenleg a floridai szentp\u00e9terv\u00e1ri Salvador Dali M\u00fazeumban l\u00e1that\u00f3, ahol tov\u00e1bbra is leny\u0171g\u00f6zi \u00e9s inspir\u00e1lja a l\u00e1togat\u00f3kat a vil\u00e1g minden t\u00e1j\u00e1r\u00f3l.<\/p>\n<p>\u00c9rdemes megjegyezni, hogy Dal\u00ed m\u0171veit gyakran reproduk\u00e1lj\u00e1k, de az eredeti birtokl\u00e1sa sokkal \u00e9rt\u00e9kesebb, mint a reprodukci\u00f3. Ez egy olyan befektet\u00e9s lehet, amelynek \u00e9rt\u00e9ke id\u0151vel n\u0151.<\/p>\n<p>\u00d6sszefoglalva, Salvador Dali &#8220;Galatea g\u00f6mb\u00f6kkel&#8221; c\u00edm\u0171 festm\u00e9nye a m\u0171v\u00e9sz egyedi l\u00e1t\u00e1sm\u00f3dj\u00e1t \u00e9s a sz\u00fcrrealista st\u00edlus elsaj\u00e1t\u00edt\u00e1s\u00e1t mutatja be. Leny\u0171g\u00f6z\u0151 k\u00e9peinek, szimbolik\u00e1j\u00e1nak, valamint sz\u00edn- \u00e9s f\u00e9nyhaszn\u00e1lat\u00e1nak k\u00f6sz\u00f6nhet\u0151en minden m\u0171v\u00e9szetkedvel\u0151nek \u00e9s Dal\u00ed munk\u00e1inak csod\u00e1l\u00f3j\u00e1nak l\u00e1tnia kell.<\/p>\n<\/div>","protected":false},"excerpt":{"rendered":"<p>[vc_row css=&#8221;.vc_custom_1727347094302{margin-bottom: 5px !important;}&#8221;][vc_column][\/vc_column][\/vc_row][vc_row css=&#8221;.vc_custom_1727347094302{margin-bottom: 5px !important;}&#8221;][vc_column][\/vc_column][\/vc_row][vc_row css=&#8221;.vc_custom_1727347094302{margin-bottom: 5px !important;}&#8221;][vc_column][\/vc_column][\/vc_row][vc_row css=&#8221;.vc_custom_1727347094302{margin-bottom: 5px !important;}&#8221;][vc_column][\/vc_column][\/vc_row][vc_row][vc_column][vc_column_text] Salvador Dali \u2013 A Szf\u00e9r\u00e1k Galate\u00e1ja &nbsp; L\u00e9trehoz\u00e1s \u00e9ve: 1952 Eredeti m\u00e9ret: 45 cm x 65 cm Fest\u00e9si st\u00edlus: Sz\u00fcrrealizmus Eredeti technika: Olaj, v\u00e1szon Helysz\u00edn: Figueras, Spanyolorsz\u00e1g Salvador Dal\u00ed &#8220;Galatius g\u00f6mb\u00f6kkel&#8221; c\u00edm\u0171 festm\u00e9nye egy remekm\u0171, amely a [&hellip;]<\/p>\n","protected":false},"featured_media":49610,"template":"","meta":{"_acf_changed":false},"product_brand":[],"product_cat":[7134],"product_tag":[7163,11885,11886,11887,7201],"class_list":{"0":"post-54972","1":"product","2":"type-product","3":"status-publish","4":"has-post-thumbnail","6":"product_cat-salvador-dali-hu","7":"product_tag-dali-hu","8":"product_tag-painter-hu","9":"product_tag-reproduction","10":"product_tag-reproductions-hu","11":"product_tag-salvador-dali-hu","12":"pa_dimenzija-110-x-160-cm","13":"pa_dimenzija-130-x-190-cm","14":"pa_dimenzija-150-x-220-cm","15":"pa_dimenzija-45-x-65-cm","16":"pa_dimenzija-60-x-90-cm","17":"pa_dimenzija-70-x-100-cm","18":"pa_dimenzija-80-x-120-cm","19":"pa_dimenzija-90-x-130-cm","20":"pa_oblika-fuggoleges","21":"pa_okvir-nincs-keret","22":"pa_podokvir-igen","23":"pa_podokvir-nem","25":"first","26":"onbackorder","27":"purchasable","28":"product-type-variable","29":"has-default-attributes"},"acf":[],"yoast_head":"<!-- This site is optimized with the Yoast SEO Premium plugin v26.0 (Yoast SEO v27.2) - https:\/\/yoast.com\/product\/yoast-seo-premium-wordpress\/ -->\n<title>Salvador Dali - Galatea of the Spheres - SVETSLIK.SI - 100% k\u00e9zzel festett<\/title>\n<meta name=\"description\" content=\"Salvador Dali - Galatea of the Spheres - 100% k\u00e9zzel festett h\u00edres festm\u00e9nyek reprodukci\u00f3i. Festm\u00e9nyek keretez\u00e9se, elad\u00e1sa \u00e9s egyedi rendel\u00e9sre t\u00f6rt\u00e9n\u0151 v\u00e1szonk\u00e9pek k\u00e9sz\u00edt\u00e9se.\" \/>\n<meta name=\"robots\" content=\"index, follow, max-snippet:-1, max-image-preview:large, max-video-preview:-1\" \/>\n<link rel=\"canonical\" href=\"https:\/\/svetslik.si\/hu\/salvador-dali-hu\/galatea-of-the-spheres\/\" \/>\n<meta property=\"og:locale\" content=\"hu_HU\" \/>\n<meta property=\"og:type\" content=\"article\" \/>\n<meta property=\"og:title\" content=\"Salvador Dali - Galatea of the Spheres\" \/>\n<meta property=\"og:description\" content=\"100% ro\u010dno naslikane slike na platnu, reprodukcije znanih slikarjev in umetni\u0161ke slike po naro\u010dilu.\" \/>\n<meta property=\"og:url\" content=\"https:\/\/svetslik.si\/hu\/salvador-dali-hu\/galatea-of-the-spheres\/\" \/>\n<meta property=\"og:site_name\" content=\"SVETSLIK.SI\" \/>\n<meta property=\"article:publisher\" content=\"https:\/\/www.facebook.com\/svetslik.si\" \/>\n<meta property=\"article:modified_time\" content=\"2026-03-22T21:03:46+00:00\" \/>\n<meta property=\"og:image\" content=\"https:\/\/svetslik.si\/wp-content\/uploads\/2021\/08\/image_Galatea-of-the-Spheres_680.jpg\" \/>\n\t<meta property=\"og:image:width\" content=\"800\" \/>\n\t<meta property=\"og:image:height\" content=\"1047\" \/>\n\t<meta property=\"og:image:type\" content=\"image\/jpeg\" \/>\n<meta name=\"twitter:card\" content=\"summary_large_image\" \/>\n<meta name=\"twitter:site\" content=\"@svetslik\" \/>\n<meta name=\"twitter:label1\" content=\"El\u00e9rhet\u0151s\u00e9g\" \/>\n\t<meta name=\"twitter:data1\" content=\"Beszerz\u00e9s alatt\" \/>\n<script type=\"application\/ld+json\" class=\"yoast-schema-graph\">{\"@context\":\"https:\/\/schema.org\",\"@graph\":[{\"@type\":[\"WebPage\",\"ItemPage\"],\"@id\":\"https:\/\/svetslik.si\/hu\/salvador-dali-hu\/galatea-of-the-spheres\/\",\"url\":\"https:\/\/svetslik.si\/hu\/salvador-dali-hu\/galatea-of-the-spheres\/\",\"name\":\"Salvador Dali - Galatea of the Spheres - SVETSLIK.SI - 100% k\u00e9zzel festett\",\"isPartOf\":{\"@id\":\"https:\/\/svetslik.si\/hu\/#website\"},\"primaryImageOfPage\":{\"@id\":\"https:\/\/svetslik.si\/hu\/salvador-dali-hu\/galatea-of-the-spheres\/#primaryimage\"},\"image\":{\"@id\":\"https:\/\/svetslik.si\/hu\/salvador-dali-hu\/galatea-of-the-spheres\/#primaryimage\"},\"thumbnailUrl\":\"https:\/\/svetslik.si\/wp-content\/uploads\/2021\/08\/image_Galatea-of-the-Spheres_680.jpg\",\"datePublished\":\"2021-09-02T16:10:09+00:00\",\"dateModified\":\"2026-03-22T21:03:46+00:00\",\"description\":\"Salvador Dali - Galatea of the Spheres - 100% k\u00e9zzel festett h\u00edres festm\u00e9nyek reprodukci\u00f3i. Festm\u00e9nyek keretez\u00e9se, elad\u00e1sa \u00e9s egyedi rendel\u00e9sre t\u00f6rt\u00e9n\u0151 v\u00e1szonk\u00e9pek k\u00e9sz\u00edt\u00e9se.\",\"breadcrumb\":{\"@id\":\"https:\/\/svetslik.si\/hu\/salvador-dali-hu\/galatea-of-the-spheres\/#breadcrumb\"},\"inLanguage\":\"hu\",\"potentialAction\":[{\"@type\":\"ReadAction\",\"target\":[\"https:\/\/svetslik.si\/hu\/salvador-dali-hu\/galatea-of-the-spheres\/\"]}]},{\"@type\":\"ImageObject\",\"inLanguage\":\"hu\",\"@id\":\"https:\/\/svetslik.si\/hu\/salvador-dali-hu\/galatea-of-the-spheres\/#primaryimage\",\"url\":\"https:\/\/svetslik.si\/wp-content\/uploads\/2021\/08\/image_Galatea-of-the-Spheres_680.jpg\",\"contentUrl\":\"https:\/\/svetslik.si\/wp-content\/uploads\/2021\/08\/image_Galatea-of-the-Spheres_680.jpg\",\"width\":800,\"height\":1047,\"caption\":\"Salvador Dali - Galatea of the Spheres - Galatea a szf\u00e9r\u00e1k k\u00f6z\u00f6tt - REPRODUKCI\u00d3I - V\u00e1szonk\u00e9p - Festm\u00e9nyek reprodukci\u00f3i - Absztrakt Festm\u00e9ny - Modern Festm\u00e9ny - Realisztikus Festm\u00e9ny - Olajfestm\u00e9ny - Falik\u00e9p\"},{\"@type\":\"BreadcrumbList\",\"@id\":\"https:\/\/svetslik.si\/hu\/salvador-dali-hu\/galatea-of-the-spheres\/#breadcrumb\",\"itemListElement\":[{\"@type\":\"ListItem\",\"position\":1,\"name\":\"Wall art and paintings on canvas\",\"item\":\"https:\/\/svetslik.si\/hu\/\"},{\"@type\":\"ListItem\",\"position\":2,\"name\":\"Festm\u00e9nyek elad\u00e1sa\",\"item\":\"https:\/\/svetslik.si\/prodaja-slik\/\"},{\"@type\":\"ListItem\",\"position\":3,\"name\":\"Salvador Dali &#8211; Galatea of the Spheres\"}]},{\"@type\":\"WebSite\",\"@id\":\"https:\/\/svetslik.si\/hu\/#website\",\"url\":\"https:\/\/svetslik.si\/hu\/\",\"name\":\"SVETSLIK.SI\",\"description\":\"100%-ban k\u00e9zzel festett reprodukci\u00f3k h\u00edres fest\u0151k festm\u00e9nyeir\u0151l \u00e9s festm\u00e9nyekr\u0151l v\u00e1szonra.\",\"publisher\":{\"@id\":\"https:\/\/svetslik.si\/hu\/#organization\"},\"potentialAction\":[{\"@type\":\"SearchAction\",\"target\":{\"@type\":\"EntryPoint\",\"urlTemplate\":\"https:\/\/svetslik.si\/hu\/?s={search_term_string}\"},\"query-input\":{\"@type\":\"PropertyValueSpecification\",\"valueRequired\":true,\"valueName\":\"search_term_string\"}}],\"inLanguage\":\"hu\"},{\"@type\":\"Organization\",\"@id\":\"https:\/\/svetslik.si\/hu\/#organization\",\"name\":\"SvetSlik.si\",\"url\":\"https:\/\/svetslik.si\/hu\/\",\"logo\":{\"@type\":\"ImageObject\",\"inLanguage\":\"hu\",\"@id\":\"https:\/\/svetslik.si\/hu\/#\/schema\/logo\/image\/\",\"url\":\"https:\/\/svetslik.si\/wp-content\/uploads\/2020\/12\/logo-512.png\",\"contentUrl\":\"https:\/\/svetslik.si\/wp-content\/uploads\/2020\/12\/logo-512.png\",\"width\":512,\"height\":512,\"caption\":\"SvetSlik.si\"},\"image\":{\"@id\":\"https:\/\/svetslik.si\/hu\/#\/schema\/logo\/image\/\"},\"sameAs\":[\"https:\/\/www.facebook.com\/svetslik.si\",\"https:\/\/x.com\/svetslik\",\"https:\/\/www.instagram.com\/svetslik.si\/\",\"https:\/\/www.linkedin.com\/company\/svetslik-si\"]}]}<\/script>\n<meta property=\"og:availability\" content=\"backorder\" \/>\n<meta property=\"product:availability\" content=\"available for order\" \/>\n<meta property=\"product:retailer_item_id\" content=\"443__\" \/>\n<meta property=\"product:condition\" content=\"new\" \/>\n<!-- \/ Yoast SEO Premium plugin. -->","yoast_head_json":{"title":"Salvador Dali - Galatea of the Spheres - SVETSLIK.SI - 100% k\u00e9zzel festett","description":"Salvador Dali - Galatea of the Spheres - 100% k\u00e9zzel festett h\u00edres festm\u00e9nyek reprodukci\u00f3i. Festm\u00e9nyek keretez\u00e9se, elad\u00e1sa \u00e9s egyedi rendel\u00e9sre t\u00f6rt\u00e9n\u0151 v\u00e1szonk\u00e9pek k\u00e9sz\u00edt\u00e9se.","robots":{"index":"index","follow":"follow","max-snippet":"max-snippet:-1","max-image-preview":"max-image-preview:large","max-video-preview":"max-video-preview:-1"},"canonical":"https:\/\/svetslik.si\/hu\/salvador-dali-hu\/galatea-of-the-spheres\/","og_locale":"hu_HU","og_type":"article","og_title":"Salvador Dali - Galatea of the Spheres","og_description":"100% ro\u010dno naslikane slike na platnu, reprodukcije znanih slikarjev in umetni\u0161ke slike po naro\u010dilu.","og_url":"https:\/\/svetslik.si\/hu\/salvador-dali-hu\/galatea-of-the-spheres\/","og_site_name":"SVETSLIK.SI","article_publisher":"https:\/\/www.facebook.com\/svetslik.si","article_modified_time":"2026-03-22T21:03:46+00:00","og_image":[{"width":800,"height":1047,"url":"https:\/\/svetslik.si\/wp-content\/uploads\/2021\/08\/image_Galatea-of-the-Spheres_680.jpg","type":"image\/jpeg"}],"twitter_card":"summary_large_image","twitter_site":"@svetslik","twitter_misc":{"El\u00e9rhet\u0151s\u00e9g":"Beszerz\u00e9s alatt"},"schema":{"@context":"https:\/\/schema.org","@graph":[{"@type":["WebPage","ItemPage"],"@id":"https:\/\/svetslik.si\/hu\/salvador-dali-hu\/galatea-of-the-spheres\/","url":"https:\/\/svetslik.si\/hu\/salvador-dali-hu\/galatea-of-the-spheres\/","name":"Salvador Dali - Galatea of the Spheres - SVETSLIK.SI - 100% k\u00e9zzel festett","isPartOf":{"@id":"https:\/\/svetslik.si\/hu\/#website"},"primaryImageOfPage":{"@id":"https:\/\/svetslik.si\/hu\/salvador-dali-hu\/galatea-of-the-spheres\/#primaryimage"},"image":{"@id":"https:\/\/svetslik.si\/hu\/salvador-dali-hu\/galatea-of-the-spheres\/#primaryimage"},"thumbnailUrl":"https:\/\/svetslik.si\/wp-content\/uploads\/2021\/08\/image_Galatea-of-the-Spheres_680.jpg","datePublished":"2021-09-02T16:10:09+00:00","dateModified":"2026-03-22T21:03:46+00:00","description":"Salvador Dali - Galatea of the Spheres - 100% k\u00e9zzel festett h\u00edres festm\u00e9nyek reprodukci\u00f3i. Festm\u00e9nyek keretez\u00e9se, elad\u00e1sa \u00e9s egyedi rendel\u00e9sre t\u00f6rt\u00e9n\u0151 v\u00e1szonk\u00e9pek k\u00e9sz\u00edt\u00e9se.","breadcrumb":{"@id":"https:\/\/svetslik.si\/hu\/salvador-dali-hu\/galatea-of-the-spheres\/#breadcrumb"},"inLanguage":"hu","potentialAction":[{"@type":"ReadAction","target":["https:\/\/svetslik.si\/hu\/salvador-dali-hu\/galatea-of-the-spheres\/"]}]},{"@type":"ImageObject","inLanguage":"hu","@id":"https:\/\/svetslik.si\/hu\/salvador-dali-hu\/galatea-of-the-spheres\/#primaryimage","url":"https:\/\/svetslik.si\/wp-content\/uploads\/2021\/08\/image_Galatea-of-the-Spheres_680.jpg","contentUrl":"https:\/\/svetslik.si\/wp-content\/uploads\/2021\/08\/image_Galatea-of-the-Spheres_680.jpg","width":800,"height":1047,"caption":"Salvador Dali - Galatea of the Spheres - Galatea a szf\u00e9r\u00e1k k\u00f6z\u00f6tt - REPRODUKCI\u00d3I - V\u00e1szonk\u00e9p - Festm\u00e9nyek reprodukci\u00f3i - Absztrakt Festm\u00e9ny - Modern Festm\u00e9ny - Realisztikus Festm\u00e9ny - Olajfestm\u00e9ny - Falik\u00e9p"},{"@type":"BreadcrumbList","@id":"https:\/\/svetslik.si\/hu\/salvador-dali-hu\/galatea-of-the-spheres\/#breadcrumb","itemListElement":[{"@type":"ListItem","position":1,"name":"Wall art and paintings on canvas","item":"https:\/\/svetslik.si\/hu\/"},{"@type":"ListItem","position":2,"name":"Festm\u00e9nyek elad\u00e1sa","item":"https:\/\/svetslik.si\/prodaja-slik\/"},{"@type":"ListItem","position":3,"name":"Salvador Dali &#8211; Galatea of the Spheres"}]},{"@type":"WebSite","@id":"https:\/\/svetslik.si\/hu\/#website","url":"https:\/\/svetslik.si\/hu\/","name":"SVETSLIK.SI","description":"100%-ban k\u00e9zzel festett reprodukci\u00f3k h\u00edres fest\u0151k festm\u00e9nyeir\u0151l \u00e9s festm\u00e9nyekr\u0151l v\u00e1szonra.","publisher":{"@id":"https:\/\/svetslik.si\/hu\/#organization"},"potentialAction":[{"@type":"SearchAction","target":{"@type":"EntryPoint","urlTemplate":"https:\/\/svetslik.si\/hu\/?s={search_term_string}"},"query-input":{"@type":"PropertyValueSpecification","valueRequired":true,"valueName":"search_term_string"}}],"inLanguage":"hu"},{"@type":"Organization","@id":"https:\/\/svetslik.si\/hu\/#organization","name":"SvetSlik.si","url":"https:\/\/svetslik.si\/hu\/","logo":{"@type":"ImageObject","inLanguage":"hu","@id":"https:\/\/svetslik.si\/hu\/#\/schema\/logo\/image\/","url":"https:\/\/svetslik.si\/wp-content\/uploads\/2020\/12\/logo-512.png","contentUrl":"https:\/\/svetslik.si\/wp-content\/uploads\/2020\/12\/logo-512.png","width":512,"height":512,"caption":"SvetSlik.si"},"image":{"@id":"https:\/\/svetslik.si\/hu\/#\/schema\/logo\/image\/"},"sameAs":["https:\/\/www.facebook.com\/svetslik.si","https:\/\/x.com\/svetslik","https:\/\/www.instagram.com\/svetslik.si\/","https:\/\/www.linkedin.com\/company\/svetslik-si"]}]},"og_availability":"backorder","product_availability":"available for order","product_retailer_item_id":"443__","product_condition":"new"},"jetpack_sharing_enabled":true,"_links":{"self":[{"href":"https:\/\/svetslik.si\/hu\/wp-json\/wp\/v2\/product\/54972","targetHints":{"allow":["GET"]}}],"collection":[{"href":"https:\/\/svetslik.si\/hu\/wp-json\/wp\/v2\/product"}],"about":[{"href":"https:\/\/svetslik.si\/hu\/wp-json\/wp\/v2\/types\/product"}],"wp:featuredmedia":[{"embeddable":true,"href":"https:\/\/svetslik.si\/hu\/wp-json\/wp\/v2\/media\/49610"}],"wp:attachment":[{"href":"https:\/\/svetslik.si\/hu\/wp-json\/wp\/v2\/media?parent=54972"}],"wp:term":[{"taxonomy":"product_brand","embeddable":true,"href":"https:\/\/svetslik.si\/hu\/wp-json\/wp\/v2\/product_brand?post=54972"},{"taxonomy":"product_cat","embeddable":true,"href":"https:\/\/svetslik.si\/hu\/wp-json\/wp\/v2\/product_cat?post=54972"},{"taxonomy":"product_tag","embeddable":true,"href":"https:\/\/svetslik.si\/hu\/wp-json\/wp\/v2\/product_tag?post=54972"}],"curies":[{"name":"wp","href":"https:\/\/api.w.org\/{rel}","templated":true}]}}