{"id":55279,"date":"2021-09-02T18:14:44","date_gmt":"2021-09-02T16:14:44","guid":{"rendered":"https:\/\/svetslik.si\/nem-kategorizalt\/the-cardplayers\/"},"modified":"2026-03-22T22:10:40","modified_gmt":"2026-03-22T21:10:40","slug":"the-cardplayers","status":"publish","type":"product","link":"https:\/\/svetslik.si\/hu\/paul-cezanne-hu\/the-cardplayers\/","title":{"rendered":"Paul Cezanne &#8211; The Cardplayers"},"content":{"rendered":"<h1>Paul Cezanne \u2013 A k\u00e1rtyaj\u00e1t\u00e9kosok<\/h1>\n<p>&nbsp;<\/p>\n<table style=\"width: 619px\" border=\"0\" width=\"619\" cellpadding=\"0\">\n<tbody>\n<tr>\n<td style=\"width: 180px;height: 21px\" height=\"21\">L\u00e9trehoz\u00e1s \u00e9ve:<\/td>\n<td style=\"width: 439px\">1890-1892<\/td>\n<\/tr>\n<tr>\n<td style=\"width: 180px;height: 21px\" height=\"21\">Eredeti m\u00e9ret:<\/td>\n<td style=\"width: 439px\">44,4 cm x 56,3 cm<\/td>\n<\/tr>\n<tr>\n<td style=\"width: 180px;height: 21px\" height=\"21\">Fest\u00e9si st\u00edlus:<\/td>\n<td style=\"width: 439px\">Posztimpresszionizmus<\/td>\n<\/tr>\n<tr>\n<td style=\"width: 180px;height: 21px\" height=\"21\">Eredeti technika:<\/td>\n<td style=\"width: 439px\">Olaj, v\u00e1szon<\/td>\n<\/tr>\n<tr>\n<td style=\"width: 180px;height: 21px\" height=\"21\">Helysz\u00edn:<\/td>\n<td style=\"width: 439px\">Muzey Orsey, P\u00e1rizs<\/td>\n<\/tr>\n<\/tbody>\n<colgroup>\n<col \/>\n<col \/> <\/colgroup>\n<\/table>\n<p>Az olaj, v\u00e1szon <em>A k\u00e1rtyaj\u00e1t\u00e9kosok<\/em> csak egy Cezanne sz\u00e1mos festm\u00e9nye k\u00f6z\u00fcl, amelyeken egy k\u00e1v\u00e9z\u00f3ban l\u00e9v\u0151 f\u00e9rfi k\u00e1rtyaj\u00e1t\u00e9kosok mot\u00edvumai l\u00e1that\u00f3k. Ezen a festm\u00e9nyen az asztalon l\u00e9v\u0151 palack k\u00e9t r\u00e9szre osztja a kompoz\u00edci\u00f3t, felh\u00edvva a figyelmet a k\u00e9t figura ruh\u00e1zat\u00e1nak vil\u00e1gos \u00e9s s\u00f6t\u00e9t t\u00f3nusaira. Cezanne olajfestm\u00e9nye, <em>A k\u00e1rtyaj\u00e1t\u00e9kosok<\/em> nem annyira k\u00e9t f\u00e9rfi portr\u00e9ja, mint ink\u00e1bb a sz\u00edn\u00e1rnyalatokban rejl\u0151 lehet\u0151s\u00e9gek felt\u00e1r\u00e1sa.<\/p>\n<p>A festm\u00e9ny megd\u00f6nt\u00f6tte a vil\u00e1g legdr\u00e1g\u00e1bb m\u0171alkot\u00e1s\u00e1nak rekordj\u00e1t. 2012 febru\u00e1rj\u00e1ban a katari kir\u00e1lyi csal\u00e1d t\u00f6bb mint 250 milli\u00f3 doll\u00e1r\u00e9rt v\u00e1s\u00e1rolta meg C\u00e9zanne <strong>The Card Players<\/strong> c\u00edm\u0171 m\u0171v\u00e9t, ezzel meghaladva a 2006-ban Jackson Pollock \u201eNo. 5 1948\u201d c\u00edm\u0171 142,7 milli\u00f3 doll\u00e1ros rekordj\u00e1t, \u00e9s ezzel a legdr\u00e1g\u00e1bb lett. k\u00e9p. A K\u00e1rtyaj\u00e1t\u00e9kosok a fest\u0151 egyik legjelent\u0151sebb reprezentat\u00edv alkot\u00e1sa, a festm\u00e9ny k\u00e9t k\u00e1rty\u00e1z\u00f3 parasztot \u00e1br\u00e1zol, pontosan \u00e1br\u00e1zolja a k\u00e1rty\u00e1z\u00e1s k\u00f6zben alaposan gondolkod\u00f3 parasztok arckifejez\u00e9s\u00e9t, hajlott v\u00e1ll\u00e1t, szeml\u00e9letesen \u00e1br\u00e1zolja a k\u00e1rtyaj\u00e1t\u00e9k bels\u0151 vil\u00e1g\u00e1t, szem\u00e9lyis\u00e9gjegyeit. a karakterek. A szerepl\u0151k \u00e9s kell\u00e9kek elhelyez\u00e9se \u00e9s a k\u00f6rnyezet viszony\u00e1nak rendez\u00e9sekor a fest\u0151 tudatosan er\u0151s\u00edtette a k\u00f6rvonal \u00e1rny\u00e9kos r\u00e9sz\u00e9t, \u00e9s k\u00fcl\u00f6nf\u00e9le h\u00e1romsz\u00f6gekkel, der\u00e9ksz\u00f6g v\u00e1ltoztat\u00e1sokkal hangs\u00falyozta a barna-v\u00f6r\u00f6s t\u00f3nusok \u00e9s a k\u00e9k kontrasztj\u00e1t, ami nem csak a f\u0151szerepl\u0151t emelte ki, hanem a vonalkapcsolati strukt\u00far\u00e1k stabil hat\u00e1s\u00e1t is megkapta.<\/p>\n<p>C\u00e9zanne \u00f6sszesen 5 \u201ecart\u00e1rt\u201d festett, mindegyik kicsit m\u00e1s-m\u00e1s k\u00e9ppel, hogy tanulm\u00e1nyozza a hat\u00e1st k\u00fcl\u00f6nb\u00f6z\u0151 k\u00f6rnyezetben. A K\u00e1rtyaj\u00e1t\u00e9kosok sorozat m\u00e1sik n\u00e9gy festm\u00e9nye mind a vil\u00e1g nagy m\u00fazeumainak gy\u0171jtem\u00e9ny\u00e9ben tal\u00e1lhat\u00f3, k\u00f6zt\u00fck a p\u00e1rizsi Mus\u00e9e d&#8217;Orsay, a New York-i Metropolitan Museum of Art, a londoni Courtold Institute \u00e9s a Barnes Art Museum. Philadelphi\u00e1ban. Az egyetlen mag\u00e1ngy\u0171jt\u0151i gy\u0171jtem\u00e9ny, a sorozat &#8220;legs\u00f6t\u00e9tebbnek&#8221; tartott The Card Players c\u00edm\u0171 darabja 1895 k\u00f6r\u00fcl k\u00e9sz\u00fclt. A m\u0171 egykor George Amy Biliks g\u00f6r\u00f6g haj\u00f3z\u00e1si kir\u00e1ly mag\u00e1ngy\u0171jtem\u00e9ny\u00e9ben volt, aki ritk\u00e1n adta k\u00f6lcs\u00f6n a m\u0171vet. 2011-ben a New York-i Metropolitan Museum of Art k\u00fcl\u00f6nleges ki\u00e1ll\u00edt\u00e1st rendezett a &#8220;K\u00e1rtyaj\u00e1t\u00e9kos&#8221; sorozathoz, ahol a vil\u00e1g m\u00fazeumainak gy\u0171jtem\u00e9ny\u00e9nek mind a n\u00e9gy festm\u00e9nye &#8220;jelen volt&#8221;, de m\u00e1r csak a keze hi\u00e1nyzott. A g\u00f6r\u00f6g haj\u00f3z\u00e1si kir\u00e1ly hal\u00e1la \u00f3ta a vil\u00e1g legnagyobb m\u0171keresked\u0151i abban rem\u00e9nykednek, hogy megv\u00e1s\u00e1rolhatj\u00e1k C\u00e9zanne \u201eA k\u00e1rtyaj\u00e1t\u00e9kos\u201d c\u00edm\u0171 m\u0171v\u00e9t. A katari kir\u00e1lyi csal\u00e1d v\u00e9g\u00fcl 250 milli\u00f3 doll\u00e1rt aj\u00e1nlott fel a munk\u00e1\u00e9rt. Ez a tranzakci\u00f3s \u00e1r egy m\u0171v\u00e9szeti tranzakci\u00f3 rekordj\u00e1t is megd\u00f6nt\u00f6tte.<\/p>\n","protected":false},"excerpt":{"rendered":"<p>Paul Cezanne \u2013 A k\u00e1rtyaj\u00e1t\u00e9kosok &nbsp; L\u00e9trehoz\u00e1s \u00e9ve: 1890-1892 Eredeti m\u00e9ret: 44,4 cm x 56,3 cm Fest\u00e9si st\u00edlus: Posztimpresszionizmus Eredeti technika: Olaj, v\u00e1szon Helysz\u00edn: Muzey Orsey, P\u00e1rizs Az olaj, v\u00e1szon A k\u00e1rtyaj\u00e1t\u00e9kosok csak egy Cezanne sz\u00e1mos festm\u00e9nye k\u00f6z\u00fcl, amelyeken egy k\u00e1v\u00e9z\u00f3ban l\u00e9v\u0151 f\u00e9rfi k\u00e1rtyaj\u00e1t\u00e9kosok mot\u00edvumai l\u00e1that\u00f3k. Ezen a festm\u00e9nyen az [&hellip;]<\/p>\n","protected":false},"featured_media":50129,"template":"","meta":{"_acf_changed":false},"product_brand":[],"product_cat":[7146],"product_tag":[7162,11885,11886,11887],"class_list":{"0":"post-55279","1":"product","2":"type-product","3":"status-publish","4":"has-post-thumbnail","6":"product_cat-paul-cezanne-hu","7":"product_tag-cezanne-hu","8":"product_tag-painter-hu","9":"product_tag-reproduction","10":"product_tag-reproductions-hu","11":"pa_dimenzija-100-x-80-cm","12":"pa_dimenzija-120-x-100-cm","13":"pa_dimenzija-150-x-120-cm","14":"pa_dimenzija-50-x-40-cm","15":"pa_dimenzija-56-x-44-cm","16":"pa_dimenzija-70-x-55-cm","17":"pa_dimenzija-80-x-60-cm","18":"pa_dimenzija-90-x-70-cm","19":"pa_oblika-vizszintes","20":"pa_okvir-nincs-keret","21":"pa_podokvir-igen","22":"pa_podokvir-nem","24":"first","25":"onbackorder","26":"purchasable","27":"product-type-variable","28":"has-default-attributes"},"acf":[],"yoast_head":"<!-- This site is optimized with the Yoast SEO Premium plugin v26.0 (Yoast SEO v27.2) - https:\/\/yoast.com\/product\/yoast-seo-premium-wordpress\/ -->\n<title>Paul Cezanne - The Cardplayers - SVETSLIK.SI - 100% k\u00e9zzel festett<\/title>\n<meta name=\"description\" content=\"Paul Cezanne - The Cardplayers - 100% k\u00e9zzel festett h\u00edres festm\u00e9nyek reprodukci\u00f3i. Festm\u00e9nyek keretez\u00e9se, elad\u00e1sa \u00e9s egyedi rendel\u00e9sre t\u00f6rt\u00e9n\u0151 v\u00e1szonk\u00e9pek k\u00e9sz\u00edt\u00e9se.\" \/>\n<meta name=\"robots\" content=\"index, follow, max-snippet:-1, max-image-preview:large, max-video-preview:-1\" \/>\n<link rel=\"canonical\" href=\"https:\/\/svetslik.si\/hu\/paul-cezanne-hu\/the-cardplayers\/\" \/>\n<meta property=\"og:locale\" content=\"hu_HU\" \/>\n<meta property=\"og:type\" content=\"article\" \/>\n<meta property=\"og:title\" content=\"Paul Cezanne - The Cardplayers\" \/>\n<meta property=\"og:description\" content=\"100% ro\u010dno naslikane slike na platnu, reprodukcije znanih slikarjev in umetni\u0161ke slike po naro\u010dilu.\" \/>\n<meta property=\"og:url\" content=\"https:\/\/svetslik.si\/hu\/paul-cezanne-hu\/the-cardplayers\/\" \/>\n<meta property=\"og:site_name\" content=\"SVETSLIK.SI\" \/>\n<meta property=\"article:publisher\" content=\"https:\/\/www.facebook.com\/svetslik.si\" \/>\n<meta property=\"article:modified_time\" content=\"2026-03-22T21:10:40+00:00\" \/>\n<meta property=\"og:image\" content=\"https:\/\/svetslik.si\/wp-content\/uploads\/2021\/08\/image_The-Cardplayers-Paul-Czanne_680.jpg\" \/>\n\t<meta property=\"og:image:width\" content=\"2048\" \/>\n\t<meta property=\"og:image:height\" content=\"1705\" \/>\n\t<meta property=\"og:image:type\" content=\"image\/jpeg\" \/>\n<meta name=\"twitter:card\" content=\"summary_large_image\" \/>\n<meta name=\"twitter:site\" content=\"@svetslik\" \/>\n<meta name=\"twitter:label1\" content=\"El\u00e9rhet\u0151s\u00e9g\" \/>\n\t<meta name=\"twitter:data1\" content=\"Beszerz\u00e9s alatt\" \/>\n<script type=\"application\/ld+json\" class=\"yoast-schema-graph\">{\"@context\":\"https:\/\/schema.org\",\"@graph\":[{\"@type\":[\"WebPage\",\"ItemPage\"],\"@id\":\"https:\/\/svetslik.si\/hu\/paul-cezanne-hu\/the-cardplayers\/\",\"url\":\"https:\/\/svetslik.si\/hu\/paul-cezanne-hu\/the-cardplayers\/\",\"name\":\"Paul Cezanne - The Cardplayers - SVETSLIK.SI - 100% k\u00e9zzel festett\",\"isPartOf\":{\"@id\":\"https:\/\/svetslik.si\/hu\/#website\"},\"primaryImageOfPage\":{\"@id\":\"https:\/\/svetslik.si\/hu\/paul-cezanne-hu\/the-cardplayers\/#primaryimage\"},\"image\":{\"@id\":\"https:\/\/svetslik.si\/hu\/paul-cezanne-hu\/the-cardplayers\/#primaryimage\"},\"thumbnailUrl\":\"https:\/\/svetslik.si\/wp-content\/uploads\/2021\/08\/image_The-Cardplayers-Paul-Czanne_680.jpg\",\"datePublished\":\"2021-09-02T16:14:44+00:00\",\"dateModified\":\"2026-03-22T21:10:40+00:00\",\"description\":\"Paul Cezanne - The Cardplayers - 100% k\u00e9zzel festett h\u00edres festm\u00e9nyek reprodukci\u00f3i. Festm\u00e9nyek keretez\u00e9se, elad\u00e1sa \u00e9s egyedi rendel\u00e9sre t\u00f6rt\u00e9n\u0151 v\u00e1szonk\u00e9pek k\u00e9sz\u00edt\u00e9se.\",\"breadcrumb\":{\"@id\":\"https:\/\/svetslik.si\/hu\/paul-cezanne-hu\/the-cardplayers\/#breadcrumb\"},\"inLanguage\":\"hu\",\"potentialAction\":[{\"@type\":\"ReadAction\",\"target\":[\"https:\/\/svetslik.si\/hu\/paul-cezanne-hu\/the-cardplayers\/\"]}]},{\"@type\":\"ImageObject\",\"inLanguage\":\"hu\",\"@id\":\"https:\/\/svetslik.si\/hu\/paul-cezanne-hu\/the-cardplayers\/#primaryimage\",\"url\":\"https:\/\/svetslik.si\/wp-content\/uploads\/2021\/08\/image_The-Cardplayers-Paul-Czanne_680.jpg\",\"contentUrl\":\"https:\/\/svetslik.si\/wp-content\/uploads\/2021\/08\/image_The-Cardplayers-Paul-Czanne_680.jpg\",\"width\":2048,\"height\":1705,\"caption\":\"Paul C\u00e9zanne - The Cardplayers (A k\u00e1rtyaj\u00e1t\u00e9kosok) - Vazonk\u00e9p, festm\u00e9nyek, reprodukci\u00f3\"},{\"@type\":\"BreadcrumbList\",\"@id\":\"https:\/\/svetslik.si\/hu\/paul-cezanne-hu\/the-cardplayers\/#breadcrumb\",\"itemListElement\":[{\"@type\":\"ListItem\",\"position\":1,\"name\":\"Wall art and paintings on canvas\",\"item\":\"https:\/\/svetslik.si\/hu\/\"},{\"@type\":\"ListItem\",\"position\":2,\"name\":\"Festm\u00e9nyek elad\u00e1sa\",\"item\":\"https:\/\/svetslik.si\/prodaja-slik\/\"},{\"@type\":\"ListItem\",\"position\":3,\"name\":\"Paul Cezanne &#8211; The Cardplayers\"}]},{\"@type\":\"WebSite\",\"@id\":\"https:\/\/svetslik.si\/hu\/#website\",\"url\":\"https:\/\/svetslik.si\/hu\/\",\"name\":\"SVETSLIK.SI\",\"description\":\"100%-ban k\u00e9zzel festett reprodukci\u00f3k h\u00edres fest\u0151k festm\u00e9nyeir\u0151l \u00e9s festm\u00e9nyekr\u0151l v\u00e1szonra.\",\"publisher\":{\"@id\":\"https:\/\/svetslik.si\/hu\/#organization\"},\"potentialAction\":[{\"@type\":\"SearchAction\",\"target\":{\"@type\":\"EntryPoint\",\"urlTemplate\":\"https:\/\/svetslik.si\/hu\/?s={search_term_string}\"},\"query-input\":{\"@type\":\"PropertyValueSpecification\",\"valueRequired\":true,\"valueName\":\"search_term_string\"}}],\"inLanguage\":\"hu\"},{\"@type\":\"Organization\",\"@id\":\"https:\/\/svetslik.si\/hu\/#organization\",\"name\":\"SvetSlik.si\",\"url\":\"https:\/\/svetslik.si\/hu\/\",\"logo\":{\"@type\":\"ImageObject\",\"inLanguage\":\"hu\",\"@id\":\"https:\/\/svetslik.si\/hu\/#\/schema\/logo\/image\/\",\"url\":\"https:\/\/svetslik.si\/wp-content\/uploads\/2020\/12\/logo-512.png\",\"contentUrl\":\"https:\/\/svetslik.si\/wp-content\/uploads\/2020\/12\/logo-512.png\",\"width\":512,\"height\":512,\"caption\":\"SvetSlik.si\"},\"image\":{\"@id\":\"https:\/\/svetslik.si\/hu\/#\/schema\/logo\/image\/\"},\"sameAs\":[\"https:\/\/www.facebook.com\/svetslik.si\",\"https:\/\/x.com\/svetslik\",\"https:\/\/www.instagram.com\/svetslik.si\/\",\"https:\/\/www.linkedin.com\/company\/svetslik-si\"]}]}<\/script>\n<meta property=\"og:availability\" content=\"backorder\" \/>\n<meta property=\"product:availability\" content=\"available for order\" \/>\n<meta property=\"product:retailer_item_id\" content=\"485__\" \/>\n<meta property=\"product:condition\" content=\"new\" \/>\n<!-- \/ Yoast SEO Premium plugin. -->","yoast_head_json":{"title":"Paul Cezanne - The Cardplayers - SVETSLIK.SI - 100% k\u00e9zzel festett","description":"Paul Cezanne - The Cardplayers - 100% k\u00e9zzel festett h\u00edres festm\u00e9nyek reprodukci\u00f3i. Festm\u00e9nyek keretez\u00e9se, elad\u00e1sa \u00e9s egyedi rendel\u00e9sre t\u00f6rt\u00e9n\u0151 v\u00e1szonk\u00e9pek k\u00e9sz\u00edt\u00e9se.","robots":{"index":"index","follow":"follow","max-snippet":"max-snippet:-1","max-image-preview":"max-image-preview:large","max-video-preview":"max-video-preview:-1"},"canonical":"https:\/\/svetslik.si\/hu\/paul-cezanne-hu\/the-cardplayers\/","og_locale":"hu_HU","og_type":"article","og_title":"Paul Cezanne - The Cardplayers","og_description":"100% ro\u010dno naslikane slike na platnu, reprodukcije znanih slikarjev in umetni\u0161ke slike po naro\u010dilu.","og_url":"https:\/\/svetslik.si\/hu\/paul-cezanne-hu\/the-cardplayers\/","og_site_name":"SVETSLIK.SI","article_publisher":"https:\/\/www.facebook.com\/svetslik.si","article_modified_time":"2026-03-22T21:10:40+00:00","og_image":[{"width":2048,"height":1705,"url":"https:\/\/svetslik.si\/wp-content\/uploads\/2021\/08\/image_The-Cardplayers-Paul-Czanne_680.jpg","type":"image\/jpeg"}],"twitter_card":"summary_large_image","twitter_site":"@svetslik","twitter_misc":{"El\u00e9rhet\u0151s\u00e9g":"Beszerz\u00e9s alatt"},"schema":{"@context":"https:\/\/schema.org","@graph":[{"@type":["WebPage","ItemPage"],"@id":"https:\/\/svetslik.si\/hu\/paul-cezanne-hu\/the-cardplayers\/","url":"https:\/\/svetslik.si\/hu\/paul-cezanne-hu\/the-cardplayers\/","name":"Paul Cezanne - The Cardplayers - SVETSLIK.SI - 100% k\u00e9zzel festett","isPartOf":{"@id":"https:\/\/svetslik.si\/hu\/#website"},"primaryImageOfPage":{"@id":"https:\/\/svetslik.si\/hu\/paul-cezanne-hu\/the-cardplayers\/#primaryimage"},"image":{"@id":"https:\/\/svetslik.si\/hu\/paul-cezanne-hu\/the-cardplayers\/#primaryimage"},"thumbnailUrl":"https:\/\/svetslik.si\/wp-content\/uploads\/2021\/08\/image_The-Cardplayers-Paul-Czanne_680.jpg","datePublished":"2021-09-02T16:14:44+00:00","dateModified":"2026-03-22T21:10:40+00:00","description":"Paul Cezanne - The Cardplayers - 100% k\u00e9zzel festett h\u00edres festm\u00e9nyek reprodukci\u00f3i. Festm\u00e9nyek keretez\u00e9se, elad\u00e1sa \u00e9s egyedi rendel\u00e9sre t\u00f6rt\u00e9n\u0151 v\u00e1szonk\u00e9pek k\u00e9sz\u00edt\u00e9se.","breadcrumb":{"@id":"https:\/\/svetslik.si\/hu\/paul-cezanne-hu\/the-cardplayers\/#breadcrumb"},"inLanguage":"hu","potentialAction":[{"@type":"ReadAction","target":["https:\/\/svetslik.si\/hu\/paul-cezanne-hu\/the-cardplayers\/"]}]},{"@type":"ImageObject","inLanguage":"hu","@id":"https:\/\/svetslik.si\/hu\/paul-cezanne-hu\/the-cardplayers\/#primaryimage","url":"https:\/\/svetslik.si\/wp-content\/uploads\/2021\/08\/image_The-Cardplayers-Paul-Czanne_680.jpg","contentUrl":"https:\/\/svetslik.si\/wp-content\/uploads\/2021\/08\/image_The-Cardplayers-Paul-Czanne_680.jpg","width":2048,"height":1705,"caption":"Paul C\u00e9zanne - The Cardplayers (A k\u00e1rtyaj\u00e1t\u00e9kosok) - Vazonk\u00e9p, festm\u00e9nyek, reprodukci\u00f3"},{"@type":"BreadcrumbList","@id":"https:\/\/svetslik.si\/hu\/paul-cezanne-hu\/the-cardplayers\/#breadcrumb","itemListElement":[{"@type":"ListItem","position":1,"name":"Wall art and paintings on canvas","item":"https:\/\/svetslik.si\/hu\/"},{"@type":"ListItem","position":2,"name":"Festm\u00e9nyek elad\u00e1sa","item":"https:\/\/svetslik.si\/prodaja-slik\/"},{"@type":"ListItem","position":3,"name":"Paul Cezanne &#8211; The Cardplayers"}]},{"@type":"WebSite","@id":"https:\/\/svetslik.si\/hu\/#website","url":"https:\/\/svetslik.si\/hu\/","name":"SVETSLIK.SI","description":"100%-ban k\u00e9zzel festett reprodukci\u00f3k h\u00edres fest\u0151k festm\u00e9nyeir\u0151l \u00e9s festm\u00e9nyekr\u0151l v\u00e1szonra.","publisher":{"@id":"https:\/\/svetslik.si\/hu\/#organization"},"potentialAction":[{"@type":"SearchAction","target":{"@type":"EntryPoint","urlTemplate":"https:\/\/svetslik.si\/hu\/?s={search_term_string}"},"query-input":{"@type":"PropertyValueSpecification","valueRequired":true,"valueName":"search_term_string"}}],"inLanguage":"hu"},{"@type":"Organization","@id":"https:\/\/svetslik.si\/hu\/#organization","name":"SvetSlik.si","url":"https:\/\/svetslik.si\/hu\/","logo":{"@type":"ImageObject","inLanguage":"hu","@id":"https:\/\/svetslik.si\/hu\/#\/schema\/logo\/image\/","url":"https:\/\/svetslik.si\/wp-content\/uploads\/2020\/12\/logo-512.png","contentUrl":"https:\/\/svetslik.si\/wp-content\/uploads\/2020\/12\/logo-512.png","width":512,"height":512,"caption":"SvetSlik.si"},"image":{"@id":"https:\/\/svetslik.si\/hu\/#\/schema\/logo\/image\/"},"sameAs":["https:\/\/www.facebook.com\/svetslik.si","https:\/\/x.com\/svetslik","https:\/\/www.instagram.com\/svetslik.si\/","https:\/\/www.linkedin.com\/company\/svetslik-si"]}]},"og_availability":"backorder","product_availability":"available for order","product_retailer_item_id":"485__","product_condition":"new"},"jetpack_sharing_enabled":true,"_links":{"self":[{"href":"https:\/\/svetslik.si\/hu\/wp-json\/wp\/v2\/product\/55279","targetHints":{"allow":["GET"]}}],"collection":[{"href":"https:\/\/svetslik.si\/hu\/wp-json\/wp\/v2\/product"}],"about":[{"href":"https:\/\/svetslik.si\/hu\/wp-json\/wp\/v2\/types\/product"}],"wp:featuredmedia":[{"embeddable":true,"href":"https:\/\/svetslik.si\/hu\/wp-json\/wp\/v2\/media\/50129"}],"wp:attachment":[{"href":"https:\/\/svetslik.si\/hu\/wp-json\/wp\/v2\/media?parent=55279"}],"wp:term":[{"taxonomy":"product_brand","embeddable":true,"href":"https:\/\/svetslik.si\/hu\/wp-json\/wp\/v2\/product_brand?post=55279"},{"taxonomy":"product_cat","embeddable":true,"href":"https:\/\/svetslik.si\/hu\/wp-json\/wp\/v2\/product_cat?post=55279"},{"taxonomy":"product_tag","embeddable":true,"href":"https:\/\/svetslik.si\/hu\/wp-json\/wp\/v2\/product_tag?post=55279"}],"curies":[{"name":"wp","href":"https:\/\/api.w.org\/{rel}","templated":true}]}}