{"id":55368,"date":"2021-09-02T18:16:16","date_gmt":"2021-09-02T16:16:16","guid":{"rendered":"https:\/\/svetslik.si\/nem-kategorizalt\/afternoon-in-naples\/"},"modified":"2026-03-22T22:12:05","modified_gmt":"2026-03-22T21:12:05","slug":"afternoon-in-naples","status":"publish","type":"product","link":"https:\/\/svetslik.si\/hu\/paul-cezanne-hu\/afternoon-in-naples\/","title":{"rendered":"Paul Cezanne &#8211; Afternoon in Naples"},"content":{"rendered":"<div class=\"wpb-content-wrapper\">[vc_row][vc_column][vc_column_text]\n<h1>Paul Cezanne \u2013 D\u00e9lut\u00e1n N\u00e1polyban<\/h1>\n<p>&nbsp;<\/p>\n<table style=\"width: 619px\" border=\"0\" width=\"619\" cellpadding=\"0\">\n<tbody>\n<tr>\n<td style=\"width: 180px;height: 21px\" height=\"21\">L\u00e9trehoz\u00e1s \u00e9ve:<\/td>\n<td style=\"width: 439px\">1872-1875<\/td>\n<\/tr>\n<tr>\n<td style=\"width: 180px;height: 21px\" height=\"21\">Eredeti m\u00e9ret:<\/td>\n<td style=\"width: 439px\">45 cm x 37 cm<\/td>\n<\/tr>\n<tr>\n<td style=\"width: 180px;height: 21px\" height=\"21\">Fest\u00e9si st\u00edlus:<\/td>\n<td style=\"width: 439px\">Posztimpresszionizmus<\/td>\n<\/tr>\n<tr>\n<td style=\"width: 180px;height: 21px\" height=\"21\">Eredeti technika:<\/td>\n<td style=\"width: 439px\">Olaj, v\u00e1szon<\/td>\n<\/tr>\n<tr>\n<td style=\"width: 180px;height: 21px\" height=\"21\">Helysz\u00edn:<\/td>\n<td style=\"width: 439px\">Ausztr\u00e1l Nemzeti Gal\u00e9ria, Canberra<\/td>\n<\/tr>\n<\/tbody>\n<colgroup>\n<col \/>\n<col \/> <\/colgroup>\n<\/table>\n<p>Ennek az olajfestm\u00e9nynek a mot\u00edvuma m\u00e1r C\u00e9zanne korai korszak\u00e1ban megjelent, de mindk\u00e9t m\u0171v\u00e9t, amelyet 1867-ben a Salon gal\u00e9ri\u00e1ban akart ki\u00e1ll\u00edtani, elutas\u00edtott\u00e1k. A fest\u0151 a 19. sz\u00e1zad 60-as \u00e9vek v\u00e9g\u00e9n \u00e9s a 70-es \u00e9vek elej\u00e9n is visszat\u00e9rt ehhez a t\u00e9m\u00e1hoz. Az olaj, v\u00e1szon v\u00e9gleges v\u00e1ltozata<em>D\u00e9lut\u00e1n N\u00e1polyban<\/em>el\u0151djeit\u0151l els\u0151sorban expressz\u00edv st\u00edlus\u00e1ban, az impresszionista technika c\u00e9zanne-i interpret\u00e1ci\u00f3j\u00e1ban t\u00e9r el, amelyet Pissarro fest\u0151vel 1872 \u00e9s 1874 k\u00f6z\u00f6tt k\u00f6z\u00f6sen dolgozott ki. [\/vc_column_text][ \/vc_column][\/vc_row][vc_row][vc_column]\t<div class=\"et-image-441 et-image  full   et_image_link\">\n\t\t<div class=\"et-image-inner \">\n\t\t\t\t\t\t\t<div class=\"et-image-thumb \">\n\t\t\t\t\t<img decoding=\"async\" width=\"2268\" height=\"2388\" src=\"https:\/\/svetslik.si\/wp-content\/uploads\/2021\/09\/Paul-Cezanne-Afternoon-in-Naples.jpg\" class=\"attachment-full\" alt=\"Paul Cezanne - D\u00e9lut\u00e1n N\u00e1polyban - H\u00edres festm\u00e9nyek k\u00e9zzel festett reprodukci\u00f3i, modern falik\u00e9pek, m\u0171v\u00e9szeti k\u00e9pek a falra\" title=\"Paul Cezanne - D\u00e9lut\u00e1n N\u00e1polyban - H\u00edres festm\u00e9nyek k\u00e9zzel festett reprodukci\u00f3i, modern falik\u00e9pek, m\u0171v\u00e9szeti k\u00e9pek a falra\" srcset=\"https:\/\/svetslik.si\/wp-content\/uploads\/2021\/09\/Paul-Cezanne-Afternoon-in-Naples.jpg 2268w, https:\/\/svetslik.si\/wp-content\/uploads\/2021\/09\/Paul-Cezanne-Afternoon-in-Naples-600x632.jpg 600w, https:\/\/svetslik.si\/wp-content\/uploads\/2021\/09\/Paul-Cezanne-Afternoon-in-Naples-1200x1263.jpg 1200w, https:\/\/svetslik.si\/wp-content\/uploads\/2021\/09\/Paul-Cezanne-Afternoon-in-Naples-285x300.jpg 285w, https:\/\/svetslik.si\/wp-content\/uploads\/2021\/09\/Paul-Cezanne-Afternoon-in-Naples-973x1024.jpg 973w, https:\/\/svetslik.si\/wp-content\/uploads\/2021\/09\/Paul-Cezanne-Afternoon-in-Naples-768x809.jpg 768w, https:\/\/svetslik.si\/wp-content\/uploads\/2021\/09\/Paul-Cezanne-Afternoon-in-Naples-1459x1536.jpg 1459w, https:\/\/svetslik.si\/wp-content\/uploads\/2021\/09\/Paul-Cezanne-Afternoon-in-Naples-1945x2048.jpg 1945w, https:\/\/svetslik.si\/wp-content\/uploads\/2021\/09\/Paul-Cezanne-Afternoon-in-Naples-142x150.jpg 142w, https:\/\/svetslik.si\/wp-content\/uploads\/2021\/09\/Paul-Cezanne-Afternoon-in-Naples-1320x1390.jpg 1320w, https:\/\/svetslik.si\/wp-content\/uploads\/2021\/09\/Paul-Cezanne-Afternoon-in-Naples-900x948.jpg 900w\" sizes=\"(max-width: 2268px) 100vw, 2268px\" \/>\t\t\t\t<\/div>\n\t\t\t\t\t\t\t\t\t\t\t<\/div>\n\t<\/div>\n  [\/vc_column][\/vc_row]\n<\/div>","protected":false},"excerpt":{"rendered":"<p>[vc_row][vc_column][vc_column_text] Paul Cezanne \u2013 D\u00e9lut\u00e1n N\u00e1polyban &nbsp; L\u00e9trehoz\u00e1s \u00e9ve: 1872-1875 Eredeti m\u00e9ret: 45 cm x 37 cm Fest\u00e9si st\u00edlus: Posztimpresszionizmus Eredeti technika: Olaj, v\u00e1szon Helysz\u00edn: Ausztr\u00e1l Nemzeti Gal\u00e9ria, Canberra Ennek az olajfestm\u00e9nynek a mot\u00edvuma m\u00e1r C\u00e9zanne korai korszak\u00e1ban megjelent, de mindk\u00e9t m\u0171v\u00e9t, amelyet 1867-ben a Salon gal\u00e9ri\u00e1ban akart ki\u00e1ll\u00edtani, elutas\u00edtott\u00e1k. [&hellip;]<\/p>\n","protected":false},"featured_media":49309,"template":"","meta":{"_acf_changed":false},"product_brand":[],"product_cat":[7146],"product_tag":[7162,11885,11886,11887],"class_list":{"0":"post-55368","1":"product","2":"type-product","3":"status-publish","4":"has-post-thumbnail","6":"product_cat-paul-cezanne-hu","7":"product_tag-cezanne-hu","8":"product_tag-painter-hu","9":"product_tag-reproduction","10":"product_tag-reproductions-hu","11":"pa_dimenzija-100-x-80-cm-hu","12":"pa_dimenzija-120-x-100-cm-hu","13":"pa_dimenzija-150-x-120-cm-hu","14":"pa_dimenzija-180-x-150-cm-hu","15":"pa_dimenzija-45-x-37-cm-hu","16":"pa_dimenzija-60-x-50-cm-hu","17":"pa_dimenzija-70-x-60-cm-hu","18":"pa_dimenzija-80-x-65-cm-hu","19":"pa_oblika-vizszintes","20":"pa_okvir-nincs-keret","21":"pa_podokvir-igen","22":"pa_podokvir-nem","24":"first","25":"onbackorder","26":"purchasable","27":"product-type-variable","28":"has-default-attributes"},"acf":[],"yoast_head":"<!-- This site is optimized with the Yoast SEO Premium plugin v26.0 (Yoast SEO v27.2) - https:\/\/yoast.com\/product\/yoast-seo-premium-wordpress\/ -->\n<title>Paul Cezanne - Afternoon in Naples - SVETSLIK.SI - 100% k\u00e9zzel festett<\/title>\n<meta name=\"description\" content=\"Paul Cezanne - Afternoon in Naples - 100% k\u00e9zzel festett h\u00edres festm\u00e9nyek reprodukci\u00f3i. Festm\u00e9nyek keretez\u00e9se, elad\u00e1sa \u00e9s egyedi rendel\u00e9sre t\u00f6rt\u00e9n\u0151 v\u00e1szonk\u00e9pek k\u00e9sz\u00edt\u00e9se.\" \/>\n<meta name=\"robots\" content=\"index, follow, max-snippet:-1, max-image-preview:large, max-video-preview:-1\" \/>\n<link rel=\"canonical\" href=\"https:\/\/svetslik.si\/hu\/paul-cezanne-hu\/afternoon-in-naples\/\" \/>\n<meta property=\"og:locale\" content=\"hu_HU\" \/>\n<meta property=\"og:type\" content=\"article\" \/>\n<meta property=\"og:title\" content=\"Paul Cezanne - Afternoon in Naples\" \/>\n<meta property=\"og:description\" content=\"100% ro\u010dno naslikane slike na platnu, reprodukcije znanih slikarjev in umetni\u0161ke slike po naro\u010dilu.\" \/>\n<meta property=\"og:url\" content=\"https:\/\/svetslik.si\/hu\/paul-cezanne-hu\/afternoon-in-naples\/\" \/>\n<meta property=\"og:site_name\" content=\"SVETSLIK.SI\" \/>\n<meta property=\"article:publisher\" content=\"https:\/\/www.facebook.com\/svetslik.si\" \/>\n<meta property=\"article:modified_time\" content=\"2026-03-22T21:12:05+00:00\" \/>\n<meta property=\"og:image\" content=\"https:\/\/svetslik.si\/wp-content\/uploads\/2021\/08\/image_Afternoon-in-Naples-Paul-Czanne_680.jpg\" \/>\n\t<meta property=\"og:image:width\" content=\"2524\" \/>\n\t<meta property=\"og:image:height\" content=\"2048\" \/>\n\t<meta property=\"og:image:type\" content=\"image\/jpeg\" \/>\n<meta name=\"twitter:card\" content=\"summary_large_image\" \/>\n<meta name=\"twitter:site\" content=\"@svetslik\" \/>\n<meta name=\"twitter:label1\" content=\"El\u00e9rhet\u0151s\u00e9g\" \/>\n\t<meta name=\"twitter:data1\" content=\"Beszerz\u00e9s alatt\" \/>\n<script type=\"application\/ld+json\" class=\"yoast-schema-graph\">{\"@context\":\"https:\/\/schema.org\",\"@graph\":[{\"@type\":[\"WebPage\",\"ItemPage\"],\"@id\":\"https:\/\/svetslik.si\/hu\/paul-cezanne-hu\/afternoon-in-naples\/\",\"url\":\"https:\/\/svetslik.si\/hu\/paul-cezanne-hu\/afternoon-in-naples\/\",\"name\":\"Paul Cezanne - Afternoon in Naples - SVETSLIK.SI - 100% k\u00e9zzel festett\",\"isPartOf\":{\"@id\":\"https:\/\/svetslik.si\/hu\/#website\"},\"primaryImageOfPage\":{\"@id\":\"https:\/\/svetslik.si\/hu\/paul-cezanne-hu\/afternoon-in-naples\/#primaryimage\"},\"image\":{\"@id\":\"https:\/\/svetslik.si\/hu\/paul-cezanne-hu\/afternoon-in-naples\/#primaryimage\"},\"thumbnailUrl\":\"https:\/\/svetslik.si\/wp-content\/uploads\/2021\/08\/image_Afternoon-in-Naples-Paul-Czanne_680.jpg\",\"datePublished\":\"2021-09-02T16:16:16+00:00\",\"dateModified\":\"2026-03-22T21:12:05+00:00\",\"description\":\"Paul Cezanne - Afternoon in Naples - 100% k\u00e9zzel festett h\u00edres festm\u00e9nyek reprodukci\u00f3i. Festm\u00e9nyek keretez\u00e9se, elad\u00e1sa \u00e9s egyedi rendel\u00e9sre t\u00f6rt\u00e9n\u0151 v\u00e1szonk\u00e9pek k\u00e9sz\u00edt\u00e9se.\",\"breadcrumb\":{\"@id\":\"https:\/\/svetslik.si\/hu\/paul-cezanne-hu\/afternoon-in-naples\/#breadcrumb\"},\"inLanguage\":\"hu\",\"potentialAction\":[{\"@type\":\"ReadAction\",\"target\":[\"https:\/\/svetslik.si\/hu\/paul-cezanne-hu\/afternoon-in-naples\/\"]}]},{\"@type\":\"ImageObject\",\"inLanguage\":\"hu\",\"@id\":\"https:\/\/svetslik.si\/hu\/paul-cezanne-hu\/afternoon-in-naples\/#primaryimage\",\"url\":\"https:\/\/svetslik.si\/wp-content\/uploads\/2021\/08\/image_Afternoon-in-Naples-Paul-Czanne_680.jpg\",\"contentUrl\":\"https:\/\/svetslik.si\/wp-content\/uploads\/2021\/08\/image_Afternoon-in-Naples-Paul-Czanne_680.jpg\",\"width\":2524,\"height\":2048,\"caption\":\"Paul Cezanne - Afternoon in Naples - D\u00e9lut\u00e1n N\u00e1polyban - Paul Cezanne - Afternoon in Naples - Festm\u00e9nyek reprodukci\u00f3i - V\u00e1szonk\u00e9p - Festm\u00e9nyek reprodukci\u00f3i - Absztrakt Festm\u00e9ny - Modern Festm\u00e9ny - Realisztikus Festm\u00e9ny - Olajfestm\u00e9ny - Falik\u00e9p\"},{\"@type\":\"BreadcrumbList\",\"@id\":\"https:\/\/svetslik.si\/hu\/paul-cezanne-hu\/afternoon-in-naples\/#breadcrumb\",\"itemListElement\":[{\"@type\":\"ListItem\",\"position\":1,\"name\":\"Wall art and paintings on canvas\",\"item\":\"https:\/\/svetslik.si\/hu\/\"},{\"@type\":\"ListItem\",\"position\":2,\"name\":\"Festm\u00e9nyek elad\u00e1sa\",\"item\":\"https:\/\/svetslik.si\/prodaja-slik\/\"},{\"@type\":\"ListItem\",\"position\":3,\"name\":\"Paul Cezanne &#8211; Afternoon in Naples\"}]},{\"@type\":\"WebSite\",\"@id\":\"https:\/\/svetslik.si\/hu\/#website\",\"url\":\"https:\/\/svetslik.si\/hu\/\",\"name\":\"SVETSLIK.SI\",\"description\":\"100%-ban k\u00e9zzel festett reprodukci\u00f3k h\u00edres fest\u0151k festm\u00e9nyeir\u0151l \u00e9s festm\u00e9nyekr\u0151l v\u00e1szonra.\",\"publisher\":{\"@id\":\"https:\/\/svetslik.si\/hu\/#organization\"},\"potentialAction\":[{\"@type\":\"SearchAction\",\"target\":{\"@type\":\"EntryPoint\",\"urlTemplate\":\"https:\/\/svetslik.si\/hu\/?s={search_term_string}\"},\"query-input\":{\"@type\":\"PropertyValueSpecification\",\"valueRequired\":true,\"valueName\":\"search_term_string\"}}],\"inLanguage\":\"hu\"},{\"@type\":\"Organization\",\"@id\":\"https:\/\/svetslik.si\/hu\/#organization\",\"name\":\"SvetSlik.si\",\"url\":\"https:\/\/svetslik.si\/hu\/\",\"logo\":{\"@type\":\"ImageObject\",\"inLanguage\":\"hu\",\"@id\":\"https:\/\/svetslik.si\/hu\/#\/schema\/logo\/image\/\",\"url\":\"https:\/\/svetslik.si\/wp-content\/uploads\/2020\/12\/logo-512.png\",\"contentUrl\":\"https:\/\/svetslik.si\/wp-content\/uploads\/2020\/12\/logo-512.png\",\"width\":512,\"height\":512,\"caption\":\"SvetSlik.si\"},\"image\":{\"@id\":\"https:\/\/svetslik.si\/hu\/#\/schema\/logo\/image\/\"},\"sameAs\":[\"https:\/\/www.facebook.com\/svetslik.si\",\"https:\/\/x.com\/svetslik\",\"https:\/\/www.instagram.com\/svetslik.si\/\",\"https:\/\/www.linkedin.com\/company\/svetslik-si\"]}]}<\/script>\n<meta property=\"og:availability\" content=\"backorder\" \/>\n<meta property=\"product:availability\" content=\"available for order\" \/>\n<meta property=\"product:retailer_item_id\" content=\"497__\" \/>\n<meta property=\"product:condition\" content=\"new\" \/>\n<!-- \/ Yoast SEO Premium plugin. -->","yoast_head_json":{"title":"Paul Cezanne - Afternoon in Naples - SVETSLIK.SI - 100% k\u00e9zzel festett","description":"Paul Cezanne - Afternoon in Naples - 100% k\u00e9zzel festett h\u00edres festm\u00e9nyek reprodukci\u00f3i. Festm\u00e9nyek keretez\u00e9se, elad\u00e1sa \u00e9s egyedi rendel\u00e9sre t\u00f6rt\u00e9n\u0151 v\u00e1szonk\u00e9pek k\u00e9sz\u00edt\u00e9se.","robots":{"index":"index","follow":"follow","max-snippet":"max-snippet:-1","max-image-preview":"max-image-preview:large","max-video-preview":"max-video-preview:-1"},"canonical":"https:\/\/svetslik.si\/hu\/paul-cezanne-hu\/afternoon-in-naples\/","og_locale":"hu_HU","og_type":"article","og_title":"Paul Cezanne - Afternoon in Naples","og_description":"100% ro\u010dno naslikane slike na platnu, reprodukcije znanih slikarjev in umetni\u0161ke slike po naro\u010dilu.","og_url":"https:\/\/svetslik.si\/hu\/paul-cezanne-hu\/afternoon-in-naples\/","og_site_name":"SVETSLIK.SI","article_publisher":"https:\/\/www.facebook.com\/svetslik.si","article_modified_time":"2026-03-22T21:12:05+00:00","og_image":[{"width":2524,"height":2048,"url":"https:\/\/svetslik.si\/wp-content\/uploads\/2021\/08\/image_Afternoon-in-Naples-Paul-Czanne_680.jpg","type":"image\/jpeg"}],"twitter_card":"summary_large_image","twitter_site":"@svetslik","twitter_misc":{"El\u00e9rhet\u0151s\u00e9g":"Beszerz\u00e9s alatt"},"schema":{"@context":"https:\/\/schema.org","@graph":[{"@type":["WebPage","ItemPage"],"@id":"https:\/\/svetslik.si\/hu\/paul-cezanne-hu\/afternoon-in-naples\/","url":"https:\/\/svetslik.si\/hu\/paul-cezanne-hu\/afternoon-in-naples\/","name":"Paul Cezanne - Afternoon in Naples - SVETSLIK.SI - 100% k\u00e9zzel festett","isPartOf":{"@id":"https:\/\/svetslik.si\/hu\/#website"},"primaryImageOfPage":{"@id":"https:\/\/svetslik.si\/hu\/paul-cezanne-hu\/afternoon-in-naples\/#primaryimage"},"image":{"@id":"https:\/\/svetslik.si\/hu\/paul-cezanne-hu\/afternoon-in-naples\/#primaryimage"},"thumbnailUrl":"https:\/\/svetslik.si\/wp-content\/uploads\/2021\/08\/image_Afternoon-in-Naples-Paul-Czanne_680.jpg","datePublished":"2021-09-02T16:16:16+00:00","dateModified":"2026-03-22T21:12:05+00:00","description":"Paul Cezanne - Afternoon in Naples - 100% k\u00e9zzel festett h\u00edres festm\u00e9nyek reprodukci\u00f3i. Festm\u00e9nyek keretez\u00e9se, elad\u00e1sa \u00e9s egyedi rendel\u00e9sre t\u00f6rt\u00e9n\u0151 v\u00e1szonk\u00e9pek k\u00e9sz\u00edt\u00e9se.","breadcrumb":{"@id":"https:\/\/svetslik.si\/hu\/paul-cezanne-hu\/afternoon-in-naples\/#breadcrumb"},"inLanguage":"hu","potentialAction":[{"@type":"ReadAction","target":["https:\/\/svetslik.si\/hu\/paul-cezanne-hu\/afternoon-in-naples\/"]}]},{"@type":"ImageObject","inLanguage":"hu","@id":"https:\/\/svetslik.si\/hu\/paul-cezanne-hu\/afternoon-in-naples\/#primaryimage","url":"https:\/\/svetslik.si\/wp-content\/uploads\/2021\/08\/image_Afternoon-in-Naples-Paul-Czanne_680.jpg","contentUrl":"https:\/\/svetslik.si\/wp-content\/uploads\/2021\/08\/image_Afternoon-in-Naples-Paul-Czanne_680.jpg","width":2524,"height":2048,"caption":"Paul Cezanne - Afternoon in Naples - D\u00e9lut\u00e1n N\u00e1polyban - Paul Cezanne - Afternoon in Naples - Festm\u00e9nyek reprodukci\u00f3i - V\u00e1szonk\u00e9p - Festm\u00e9nyek reprodukci\u00f3i - Absztrakt Festm\u00e9ny - Modern Festm\u00e9ny - Realisztikus Festm\u00e9ny - Olajfestm\u00e9ny - Falik\u00e9p"},{"@type":"BreadcrumbList","@id":"https:\/\/svetslik.si\/hu\/paul-cezanne-hu\/afternoon-in-naples\/#breadcrumb","itemListElement":[{"@type":"ListItem","position":1,"name":"Wall art and paintings on canvas","item":"https:\/\/svetslik.si\/hu\/"},{"@type":"ListItem","position":2,"name":"Festm\u00e9nyek elad\u00e1sa","item":"https:\/\/svetslik.si\/prodaja-slik\/"},{"@type":"ListItem","position":3,"name":"Paul Cezanne &#8211; Afternoon in Naples"}]},{"@type":"WebSite","@id":"https:\/\/svetslik.si\/hu\/#website","url":"https:\/\/svetslik.si\/hu\/","name":"SVETSLIK.SI","description":"100%-ban k\u00e9zzel festett reprodukci\u00f3k h\u00edres fest\u0151k festm\u00e9nyeir\u0151l \u00e9s festm\u00e9nyekr\u0151l v\u00e1szonra.","publisher":{"@id":"https:\/\/svetslik.si\/hu\/#organization"},"potentialAction":[{"@type":"SearchAction","target":{"@type":"EntryPoint","urlTemplate":"https:\/\/svetslik.si\/hu\/?s={search_term_string}"},"query-input":{"@type":"PropertyValueSpecification","valueRequired":true,"valueName":"search_term_string"}}],"inLanguage":"hu"},{"@type":"Organization","@id":"https:\/\/svetslik.si\/hu\/#organization","name":"SvetSlik.si","url":"https:\/\/svetslik.si\/hu\/","logo":{"@type":"ImageObject","inLanguage":"hu","@id":"https:\/\/svetslik.si\/hu\/#\/schema\/logo\/image\/","url":"https:\/\/svetslik.si\/wp-content\/uploads\/2020\/12\/logo-512.png","contentUrl":"https:\/\/svetslik.si\/wp-content\/uploads\/2020\/12\/logo-512.png","width":512,"height":512,"caption":"SvetSlik.si"},"image":{"@id":"https:\/\/svetslik.si\/hu\/#\/schema\/logo\/image\/"},"sameAs":["https:\/\/www.facebook.com\/svetslik.si","https:\/\/x.com\/svetslik","https:\/\/www.instagram.com\/svetslik.si\/","https:\/\/www.linkedin.com\/company\/svetslik-si"]}]},"og_availability":"backorder","product_availability":"available for order","product_retailer_item_id":"497__","product_condition":"new"},"jetpack_sharing_enabled":true,"_links":{"self":[{"href":"https:\/\/svetslik.si\/hu\/wp-json\/wp\/v2\/product\/55368","targetHints":{"allow":["GET"]}}],"collection":[{"href":"https:\/\/svetslik.si\/hu\/wp-json\/wp\/v2\/product"}],"about":[{"href":"https:\/\/svetslik.si\/hu\/wp-json\/wp\/v2\/types\/product"}],"wp:featuredmedia":[{"embeddable":true,"href":"https:\/\/svetslik.si\/hu\/wp-json\/wp\/v2\/media\/49309"}],"wp:attachment":[{"href":"https:\/\/svetslik.si\/hu\/wp-json\/wp\/v2\/media?parent=55368"}],"wp:term":[{"taxonomy":"product_brand","embeddable":true,"href":"https:\/\/svetslik.si\/hu\/wp-json\/wp\/v2\/product_brand?post=55368"},{"taxonomy":"product_cat","embeddable":true,"href":"https:\/\/svetslik.si\/hu\/wp-json\/wp\/v2\/product_cat?post=55368"},{"taxonomy":"product_tag","embeddable":true,"href":"https:\/\/svetslik.si\/hu\/wp-json\/wp\/v2\/product_tag?post=55368"}],"curies":[{"name":"wp","href":"https:\/\/api.w.org\/{rel}","templated":true}]}}