{"id":55808,"date":"2021-09-02T18:23:39","date_gmt":"2021-09-02T16:23:39","guid":{"rendered":"https:\/\/svetslik.si\/nem-kategorizalt\/girlfriends\/"},"modified":"2026-03-22T22:20:58","modified_gmt":"2026-03-22T21:20:58","slug":"girlfriends","status":"publish","type":"product","link":"https:\/\/svetslik.si\/hu\/gustav-klimt-hu\/girlfriends\/","title":{"rendered":"Gustav Klimt &#8211; Girlfriends"},"content":{"rendered":"<h1>Gustav Klimt \u2013 Bar\u00e1tn\u0151k<\/h1>\n<p>&nbsp;<\/p>\n<table style=\"width: 497px\" border=\"0\" width=\"497\" cellpadding=\"0\">\n<tbody>\n<tr>\n<td style=\"width: 155px;height: 21px\" height=\"21\">L\u00e9trehoz\u00e1s \u00e9ve:<\/td>\n<td style=\"width: 343px\">1916-1917<\/td>\n<\/tr>\n<tr>\n<td style=\"width: 155px;height: 21px\" height=\"21\">Eredeti m\u00e9ret:<\/td>\n<td style=\"width: 343px\">99 cm x 99 cm<\/td>\n<\/tr>\n<tr>\n<td style=\"width: 155px;height: 21px\" height=\"21\">Fest\u00e9si st\u00edlus:<\/td>\n<td style=\"width: 343px\">Szecesszi\u00f3<\/td>\n<\/tr>\n<tr>\n<td style=\"width: 155px;height: 21px\" height=\"21\">Eredeti technika:<\/td>\n<td style=\"width: 343px\">Olaj, v\u00e1szon<\/td>\n<\/tr>\n<tr>\n<td style=\"width: 155px;height: 21px\" height=\"21\">Helysz\u00edn:<\/td>\n<td style=\"width: 343px\">Az eredeti 1945-ben megsemmis\u00fclt<\/td>\n<\/tr>\n<\/tbody>\n<colgroup>\n<col \/>\n<col \/> <\/colgroup>\n<\/table>\n<p>Olaj, v\u00e1szon k\u00e9t n\u0151t \u00e1br\u00e1zol, az egyik piros ruh\u00e1ban, a m\u00e1sik meztelen\u00fcl. Klimt szerette a jap\u00e1n m\u0171v\u00e9szetet, amelyben az erotikus fesz\u00fclts\u00e9g a l\u00e1that\u00f3 \u00e9s a rejtett kapcsolat\u00e1b\u00f3l fakad. Az olaj, v\u00e1szon <em>Girlfriends<\/em>ben egy meztelen n\u0151 kez\u00e9t \u00e9s egy fel\u00f6lt\u00f6z\u00f6tt n\u0151 kez\u00e9nek egy r\u00e9sz\u00e9t l\u00e1tjuk. Klimt azonban eltakarta a m\u00e1sik k\u00e9t kez\u00e9t; kombin\u00e1l\u00f3dnak, \u00f6sszefon\u00f3dnak? Senki sem tudja biztosan, ami egyszerre izgalmas \u00e9s \u00e9rdekes. M\u00e1s Klimt-festm\u00e9nyekhez hasonl\u00f3an ez az olajfestm\u00e9ny is tele van ir\u00f3ni\u00e1val. Ebben az esetben a k\u00e9p jelent\u00e9se a hom\u00e1lyos r\u00e9szletekben rejt\u0151zik.<\/p>\n<p>Gustav Klimt Bar\u00e1tn\u0151k c\u00edm\u0171 k\u00e9pe az osztr\u00e1k fest\u0151 egyik kev\u00e9sb\u00e9 ismert alkot\u00e1sa, de m\u00e1ig a szecesszi\u00f3s mozgalom remeke. A k\u00e9pen a n\u0151i bar\u00e1ts\u00e1gok sz\u00e9ps\u00e9ge \u00e9s kapcsolata l\u00e1that\u00f3.<\/p>\n<p>A &#8220;Girlfriends&#8221; egy k\u00f6r\u00fclbel\u00fcl 100 cm x 100 cm m\u00e9ret\u0171 olajfestm\u00e9ny v\u00e1szonra. K\u00e9t fiatal n\u0151t \u00e1br\u00e1zol, akik egy\u00fctt \u00fclnek, eleg\u00e1ns ruh\u00e1kban, k\u00fcl\u00f6nf\u00e9le vir\u00e1gokkal \u00e9s n\u00f6v\u00e9nyekkel k\u00f6r\u00fclv\u00e9ve. A festm\u00e9nyt mer\u00e9sz sz\u00ednhaszn\u00e1lat, egyedi mozg\u00e1s- \u00e9s \u00e9rzelem\u00e9rz\u00e9k jellemzi. A n\u0151ket r\u00f3zsasz\u00edn, feh\u00e9r \u00e9s arany \u00e1rnyalatokkal, a vir\u00e1gokat r\u00f3zsasz\u00edn, s\u00e1rga \u00e9s lila \u00e1rnyalatokkal, a h\u00e1tteret pedig z\u00f6ld \u00e1rnyalatokkal festett\u00e9k, \u00edgy a festm\u00e9ny m\u00e9lys\u00e9g\u00e9t \u00e9s mozg\u00e1s\u00e1t kelti.<\/p>\n<p>A festm\u00e9ny a n\u0151i bar\u00e1ts\u00e1gok sz\u00e9ps\u00e9g\u00e9t \u00e9s kapcsolat\u00e1t jelen\u00edti meg, hiszen k\u00e9t n\u0151 egy\u00fctt \u00fcl egy nyugodt, meghitt k\u00f6rnyezetben. A vir\u00e1gok \u00e9s az \u0151ket k\u00f6r\u00fclvev\u0151 n\u00f6v\u00e9nyek a n\u00f6veked\u00e9s, a sz\u00e9ps\u00e9g \u00e9s a k\u00f6zt\u00fck l\u00e9v\u0151 k\u00f6tel\u00e9k szimb\u00f3lumai. A n\u0151k eleg\u00e1ns ruh\u00e1i \u00e9s a h\u00e1tt\u00e9rben megh\u00faz\u00f3d\u00f3 bonyolult mint\u00e1k harm\u00f3ni\u00e1t \u00e9s rendet k\u00e9pviselnek az univerzumban. A festm\u00e9ny a sz\u00e9ps\u00e9g, a nyugalom \u00e9s a kapcsol\u00f3d\u00e1s \u00e9rz\u00e9s\u00e9t id\u00e9zi, amely Klimt m\u0171v\u00e9szet\u00e9re jellemz\u0151.<\/p>\n<p>Klimt &#8220;Bar\u00e1tok&#8221; c\u00edm\u0171 festm\u00e9nye annak ellen\u00e9re, hogy kev\u00e9sb\u00e9 ismert, m\u00e9g mindig a szecesszi\u00f3s mozgalom remekm\u0171ve, \u00e9s a n\u0151i bar\u00e1ts\u00e1gok sz\u00e9ps\u00e9g\u00e9t \u00e9s kapcsolat\u00e1t k\u00e9pviseli. A festm\u00e9ny a n\u0151i bar\u00e1ts\u00e1gok sz\u00e9ps\u00e9g\u00e9t \u00e9s kapcsolat\u00e1t, valamint a vil\u00e1gegyetem harm\u00f3ni\u00e1j\u00e1t \u00e9s rendj\u00e9t \u00e1br\u00e1zolja. A festm\u00e9ny nagyszer\u0171 kieg\u00e9sz\u00edt\u0151je b\u00e1rmely m\u0171v\u00e9szeti gy\u0171jtem\u00e9nynek, \u00e9s egyed\u00fcl\u00e1ll\u00f3 \u00e9s gy\u00f6ny\u00f6r\u0171 \u00e1br\u00e1zol\u00e1sa a n\u0151k k\u00f6z\u00f6tti k\u00f6tel\u00e9knek.<\/p>\n<p>R\u00f6viden, Gustav Klimt &#8220;Bar\u00e1tok&#8221; c\u00edm\u0171 festm\u00e9nye kev\u00e9sb\u00e9 ismert, de m\u00e9g mindig a szecesszi\u00f3s mozgalom remeke. A n\u0151i bar\u00e1ts\u00e1gok sz\u00e9ps\u00e9g\u00e9t \u00e9s kapcsolat\u00e1t, valamint az univerzum harm\u00f3ni\u00e1j\u00e1t \u00e9s rendj\u00e9t k\u00e9pviseli. A festm\u00e9ny a sz\u00e9ps\u00e9g, a b\u00e9ke \u00e9s a kapcsol\u00f3d\u00e1s \u00e9rz\u00e9s\u00e9t id\u00e9zi, \u00edgy remek kieg\u00e9sz\u00edt\u0151je lehet minden olyan t\u00e9rnek, ahol sz\u00fcks\u00e9g van a sz\u00e9ps\u00e9gre \u00e9s a bar\u00e1ts\u00e1gra. A festm\u00e9ny egyed\u00fcl\u00e1ll\u00f3 \u00e9s gy\u00f6ny\u00f6r\u0171 \u00e1br\u00e1zol\u00e1sa a n\u0151k k\u00f6z\u00f6tti k\u00f6tel\u00e9knek, \u00e9s nagyszer\u0171 m\u00f3dja annak, hogy meg\u00fcnnepelj\u00fck \u00e9s tisztelj\u00fck \u00e9let\u00fcnk bar\u00e1ts\u00e1gait.<\/p>\n<p>&nbsp;<\/p>\n","protected":false},"excerpt":{"rendered":"<p>Gustav Klimt \u2013 Bar\u00e1tn\u0151k &nbsp; L\u00e9trehoz\u00e1s \u00e9ve: 1916-1917 Eredeti m\u00e9ret: 99 cm x 99 cm Fest\u00e9si st\u00edlus: Szecesszi\u00f3 Eredeti technika: Olaj, v\u00e1szon Helysz\u00edn: Az eredeti 1945-ben megsemmis\u00fclt Olaj, v\u00e1szon k\u00e9t n\u0151t \u00e1br\u00e1zol, az egyik piros ruh\u00e1ban, a m\u00e1sik meztelen\u00fcl. Klimt szerette a jap\u00e1n m\u0171v\u00e9szetet, amelyben az erotikus fesz\u00fclts\u00e9g a l\u00e1that\u00f3 [&hellip;]<\/p>\n","protected":false},"featured_media":49616,"template":"","meta":{"_acf_changed":false},"product_brand":[],"product_cat":[7143],"product_tag":[7170,7174,11885,11886,11887],"class_list":{"0":"post-55808","1":"product","2":"type-product","3":"status-publish","4":"has-post-thumbnail","6":"product_cat-gustav-klimt-hu","7":"product_tag-gustav-klimt-hu","8":"product_tag-klimt-hu","9":"product_tag-painter-hu","10":"product_tag-reproduction","11":"product_tag-reproductions-hu","12":"pa_dimenzija-120-x-120-cm-hu","13":"pa_dimenzija-150-x-150-cm-hu","14":"pa_dimenzija-50-x-50-cm-hu","15":"pa_dimenzija-60-x-60-cm-hu","16":"pa_dimenzija-70-x-70-cm-hu","17":"pa_dimenzija-80-x-80-cm-hu","18":"pa_dimenzija-90-x-90-cm-hu","19":"pa_dimenzija-99-x-99-cm-hu","20":"pa_oblika-negyzet","21":"pa_okvir-nincs-keret","22":"pa_podokvir-igen","23":"pa_podokvir-nem","25":"first","26":"onbackorder","27":"purchasable","28":"product-type-variable","29":"has-default-attributes"},"acf":[],"yoast_head":"<!-- This site is optimized with the Yoast SEO Premium plugin v26.0 (Yoast SEO v27.2) - https:\/\/yoast.com\/product\/yoast-seo-premium-wordpress\/ -->\n<title>Gustav Klimt - Girlfriends - SVETSLIK.SI - 100% k\u00e9zzel festett<\/title>\n<meta name=\"description\" content=\"Gustav Klimt - Girlfriends - 100% k\u00e9zzel festett h\u00edres festm\u00e9nyek reprodukci\u00f3i. Festm\u00e9nyek keretez\u00e9se, elad\u00e1sa \u00e9s egyedi rendel\u00e9sre t\u00f6rt\u00e9n\u0151 v\u00e1szonk\u00e9pek k\u00e9sz\u00edt\u00e9se.\" \/>\n<meta name=\"robots\" content=\"index, follow, max-snippet:-1, max-image-preview:large, max-video-preview:-1\" \/>\n<link rel=\"canonical\" href=\"https:\/\/svetslik.si\/hu\/gustav-klimt-hu\/girlfriends\/\" \/>\n<meta property=\"og:locale\" content=\"hu_HU\" \/>\n<meta property=\"og:type\" content=\"article\" \/>\n<meta property=\"og:title\" content=\"Gustav Klimt - Girlfriends\" \/>\n<meta property=\"og:description\" content=\"100% ro\u010dno naslikane slike na platnu, reprodukcije znanih slikarjev in umetni\u0161ke slike po naro\u010dilu.\" \/>\n<meta property=\"og:url\" content=\"https:\/\/svetslik.si\/hu\/gustav-klimt-hu\/girlfriends\/\" \/>\n<meta property=\"og:site_name\" content=\"SVETSLIK.SI\" \/>\n<meta property=\"article:publisher\" content=\"https:\/\/www.facebook.com\/svetslik.si\" \/>\n<meta property=\"article:modified_time\" content=\"2026-03-22T21:20:58+00:00\" \/>\n<meta property=\"og:image\" content=\"https:\/\/svetslik.si\/wp-content\/uploads\/2021\/08\/image_Girlfriends-Gustav-Klimt_680.jpg\" \/>\n\t<meta property=\"og:image:width\" content=\"2024\" \/>\n\t<meta property=\"og:image:height\" content=\"2049\" \/>\n\t<meta property=\"og:image:type\" content=\"image\/jpeg\" \/>\n<meta name=\"twitter:card\" content=\"summary_large_image\" \/>\n<meta name=\"twitter:site\" content=\"@svetslik\" \/>\n<meta name=\"twitter:label1\" content=\"El\u00e9rhet\u0151s\u00e9g\" \/>\n\t<meta name=\"twitter:data1\" content=\"Beszerz\u00e9s alatt\" \/>\n<script type=\"application\/ld+json\" class=\"yoast-schema-graph\">{\"@context\":\"https:\/\/schema.org\",\"@graph\":[{\"@type\":[\"WebPage\",\"ItemPage\"],\"@id\":\"https:\/\/svetslik.si\/hu\/gustav-klimt-hu\/girlfriends\/\",\"url\":\"https:\/\/svetslik.si\/hu\/gustav-klimt-hu\/girlfriends\/\",\"name\":\"Gustav Klimt - Girlfriends - SVETSLIK.SI - 100% k\u00e9zzel festett\",\"isPartOf\":{\"@id\":\"https:\/\/svetslik.si\/hu\/#website\"},\"primaryImageOfPage\":{\"@id\":\"https:\/\/svetslik.si\/hu\/gustav-klimt-hu\/girlfriends\/#primaryimage\"},\"image\":{\"@id\":\"https:\/\/svetslik.si\/hu\/gustav-klimt-hu\/girlfriends\/#primaryimage\"},\"thumbnailUrl\":\"https:\/\/svetslik.si\/wp-content\/uploads\/2021\/08\/image_Girlfriends-Gustav-Klimt_680.jpg\",\"datePublished\":\"2021-09-02T16:23:39+00:00\",\"dateModified\":\"2026-03-22T21:20:58+00:00\",\"description\":\"Gustav Klimt - Girlfriends - 100% k\u00e9zzel festett h\u00edres festm\u00e9nyek reprodukci\u00f3i. Festm\u00e9nyek keretez\u00e9se, elad\u00e1sa \u00e9s egyedi rendel\u00e9sre t\u00f6rt\u00e9n\u0151 v\u00e1szonk\u00e9pek k\u00e9sz\u00edt\u00e9se.\",\"breadcrumb\":{\"@id\":\"https:\/\/svetslik.si\/hu\/gustav-klimt-hu\/girlfriends\/#breadcrumb\"},\"inLanguage\":\"hu\",\"potentialAction\":[{\"@type\":\"ReadAction\",\"target\":[\"https:\/\/svetslik.si\/hu\/gustav-klimt-hu\/girlfriends\/\"]}]},{\"@type\":\"ImageObject\",\"inLanguage\":\"hu\",\"@id\":\"https:\/\/svetslik.si\/hu\/gustav-klimt-hu\/girlfriends\/#primaryimage\",\"url\":\"https:\/\/svetslik.si\/wp-content\/uploads\/2021\/08\/image_Girlfriends-Gustav-Klimt_680.jpg\",\"contentUrl\":\"https:\/\/svetslik.si\/wp-content\/uploads\/2021\/08\/image_Girlfriends-Gustav-Klimt_680.jpg\",\"width\":2024,\"height\":2049,\"caption\":\"Gustav Klimt - Girlfriends - Bar\u00e1tn\u0151k - REPRODUKCI\u00d3I - V\u00e1szonk\u00e9p - Festm\u00e9nyek reprodukci\u00f3i - Absztrakt Festm\u00e9ny - Modern Festm\u00e9ny - Realisztikus Festm\u00e9ny - Olajfestm\u00e9ny - Falik\u00e9p\"},{\"@type\":\"BreadcrumbList\",\"@id\":\"https:\/\/svetslik.si\/hu\/gustav-klimt-hu\/girlfriends\/#breadcrumb\",\"itemListElement\":[{\"@type\":\"ListItem\",\"position\":1,\"name\":\"Wall art and paintings on canvas\",\"item\":\"https:\/\/svetslik.si\/hu\/\"},{\"@type\":\"ListItem\",\"position\":2,\"name\":\"Festm\u00e9nyek elad\u00e1sa\",\"item\":\"https:\/\/svetslik.si\/prodaja-slik\/\"},{\"@type\":\"ListItem\",\"position\":3,\"name\":\"Gustav Klimt &#8211; Girlfriends\"}]},{\"@type\":\"WebSite\",\"@id\":\"https:\/\/svetslik.si\/hu\/#website\",\"url\":\"https:\/\/svetslik.si\/hu\/\",\"name\":\"SVETSLIK.SI\",\"description\":\"100%-ban k\u00e9zzel festett reprodukci\u00f3k h\u00edres fest\u0151k festm\u00e9nyeir\u0151l \u00e9s festm\u00e9nyekr\u0151l v\u00e1szonra.\",\"publisher\":{\"@id\":\"https:\/\/svetslik.si\/hu\/#organization\"},\"potentialAction\":[{\"@type\":\"SearchAction\",\"target\":{\"@type\":\"EntryPoint\",\"urlTemplate\":\"https:\/\/svetslik.si\/hu\/?s={search_term_string}\"},\"query-input\":{\"@type\":\"PropertyValueSpecification\",\"valueRequired\":true,\"valueName\":\"search_term_string\"}}],\"inLanguage\":\"hu\"},{\"@type\":\"Organization\",\"@id\":\"https:\/\/svetslik.si\/hu\/#organization\",\"name\":\"SvetSlik.si\",\"url\":\"https:\/\/svetslik.si\/hu\/\",\"logo\":{\"@type\":\"ImageObject\",\"inLanguage\":\"hu\",\"@id\":\"https:\/\/svetslik.si\/hu\/#\/schema\/logo\/image\/\",\"url\":\"https:\/\/svetslik.si\/wp-content\/uploads\/2020\/12\/logo-512.png\",\"contentUrl\":\"https:\/\/svetslik.si\/wp-content\/uploads\/2020\/12\/logo-512.png\",\"width\":512,\"height\":512,\"caption\":\"SvetSlik.si\"},\"image\":{\"@id\":\"https:\/\/svetslik.si\/hu\/#\/schema\/logo\/image\/\"},\"sameAs\":[\"https:\/\/www.facebook.com\/svetslik.si\",\"https:\/\/x.com\/svetslik\",\"https:\/\/www.instagram.com\/svetslik.si\/\",\"https:\/\/www.linkedin.com\/company\/svetslik-si\"]}]}<\/script>\n<meta property=\"og:availability\" content=\"backorder\" \/>\n<meta property=\"product:availability\" content=\"available for order\" \/>\n<meta property=\"product:retailer_item_id\" content=\"557__\" \/>\n<meta property=\"product:condition\" content=\"new\" \/>\n<!-- \/ Yoast SEO Premium plugin. -->","yoast_head_json":{"title":"Gustav Klimt - Girlfriends - SVETSLIK.SI - 100% k\u00e9zzel festett","description":"Gustav Klimt - Girlfriends - 100% k\u00e9zzel festett h\u00edres festm\u00e9nyek reprodukci\u00f3i. Festm\u00e9nyek keretez\u00e9se, elad\u00e1sa \u00e9s egyedi rendel\u00e9sre t\u00f6rt\u00e9n\u0151 v\u00e1szonk\u00e9pek k\u00e9sz\u00edt\u00e9se.","robots":{"index":"index","follow":"follow","max-snippet":"max-snippet:-1","max-image-preview":"max-image-preview:large","max-video-preview":"max-video-preview:-1"},"canonical":"https:\/\/svetslik.si\/hu\/gustav-klimt-hu\/girlfriends\/","og_locale":"hu_HU","og_type":"article","og_title":"Gustav Klimt - Girlfriends","og_description":"100% ro\u010dno naslikane slike na platnu, reprodukcije znanih slikarjev in umetni\u0161ke slike po naro\u010dilu.","og_url":"https:\/\/svetslik.si\/hu\/gustav-klimt-hu\/girlfriends\/","og_site_name":"SVETSLIK.SI","article_publisher":"https:\/\/www.facebook.com\/svetslik.si","article_modified_time":"2026-03-22T21:20:58+00:00","og_image":[{"width":2024,"height":2049,"url":"https:\/\/svetslik.si\/wp-content\/uploads\/2021\/08\/image_Girlfriends-Gustav-Klimt_680.jpg","type":"image\/jpeg"}],"twitter_card":"summary_large_image","twitter_site":"@svetslik","twitter_misc":{"El\u00e9rhet\u0151s\u00e9g":"Beszerz\u00e9s alatt"},"schema":{"@context":"https:\/\/schema.org","@graph":[{"@type":["WebPage","ItemPage"],"@id":"https:\/\/svetslik.si\/hu\/gustav-klimt-hu\/girlfriends\/","url":"https:\/\/svetslik.si\/hu\/gustav-klimt-hu\/girlfriends\/","name":"Gustav Klimt - Girlfriends - SVETSLIK.SI - 100% k\u00e9zzel festett","isPartOf":{"@id":"https:\/\/svetslik.si\/hu\/#website"},"primaryImageOfPage":{"@id":"https:\/\/svetslik.si\/hu\/gustav-klimt-hu\/girlfriends\/#primaryimage"},"image":{"@id":"https:\/\/svetslik.si\/hu\/gustav-klimt-hu\/girlfriends\/#primaryimage"},"thumbnailUrl":"https:\/\/svetslik.si\/wp-content\/uploads\/2021\/08\/image_Girlfriends-Gustav-Klimt_680.jpg","datePublished":"2021-09-02T16:23:39+00:00","dateModified":"2026-03-22T21:20:58+00:00","description":"Gustav Klimt - Girlfriends - 100% k\u00e9zzel festett h\u00edres festm\u00e9nyek reprodukci\u00f3i. Festm\u00e9nyek keretez\u00e9se, elad\u00e1sa \u00e9s egyedi rendel\u00e9sre t\u00f6rt\u00e9n\u0151 v\u00e1szonk\u00e9pek k\u00e9sz\u00edt\u00e9se.","breadcrumb":{"@id":"https:\/\/svetslik.si\/hu\/gustav-klimt-hu\/girlfriends\/#breadcrumb"},"inLanguage":"hu","potentialAction":[{"@type":"ReadAction","target":["https:\/\/svetslik.si\/hu\/gustav-klimt-hu\/girlfriends\/"]}]},{"@type":"ImageObject","inLanguage":"hu","@id":"https:\/\/svetslik.si\/hu\/gustav-klimt-hu\/girlfriends\/#primaryimage","url":"https:\/\/svetslik.si\/wp-content\/uploads\/2021\/08\/image_Girlfriends-Gustav-Klimt_680.jpg","contentUrl":"https:\/\/svetslik.si\/wp-content\/uploads\/2021\/08\/image_Girlfriends-Gustav-Klimt_680.jpg","width":2024,"height":2049,"caption":"Gustav Klimt - Girlfriends - Bar\u00e1tn\u0151k - REPRODUKCI\u00d3I - V\u00e1szonk\u00e9p - Festm\u00e9nyek reprodukci\u00f3i - Absztrakt Festm\u00e9ny - Modern Festm\u00e9ny - Realisztikus Festm\u00e9ny - Olajfestm\u00e9ny - Falik\u00e9p"},{"@type":"BreadcrumbList","@id":"https:\/\/svetslik.si\/hu\/gustav-klimt-hu\/girlfriends\/#breadcrumb","itemListElement":[{"@type":"ListItem","position":1,"name":"Wall art and paintings on canvas","item":"https:\/\/svetslik.si\/hu\/"},{"@type":"ListItem","position":2,"name":"Festm\u00e9nyek elad\u00e1sa","item":"https:\/\/svetslik.si\/prodaja-slik\/"},{"@type":"ListItem","position":3,"name":"Gustav Klimt &#8211; Girlfriends"}]},{"@type":"WebSite","@id":"https:\/\/svetslik.si\/hu\/#website","url":"https:\/\/svetslik.si\/hu\/","name":"SVETSLIK.SI","description":"100%-ban k\u00e9zzel festett reprodukci\u00f3k h\u00edres fest\u0151k festm\u00e9nyeir\u0151l \u00e9s festm\u00e9nyekr\u0151l v\u00e1szonra.","publisher":{"@id":"https:\/\/svetslik.si\/hu\/#organization"},"potentialAction":[{"@type":"SearchAction","target":{"@type":"EntryPoint","urlTemplate":"https:\/\/svetslik.si\/hu\/?s={search_term_string}"},"query-input":{"@type":"PropertyValueSpecification","valueRequired":true,"valueName":"search_term_string"}}],"inLanguage":"hu"},{"@type":"Organization","@id":"https:\/\/svetslik.si\/hu\/#organization","name":"SvetSlik.si","url":"https:\/\/svetslik.si\/hu\/","logo":{"@type":"ImageObject","inLanguage":"hu","@id":"https:\/\/svetslik.si\/hu\/#\/schema\/logo\/image\/","url":"https:\/\/svetslik.si\/wp-content\/uploads\/2020\/12\/logo-512.png","contentUrl":"https:\/\/svetslik.si\/wp-content\/uploads\/2020\/12\/logo-512.png","width":512,"height":512,"caption":"SvetSlik.si"},"image":{"@id":"https:\/\/svetslik.si\/hu\/#\/schema\/logo\/image\/"},"sameAs":["https:\/\/www.facebook.com\/svetslik.si","https:\/\/x.com\/svetslik","https:\/\/www.instagram.com\/svetslik.si\/","https:\/\/www.linkedin.com\/company\/svetslik-si"]}]},"og_availability":"backorder","product_availability":"available for order","product_retailer_item_id":"557__","product_condition":"new"},"jetpack_sharing_enabled":true,"_links":{"self":[{"href":"https:\/\/svetslik.si\/hu\/wp-json\/wp\/v2\/product\/55808","targetHints":{"allow":["GET"]}}],"collection":[{"href":"https:\/\/svetslik.si\/hu\/wp-json\/wp\/v2\/product"}],"about":[{"href":"https:\/\/svetslik.si\/hu\/wp-json\/wp\/v2\/types\/product"}],"wp:featuredmedia":[{"embeddable":true,"href":"https:\/\/svetslik.si\/hu\/wp-json\/wp\/v2\/media\/49616"}],"wp:attachment":[{"href":"https:\/\/svetslik.si\/hu\/wp-json\/wp\/v2\/media?parent=55808"}],"wp:term":[{"taxonomy":"product_brand","embeddable":true,"href":"https:\/\/svetslik.si\/hu\/wp-json\/wp\/v2\/product_brand?post=55808"},{"taxonomy":"product_cat","embeddable":true,"href":"https:\/\/svetslik.si\/hu\/wp-json\/wp\/v2\/product_cat?post=55808"},{"taxonomy":"product_tag","embeddable":true,"href":"https:\/\/svetslik.si\/hu\/wp-json\/wp\/v2\/product_tag?post=55808"}],"curies":[{"name":"wp","href":"https:\/\/api.w.org\/{rel}","templated":true}]}}