{"id":55817,"date":"2021-09-02T18:23:39","date_gmt":"2021-09-02T16:23:39","guid":{"rendered":"https:\/\/svetslik.si\/nem-kategorizalt\/goldfish\/"},"modified":"2026-03-22T22:38:23","modified_gmt":"2026-03-22T21:38:23","slug":"goldfish","status":"publish","type":"product","link":"https:\/\/svetslik.si\/hu\/gustav-klimt-hu\/goldfish\/","title":{"rendered":"Gustav Klimt &#8211; Goldfish"},"content":{"rendered":"<div class=\"wpb-content-wrapper\">[vc_row][vc_column][vc_column_text]\n<h1>Gustav Klimt \u2013 Aranyhal<\/h1>\n<p>&nbsp;<\/p>\n<table style=\"width: 593px\" border=\"0\" width=\"593\" cellpadding=\"0\">\n<tbody>\n<tr>\n<td style=\"width: 155px;height: 21px\" height=\"21\">L\u00e9trehoz\u00e1s \u00e9ve:<\/td>\n<td style=\"width: 439px\">1901 &#8211; 1902<\/td>\n<\/tr>\n<tr>\n<td style=\"width: 155px;height: 21px\" height=\"21\">Eredeti m\u00e9ret:<\/td>\n<td style=\"width: 439px\">66,5 cm x 181 cm<\/td>\n<\/tr>\n<tr>\n<td style=\"width: 155px;height: 21px\" height=\"21\">Fest\u00e9si st\u00edlus:<\/td>\n<td style=\"width: 439px\">Elszakad\u00e1s<\/td>\n<\/tr>\n<tr>\n<td style=\"width: 155px;height: 21px\" height=\"21\">Eredeti technika:<\/td>\n<td style=\"width: 439px\">Olaj, v\u00e1szon<\/td>\n<\/tr>\n<tr>\n<td style=\"width: 155px;height: 21px\" height=\"21\">Helysz\u00edn:<\/td>\n<td style=\"width: 439px\">Dubi-Muller Alap\u00edtv\u00e1ny, Kunstmuseum, Solothurn, Sv\u00e1jc<\/td>\n<\/tr>\n<\/tbody>\n<colgroup>\n<col \/> <\/colgroup>\n<\/table>\n<p>V\u00edzfigur\u00e1k olajon, v\u00e1szonon <em>Aranyhal<\/em> az \u00e9rz\u00e9kis\u00e9g \u00e9s az asszoci\u00e1ci\u00f3k vil\u00e1g\u00e1ba invit\u00e1lj\u00e1k a n\u00e9z\u0151t, amely hasonl\u00edt Freud szimb\u00f3lumvil\u00e1g\u00e1hoz. A V\u00edzk\u00edgy\u00f3k c\u00edm\u0171 festm\u00e9nysorozathoz hasonl\u00f3an Klimt ism\u00e9t a v\u00edz birodalm\u00e1ba mer\u00e9szkedett, ahol a s\u00f6t\u00e9t \u00e9s vil\u00e1gos alg\u00e1k \u00f6sszefon\u00f3dnak a dag\u00e1ly hull\u00e1mait k\u00f6vet\u0151 n\u0151i v\u00e9gtagokkal.<\/p>\n<p>Ez az olaj, v\u00e1szon Klimt v\u00e1lasza a B\u00e9csi Egyetem sz\u00e1m\u00e1ra k\u00e9sz\u00edtett festm\u00e9nyeit \u00e9rt kem\u00e9ny kritik\u00e1ra.<\/p>\n<p>Gustav Klimt &#8220;Aranyhal&#8221; c\u00edm\u0171 k\u00e9pe a szecesszi\u00f3s mozgalom remekm\u0171ve, \u00e9s az osztr\u00e1k fest\u0151 egyik legh\u00edresebb \u00e9s legismertebb alkot\u00e1sa. A festm\u00e9ny a v\u00edzi \u00e9l\u0151vil\u00e1g sz\u00e9ps\u00e9g\u00e9t \u00e9s mozg\u00e1s\u00e1t, valamint a vil\u00e1gegyetem harm\u00f3ni\u00e1j\u00e1t \u00e1br\u00e1zolja.<\/p>\n<p>Az &#8220;Aranyhal&#8221; egy k\u00f6r\u00fclbel\u00fcl 100 cm x 100 cm m\u00e9ret\u0171 olajfestm\u00e9ny v\u00e1szonra. A festm\u00e9ny k\u00f6zep\u00e9n egy t\u00e1l aranyhalat \u00e1br\u00e1zol, amelyet k\u00fcl\u00f6nf\u00e9le v\u00edzin\u00f6v\u00e9nyek vesznek k\u00f6r\u00fcl, \u00e9s egy bonyolult geometriai mint\u00e1zat\u00fa h\u00e1tt\u00e9r. A festm\u00e9nyt mer\u00e9sz sz\u00ednhaszn\u00e1lat, egyedi mozg\u00e1s- \u00e9s \u00e9rzelem\u00e9rz\u00e9k jellemzi. Az aranyhalakat narancss\u00e1rga \u00e9s s\u00e1rga, a n\u00f6v\u00e9nyeket z\u00f6ld, a h\u00e1tteret pedig k\u00e9k \u00e9s arany \u00e1rnyalataival festett\u00e9k, \u00edgy a k\u00e9p m\u00e9lys\u00e9g\u00e9t \u00e9s mozg\u00e1s\u00e1t kelti.<\/p>\n<p>Az aranyhal mindig is a boldogs\u00e1g \u00e9s a j\u00f3l\u00e9t szimb\u00f3luma volt, \u00e9s Klimt festm\u00e9nye sem kiv\u00e9tel. A festm\u00e9ny a v\u00edzi \u00e9let sz\u00e9ps\u00e9g\u00e9t \u00e9s mozg\u00e1s\u00e1t, valamint a vil\u00e1gegyetem harm\u00f3ni\u00e1j\u00e1t \u00e1br\u00e1zolja. Az aranyhalat k\u00fcl\u00f6nf\u00e9le v\u00edzi n\u00f6v\u00e9nyek veszik k\u00f6r\u00fcl, amelyek minden \u00e9l\u0151l\u00e9ny \u00f6sszekapcsol\u00f3d\u00e1s\u00e1t \u00e9s a term\u00e9szet egyens\u00faly\u00e1t k\u00e9pviselik. A geometriai h\u00e1tt\u00e9r a harm\u00f3ni\u00e1t \u00e9s a rendet k\u00e9pviseli az univerzumban. A festm\u00e9ny a sz\u00e9ps\u00e9g, a b\u00e9ke \u00e9s a j\u00f3l\u00e9t \u00e9rz\u00e9s\u00e9t id\u00e9zi, amely Klimt m\u0171v\u00e9szet\u00e9re jellemz\u0151.<\/p>\n<p>Klimt &#8220;Aranyhal&#8221; c\u00edm\u0171 festm\u00e9nye a szecesszi\u00f3s mozgalom remekm\u0171ve, \u00e9s a m\u0171v\u00e9sz egyik legikonikusabb alkot\u00e1sak\u00e9nt tartj\u00e1k sz\u00e1mon. A v\u00edzi \u00e9l\u0151vil\u00e1g sz\u00e9ps\u00e9g\u00e9t \u00e9s mozg\u00e1s\u00e1t, az univerzum harm\u00f3ni\u00e1j\u00e1t \u00e9s a term\u00e9szet egyens\u00faly\u00e1t k\u00e9pviseli. A festm\u00e9nyt a m\u0171v\u00e9szet szerelmeseinek l\u00e1tnia kell, \u00e9s remek kieg\u00e9sz\u00edt\u0151je b\u00e1rmely m\u0171v\u00e9szeti gy\u0171jtem\u00e9nynek.<\/p>\n<p>R\u00f6viden: Gustav Klimt &#8220;Aranyhal&#8221; c\u00edm\u0171 k\u00e9pe a szecesszi\u00f3s mozgalom remekm\u0171ve, \u00e9s az osztr\u00e1k fest\u0151 egyik legh\u00edresebb \u00e9s legismertebb alkot\u00e1sa. A v\u00edzi \u00e9l\u0151vil\u00e1g sz\u00e9ps\u00e9g\u00e9t \u00e9s mozg\u00e1s\u00e1t, az univerzum harm\u00f3ni\u00e1j\u00e1t \u00e9s a term\u00e9szet egyens\u00faly\u00e1t k\u00e9pviseli. A festm\u00e9ny k\u00f6telez\u0151 a m\u0171v\u00e9szet szerelmeseinek, \u00e9s nagyszer\u0171 kieg\u00e9sz\u00edt\u0151je b\u00e1rmely m\u0171v\u00e9szeti gy\u0171jtem\u00e9nynek. Ezzel egy csipetnyi sz\u00e9ps\u00e9get, nyugalmat \u00e9s j\u00f3 k\u00f6z\u00e9rzetet var\u00e1zsolhat b\u00e1rmely helyis\u00e9gbe. A festm\u00e9ny egyed\u00fcl\u00e1ll\u00f3 abban a k\u00e9pess\u00e9g\u00e9ben, hogy a sz\u00e9ps\u00e9g, a nyugalom \u00e9s a j\u00f3 k\u00f6z\u00e9rzet \u00e9rz\u00e9s\u00e9t keltheti, \u00edgy remek kieg\u00e9sz\u00edt\u0151je lehet minden olyan t\u00e9rnek, ahol sz\u00fcks\u00e9g van a term\u00e9szetre \u00e9s a boldogs\u00e1gra.[\/vc_column_text][\/vc_column][\/vc_row]<\/ p><\/p>\n<\/div>","protected":false},"excerpt":{"rendered":"<p>[vc_row][vc_column][vc_column_text] Gustav Klimt \u2013 Aranyhal &nbsp; L\u00e9trehoz\u00e1s \u00e9ve: 1901 &#8211; 1902 Eredeti m\u00e9ret: 66,5 cm x 181 cm Fest\u00e9si st\u00edlus: Elszakad\u00e1s Eredeti technika: Olaj, v\u00e1szon Helysz\u00edn: Dubi-Muller Alap\u00edtv\u00e1ny, Kunstmuseum, Solothurn, Sv\u00e1jc V\u00edzfigur\u00e1k olajon, v\u00e1szonon Aranyhal az \u00e9rz\u00e9kis\u00e9g \u00e9s az asszoci\u00e1ci\u00f3k vil\u00e1g\u00e1ba invit\u00e1lj\u00e1k a n\u00e9z\u0151t, amely hasonl\u00edt Freud szimb\u00f3lumvil\u00e1g\u00e1hoz. A V\u00edzk\u00edgy\u00f3k [&hellip;]<\/p>\n","protected":false},"featured_media":49622,"template":"","meta":{"_acf_changed":false},"product_brand":[],"product_cat":[7143],"product_tag":[7170,7174,11885,11886,11887],"class_list":{"0":"post-55817","1":"product","2":"type-product","3":"status-publish","4":"has-post-thumbnail","6":"product_cat-gustav-klimt-hu","7":"product_tag-gustav-klimt-hu","8":"product_tag-klimt-hu","9":"product_tag-painter-hu","10":"product_tag-reproduction","11":"product_tag-reproductions-hu","12":"pa_dimenzija-100-x-270-cm","13":"pa_dimenzija-30-x-80-cm","14":"pa_dimenzija-40-x-110-cm","15":"pa_dimenzija-50-x-140-cm","16":"pa_dimenzija-60-x-165-cm","17":"pa_dimenzija-66-x-181-cm","18":"pa_dimenzija-80-x-220-cm","19":"pa_dimenzija-90-x-250-cm","20":"pa_oblika-fuggoleges","21":"pa_okvir-nincs-keret","22":"pa_podokvir-igen","23":"pa_podokvir-nem","25":"first","26":"onbackorder","27":"purchasable","28":"product-type-variable","29":"has-default-attributes"},"acf":[],"yoast_head":"<!-- This site is optimized with the Yoast SEO Premium plugin v26.0 (Yoast SEO v27.2) - https:\/\/yoast.com\/product\/yoast-seo-premium-wordpress\/ -->\n<title>Gustav Klimt - Goldfish - SVETSLIK.SI - 100% k\u00e9zzel festett<\/title>\n<meta name=\"description\" content=\"Gustav Klimt - Goldfish - 100% k\u00e9zzel festett h\u00edres festm\u00e9nyek reprodukci\u00f3i. Festm\u00e9nyek keretez\u00e9se, elad\u00e1sa \u00e9s egyedi rendel\u00e9sre t\u00f6rt\u00e9n\u0151 v\u00e1szonk\u00e9pek k\u00e9sz\u00edt\u00e9se.\" \/>\n<meta name=\"robots\" content=\"index, follow, max-snippet:-1, max-image-preview:large, max-video-preview:-1\" \/>\n<link rel=\"canonical\" href=\"https:\/\/svetslik.si\/hu\/gustav-klimt-hu\/goldfish\/\" \/>\n<meta property=\"og:locale\" content=\"hu_HU\" \/>\n<meta property=\"og:type\" content=\"article\" \/>\n<meta property=\"og:title\" content=\"Gustav Klimt - Goldfish\" \/>\n<meta property=\"og:description\" content=\"100% ro\u010dno naslikane slike na platnu, reprodukcije znanih slikarjev in umetni\u0161ke slike po naro\u010dilu.\" \/>\n<meta property=\"og:url\" content=\"https:\/\/svetslik.si\/hu\/gustav-klimt-hu\/goldfish\/\" \/>\n<meta property=\"og:site_name\" content=\"SVETSLIK.SI\" \/>\n<meta property=\"article:publisher\" content=\"https:\/\/www.facebook.com\/svetslik.si\" \/>\n<meta property=\"article:modified_time\" content=\"2026-03-22T21:38:23+00:00\" \/>\n<meta property=\"og:image\" content=\"https:\/\/svetslik.si\/wp-content\/uploads\/2021\/08\/image_Goldfish_680-scaled.jpg\" \/>\n\t<meta property=\"og:image:width\" content=\"937\" \/>\n\t<meta property=\"og:image:height\" content=\"2560\" \/>\n\t<meta property=\"og:image:type\" content=\"image\/jpeg\" \/>\n<meta name=\"twitter:card\" content=\"summary_large_image\" \/>\n<meta name=\"twitter:site\" content=\"@svetslik\" \/>\n<meta name=\"twitter:label1\" content=\"El\u00e9rhet\u0151s\u00e9g\" \/>\n\t<meta name=\"twitter:data1\" content=\"Beszerz\u00e9s alatt\" \/>\n<script type=\"application\/ld+json\" class=\"yoast-schema-graph\">{\"@context\":\"https:\/\/schema.org\",\"@graph\":[{\"@type\":[\"WebPage\",\"ItemPage\"],\"@id\":\"https:\/\/svetslik.si\/hu\/gustav-klimt-hu\/goldfish\/\",\"url\":\"https:\/\/svetslik.si\/hu\/gustav-klimt-hu\/goldfish\/\",\"name\":\"Gustav Klimt - Goldfish - SVETSLIK.SI - 100% k\u00e9zzel festett\",\"isPartOf\":{\"@id\":\"https:\/\/svetslik.si\/hu\/#website\"},\"primaryImageOfPage\":{\"@id\":\"https:\/\/svetslik.si\/hu\/gustav-klimt-hu\/goldfish\/#primaryimage\"},\"image\":{\"@id\":\"https:\/\/svetslik.si\/hu\/gustav-klimt-hu\/goldfish\/#primaryimage\"},\"thumbnailUrl\":\"https:\/\/svetslik.si\/wp-content\/uploads\/2021\/08\/image_Goldfish_680-scaled.jpg\",\"datePublished\":\"2021-09-02T16:23:39+00:00\",\"dateModified\":\"2026-03-22T21:38:23+00:00\",\"description\":\"Gustav Klimt - Goldfish - 100% k\u00e9zzel festett h\u00edres festm\u00e9nyek reprodukci\u00f3i. Festm\u00e9nyek keretez\u00e9se, elad\u00e1sa \u00e9s egyedi rendel\u00e9sre t\u00f6rt\u00e9n\u0151 v\u00e1szonk\u00e9pek k\u00e9sz\u00edt\u00e9se.\",\"breadcrumb\":{\"@id\":\"https:\/\/svetslik.si\/hu\/gustav-klimt-hu\/goldfish\/#breadcrumb\"},\"inLanguage\":\"hu\",\"potentialAction\":[{\"@type\":\"ReadAction\",\"target\":[\"https:\/\/svetslik.si\/hu\/gustav-klimt-hu\/goldfish\/\"]}]},{\"@type\":\"ImageObject\",\"inLanguage\":\"hu\",\"@id\":\"https:\/\/svetslik.si\/hu\/gustav-klimt-hu\/goldfish\/#primaryimage\",\"url\":\"https:\/\/svetslik.si\/wp-content\/uploads\/2021\/08\/image_Goldfish_680-scaled.jpg\",\"contentUrl\":\"https:\/\/svetslik.si\/wp-content\/uploads\/2021\/08\/image_Goldfish_680-scaled.jpg\",\"width\":937,\"height\":2560,\"caption\":\"Gustav Klimt - Goldfish - Aranyhal - REPRODUKCI\u00d3I - V\u00e1szonk\u00e9p - Festm\u00e9nyek reprodukci\u00f3i - Absztrakt Festm\u00e9ny - Modern Festm\u00e9ny - Realisztikus Festm\u00e9ny - Olajfestm\u00e9ny - Falik\u00e9p\"},{\"@type\":\"BreadcrumbList\",\"@id\":\"https:\/\/svetslik.si\/hu\/gustav-klimt-hu\/goldfish\/#breadcrumb\",\"itemListElement\":[{\"@type\":\"ListItem\",\"position\":1,\"name\":\"Wall art and paintings on canvas\",\"item\":\"https:\/\/svetslik.si\/hu\/\"},{\"@type\":\"ListItem\",\"position\":2,\"name\":\"Festm\u00e9nyek elad\u00e1sa\",\"item\":\"https:\/\/svetslik.si\/prodaja-slik\/\"},{\"@type\":\"ListItem\",\"position\":3,\"name\":\"Gustav Klimt &#8211; Goldfish\"}]},{\"@type\":\"WebSite\",\"@id\":\"https:\/\/svetslik.si\/hu\/#website\",\"url\":\"https:\/\/svetslik.si\/hu\/\",\"name\":\"SVETSLIK.SI\",\"description\":\"100%-ban k\u00e9zzel festett reprodukci\u00f3k h\u00edres fest\u0151k festm\u00e9nyeir\u0151l \u00e9s festm\u00e9nyekr\u0151l v\u00e1szonra.\",\"publisher\":{\"@id\":\"https:\/\/svetslik.si\/hu\/#organization\"},\"potentialAction\":[{\"@type\":\"SearchAction\",\"target\":{\"@type\":\"EntryPoint\",\"urlTemplate\":\"https:\/\/svetslik.si\/hu\/?s={search_term_string}\"},\"query-input\":{\"@type\":\"PropertyValueSpecification\",\"valueRequired\":true,\"valueName\":\"search_term_string\"}}],\"inLanguage\":\"hu\"},{\"@type\":\"Organization\",\"@id\":\"https:\/\/svetslik.si\/hu\/#organization\",\"name\":\"SvetSlik.si\",\"url\":\"https:\/\/svetslik.si\/hu\/\",\"logo\":{\"@type\":\"ImageObject\",\"inLanguage\":\"hu\",\"@id\":\"https:\/\/svetslik.si\/hu\/#\/schema\/logo\/image\/\",\"url\":\"https:\/\/svetslik.si\/wp-content\/uploads\/2020\/12\/logo-512.png\",\"contentUrl\":\"https:\/\/svetslik.si\/wp-content\/uploads\/2020\/12\/logo-512.png\",\"width\":512,\"height\":512,\"caption\":\"SvetSlik.si\"},\"image\":{\"@id\":\"https:\/\/svetslik.si\/hu\/#\/schema\/logo\/image\/\"},\"sameAs\":[\"https:\/\/www.facebook.com\/svetslik.si\",\"https:\/\/x.com\/svetslik\",\"https:\/\/www.instagram.com\/svetslik.si\/\",\"https:\/\/www.linkedin.com\/company\/svetslik-si\"]}]}<\/script>\n<meta property=\"og:availability\" content=\"backorder\" \/>\n<meta property=\"product:availability\" content=\"available for order\" \/>\n<meta property=\"product:retailer_item_id\" content=\"558__\" \/>\n<meta property=\"product:condition\" content=\"new\" \/>\n<!-- \/ Yoast SEO Premium plugin. -->","yoast_head_json":{"title":"Gustav Klimt - Goldfish - SVETSLIK.SI - 100% k\u00e9zzel festett","description":"Gustav Klimt - Goldfish - 100% k\u00e9zzel festett h\u00edres festm\u00e9nyek reprodukci\u00f3i. Festm\u00e9nyek keretez\u00e9se, elad\u00e1sa \u00e9s egyedi rendel\u00e9sre t\u00f6rt\u00e9n\u0151 v\u00e1szonk\u00e9pek k\u00e9sz\u00edt\u00e9se.","robots":{"index":"index","follow":"follow","max-snippet":"max-snippet:-1","max-image-preview":"max-image-preview:large","max-video-preview":"max-video-preview:-1"},"canonical":"https:\/\/svetslik.si\/hu\/gustav-klimt-hu\/goldfish\/","og_locale":"hu_HU","og_type":"article","og_title":"Gustav Klimt - Goldfish","og_description":"100% ro\u010dno naslikane slike na platnu, reprodukcije znanih slikarjev in umetni\u0161ke slike po naro\u010dilu.","og_url":"https:\/\/svetslik.si\/hu\/gustav-klimt-hu\/goldfish\/","og_site_name":"SVETSLIK.SI","article_publisher":"https:\/\/www.facebook.com\/svetslik.si","article_modified_time":"2026-03-22T21:38:23+00:00","og_image":[{"width":937,"height":2560,"url":"https:\/\/svetslik.si\/wp-content\/uploads\/2021\/08\/image_Goldfish_680-scaled.jpg","type":"image\/jpeg"}],"twitter_card":"summary_large_image","twitter_site":"@svetslik","twitter_misc":{"El\u00e9rhet\u0151s\u00e9g":"Beszerz\u00e9s alatt"},"schema":{"@context":"https:\/\/schema.org","@graph":[{"@type":["WebPage","ItemPage"],"@id":"https:\/\/svetslik.si\/hu\/gustav-klimt-hu\/goldfish\/","url":"https:\/\/svetslik.si\/hu\/gustav-klimt-hu\/goldfish\/","name":"Gustav Klimt - Goldfish - SVETSLIK.SI - 100% k\u00e9zzel festett","isPartOf":{"@id":"https:\/\/svetslik.si\/hu\/#website"},"primaryImageOfPage":{"@id":"https:\/\/svetslik.si\/hu\/gustav-klimt-hu\/goldfish\/#primaryimage"},"image":{"@id":"https:\/\/svetslik.si\/hu\/gustav-klimt-hu\/goldfish\/#primaryimage"},"thumbnailUrl":"https:\/\/svetslik.si\/wp-content\/uploads\/2021\/08\/image_Goldfish_680-scaled.jpg","datePublished":"2021-09-02T16:23:39+00:00","dateModified":"2026-03-22T21:38:23+00:00","description":"Gustav Klimt - Goldfish - 100% k\u00e9zzel festett h\u00edres festm\u00e9nyek reprodukci\u00f3i. Festm\u00e9nyek keretez\u00e9se, elad\u00e1sa \u00e9s egyedi rendel\u00e9sre t\u00f6rt\u00e9n\u0151 v\u00e1szonk\u00e9pek k\u00e9sz\u00edt\u00e9se.","breadcrumb":{"@id":"https:\/\/svetslik.si\/hu\/gustav-klimt-hu\/goldfish\/#breadcrumb"},"inLanguage":"hu","potentialAction":[{"@type":"ReadAction","target":["https:\/\/svetslik.si\/hu\/gustav-klimt-hu\/goldfish\/"]}]},{"@type":"ImageObject","inLanguage":"hu","@id":"https:\/\/svetslik.si\/hu\/gustav-klimt-hu\/goldfish\/#primaryimage","url":"https:\/\/svetslik.si\/wp-content\/uploads\/2021\/08\/image_Goldfish_680-scaled.jpg","contentUrl":"https:\/\/svetslik.si\/wp-content\/uploads\/2021\/08\/image_Goldfish_680-scaled.jpg","width":937,"height":2560,"caption":"Gustav Klimt - Goldfish - Aranyhal - REPRODUKCI\u00d3I - V\u00e1szonk\u00e9p - Festm\u00e9nyek reprodukci\u00f3i - Absztrakt Festm\u00e9ny - Modern Festm\u00e9ny - Realisztikus Festm\u00e9ny - Olajfestm\u00e9ny - Falik\u00e9p"},{"@type":"BreadcrumbList","@id":"https:\/\/svetslik.si\/hu\/gustav-klimt-hu\/goldfish\/#breadcrumb","itemListElement":[{"@type":"ListItem","position":1,"name":"Wall art and paintings on canvas","item":"https:\/\/svetslik.si\/hu\/"},{"@type":"ListItem","position":2,"name":"Festm\u00e9nyek elad\u00e1sa","item":"https:\/\/svetslik.si\/prodaja-slik\/"},{"@type":"ListItem","position":3,"name":"Gustav Klimt &#8211; Goldfish"}]},{"@type":"WebSite","@id":"https:\/\/svetslik.si\/hu\/#website","url":"https:\/\/svetslik.si\/hu\/","name":"SVETSLIK.SI","description":"100%-ban k\u00e9zzel festett reprodukci\u00f3k h\u00edres fest\u0151k festm\u00e9nyeir\u0151l \u00e9s festm\u00e9nyekr\u0151l v\u00e1szonra.","publisher":{"@id":"https:\/\/svetslik.si\/hu\/#organization"},"potentialAction":[{"@type":"SearchAction","target":{"@type":"EntryPoint","urlTemplate":"https:\/\/svetslik.si\/hu\/?s={search_term_string}"},"query-input":{"@type":"PropertyValueSpecification","valueRequired":true,"valueName":"search_term_string"}}],"inLanguage":"hu"},{"@type":"Organization","@id":"https:\/\/svetslik.si\/hu\/#organization","name":"SvetSlik.si","url":"https:\/\/svetslik.si\/hu\/","logo":{"@type":"ImageObject","inLanguage":"hu","@id":"https:\/\/svetslik.si\/hu\/#\/schema\/logo\/image\/","url":"https:\/\/svetslik.si\/wp-content\/uploads\/2020\/12\/logo-512.png","contentUrl":"https:\/\/svetslik.si\/wp-content\/uploads\/2020\/12\/logo-512.png","width":512,"height":512,"caption":"SvetSlik.si"},"image":{"@id":"https:\/\/svetslik.si\/hu\/#\/schema\/logo\/image\/"},"sameAs":["https:\/\/www.facebook.com\/svetslik.si","https:\/\/x.com\/svetslik","https:\/\/www.instagram.com\/svetslik.si\/","https:\/\/www.linkedin.com\/company\/svetslik-si"]}]},"og_availability":"backorder","product_availability":"available for order","product_retailer_item_id":"558__","product_condition":"new"},"jetpack_sharing_enabled":true,"_links":{"self":[{"href":"https:\/\/svetslik.si\/hu\/wp-json\/wp\/v2\/product\/55817","targetHints":{"allow":["GET"]}}],"collection":[{"href":"https:\/\/svetslik.si\/hu\/wp-json\/wp\/v2\/product"}],"about":[{"href":"https:\/\/svetslik.si\/hu\/wp-json\/wp\/v2\/types\/product"}],"wp:featuredmedia":[{"embeddable":true,"href":"https:\/\/svetslik.si\/hu\/wp-json\/wp\/v2\/media\/49622"}],"wp:attachment":[{"href":"https:\/\/svetslik.si\/hu\/wp-json\/wp\/v2\/media?parent=55817"}],"wp:term":[{"taxonomy":"product_brand","embeddable":true,"href":"https:\/\/svetslik.si\/hu\/wp-json\/wp\/v2\/product_brand?post=55817"},{"taxonomy":"product_cat","embeddable":true,"href":"https:\/\/svetslik.si\/hu\/wp-json\/wp\/v2\/product_cat?post=55817"},{"taxonomy":"product_tag","embeddable":true,"href":"https:\/\/svetslik.si\/hu\/wp-json\/wp\/v2\/product_tag?post=55817"}],"curies":[{"name":"wp","href":"https:\/\/api.w.org\/{rel}","templated":true}]}}