{"id":55835,"date":"2021-09-02T18:23:58","date_gmt":"2021-09-02T16:23:58","guid":{"rendered":"https:\/\/svetslik.si\/nem-kategorizalt\/the-bride\/"},"modified":"2026-03-22T22:38:23","modified_gmt":"2026-03-22T21:38:23","slug":"the-bride","status":"publish","type":"product","link":"https:\/\/svetslik.si\/hu\/gustav-klimt-hu\/the-bride\/","title":{"rendered":"Gustav Klimt &#8211; The Bride"},"content":{"rendered":"<h1>Gustav Klimt \u2013 A menyasszony<\/h1>\n<p>&nbsp;<\/p>\n<table style=\"width: 593px\" border=\"0\" width=\"593\" cellpadding=\"0\">\n<tbody>\n<tr>\n<td style=\"width: 155px;height: 21px\" height=\"21\">L\u00e9trehoz\u00e1s \u00e9ve:<\/td>\n<td style=\"width: 439px\">1917-1918<\/td>\n<\/tr>\n<tr>\n<td style=\"width: 155px;height: 21px\" height=\"21\">Eredeti m\u00e9ret:<\/td>\n<td style=\"width: 439px\">190 cm x 166 cm<\/td>\n<\/tr>\n<tr>\n<td style=\"width: 155px;height: 21px\" height=\"21\">Fest\u00e9si st\u00edlus:<\/td>\n<td style=\"width: 439px\">Szecesszi\u00f3<\/td>\n<\/tr>\n<tr>\n<td style=\"width: 155px;height: 21px\" height=\"21\">Eredeti technika:<\/td>\n<td style=\"width: 439px\">Olaj, v\u00e1szon<\/td>\n<\/tr>\n<tr>\n<td style=\"width: 155px;height: 21px\" height=\"21\">Helysz\u00edn:<\/td>\n<td style=\"width: 439px\">Mag\u00e1ngy\u0171jtem\u00e9ny<\/td>\n<\/tr>\n<\/tbody>\n<colgroup>\n<col \/>\n<col \/> <\/colgroup>\n<\/table>\n<p>Olaj, v\u00e1szon <em>A menyasszony<\/em> egy befejezetlen festm\u00e9ny. A festm\u00e9ny kompoz\u00edci\u00f3ja nagyon szokatlan, hiszen Klimt az olaj-v\u00e1szon n\u0151i alakjait nagyon v\u00e9letlenszer\u0171, szinte biol\u00f3giainak t\u0171n\u0151 mint\u00e1zatba rendezte. A figur\u00e1k ruh\u00e1it geometrikus r\u00e9szletek d\u00edsz\u00edtik, a k\u00e9p h\u00e1ttere pedig nagyon s\u00f6t\u00e9t &#8211; a k\u00e9pen az \u00e9let keletkez\u00e9se \u00e9s a n\u0151iess\u00e9g kialakul\u00e1s\u00e1nak, a term\u00e9szettel val\u00f3 kapcsolat\u00e1nak folyamata l\u00e1that\u00f3.<\/p>\n<p>Gustav Klimt A menyasszony c\u00edm\u0171 k\u00e9pe a szecesszi\u00f3s mozgalom remekm\u0171ve, az osztr\u00e1k fest\u0151 egyik legh\u00edresebb \u00e9s legismertebb alkot\u00e1sa. A festm\u00e9ny a n\u0151i \u00edvek sz\u00e9ps\u00e9g\u00e9t \u00e9s a vil\u00e1gegyetem harm\u00f3ni\u00e1j\u00e1t k\u00e9pviseli.<\/p>\n<p>&#8220;A menyasszony&#8221; egy olajfestm\u00e9ny v\u00e1szonra, k\u00f6r\u00fclbel\u00fcl 100 cm x 100 cm m\u00e9ret\u0171. Feh\u00e9rbe \u00f6lt\u00f6z\u00f6tt, arannyal d\u00edsz\u00edtett fiatal n\u0151t \u00e1br\u00e1zol, aki egy buja t\u00e1j el\u0151tt \u00e1ll. A n\u0151 a festm\u00e9ny f\u00f3kuszpontja, k\u00fcl\u00f6nf\u00e9le vir\u00e1gokkal, f\u0171vel \u00e9s bokrokkal k\u00f6r\u00fclv\u00e9ve. A festm\u00e9nyt mer\u00e9sz sz\u00ednhaszn\u00e1lat, egyedi mozg\u00e1s- \u00e9s \u00e9rzelem\u00e9rz\u00e9k jellemzi. A n\u0151t feh\u00e9r, arany \u00e9s ez\u00fcst \u00e1rnyalatokkal, a vir\u00e1gokat r\u00f3zsasz\u00edn \u00e9s s\u00e1rga \u00e1rnyalatokkal, a h\u00e1tteret pedig k\u00e9k \u00e9s lila \u00e1rnyalatokkal festett\u00e9k, \u00edgy a festm\u00e9ny a m\u00e9lys\u00e9g \u00e9s a mozg\u00e1s \u00e9rzet\u00e9t kelti.<\/p>\n<p>A festm\u00e9nyen a menyasszony alakja a n\u0151i form\u00e1t k\u00e9pviseli, a festm\u00e9nyt pedig a n\u0151iess\u00e9g \u00e9s a term\u00e9kenys\u00e9g szimb\u00f3lum\u00e1nak tekintik. A n\u0151t arany d\u00edsz\u00edti, amely a gazdags\u00e1g \u00e9s a j\u00f3l\u00e9t szimb\u00f3luma, m\u00f6g\u00f6tte pedig a buja t\u00e1j a vil\u00e1gegyetem harm\u00f3ni\u00e1j\u00e1t k\u00e9pviseli. A festm\u00e9ny a sz\u00e9ps\u00e9g, a tisztas\u00e1g \u00e9s a term\u00e9kenys\u00e9g \u00e9rz\u00e9s\u00e9t id\u00e9zi, amely Klimt m\u0171v\u00e9szet\u00e9re jellemz\u0151.<\/p>\n<p>Klimt &#8220;A menyasszony&#8221; c\u00edm\u0171 festm\u00e9nye a szecesszi\u00f3s mozgalom remekm\u0171ve, \u00e9s a m\u0171v\u00e9sz egyik legikonikusabb alkot\u00e1sak\u00e9nt tartj\u00e1k sz\u00e1mon. A n\u0151i \u00edvek sz\u00e9ps\u00e9g\u00e9t, a n\u0151iess\u00e9get \u00e9s a term\u00e9kenys\u00e9get k\u00e9pviseli. A festm\u00e9nyt a m\u0171v\u00e9szet szerelmeseinek l\u00e1tnia kell, \u00e9s nagyszer\u0171 kieg\u00e9sz\u00edt\u0151je b\u00e1rmely m\u0171v\u00e9szeti gy\u0171jtem\u00e9nynek.<\/p>\n<p>R\u00f6viden, Gustav Klimt &#8220;A menyasszony&#8221; c\u00edm\u0171 festm\u00e9nye a szecesszi\u00f3s mozgalom remeke, \u00e9s az osztr\u00e1k fest\u0151 egyik legh\u00edresebb \u00e9s legismertebb alkot\u00e1sa. A k\u00e9p a n\u0151i \u00edvek sz\u00e9ps\u00e9g\u00e9t, a n\u0151iess\u00e9get \u00e9s a term\u00e9kenys\u00e9get \u00e1br\u00e1zolja. A festm\u00e9nyt a m\u0171v\u00e9szet szerelmeseinek l\u00e1tnia kell, \u00e9s nagyszer\u0171 kieg\u00e9sz\u00edt\u0151je b\u00e1rmely m\u0171v\u00e9szeti gy\u0171jtem\u00e9nynek. Ez egy nagyszer\u0171 m\u00f3dja annak, hogy egy csipetnyi sz\u00e9ps\u00e9get \u00e9s eleganci\u00e1t var\u00e1zsoljon b\u00e1rmely helyis\u00e9gbe. A festm\u00e9ny egyed\u00fcl\u00e1ll\u00f3 abban a k\u00e9pess\u00e9g\u00e9ben, hogy a sz\u00e9ps\u00e9g, a tisztas\u00e1g \u00e9s a term\u00e9kenys\u00e9g \u00e9rz\u00e9s\u00e9t keltheti, \u00edgy remek kieg\u00e9sz\u00edt\u0151je lehet minden olyan t\u00e9rnek, ahol egy kis n\u0151iess\u00e9g \u00e9s \u00e9rz\u00e9kis\u00e9g kell.<\/p>\n<p>&nbsp;<\/p>\n","protected":false},"excerpt":{"rendered":"<p>Gustav Klimt \u2013 A menyasszony &nbsp; L\u00e9trehoz\u00e1s \u00e9ve: 1917-1918 Eredeti m\u00e9ret: 190 cm x 166 cm Fest\u00e9si st\u00edlus: Szecesszi\u00f3 Eredeti technika: Olaj, v\u00e1szon Helysz\u00edn: Mag\u00e1ngy\u0171jtem\u00e9ny Olaj, v\u00e1szon A menyasszony egy befejezetlen festm\u00e9ny. A festm\u00e9ny kompoz\u00edci\u00f3ja nagyon szokatlan, hiszen Klimt az olaj-v\u00e1szon n\u0151i alakjait nagyon v\u00e9letlenszer\u0171, szinte biol\u00f3giainak t\u0171n\u0151 mint\u00e1zatba rendezte. [&hellip;]<\/p>\n","protected":false},"featured_media":50125,"template":"","meta":{"_acf_changed":false},"product_brand":[],"product_cat":[7143],"product_tag":[7170,7174,11885,11886,11887],"class_list":{"0":"post-55835","1":"product","2":"type-product","3":"status-publish","4":"has-post-thumbnail","6":"product_cat-gustav-klimt-hu","7":"product_tag-gustav-klimt-hu","8":"product_tag-klimt-hu","9":"product_tag-painter-hu","10":"product_tag-reproduction","11":"product_tag-reproductions-hu","12":"pa_dimenzija-100-x-110-cm","13":"pa_dimenzija-110-x-130-cm","14":"pa_dimenzija-130-x-150-cm","15":"pa_dimenzija-150-x-170-cm","16":"pa_dimenzija-166-x-190-cm","17":"pa_dimenzija-70-x-80-cm","18":"pa_dimenzija-80-x-90-cm","19":"pa_dimenzija-90-x-100-cm","20":"pa_oblika-vizszintes","21":"pa_okvir-nincs-keret","22":"pa_podokvir-igen","23":"pa_podokvir-nem","25":"first","26":"onbackorder","27":"purchasable","28":"product-type-variable","29":"has-default-attributes"},"acf":[],"yoast_head":"<!-- This site is optimized with the Yoast SEO Premium plugin v26.0 (Yoast SEO v27.2) - https:\/\/yoast.com\/product\/yoast-seo-premium-wordpress\/ -->\n<title>Gustav Klimt - The Bride - SVETSLIK.SI - 100% k\u00e9zzel festett<\/title>\n<meta name=\"description\" content=\"Gustav Klimt - The Bride - 100% k\u00e9zzel festett h\u00edres festm\u00e9nyek reprodukci\u00f3i. Festm\u00e9nyek keretez\u00e9se, elad\u00e1sa \u00e9s egyedi rendel\u00e9sre t\u00f6rt\u00e9n\u0151 v\u00e1szonk\u00e9pek k\u00e9sz\u00edt\u00e9se.\" \/>\n<meta name=\"robots\" content=\"index, follow, max-snippet:-1, max-image-preview:large, max-video-preview:-1\" \/>\n<link rel=\"canonical\" href=\"https:\/\/svetslik.si\/hu\/gustav-klimt-hu\/the-bride\/\" \/>\n<meta property=\"og:locale\" content=\"hu_HU\" \/>\n<meta property=\"og:type\" content=\"article\" \/>\n<meta property=\"og:title\" content=\"Gustav Klimt - The Bride\" \/>\n<meta property=\"og:description\" content=\"100% ro\u010dno naslikane slike na platnu, reprodukcije znanih slikarjev in umetni\u0161ke slike po naro\u010dilu.\" \/>\n<meta property=\"og:url\" content=\"https:\/\/svetslik.si\/hu\/gustav-klimt-hu\/the-bride\/\" \/>\n<meta property=\"og:site_name\" content=\"SVETSLIK.SI\" \/>\n<meta property=\"article:publisher\" content=\"https:\/\/www.facebook.com\/svetslik.si\" \/>\n<meta property=\"article:modified_time\" content=\"2026-03-22T21:38:23+00:00\" \/>\n<meta property=\"og:image\" content=\"https:\/\/svetslik.si\/wp-content\/uploads\/2021\/08\/image_The-Bride-Gustav-Klimt_680.jpg\" \/>\n\t<meta property=\"og:image:width\" content=\"1164\" \/>\n\t<meta property=\"og:image:height\" content=\"1024\" \/>\n\t<meta property=\"og:image:type\" content=\"image\/jpeg\" \/>\n<meta name=\"twitter:card\" content=\"summary_large_image\" \/>\n<meta name=\"twitter:site\" content=\"@svetslik\" \/>\n<meta name=\"twitter:label1\" content=\"El\u00e9rhet\u0151s\u00e9g\" \/>\n\t<meta name=\"twitter:data1\" content=\"Beszerz\u00e9s alatt\" \/>\n<script type=\"application\/ld+json\" class=\"yoast-schema-graph\">{\"@context\":\"https:\/\/schema.org\",\"@graph\":[{\"@type\":[\"WebPage\",\"ItemPage\"],\"@id\":\"https:\/\/svetslik.si\/hu\/gustav-klimt-hu\/the-bride\/\",\"url\":\"https:\/\/svetslik.si\/hu\/gustav-klimt-hu\/the-bride\/\",\"name\":\"Gustav Klimt - The Bride - SVETSLIK.SI - 100% k\u00e9zzel festett\",\"isPartOf\":{\"@id\":\"https:\/\/svetslik.si\/hu\/#website\"},\"primaryImageOfPage\":{\"@id\":\"https:\/\/svetslik.si\/hu\/gustav-klimt-hu\/the-bride\/#primaryimage\"},\"image\":{\"@id\":\"https:\/\/svetslik.si\/hu\/gustav-klimt-hu\/the-bride\/#primaryimage\"},\"thumbnailUrl\":\"https:\/\/svetslik.si\/wp-content\/uploads\/2021\/08\/image_The-Bride-Gustav-Klimt_680.jpg\",\"datePublished\":\"2021-09-02T16:23:58+00:00\",\"dateModified\":\"2026-03-22T21:38:23+00:00\",\"description\":\"Gustav Klimt - The Bride - 100% k\u00e9zzel festett h\u00edres festm\u00e9nyek reprodukci\u00f3i. Festm\u00e9nyek keretez\u00e9se, elad\u00e1sa \u00e9s egyedi rendel\u00e9sre t\u00f6rt\u00e9n\u0151 v\u00e1szonk\u00e9pek k\u00e9sz\u00edt\u00e9se.\",\"breadcrumb\":{\"@id\":\"https:\/\/svetslik.si\/hu\/gustav-klimt-hu\/the-bride\/#breadcrumb\"},\"inLanguage\":\"hu\",\"potentialAction\":[{\"@type\":\"ReadAction\",\"target\":[\"https:\/\/svetslik.si\/hu\/gustav-klimt-hu\/the-bride\/\"]}]},{\"@type\":\"ImageObject\",\"inLanguage\":\"hu\",\"@id\":\"https:\/\/svetslik.si\/hu\/gustav-klimt-hu\/the-bride\/#primaryimage\",\"url\":\"https:\/\/svetslik.si\/wp-content\/uploads\/2021\/08\/image_The-Bride-Gustav-Klimt_680.jpg\",\"contentUrl\":\"https:\/\/svetslik.si\/wp-content\/uploads\/2021\/08\/image_The-Bride-Gustav-Klimt_680.jpg\",\"width\":1164,\"height\":1024,\"caption\":\"Gustav Klimt - The Bride (A menyasszony) - Vazonk\u00e9p, festm\u00e9nyek, reprodukci\u00f3\"},{\"@type\":\"BreadcrumbList\",\"@id\":\"https:\/\/svetslik.si\/hu\/gustav-klimt-hu\/the-bride\/#breadcrumb\",\"itemListElement\":[{\"@type\":\"ListItem\",\"position\":1,\"name\":\"Wall art and paintings on canvas\",\"item\":\"https:\/\/svetslik.si\/hu\/\"},{\"@type\":\"ListItem\",\"position\":2,\"name\":\"Festm\u00e9nyek elad\u00e1sa\",\"item\":\"https:\/\/svetslik.si\/prodaja-slik\/\"},{\"@type\":\"ListItem\",\"position\":3,\"name\":\"Gustav Klimt &#8211; The Bride\"}]},{\"@type\":\"WebSite\",\"@id\":\"https:\/\/svetslik.si\/hu\/#website\",\"url\":\"https:\/\/svetslik.si\/hu\/\",\"name\":\"SVETSLIK.SI\",\"description\":\"100%-ban k\u00e9zzel festett reprodukci\u00f3k h\u00edres fest\u0151k festm\u00e9nyeir\u0151l \u00e9s festm\u00e9nyekr\u0151l v\u00e1szonra.\",\"publisher\":{\"@id\":\"https:\/\/svetslik.si\/hu\/#organization\"},\"potentialAction\":[{\"@type\":\"SearchAction\",\"target\":{\"@type\":\"EntryPoint\",\"urlTemplate\":\"https:\/\/svetslik.si\/hu\/?s={search_term_string}\"},\"query-input\":{\"@type\":\"PropertyValueSpecification\",\"valueRequired\":true,\"valueName\":\"search_term_string\"}}],\"inLanguage\":\"hu\"},{\"@type\":\"Organization\",\"@id\":\"https:\/\/svetslik.si\/hu\/#organization\",\"name\":\"SvetSlik.si\",\"url\":\"https:\/\/svetslik.si\/hu\/\",\"logo\":{\"@type\":\"ImageObject\",\"inLanguage\":\"hu\",\"@id\":\"https:\/\/svetslik.si\/hu\/#\/schema\/logo\/image\/\",\"url\":\"https:\/\/svetslik.si\/wp-content\/uploads\/2020\/12\/logo-512.png\",\"contentUrl\":\"https:\/\/svetslik.si\/wp-content\/uploads\/2020\/12\/logo-512.png\",\"width\":512,\"height\":512,\"caption\":\"SvetSlik.si\"},\"image\":{\"@id\":\"https:\/\/svetslik.si\/hu\/#\/schema\/logo\/image\/\"},\"sameAs\":[\"https:\/\/www.facebook.com\/svetslik.si\",\"https:\/\/x.com\/svetslik\",\"https:\/\/www.instagram.com\/svetslik.si\/\",\"https:\/\/www.linkedin.com\/company\/svetslik-si\"]}]}<\/script>\n<meta property=\"og:availability\" content=\"backorder\" \/>\n<meta property=\"product:availability\" content=\"available for order\" \/>\n<meta property=\"product:retailer_item_id\" content=\"560__\" \/>\n<meta property=\"product:condition\" content=\"new\" \/>\n<!-- \/ Yoast SEO Premium plugin. -->","yoast_head_json":{"title":"Gustav Klimt - The Bride - SVETSLIK.SI - 100% k\u00e9zzel festett","description":"Gustav Klimt - The Bride - 100% k\u00e9zzel festett h\u00edres festm\u00e9nyek reprodukci\u00f3i. Festm\u00e9nyek keretez\u00e9se, elad\u00e1sa \u00e9s egyedi rendel\u00e9sre t\u00f6rt\u00e9n\u0151 v\u00e1szonk\u00e9pek k\u00e9sz\u00edt\u00e9se.","robots":{"index":"index","follow":"follow","max-snippet":"max-snippet:-1","max-image-preview":"max-image-preview:large","max-video-preview":"max-video-preview:-1"},"canonical":"https:\/\/svetslik.si\/hu\/gustav-klimt-hu\/the-bride\/","og_locale":"hu_HU","og_type":"article","og_title":"Gustav Klimt - The Bride","og_description":"100% ro\u010dno naslikane slike na platnu, reprodukcije znanih slikarjev in umetni\u0161ke slike po naro\u010dilu.","og_url":"https:\/\/svetslik.si\/hu\/gustav-klimt-hu\/the-bride\/","og_site_name":"SVETSLIK.SI","article_publisher":"https:\/\/www.facebook.com\/svetslik.si","article_modified_time":"2026-03-22T21:38:23+00:00","og_image":[{"width":1164,"height":1024,"url":"https:\/\/svetslik.si\/wp-content\/uploads\/2021\/08\/image_The-Bride-Gustav-Klimt_680.jpg","type":"image\/jpeg"}],"twitter_card":"summary_large_image","twitter_site":"@svetslik","twitter_misc":{"El\u00e9rhet\u0151s\u00e9g":"Beszerz\u00e9s alatt"},"schema":{"@context":"https:\/\/schema.org","@graph":[{"@type":["WebPage","ItemPage"],"@id":"https:\/\/svetslik.si\/hu\/gustav-klimt-hu\/the-bride\/","url":"https:\/\/svetslik.si\/hu\/gustav-klimt-hu\/the-bride\/","name":"Gustav Klimt - The Bride - SVETSLIK.SI - 100% k\u00e9zzel festett","isPartOf":{"@id":"https:\/\/svetslik.si\/hu\/#website"},"primaryImageOfPage":{"@id":"https:\/\/svetslik.si\/hu\/gustav-klimt-hu\/the-bride\/#primaryimage"},"image":{"@id":"https:\/\/svetslik.si\/hu\/gustav-klimt-hu\/the-bride\/#primaryimage"},"thumbnailUrl":"https:\/\/svetslik.si\/wp-content\/uploads\/2021\/08\/image_The-Bride-Gustav-Klimt_680.jpg","datePublished":"2021-09-02T16:23:58+00:00","dateModified":"2026-03-22T21:38:23+00:00","description":"Gustav Klimt - The Bride - 100% k\u00e9zzel festett h\u00edres festm\u00e9nyek reprodukci\u00f3i. Festm\u00e9nyek keretez\u00e9se, elad\u00e1sa \u00e9s egyedi rendel\u00e9sre t\u00f6rt\u00e9n\u0151 v\u00e1szonk\u00e9pek k\u00e9sz\u00edt\u00e9se.","breadcrumb":{"@id":"https:\/\/svetslik.si\/hu\/gustav-klimt-hu\/the-bride\/#breadcrumb"},"inLanguage":"hu","potentialAction":[{"@type":"ReadAction","target":["https:\/\/svetslik.si\/hu\/gustav-klimt-hu\/the-bride\/"]}]},{"@type":"ImageObject","inLanguage":"hu","@id":"https:\/\/svetslik.si\/hu\/gustav-klimt-hu\/the-bride\/#primaryimage","url":"https:\/\/svetslik.si\/wp-content\/uploads\/2021\/08\/image_The-Bride-Gustav-Klimt_680.jpg","contentUrl":"https:\/\/svetslik.si\/wp-content\/uploads\/2021\/08\/image_The-Bride-Gustav-Klimt_680.jpg","width":1164,"height":1024,"caption":"Gustav Klimt - The Bride (A menyasszony) - Vazonk\u00e9p, festm\u00e9nyek, reprodukci\u00f3"},{"@type":"BreadcrumbList","@id":"https:\/\/svetslik.si\/hu\/gustav-klimt-hu\/the-bride\/#breadcrumb","itemListElement":[{"@type":"ListItem","position":1,"name":"Wall art and paintings on canvas","item":"https:\/\/svetslik.si\/hu\/"},{"@type":"ListItem","position":2,"name":"Festm\u00e9nyek elad\u00e1sa","item":"https:\/\/svetslik.si\/prodaja-slik\/"},{"@type":"ListItem","position":3,"name":"Gustav Klimt &#8211; The Bride"}]},{"@type":"WebSite","@id":"https:\/\/svetslik.si\/hu\/#website","url":"https:\/\/svetslik.si\/hu\/","name":"SVETSLIK.SI","description":"100%-ban k\u00e9zzel festett reprodukci\u00f3k h\u00edres fest\u0151k festm\u00e9nyeir\u0151l \u00e9s festm\u00e9nyekr\u0151l v\u00e1szonra.","publisher":{"@id":"https:\/\/svetslik.si\/hu\/#organization"},"potentialAction":[{"@type":"SearchAction","target":{"@type":"EntryPoint","urlTemplate":"https:\/\/svetslik.si\/hu\/?s={search_term_string}"},"query-input":{"@type":"PropertyValueSpecification","valueRequired":true,"valueName":"search_term_string"}}],"inLanguage":"hu"},{"@type":"Organization","@id":"https:\/\/svetslik.si\/hu\/#organization","name":"SvetSlik.si","url":"https:\/\/svetslik.si\/hu\/","logo":{"@type":"ImageObject","inLanguage":"hu","@id":"https:\/\/svetslik.si\/hu\/#\/schema\/logo\/image\/","url":"https:\/\/svetslik.si\/wp-content\/uploads\/2020\/12\/logo-512.png","contentUrl":"https:\/\/svetslik.si\/wp-content\/uploads\/2020\/12\/logo-512.png","width":512,"height":512,"caption":"SvetSlik.si"},"image":{"@id":"https:\/\/svetslik.si\/hu\/#\/schema\/logo\/image\/"},"sameAs":["https:\/\/www.facebook.com\/svetslik.si","https:\/\/x.com\/svetslik","https:\/\/www.instagram.com\/svetslik.si\/","https:\/\/www.linkedin.com\/company\/svetslik-si"]}]},"og_availability":"backorder","product_availability":"available for order","product_retailer_item_id":"560__","product_condition":"new"},"jetpack_sharing_enabled":true,"_links":{"self":[{"href":"https:\/\/svetslik.si\/hu\/wp-json\/wp\/v2\/product\/55835","targetHints":{"allow":["GET"]}}],"collection":[{"href":"https:\/\/svetslik.si\/hu\/wp-json\/wp\/v2\/product"}],"about":[{"href":"https:\/\/svetslik.si\/hu\/wp-json\/wp\/v2\/types\/product"}],"wp:featuredmedia":[{"embeddable":true,"href":"https:\/\/svetslik.si\/hu\/wp-json\/wp\/v2\/media\/50125"}],"wp:attachment":[{"href":"https:\/\/svetslik.si\/hu\/wp-json\/wp\/v2\/media?parent=55835"}],"wp:term":[{"taxonomy":"product_brand","embeddable":true,"href":"https:\/\/svetslik.si\/hu\/wp-json\/wp\/v2\/product_brand?post=55835"},{"taxonomy":"product_cat","embeddable":true,"href":"https:\/\/svetslik.si\/hu\/wp-json\/wp\/v2\/product_cat?post=55835"},{"taxonomy":"product_tag","embeddable":true,"href":"https:\/\/svetslik.si\/hu\/wp-json\/wp\/v2\/product_tag?post=55835"}],"curies":[{"name":"wp","href":"https:\/\/api.w.org\/{rel}","templated":true}]}}