{"id":55862,"date":"2021-09-02T18:24:39","date_gmt":"2021-09-02T16:24:39","guid":{"rendered":"https:\/\/svetslik.si\/nem-kategorizalt\/farm-garden-with-crucifix\/"},"modified":"2026-03-22T22:38:56","modified_gmt":"2026-03-22T21:38:56","slug":"farm-garden-with-crucifix","status":"publish","type":"product","link":"https:\/\/svetslik.si\/hu\/gustav-klimt-hu\/farm-garden-with-crucifix\/","title":{"rendered":"Gustav Klimt &#8211; Farm Garden with Crucifix"},"content":{"rendered":"<div class=\"wpb-content-wrapper\">[vc_row][vc_column][vc_column_text css=&#8221;&#8221;]\n<p data-pm-slice=\"1 1 []\"><div class=\"yt-lazy-video ratio-square\" data-id=\"HQsAbKgLeZs\"><\/div>\n[\/vc_column][\/vc_row][vc_row css=&#8221;.vc_custom_1714248151655{margin-bottom: 10px !important;}&#8221;][vc_column]\t<div class=\"et-image-630 et-image     et_image_link\">\n\t\t<div class=\"et-image-inner \">\n\t\t\t\t\t\t\t<div class=\"et-image-thumb \">\n\t\t\t\t\t<img decoding=\"async\" width=\"1000\" height=\"1004\" src=\"https:\/\/svetslik.si\/wp-content\/uploads\/2021\/09\/Gustav-Klimt-Farm-Garden-with-crucifix-reprodukcija1.jpg\" class=\"attachment-full\" alt=\"Gustav Klimt - Farm Garden with Crucifix\" title=\"Gustav Klimt - Farm Garden with Crucifix\" srcset=\"https:\/\/svetslik.si\/wp-content\/uploads\/2021\/09\/Gustav-Klimt-Farm-Garden-with-crucifix-reprodukcija1.jpg 1000w, https:\/\/svetslik.si\/wp-content\/uploads\/2021\/09\/Gustav-Klimt-Farm-Garden-with-crucifix-reprodukcija1-600x602.jpg 600w, https:\/\/svetslik.si\/wp-content\/uploads\/2021\/09\/Gustav-Klimt-Farm-Garden-with-crucifix-reprodukcija1-100x100.jpg 100w, https:\/\/svetslik.si\/wp-content\/uploads\/2021\/09\/Gustav-Klimt-Farm-Garden-with-crucifix-reprodukcija1-300x300.jpg 300w, https:\/\/svetslik.si\/wp-content\/uploads\/2021\/09\/Gustav-Klimt-Farm-Garden-with-crucifix-reprodukcija1-150x150.jpg 150w, https:\/\/svetslik.si\/wp-content\/uploads\/2021\/09\/Gustav-Klimt-Farm-Garden-with-crucifix-reprodukcija1-768x771.jpg 768w, https:\/\/svetslik.si\/wp-content\/uploads\/2021\/09\/Gustav-Klimt-Farm-Garden-with-crucifix-reprodukcija1-900x904.jpg 900w\" sizes=\"(max-width: 1000px) 100vw, 1000px\" \/>\t\t\t\t<\/div>\n\t\t\t\t\t\t\t\t\t\t\t<\/div>\n\t<\/div>\n  [\/vc_column][\/vc_row][vc_row css=&#8221;.vc_custom_1714248151655{margin-bottom: 10px !important;}&#8221;][vc_column]\t<div class=\"et-image-774 et-image     et_image_link\">\n\t\t<div class=\"et-image-inner \">\n\t\t\t\t\t\t\t<div class=\"et-image-thumb \">\n\t\t\t\t\t<img decoding=\"async\" width=\"1000\" height=\"1314\" src=\"https:\/\/svetslik.si\/wp-content\/uploads\/2021\/09\/Gustav-Klimt-Farm-Garden-with-crucifix-reprodukcija.jpg\" class=\"attachment-full\" alt=\"Gustav Klimt - Farm Garden with Crucifix\" title=\"Gustav Klimt - Farm Garden with Crucifix\" srcset=\"https:\/\/svetslik.si\/wp-content\/uploads\/2021\/09\/Gustav-Klimt-Farm-Garden-with-crucifix-reprodukcija.jpg 1000w, https:\/\/svetslik.si\/wp-content\/uploads\/2021\/09\/Gustav-Klimt-Farm-Garden-with-crucifix-reprodukcija-600x788.jpg 600w, https:\/\/svetslik.si\/wp-content\/uploads\/2021\/09\/Gustav-Klimt-Farm-Garden-with-crucifix-reprodukcija-228x300.jpg 228w, https:\/\/svetslik.si\/wp-content\/uploads\/2021\/09\/Gustav-Klimt-Farm-Garden-with-crucifix-reprodukcija-779x1024.jpg 779w, https:\/\/svetslik.si\/wp-content\/uploads\/2021\/09\/Gustav-Klimt-Farm-Garden-with-crucifix-reprodukcija-768x1009.jpg 768w, https:\/\/svetslik.si\/wp-content\/uploads\/2021\/09\/Gustav-Klimt-Farm-Garden-with-crucifix-reprodukcija-114x150.jpg 114w, https:\/\/svetslik.si\/wp-content\/uploads\/2021\/09\/Gustav-Klimt-Farm-Garden-with-crucifix-reprodukcija-900x1183.jpg 900w\" sizes=\"(max-width: 1000px) 100vw, 1000px\" \/>\t\t\t\t<\/div>\n\t\t\t\t\t\t\t\t\t\t\t<\/div>\n\t<\/div>\n  [\/vc_column][\/vc_row][vc_row css=&#8221;.vc_custom_1714248151655{margin-bottom: 10px !important;}&#8221;][vc_column]\t<div class=\"et-image-476 et-image     et_image_link\">\n\t\t<div class=\"et-image-inner \">\n\t\t\t\t\t\t\t<div class=\"et-image-thumb \">\n\t\t\t\t\t<img decoding=\"async\" width=\"1000\" height=\"709\" src=\"https:\/\/svetslik.si\/wp-content\/uploads\/2021\/09\/Gustav-Klimt-Farm-Garden-with-crucifix-reprodukcija4.jpg\" class=\"attachment-full\" alt=\"Gustav Klimt - Farm Garden with Crucifix\" title=\"Gustav Klimt - Farm Garden with Crucifix\" srcset=\"https:\/\/svetslik.si\/wp-content\/uploads\/2021\/09\/Gustav-Klimt-Farm-Garden-with-crucifix-reprodukcija4.jpg 1000w, https:\/\/svetslik.si\/wp-content\/uploads\/2021\/09\/Gustav-Klimt-Farm-Garden-with-crucifix-reprodukcija4-600x425.jpg 600w, https:\/\/svetslik.si\/wp-content\/uploads\/2021\/09\/Gustav-Klimt-Farm-Garden-with-crucifix-reprodukcija4-300x213.jpg 300w, https:\/\/svetslik.si\/wp-content\/uploads\/2021\/09\/Gustav-Klimt-Farm-Garden-with-crucifix-reprodukcija4-768x545.jpg 768w, https:\/\/svetslik.si\/wp-content\/uploads\/2021\/09\/Gustav-Klimt-Farm-Garden-with-crucifix-reprodukcija4-150x106.jpg 150w, https:\/\/svetslik.si\/wp-content\/uploads\/2021\/09\/Gustav-Klimt-Farm-Garden-with-crucifix-reprodukcija4-900x638.jpg 900w\" sizes=\"(max-width: 1000px) 100vw, 1000px\" \/>\t\t\t\t<\/div>\n\t\t\t\t\t\t\t\t\t\t\t<\/div>\n\t<\/div>\n  [\/vc_column][\/vc_row][vc_row css=&#8221;.vc_custom_1714248151655{margin-bottom: 10px !important;}&#8221;][vc_column]\t<div class=\"et-image-284 et-image     et_image_link\">\n\t\t<div class=\"et-image-inner \">\n\t\t\t\t\t\t\t<div class=\"et-image-thumb \">\n\t\t\t\t\t<img decoding=\"async\" width=\"1000\" height=\"563\" src=\"https:\/\/svetslik.si\/wp-content\/uploads\/2021\/09\/Gustav-Klimt-Farm-Garden-with-crucifix-reprodukcija2.jpg\" class=\"attachment-full\" alt=\"Gustav Klimt - Farm Garden with Crucifix\" title=\"Gustav Klimt - Farm Garden with Crucifix\" srcset=\"https:\/\/svetslik.si\/wp-content\/uploads\/2021\/09\/Gustav-Klimt-Farm-Garden-with-crucifix-reprodukcija2.jpg 1000w, https:\/\/svetslik.si\/wp-content\/uploads\/2021\/09\/Gustav-Klimt-Farm-Garden-with-crucifix-reprodukcija2-600x338.jpg 600w, https:\/\/svetslik.si\/wp-content\/uploads\/2021\/09\/Gustav-Klimt-Farm-Garden-with-crucifix-reprodukcija2-300x169.jpg 300w, https:\/\/svetslik.si\/wp-content\/uploads\/2021\/09\/Gustav-Klimt-Farm-Garden-with-crucifix-reprodukcija2-768x432.jpg 768w, https:\/\/svetslik.si\/wp-content\/uploads\/2021\/09\/Gustav-Klimt-Farm-Garden-with-crucifix-reprodukcija2-150x84.jpg 150w, https:\/\/svetslik.si\/wp-content\/uploads\/2021\/09\/Gustav-Klimt-Farm-Garden-with-crucifix-reprodukcija2-900x507.jpg 900w\" sizes=\"(max-width: 1000px) 100vw, 1000px\" \/>\t\t\t\t<\/div>\n\t\t\t\t\t\t\t\t\t\t\t<\/div>\n\t<\/div>\n  [\/vc_column][\/vc_row][vc_row][vc_column][vc_column_text]\n<h1>Gustav Klimt \u2013 Farm kert fesz\u00fclettel<\/h1>\n<p>&nbsp;<\/p>\n<table style=\"width: 593px;\" border=\"0\" width=\"593\" cellpadding=\"0\">\n<tbody>\n<tr>\n<td style=\"width: 155px; height: 21px;\" height=\"21\">L\u00e9trehoz\u00e1s \u00e9ve:<\/td>\n<td style=\"width: 439px;\">1911-1912<\/td>\n<\/tr>\n<tr>\n<td style=\"width: 155px; height: 21px;\" height=\"21\">Eredeti m\u00e9ret:<\/td>\n<td style=\"width: 439px;\">110 cm x 110 cm<\/td>\n<\/tr>\n<tr>\n<td style=\"width: 155px; height: 21px;\" height=\"21\">Fest\u00e9si st\u00edlus:<\/td>\n<td style=\"width: 439px;\">Szecesszi\u00f3<\/td>\n<\/tr>\n<tr>\n<td style=\"width: 155px; height: 21px;\" height=\"21\">Eredeti technika:<\/td>\n<td style=\"width: 439px;\">Olaj, v\u00e1szon<\/td>\n<\/tr>\n<tr>\n<td style=\"width: 155px; height: 21px;\" height=\"21\">Helysz\u00edn:<\/td>\n<td style=\"width: 439px;\">Az eredeti 1945-ben megsemmis\u00fclt<\/td>\n<\/tr>\n<\/tbody>\n<colgroup>\n<col \/>\n<col \/> <\/colgroup>\n<\/table>\n<p>Az olaj, v\u00e1szon<em>Tanyakert fesz\u00fclettel<\/em> \u00f6sszet\u00e9tele egyszer\u0171, a vonalak term\u00e9szetesek. A k\u00e9p azonban tele van r\u00e9szletekkel \u00e9s csod\u00e1latos hangulatot k\u00f6zvet\u00edt. A v\u00e1szon olajfestm\u00e9ny\u00e9nek h\u00e1tter\u00e9ben elmos\u00f3dott r\u00e9gi \u00e9p\u00fclet, a kereszt vir\u00e1gokkal \u00e9s n\u00f6v\u00e9nyzettel ben\u0151tt ben\u0151tts\u00e9ge azt az \u00e9rz\u00e9st kelti, hogy Klimt r\u00e1bukkant erre a hossz\u00fa \u00e9vek \u00f3ta \u00e9rintetlen ingatlanra.[\/vc_column_text][vc_column_text]Gustav Klimt osztr\u00e1k m\u0171v\u00e9sz 1910-ben festett \u201eParasztkertje fesz\u00fclettel\u201d c\u00edm\u0171 festm\u00e9nyt a m\u0171v\u00e9sz egyik legprovokat\u00edvabb \u00e9s legvitatottabb alkot\u00e1sak\u00e9nt tartj\u00e1k sz\u00e1mon. A festm\u00e9ny buja n\u00f6v\u00e9nyzettel teli tanya kertj\u00e9t \u00e1br\u00e1zolja, a kompoz\u00edci\u00f3 k\u00f6zep\u00e9n pedig egy nagy fesz\u00fclet. A festm\u00e9ny k\u00f6z\u00e9ppontj\u00e1ban a fesz\u00fclet \u00e1ll, amely er\u0151sen stiliz\u00e1lt, leegyszer\u0171s\u00edtett \u00e9s szinte absztrakt form\u00e1ban van \u00e1br\u00e1zolva.<\/p>\n<p>A festm\u00e9ny kiv\u00e1l\u00f3 p\u00e9ld\u00e1ja Klimt szecesszi\u00f3s st\u00edlus\u00e1nak, amelyet a d\u00edszes mint\u00e1k, a mer\u00e9sz sz\u00ednek \u00e9s az \u00e9rz\u00e9ki t\u00e9m\u00e1k haszn\u00e1lata jellemez. A fesz\u00fclet er\u0151sen stiliz\u00e1ltan, megny\u00falt v\u00e9gtagokkal \u00e9s leegyszer\u0171s\u00edtett von\u00e1sokkal \u00e1br\u00e1zolva t\u00falvil\u00e1gi \u00e9s \u00e1lomszer\u0171 min\u0151s\u00e9get ad a k\u00e9pnek.<\/p>\n<p>A &#8220;Feresztes farmkert&#8221; egyik legszembet\u0171n\u0151bb tulajdons\u00e1ga a mer\u00e9sz sz\u00ednek \u00e9s a bonyolult mint\u00e1k haszn\u00e1lata. A festm\u00e9ny sz\u00ednfolt, a fesz\u00fclet, a h\u00e1tt\u00e9r \u00e9s a d\u00edsz\u00edt\u0151elemek kavarg\u00f3, \u00f6sszefon\u00f3d\u00f3 mint\u00e1kb\u00f3l \u00e1llnak. A sz\u00ednek \u00e9s mint\u00e1k haszn\u00e1lata a mozg\u00e1s \u00e9s a foly\u00e9konys\u00e1g \u00e9rzet\u00e9t kelti, ami megfelel\u0151 a festm\u00e9ny spiritualit\u00e1s \u00e9s term\u00e9szet t\u00e9m\u00e1j\u00e1hoz k\u00e9pest.<\/p>\n<p>A festm\u00e9ny szimbolik\u00e1ja is gazdag. A k\u00e9pen l\u00e1that\u00f3 fesz\u00fclet a kereszt\u00e9nys\u00e9g \u00e9s J\u00e9zus Krisztus \u00e1ldozat\u00e1nak jelk\u00e9pe. A festm\u00e9ny buja z\u00f6ldje \u00e9s d\u00edsz\u00edt\u0151elemei a term\u00e9szet \u00e9s a spiritualit\u00e1s kapcsolat\u00e1t jelenthetik. A festm\u00e9ny azonban kritik\u00e1t kapott a keresztre fesz\u00edt\u00e9s \u00e1br\u00e1zol\u00e1sa miatt, mivel egyesek istenk\u00e1roml\u00f3nak \u00e9s tiszteletlennek tartott\u00e1k.<\/p>\n<p>A festm\u00e9nyt a kritikusok nem fogadt\u00e1k j\u00f3l, amikor el\u0151sz\u00f6r ki\u00e1ll\u00edtott\u00e1k, \u00e9s az\u00f3ta Klimt egyik legvitatottabb alkot\u00e1sa lett. Jelenleg a b\u00e9csi Leopold M\u00fazeumban \u0151rzik, Ausztri\u00e1ban.<\/p>\n<p>\u00d6sszess\u00e9g\u00e9ben a &#8220;Feresztes paraszth\u00e1z kertje&#8221; egy elgondolkodtat\u00f3 \u00e9s ellentmond\u00e1sos festm\u00e9ny, amely gazdagon d\u00edszes mint\u00e1kat, mer\u00e9sz sz\u00edneket \u00e9s \u00e9rz\u00e9ki t\u00e9m\u00e1t jelen\u00edt meg, amelyek Gustav Klimt szecesszi\u00f3s st\u00edlus\u00e1t f\u00e9mjelzik. A festm\u00e9ny sz\u00edn- \u00e9s mintahaszn\u00e1lata mozg\u00e1s \u00e9s g\u00f6rd\u00fcl\u00e9kenys\u00e9g \u00e9rzet\u00e9t kelti, m\u00edg a fesz\u00fclet a kereszt\u00e9nys\u00e9get \u00e9s J\u00e9zus Krisztus \u00e1ldozat\u00e1t szimboliz\u00e1lja. A festm\u00e9nyen a keresztre fesz\u00edt\u00e9st nem fogadt\u00e1k j\u00f3l a kritikusok, \u00e9s tov\u00e1bbra is Klimt egyik legvitatottabb alkot\u00e1sa. Jelenleg a b\u00e9csi Leopold M\u00fazeumban t\u00e1rolj\u00e1k.[\/vc_column_text][\/vc_column][\/vc_row]\n<\/div>","protected":false},"excerpt":{"rendered":"<p>[vc_row][vc_column][vc_column_text css=&#8221;&#8221;] [\/vc_column][\/vc_row][vc_row css=&#8221;.vc_custom_1714248151655{margin-bottom: 10px !important;}&#8221;][vc_column][\/vc_column][\/vc_row][vc_row css=&#8221;.vc_custom_1714248151655{margin-bottom: 10px !important;}&#8221;][vc_column][\/vc_column][\/vc_row][vc_row css=&#8221;.vc_custom_1714248151655{margin-bottom: 10px !important;}&#8221;][vc_column][\/vc_column][\/vc_row][vc_row css=&#8221;.vc_custom_1714248151655{margin-bottom: 10px !important;}&#8221;][vc_column][\/vc_column][\/vc_row][vc_row][vc_column][vc_column_text] Gustav Klimt \u2013 Farm kert fesz\u00fclettel &nbsp; L\u00e9trehoz\u00e1s \u00e9ve: 1911-1912 Eredeti m\u00e9ret: 110 cm x 110 cm Fest\u00e9si st\u00edlus: Szecesszi\u00f3 Eredeti technika: Olaj, v\u00e1szon Helysz\u00edn: Az eredeti 1945-ben megsemmis\u00fclt Az olaj, v\u00e1szonTanyakert fesz\u00fclettel \u00f6sszet\u00e9tele egyszer\u0171, [&hellip;]<\/p>\n","protected":false},"featured_media":94364,"template":"","meta":{"_acf_changed":false},"product_brand":[],"product_cat":[7143],"product_tag":[7170,7174,11885,11886,11887],"class_list":{"0":"post-55862","1":"product","2":"type-product","3":"status-publish","4":"has-post-thumbnail","6":"product_cat-gustav-klimt-hu","7":"product_tag-gustav-klimt-hu","8":"product_tag-klimt-hu","9":"product_tag-painter-hu","10":"product_tag-reproduction","11":"product_tag-reproductions-hu","12":"pa_dimenzija-100-x-100-cm","13":"pa_dimenzija-110-x-110-cm","14":"pa_dimenzija-120-x-120-cm","15":"pa_dimenzija-150-x-150-cm","16":"pa_dimenzija-60-x-60-cm","17":"pa_dimenzija-70-x-70-cm","18":"pa_dimenzija-80-x-80-cm","19":"pa_dimenzija-90-x-90-cm","20":"pa_oblika-negyzet","21":"pa_okvir-nincs-keret","22":"pa_podokvir-igen","23":"pa_podokvir-nem","25":"first","26":"onbackorder","27":"purchasable","28":"product-type-variable","29":"has-default-attributes"},"acf":[],"yoast_head":"<!-- This site is optimized with the Yoast SEO Premium plugin v26.0 (Yoast SEO v27.2) - https:\/\/yoast.com\/product\/yoast-seo-premium-wordpress\/ -->\n<title>Gustav Klimt - Farm Garden with Crucifix - SVETSLIK.SI - 100% k\u00e9zzel festett<\/title>\n<meta name=\"description\" content=\"Gustav Klimt - Farm Garden with Crucifix - 100% k\u00e9zzel festett h\u00edres festm\u00e9nyek reprodukci\u00f3i. Festm\u00e9nyek keretez\u00e9se, elad\u00e1sa \u00e9s egyedi rendel\u00e9sre t\u00f6rt\u00e9n\u0151 v\u00e1szonk\u00e9pek k\u00e9sz\u00edt\u00e9se.\" \/>\n<meta name=\"robots\" content=\"index, follow, max-snippet:-1, max-image-preview:large, max-video-preview:-1\" \/>\n<link rel=\"canonical\" href=\"https:\/\/svetslik.si\/hu\/gustav-klimt-hu\/farm-garden-with-crucifix\/\" \/>\n<meta property=\"og:locale\" content=\"hu_HU\" \/>\n<meta property=\"og:type\" content=\"article\" \/>\n<meta property=\"og:title\" content=\"Gustav Klimt - Farm Garden with Crucifix\" \/>\n<meta property=\"og:description\" content=\"100% ro\u010dno naslikane slike na platnu, reprodukcije znanih slikarjev in umetni\u0161ke slike po naro\u010dilu.\" \/>\n<meta property=\"og:url\" content=\"https:\/\/svetslik.si\/hu\/gustav-klimt-hu\/farm-garden-with-crucifix\/\" \/>\n<meta property=\"og:site_name\" content=\"SVETSLIK.SI\" \/>\n<meta property=\"article:publisher\" content=\"https:\/\/www.facebook.com\/svetslik.si\" \/>\n<meta property=\"article:modified_time\" content=\"2026-03-22T21:38:56+00:00\" \/>\n<meta property=\"og:image\" content=\"https:\/\/svetslik.si\/wp-content\/uploads\/2021\/09\/Reprodukcija-slike-Gustav-Klimt-Farm-Garden-With-Crucifix.jpeg\" \/>\n\t<meta property=\"og:image:width\" content=\"1000\" \/>\n\t<meta property=\"og:image:height\" content=\"1000\" \/>\n\t<meta property=\"og:image:type\" content=\"image\/jpeg\" \/>\n<meta name=\"twitter:card\" content=\"summary_large_image\" \/>\n<meta name=\"twitter:site\" content=\"@svetslik\" \/>\n<meta name=\"twitter:label1\" content=\"El\u00e9rhet\u0151s\u00e9g\" \/>\n\t<meta name=\"twitter:data1\" content=\"Beszerz\u00e9s alatt\" \/>\n<script type=\"application\/ld+json\" class=\"yoast-schema-graph\">{\"@context\":\"https:\/\/schema.org\",\"@graph\":[{\"@type\":[\"WebPage\",\"ItemPage\"],\"@id\":\"https:\/\/svetslik.si\/hu\/gustav-klimt-hu\/farm-garden-with-crucifix\/\",\"url\":\"https:\/\/svetslik.si\/hu\/gustav-klimt-hu\/farm-garden-with-crucifix\/\",\"name\":\"Gustav Klimt - Farm Garden with Crucifix - SVETSLIK.SI - 100% k\u00e9zzel festett\",\"isPartOf\":{\"@id\":\"https:\/\/svetslik.si\/hu\/#website\"},\"primaryImageOfPage\":{\"@id\":\"https:\/\/svetslik.si\/hu\/gustav-klimt-hu\/farm-garden-with-crucifix\/#primaryimage\"},\"image\":{\"@id\":\"https:\/\/svetslik.si\/hu\/gustav-klimt-hu\/farm-garden-with-crucifix\/#primaryimage\"},\"thumbnailUrl\":\"https:\/\/svetslik.si\/wp-content\/uploads\/2021\/09\/Reprodukcija-slike-Gustav-Klimt-Farm-Garden-With-Crucifix.jpeg\",\"datePublished\":\"2021-09-02T16:24:39+00:00\",\"dateModified\":\"2026-03-22T21:38:56+00:00\",\"description\":\"Gustav Klimt - Farm Garden with Crucifix - 100% k\u00e9zzel festett h\u00edres festm\u00e9nyek reprodukci\u00f3i. Festm\u00e9nyek keretez\u00e9se, elad\u00e1sa \u00e9s egyedi rendel\u00e9sre t\u00f6rt\u00e9n\u0151 v\u00e1szonk\u00e9pek k\u00e9sz\u00edt\u00e9se.\",\"breadcrumb\":{\"@id\":\"https:\/\/svetslik.si\/hu\/gustav-klimt-hu\/farm-garden-with-crucifix\/#breadcrumb\"},\"inLanguage\":\"hu\",\"potentialAction\":[{\"@type\":\"ReadAction\",\"target\":[\"https:\/\/svetslik.si\/hu\/gustav-klimt-hu\/farm-garden-with-crucifix\/\"]}]},{\"@type\":\"ImageObject\",\"inLanguage\":\"hu\",\"@id\":\"https:\/\/svetslik.si\/hu\/gustav-klimt-hu\/farm-garden-with-crucifix\/#primaryimage\",\"url\":\"https:\/\/svetslik.si\/wp-content\/uploads\/2021\/09\/Reprodukcija-slike-Gustav-Klimt-Farm-Garden-With-Crucifix.jpeg\",\"contentUrl\":\"https:\/\/svetslik.si\/wp-content\/uploads\/2021\/09\/Reprodukcija-slike-Gustav-Klimt-Farm-Garden-With-Crucifix.jpeg\",\"width\":1000,\"height\":1000,\"caption\":\"Reprodukcija slike Gustav Klimt - Farm Garden With Crucifix\"},{\"@type\":\"BreadcrumbList\",\"@id\":\"https:\/\/svetslik.si\/hu\/gustav-klimt-hu\/farm-garden-with-crucifix\/#breadcrumb\",\"itemListElement\":[{\"@type\":\"ListItem\",\"position\":1,\"name\":\"Wall art and paintings on canvas\",\"item\":\"https:\/\/svetslik.si\/hu\/\"},{\"@type\":\"ListItem\",\"position\":2,\"name\":\"Festm\u00e9nyek elad\u00e1sa\",\"item\":\"https:\/\/svetslik.si\/prodaja-slik\/\"},{\"@type\":\"ListItem\",\"position\":3,\"name\":\"Gustav Klimt &#8211; Farm Garden with Crucifix\"}]},{\"@type\":\"WebSite\",\"@id\":\"https:\/\/svetslik.si\/hu\/#website\",\"url\":\"https:\/\/svetslik.si\/hu\/\",\"name\":\"SVETSLIK.SI\",\"description\":\"100%-ban k\u00e9zzel festett reprodukci\u00f3k h\u00edres fest\u0151k festm\u00e9nyeir\u0151l \u00e9s festm\u00e9nyekr\u0151l v\u00e1szonra.\",\"publisher\":{\"@id\":\"https:\/\/svetslik.si\/hu\/#organization\"},\"potentialAction\":[{\"@type\":\"SearchAction\",\"target\":{\"@type\":\"EntryPoint\",\"urlTemplate\":\"https:\/\/svetslik.si\/hu\/?s={search_term_string}\"},\"query-input\":{\"@type\":\"PropertyValueSpecification\",\"valueRequired\":true,\"valueName\":\"search_term_string\"}}],\"inLanguage\":\"hu\"},{\"@type\":\"Organization\",\"@id\":\"https:\/\/svetslik.si\/hu\/#organization\",\"name\":\"SvetSlik.si\",\"url\":\"https:\/\/svetslik.si\/hu\/\",\"logo\":{\"@type\":\"ImageObject\",\"inLanguage\":\"hu\",\"@id\":\"https:\/\/svetslik.si\/hu\/#\/schema\/logo\/image\/\",\"url\":\"https:\/\/svetslik.si\/wp-content\/uploads\/2020\/12\/logo-512.png\",\"contentUrl\":\"https:\/\/svetslik.si\/wp-content\/uploads\/2020\/12\/logo-512.png\",\"width\":512,\"height\":512,\"caption\":\"SvetSlik.si\"},\"image\":{\"@id\":\"https:\/\/svetslik.si\/hu\/#\/schema\/logo\/image\/\"},\"sameAs\":[\"https:\/\/www.facebook.com\/svetslik.si\",\"https:\/\/x.com\/svetslik\",\"https:\/\/www.instagram.com\/svetslik.si\/\",\"https:\/\/www.linkedin.com\/company\/svetslik-si\"]}]}<\/script>\n<meta property=\"og:availability\" content=\"backorder\" \/>\n<meta property=\"product:availability\" content=\"available for order\" \/>\n<meta property=\"product:retailer_item_id\" content=\"563__\" \/>\n<meta property=\"product:condition\" content=\"new\" \/>\n<!-- \/ Yoast SEO Premium plugin. -->","yoast_head_json":{"title":"Gustav Klimt - Farm Garden with Crucifix - SVETSLIK.SI - 100% k\u00e9zzel festett","description":"Gustav Klimt - Farm Garden with Crucifix - 100% k\u00e9zzel festett h\u00edres festm\u00e9nyek reprodukci\u00f3i. Festm\u00e9nyek keretez\u00e9se, elad\u00e1sa \u00e9s egyedi rendel\u00e9sre t\u00f6rt\u00e9n\u0151 v\u00e1szonk\u00e9pek k\u00e9sz\u00edt\u00e9se.","robots":{"index":"index","follow":"follow","max-snippet":"max-snippet:-1","max-image-preview":"max-image-preview:large","max-video-preview":"max-video-preview:-1"},"canonical":"https:\/\/svetslik.si\/hu\/gustav-klimt-hu\/farm-garden-with-crucifix\/","og_locale":"hu_HU","og_type":"article","og_title":"Gustav Klimt - Farm Garden with Crucifix","og_description":"100% ro\u010dno naslikane slike na platnu, reprodukcije znanih slikarjev in umetni\u0161ke slike po naro\u010dilu.","og_url":"https:\/\/svetslik.si\/hu\/gustav-klimt-hu\/farm-garden-with-crucifix\/","og_site_name":"SVETSLIK.SI","article_publisher":"https:\/\/www.facebook.com\/svetslik.si","article_modified_time":"2026-03-22T21:38:56+00:00","og_image":[{"width":1000,"height":1000,"url":"https:\/\/svetslik.si\/wp-content\/uploads\/2021\/09\/Reprodukcija-slike-Gustav-Klimt-Farm-Garden-With-Crucifix.jpeg","type":"image\/jpeg"}],"twitter_card":"summary_large_image","twitter_site":"@svetslik","twitter_misc":{"El\u00e9rhet\u0151s\u00e9g":"Beszerz\u00e9s alatt"},"schema":{"@context":"https:\/\/schema.org","@graph":[{"@type":["WebPage","ItemPage"],"@id":"https:\/\/svetslik.si\/hu\/gustav-klimt-hu\/farm-garden-with-crucifix\/","url":"https:\/\/svetslik.si\/hu\/gustav-klimt-hu\/farm-garden-with-crucifix\/","name":"Gustav Klimt - Farm Garden with Crucifix - SVETSLIK.SI - 100% k\u00e9zzel festett","isPartOf":{"@id":"https:\/\/svetslik.si\/hu\/#website"},"primaryImageOfPage":{"@id":"https:\/\/svetslik.si\/hu\/gustav-klimt-hu\/farm-garden-with-crucifix\/#primaryimage"},"image":{"@id":"https:\/\/svetslik.si\/hu\/gustav-klimt-hu\/farm-garden-with-crucifix\/#primaryimage"},"thumbnailUrl":"https:\/\/svetslik.si\/wp-content\/uploads\/2021\/09\/Reprodukcija-slike-Gustav-Klimt-Farm-Garden-With-Crucifix.jpeg","datePublished":"2021-09-02T16:24:39+00:00","dateModified":"2026-03-22T21:38:56+00:00","description":"Gustav Klimt - Farm Garden with Crucifix - 100% k\u00e9zzel festett h\u00edres festm\u00e9nyek reprodukci\u00f3i. Festm\u00e9nyek keretez\u00e9se, elad\u00e1sa \u00e9s egyedi rendel\u00e9sre t\u00f6rt\u00e9n\u0151 v\u00e1szonk\u00e9pek k\u00e9sz\u00edt\u00e9se.","breadcrumb":{"@id":"https:\/\/svetslik.si\/hu\/gustav-klimt-hu\/farm-garden-with-crucifix\/#breadcrumb"},"inLanguage":"hu","potentialAction":[{"@type":"ReadAction","target":["https:\/\/svetslik.si\/hu\/gustav-klimt-hu\/farm-garden-with-crucifix\/"]}]},{"@type":"ImageObject","inLanguage":"hu","@id":"https:\/\/svetslik.si\/hu\/gustav-klimt-hu\/farm-garden-with-crucifix\/#primaryimage","url":"https:\/\/svetslik.si\/wp-content\/uploads\/2021\/09\/Reprodukcija-slike-Gustav-Klimt-Farm-Garden-With-Crucifix.jpeg","contentUrl":"https:\/\/svetslik.si\/wp-content\/uploads\/2021\/09\/Reprodukcija-slike-Gustav-Klimt-Farm-Garden-With-Crucifix.jpeg","width":1000,"height":1000,"caption":"Reprodukcija slike Gustav Klimt - Farm Garden With Crucifix"},{"@type":"BreadcrumbList","@id":"https:\/\/svetslik.si\/hu\/gustav-klimt-hu\/farm-garden-with-crucifix\/#breadcrumb","itemListElement":[{"@type":"ListItem","position":1,"name":"Wall art and paintings on canvas","item":"https:\/\/svetslik.si\/hu\/"},{"@type":"ListItem","position":2,"name":"Festm\u00e9nyek elad\u00e1sa","item":"https:\/\/svetslik.si\/prodaja-slik\/"},{"@type":"ListItem","position":3,"name":"Gustav Klimt &#8211; Farm Garden with Crucifix"}]},{"@type":"WebSite","@id":"https:\/\/svetslik.si\/hu\/#website","url":"https:\/\/svetslik.si\/hu\/","name":"SVETSLIK.SI","description":"100%-ban k\u00e9zzel festett reprodukci\u00f3k h\u00edres fest\u0151k festm\u00e9nyeir\u0151l \u00e9s festm\u00e9nyekr\u0151l v\u00e1szonra.","publisher":{"@id":"https:\/\/svetslik.si\/hu\/#organization"},"potentialAction":[{"@type":"SearchAction","target":{"@type":"EntryPoint","urlTemplate":"https:\/\/svetslik.si\/hu\/?s={search_term_string}"},"query-input":{"@type":"PropertyValueSpecification","valueRequired":true,"valueName":"search_term_string"}}],"inLanguage":"hu"},{"@type":"Organization","@id":"https:\/\/svetslik.si\/hu\/#organization","name":"SvetSlik.si","url":"https:\/\/svetslik.si\/hu\/","logo":{"@type":"ImageObject","inLanguage":"hu","@id":"https:\/\/svetslik.si\/hu\/#\/schema\/logo\/image\/","url":"https:\/\/svetslik.si\/wp-content\/uploads\/2020\/12\/logo-512.png","contentUrl":"https:\/\/svetslik.si\/wp-content\/uploads\/2020\/12\/logo-512.png","width":512,"height":512,"caption":"SvetSlik.si"},"image":{"@id":"https:\/\/svetslik.si\/hu\/#\/schema\/logo\/image\/"},"sameAs":["https:\/\/www.facebook.com\/svetslik.si","https:\/\/x.com\/svetslik","https:\/\/www.instagram.com\/svetslik.si\/","https:\/\/www.linkedin.com\/company\/svetslik-si"]}]},"og_availability":"backorder","product_availability":"available for order","product_retailer_item_id":"563__","product_condition":"new"},"jetpack_sharing_enabled":true,"_links":{"self":[{"href":"https:\/\/svetslik.si\/hu\/wp-json\/wp\/v2\/product\/55862","targetHints":{"allow":["GET"]}}],"collection":[{"href":"https:\/\/svetslik.si\/hu\/wp-json\/wp\/v2\/product"}],"about":[{"href":"https:\/\/svetslik.si\/hu\/wp-json\/wp\/v2\/types\/product"}],"wp:featuredmedia":[{"embeddable":true,"href":"https:\/\/svetslik.si\/hu\/wp-json\/wp\/v2\/media\/94364"}],"wp:attachment":[{"href":"https:\/\/svetslik.si\/hu\/wp-json\/wp\/v2\/media?parent=55862"}],"wp:term":[{"taxonomy":"product_brand","embeddable":true,"href":"https:\/\/svetslik.si\/hu\/wp-json\/wp\/v2\/product_brand?post=55862"},{"taxonomy":"product_cat","embeddable":true,"href":"https:\/\/svetslik.si\/hu\/wp-json\/wp\/v2\/product_cat?post=55862"},{"taxonomy":"product_tag","embeddable":true,"href":"https:\/\/svetslik.si\/hu\/wp-json\/wp\/v2\/product_tag?post=55862"}],"curies":[{"name":"wp","href":"https:\/\/api.w.org\/{rel}","templated":true}]}}