{"id":55871,"date":"2021-09-02T18:24:39","date_gmt":"2021-09-02T16:24:39","guid":{"rendered":"https:\/\/svetslik.si\/nem-kategorizalt\/farm-garden-with-sunflowers\/"},"modified":"2026-03-22T22:38:56","modified_gmt":"2026-03-22T21:38:56","slug":"farm-garden-with-sunflowers","status":"publish","type":"product","link":"https:\/\/svetslik.si\/hu\/gustav-klimt-hu\/farm-garden-with-sunflowers\/","title":{"rendered":"Gustav Klimt &#8211; Farm Garden with Sunflowers"},"content":{"rendered":"<div class=\"wpb-content-wrapper\">[vc_row][vc_column][vc_column_text]\n<h1>Gustav Klimt \u2013 Farm kert napraforg\u00f3kkal<\/h1>\n<p>&nbsp;<\/p>\n<table style=\"width: 593px\" border=\"0\" width=\"593\" cellpadding=\"0\">\n<tbody>\n<tr>\n<td style=\"width: 155px;height: 21px\" height=\"21\">L\u00e9trehoz\u00e1s \u00e9ve:<\/td>\n<td style=\"width: 439px\">1907<\/td>\n<\/tr>\n<tr>\n<td style=\"width: 155px;height: 21px\" height=\"21\">Eredeti m\u00e9ret:<\/td>\n<td style=\"width: 439px\">110 cm x 110 cm<\/td>\n<\/tr>\n<tr>\n<td style=\"width: 155px;height: 21px\" height=\"21\">Fest\u00e9si st\u00edlus:<\/td>\n<td style=\"width: 439px\">Elszakad\u00e1s<\/td>\n<\/tr>\n<tr>\n<td style=\"width: 155px;height: 21px\" height=\"21\">Eredeti technika:<\/td>\n<td style=\"width: 439px\">Olaj, v\u00e1szon<\/td>\n<\/tr>\n<tr>\n<td style=\"width: 155px;height: 21px\" height=\"21\">Helysz\u00edn:<\/td>\n<td style=\"width: 439px\">Belvedere, B\u00e9cs<\/td>\n<\/tr>\n<\/tbody>\n<colgroup>\n<col \/> <\/colgroup>\n<\/table>\n<p>Klimt napraforg\u00f3i olajban, v\u00e1sznon<em> Farm Garden with Sunflowers <\/em> szinte misztikus aura veszi k\u00f6r\u00fcl; szerelmes t\u00fcnd\u00e9rekk\u00e9nt helyezkednek el a k\u00e9p k\u00f6zep\u00e9n, hossz\u00fa z\u00f6ld sz\u00e1rnyaikkal a f\u00f6ld fel\u00e9 hullanak. A napraforg\u00f3k arca s\u00f6t\u00e9t \u00e9s titokzatos, aranygy\u0171r\u0171vel bor\u00edtva, mintha valami kozmikus jelent\u0151s\u00e9get k\u00e9pviseln\u00e9nek a fest\u0151 sz\u00e1m\u00e1ra, amelyet Gustav Klimt festett 1907-ben, a m\u0171v\u00e9sz egyik legszembet\u0171n\u0151bb \u00e9s leg\u00e9l\u00e9nkebb alkot\u00e1sa. A k\u00e9pen egy napraforg\u00f3kkal teli tanyasi kert l\u00e1that\u00f3 \u00e9l\u00e9nk \u00e9s sz\u00ednes h\u00e1tt\u00e9r el\u0151tt. A festm\u00e9ny k\u00f6z\u00e9ppontj\u00e1ban a napraforg\u00f3 \u00e1ll, szinte absztrakt st\u00edlusban, mer\u00e9sz \u00e9s \u00e9l\u00e9nk sz\u00ednekkel \u00e1br\u00e1zolva.<\/p>\n<p>A festm\u00e9ny kiv\u00e1l\u00f3 p\u00e9ld\u00e1ja Klimt szecesszi\u00f3s st\u00edlus\u00e1nak, amelyet a d\u00edszes mint\u00e1k, a mer\u00e9sz sz\u00ednek \u00e9s az \u00e9rz\u00e9ki tematika jellemez. A napraforg\u00f3t er\u0151sen stiliz\u00e1ltan \u00e1br\u00e1zolj\u00e1k, elny\u00fajtott szirmokkal \u00e9s leegyszer\u0171s\u00edtett form\u00e1kkal, ami t\u00falvil\u00e1gi \u00e9s \u00e1lomszer\u0171 min\u0151s\u00e9get ad a k\u00e9pnek.<\/p>\n<p>A &#8220;Sunflower Farmhouse&#8221; egyik legszembet\u0171n\u0151bb tulajdons\u00e1ga a mer\u00e9sz sz\u00ednek \u00e9s a bonyolult mint\u00e1k haszn\u00e1lata. A festm\u00e9ny sz\u00ednfolt, a napraforg\u00f3, a h\u00e1tt\u00e9r \u00e9s a d\u00edsz\u00edt\u0151elemek kavarg\u00f3, egym\u00e1sba fon\u00f3d\u00f3 mint\u00e1kb\u00f3l \u00e1llnak. A sz\u00ednek \u00e9s mint\u00e1k haszn\u00e1lata a mozg\u00e1s \u00e9s a foly\u00e9konys\u00e1g \u00e9rzet\u00e9t kelti, ami megfelel\u0151 a festm\u00e9ny term\u00e9szet \u00e9s sz\u00e9ps\u00e9g t\u00e9m\u00e1j\u00e1hoz.<\/p>\n<p>A festm\u00e9ny szimbolik\u00e1ja is gazdag. A napraforg\u00f3t gyakran a boldogs\u00e1g, a hossz\u00fa \u00e9let \u00e9s a boldogs\u00e1g szimb\u00f3lumak\u00e9nt l\u00e1tj\u00e1k a k\u00e9pen. Az \u00e9l\u00e9nk \u00e9s sz\u00ednes h\u00e1tt\u00e9r a term\u00e9szet \u00f6r\u00f6m\u00e9t \u00e9s sz\u00e9ps\u00e9g\u00e9t k\u00e9pviselheti. A k\u00e9pen l\u00e1that\u00f3 d\u00edsz\u00edt\u0151elemek a term\u00e9szet \u00e9s a m\u0171v\u00e9szet kapcsolat\u00e1t is k\u00e9pviselhetik.<\/p>\n<p>A festm\u00e9nyt els\u0151 ki\u00e1ll\u00edt\u00e1s\u00e1n a kritikusok j\u00f3l fogadt\u00e1k, \u00e9s az\u00f3ta Klimt egyik legismertebb \u00e9s leg\u00fcnnepeltebb alkot\u00e1sa lett. Jelenleg a b\u00e9csi Leopold M\u00fazeumban \u0151rzik.<\/p>\n<p>R\u00f6viden: &#8220;A paraszth\u00e1z kertje napraforg\u00f3kkal&#8221; egy fontos \u00e9s ikonikus festm\u00e9ny, amely Gustav Klimt szecesszi\u00f3s st\u00edlus\u00e1t f\u00e9mjelzi d\u00edszes mint\u00e1kat, mer\u00e9sz sz\u00edneket \u00e9s \u00e9rz\u00e9ki t\u00e9m\u00e1t. A sz\u00ednek \u00e9s mint\u00e1k haszn\u00e1lata a festm\u00e9nyen a mozg\u00e1s \u00e9s a foly\u00e9konys\u00e1g \u00e9rzet\u00e9t kelti, m\u00edg a napraforg\u00f3 a szerencs\u00e9t, a hossz\u00fa \u00e9letet \u00e9s a boldogs\u00e1got szimboliz\u00e1lja. A festm\u00e9ny Klimt egyik legismertebb \u00e9s leg\u00fcnnepeltebb alkot\u00e1sa, jelenleg a b\u00e9csi Leopold M\u00fazeumban tal\u00e1lhat\u00f3.[\/vc_column_text][\/vc_column][\/vc_row]\n<\/div>","protected":false},"excerpt":{"rendered":"<p>[vc_row][vc_column][vc_column_text] Gustav Klimt \u2013 Farm kert napraforg\u00f3kkal &nbsp; L\u00e9trehoz\u00e1s \u00e9ve: 1907 Eredeti m\u00e9ret: 110 cm x 110 cm Fest\u00e9si st\u00edlus: Elszakad\u00e1s Eredeti technika: Olaj, v\u00e1szon Helysz\u00edn: Belvedere, B\u00e9cs Klimt napraforg\u00f3i olajban, v\u00e1sznon Farm Garden with Sunflowers szinte misztikus aura veszi k\u00f6r\u00fcl; szerelmes t\u00fcnd\u00e9rekk\u00e9nt helyezkednek el a k\u00e9p k\u00f6zep\u00e9n, hossz\u00fa z\u00f6ld [&hellip;]<\/p>\n","protected":false},"featured_media":94358,"template":"","meta":{"_acf_changed":false},"product_brand":[],"product_cat":[7143],"product_tag":[7170,7174,11885,11886,11887],"class_list":{"0":"post-55871","1":"product","2":"type-product","3":"status-publish","4":"has-post-thumbnail","6":"product_cat-gustav-klimt-hu","7":"product_tag-gustav-klimt-hu","8":"product_tag-klimt-hu","9":"product_tag-painter-hu","10":"product_tag-reproduction","11":"product_tag-reproductions-hu","12":"pa_dimenzija-100-x-100-cm","13":"pa_dimenzija-110-x-110-cm","14":"pa_dimenzija-120-x-120-cm","15":"pa_dimenzija-150-x-150-cm","16":"pa_dimenzija-60-x-60-cm","17":"pa_dimenzija-70-x-70-cm","18":"pa_dimenzija-80-x-80-cm","19":"pa_dimenzija-90-x-90-cm","20":"pa_oblika-negyzet","21":"pa_okvir-nincs-keret","22":"pa_podokvir-igen","23":"pa_podokvir-nem","25":"first","26":"onbackorder","27":"purchasable","28":"product-type-variable","29":"has-default-attributes"},"acf":[],"yoast_head":"<!-- This site is optimized with the Yoast SEO Premium plugin v26.0 (Yoast SEO v27.2) - https:\/\/yoast.com\/product\/yoast-seo-premium-wordpress\/ -->\n<title>Gustav Klimt - Farm Garden with Sunflowers - SVETSLIK.SI - 100% k\u00e9zzel festett<\/title>\n<meta name=\"description\" content=\"Gustav Klimt - Farm Garden with Sunflowers - 100% k\u00e9zzel festett h\u00edres festm\u00e9nyek reprodukci\u00f3i. Festm\u00e9nyek keretez\u00e9se, elad\u00e1sa \u00e9s egyedi rendel\u00e9sre t\u00f6rt\u00e9n\u0151 v\u00e1szonk\u00e9pek k\u00e9sz\u00edt\u00e9se.\" \/>\n<meta name=\"robots\" content=\"index, follow, max-snippet:-1, max-image-preview:large, max-video-preview:-1\" \/>\n<link rel=\"canonical\" href=\"https:\/\/svetslik.si\/hu\/gustav-klimt-hu\/farm-garden-with-sunflowers\/\" \/>\n<meta property=\"og:locale\" content=\"hu_HU\" \/>\n<meta property=\"og:type\" content=\"article\" \/>\n<meta property=\"og:title\" content=\"Gustav Klimt - Farm Garden with Sunflowers\" \/>\n<meta property=\"og:description\" content=\"100% ro\u010dno naslikane slike na platnu, reprodukcije znanih slikarjev in umetni\u0161ke slike po naro\u010dilu.\" \/>\n<meta property=\"og:url\" content=\"https:\/\/svetslik.si\/hu\/gustav-klimt-hu\/farm-garden-with-sunflowers\/\" \/>\n<meta property=\"og:site_name\" content=\"SVETSLIK.SI\" \/>\n<meta property=\"article:publisher\" content=\"https:\/\/www.facebook.com\/svetslik.si\" \/>\n<meta property=\"article:modified_time\" content=\"2026-03-22T21:38:56+00:00\" \/>\n<meta property=\"og:image\" content=\"https:\/\/svetslik.si\/wp-content\/uploads\/2021\/09\/Gustav_Klimt_1907_Farm_Garden_with_Sunflowers-scaled.jpg\" \/>\n\t<meta property=\"og:image:width\" content=\"2526\" \/>\n\t<meta property=\"og:image:height\" content=\"2560\" \/>\n\t<meta property=\"og:image:type\" content=\"image\/jpeg\" \/>\n<meta name=\"twitter:card\" content=\"summary_large_image\" \/>\n<meta name=\"twitter:site\" content=\"@svetslik\" \/>\n<meta name=\"twitter:label1\" content=\"El\u00e9rhet\u0151s\u00e9g\" \/>\n\t<meta name=\"twitter:data1\" content=\"Beszerz\u00e9s alatt\" \/>\n<script type=\"application\/ld+json\" class=\"yoast-schema-graph\">{\"@context\":\"https:\/\/schema.org\",\"@graph\":[{\"@type\":[\"WebPage\",\"ItemPage\"],\"@id\":\"https:\/\/svetslik.si\/hu\/gustav-klimt-hu\/farm-garden-with-sunflowers\/\",\"url\":\"https:\/\/svetslik.si\/hu\/gustav-klimt-hu\/farm-garden-with-sunflowers\/\",\"name\":\"Gustav Klimt - Farm Garden with Sunflowers - SVETSLIK.SI - 100% k\u00e9zzel festett\",\"isPartOf\":{\"@id\":\"https:\/\/svetslik.si\/hu\/#website\"},\"primaryImageOfPage\":{\"@id\":\"https:\/\/svetslik.si\/hu\/gustav-klimt-hu\/farm-garden-with-sunflowers\/#primaryimage\"},\"image\":{\"@id\":\"https:\/\/svetslik.si\/hu\/gustav-klimt-hu\/farm-garden-with-sunflowers\/#primaryimage\"},\"thumbnailUrl\":\"https:\/\/svetslik.si\/wp-content\/uploads\/2021\/09\/Gustav_Klimt_1907_Farm_Garden_with_Sunflowers-scaled.jpg\",\"datePublished\":\"2021-09-02T16:24:39+00:00\",\"dateModified\":\"2026-03-22T21:38:56+00:00\",\"description\":\"Gustav Klimt - Farm Garden with Sunflowers - 100% k\u00e9zzel festett h\u00edres festm\u00e9nyek reprodukci\u00f3i. Festm\u00e9nyek keretez\u00e9se, elad\u00e1sa \u00e9s egyedi rendel\u00e9sre t\u00f6rt\u00e9n\u0151 v\u00e1szonk\u00e9pek k\u00e9sz\u00edt\u00e9se.\",\"breadcrumb\":{\"@id\":\"https:\/\/svetslik.si\/hu\/gustav-klimt-hu\/farm-garden-with-sunflowers\/#breadcrumb\"},\"inLanguage\":\"hu\",\"potentialAction\":[{\"@type\":\"ReadAction\",\"target\":[\"https:\/\/svetslik.si\/hu\/gustav-klimt-hu\/farm-garden-with-sunflowers\/\"]}]},{\"@type\":\"ImageObject\",\"inLanguage\":\"hu\",\"@id\":\"https:\/\/svetslik.si\/hu\/gustav-klimt-hu\/farm-garden-with-sunflowers\/#primaryimage\",\"url\":\"https:\/\/svetslik.si\/wp-content\/uploads\/2021\/09\/Gustav_Klimt_1907_Farm_Garden_with_Sunflowers-scaled.jpg\",\"contentUrl\":\"https:\/\/svetslik.si\/wp-content\/uploads\/2021\/09\/Gustav_Klimt_1907_Farm_Garden_with_Sunflowers-scaled.jpg\",\"width\":2526,\"height\":2560,\"caption\":\"gustav Klimt farm garden with sunflowers\"},{\"@type\":\"BreadcrumbList\",\"@id\":\"https:\/\/svetslik.si\/hu\/gustav-klimt-hu\/farm-garden-with-sunflowers\/#breadcrumb\",\"itemListElement\":[{\"@type\":\"ListItem\",\"position\":1,\"name\":\"Wall art and paintings on canvas\",\"item\":\"https:\/\/svetslik.si\/hu\/\"},{\"@type\":\"ListItem\",\"position\":2,\"name\":\"Festm\u00e9nyek elad\u00e1sa\",\"item\":\"https:\/\/svetslik.si\/prodaja-slik\/\"},{\"@type\":\"ListItem\",\"position\":3,\"name\":\"Gustav Klimt &#8211; Farm Garden with Sunflowers\"}]},{\"@type\":\"WebSite\",\"@id\":\"https:\/\/svetslik.si\/hu\/#website\",\"url\":\"https:\/\/svetslik.si\/hu\/\",\"name\":\"SVETSLIK.SI\",\"description\":\"100%-ban k\u00e9zzel festett reprodukci\u00f3k h\u00edres fest\u0151k festm\u00e9nyeir\u0151l \u00e9s festm\u00e9nyekr\u0151l v\u00e1szonra.\",\"publisher\":{\"@id\":\"https:\/\/svetslik.si\/hu\/#organization\"},\"potentialAction\":[{\"@type\":\"SearchAction\",\"target\":{\"@type\":\"EntryPoint\",\"urlTemplate\":\"https:\/\/svetslik.si\/hu\/?s={search_term_string}\"},\"query-input\":{\"@type\":\"PropertyValueSpecification\",\"valueRequired\":true,\"valueName\":\"search_term_string\"}}],\"inLanguage\":\"hu\"},{\"@type\":\"Organization\",\"@id\":\"https:\/\/svetslik.si\/hu\/#organization\",\"name\":\"SvetSlik.si\",\"url\":\"https:\/\/svetslik.si\/hu\/\",\"logo\":{\"@type\":\"ImageObject\",\"inLanguage\":\"hu\",\"@id\":\"https:\/\/svetslik.si\/hu\/#\/schema\/logo\/image\/\",\"url\":\"https:\/\/svetslik.si\/wp-content\/uploads\/2020\/12\/logo-512.png\",\"contentUrl\":\"https:\/\/svetslik.si\/wp-content\/uploads\/2020\/12\/logo-512.png\",\"width\":512,\"height\":512,\"caption\":\"SvetSlik.si\"},\"image\":{\"@id\":\"https:\/\/svetslik.si\/hu\/#\/schema\/logo\/image\/\"},\"sameAs\":[\"https:\/\/www.facebook.com\/svetslik.si\",\"https:\/\/x.com\/svetslik\",\"https:\/\/www.instagram.com\/svetslik.si\/\",\"https:\/\/www.linkedin.com\/company\/svetslik-si\"]}]}<\/script>\n<meta property=\"og:availability\" content=\"backorder\" \/>\n<meta property=\"product:availability\" content=\"available for order\" \/>\n<meta property=\"product:retailer_item_id\" content=\"564__\" \/>\n<meta property=\"product:condition\" content=\"new\" \/>\n<!-- \/ Yoast SEO Premium plugin. -->","yoast_head_json":{"title":"Gustav Klimt - Farm Garden with Sunflowers - SVETSLIK.SI - 100% k\u00e9zzel festett","description":"Gustav Klimt - Farm Garden with Sunflowers - 100% k\u00e9zzel festett h\u00edres festm\u00e9nyek reprodukci\u00f3i. Festm\u00e9nyek keretez\u00e9se, elad\u00e1sa \u00e9s egyedi rendel\u00e9sre t\u00f6rt\u00e9n\u0151 v\u00e1szonk\u00e9pek k\u00e9sz\u00edt\u00e9se.","robots":{"index":"index","follow":"follow","max-snippet":"max-snippet:-1","max-image-preview":"max-image-preview:large","max-video-preview":"max-video-preview:-1"},"canonical":"https:\/\/svetslik.si\/hu\/gustav-klimt-hu\/farm-garden-with-sunflowers\/","og_locale":"hu_HU","og_type":"article","og_title":"Gustav Klimt - Farm Garden with Sunflowers","og_description":"100% ro\u010dno naslikane slike na platnu, reprodukcije znanih slikarjev in umetni\u0161ke slike po naro\u010dilu.","og_url":"https:\/\/svetslik.si\/hu\/gustav-klimt-hu\/farm-garden-with-sunflowers\/","og_site_name":"SVETSLIK.SI","article_publisher":"https:\/\/www.facebook.com\/svetslik.si","article_modified_time":"2026-03-22T21:38:56+00:00","og_image":[{"width":2526,"height":2560,"url":"https:\/\/svetslik.si\/wp-content\/uploads\/2021\/09\/Gustav_Klimt_1907_Farm_Garden_with_Sunflowers-scaled.jpg","type":"image\/jpeg"}],"twitter_card":"summary_large_image","twitter_site":"@svetslik","twitter_misc":{"El\u00e9rhet\u0151s\u00e9g":"Beszerz\u00e9s alatt"},"schema":{"@context":"https:\/\/schema.org","@graph":[{"@type":["WebPage","ItemPage"],"@id":"https:\/\/svetslik.si\/hu\/gustav-klimt-hu\/farm-garden-with-sunflowers\/","url":"https:\/\/svetslik.si\/hu\/gustav-klimt-hu\/farm-garden-with-sunflowers\/","name":"Gustav Klimt - Farm Garden with Sunflowers - SVETSLIK.SI - 100% k\u00e9zzel festett","isPartOf":{"@id":"https:\/\/svetslik.si\/hu\/#website"},"primaryImageOfPage":{"@id":"https:\/\/svetslik.si\/hu\/gustav-klimt-hu\/farm-garden-with-sunflowers\/#primaryimage"},"image":{"@id":"https:\/\/svetslik.si\/hu\/gustav-klimt-hu\/farm-garden-with-sunflowers\/#primaryimage"},"thumbnailUrl":"https:\/\/svetslik.si\/wp-content\/uploads\/2021\/09\/Gustav_Klimt_1907_Farm_Garden_with_Sunflowers-scaled.jpg","datePublished":"2021-09-02T16:24:39+00:00","dateModified":"2026-03-22T21:38:56+00:00","description":"Gustav Klimt - Farm Garden with Sunflowers - 100% k\u00e9zzel festett h\u00edres festm\u00e9nyek reprodukci\u00f3i. Festm\u00e9nyek keretez\u00e9se, elad\u00e1sa \u00e9s egyedi rendel\u00e9sre t\u00f6rt\u00e9n\u0151 v\u00e1szonk\u00e9pek k\u00e9sz\u00edt\u00e9se.","breadcrumb":{"@id":"https:\/\/svetslik.si\/hu\/gustav-klimt-hu\/farm-garden-with-sunflowers\/#breadcrumb"},"inLanguage":"hu","potentialAction":[{"@type":"ReadAction","target":["https:\/\/svetslik.si\/hu\/gustav-klimt-hu\/farm-garden-with-sunflowers\/"]}]},{"@type":"ImageObject","inLanguage":"hu","@id":"https:\/\/svetslik.si\/hu\/gustav-klimt-hu\/farm-garden-with-sunflowers\/#primaryimage","url":"https:\/\/svetslik.si\/wp-content\/uploads\/2021\/09\/Gustav_Klimt_1907_Farm_Garden_with_Sunflowers-scaled.jpg","contentUrl":"https:\/\/svetslik.si\/wp-content\/uploads\/2021\/09\/Gustav_Klimt_1907_Farm_Garden_with_Sunflowers-scaled.jpg","width":2526,"height":2560,"caption":"gustav Klimt farm garden with sunflowers"},{"@type":"BreadcrumbList","@id":"https:\/\/svetslik.si\/hu\/gustav-klimt-hu\/farm-garden-with-sunflowers\/#breadcrumb","itemListElement":[{"@type":"ListItem","position":1,"name":"Wall art and paintings on canvas","item":"https:\/\/svetslik.si\/hu\/"},{"@type":"ListItem","position":2,"name":"Festm\u00e9nyek elad\u00e1sa","item":"https:\/\/svetslik.si\/prodaja-slik\/"},{"@type":"ListItem","position":3,"name":"Gustav Klimt &#8211; Farm Garden with Sunflowers"}]},{"@type":"WebSite","@id":"https:\/\/svetslik.si\/hu\/#website","url":"https:\/\/svetslik.si\/hu\/","name":"SVETSLIK.SI","description":"100%-ban k\u00e9zzel festett reprodukci\u00f3k h\u00edres fest\u0151k festm\u00e9nyeir\u0151l \u00e9s festm\u00e9nyekr\u0151l v\u00e1szonra.","publisher":{"@id":"https:\/\/svetslik.si\/hu\/#organization"},"potentialAction":[{"@type":"SearchAction","target":{"@type":"EntryPoint","urlTemplate":"https:\/\/svetslik.si\/hu\/?s={search_term_string}"},"query-input":{"@type":"PropertyValueSpecification","valueRequired":true,"valueName":"search_term_string"}}],"inLanguage":"hu"},{"@type":"Organization","@id":"https:\/\/svetslik.si\/hu\/#organization","name":"SvetSlik.si","url":"https:\/\/svetslik.si\/hu\/","logo":{"@type":"ImageObject","inLanguage":"hu","@id":"https:\/\/svetslik.si\/hu\/#\/schema\/logo\/image\/","url":"https:\/\/svetslik.si\/wp-content\/uploads\/2020\/12\/logo-512.png","contentUrl":"https:\/\/svetslik.si\/wp-content\/uploads\/2020\/12\/logo-512.png","width":512,"height":512,"caption":"SvetSlik.si"},"image":{"@id":"https:\/\/svetslik.si\/hu\/#\/schema\/logo\/image\/"},"sameAs":["https:\/\/www.facebook.com\/svetslik.si","https:\/\/x.com\/svetslik","https:\/\/www.instagram.com\/svetslik.si\/","https:\/\/www.linkedin.com\/company\/svetslik-si"]}]},"og_availability":"backorder","product_availability":"available for order","product_retailer_item_id":"564__","product_condition":"new"},"jetpack_sharing_enabled":true,"_links":{"self":[{"href":"https:\/\/svetslik.si\/hu\/wp-json\/wp\/v2\/product\/55871","targetHints":{"allow":["GET"]}}],"collection":[{"href":"https:\/\/svetslik.si\/hu\/wp-json\/wp\/v2\/product"}],"about":[{"href":"https:\/\/svetslik.si\/hu\/wp-json\/wp\/v2\/types\/product"}],"wp:featuredmedia":[{"embeddable":true,"href":"https:\/\/svetslik.si\/hu\/wp-json\/wp\/v2\/media\/94358"}],"wp:attachment":[{"href":"https:\/\/svetslik.si\/hu\/wp-json\/wp\/v2\/media?parent=55871"}],"wp:term":[{"taxonomy":"product_brand","embeddable":true,"href":"https:\/\/svetslik.si\/hu\/wp-json\/wp\/v2\/product_brand?post=55871"},{"taxonomy":"product_cat","embeddable":true,"href":"https:\/\/svetslik.si\/hu\/wp-json\/wp\/v2\/product_cat?post=55871"},{"taxonomy":"product_tag","embeddable":true,"href":"https:\/\/svetslik.si\/hu\/wp-json\/wp\/v2\/product_tag?post=55871"}],"curies":[{"name":"wp","href":"https:\/\/api.w.org\/{rel}","templated":true}]}}