{"id":55889,"date":"2021-09-02T18:24:58","date_gmt":"2021-09-02T16:24:58","guid":{"rendered":"https:\/\/svetslik.si\/nem-kategorizalt\/krik\/"},"modified":"2026-03-22T22:39:32","modified_gmt":"2026-03-22T21:39:32","slug":"krik","status":"publish","type":"product","link":"https:\/\/svetslik.si\/hu\/edvard-munch-hu\/krik\/","title":{"rendered":"Edvard Munch &#8211; The Scream &#8211; A sikoly"},"content":{"rendered":"<div class=\"wpb-content-wrapper\">[vc_row css=&#8221;.vc_custom_1722459049604{margin-bottom: 10px !important;}&#8221;][vc_column]\t<div class=\"et-image-924 et-image     et_image_link\">\n\t\t<div class=\"et-image-inner \">\n\t\t\t\t\t\t\t<div class=\"et-image-thumb \">\n\t\t\t\t\t<img decoding=\"async\" width=\"1000\" height=\"1251\" src=\"https:\/\/svetslik.si\/wp-content\/uploads\/2021\/09\/Edvard-Munch-\u2013-Krik-\u2013-The-Scream.jpg\" class=\"attachment-full\" alt=\"Edvard Munch - The Scream - A sikoly\" title=\"Edvard Munch - The Scream - A sikoly\" srcset=\"https:\/\/svetslik.si\/wp-content\/uploads\/2021\/09\/Edvard-Munch-\u2013-Krik-\u2013-The-Scream.jpg 1000w, https:\/\/svetslik.si\/wp-content\/uploads\/2021\/09\/Edvard-Munch-\u2013-Krik-\u2013-The-Scream-600x751.jpg 600w, https:\/\/svetslik.si\/wp-content\/uploads\/2021\/09\/Edvard-Munch-\u2013-Krik-\u2013-The-Scream-240x300.jpg 240w, https:\/\/svetslik.si\/wp-content\/uploads\/2021\/09\/Edvard-Munch-\u2013-Krik-\u2013-The-Scream-819x1024.jpg 819w, https:\/\/svetslik.si\/wp-content\/uploads\/2021\/09\/Edvard-Munch-\u2013-Krik-\u2013-The-Scream-768x961.jpg 768w, https:\/\/svetslik.si\/wp-content\/uploads\/2021\/09\/Edvard-Munch-\u2013-Krik-\u2013-The-Scream-120x150.jpg 120w, https:\/\/svetslik.si\/wp-content\/uploads\/2021\/09\/Edvard-Munch-\u2013-Krik-\u2013-The-Scream-900x1126.jpg 900w\" sizes=\"(max-width: 1000px) 100vw, 1000px\" \/>\t\t\t\t<\/div>\n\t\t\t\t\t\t\t\t\t\t\t<\/div>\n\t<\/div>\n  [\/vc_column][\/vc_row][vc_row css=&#8221;.vc_custom_1722459049604{margin-bottom: 10px !important;}&#8221;][vc_column]\t<div class=\"et-image-709 et-image     et_image_link\">\n\t\t<div class=\"et-image-inner \">\n\t\t\t\t\t\t\t<div class=\"et-image-thumb \">\n\t\t\t\t\t<img decoding=\"async\" width=\"1000\" height=\"1232\" src=\"https:\/\/svetslik.si\/wp-content\/uploads\/2021\/09\/Edvard-Munch-\u2013-Krik-\u2013-The-Scream2.jpg\" class=\"attachment-full\" alt=\"Edvard Munch - The Scream - A sikoly\" title=\"Edvard Munch - The Scream - A sikoly\" srcset=\"https:\/\/svetslik.si\/wp-content\/uploads\/2021\/09\/Edvard-Munch-\u2013-Krik-\u2013-The-Scream2.jpg 1000w, https:\/\/svetslik.si\/wp-content\/uploads\/2021\/09\/Edvard-Munch-\u2013-Krik-\u2013-The-Scream2-600x739.jpg 600w, https:\/\/svetslik.si\/wp-content\/uploads\/2021\/09\/Edvard-Munch-\u2013-Krik-\u2013-The-Scream2-244x300.jpg 244w, https:\/\/svetslik.si\/wp-content\/uploads\/2021\/09\/Edvard-Munch-\u2013-Krik-\u2013-The-Scream2-831x1024.jpg 831w, https:\/\/svetslik.si\/wp-content\/uploads\/2021\/09\/Edvard-Munch-\u2013-Krik-\u2013-The-Scream2-768x946.jpg 768w, https:\/\/svetslik.si\/wp-content\/uploads\/2021\/09\/Edvard-Munch-\u2013-Krik-\u2013-The-Scream2-122x150.jpg 122w, https:\/\/svetslik.si\/wp-content\/uploads\/2021\/09\/Edvard-Munch-\u2013-Krik-\u2013-The-Scream2-900x1109.jpg 900w\" sizes=\"(max-width: 1000px) 100vw, 1000px\" \/>\t\t\t\t<\/div>\n\t\t\t\t\t\t\t\t\t\t\t<\/div>\n\t<\/div>\n  [\/vc_column][\/vc_row][vc_row css=&#8221;.vc_custom_1722459049604{margin-bottom: 10px !important;}&#8221;][vc_column]\t<div class=\"et-image-640 et-image     et_image_link\">\n\t\t<div class=\"et-image-inner \">\n\t\t\t\t\t\t\t<div class=\"et-image-thumb \">\n\t\t\t\t\t<img decoding=\"async\" width=\"1000\" height=\"1440\" src=\"https:\/\/svetslik.si\/wp-content\/uploads\/2021\/09\/Edvard-Munch-\u2013-Krik-\u2013-The-Scream3.jpg\" class=\"attachment-full\" alt=\"Edvard Munch - The Scream - A sikoly\" title=\"Edvard Munch - The Scream - A sikoly\" srcset=\"https:\/\/svetslik.si\/wp-content\/uploads\/2021\/09\/Edvard-Munch-\u2013-Krik-\u2013-The-Scream3.jpg 1000w, https:\/\/svetslik.si\/wp-content\/uploads\/2021\/09\/Edvard-Munch-\u2013-Krik-\u2013-The-Scream3-600x864.jpg 600w, https:\/\/svetslik.si\/wp-content\/uploads\/2021\/09\/Edvard-Munch-\u2013-Krik-\u2013-The-Scream3-208x300.jpg 208w, https:\/\/svetslik.si\/wp-content\/uploads\/2021\/09\/Edvard-Munch-\u2013-Krik-\u2013-The-Scream3-711x1024.jpg 711w, https:\/\/svetslik.si\/wp-content\/uploads\/2021\/09\/Edvard-Munch-\u2013-Krik-\u2013-The-Scream3-768x1106.jpg 768w, https:\/\/svetslik.si\/wp-content\/uploads\/2021\/09\/Edvard-Munch-\u2013-Krik-\u2013-The-Scream3-104x150.jpg 104w, https:\/\/svetslik.si\/wp-content\/uploads\/2021\/09\/Edvard-Munch-\u2013-Krik-\u2013-The-Scream3-900x1296.jpg 900w\" sizes=\"(max-width: 1000px) 100vw, 1000px\" \/>\t\t\t\t<\/div>\n\t\t\t\t\t\t\t\t\t\t\t<\/div>\n\t<\/div>\n  [\/vc_column][\/vc_row][vc_row css=&#8221;.vc_custom_1722459049604{margin-bottom: 10px !important;}&#8221;][vc_column]\t<div class=\"et-image-923 et-image     et_image_link\">\n\t\t<div class=\"et-image-inner \">\n\t\t\t\t\t\t\t<div class=\"et-image-thumb \">\n\t\t\t\t\t<img decoding=\"async\" width=\"1000\" height=\"690\" src=\"https:\/\/svetslik.si\/wp-content\/uploads\/2021\/09\/Edvard-Munch-\u2013-Krik-\u2013-The-Scream-4.jpg\" class=\"attachment-full\" alt=\"Edvard Munch - The Scream - A sikoly\" title=\"Edvard Munch - The Scream - A sikoly\" srcset=\"https:\/\/svetslik.si\/wp-content\/uploads\/2021\/09\/Edvard-Munch-\u2013-Krik-\u2013-The-Scream-4.jpg 1000w, https:\/\/svetslik.si\/wp-content\/uploads\/2021\/09\/Edvard-Munch-\u2013-Krik-\u2013-The-Scream-4-600x414.jpg 600w, https:\/\/svetslik.si\/wp-content\/uploads\/2021\/09\/Edvard-Munch-\u2013-Krik-\u2013-The-Scream-4-300x207.jpg 300w, https:\/\/svetslik.si\/wp-content\/uploads\/2021\/09\/Edvard-Munch-\u2013-Krik-\u2013-The-Scream-4-768x530.jpg 768w, https:\/\/svetslik.si\/wp-content\/uploads\/2021\/09\/Edvard-Munch-\u2013-Krik-\u2013-The-Scream-4-150x104.jpg 150w, https:\/\/svetslik.si\/wp-content\/uploads\/2021\/09\/Edvard-Munch-\u2013-Krik-\u2013-The-Scream-4-900x621.jpg 900w\" sizes=\"(max-width: 1000px) 100vw, 1000px\" \/>\t\t\t\t<\/div>\n\t\t\t\t\t\t\t\t\t\t\t<\/div>\n\t<\/div>\n  [\/vc_column][\/vc_row][vc_row css=&#8221;.vc_custom_1722459049604{margin-bottom: 10px !important;}&#8221;][vc_column]\t<div class=\"et-image-978 et-image     et_image_link\">\n\t\t<div class=\"et-image-inner \">\n\t\t\t\t\t\t\t<div class=\"et-image-thumb \">\n\t\t\t\t\t<img decoding=\"async\" width=\"1000\" height=\"563\" src=\"https:\/\/svetslik.si\/wp-content\/uploads\/2021\/09\/Edvard-Munch-\u2013-Krik-\u2013-The-Scream-5.jpg\" class=\"attachment-full\" alt=\"Edvard Munch - The Scream - A sikoly\" title=\"Edvard Munch - The Scream - A sikoly\" srcset=\"https:\/\/svetslik.si\/wp-content\/uploads\/2021\/09\/Edvard-Munch-\u2013-Krik-\u2013-The-Scream-5.jpg 1000w, https:\/\/svetslik.si\/wp-content\/uploads\/2021\/09\/Edvard-Munch-\u2013-Krik-\u2013-The-Scream-5-600x338.jpg 600w, https:\/\/svetslik.si\/wp-content\/uploads\/2021\/09\/Edvard-Munch-\u2013-Krik-\u2013-The-Scream-5-300x169.jpg 300w, https:\/\/svetslik.si\/wp-content\/uploads\/2021\/09\/Edvard-Munch-\u2013-Krik-\u2013-The-Scream-5-768x432.jpg 768w, https:\/\/svetslik.si\/wp-content\/uploads\/2021\/09\/Edvard-Munch-\u2013-Krik-\u2013-The-Scream-5-150x84.jpg 150w, https:\/\/svetslik.si\/wp-content\/uploads\/2021\/09\/Edvard-Munch-\u2013-Krik-\u2013-The-Scream-5-900x507.jpg 900w\" sizes=\"(max-width: 1000px) 100vw, 1000px\" \/>\t\t\t\t<\/div>\n\t\t\t\t\t\t\t\t\t\t\t<\/div>\n\t<\/div>\n  [\/vc_column][\/vc_row][vc_row][vc_column][vc_column_text]\n<h1>Edvard Munch \u2013 A sikoly<\/h1>\n<p>&nbsp;<\/p>\n<table style=\"width: 673px;\" border=\"0\" width=\"673\" cellpadding=\"0\">\n<tbody>\n<tr>\n<td style=\"width: 180px; height: 21px;\" height=\"21\">L\u00e9trehoz\u00e1s \u00e9ve:<\/td>\n<td style=\"width: 493px;\">1893<\/td>\n<\/tr>\n<tr>\n<td style=\"width: 180px; height: 21px;\" height=\"21\">Eredeti m\u00e9ret:<\/td>\n<td style=\"width: 493px;\">73,5 cm x 91 cm<\/td>\n<\/tr>\n<tr>\n<td style=\"width: 180px; height: 21px;\" height=\"21\">Fest\u00e9si st\u00edlus:<\/td>\n<td style=\"width: 493px;\">Expresszionizmus<\/td>\n<\/tr>\n<tr>\n<td style=\"width: 180px; height: 21px;\" height=\"21\">Eredeti technika:<\/td>\n<td>Olaj, tempera, pasztell kartonon<\/td>\n<\/tr>\n<tr>\n<td style=\"width: 180px; height: 21px;\" height=\"21\">Helysz\u00edn:<\/td>\n<td>Nemzeti Gal\u00e9ria, Oslo<\/td>\n<\/tr>\n<\/tbody>\n<colgroup>\n<col \/>\n<col \/> <\/colgroup>\n<\/table>\n<p>Edvard Munch: Az expresszionizmus \u00e9s a sikoly mestere<\/p>\n<p>Edvard Munch (1863-1944) norv\u00e9g fest\u0151 volt, akit az expresszionizmus egyik \u00fatt\u00f6r\u0151jek\u00e9nt tartanak sz\u00e1mon. Ez a modern m\u0171v\u00e9szeti ir\u00e1nyzat, amelyet a szubjekt\u00edv \u00e9rzelmekre \u00e9s a m\u0171v\u00e9sz bels\u0151 vil\u00e1g\u00e1ra \u00f6sszpontos\u00edt. Legh\u00edresebb festm\u00e9nye, a Sikoly a kort\u00e1rs m\u0171v\u00e9szet egyik ikonja, \u00e9s a m\u0171v\u00e9sz szinonim\u00e1j\u00e1v\u00e1 v\u00e1lt.<\/p>\n<p>A &#8220;Sikoly&#8221;, m\u00e1s n\u00e9ven A term\u00e9szet sikolya, 1893-ban k\u00e9sz\u00fclt, \u00e9s egy b\u00e1natos arc\u00fa alakot \u00e1br\u00e1zol, aki a fej\u00e9t fogja, \u00e9s v\u00e9rszomjas sikolyt hallat. A k\u00e9p h\u00e1tter\u00e9ben egy viharos \u00e9gbolt \u00e9s egy fjord l\u00e1that\u00f3, ami tov\u00e1bb fokozza a k\u00e1osz \u00e9s a szorong\u00e1s \u00e9rz\u00e9s\u00e9t. A festm\u00e9ny \u00e1ll\u00edt\u00f3lag Munch szorong\u00e1s\u00e1nak, elidegened\u00e9s\u00e9nek \u00e9s egzisztenci\u00e1lis k\u00e9ts\u00e9gbees\u00e9s\u00e9nek \u00e9rz\u00e9seit k\u00e9pviseli.<\/p>\n<p>Munch a Sikoly n\u00e9gy v\u00e1ltozat\u00e1t k\u00e9sz\u00edtette el, kett\u0151t olajban, egyet pasztellben \u00e9s egyet nyomtatott form\u00e1ban. Az els\u0151 v\u00e1ltozatot 1893-ban olajjal festett\u00e9k, \u00e9s jelenleg a norv\u00e9giai osl\u00f3i Nemzeti M\u00fazeum gy\u0171jtem\u00e9ny\u00e9nek r\u00e9sze. A m\u00e1sodik, 1895-ben festett v\u00e1ltozatot a n\u00e9gy k\u00f6z\u00fcl a legikonikusabbnak tartj\u00e1k, \u00e9s az osl\u00f3i Munch M\u00fazeum gy\u0171jtem\u00e9ny\u00e9nek r\u00e9sze.<\/p>\n<p>A Sikoly a vil\u00e1g egyik legismertebb m\u0171alkot\u00e1s\u00e1v\u00e1 v\u00e1lt, \u00e9s sz\u00e1mos filmben, k\u00f6nyvben \u00e9s telev\u00edzi\u00f3s m\u0171sorban szerepelt. Sz\u00e1mos kritikai tanulm\u00e1ny is foglalkozott vele, amelyekben sok szak\u00e9rt\u0151 elemezte a festm\u00e9ny t\u00e9m\u00e1j\u00e1t, amely a pszichol\u00f3giai szorong\u00e1shoz, az \u00e9let \u00e9rtelm\u00e9nek keres\u00e9s\u00e9hez \u00e9s az emberi tapasztalatokhoz kapcsol\u00f3dik.<\/p>\n<p>Munch The Sikolya jelent\u0151s hat\u00e1ssal volt a k\u00e9s\u0151bbi m\u0171v\u00e9szekre, k\u00fcl\u00f6n\u00f6sen azokra, akik az expresszionizmus, a sz\u00fcrrealizmus \u00e9s a neo-expresszionizmus ter\u00fclet\u00e9n dolgoztak. A festm\u00e9ny ma is inspir\u00e1lja \u00e9s \u00f6r\u00f6met okoz a k\u00f6z\u00f6ns\u00e9gnek, er\u0151teljes eml\u00e9keztet\u0151k\u00e9nt a m\u0171v\u00e9sz figyelemre m\u00e9lt\u00f3 k\u00e9pess\u00e9g\u00e9re, hogy m\u0171veivel \u00f6sszetett \u00e9rzelmeket fejezzen ki.<\/p>\n<p>Arra a k\u00f6vetkeztet\u00e9sre juthatunk, hogy Edvard Munch A Sikoly c\u00edm\u0171 m\u0171ve a kort\u00e1rs m\u0171v\u00e9szet egyik meghat\u00e1roz\u00f3 alkot\u00e1sa, amely m\u00e9g mindig leny\u0171g\u00f6zi \u00e9s inspir\u00e1lja a k\u00f6z\u00f6ns\u00e9get. Id\u0151tlen t\u00e9m\u00e1ja az egzisztenci\u00e1lis szorong\u00e1s, szorong\u00e1s \u00e9s az \u00e9let \u00e9rtelm\u00e9nek keres\u00e9se a vil\u00e1g egyik legismertebb \u00e9s legelismertebb m\u0171alkot\u00e1s\u00e1v\u00e1 teszi. Ak\u00e1r m\u0171v\u00e9szetkedvel\u0151, ak\u00e1r t\u00f6rt\u00e9n\u00e9sz, vagy egyszer\u0171en csak \u00e9rdekl\u0151dik az emberi tapasztalatok felfedez\u00e9se ir\u00e1nt, a Sikoly egy k\u00f6telez\u0151 festm\u00e9ny, amelyet nem szabad kihagyni.<\/p>\n<p>Kulcsszavak: Edvard Munch, Sikoly, expresszionizmus, modern m\u0171v\u00e9szet, gy\u00f6tr\u0151d\u0151 arc, term\u00e9szet ki\u00e1lt\u00e1sa, egzisztenci\u00e1lis k\u00e9ts\u00e9gbees\u00e9s, ikon, Munch M\u00fazeum, pszichol\u00f3giai szorong\u00e1s, emberi tapasztalat.<\/p>\n<\/div>","protected":false},"excerpt":{"rendered":"<p>[vc_row css=&#8221;.vc_custom_1722459049604{margin-bottom: 10px !important;}&#8221;][vc_column][\/vc_column][\/vc_row][vc_row css=&#8221;.vc_custom_1722459049604{margin-bottom: 10px !important;}&#8221;][vc_column][\/vc_column][\/vc_row][vc_row css=&#8221;.vc_custom_1722459049604{margin-bottom: 10px !important;}&#8221;][vc_column][\/vc_column][\/vc_row][vc_row css=&#8221;.vc_custom_1722459049604{margin-bottom: 10px !important;}&#8221;][vc_column][\/vc_column][\/vc_row][vc_row css=&#8221;.vc_custom_1722459049604{margin-bottom: 10px !important;}&#8221;][vc_column][\/vc_column][\/vc_row][vc_row][vc_column][vc_column_text] Edvard Munch \u2013 A sikoly &nbsp; L\u00e9trehoz\u00e1s \u00e9ve: 1893 Eredeti m\u00e9ret: 73,5 cm x 91 cm Fest\u00e9si st\u00edlus: Expresszionizmus Eredeti technika: Olaj, tempera, pasztell kartonon Helysz\u00edn: Nemzeti Gal\u00e9ria, Oslo Edvard Munch: Az expresszionizmus \u00e9s [&hellip;]<\/p>\n","protected":false},"featured_media":50821,"template":"","meta":{"_acf_changed":false},"product_brand":[],"product_cat":[7140],"product_tag":[7183,11885,11886,11887],"class_list":{"0":"post-55889","1":"product","2":"type-product","3":"status-publish","4":"has-post-thumbnail","6":"product_cat-edvard-munch-hu","7":"product_tag-munch-hu","8":"product_tag-painter-hu","9":"product_tag-reproduction","10":"product_tag-reproductions-hu","11":"pa_dimenzija-110-x-140-cm-hu","12":"pa_dimenzija-130-x-160-cm-hu","13":"pa_dimenzija-150-x-190-cm-hu","14":"pa_dimenzija-40-x-50-cm-hu","15":"pa_dimenzija-50-x-60-cm-hu","16":"pa_dimenzija-60-x-70-cm-hu","17":"pa_dimenzija-74-x-91-cm-hu","18":"pa_dimenzija-90-x-110-cm-hu","19":"pa_oblika-fuggoleges","20":"pa_okvir-nincs-keret","21":"pa_podokvir-igen","22":"pa_podokvir-nem","24":"first","25":"onbackorder","26":"purchasable","27":"product-type-variable","28":"has-default-attributes"},"acf":[],"yoast_head":"<!-- This site is optimized with the Yoast SEO Premium plugin v26.0 (Yoast SEO v27.2) - https:\/\/yoast.com\/product\/yoast-seo-premium-wordpress\/ -->\n<title>Edvard Munch - The Scream - A sikoly - SVETSLIK.SI - 100% k\u00e9zzel festett<\/title>\n<meta name=\"description\" content=\"Edvard Munch - The Scream - A sikoly - 100% k\u00e9zzel festett h\u00edres festm\u00e9nyek reprodukci\u00f3i. Festm\u00e9nyek keretez\u00e9se, elad\u00e1sa \u00e9s egyedi rendel\u00e9sre t\u00f6rt\u00e9n\u0151 v\u00e1szonk\u00e9pek k\u00e9sz\u00edt\u00e9se.\" \/>\n<meta name=\"robots\" content=\"index, follow, max-snippet:-1, max-image-preview:large, max-video-preview:-1\" \/>\n<link rel=\"canonical\" href=\"https:\/\/svetslik.si\/hu\/edvard-munch-hu\/krik\/\" \/>\n<meta property=\"og:locale\" content=\"hu_HU\" \/>\n<meta property=\"og:type\" content=\"article\" \/>\n<meta property=\"og:title\" content=\"Edvard Munch - The Scream - A sikoly\" \/>\n<meta property=\"og:description\" content=\"100% ro\u010dno naslikane slike na platnu, reprodukcije znanih slikarjev in umetni\u0161ke slike po naro\u010dilu.\" \/>\n<meta property=\"og:url\" content=\"https:\/\/svetslik.si\/hu\/edvard-munch-hu\/krik\/\" \/>\n<meta property=\"og:site_name\" content=\"SVETSLIK.SI\" \/>\n<meta property=\"article:publisher\" content=\"https:\/\/www.facebook.com\/svetslik.si\" \/>\n<meta property=\"article:modified_time\" content=\"2026-03-22T21:39:32+00:00\" \/>\n<meta property=\"og:image\" content=\"https:\/\/svetslik.si\/wp-content\/uploads\/2021\/09\/Edvard-Munch-Kirik-The-Scream.jpg\" \/>\n\t<meta property=\"og:image:width\" content=\"1000\" \/>\n\t<meta property=\"og:image:height\" content=\"1267\" \/>\n\t<meta property=\"og:image:type\" content=\"image\/jpeg\" \/>\n<meta name=\"twitter:card\" content=\"summary_large_image\" \/>\n<meta name=\"twitter:site\" content=\"@svetslik\" \/>\n<meta name=\"twitter:label1\" content=\"El\u00e9rhet\u0151s\u00e9g\" \/>\n\t<meta name=\"twitter:data1\" content=\"Beszerz\u00e9s alatt\" \/>\n<script type=\"application\/ld+json\" class=\"yoast-schema-graph\">{\"@context\":\"https:\/\/schema.org\",\"@graph\":[{\"@type\":[\"WebPage\",\"ItemPage\"],\"@id\":\"https:\/\/svetslik.si\/hu\/edvard-munch-hu\/krik\/\",\"url\":\"https:\/\/svetslik.si\/hu\/edvard-munch-hu\/krik\/\",\"name\":\"Edvard Munch - The Scream - A sikoly - SVETSLIK.SI - 100% k\u00e9zzel festett\",\"isPartOf\":{\"@id\":\"https:\/\/svetslik.si\/hu\/#website\"},\"primaryImageOfPage\":{\"@id\":\"https:\/\/svetslik.si\/hu\/edvard-munch-hu\/krik\/#primaryimage\"},\"image\":{\"@id\":\"https:\/\/svetslik.si\/hu\/edvard-munch-hu\/krik\/#primaryimage\"},\"thumbnailUrl\":\"https:\/\/svetslik.si\/wp-content\/uploads\/2021\/09\/Edvard-Munch-Kirik-The-Scream.jpg\",\"datePublished\":\"2021-09-02T16:24:58+00:00\",\"dateModified\":\"2026-03-22T21:39:32+00:00\",\"description\":\"Edvard Munch - The Scream - A sikoly - 100% k\u00e9zzel festett h\u00edres festm\u00e9nyek reprodukci\u00f3i. Festm\u00e9nyek keretez\u00e9se, elad\u00e1sa \u00e9s egyedi rendel\u00e9sre t\u00f6rt\u00e9n\u0151 v\u00e1szonk\u00e9pek k\u00e9sz\u00edt\u00e9se.\",\"breadcrumb\":{\"@id\":\"https:\/\/svetslik.si\/hu\/edvard-munch-hu\/krik\/#breadcrumb\"},\"inLanguage\":\"hu\",\"potentialAction\":[{\"@type\":\"ReadAction\",\"target\":[\"https:\/\/svetslik.si\/hu\/edvard-munch-hu\/krik\/\"]}]},{\"@type\":\"ImageObject\",\"inLanguage\":\"hu\",\"@id\":\"https:\/\/svetslik.si\/hu\/edvard-munch-hu\/krik\/#primaryimage\",\"url\":\"https:\/\/svetslik.si\/wp-content\/uploads\/2021\/09\/Edvard-Munch-Kirik-The-Scream.jpg\",\"contentUrl\":\"https:\/\/svetslik.si\/wp-content\/uploads\/2021\/09\/Edvard-Munch-Kirik-The-Scream.jpg\",\"width\":1000,\"height\":1267,\"caption\":\"Edvard Munch - Kirik - The Scream festm\u00e9nyek\"},{\"@type\":\"BreadcrumbList\",\"@id\":\"https:\/\/svetslik.si\/hu\/edvard-munch-hu\/krik\/#breadcrumb\",\"itemListElement\":[{\"@type\":\"ListItem\",\"position\":1,\"name\":\"Wall art and paintings on canvas\",\"item\":\"https:\/\/svetslik.si\/hu\/\"},{\"@type\":\"ListItem\",\"position\":2,\"name\":\"Festm\u00e9nyek elad\u00e1sa\",\"item\":\"https:\/\/svetslik.si\/prodaja-slik\/\"},{\"@type\":\"ListItem\",\"position\":3,\"name\":\"Edvard Munch &#8211; The Scream &#8211; A sikoly\"}]},{\"@type\":\"WebSite\",\"@id\":\"https:\/\/svetslik.si\/hu\/#website\",\"url\":\"https:\/\/svetslik.si\/hu\/\",\"name\":\"SVETSLIK.SI\",\"description\":\"100%-ban k\u00e9zzel festett reprodukci\u00f3k h\u00edres fest\u0151k festm\u00e9nyeir\u0151l \u00e9s festm\u00e9nyekr\u0151l v\u00e1szonra.\",\"publisher\":{\"@id\":\"https:\/\/svetslik.si\/hu\/#organization\"},\"potentialAction\":[{\"@type\":\"SearchAction\",\"target\":{\"@type\":\"EntryPoint\",\"urlTemplate\":\"https:\/\/svetslik.si\/hu\/?s={search_term_string}\"},\"query-input\":{\"@type\":\"PropertyValueSpecification\",\"valueRequired\":true,\"valueName\":\"search_term_string\"}}],\"inLanguage\":\"hu\"},{\"@type\":\"Organization\",\"@id\":\"https:\/\/svetslik.si\/hu\/#organization\",\"name\":\"SvetSlik.si\",\"url\":\"https:\/\/svetslik.si\/hu\/\",\"logo\":{\"@type\":\"ImageObject\",\"inLanguage\":\"hu\",\"@id\":\"https:\/\/svetslik.si\/hu\/#\/schema\/logo\/image\/\",\"url\":\"https:\/\/svetslik.si\/wp-content\/uploads\/2020\/12\/logo-512.png\",\"contentUrl\":\"https:\/\/svetslik.si\/wp-content\/uploads\/2020\/12\/logo-512.png\",\"width\":512,\"height\":512,\"caption\":\"SvetSlik.si\"},\"image\":{\"@id\":\"https:\/\/svetslik.si\/hu\/#\/schema\/logo\/image\/\"},\"sameAs\":[\"https:\/\/www.facebook.com\/svetslik.si\",\"https:\/\/x.com\/svetslik\",\"https:\/\/www.instagram.com\/svetslik.si\/\",\"https:\/\/www.linkedin.com\/company\/svetslik-si\"]}]}<\/script>\n<meta property=\"og:availability\" content=\"backorder\" \/>\n<meta property=\"product:availability\" content=\"available for order\" \/>\n<meta property=\"product:retailer_item_id\" content=\"566__\" \/>\n<meta property=\"product:condition\" content=\"new\" \/>\n<!-- \/ Yoast SEO Premium plugin. -->","yoast_head_json":{"title":"Edvard Munch - The Scream - A sikoly - SVETSLIK.SI - 100% k\u00e9zzel festett","description":"Edvard Munch - The Scream - A sikoly - 100% k\u00e9zzel festett h\u00edres festm\u00e9nyek reprodukci\u00f3i. Festm\u00e9nyek keretez\u00e9se, elad\u00e1sa \u00e9s egyedi rendel\u00e9sre t\u00f6rt\u00e9n\u0151 v\u00e1szonk\u00e9pek k\u00e9sz\u00edt\u00e9se.","robots":{"index":"index","follow":"follow","max-snippet":"max-snippet:-1","max-image-preview":"max-image-preview:large","max-video-preview":"max-video-preview:-1"},"canonical":"https:\/\/svetslik.si\/hu\/edvard-munch-hu\/krik\/","og_locale":"hu_HU","og_type":"article","og_title":"Edvard Munch - The Scream - A sikoly","og_description":"100% ro\u010dno naslikane slike na platnu, reprodukcije znanih slikarjev in umetni\u0161ke slike po naro\u010dilu.","og_url":"https:\/\/svetslik.si\/hu\/edvard-munch-hu\/krik\/","og_site_name":"SVETSLIK.SI","article_publisher":"https:\/\/www.facebook.com\/svetslik.si","article_modified_time":"2026-03-22T21:39:32+00:00","og_image":[{"width":1000,"height":1267,"url":"https:\/\/svetslik.si\/wp-content\/uploads\/2021\/09\/Edvard-Munch-Kirik-The-Scream.jpg","type":"image\/jpeg"}],"twitter_card":"summary_large_image","twitter_site":"@svetslik","twitter_misc":{"El\u00e9rhet\u0151s\u00e9g":"Beszerz\u00e9s alatt"},"schema":{"@context":"https:\/\/schema.org","@graph":[{"@type":["WebPage","ItemPage"],"@id":"https:\/\/svetslik.si\/hu\/edvard-munch-hu\/krik\/","url":"https:\/\/svetslik.si\/hu\/edvard-munch-hu\/krik\/","name":"Edvard Munch - The Scream - A sikoly - SVETSLIK.SI - 100% k\u00e9zzel festett","isPartOf":{"@id":"https:\/\/svetslik.si\/hu\/#website"},"primaryImageOfPage":{"@id":"https:\/\/svetslik.si\/hu\/edvard-munch-hu\/krik\/#primaryimage"},"image":{"@id":"https:\/\/svetslik.si\/hu\/edvard-munch-hu\/krik\/#primaryimage"},"thumbnailUrl":"https:\/\/svetslik.si\/wp-content\/uploads\/2021\/09\/Edvard-Munch-Kirik-The-Scream.jpg","datePublished":"2021-09-02T16:24:58+00:00","dateModified":"2026-03-22T21:39:32+00:00","description":"Edvard Munch - The Scream - A sikoly - 100% k\u00e9zzel festett h\u00edres festm\u00e9nyek reprodukci\u00f3i. Festm\u00e9nyek keretez\u00e9se, elad\u00e1sa \u00e9s egyedi rendel\u00e9sre t\u00f6rt\u00e9n\u0151 v\u00e1szonk\u00e9pek k\u00e9sz\u00edt\u00e9se.","breadcrumb":{"@id":"https:\/\/svetslik.si\/hu\/edvard-munch-hu\/krik\/#breadcrumb"},"inLanguage":"hu","potentialAction":[{"@type":"ReadAction","target":["https:\/\/svetslik.si\/hu\/edvard-munch-hu\/krik\/"]}]},{"@type":"ImageObject","inLanguage":"hu","@id":"https:\/\/svetslik.si\/hu\/edvard-munch-hu\/krik\/#primaryimage","url":"https:\/\/svetslik.si\/wp-content\/uploads\/2021\/09\/Edvard-Munch-Kirik-The-Scream.jpg","contentUrl":"https:\/\/svetslik.si\/wp-content\/uploads\/2021\/09\/Edvard-Munch-Kirik-The-Scream.jpg","width":1000,"height":1267,"caption":"Edvard Munch - Kirik - The Scream festm\u00e9nyek"},{"@type":"BreadcrumbList","@id":"https:\/\/svetslik.si\/hu\/edvard-munch-hu\/krik\/#breadcrumb","itemListElement":[{"@type":"ListItem","position":1,"name":"Wall art and paintings on canvas","item":"https:\/\/svetslik.si\/hu\/"},{"@type":"ListItem","position":2,"name":"Festm\u00e9nyek elad\u00e1sa","item":"https:\/\/svetslik.si\/prodaja-slik\/"},{"@type":"ListItem","position":3,"name":"Edvard Munch &#8211; The Scream &#8211; A sikoly"}]},{"@type":"WebSite","@id":"https:\/\/svetslik.si\/hu\/#website","url":"https:\/\/svetslik.si\/hu\/","name":"SVETSLIK.SI","description":"100%-ban k\u00e9zzel festett reprodukci\u00f3k h\u00edres fest\u0151k festm\u00e9nyeir\u0151l \u00e9s festm\u00e9nyekr\u0151l v\u00e1szonra.","publisher":{"@id":"https:\/\/svetslik.si\/hu\/#organization"},"potentialAction":[{"@type":"SearchAction","target":{"@type":"EntryPoint","urlTemplate":"https:\/\/svetslik.si\/hu\/?s={search_term_string}"},"query-input":{"@type":"PropertyValueSpecification","valueRequired":true,"valueName":"search_term_string"}}],"inLanguage":"hu"},{"@type":"Organization","@id":"https:\/\/svetslik.si\/hu\/#organization","name":"SvetSlik.si","url":"https:\/\/svetslik.si\/hu\/","logo":{"@type":"ImageObject","inLanguage":"hu","@id":"https:\/\/svetslik.si\/hu\/#\/schema\/logo\/image\/","url":"https:\/\/svetslik.si\/wp-content\/uploads\/2020\/12\/logo-512.png","contentUrl":"https:\/\/svetslik.si\/wp-content\/uploads\/2020\/12\/logo-512.png","width":512,"height":512,"caption":"SvetSlik.si"},"image":{"@id":"https:\/\/svetslik.si\/hu\/#\/schema\/logo\/image\/"},"sameAs":["https:\/\/www.facebook.com\/svetslik.si","https:\/\/x.com\/svetslik","https:\/\/www.instagram.com\/svetslik.si\/","https:\/\/www.linkedin.com\/company\/svetslik-si"]}]},"og_availability":"backorder","product_availability":"available for order","product_retailer_item_id":"566__","product_condition":"new"},"jetpack_sharing_enabled":true,"_links":{"self":[{"href":"https:\/\/svetslik.si\/hu\/wp-json\/wp\/v2\/product\/55889","targetHints":{"allow":["GET"]}}],"collection":[{"href":"https:\/\/svetslik.si\/hu\/wp-json\/wp\/v2\/product"}],"about":[{"href":"https:\/\/svetslik.si\/hu\/wp-json\/wp\/v2\/types\/product"}],"wp:featuredmedia":[{"embeddable":true,"href":"https:\/\/svetslik.si\/hu\/wp-json\/wp\/v2\/media\/50821"}],"wp:attachment":[{"href":"https:\/\/svetslik.si\/hu\/wp-json\/wp\/v2\/media?parent=55889"}],"wp:term":[{"taxonomy":"product_brand","embeddable":true,"href":"https:\/\/svetslik.si\/hu\/wp-json\/wp\/v2\/product_brand?post=55889"},{"taxonomy":"product_cat","embeddable":true,"href":"https:\/\/svetslik.si\/hu\/wp-json\/wp\/v2\/product_cat?post=55889"},{"taxonomy":"product_tag","embeddable":true,"href":"https:\/\/svetslik.si\/hu\/wp-json\/wp\/v2\/product_tag?post=55889"}],"curies":[{"name":"wp","href":"https:\/\/api.w.org\/{rel}","templated":true}]}}