{"id":56111,"date":"2021-09-02T18:28:47","date_gmt":"2021-09-02T16:28:47","guid":{"rendered":"https:\/\/svetslik.si\/nem-kategorizalt\/the-dance-second-version\/"},"modified":"2026-03-22T22:43:07","modified_gmt":"2026-03-22T21:43:07","slug":"the-dance-second-version","status":"publish","type":"product","link":"https:\/\/svetslik.si\/hu\/henri-matisse-hu\/the-dance-second-version\/","title":{"rendered":"Henri Matisse &#8211; The Dance (second version)"},"content":{"rendered":"<h1>Henri Matisse \u2013 A t\u00e1nc (m\u00e1sodik verzi\u00f3)<\/h1>\n<p>&nbsp;<\/p>\n<table style=\"width: 673px\" border=\"0\" width=\"673\" cellpadding=\"0\">\n<tbody>\n<tr>\n<td style=\"width: 180px;height: 21px\" height=\"21\">L\u00e9trehoz\u00e1s \u00e9ve:<\/td>\n<td style=\"width: 493px\">1910<\/td>\n<\/tr>\n<tr>\n<td style=\"width: 180px;height: 21px\" height=\"21\">Eredeti m\u00e9ret:<\/td>\n<td style=\"width: 493px\">391 cm x 260 cm<\/td>\n<\/tr>\n<tr>\n<td style=\"width: 180px;height: 21px\" height=\"21\">Fest\u00e9si st\u00edlus:<\/td>\n<td>\n<div>\n<div>\n<div>\n<div>\n<div>Fauvizmus<\/div>\n<\/div>\n<\/div>\n<\/div>\n<\/div>\n<\/td>\n<\/tr>\n<tr>\n<td style=\"width: 180px;height: 21px\" height=\"21\">Eredeti technika:<\/td>\n<td>Olaj, v\u00e1szon<\/td>\n<\/tr>\n<tr>\n<td style=\"width: 180px;height: 21px\" height=\"21\">Helysz\u00edn:<\/td>\n<td>Ermit\u00e1zs, St. P\u00e9terv\u00e1r<\/td>\n<\/tr>\n<\/tbody>\n<colgroup>\n<col \/>\n<col \/> <\/colgroup>\n<\/table>\n<p>A <strong>A &#8220;T\u00e1nc&#8221; c\u00edm\u0171 t\u00e1nc<\/strong> Matisse egyik legh\u00edresebb remekm\u0171ve, amely \u00f6t embert \u00e1br\u00e1zol, akik egym\u00e1s kez\u00e9t fogj\u00e1k, \u00e9s izgatottan k\u00f6rt alkotnak, fenntartva a dinamik\u00e1t, \u00e9s b\u00e9k\u00e9s csend \u00e9rzet\u00e9t keltve. Ebben az alkot\u00e1sban a tiszta \u00e9s telt sz\u00edn, valamint a sz\u00ednek k\u00f6z\u00f6tti er\u0151s kontraszt minden \u00e9rtelmez\u00e9st \u00e9s besz\u00e9det helyettes\u00edt, a sz\u00ednblokkok maguk t\u00e1ncolnak a k\u00e9pen, tal\u00e1lkoz\u00e1saik kem\u00e9nynek \u00e9s fesz\u00fcltnek t\u0171nnek, a ritmus pedig valahogy meg van v\u00e1gva, sz\u00e9t van k\u00f6tve&#8230; , de att\u00f3l m\u00e9g sim\u00e1n m\u0171k\u00f6dik. Ily m\u00f3don Matisse \u00f6tv\u00f6zi a t\u00e1ncot, a zen\u00e9t \u00e9s m\u00e1s m\u0171v\u00e9szi elemeket. A k\u00e9p kompoz\u00edci\u00f3ja egyszer\u0171, a sz\u00ednek nem f\u00e9ny\u0171z\u0151ek. K\u00f6zvetlen \u00e9rtelemben a leggazdagabb konnot\u00e1ci\u00f3kat fejezi ki a legegyszer\u0171bben, \u00e9s vad \u00e9leter\u0151t ad nek\u00fcnk.<\/p>\n<p><strong>Henri Matisse<\/strong> (1869-1954) a d\u00e9l-franciaorsz\u00e1gi Lecado v\u00e1ros\u00e1ban sz\u00fcletett. Apja \u00fczletember volt, \u00e9desanyja fest\u0151k\u00e9nt dolgozott egy ker\u00e1miagy\u00e1rban. Tin\u00e9dzserk\u00e9nt Vermandoisban t\u00f6lt\u00f6tte az id\u0151t, majd a k\u00f6z\u00e9piskola befejez\u00e9se ut\u00e1n apja k\u00e9r\u00e9s\u00e9re jogot tanult P\u00e1rizsban, visszat\u00e9rt a sz\u00fcl\u0151v\u00e1ros\u00e1hoz k\u00f6zeli Saint-Cond\u00e9ba, \u00e9s \u00fcgyv\u00e9di irod\u00e1ban dolgozott hivatalnokk\u00e9nt. 21 \u00e9vesen agyh\u00e1rtyagyullad\u00e1ssal ker\u00fclt k\u00f3rh\u00e1zba, \u00e9desanyja egy doboz fest\u00e9ket, egy ecsetk\u00e9szletet \u00e9s egy fest\u00e9si k\u00e9zik\u00f6nyvet adott neki \u00f6n\u00e1ll\u00f3 tanul\u00e1shoz, hogy enyh\u00edtse unalm\u00e1t. Matisse \u00e9let\u00e9ben el\u0151sz\u00f6r \u00e9rzett &#8220;szabads\u00e1got, b\u00e9k\u00e9t \u00e9s szabadid\u0151t&#8221;. Matisse fest\u0151szenved\u00e9lye f\u00e9kezhetetlen volt, az \u00e9l\u00e9nk \u00e9s mer\u00e9sz sz\u00ednek haszn\u00e1lat\u00e1r\u00f3l volt h\u00edres, \u00edgy v\u00e1lt h\u00edres francia fest\u0151v\u00e9, a fauvizmus megalkot\u00f3ja \u00e9s f\u0151 k\u00e9pvisel\u0151je, valamint szobr\u00e1sz \u00e9s grafikus.<\/p>\n","protected":false},"excerpt":{"rendered":"<p>Henri Matisse \u2013 A t\u00e1nc (m\u00e1sodik verzi\u00f3) &nbsp; L\u00e9trehoz\u00e1s \u00e9ve: 1910 Eredeti m\u00e9ret: 391 cm x 260 cm Fest\u00e9si st\u00edlus: Fauvizmus Eredeti technika: Olaj, v\u00e1szon Helysz\u00edn: Ermit\u00e1zs, St. P\u00e9terv\u00e1r A A &#8220;T\u00e1nc&#8221; c\u00edm\u0171 t\u00e1nc Matisse egyik legh\u00edresebb remekm\u0171ve, amely \u00f6t embert \u00e1br\u00e1zol, akik egym\u00e1s kez\u00e9t fogj\u00e1k, \u00e9s izgatottan k\u00f6rt alkotnak, [&hellip;]<\/p>\n","protected":false},"featured_media":50136,"template":"","meta":{"_acf_changed":false},"product_brand":[],"product_cat":[7129],"product_tag":[7178,11885,11886,11887],"class_list":{"0":"post-56111","1":"product","2":"type-product","3":"status-publish","4":"has-post-thumbnail","6":"product_cat-henri-matisse-hu","7":"product_tag-matisse-hu","8":"product_tag-painter-hu","9":"product_tag-reproduction","10":"product_tag-reproductions-hu","11":"pa_dimenzija-120-x-80-cm","12":"pa_dimenzija-150-x-100-cm","13":"pa_dimenzija-200-x-130-cm","14":"pa_dimenzija-250-x-170-cm","15":"pa_dimenzija-300-x-200-cm","16":"pa_dimenzija-391-x-260-cm","17":"pa_dimenzija-70-x-50-cm","18":"pa_dimenzija-90-x-60-cm","19":"pa_oblika-vizszintes","20":"pa_okvir-nincs-keret","21":"pa_podokvir-igen","22":"pa_podokvir-nem","24":"first","25":"onbackorder","26":"purchasable","27":"product-type-variable","28":"has-default-attributes"},"acf":[],"yoast_head":"<!-- This site is optimized with the Yoast SEO Premium plugin v26.0 (Yoast SEO v27.2) - https:\/\/yoast.com\/product\/yoast-seo-premium-wordpress\/ -->\n<title>Henri Matisse - The Dance (second version) - SVETSLIK.SI - 100% k\u00e9zzel festett<\/title>\n<meta name=\"description\" content=\"Henri Matisse - The Dance (second version) - 100% k\u00e9zzel festett h\u00edres festm\u00e9nyek reprodukci\u00f3i. Festm\u00e9nyek keretez\u00e9se, elad\u00e1sa \u00e9s egyedi rendel\u00e9sre t\u00f6rt\u00e9n\u0151 v\u00e1szonk\u00e9pek k\u00e9sz\u00edt\u00e9se.\" \/>\n<meta name=\"robots\" content=\"index, follow, max-snippet:-1, max-image-preview:large, max-video-preview:-1\" \/>\n<link rel=\"canonical\" href=\"https:\/\/svetslik.si\/hu\/henri-matisse-hu\/the-dance-second-version\/\" \/>\n<meta property=\"og:locale\" content=\"hu_HU\" \/>\n<meta property=\"og:type\" content=\"article\" \/>\n<meta property=\"og:title\" content=\"Henri Matisse - The Dance (second version)\" \/>\n<meta property=\"og:description\" content=\"100% ro\u010dno naslikane slike na platnu, reprodukcije znanih slikarjev in umetni\u0161ke slike po naro\u010dilu.\" \/>\n<meta property=\"og:url\" content=\"https:\/\/svetslik.si\/hu\/henri-matisse-hu\/the-dance-second-version\/\" \/>\n<meta property=\"og:site_name\" content=\"SVETSLIK.SI\" \/>\n<meta property=\"article:publisher\" content=\"https:\/\/www.facebook.com\/svetslik.si\" \/>\n<meta property=\"article:modified_time\" content=\"2026-03-22T21:43:07+00:00\" \/>\n<meta property=\"og:image\" content=\"https:\/\/svetslik.si\/wp-content\/uploads\/2021\/08\/image_The-Dance-second-version_680.jpg\" \/>\n\t<meta property=\"og:image:width\" content=\"1668\" \/>\n\t<meta property=\"og:image:height\" content=\"1170\" \/>\n\t<meta property=\"og:image:type\" content=\"image\/jpeg\" \/>\n<meta name=\"twitter:card\" content=\"summary_large_image\" \/>\n<meta name=\"twitter:site\" content=\"@svetslik\" \/>\n<meta name=\"twitter:label1\" content=\"El\u00e9rhet\u0151s\u00e9g\" \/>\n\t<meta name=\"twitter:data1\" content=\"Beszerz\u00e9s alatt\" \/>\n<script type=\"application\/ld+json\" class=\"yoast-schema-graph\">{\"@context\":\"https:\/\/schema.org\",\"@graph\":[{\"@type\":[\"WebPage\",\"ItemPage\"],\"@id\":\"https:\/\/svetslik.si\/hu\/henri-matisse-hu\/the-dance-second-version\/\",\"url\":\"https:\/\/svetslik.si\/hu\/henri-matisse-hu\/the-dance-second-version\/\",\"name\":\"Henri Matisse - The Dance (second version) - SVETSLIK.SI - 100% k\u00e9zzel festett\",\"isPartOf\":{\"@id\":\"https:\/\/svetslik.si\/hu\/#website\"},\"primaryImageOfPage\":{\"@id\":\"https:\/\/svetslik.si\/hu\/henri-matisse-hu\/the-dance-second-version\/#primaryimage\"},\"image\":{\"@id\":\"https:\/\/svetslik.si\/hu\/henri-matisse-hu\/the-dance-second-version\/#primaryimage\"},\"thumbnailUrl\":\"https:\/\/svetslik.si\/wp-content\/uploads\/2021\/08\/image_The-Dance-second-version_680.jpg\",\"datePublished\":\"2021-09-02T16:28:47+00:00\",\"dateModified\":\"2026-03-22T21:43:07+00:00\",\"description\":\"Henri Matisse - The Dance (second version) - 100% k\u00e9zzel festett h\u00edres festm\u00e9nyek reprodukci\u00f3i. Festm\u00e9nyek keretez\u00e9se, elad\u00e1sa \u00e9s egyedi rendel\u00e9sre t\u00f6rt\u00e9n\u0151 v\u00e1szonk\u00e9pek k\u00e9sz\u00edt\u00e9se.\",\"breadcrumb\":{\"@id\":\"https:\/\/svetslik.si\/hu\/henri-matisse-hu\/the-dance-second-version\/#breadcrumb\"},\"inLanguage\":\"hu\",\"potentialAction\":[{\"@type\":\"ReadAction\",\"target\":[\"https:\/\/svetslik.si\/hu\/henri-matisse-hu\/the-dance-second-version\/\"]}]},{\"@type\":\"ImageObject\",\"inLanguage\":\"hu\",\"@id\":\"https:\/\/svetslik.si\/hu\/henri-matisse-hu\/the-dance-second-version\/#primaryimage\",\"url\":\"https:\/\/svetslik.si\/wp-content\/uploads\/2021\/08\/image_The-Dance-second-version_680.jpg\",\"contentUrl\":\"https:\/\/svetslik.si\/wp-content\/uploads\/2021\/08\/image_The-Dance-second-version_680.jpg\",\"width\":1668,\"height\":1170,\"caption\":\"Henri Matisse - The Dance (second version) (A t\u00e1nc (m\u00e1sodik verzi\u00f3)) - Vazonk\u00e9p, festm\u00e9nyek, reprodukci\u00f3\"},{\"@type\":\"BreadcrumbList\",\"@id\":\"https:\/\/svetslik.si\/hu\/henri-matisse-hu\/the-dance-second-version\/#breadcrumb\",\"itemListElement\":[{\"@type\":\"ListItem\",\"position\":1,\"name\":\"Wall art and paintings on canvas\",\"item\":\"https:\/\/svetslik.si\/hu\/\"},{\"@type\":\"ListItem\",\"position\":2,\"name\":\"Festm\u00e9nyek elad\u00e1sa\",\"item\":\"https:\/\/svetslik.si\/prodaja-slik\/\"},{\"@type\":\"ListItem\",\"position\":3,\"name\":\"Henri Matisse &#8211; The Dance (second version)\"}]},{\"@type\":\"WebSite\",\"@id\":\"https:\/\/svetslik.si\/hu\/#website\",\"url\":\"https:\/\/svetslik.si\/hu\/\",\"name\":\"SVETSLIK.SI\",\"description\":\"100%-ban k\u00e9zzel festett reprodukci\u00f3k h\u00edres fest\u0151k festm\u00e9nyeir\u0151l \u00e9s festm\u00e9nyekr\u0151l v\u00e1szonra.\",\"publisher\":{\"@id\":\"https:\/\/svetslik.si\/hu\/#organization\"},\"potentialAction\":[{\"@type\":\"SearchAction\",\"target\":{\"@type\":\"EntryPoint\",\"urlTemplate\":\"https:\/\/svetslik.si\/hu\/?s={search_term_string}\"},\"query-input\":{\"@type\":\"PropertyValueSpecification\",\"valueRequired\":true,\"valueName\":\"search_term_string\"}}],\"inLanguage\":\"hu\"},{\"@type\":\"Organization\",\"@id\":\"https:\/\/svetslik.si\/hu\/#organization\",\"name\":\"SvetSlik.si\",\"url\":\"https:\/\/svetslik.si\/hu\/\",\"logo\":{\"@type\":\"ImageObject\",\"inLanguage\":\"hu\",\"@id\":\"https:\/\/svetslik.si\/hu\/#\/schema\/logo\/image\/\",\"url\":\"https:\/\/svetslik.si\/wp-content\/uploads\/2020\/12\/logo-512.png\",\"contentUrl\":\"https:\/\/svetslik.si\/wp-content\/uploads\/2020\/12\/logo-512.png\",\"width\":512,\"height\":512,\"caption\":\"SvetSlik.si\"},\"image\":{\"@id\":\"https:\/\/svetslik.si\/hu\/#\/schema\/logo\/image\/\"},\"sameAs\":[\"https:\/\/www.facebook.com\/svetslik.si\",\"https:\/\/x.com\/svetslik\",\"https:\/\/www.instagram.com\/svetslik.si\/\",\"https:\/\/www.linkedin.com\/company\/svetslik-si\"]}]}<\/script>\n<meta property=\"og:availability\" content=\"backorder\" \/>\n<meta property=\"product:availability\" content=\"available for order\" \/>\n<meta property=\"product:retailer_item_id\" content=\"593__\" \/>\n<meta property=\"product:condition\" content=\"new\" \/>\n<!-- \/ Yoast SEO Premium plugin. -->","yoast_head_json":{"title":"Henri Matisse - The Dance (second version) - SVETSLIK.SI - 100% k\u00e9zzel festett","description":"Henri Matisse - The Dance (second version) - 100% k\u00e9zzel festett h\u00edres festm\u00e9nyek reprodukci\u00f3i. Festm\u00e9nyek keretez\u00e9se, elad\u00e1sa \u00e9s egyedi rendel\u00e9sre t\u00f6rt\u00e9n\u0151 v\u00e1szonk\u00e9pek k\u00e9sz\u00edt\u00e9se.","robots":{"index":"index","follow":"follow","max-snippet":"max-snippet:-1","max-image-preview":"max-image-preview:large","max-video-preview":"max-video-preview:-1"},"canonical":"https:\/\/svetslik.si\/hu\/henri-matisse-hu\/the-dance-second-version\/","og_locale":"hu_HU","og_type":"article","og_title":"Henri Matisse - The Dance (second version)","og_description":"100% ro\u010dno naslikane slike na platnu, reprodukcije znanih slikarjev in umetni\u0161ke slike po naro\u010dilu.","og_url":"https:\/\/svetslik.si\/hu\/henri-matisse-hu\/the-dance-second-version\/","og_site_name":"SVETSLIK.SI","article_publisher":"https:\/\/www.facebook.com\/svetslik.si","article_modified_time":"2026-03-22T21:43:07+00:00","og_image":[{"width":1668,"height":1170,"url":"https:\/\/svetslik.si\/wp-content\/uploads\/2021\/08\/image_The-Dance-second-version_680.jpg","type":"image\/jpeg"}],"twitter_card":"summary_large_image","twitter_site":"@svetslik","twitter_misc":{"El\u00e9rhet\u0151s\u00e9g":"Beszerz\u00e9s alatt"},"schema":{"@context":"https:\/\/schema.org","@graph":[{"@type":["WebPage","ItemPage"],"@id":"https:\/\/svetslik.si\/hu\/henri-matisse-hu\/the-dance-second-version\/","url":"https:\/\/svetslik.si\/hu\/henri-matisse-hu\/the-dance-second-version\/","name":"Henri Matisse - The Dance (second version) - SVETSLIK.SI - 100% k\u00e9zzel festett","isPartOf":{"@id":"https:\/\/svetslik.si\/hu\/#website"},"primaryImageOfPage":{"@id":"https:\/\/svetslik.si\/hu\/henri-matisse-hu\/the-dance-second-version\/#primaryimage"},"image":{"@id":"https:\/\/svetslik.si\/hu\/henri-matisse-hu\/the-dance-second-version\/#primaryimage"},"thumbnailUrl":"https:\/\/svetslik.si\/wp-content\/uploads\/2021\/08\/image_The-Dance-second-version_680.jpg","datePublished":"2021-09-02T16:28:47+00:00","dateModified":"2026-03-22T21:43:07+00:00","description":"Henri Matisse - The Dance (second version) - 100% k\u00e9zzel festett h\u00edres festm\u00e9nyek reprodukci\u00f3i. Festm\u00e9nyek keretez\u00e9se, elad\u00e1sa \u00e9s egyedi rendel\u00e9sre t\u00f6rt\u00e9n\u0151 v\u00e1szonk\u00e9pek k\u00e9sz\u00edt\u00e9se.","breadcrumb":{"@id":"https:\/\/svetslik.si\/hu\/henri-matisse-hu\/the-dance-second-version\/#breadcrumb"},"inLanguage":"hu","potentialAction":[{"@type":"ReadAction","target":["https:\/\/svetslik.si\/hu\/henri-matisse-hu\/the-dance-second-version\/"]}]},{"@type":"ImageObject","inLanguage":"hu","@id":"https:\/\/svetslik.si\/hu\/henri-matisse-hu\/the-dance-second-version\/#primaryimage","url":"https:\/\/svetslik.si\/wp-content\/uploads\/2021\/08\/image_The-Dance-second-version_680.jpg","contentUrl":"https:\/\/svetslik.si\/wp-content\/uploads\/2021\/08\/image_The-Dance-second-version_680.jpg","width":1668,"height":1170,"caption":"Henri Matisse - The Dance (second version) (A t\u00e1nc (m\u00e1sodik verzi\u00f3)) - Vazonk\u00e9p, festm\u00e9nyek, reprodukci\u00f3"},{"@type":"BreadcrumbList","@id":"https:\/\/svetslik.si\/hu\/henri-matisse-hu\/the-dance-second-version\/#breadcrumb","itemListElement":[{"@type":"ListItem","position":1,"name":"Wall art and paintings on canvas","item":"https:\/\/svetslik.si\/hu\/"},{"@type":"ListItem","position":2,"name":"Festm\u00e9nyek elad\u00e1sa","item":"https:\/\/svetslik.si\/prodaja-slik\/"},{"@type":"ListItem","position":3,"name":"Henri Matisse &#8211; The Dance (second version)"}]},{"@type":"WebSite","@id":"https:\/\/svetslik.si\/hu\/#website","url":"https:\/\/svetslik.si\/hu\/","name":"SVETSLIK.SI","description":"100%-ban k\u00e9zzel festett reprodukci\u00f3k h\u00edres fest\u0151k festm\u00e9nyeir\u0151l \u00e9s festm\u00e9nyekr\u0151l v\u00e1szonra.","publisher":{"@id":"https:\/\/svetslik.si\/hu\/#organization"},"potentialAction":[{"@type":"SearchAction","target":{"@type":"EntryPoint","urlTemplate":"https:\/\/svetslik.si\/hu\/?s={search_term_string}"},"query-input":{"@type":"PropertyValueSpecification","valueRequired":true,"valueName":"search_term_string"}}],"inLanguage":"hu"},{"@type":"Organization","@id":"https:\/\/svetslik.si\/hu\/#organization","name":"SvetSlik.si","url":"https:\/\/svetslik.si\/hu\/","logo":{"@type":"ImageObject","inLanguage":"hu","@id":"https:\/\/svetslik.si\/hu\/#\/schema\/logo\/image\/","url":"https:\/\/svetslik.si\/wp-content\/uploads\/2020\/12\/logo-512.png","contentUrl":"https:\/\/svetslik.si\/wp-content\/uploads\/2020\/12\/logo-512.png","width":512,"height":512,"caption":"SvetSlik.si"},"image":{"@id":"https:\/\/svetslik.si\/hu\/#\/schema\/logo\/image\/"},"sameAs":["https:\/\/www.facebook.com\/svetslik.si","https:\/\/x.com\/svetslik","https:\/\/www.instagram.com\/svetslik.si\/","https:\/\/www.linkedin.com\/company\/svetslik-si"]}]},"og_availability":"backorder","product_availability":"available for order","product_retailer_item_id":"593__","product_condition":"new"},"jetpack_sharing_enabled":true,"_links":{"self":[{"href":"https:\/\/svetslik.si\/hu\/wp-json\/wp\/v2\/product\/56111","targetHints":{"allow":["GET"]}}],"collection":[{"href":"https:\/\/svetslik.si\/hu\/wp-json\/wp\/v2\/product"}],"about":[{"href":"https:\/\/svetslik.si\/hu\/wp-json\/wp\/v2\/types\/product"}],"wp:featuredmedia":[{"embeddable":true,"href":"https:\/\/svetslik.si\/hu\/wp-json\/wp\/v2\/media\/50136"}],"wp:attachment":[{"href":"https:\/\/svetslik.si\/hu\/wp-json\/wp\/v2\/media?parent=56111"}],"wp:term":[{"taxonomy":"product_brand","embeddable":true,"href":"https:\/\/svetslik.si\/hu\/wp-json\/wp\/v2\/product_brand?post=56111"},{"taxonomy":"product_cat","embeddable":true,"href":"https:\/\/svetslik.si\/hu\/wp-json\/wp\/v2\/product_cat?post=56111"},{"taxonomy":"product_tag","embeddable":true,"href":"https:\/\/svetslik.si\/hu\/wp-json\/wp\/v2\/product_tag?post=56111"}],"curies":[{"name":"wp","href":"https:\/\/api.w.org\/{rel}","templated":true}]}}