{"id":56454,"date":"2021-09-02T18:36:06","date_gmt":"2021-09-02T16:36:06","guid":{"rendered":"https:\/\/svetslik.si\/nem-kategorizalt\/energija-obilja\/"},"modified":"2026-03-22T22:59:14","modified_gmt":"2026-03-22T21:59:14","slug":"energetikus-kepek-boseg-energia","status":"publish","type":"product","link":"https:\/\/svetslik.si\/hu\/energiafestmenyek-1\/energetikus-kepek-boseg-energia\/","title":{"rendered":"Energetikus k\u00e9pek &#8211; B\u0151s\u00e9g energia"},"content":{"rendered":"<div class=\"wpb-content-wrapper\">[vc_row][vc_column][vc_column_text]\n<h1>Energiak\u00e9pek \u2013 A b\u0151s\u00e9g energi\u00e1ja<\/h1>\n<p>A vil\u00e1g tele van energi\u00e1kkal, amelyek minden l\u00e9p\u00e9sn\u00e9l k\u00f6r\u00fclvesznek benn\u00fcnket. Ennek az energi\u00e1nak az egyik legcsod\u00e1latosabb alkot\u00e1sa az energiafestm\u00e9nyek. Ezek a festm\u00e9nyek k\u00e9zzel k\u00e9sz\u00edtett m\u0171alkot\u00e1sok, amelyeket meghat\u00e1rozott c\u00e9llal hoztak l\u00e9tre &#8211; pozit\u00edv energi\u00e1t tov\u00e1bb\u00edtani \u00e9s el\u0151mozd\u00edtani a v\u00e1gyott \u00e9lm\u00e9nyt annak az embernek az \u00e9let\u00e9ben, aki csod\u00e1lja \u0151ket.<\/p>\n<p>Az egyik ilyen figyelemre m\u00e9lt\u00f3 festm\u00e9ny a &#8220;B\u0151s\u00e9g energi\u00e1ja&#8221;. Ezt a k\u00e9pet kifejezetten arra tervezt\u00e9k, hogy t\u00e1mogasson benn\u00fcnket a p\u00e9nz\u00fcgyi j\u00f3l\u00e9t \u00e9s b\u0151s\u00e9g el\u00e9r\u00e9s\u00e9ben. A k\u00fcl\u00f6nb\u00f6z\u0151 sz\u00ednek, szimb\u00f3lumok \u00e9s karakterek felhaszn\u00e1l\u00e1s\u00e1val a k\u00e9p pozit\u00edv energi\u00e1t invit\u00e1l ter\u00fcnkbe, ami inspir\u00e1l \u00e9s kreat\u00edvs\u00e1gra sarkall a b\u0151s\u00e9g ir\u00e1ny\u00e1ba.<\/p>\n<p>A &#8220;B\u0151s\u00e9g energi\u00e1ja&#8221; c\u00edm\u0171 festm\u00e9ny f\u0151 c\u00e9lja, hogy meger\u0151s\u00edtse k\u00e9pess\u00e9g\u00fcnket a b\u0151s\u00e9g teremt\u00e9s\u00e9re \u00e9s befogad\u00e1s\u00e1ra az \u00e9let\u00fcnkben. Ez azt jelenti, hogy a k\u00e9p arra \u00f6szt\u00f6n\u00f6z benn\u00fcnket, hogy olyan m\u00f3don fejlessz\u00fck kreativit\u00e1sunkat, amely lehet\u0151v\u00e9 teszi sz\u00e1munkra, hogy p\u00e9nzt \u00e9s anyagi gazdags\u00e1got vonzunk az \u00e9let\u00fcnkbe. Ez a k\u00e9p arra \u00f6szt\u00f6n\u00f6z benn\u00fcnket, hogy t\u0171zz\u00fcnk ki c\u00e9lokat \u00e9s k\u00f6vess\u00fck \u00e1lmainkat oly m\u00f3don, amely \u00f6sszek\u00f6t benn\u00fcnket a b\u0151s\u00e9ggel.<\/p>\n<p>A &#8220;B\u0151s\u00e9g energi\u00e1ja&#8221; c\u00edm\u0171 festm\u00e9ny megcsod\u00e1l\u00e1sa er\u0151vel \u00e9s b\u00e1tors\u00e1ggal t\u00f6lt el benn\u00fcnket, hogy szemben\u00e9zz\u00fcnk b\u00e1rmilyen \u00e9lethelyzettel. F\u00fcggetlen\u00fcl att\u00f3l, hogy milyen kih\u00edv\u00e1sokkal n\u00e9z\u00fcnk szembe, a k\u00e9p bels\u0151 er\u0151t ad a kitart\u00e1shoz \u00e9s a korl\u00e1tok lek\u00fczd\u00e9s\u00e9hez. F\u00e9lelmeinkkel \u00e9s k\u00e9telyeinkkel szemben\u00e9zve megny\u00edlhatunk az energia\u00e1raml\u00e1s el\u0151tt, amely b\u0151s\u00e9get hoz \u00e9let\u00fcnkbe.<\/p>\n<p>A \u201eB\u0151s\u00e9g energi\u00e1ja\u201d c\u00edm\u0171 festm\u00e9ny egyik kulcsfontoss\u00e1g\u00fa jellemz\u0151je az is, hogy befoly\u00e1sa van b\u00f6lcsess\u00e9g\u00fcnkre a p\u00e9nz energi\u00e1j\u00e1val val\u00f3 munka sor\u00e1n. A k\u00e9p megtan\u00edt benn\u00fcnket arra, hogyan lehet a p\u00e9nz energi\u00e1j\u00e1t gyakorlatilag felhaszn\u00e1lni a p\u00e9nz\u00fcgyi j\u00f3l\u00e9t megteremt\u00e9s\u00e9re \u00e9s fenntart\u00e1s\u00e1ra. Ennek a k\u00e9pnek a seg\u00edts\u00e9g\u00e9vel megtanulhatjuk anyagi forr\u00e1sainkkal \u00fagy gazd\u00e1lkodni, hogy fenntarthat\u00f3 \u00e9s n\u00f6vekv\u0151 anyagi helyzetet teremts\u00fcnk.<\/p>\n<p>Ha szeretn\u00e9l jav\u00edtani anyagi helyzeteden \u00e9s b\u0151s\u00e9get teremteni az \u00e9letedben, akkor a &#8220;B\u0151s\u00e9g energi\u00e1ja&#8221; festm\u00e9ny a t\u00f6k\u00e9letes v\u00e1laszt\u00e1s sz\u00e1modra. Ez az egyed\u00fcl\u00e1ll\u00f3 m\u0171alkot\u00e1s pozit\u00edv energi\u00e1t hoz ter\u00e9be, \u00e9s \u00f6szt\u00f6nzi p\u00e9nz\u00fcgyi c\u00e9ljai el\u00e9r\u00e9s\u00e9re. Ez a k\u00e9p nemcsak a fal\u00e1t fogja d\u00edsz\u00edteni, hanem er\u0151teljes inspir\u00e1ci\u00f3 \u00e9s t\u00e1mogat\u00e1s forr\u00e1sa lesz a p\u00e9nz\u00fcgyi sikerhez vezet\u0151 \u00faton.<\/p>\n<p>Szerezd meg &#8220;A b\u0151s\u00e9g energi\u00e1ja&#8221; k\u00e9pedet, \u00e9s hagyd, hogy inspir\u00e1ljon \u00e9s t\u00e1mogasson abban, hogy b\u0151s\u00e9get teremts az \u00e9letedben. Adja \u00e1t mag\u00e1t annak a pozit\u00edv energi\u00e1nak, amit ez a k\u00e9p k\u00f6zvet\u00edt, \u00e9s \u00e9rezze, hogyan javul az anyagi helyzete, \u00e9s hogyan v\u00e1lik saj\u00e1t sors\u00e1nak ura.<\/p>\n<p>Megjegyz\u00e9s: Az energiak\u00e9pek c\u00e9lja, hogy el\u0151seg\u00edts\u00e9k \u00e9let\u00fcnkben a pozit\u00edv \u00e9lm\u00e9nyeket \u00e9s energi\u00e1kat, de nincs garancia arra, hogy minden k\u00e9p egyform\u00e1n m\u0171k\u00f6dik minden ember sz\u00e1m\u00e1ra. Az egy\u00e9ni eredm\u00e9nyek sz\u00e1mos t\u00e9nyez\u0151t\u0151l f\u00fcgg\u0151en v\u00e1ltozhatnak, bele\u00e9rtve a saj\u00e1t hit\u00fcnket \u00e9s cselekedeteinket is. Mindazon\u00e1ltal az energiak\u00e9pek hat\u00e9kony eszk\u00f6zt jelentenek a b\u0151s\u00e9ghez \u00e9s a j\u00f3l\u00e9thez vezet\u0151 utunk t\u00e1mogat\u00e1s\u00e1ra.<\/p>\n[\/vc_column_text][\/vc_column][\/vc_row][vc_row css=&#8221;.vc_custom_1773831215280{margin-bottom: 10px !important;}&#8221;][vc_column]\t<div class=\"et-image-215 et-image     et_image_link\">\n\t\t<div class=\"et-image-inner \">\n\t\t\t\t\t\t\t<div class=\"et-image-thumb \">\n\t\t\t\t\t<img decoding=\"async\" width=\"1500\" height=\"1464\" src=\"https:\/\/svetslik.si\/wp-content\/uploads\/2021\/09\/Energijske-slike-\u2013-Energija-obilja.jpg\" class=\"attachment-full\" alt=\"Energetikus k\u00e9pek - B\u0151s\u00e9g energia\" title=\"Energetikus k\u00e9pek - B\u0151s\u00e9g energia\" srcset=\"https:\/\/svetslik.si\/wp-content\/uploads\/2021\/09\/Energijske-slike-\u2013-Energija-obilja.jpg 1500w, https:\/\/svetslik.si\/wp-content\/uploads\/2021\/09\/Energijske-slike-\u2013-Energija-obilja-300x293.jpg 300w, https:\/\/svetslik.si\/wp-content\/uploads\/2021\/09\/Energijske-slike-\u2013-Energija-obilja-1024x999.jpg 1024w, https:\/\/svetslik.si\/wp-content\/uploads\/2021\/09\/Energijske-slike-\u2013-Energija-obilja-768x750.jpg 768w, https:\/\/svetslik.si\/wp-content\/uploads\/2021\/09\/Energijske-slike-\u2013-Energija-obilja-150x146.jpg 150w, https:\/\/svetslik.si\/wp-content\/uploads\/2021\/09\/Energijske-slike-\u2013-Energija-obilja-600x586.jpg 600w, https:\/\/svetslik.si\/wp-content\/uploads\/2021\/09\/Energijske-slike-\u2013-Energija-obilja-1200x1171.jpg 1200w\" sizes=\"(max-width: 1500px) 100vw, 1500px\" \/>\t\t\t\t<\/div>\n\t\t\t\t\t\t\t\t\t\t\t<\/div>\n\t<\/div>\n  [\/vc_column][\/vc_row][vc_row css=&#8221;.vc_custom_1773831215280{margin-bottom: 10px !important;}&#8221;][vc_column]\t<div class=\"et-image-452 et-image     et_image_link\">\n\t\t<div class=\"et-image-inner \">\n\t\t\t\t\t\t\t<div class=\"et-image-thumb \">\n\t\t\t\t\t<img decoding=\"async\" width=\"1500\" height=\"1786\" src=\"https:\/\/svetslik.si\/wp-content\/uploads\/2021\/09\/Energijske-slike-\u2013-Energija-obilja-2.webp\" class=\"attachment-full\" alt=\"Energetikus k\u00e9pek - B\u0151s\u00e9g energia\" title=\"Energetikus k\u00e9pek - B\u0151s\u00e9g energia\" srcset=\"https:\/\/svetslik.si\/wp-content\/uploads\/2021\/09\/Energijske-slike-\u2013-Energija-obilja-2.webp 1500w, https:\/\/svetslik.si\/wp-content\/uploads\/2021\/09\/Energijske-slike-\u2013-Energija-obilja-2-252x300.webp 252w, https:\/\/svetslik.si\/wp-content\/uploads\/2021\/09\/Energijske-slike-\u2013-Energija-obilja-2-860x1024.webp 860w, https:\/\/svetslik.si\/wp-content\/uploads\/2021\/09\/Energijske-slike-\u2013-Energija-obilja-2-768x914.webp 768w, https:\/\/svetslik.si\/wp-content\/uploads\/2021\/09\/Energijske-slike-\u2013-Energija-obilja-2-1290x1536.webp 1290w, https:\/\/svetslik.si\/wp-content\/uploads\/2021\/09\/Energijske-slike-\u2013-Energija-obilja-2-126x150.webp 126w, https:\/\/svetslik.si\/wp-content\/uploads\/2021\/09\/Energijske-slike-\u2013-Energija-obilja-2-600x714.webp 600w, https:\/\/svetslik.si\/wp-content\/uploads\/2021\/09\/Energijske-slike-\u2013-Energija-obilja-2-1200x1429.webp 1200w\" sizes=\"(max-width: 1500px) 100vw, 1500px\" \/>\t\t\t\t<\/div>\n\t\t\t\t\t\t\t\t\t\t\t<\/div>\n\t<\/div>\n  [\/vc_column][\/vc_row][vc_row css=&#8221;.vc_custom_1773831215280{margin-bottom: 10px !important;}&#8221;][vc_column]\t<div class=\"et-image-800 et-image     et_image_link\">\n\t\t<div class=\"et-image-inner \">\n\t\t\t\t\t\t\t<div class=\"et-image-thumb \">\n\t\t\t\t\t<img decoding=\"async\" width=\"1500\" height=\"1125\" src=\"https:\/\/svetslik.si\/wp-content\/uploads\/2021\/09\/Energijske-slike-\u2013-Energija-obilja-3.webp\" class=\"attachment-full\" alt=\"Energetikus k\u00e9pek - B\u0151s\u00e9g energia\" title=\"Energetikus k\u00e9pek - B\u0151s\u00e9g energia\" srcset=\"https:\/\/svetslik.si\/wp-content\/uploads\/2021\/09\/Energijske-slike-\u2013-Energija-obilja-3.webp 1500w, https:\/\/svetslik.si\/wp-content\/uploads\/2021\/09\/Energijske-slike-\u2013-Energija-obilja-3-300x225.webp 300w, https:\/\/svetslik.si\/wp-content\/uploads\/2021\/09\/Energijske-slike-\u2013-Energija-obilja-3-1024x768.webp 1024w, https:\/\/svetslik.si\/wp-content\/uploads\/2021\/09\/Energijske-slike-\u2013-Energija-obilja-3-768x576.webp 768w, https:\/\/svetslik.si\/wp-content\/uploads\/2021\/09\/Energijske-slike-\u2013-Energija-obilja-3-150x113.webp 150w, https:\/\/svetslik.si\/wp-content\/uploads\/2021\/09\/Energijske-slike-\u2013-Energija-obilja-3-600x450.webp 600w, https:\/\/svetslik.si\/wp-content\/uploads\/2021\/09\/Energijske-slike-\u2013-Energija-obilja-3-1200x900.webp 1200w\" sizes=\"(max-width: 1500px) 100vw, 1500px\" \/>\t\t\t\t<\/div>\n\t\t\t\t\t\t\t\t\t\t\t<\/div>\n\t<\/div>\n  [\/vc_column][\/vc_row]\n<\/div>","protected":false},"excerpt":{"rendered":"<p>[vc_row][vc_column][vc_column_text] Energiak\u00e9pek \u2013 A b\u0151s\u00e9g energi\u00e1ja A vil\u00e1g tele van energi\u00e1kkal, amelyek minden l\u00e9p\u00e9sn\u00e9l k\u00f6r\u00fclvesznek benn\u00fcnket. Ennek az energi\u00e1nak az egyik legcsod\u00e1latosabb alkot\u00e1sa az energiafestm\u00e9nyek. Ezek a festm\u00e9nyek k\u00e9zzel k\u00e9sz\u00edtett m\u0171alkot\u00e1sok, amelyeket meghat\u00e1rozott c\u00e9llal hoztak l\u00e9tre &#8211; pozit\u00edv energi\u00e1t tov\u00e1bb\u00edtani \u00e9s el\u0151mozd\u00edtani a v\u00e1gyott \u00e9lm\u00e9nyt annak az embernek az \u00e9let\u00e9ben, [&hellip;]<\/p>\n","protected":false},"featured_media":49574,"template":"","meta":{"_acf_changed":false},"product_brand":[],"product_cat":[7121,7122],"product_tag":[7168],"class_list":{"0":"post-56454","1":"product","2":"type-product","3":"status-publish","4":"has-post-thumbnail","6":"product_cat-energiakepek","7":"product_cat-energiafestmenyek-1","8":"product_tag-energiafestmenyek","9":"pa_dimenzija-100-x-100-cm","10":"pa_dimenzija-60-x-60-cm","11":"pa_dimenzija-80-x-80-cm","12":"pa_oblika-negyzet","13":"pa_okvir-nincs-keret","14":"pa_podokvir-igen","15":"pa_podokvir-nem","17":"first","18":"onbackorder","19":"purchasable","20":"product-type-variable","21":"has-default-attributes"},"acf":[],"yoast_head":"<!-- This site is optimized with the Yoast SEO Premium plugin v26.0 (Yoast SEO v27.2) - https:\/\/yoast.com\/product\/yoast-seo-premium-wordpress\/ -->\n<title>Energetikus k\u00e9pek - B\u0151s\u00e9g energia - SVETSLIK.SI - 100% k\u00e9zzel festett<\/title>\n<meta name=\"description\" content=\"K\u00e9zzel festett energiak\u00e9p v\u00e1sznon - Energetikus k\u00e9pek - B\u0151s\u00e9g energia -. A k\u00e9pet egyedi alkalmaz\u00e1sunk seg\u00edts\u00e9g\u00e9vel keretezheti be az oldalon.\" \/>\n<meta name=\"robots\" content=\"index, follow, max-snippet:-1, max-image-preview:large, max-video-preview:-1\" \/>\n<link rel=\"canonical\" href=\"https:\/\/svetslik.si\/hu\/energiafestmenyek-1\/energetikus-kepek-boseg-energia\/\" \/>\n<meta property=\"og:locale\" content=\"hu_HU\" \/>\n<meta property=\"og:type\" content=\"article\" \/>\n<meta property=\"og:title\" content=\"Energetikus k\u00e9pek - B\u0151s\u00e9g energia\" \/>\n<meta property=\"og:description\" content=\"100% ro\u010dno naslikane slike na platnu, reprodukcije znanih slikarjev in umetni\u0161ke slike po naro\u010dilu.\" \/>\n<meta property=\"og:url\" content=\"https:\/\/svetslik.si\/hu\/energiafestmenyek-1\/energetikus-kepek-boseg-energia\/\" \/>\n<meta property=\"og:site_name\" content=\"SVETSLIK.SI\" \/>\n<meta property=\"article:publisher\" content=\"https:\/\/www.facebook.com\/svetslik.si\" \/>\n<meta property=\"article:modified_time\" content=\"2026-03-22T21:59:14+00:00\" \/>\n<meta property=\"og:image\" content=\"https:\/\/svetslik.si\/wp-content\/uploads\/2021\/08\/image_energija-obilja_680.jpg\" \/>\n\t<meta property=\"og:image:width\" content=\"680\" \/>\n\t<meta property=\"og:image:height\" content=\"680\" \/>\n\t<meta property=\"og:image:type\" content=\"image\/jpeg\" \/>\n<meta name=\"twitter:card\" content=\"summary_large_image\" \/>\n<meta name=\"twitter:site\" content=\"@svetslik\" \/>\n<meta name=\"twitter:label1\" content=\"El\u00e9rhet\u0151s\u00e9g\" \/>\n\t<meta name=\"twitter:data1\" content=\"Beszerz\u00e9s alatt\" \/>\n<script type=\"application\/ld+json\" class=\"yoast-schema-graph\">{\"@context\":\"https:\/\/schema.org\",\"@graph\":[{\"@type\":[\"WebPage\",\"ItemPage\"],\"@id\":\"https:\/\/svetslik.si\/hu\/energiafestmenyek-1\/energetikus-kepek-boseg-energia\/\",\"url\":\"https:\/\/svetslik.si\/hu\/energiafestmenyek-1\/energetikus-kepek-boseg-energia\/\",\"name\":\"Energetikus k\u00e9pek - B\u0151s\u00e9g energia - SVETSLIK.SI - 100% k\u00e9zzel festett\",\"isPartOf\":{\"@id\":\"https:\/\/svetslik.si\/hu\/#website\"},\"primaryImageOfPage\":{\"@id\":\"https:\/\/svetslik.si\/hu\/energiafestmenyek-1\/energetikus-kepek-boseg-energia\/#primaryimage\"},\"image\":{\"@id\":\"https:\/\/svetslik.si\/hu\/energiafestmenyek-1\/energetikus-kepek-boseg-energia\/#primaryimage\"},\"thumbnailUrl\":\"https:\/\/svetslik.si\/wp-content\/uploads\/2021\/08\/image_energija-obilja_680.jpg\",\"datePublished\":\"2021-09-02T16:36:06+00:00\",\"dateModified\":\"2026-03-22T21:59:14+00:00\",\"description\":\"K\u00e9zzel festett energiak\u00e9p v\u00e1sznon - Energetikus k\u00e9pek - B\u0151s\u00e9g energia -. A k\u00e9pet egyedi alkalmaz\u00e1sunk seg\u00edts\u00e9g\u00e9vel keretezheti be az oldalon.\",\"breadcrumb\":{\"@id\":\"https:\/\/svetslik.si\/hu\/energiafestmenyek-1\/energetikus-kepek-boseg-energia\/#breadcrumb\"},\"inLanguage\":\"hu\",\"potentialAction\":[{\"@type\":\"ReadAction\",\"target\":[\"https:\/\/svetslik.si\/hu\/energiafestmenyek-1\/energetikus-kepek-boseg-energia\/\"]}]},{\"@type\":\"ImageObject\",\"inLanguage\":\"hu\",\"@id\":\"https:\/\/svetslik.si\/hu\/energiafestmenyek-1\/energetikus-kepek-boseg-energia\/#primaryimage\",\"url\":\"https:\/\/svetslik.si\/wp-content\/uploads\/2021\/08\/image_energija-obilja_680.jpg\",\"contentUrl\":\"https:\/\/svetslik.si\/wp-content\/uploads\/2021\/08\/image_energija-obilja_680.jpg\",\"width\":680,\"height\":680,\"caption\":\"Energia falfestm\u00e9nyek v\u00e1szonra - A b\u0151s\u00e9g energi\u00e1ja - M\u0171v\u00e9szi fest\u00e9szet - modern festm\u00e9nyek, ambient falfestm\u00e9nyek, absztrakt festm\u00e9nyek, dekorat\u00edv falfestm\u00e9nyek, festm\u00e9nyek ad\u00e1sv\u00e9tele\"},{\"@type\":\"BreadcrumbList\",\"@id\":\"https:\/\/svetslik.si\/hu\/energiafestmenyek-1\/energetikus-kepek-boseg-energia\/#breadcrumb\",\"itemListElement\":[{\"@type\":\"ListItem\",\"position\":1,\"name\":\"Wall art and paintings on canvas\",\"item\":\"https:\/\/svetslik.si\/hu\/\"},{\"@type\":\"ListItem\",\"position\":2,\"name\":\"Festm\u00e9nyek elad\u00e1sa\",\"item\":\"https:\/\/svetslik.si\/prodaja-slik\/\"},{\"@type\":\"ListItem\",\"position\":3,\"name\":\"Energetikus k\u00e9pek &#8211; B\u0151s\u00e9g energia\"}]},{\"@type\":\"WebSite\",\"@id\":\"https:\/\/svetslik.si\/hu\/#website\",\"url\":\"https:\/\/svetslik.si\/hu\/\",\"name\":\"SVETSLIK.SI\",\"description\":\"100%-ban k\u00e9zzel festett reprodukci\u00f3k h\u00edres fest\u0151k festm\u00e9nyeir\u0151l \u00e9s festm\u00e9nyekr\u0151l v\u00e1szonra.\",\"publisher\":{\"@id\":\"https:\/\/svetslik.si\/hu\/#organization\"},\"potentialAction\":[{\"@type\":\"SearchAction\",\"target\":{\"@type\":\"EntryPoint\",\"urlTemplate\":\"https:\/\/svetslik.si\/hu\/?s={search_term_string}\"},\"query-input\":{\"@type\":\"PropertyValueSpecification\",\"valueRequired\":true,\"valueName\":\"search_term_string\"}}],\"inLanguage\":\"hu\"},{\"@type\":\"Organization\",\"@id\":\"https:\/\/svetslik.si\/hu\/#organization\",\"name\":\"SvetSlik.si\",\"url\":\"https:\/\/svetslik.si\/hu\/\",\"logo\":{\"@type\":\"ImageObject\",\"inLanguage\":\"hu\",\"@id\":\"https:\/\/svetslik.si\/hu\/#\/schema\/logo\/image\/\",\"url\":\"https:\/\/svetslik.si\/wp-content\/uploads\/2020\/12\/logo-512.png\",\"contentUrl\":\"https:\/\/svetslik.si\/wp-content\/uploads\/2020\/12\/logo-512.png\",\"width\":512,\"height\":512,\"caption\":\"SvetSlik.si\"},\"image\":{\"@id\":\"https:\/\/svetslik.si\/hu\/#\/schema\/logo\/image\/\"},\"sameAs\":[\"https:\/\/www.facebook.com\/svetslik.si\",\"https:\/\/x.com\/svetslik\",\"https:\/\/www.instagram.com\/svetslik.si\/\",\"https:\/\/www.linkedin.com\/company\/svetslik-si\"]}]}<\/script>\n<meta property=\"og:availability\" content=\"backorder\" \/>\n<meta property=\"product:availability\" content=\"available for order\" \/>\n<meta property=\"product:retailer_item_id\" content=\"639__\" \/>\n<meta property=\"product:condition\" content=\"new\" \/>\n<!-- \/ Yoast SEO Premium plugin. -->","yoast_head_json":{"title":"Energetikus k\u00e9pek - B\u0151s\u00e9g energia - SVETSLIK.SI - 100% k\u00e9zzel festett","description":"K\u00e9zzel festett energiak\u00e9p v\u00e1sznon - Energetikus k\u00e9pek - B\u0151s\u00e9g energia -. A k\u00e9pet egyedi alkalmaz\u00e1sunk seg\u00edts\u00e9g\u00e9vel keretezheti be az oldalon.","robots":{"index":"index","follow":"follow","max-snippet":"max-snippet:-1","max-image-preview":"max-image-preview:large","max-video-preview":"max-video-preview:-1"},"canonical":"https:\/\/svetslik.si\/hu\/energiafestmenyek-1\/energetikus-kepek-boseg-energia\/","og_locale":"hu_HU","og_type":"article","og_title":"Energetikus k\u00e9pek - B\u0151s\u00e9g energia","og_description":"100% ro\u010dno naslikane slike na platnu, reprodukcije znanih slikarjev in umetni\u0161ke slike po naro\u010dilu.","og_url":"https:\/\/svetslik.si\/hu\/energiafestmenyek-1\/energetikus-kepek-boseg-energia\/","og_site_name":"SVETSLIK.SI","article_publisher":"https:\/\/www.facebook.com\/svetslik.si","article_modified_time":"2026-03-22T21:59:14+00:00","og_image":[{"width":680,"height":680,"url":"https:\/\/svetslik.si\/wp-content\/uploads\/2021\/08\/image_energija-obilja_680.jpg","type":"image\/jpeg"}],"twitter_card":"summary_large_image","twitter_site":"@svetslik","twitter_misc":{"El\u00e9rhet\u0151s\u00e9g":"Beszerz\u00e9s alatt"},"schema":{"@context":"https:\/\/schema.org","@graph":[{"@type":["WebPage","ItemPage"],"@id":"https:\/\/svetslik.si\/hu\/energiafestmenyek-1\/energetikus-kepek-boseg-energia\/","url":"https:\/\/svetslik.si\/hu\/energiafestmenyek-1\/energetikus-kepek-boseg-energia\/","name":"Energetikus k\u00e9pek - B\u0151s\u00e9g energia - SVETSLIK.SI - 100% k\u00e9zzel festett","isPartOf":{"@id":"https:\/\/svetslik.si\/hu\/#website"},"primaryImageOfPage":{"@id":"https:\/\/svetslik.si\/hu\/energiafestmenyek-1\/energetikus-kepek-boseg-energia\/#primaryimage"},"image":{"@id":"https:\/\/svetslik.si\/hu\/energiafestmenyek-1\/energetikus-kepek-boseg-energia\/#primaryimage"},"thumbnailUrl":"https:\/\/svetslik.si\/wp-content\/uploads\/2021\/08\/image_energija-obilja_680.jpg","datePublished":"2021-09-02T16:36:06+00:00","dateModified":"2026-03-22T21:59:14+00:00","description":"K\u00e9zzel festett energiak\u00e9p v\u00e1sznon - Energetikus k\u00e9pek - B\u0151s\u00e9g energia -. A k\u00e9pet egyedi alkalmaz\u00e1sunk seg\u00edts\u00e9g\u00e9vel keretezheti be az oldalon.","breadcrumb":{"@id":"https:\/\/svetslik.si\/hu\/energiafestmenyek-1\/energetikus-kepek-boseg-energia\/#breadcrumb"},"inLanguage":"hu","potentialAction":[{"@type":"ReadAction","target":["https:\/\/svetslik.si\/hu\/energiafestmenyek-1\/energetikus-kepek-boseg-energia\/"]}]},{"@type":"ImageObject","inLanguage":"hu","@id":"https:\/\/svetslik.si\/hu\/energiafestmenyek-1\/energetikus-kepek-boseg-energia\/#primaryimage","url":"https:\/\/svetslik.si\/wp-content\/uploads\/2021\/08\/image_energija-obilja_680.jpg","contentUrl":"https:\/\/svetslik.si\/wp-content\/uploads\/2021\/08\/image_energija-obilja_680.jpg","width":680,"height":680,"caption":"Energia falfestm\u00e9nyek v\u00e1szonra - A b\u0151s\u00e9g energi\u00e1ja - M\u0171v\u00e9szi fest\u00e9szet - modern festm\u00e9nyek, ambient falfestm\u00e9nyek, absztrakt festm\u00e9nyek, dekorat\u00edv falfestm\u00e9nyek, festm\u00e9nyek ad\u00e1sv\u00e9tele"},{"@type":"BreadcrumbList","@id":"https:\/\/svetslik.si\/hu\/energiafestmenyek-1\/energetikus-kepek-boseg-energia\/#breadcrumb","itemListElement":[{"@type":"ListItem","position":1,"name":"Wall art and paintings on canvas","item":"https:\/\/svetslik.si\/hu\/"},{"@type":"ListItem","position":2,"name":"Festm\u00e9nyek elad\u00e1sa","item":"https:\/\/svetslik.si\/prodaja-slik\/"},{"@type":"ListItem","position":3,"name":"Energetikus k\u00e9pek &#8211; B\u0151s\u00e9g energia"}]},{"@type":"WebSite","@id":"https:\/\/svetslik.si\/hu\/#website","url":"https:\/\/svetslik.si\/hu\/","name":"SVETSLIK.SI","description":"100%-ban k\u00e9zzel festett reprodukci\u00f3k h\u00edres fest\u0151k festm\u00e9nyeir\u0151l \u00e9s festm\u00e9nyekr\u0151l v\u00e1szonra.","publisher":{"@id":"https:\/\/svetslik.si\/hu\/#organization"},"potentialAction":[{"@type":"SearchAction","target":{"@type":"EntryPoint","urlTemplate":"https:\/\/svetslik.si\/hu\/?s={search_term_string}"},"query-input":{"@type":"PropertyValueSpecification","valueRequired":true,"valueName":"search_term_string"}}],"inLanguage":"hu"},{"@type":"Organization","@id":"https:\/\/svetslik.si\/hu\/#organization","name":"SvetSlik.si","url":"https:\/\/svetslik.si\/hu\/","logo":{"@type":"ImageObject","inLanguage":"hu","@id":"https:\/\/svetslik.si\/hu\/#\/schema\/logo\/image\/","url":"https:\/\/svetslik.si\/wp-content\/uploads\/2020\/12\/logo-512.png","contentUrl":"https:\/\/svetslik.si\/wp-content\/uploads\/2020\/12\/logo-512.png","width":512,"height":512,"caption":"SvetSlik.si"},"image":{"@id":"https:\/\/svetslik.si\/hu\/#\/schema\/logo\/image\/"},"sameAs":["https:\/\/www.facebook.com\/svetslik.si","https:\/\/x.com\/svetslik","https:\/\/www.instagram.com\/svetslik.si\/","https:\/\/www.linkedin.com\/company\/svetslik-si"]}]},"og_availability":"backorder","product_availability":"available for order","product_retailer_item_id":"639__","product_condition":"new"},"jetpack_sharing_enabled":true,"_links":{"self":[{"href":"https:\/\/svetslik.si\/hu\/wp-json\/wp\/v2\/product\/56454","targetHints":{"allow":["GET"]}}],"collection":[{"href":"https:\/\/svetslik.si\/hu\/wp-json\/wp\/v2\/product"}],"about":[{"href":"https:\/\/svetslik.si\/hu\/wp-json\/wp\/v2\/types\/product"}],"wp:featuredmedia":[{"embeddable":true,"href":"https:\/\/svetslik.si\/hu\/wp-json\/wp\/v2\/media\/49574"}],"wp:attachment":[{"href":"https:\/\/svetslik.si\/hu\/wp-json\/wp\/v2\/media?parent=56454"}],"wp:term":[{"taxonomy":"product_brand","embeddable":true,"href":"https:\/\/svetslik.si\/hu\/wp-json\/wp\/v2\/product_brand?post=56454"},{"taxonomy":"product_cat","embeddable":true,"href":"https:\/\/svetslik.si\/hu\/wp-json\/wp\/v2\/product_cat?post=56454"},{"taxonomy":"product_tag","embeddable":true,"href":"https:\/\/svetslik.si\/hu\/wp-json\/wp\/v2\/product_tag?post=56454"}],"curies":[{"name":"wp","href":"https:\/\/api.w.org\/{rel}","templated":true}]}}